{"id":37909,"date":"2012-05-06T16:34:57","date_gmt":"2012-05-06T21:34:57","guid":{"rendered":"https:\/\/www.generalkinematics.com\/qualitatssystem\/"},"modified":"2018-08-30T08:58:38","modified_gmt":"2018-08-30T13:58:38","slug":"qualitatssystem","status":"publish","type":"page","link":"https:\/\/www.generalkinematics.com\/de\/qualitatssystem\/","title":{"rendered":"Qualit\u00e4tssystem"},"content":{"rendered":"<h1>GKS VERPFLICHTUNG ZU QUALIT\u00c4T<\/h1>\n<h2>Wir sind ISO 9001:2015 zertifiziert, um h\u00f6chste Produkt-, Prozess- und Kundenzufriedenheit zu gew\u00e4hrleisten.<\/h2>\n<p>&nbsp;<\/p>\n<p>&nbsp;<\/p>\n<h2>KONTINUIERLICHE VERBESSERUNG<\/h2>\n<p>General Kinematics hat es sich zur Aufgabe gemacht, qualitativ hochwertige Produkte und Dienstleistungen anzubieten, die den Anforderungen unserer Kunden entsprechen. Wir arbeiten auf der Grundlage der Philosophie der <em>kontinuierlichen Verbesserung<\/em> mit dem Fokus auf <em>Qualit\u00e4t <\/em>als die Hauptdimension des Unternehmens.<\/p>\n<p class=\"bodytext\" align=\"left\"><span style=\"text-decoration: underline;\"><strong>Kundenorientierung<\/strong><\/span><\/p>\n<p>Qualit\u00e4t ist keine Abteilung von General Kinematics. Die Qualit\u00e4tsanforderungen sind in alle unsere Prozesse integriert und sind Bestandteil unserer Kultur &#8211; jeder einzelne Mitarbeiter bei GK ist f\u00fcr die Qualit\u00e4t unserer Produkte und Dienstleistungen verantwortlich. Wir konzentrieren uns auf unsere Kunden, weil nur unser Kunde Wert und Qualit\u00e4t definieren kann. Wir brauchen unsere Kunden, um ihre Ideen, Anforderungen und Anliegen zu kommunizieren. Daher messen wir die Qualit\u00e4t der Leistung an Hand der <em>Kundenzufriedenheit<\/em>.<\/p>\n<p class=\"bodytext\" align=\"left\"><span style=\"text-decoration: underline;\"><strong>Prozessverbesserung<\/strong><\/span><\/p>\n<p>General Kinematics investiert viel in Anlagen, Geb\u00e4ude und Inventar. Diese Investitionen allein machen unser Unternehmen jedoch nicht erfolgreich &#8211; DIES TUN UNSERE MITARBEITER. Wir streben in allen Betrieben nach kontinuierlicher Verbesserung und die Qualit\u00e4tsverbesserung wird von Experten erreicht: <em>Die<\/em> <em>Arbeiter, die dem Prozess am n\u00e4chsten sind.<\/em> Unsere Teams analysieren <em>die Art und Weise<\/em>, wie Aufgaben ausgef\u00fchrt werden und nicht nur, <em>welche<\/em> Aufgaben erledigt werden, um Verschwendung und Abweichungen zu vermeiden und einen organisierten und sicheren Arbeitsplatz zu erhalten. Wir beziehen auch unsere Subunternehmer und Lieferanten in Verbesserungsma\u00dfnahmen ein und schulen sie, damit sie unseren Qualit\u00e4tsanforderungen entsprechen.<\/p>\n<p class=\"bodytext\" align=\"left\"><span style=\"text-decoration: underline;\"><strong>ISO 9001: 2015 Registrierungszertifikat<\/strong><\/span><\/p>\n<p>Die Inspektion des <em>Prozesses <\/em>ist genauso wichtig wie die Inspektion des <em>Produkts<\/em>. General Kinematics stellt weiterhin sein Engagement f\u00fcr Qualit\u00e4t durch die Aufrechterhaltung der Registrierung nach ISO 9001 unter Beweis und im Jahr 2010 haben wir die Neuzertifizierung nach der neuen Norm ISO 9001:2015 abgeschlossen. Die ISO 9001 ist der international anerkannte Standard f\u00fcr das Qualit\u00e4tsmanagement von Unternehmen. Er unterst\u00fctzt unsere Ziele f\u00fcr die kontinuierliche Verbesserung und bietet einen von den Kunden anerkannten Standard, auf dessen Grundlage wir externe Agenturen damit beauftragen k\u00f6nnen, unsere Qualit\u00e4tssysteme zu \u00fcberpr\u00fcfen.<\/p>\n<p class=\"bodytext\" align=\"left\">Qualit\u00e4t wird h\u00e4ufig einfach als \u201eErf\u00fcllung oder \u00dcberschreitung von Kundenanforderungen\u201c definiert, und wir von General Kinematics verstehen das, weil &#8230; sich die Kundenanforderungen st\u00e4ndig \u00e4ndern und es immer M\u00f6glichkeiten geben wird, unsere Prozesse, Produkte und Dienstleistungen zu verbessern &#8230; dieses Qualit\u00e4tsmanagement wird nicht einfach durchgef\u00fchrt &#8211; es ist ein fortlaufender Weg der kontinuierlichen Verbesserung.<\/p>\n<p class=\"bodytext\" align=\"left\"><a href=\"https:\/\/greenhatgk-wpengine.netdna-ssl.com\/wp-content\/uploads\/2018\/08\/ISO-CERTIFICATE-2018-2021.pdf\" target=\"_blank\" rel=\"noopener\"><img decoding=\"async\" class=\"alignleft wp-image-42712 size-medium\" src=\"https:\/\/www.generalkinematics.com\/wp-content\/uploads\/2018\/08\/Capture-390x303.png\" alt=\"\" width=\"390\" height=\"303\" srcset=\"https:\/\/www.generalkinematics.com\/wp-content\/uploads\/2018\/08\/Capture-390x303.png 390w, https:\/\/www.generalkinematics.com\/wp-content\/uploads\/2018\/08\/Capture-768x596.png 768w, https:\/\/www.generalkinematics.com\/wp-content\/uploads\/2018\/08\/Capture-1024x795.png 1024w, https:\/\/www.generalkinematics.com\/wp-content\/uploads\/2018\/08\/Capture-300x233.png 300w, https:\/\/www.generalkinematics.com\/wp-content\/uploads\/2018\/08\/Capture.png 1176w\" sizes=\"(max-width: 639px) 98vw, (max-width: 1199px) 64vw, 390px\" \/><\/a><\/p>\n<p>&nbsp;<\/p>\n<p>&nbsp;<\/p>\n<p>&nbsp;<\/p>\n<p>&nbsp;<\/p>\n<p>&nbsp;<\/p>\n<p>&nbsp;<\/p>\n<p>&nbsp;<\/p>\n<p><span class=\"bodytext14\"><a href=\"https:\/\/greenhatgk-wpengine.netdna-ssl.com\/wp-content\/uploads\/2018\/08\/ISO-CERTIFICATE-2018-2021.pdf\" target=\"_blank\" rel=\"noopener\">Klicken Sie hier, um sich die neuesten ISO-Zertifikate anzusehen<\/a><\/span><\/p>\n","protected":false},"excerpt":{"rendered":"<p>GKS VERPFLICHTUNG ZU QUALIT\u00c4T Wir sind ISO 9001:2015 zertifiziert, um h\u00f6chste Produkt-, Prozess- und Kundenzufriedenheit zu gew\u00e4hrleisten. &nbsp; &nbsp; KONTINUIERLICHE VERBESSERUNG General Kinematics hat es sich zur Aufgabe gemacht, qualitativ hochwertige Produkte und Dienstleistungen anzubieten, die den Anforderungen unserer Kunden entsprechen. Wir arbeiten auf der Grundlage der Philosophie der kontinuierlichen Verbesserung mit dem Fokus auf [&hellip;]<\/p>\n","protected":false},"author":5,"featured_media":0,"parent":0,"menu_order":0,"comment_status":"closed","ping_status":"closed","template":"","meta":{"_acf_changed":false,"om_disable_all_campaigns":false,"ep_exclude_from_search":false,"footnotes":""},"class_list":["post-37909","page","type-page","status-publish","hentry"],"acf":[],"yoast_head":"<!-- This site is optimized with the Yoast SEO plugin v27.2 - https:\/\/yoast.com\/product\/yoast-seo-wordpress\/ -->\n<title>Qualit\u00e4tssystem<\/title>\n<meta name=\"robots\" content=\"index, follow, max-snippet:-1, max-image-preview:large, max-video-preview:-1\" \/>\n<link rel=\"canonical\" href=\"https:\/\/www.generalkinematics.com\/de\/qualitatssystem\/\" \/>\n<meta property=\"og:locale\" content=\"de_DE\" \/>\n<meta property=\"og:type\" content=\"article\" \/>\n<meta property=\"og:title\" content=\"Qualit\u00e4tssystem\" \/>\n<meta property=\"og:description\" content=\"GKS VERPFLICHTUNG ZU QUALIT\u00c4T Wir sind ISO 9001:2015 zertifiziert, um h\u00f6chste Produkt-, Prozess- und Kundenzufriedenheit zu gew\u00e4hrleisten. &nbsp; &nbsp; KONTINUIERLICHE VERBESSERUNG General Kinematics hat es sich zur Aufgabe gemacht, qualitativ hochwertige Produkte und Dienstleistungen anzubieten, die den Anforderungen unserer Kunden entsprechen. Wir arbeiten auf der Grundlage der Philosophie der kontinuierlichen Verbesserung mit dem Fokus auf [&hellip;]\" \/>\n<meta property=\"og:url\" content=\"https:\/\/www.generalkinematics.com\/de\/qualitatssystem\/\" \/>\n<meta property=\"og:site_name\" content=\"General Kinematics\" \/>\n<meta property=\"article:publisher\" content=\"https:\/\/www.facebook.com\/generalkinematics\" \/>\n<meta property=\"article:modified_time\" content=\"2018-08-30T13:58:38+00:00\" \/>\n<meta property=\"og:image\" content=\"https:\/\/www.generalkinematics.com\/wp-content\/uploads\/2018\/08\/Capture-390x303.png\" \/>\n<meta name=\"twitter:card\" content=\"summary_large_image\" \/>\n<meta name=\"twitter:site\" content=\"@gkvibrating\" \/>\n<meta name=\"twitter:label1\" content=\"Gesch\u00e4tzte Lesezeit\" \/>\n\t<meta name=\"twitter:data1\" content=\"2 Minuten\" \/>\n<!-- \/ Yoast SEO plugin. -->","yoast_head_json":{"title":"Qualit\u00e4tssystem","robots":{"index":"index","follow":"follow","max-snippet":"max-snippet:-1","max-image-preview":"max-image-preview:large","max-video-preview":"max-video-preview:-1"},"canonical":"https:\/\/www.generalkinematics.com\/de\/qualitatssystem\/","og_locale":"de_DE","og_type":"article","og_title":"Qualit\u00e4tssystem","og_description":"GKS VERPFLICHTUNG ZU QUALIT\u00c4T Wir sind ISO 9001:2015 zertifiziert, um h\u00f6chste Produkt-, Prozess- und Kundenzufriedenheit zu gew\u00e4hrleisten. &nbsp; &nbsp; KONTINUIERLICHE VERBESSERUNG General Kinematics hat es sich zur Aufgabe gemacht, qualitativ hochwertige Produkte und Dienstleistungen anzubieten, die den Anforderungen unserer Kunden entsprechen. Wir arbeiten auf der Grundlage der Philosophie der kontinuierlichen Verbesserung mit dem Fokus auf [&hellip;]","og_url":"https:\/\/www.generalkinematics.com\/de\/qualitatssystem\/","og_site_name":"General Kinematics","article_publisher":"https:\/\/www.facebook.com\/generalkinematics","article_modified_time":"2018-08-30T13:58:38+00:00","og_image":[{"url":"https:\/\/www.generalkinematics.com\/wp-content\/uploads\/2018\/08\/Capture-390x303.png","type":"","width":"","height":""}],"twitter_card":"summary_large_image","twitter_site":"@gkvibrating","twitter_misc":{"Gesch\u00e4tzte Lesezeit":"2 Minuten"},"schema":{"@context":"https:\/\/schema.org","@graph":[{"@type":"WebPage","@id":"https:\/\/www.generalkinematics.com\/de\/qualitatssystem\/","url":"https:\/\/www.generalkinematics.com\/de\/qualitatssystem\/","name":"Qualit\u00e4tssystem","isPartOf":{"@id":"https:\/\/www.generalkinematics.com\/de\/#website"},"primaryImageOfPage":{"@id":"https:\/\/www.generalkinematics.com\/de\/qualitatssystem\/#primaryimage"},"image":{"@id":"https:\/\/www.generalkinematics.com\/de\/qualitatssystem\/#primaryimage"},"thumbnailUrl":"https:\/\/www.generalkinematics.com\/wp-content\/uploads\/2018\/08\/Capture-390x303.png","datePublished":"2012-05-06T21:34:57+00:00","dateModified":"2018-08-30T13:58:38+00:00","breadcrumb":{"@id":"https:\/\/www.generalkinematics.com\/de\/qualitatssystem\/#breadcrumb"},"inLanguage":"de-DE","potentialAction":[{"@type":"ReadAction","target":["https:\/\/www.generalkinematics.com\/de\/qualitatssystem\/"]}]},{"@type":"ImageObject","inLanguage":"de-DE","@id":"https:\/\/www.generalkinematics.com\/de\/qualitatssystem\/#primaryimage","url":"https:\/\/www.generalkinematics.com\/wp-content\/uploads\/2018\/08\/Capture-390x303.png","contentUrl":"https:\/\/www.generalkinematics.com\/wp-content\/uploads\/2018\/08\/Capture-390x303.png"},{"@type":"BreadcrumbList","@id":"https:\/\/www.generalkinematics.com\/de\/qualitatssystem\/#breadcrumb","itemListElement":[{"@type":"ListItem","position":1,"name":"GK Home","item":"https:\/\/www.generalkinematics.com\/de\/"},{"@type":"ListItem","position":2,"name":"Qualit\u00e4tssystem"}]},{"@type":"WebSite","@id":"https:\/\/www.generalkinematics.com\/de\/#website","url":"https:\/\/www.generalkinematics.com\/de\/","name":"General Kinematics","description":"","publisher":{"@id":"https:\/\/www.generalkinematics.com\/de\/#organization"},"potentialAction":[{"@type":"SearchAction","target":{"@type":"EntryPoint","urlTemplate":"https:\/\/www.generalkinematics.com\/de\/?s={search_term_string}"},"query-input":{"@type":"PropertyValueSpecification","valueRequired":true,"valueName":"search_term_string"}}],"inLanguage":"de-DE"},{"@type":"Organization","@id":"https:\/\/www.generalkinematics.com\/de\/#organization","name":"General Kinematics","url":"https:\/\/www.generalkinematics.com\/de\/","logo":{"@type":"ImageObject","inLanguage":"de-DE","@id":"https:\/\/www.generalkinematics.com\/de\/#\/schema\/logo\/image\/","url":"https:\/\/media.generalkinematics.com\/wp-content\/uploads\/2018\/03\/logo.png","contentUrl":"https:\/\/media.generalkinematics.com\/wp-content\/uploads\/2018\/03\/logo.png","width":313,"height":100,"caption":"General Kinematics"},"image":{"@id":"https:\/\/www.generalkinematics.com\/de\/#\/schema\/logo\/image\/"},"sameAs":["https:\/\/www.facebook.com\/generalkinematics","https:\/\/x.com\/gkvibrating"]}]}},"_links":{"self":[{"href":"https:\/\/www.generalkinematics.com\/de\/wp-json\/wp\/v2\/pages\/37909","targetHints":{"allow":["GET"]}}],"collection":[{"href":"https:\/\/www.generalkinematics.com\/de\/wp-json\/wp\/v2\/pages"}],"about":[{"href":"https:\/\/www.generalkinematics.com\/de\/wp-json\/wp\/v2\/types\/page"}],"author":[{"embeddable":true,"href":"https:\/\/www.generalkinematics.com\/de\/wp-json\/wp\/v2\/users\/5"}],"replies":[{"embeddable":true,"href":"https:\/\/www.generalkinematics.com\/de\/wp-json\/wp\/v2\/comments?post=37909"}],"version-history":[{"count":0,"href":"https:\/\/www.generalkinematics.com\/de\/wp-json\/wp\/v2\/pages\/37909\/revisions"}],"wp:attachment":[{"href":"https:\/\/www.generalkinematics.com\/de\/wp-json\/wp\/v2\/media?parent=37909"}],"curies":[{"name":"wp","href":"https:\/\/api.w.org\/{rel}","templated":true}]}}