{"id":37910,"date":"2012-05-08T19:26:26","date_gmt":"2012-05-09T00:26:26","guid":{"rendered":"https:\/\/www.generalkinematics.com\/datenschutz-und-impressum\/"},"modified":"2018-08-31T09:03:04","modified_gmt":"2018-08-31T14:03:04","slug":"datenschutz-und-impressum","status":"publish","type":"page","link":"https:\/\/www.generalkinematics.com\/de\/datenschutz-und-impressum\/","title":{"rendered":"Datenschutz und Impressum"},"content":{"rendered":"<div class=\"wpb-content-wrapper\"><p>[vc_row][vc_column][vc_column_text]General Kinematics Corporation beh\u00e4lt sich alle Urheberrechte an Texten, Grafiken und Software der General Kinematics Corporation vor und erm\u00e4chtigt Sie die hier ver\u00f6ffentlichten Dokumente ausschlie\u00dflich zum Zweck der \u00dcbertragung oder Ansicht der Informationen elektronisch zu kopieren. Sie d\u00fcrfen keine Dateien auf dieser Website spiegeln, \u00e4ndern oder anderweitig \u00e4ndern, um sie erneut zu \u00fcbertragen oder die darin enthaltenen Informationen ohne schriftliche Genehmigung von General Kinematics Corporation auszudrucken. Sofern nicht ausdr\u00fccklich anders angegeben, ist nichts in diesem Dokument so auszulegen, dass eine Lizenz oder ein Recht unter einem Copyright, Patent oder Warenzeichen von General Kinematics Corporation \u00fcbertragen wird.<\/p>\n<p>General Kinematics Corporation, ihre jeweiligen Logos, sowie die hierin verwendete Firmen- und Produktidentit\u00e4t sind Marken von General Kinematics Corporation und d\u00fcrfen nicht ohne Genehmigung verwendet werden. General Kinematics Corporation ist ein eingetragenes Warenzeichen der General Kinematics Corporation, 5050 Rickert Rd., Crystal Lake, IL 60014, Vereinigte Staaten von Amerika.<\/p>\n<h2>IMPRESSUM<\/h2>\n<p>Die Informationen in dieser Ver\u00f6ffentlichung, einschlie\u00dflich Text, Bilder und Links, werden von der GENERAL KINEMATICS CORPORATION \u201eOHNE M\u00c4NGELGEW\u00c4HR\u201c AUSSCHLIESSLICH ALS H\u00c4NDLER UND KUNDEN OHNE JEGLICHE GARANTIE, WEDER AUSDR\u00dcCKLICH NOCH STILLSCHWEIGEND, EINSCHLIESSLICH, ABER NICHT BESCHR\u00c4NKT AUF DIE STILLSCHWEIGENDEN GEW\u00c4HRLEISTUNGEN DER MARKF\u00c4HIGKEIT, EIGNUNG F\u00dcR EINEN BESTIMMTEN ZWECK ODER NICHTVERLETZUNG VON RECHTEN DRITTER, ZUR VERF\u00dcGUNG GESTELLT. General Kinematics Corporation \u00fcbernimmt keine Haftung f\u00fcr Fehler oder Auslassungen in dieser Ver\u00f6ffentlichung oder anderen Dokumenten, auf die in dieser Ver\u00f6ffentlichung verwiesen wird oder die mit dieser verkn\u00fcpft sind. Diese Ver\u00f6ffentlichung k\u00f6nnte technische oder andere Ungenauigkeiten enthalten, und nicht alle Produkte oder Dienstleistungen, auf die hier verwiesen wird, sind in allen Bereichen verf\u00fcgbar. \u00c4nderungen werden regelm\u00e4\u00dfig zu den Informationen hinzugef\u00fcgt, und die General Kinematics Corporation kann die in dieser Ver\u00f6ffentlichung beschriebenen Produkte oder Dienstleistungen jederzeit nach eigenem Ermessen \u00e4ndern. F\u00fcr weitere Informationen wenden Sie sich bitte an Ihren \u00f6rtlichen General Kinematics Corporation-H\u00e4ndler, bevor Sie sich auf die hierin enthaltenen Informationen verlassen.<\/p>\n<p>Im Falle, dass Sie sich dazu entschlie\u00dfen, direkt mit Kommentaren, Fragen, Vorschl\u00e4gen, Ideen oder \u00c4hnlichem auf dieser Website oder den Produkten und Dienstleistungen der General Kinematics Corporation auf General Kinematics Corporation zu reagieren, stimmen Sie zu, dass diese Informationen als nicht vertraulich gelten und General Kinematics Corporation nicht verpflichtet ist, zu antworten und frei ist, die Informationen ohne Einschr\u00e4nkung nach eigenem Ermessen zu reproduzieren, zu verwenden, offenzulegen und zu verteilen, einschlie\u00dflich, aber nicht beschr\u00e4nkt auf die Entwicklung, Herstellung und Vermarktung von Produkten, die solche Informationen enthalten.<\/p>\n<h2>WEBSITE-DATENSCHUTZERKL\u00c4RUNG<\/h2>\n<p>General Kinematics Corporation ist bestrebt, Kunden, H\u00e4ndlern und Lieferanten die besten Produkte und Dienstleistungen in diesem Bereich und online zur Verf\u00fcgung zu stellen. Wir haben Sie nach Ihrer pers\u00f6nlichen Identit\u00e4tsinformation gefragt, daher m\u00f6chten wir, dass Sie wissen, wof\u00fcr wir sie verwenden.<\/p>\n<p><strong><a title=\"Datenschutzrichtlinie\" href=\"https:\/\/www.generalkinematics.com\/de\/datenschutzrichtlinie\/\" target=\"_blank\" rel=\"noopener\">Sehen Sie sich unsere vollst\u00e4ndige Datenschutzrichtlinie hier an.<\/a><\/strong><\/p>\n<h2>URHEBERRECHT<\/h2>\n<p>\u00a92018 Allgemeine Kinematics Corp. Alle Rechte vorbehalten.<\/p>\n<p>General Kinematics Corporation respektiert die Rechte aller Urheberrechtsinhaber und in dieser Hinsicht hat die General Kinematics Corporation eine Richtlinie angenommen und implementiert, die die Entfernung von Materialien von ihrer Website vorsieht, die die Rechte von Urheberrechtsinhabern verletzen. Wenn Sie der Ansicht sind, dass Ihre Arbeit in einer Weise kopiert wurde, die eine Urheberrechtsverletzung darstellt, stellen Sie dem General Agent der Kinematics Corporation bitte folgende Informationen zur Verf\u00fcgung, die gem\u00e4\u00df dem Gesetz zum Schutz der Urheberrechtsverletzung des Digital Millennium Copyright Act, 17 U.S.C. 512 erforderlich sind:\u00a0Eine physische oder elektronische Unterschrift einer Person, die befugt ist, im Namen des Inhabers eines ausschlie\u00dflichen Rechts zu handeln, das angeblich verletzt wurde; Identifizierung der urheberrechtlich gesch\u00fctzten Werke, die angeblich verletzt wurden, oder, wenn mehrere urheberrechtlich gesch\u00fctzte Werke auf einer einzelnen Website durch eine einzige Benachrichtigung abgedeckt sind, eine repr\u00e4sentative Liste solcher Werke auf dieser Website; Identifizierung des Materials, von dem behauptet wird, dass es rechtswidrig ist oder Gegenstand einer Verletzungst\u00e4tigkeit ist und das entfernt werden soll oder dessen Zugang verhindert werden soll, und Informationen, die ausreichend sind, um uns das Auffinden des Materials zu erm\u00f6glichen; ausreichende Informationen, um es uns zu erm\u00f6glichen, den Beschwerdef\u00fchrer zu kontaktieren; Eine Erkl\u00e4rung, dass die beschwerdef\u00fchrende Partei in gutem Glauben davon \u00fcberzeugt ist, dass die Verwendung des Materials in der beanstandeten Weise nicht vom Urheberrechtsinhaber, seinem Vertreter oder dem Gesetz genehmigt wurde; und eine Erkl\u00e4rung, dass die Informationen in der Benachrichtigung korrekt sind, und unter Strafe des Meineids, dass die beschwerdef\u00fchrende Partei befugt ist, im Namen des Inhabers eines ausschlie\u00dflichen Rechts zu handeln, das angeblich verletzt wurde.<\/p>\n<h2>GENERAL KINEMATICS HANDELSMARKEN<\/h2>\n<ul>\n<li>CD-EXPRESS\u00ae-Recyclingsysteme<\/li>\n<li>CD-XL\u2122-Recyclingsysteme<\/li>\n<li>DE-STONER\u00ae-Luftsichter<\/li>\n<li>DUCTA-CLEAN\u00ae-Medien-Drehtrommel<\/li>\n<li>DUCTA-COOL\u2122-Drehtrommeln<\/li>\n<li>DUCTA-SCREEN\u2122-Drehtrennsysteme<\/li>\n<li>DUCTA-CLEAN\u00ae-Gie\u00dferei-Drehtrommel<\/li>\n<li>DUCTA-SPRUE\u00ae-Anguss-Drehm\u00fchle<\/li>\n<li>FINGER-SCREEN\u2122-Vibrationstrennsystem<\/li>\n<li>GENERAL KINEMATICS\u00ae-Vibrations-Equipment (Siehe Entwurf)<\/li>\n<li>GENERAL KINEMATICS CORPORATION\u00ae (Siehe Entwurf)<\/li>\n<li>GKPARTS.COM\u00ae-Ersatzteile (Siehe Entwurf)<\/li>\n<li>GK\u2122-Vibrations-Equipment \u2013 Logosymbol (Siehe Entwurf)<\/li>\n<li>HULA-HOPPER\u00ae-Beh\u00e4lter-Aktivierungsanlage<\/li>\n<li>GENERAL KINEMATICS\u00ae-Vibrations-Equipment<\/li>\n<li>KWIXTROK\u2122-Vibrationsf\u00f6rderer<\/li>\n<li>MINI-MRF\u2122-Recyclingsysteme<\/li>\n<li>OMNI-SCREENER\u2122-Vibrationssieb<\/li>\n<li>PARA-MOUNT II\u00ae-Vibrations-Beschickungsanlagen<\/li>\n<li><span style=\"line-height: 1.5;\">PARA-MOUNT II\u00ae-Vibrations-Beschickungsanlage<\/span><\/li>\n<li><span style=\"line-height: 1.5;\">PARA-MOUNT III\u2122-Vibrations-Beschickungsanlagen<\/span><\/li>\n<li><span style=\"line-height: 1.5;\">PARA-MOUNT IV\u2122-Vibrations-Beschickungsanlagen<\/span><\/li>\n<li><span style=\"line-height: 1.5;\">SPIRA-COOL\u00ae-Gussteil-K\u00fchlf\u00f6rderer<\/span><\/li>\n<li><span style=\"line-height: 1.5;\">SPRAY-COOL\u2122-Wasserzufuhr<\/span><\/li>\n<li><span style=\"line-height: 1.5;\">STM-SERIES\u00ae-Heavy-duty-Siebe<\/span><\/li>\n<li><span style=\"line-height: 1.5;\">STM-SCREEN\u2122-Zwei-Massen-Vibrationssiebe<\/span><\/li>\n<li><span style=\"line-height: 1.5;\">SXS SCREEN\u00ae-Vibrationsiebanlage<\/span><\/li>\n<li><span style=\"line-height: 1.5;\">SYNCRO-COIL\u00ae-Vibrationsf\u00f6rdererantrieb<\/span><\/li>\n<li><span style=\"line-height: 1.5;\">SYNCRO-FLEX\u00ae-Vibrationsf\u00f6rdererantrieb<\/span><\/li>\n<li><span style=\"line-height: 1.5;\">SYNCRO SHEAR\u00ae-Vibrationsf\u00f6rdererantrieb (mit Bindestrich nachzuf\u00fcllen)<\/span><\/li>\n<li>TRENCHVEYOR\u2122-Vibrationsf\u00f6rderer<\/li>\n<li><span style=\"line-height: 1.5;\">TWO-WAY\u2122-Bi-direktionale Beschickungsanlage<\/span><\/li>\n<li><span style=\"line-height: 1.5;\">UN-COALER\u00ae-Aktivierungs-\/Beschickungsanlage<\/span><\/li>\n<li><span style=\"line-height: 1.5;\">VIBRA-BELT\u00ae-Vibrationsf\u00f6rderer<\/span><\/li>\n<li>VIBRA-CLAIM\u00ae-Trennungs-\/Reibungsm\u00fchle<\/li>\n<li><span style=\"line-height: 1.5;\">VIBRA-CLEAN\u2122-Medium-Vibrationstrommel<\/span><\/li>\n<li>VIBRA-DRUM\u00ae-Sand und Gussteilaufbereitungsanlage<\/li>\n<li>VIBRA-FIN\u2122-Sch\u00fcttgutk\u00fchler<\/li>\n<li><span style=\"line-height: 1.5;\">VIBRA-FLOW\u2122-Aktivierungs-\/Beschickungsanlage<\/span><\/li>\n<li><span style=\"line-height: 1.5;\">VIBRA-MAX\u00ae-Vibrationsmotoren<\/span><\/li>\n<li><span style=\"line-height: 1.5;\">VIBRA-MILL\u00ae-Sandwiederaufbereitungsanlage<\/span><\/li>\n<li><span style=\"line-height: 1.5;\">VIBRA-PACK\u2122-Versandheh\u00e4lterverdichter<\/span><\/li>\n<li><span style=\"line-height: 1.5;\">V-TROUGH\u00ae-Geneigter Vibrationsf\u00f6rderer<\/span><\/li>\n<\/ul>\n<p>[\/vc_column_text][\/vc_column][\/vc_row]<\/p>\n<\/div>","protected":false},"excerpt":{"rendered":"<p>[vc_row][vc_column][vc_column_text]General Kinematics Corporation beh\u00e4lt sich alle Urheberrechte an Texten, Grafiken und Software der General Kinematics Corporation vor und erm\u00e4chtigt Sie die hier ver\u00f6ffentlichten Dokumente ausschlie\u00dflich zum Zweck der \u00dcbertragung oder Ansicht der Informationen elektronisch zu kopieren. Sie d\u00fcrfen keine Dateien auf dieser Website spiegeln, \u00e4ndern oder anderweitig \u00e4ndern, um sie erneut zu \u00fcbertragen oder die [&hellip;]<\/p>\n","protected":false},"author":5,"featured_media":0,"parent":0,"menu_order":0,"comment_status":"open","ping_status":"closed","template":"","meta":{"_acf_changed":false,"om_disable_all_campaigns":false,"ep_exclude_from_search":false,"footnotes":""},"class_list":["post-37910","page","type-page","status-publish","hentry"],"acf":[],"yoast_head":"<!-- This site is optimized with the Yoast SEO plugin v27.2 - https:\/\/yoast.com\/product\/yoast-seo-wordpress\/ -->\n<title>Datenschutz und Impressum | General Kinematics<\/title>\n<meta name=\"robots\" content=\"index, follow, max-snippet:-1, max-image-preview:large, max-video-preview:-1\" \/>\n<link rel=\"canonical\" href=\"https:\/\/www.generalkinematics.com\/de\/datenschutz-und-impressum\/\" \/>\n<meta property=\"og:locale\" content=\"de_DE\" \/>\n<meta property=\"og:type\" content=\"article\" \/>\n<meta property=\"og:title\" content=\"Datenschutz und Impressum | General Kinematics\" \/>\n<meta property=\"og:description\" content=\"[vc_row][vc_column][vc_column_text]General Kinematics Corporation beh\u00e4lt sich alle Urheberrechte an Texten, Grafiken und Software der General Kinematics Corporation vor und erm\u00e4chtigt Sie die hier ver\u00f6ffentlichten Dokumente ausschlie\u00dflich zum Zweck der \u00dcbertragung oder Ansicht der Informationen elektronisch zu kopieren. Sie d\u00fcrfen keine Dateien auf dieser Website spiegeln, \u00e4ndern oder anderweitig \u00e4ndern, um sie erneut zu \u00fcbertragen oder die [&hellip;]\" \/>\n<meta property=\"og:url\" content=\"https:\/\/www.generalkinematics.com\/de\/datenschutz-und-impressum\/\" \/>\n<meta property=\"og:site_name\" content=\"General Kinematics\" \/>\n<meta property=\"article:publisher\" content=\"https:\/\/www.facebook.com\/generalkinematics\" \/>\n<meta property=\"article:modified_time\" content=\"2018-08-31T14:03:04+00:00\" \/>\n<meta property=\"og:image\" content=\"https:\/\/media.generalkinematics.com\/wp-content\/uploads\/2017\/07\/GK-Icon.png\" \/>\n\t<meta property=\"og:image:width\" content=\"3000\" \/>\n\t<meta property=\"og:image:height\" content=\"3000\" \/>\n\t<meta property=\"og:image:type\" content=\"image\/jpeg\" \/>\n<meta name=\"twitter:card\" content=\"summary_large_image\" \/>\n<meta name=\"twitter:site\" content=\"@gkvibrating\" \/>\n<meta name=\"twitter:label1\" content=\"Gesch\u00e4tzte Lesezeit\" \/>\n\t<meta name=\"twitter:data1\" content=\"5 Minuten\" \/>\n<!-- \/ Yoast SEO plugin. -->","yoast_head_json":{"title":"Datenschutz und Impressum | General Kinematics","robots":{"index":"index","follow":"follow","max-snippet":"max-snippet:-1","max-image-preview":"max-image-preview:large","max-video-preview":"max-video-preview:-1"},"canonical":"https:\/\/www.generalkinematics.com\/de\/datenschutz-und-impressum\/","og_locale":"de_DE","og_type":"article","og_title":"Datenschutz und Impressum | General Kinematics","og_description":"[vc_row][vc_column][vc_column_text]General Kinematics Corporation beh\u00e4lt sich alle Urheberrechte an Texten, Grafiken und Software der General Kinematics Corporation vor und erm\u00e4chtigt Sie die hier ver\u00f6ffentlichten Dokumente ausschlie\u00dflich zum Zweck der \u00dcbertragung oder Ansicht der Informationen elektronisch zu kopieren. Sie d\u00fcrfen keine Dateien auf dieser Website spiegeln, \u00e4ndern oder anderweitig \u00e4ndern, um sie erneut zu \u00fcbertragen oder die [&hellip;]","og_url":"https:\/\/www.generalkinematics.com\/de\/datenschutz-und-impressum\/","og_site_name":"General Kinematics","article_publisher":"https:\/\/www.facebook.com\/generalkinematics","article_modified_time":"2018-08-31T14:03:04+00:00","og_image":[{"width":3000,"height":3000,"url":"https:\/\/media.generalkinematics.com\/wp-content\/uploads\/2017\/07\/GK-Icon.png","type":"image\/jpeg"}],"twitter_card":"summary_large_image","twitter_site":"@gkvibrating","twitter_misc":{"Gesch\u00e4tzte Lesezeit":"5 Minuten"},"schema":{"@context":"https:\/\/schema.org","@graph":[{"@type":"WebPage","@id":"https:\/\/www.generalkinematics.com\/de\/datenschutz-und-impressum\/","url":"https:\/\/www.generalkinematics.com\/de\/datenschutz-und-impressum\/","name":"Datenschutz und Impressum | General Kinematics","isPartOf":{"@id":"https:\/\/www.generalkinematics.com\/de\/#website"},"datePublished":"2012-05-09T00:26:26+00:00","dateModified":"2018-08-31T14:03:04+00:00","breadcrumb":{"@id":"https:\/\/www.generalkinematics.com\/de\/datenschutz-und-impressum\/#breadcrumb"},"inLanguage":"de-DE","potentialAction":[{"@type":"ReadAction","target":["https:\/\/www.generalkinematics.com\/de\/datenschutz-und-impressum\/"]}]},{"@type":"BreadcrumbList","@id":"https:\/\/www.generalkinematics.com\/de\/datenschutz-und-impressum\/#breadcrumb","itemListElement":[{"@type":"ListItem","position":1,"name":"GK Home","item":"https:\/\/www.generalkinematics.com\/de\/"},{"@type":"ListItem","position":2,"name":"Datenschutz und Impressum"}]},{"@type":"WebSite","@id":"https:\/\/www.generalkinematics.com\/de\/#website","url":"https:\/\/www.generalkinematics.com\/de\/","name":"General Kinematics","description":"","publisher":{"@id":"https:\/\/www.generalkinematics.com\/de\/#organization"},"potentialAction":[{"@type":"SearchAction","target":{"@type":"EntryPoint","urlTemplate":"https:\/\/www.generalkinematics.com\/de\/?s={search_term_string}"},"query-input":{"@type":"PropertyValueSpecification","valueRequired":true,"valueName":"search_term_string"}}],"inLanguage":"de-DE"},{"@type":"Organization","@id":"https:\/\/www.generalkinematics.com\/de\/#organization","name":"General Kinematics","url":"https:\/\/www.generalkinematics.com\/de\/","logo":{"@type":"ImageObject","inLanguage":"de-DE","@id":"https:\/\/www.generalkinematics.com\/de\/#\/schema\/logo\/image\/","url":"https:\/\/media.generalkinematics.com\/wp-content\/uploads\/2018\/03\/logo.png","contentUrl":"https:\/\/media.generalkinematics.com\/wp-content\/uploads\/2018\/03\/logo.png","width":313,"height":100,"caption":"General Kinematics"},"image":{"@id":"https:\/\/www.generalkinematics.com\/de\/#\/schema\/logo\/image\/"},"sameAs":["https:\/\/www.facebook.com\/generalkinematics","https:\/\/x.com\/gkvibrating"]}]}},"_links":{"self":[{"href":"https:\/\/www.generalkinematics.com\/de\/wp-json\/wp\/v2\/pages\/37910","targetHints":{"allow":["GET"]}}],"collection":[{"href":"https:\/\/www.generalkinematics.com\/de\/wp-json\/wp\/v2\/pages"}],"about":[{"href":"https:\/\/www.generalkinematics.com\/de\/wp-json\/wp\/v2\/types\/page"}],"author":[{"embeddable":true,"href":"https:\/\/www.generalkinematics.com\/de\/wp-json\/wp\/v2\/users\/5"}],"replies":[{"embeddable":true,"href":"https:\/\/www.generalkinematics.com\/de\/wp-json\/wp\/v2\/comments?post=37910"}],"version-history":[{"count":0,"href":"https:\/\/www.generalkinematics.com\/de\/wp-json\/wp\/v2\/pages\/37910\/revisions"}],"wp:attachment":[{"href":"https:\/\/www.generalkinematics.com\/de\/wp-json\/wp\/v2\/media?parent=37910"}],"curies":[{"name":"wp","href":"https:\/\/api.w.org\/{rel}","templated":true}]}}