{"id":37913,"date":"2014-03-12T14:07:57","date_gmt":"2014-03-12T19:07:57","guid":{"rendered":"https:\/\/www.generalkinematics.com\/einkaufsoptionen-und-bedingungen\/"},"modified":"2022-11-10T10:11:17","modified_gmt":"2022-11-10T16:11:17","slug":"einkaufsoptionen-und-bedingungen","status":"publish","type":"page","link":"https:\/\/www.generalkinematics.com\/de\/einkaufsoptionen-und-bedingungen\/","title":{"rendered":"Einkaufsoptionen und Bedingungen"},"content":{"rendered":"<p>Nachfolgend werden die Allgemeinen Gesch\u00e4ftsbedingungen von General Kinematics Corporation, Kaufoptionen und aufgef\u00fchrt. Bitte beachten Sie, dass sich diese ohne Vorank\u00fcndigung \u00e4ndern k\u00f6nnen und die Zahlungsbedingungen des Angebots mit dem genehmigtem Kredit und geltendem Kreditlimit pro Kunde gelten. Informationen zu den aktuellen Bestellbedingungen und Richtlinien erhalten Sie von Ihrem General Kinematics-Vertriebsmitarbeiter.<\/p>\n<h2>Bestellung per Post, Telefon, Fax oder E-Mail:<\/h2>\n<p><strong><span style=\"color: #b1070c;\">General Kinematics Unternehmenssitz<\/span><\/strong><\/p>\n<p><strong>TELEFON:<\/strong> 1+ (815) 455-3222<\/p>\n<p>montags bis freitags<\/p>\n<p>von 8:00 AM bis 4:45 PM, Eastern Standard Time,<\/p>\n<p>f\u00fcr Ihre telefonischen Bestellungen.<\/p>\n<p><strong>FAX:<\/strong> 1+ (815) 455-2285<\/p>\n<p><strong>E-MAIL:<\/strong> mail@generalkinematics.com<\/p>\n<p><strong>BRIEFPOST:<\/strong><\/p>\n<p>General Kinematics Corporation<\/p>\n<p>5050 Rickert Rd.<\/p>\n<p>Crystal Lake, IL 60014<\/p>\n<p><strong><span style=\"color: #b1070c;\">GK Europe GmbH<\/span><\/strong><\/p>\n<p><strong>TELEFON:<\/strong> +49+ (0) 54225010<\/p>\n<p>montags bis freitags<\/p>\n<p>von 8:00 AM bis 4:45 PM, Eastern Standard Time,<\/p>\n<p>f\u00fcr Ihre telefonischen Bestellungen.<\/p>\n<p><strong>FAX:<\/strong> +49+ (0) 54225015<\/p>\n<p><strong>E-MAIL:<\/strong> mail@generalkinematics.com<\/p>\n<p><strong>BRIEFPOST:<\/strong><\/p>\n<p>GK Europe GmbH<\/p>\n<p>M\u00fcndelheimer Weg 37<\/p>\n<p>40472\u00a0D\u00fcsseldorf<\/p>\n<p>Deutschland<\/p>\n<h2>Kauf mit Kreditkarte<\/h2>\n<p>W\u00e4hrend viele Unternehmen keine Kreditkarten akzeptieren oder C.O.D.-Bestellungen nicht bearbeiten, m\u00f6chten wir unseren Kunden so viele Zahlungsm\u00f6glichkeiten wie m\u00f6glich anbieten. Bitte beachten Sie, dass f\u00fcr alle Kreditkartenzahlungen eine Servicegeb\u00fchr von 3 % anf\u00e4llt. (Keine Mindestbestellmenge.)<\/p>\n<p><strong>Kreditkartenk\u00e4ufe<\/strong><\/p>\n<p>&nbsp;<\/p>\n<p>General Kinematics akzeptiert die folgenden Kreditkarten:<\/p>\n<p><img decoding=\"async\" class=\"alignleft wp-image-12670\" src=\"https:\/\/www.generalkinematics.com\/wp-content\/uploads\/2014\/03\/creditcards-390x85.png\" alt=\"Kreditkarten\" width=\"133\" height=\"29\" srcset=\"https:\/\/www.generalkinematics.com\/wp-content\/uploads\/2014\/03\/creditcards-390x85.png 390w, https:\/\/www.generalkinematics.com\/wp-content\/uploads\/2014\/03\/creditcards-300x65.png 300w, https:\/\/www.generalkinematics.com\/wp-content\/uploads\/2014\/03\/creditcards-768x166.png 768w, https:\/\/www.generalkinematics.com\/wp-content\/uploads\/2014\/03\/creditcards-1024x222.png 1024w, https:\/\/www.generalkinematics.com\/wp-content\/uploads\/2014\/03\/creditcards.png 1200w\" sizes=\"(max-width: 639px) 98vw, (max-width: 1199px) 64vw, 133px\" \/><\/p>\n<p>&nbsp;<\/p>\n<p>Dar\u00fcber hinaus akzeptiert General Kinematics ACH, EFT und \u00dcberweisungen. Bitte fragen Sie Ihren lokalen Vertriebsmitarbeiter nach unserer Bankverbindung.<\/p>\n<h2>Miet-\/Leasing-Programm<\/h2>\n<p>GK bietet Leihger\u00e4te zum Testen in Ihrer Einrichtung an. Bitte kontaktieren Sie GK direkt f\u00fcr aktuelle Mietpreise und Richtlinien.<\/p>\n<h2>R\u00fccknahmegarantie<\/h2>\n<p><strong>GENERAL KINEMATICS<\/strong> m\u00f6chte seine Kunden durch einen optimalen Kundendienst unterst\u00fctzen, weshalb f\u00fcr eine praktische und flexible Vorgehensweise bei der R\u00fcckgabe von Waren folgenden Bedingungen gelten. Durch diese Vorgehensweise wird ein schneller und effizienter Service sichergestellt.<\/p>\n<p><span style=\"color: #b1070c;\">Bitte beachten Sie, dass f\u00fcr Standardteile eine R\u00fcckgabefrist von 30 Tagen gilt.<\/span><\/p>\n<p>EINE R\u00dcCKGABE IST IN FOLGENDEN F\u00c4LLEN M\u00d6GLICH:<\/p>\n<p style=\"padding-left: 30px;\">&#8211; Der Kunde hat versehentlich falsche Produkte bestellt. (Vorbehaltlich einer R\u00fccknahmegeb\u00fchr von <strong><span style=\"color: #b1070c;\">20 %<\/span><\/strong>)<\/p>\n<p>&nbsp;<\/p>\n<p style=\"padding-left: 30px;\">&#8211; Es wurden falsche oder fehlerhafte Produkte an den Kunden geliefert.<\/p>\n<p>&nbsp;<\/p>\n<p style=\"padding-left: 30px;\">&#8211; Reparatur oder Nachr\u00fcstung vorhandener Produkte.<\/p>\n<p>&nbsp;<\/p>\n<p style=\"padding-left: 30px;\">&#8211; Es wurden die richtigen Produkte bestellt, diese sind jedoch nicht mehr erw\u00fcnscht oder nicht geeignet. (Vorbehaltlich einer R\u00fccknahmegeb\u00fchr von <strong><span style=\"color: #b1070c;\">20 %<\/span><\/strong>)<\/p>\n<p>&nbsp;<\/p>\n<p style=\"padding-left: 30px;\">&#8211; Elektronische Produkte, die eine der oben genannten Situationen erf\u00fcllen, jedoch nur UNBENUTZTE Produkte.<\/p>\n<p>&nbsp;<\/p>\n<p style=\"padding-left: 30px;\">&#8211; R\u00fcckgaben von Motoren unterliegen einer der oben genannten Situationen.<\/p>\n<p>&nbsp;<\/p>\n<p style=\"padding-left: 30px;\">&#8211; Sonderbestellungen unterliegen einer besonderen Situation und bed\u00fcrfen der schriftlichen Zustimmung von GKC.<\/p>\n<p><span style=\"text-decoration: underline;\"><strong>R\u00dcCKGABEVERFAHREN:<\/strong><\/span><\/p>\n<p>&nbsp;<\/p>\n<p>(1) Vor der R\u00fcckgabe von Waren muss der Kunde eine Autorisierungsnummer zur Warenr\u00fcckgabe <strong>(RMA #)<\/strong> von General Kinematics anfordern.<\/p>\n<p>&nbsp;<\/p>\n<p>(2) F\u00fcr die Anforderung einer RMA # muss sich der Kunde mit der Kundendienstabteilung in Verbindung setzen. Hierzu stehen folgende M\u00f6glichkeiten zur Auswahl:<\/p>\n<p style=\"padding-left: 30px;\"><strong>General Kinematics (USA)<\/strong><\/p>\n<p>T: +1 815-455-3222 F: 815-479-9098<\/p>\n<p>Postanschrift: General Kinematics Corporation<\/p>\n<p>ATTN: Customer Service Department &#8211; RMA #<\/p>\n<p>5050 Rickert Road, Crystal Lake, IL 60014<\/p>\n<p style=\"padding-left: 30px;\"><strong>GKE Europe GmbH<\/strong><\/p>\n<p>P:+49 (0)211 542250 10 F:+49(0)211 542250 15<\/p>\n<p>Postanschrift: GK Europe GmbH<\/p>\n<p>Z. Hd.: Customer Service Department &#8211; RMA #<\/p>\n<p>M\u00fcndelheimer Weg 37<\/p>\n<p>40472 D\u00fcsseldorf\u00a0Deutschland<\/p>\n<p>&nbsp;<\/p>\n<p>&nbsp;<\/p>\n<p>(3) Zur\u00fcckgegebene Waren m\u00fcssen entsprechend gekennzeichnet sein, und der Grund f\u00fcr die R\u00fcckgabe muss <strong>eindeutig<\/strong> angegeben werden.<\/p>\n<p>&nbsp;<\/p>\n<p>(4) F\u00fcr alle zur\u00fcckgegebenen Waren m\u00fcssen die Transportkosten <strong>IM VORAUS BEZAHLT<\/strong> werden, au\u00dfer dies wurde bei der Zuteilung der RMA# anderweitig vereinbart. Nach \u00dcberpr\u00fcfung der zur\u00fcckgegebenen Waren erh\u00e4lt der Kunde bei Vorlage einer Kopie der Transportkostenquittung eine Gutschrift \u00fcber den Wert der Transportkosten, vorausgesetzt, es wurde festgestellt, dass die Waren aufgrund mangelhafter Bearbeitung oder eines Fehlers bei General Kinematics M\u00e4ngel aufweisen. Wenn ein Versand der zur\u00fcckgegebenen Waren <strong>PER NACHNAHME<\/strong> vereinbart wurde, bestimmt General Kinematics die gew\u00fcnschte Versandart.<\/p>\n<p>&nbsp;<\/p>\n<p>(5) Alle zur\u00fcckgegebenen Waren werden bei Eingang im Werk von General Kinematics \u00fcberpr\u00fcft.<\/p>\n<p>&nbsp;<\/p>\n<p>(6) Waren, die ohne RMA# gesendet wurden, werden m\u00f6glicherweise nicht angenommen und auf Kundenkosten zur\u00fcckgesendet.<\/p>\n<p>&nbsp;<\/p>\n<p><strong><span style=\"color: #b1070c;\">SENDEN SIE DIE WAREN AN DIE ZUTREFFENDE, OBEN GENANNTE ADRESSE, DIE EINDEUTIG MIT DER RMA #, DIE VON DER GENERAL KINEMATICS KUNDENDIENSTABTEILUNG AUSGEGEBEN WURDE, GEKENNZEICHNET WURDE.<\/span><\/strong><\/p>\n<h2>Equipment-Verkaufsbedingungen<\/h2>\n<p>&nbsp;<\/p>\n<p><a href=\"https:\/\/www.generalkinematics.com\/wp-content\/uploads\/2020\/06\/QSR-72-004-EU-GK-Europe-GmbH-Terms-and-Conditions-of-Sale.pdf\" target=\"_blank\" rel=\"noopener noreferrer\">Verkauf Neues Equipment<\/a><\/p>\n<p><a href=\"https:\/\/www.generalkinematics.com\/wp-content\/uploads\/2016\/10\/GK-Credit-Application.pdf\" target=\"_blank\" rel=\"noopener noreferrer\">Kreditantrag<\/a><\/p>\n<p><a href=\"https:\/\/www.generalkinematics.com\/wp-content\/uploads\/2021\/01\/QSR-72-103-Parts-Terms-and-Conditions.pdf\" target=\"_blank\" rel=\"noopener noreferrer\">Dienstleistungen und Komponenten<\/a><\/p>\n<p><a href=\"https:\/\/media.generalkinematics.com\/wp-content\/uploads\/2022\/11\/QSR-74-011-Purchase-Order-Terms-and-Conditions-FINAL-changes-11-8-2246.pdf\" target=\"_blank\" rel=\"noopener noreferrer\">Bestellungen<\/a><\/p>\n<p><a href=\"\/wp-content\/uploads\/2014\/03\/GKC-website-terms-3-11-14.pdf\" target=\"_blank\" rel=\"noopener noreferrer\">Website-Eink\u00e4ufe<\/a><\/p>\n<p>(Zuletzt aktualisiert 10.10.2016)<\/p>\n","protected":false},"excerpt":{"rendered":"<p>Nachfolgend werden die Allgemeinen Gesch\u00e4ftsbedingungen von General Kinematics Corporation, Kaufoptionen und aufgef\u00fchrt. Bitte beachten Sie, dass sich diese ohne Vorank\u00fcndigung \u00e4ndern k\u00f6nnen und die Zahlungsbedingungen des Angebots mit dem genehmigtem Kredit und geltendem Kreditlimit pro Kunde gelten. Informationen zu den aktuellen Bestellbedingungen und Richtlinien erhalten Sie von Ihrem General Kinematics-Vertriebsmitarbeiter. Bestellung per Post, Telefon, Fax [&hellip;]<\/p>\n","protected":false},"author":5,"featured_media":0,"parent":0,"menu_order":0,"comment_status":"closed","ping_status":"closed","template":"page-templates\/page-full-width.php","meta":{"_acf_changed":false,"om_disable_all_campaigns":false,"ep_exclude_from_search":false,"footnotes":""},"class_list":["post-37913","page","type-page","status-publish","hentry"],"acf":[],"yoast_head":"<!-- This site is optimized with the Yoast SEO plugin v27.5 - https:\/\/yoast.com\/product\/yoast-seo-wordpress\/ -->\n<title>Einkaufsoptionen und Bedingungen | General Kinematics<\/title>\n<meta name=\"robots\" content=\"index, follow, max-snippet:-1, max-image-preview:large, max-video-preview:-1\" \/>\n<link rel=\"canonical\" href=\"https:\/\/www.generalkinematics.com\/de\/einkaufsoptionen-und-bedingungen\/\" \/>\n<meta property=\"og:locale\" content=\"de_DE\" \/>\n<meta property=\"og:type\" content=\"article\" \/>\n<meta property=\"og:title\" content=\"Einkaufsoptionen und Bedingungen | General Kinematics\" \/>\n<meta property=\"og:description\" content=\"Nachfolgend werden die Allgemeinen Gesch\u00e4ftsbedingungen von General Kinematics Corporation, Kaufoptionen und aufgef\u00fchrt. Bitte beachten Sie, dass sich diese ohne Vorank\u00fcndigung \u00e4ndern k\u00f6nnen und die Zahlungsbedingungen des Angebots mit dem genehmigtem Kredit und geltendem Kreditlimit pro Kunde gelten. Informationen zu den aktuellen Bestellbedingungen und Richtlinien erhalten Sie von Ihrem General Kinematics-Vertriebsmitarbeiter. Bestellung per Post, Telefon, Fax [&hellip;]\" \/>\n<meta property=\"og:url\" content=\"https:\/\/www.generalkinematics.com\/de\/einkaufsoptionen-und-bedingungen\/\" \/>\n<meta property=\"og:site_name\" content=\"General Kinematics\" \/>\n<meta property=\"article:publisher\" content=\"https:\/\/www.facebook.com\/generalkinematics\" \/>\n<meta property=\"article:modified_time\" content=\"2022-11-10T16:11:17+00:00\" \/>\n<meta property=\"og:image\" content=\"https:\/\/www.generalkinematics.com\/wp-content\/uploads\/2014\/03\/creditcards-390x85.png\" \/>\n<meta name=\"twitter:card\" content=\"summary_large_image\" \/>\n<meta name=\"twitter:site\" content=\"@gkvibrating\" \/>\n<meta name=\"twitter:label1\" content=\"Gesch\u00e4tzte Lesezeit\" \/>\n\t<meta name=\"twitter:data1\" content=\"3 Minuten\" \/>\n<!-- \/ Yoast SEO plugin. -->","yoast_head_json":{"title":"Einkaufsoptionen und Bedingungen | General Kinematics","robots":{"index":"index","follow":"follow","max-snippet":"max-snippet:-1","max-image-preview":"max-image-preview:large","max-video-preview":"max-video-preview:-1"},"canonical":"https:\/\/www.generalkinematics.com\/de\/einkaufsoptionen-und-bedingungen\/","og_locale":"de_DE","og_type":"article","og_title":"Einkaufsoptionen und Bedingungen | General Kinematics","og_description":"Nachfolgend werden die Allgemeinen Gesch\u00e4ftsbedingungen von General Kinematics Corporation, Kaufoptionen und aufgef\u00fchrt. Bitte beachten Sie, dass sich diese ohne Vorank\u00fcndigung \u00e4ndern k\u00f6nnen und die Zahlungsbedingungen des Angebots mit dem genehmigtem Kredit und geltendem Kreditlimit pro Kunde gelten. Informationen zu den aktuellen Bestellbedingungen und Richtlinien erhalten Sie von Ihrem General Kinematics-Vertriebsmitarbeiter. Bestellung per Post, Telefon, Fax [&hellip;]","og_url":"https:\/\/www.generalkinematics.com\/de\/einkaufsoptionen-und-bedingungen\/","og_site_name":"General Kinematics","article_publisher":"https:\/\/www.facebook.com\/generalkinematics","article_modified_time":"2022-11-10T16:11:17+00:00","og_image":[{"url":"https:\/\/www.generalkinematics.com\/wp-content\/uploads\/2014\/03\/creditcards-390x85.png","type":"","width":"","height":""}],"twitter_card":"summary_large_image","twitter_site":"@gkvibrating","twitter_misc":{"Gesch\u00e4tzte Lesezeit":"3 Minuten"},"schema":{"@context":"https:\/\/schema.org","@graph":[{"@type":"WebPage","@id":"https:\/\/www.generalkinematics.com\/de\/einkaufsoptionen-und-bedingungen\/","url":"https:\/\/www.generalkinematics.com\/de\/einkaufsoptionen-und-bedingungen\/","name":"Einkaufsoptionen und Bedingungen | General Kinematics","isPartOf":{"@id":"https:\/\/www.generalkinematics.com\/de\/#website"},"primaryImageOfPage":{"@id":"https:\/\/www.generalkinematics.com\/de\/einkaufsoptionen-und-bedingungen\/#primaryimage"},"image":{"@id":"https:\/\/www.generalkinematics.com\/de\/einkaufsoptionen-und-bedingungen\/#primaryimage"},"thumbnailUrl":"https:\/\/www.generalkinematics.com\/wp-content\/uploads\/2014\/03\/creditcards-390x85.png","datePublished":"2014-03-12T19:07:57+00:00","dateModified":"2022-11-10T16:11:17+00:00","breadcrumb":{"@id":"https:\/\/www.generalkinematics.com\/de\/einkaufsoptionen-und-bedingungen\/#breadcrumb"},"inLanguage":"de-DE","potentialAction":[{"@type":"ReadAction","target":["https:\/\/www.generalkinematics.com\/de\/einkaufsoptionen-und-bedingungen\/"]}]},{"@type":"ImageObject","inLanguage":"de-DE","@id":"https:\/\/www.generalkinematics.com\/de\/einkaufsoptionen-und-bedingungen\/#primaryimage","url":"https:\/\/www.generalkinematics.com\/wp-content\/uploads\/2014\/03\/creditcards-390x85.png","contentUrl":"https:\/\/www.generalkinematics.com\/wp-content\/uploads\/2014\/03\/creditcards-390x85.png"},{"@type":"BreadcrumbList","@id":"https:\/\/www.generalkinematics.com\/de\/einkaufsoptionen-und-bedingungen\/#breadcrumb","itemListElement":[{"@type":"ListItem","position":1,"name":"GK Home","item":"https:\/\/www.generalkinematics.com\/de\/"},{"@type":"ListItem","position":2,"name":"Einkaufsoptionen und Bedingungen"}]},{"@type":"WebSite","@id":"https:\/\/www.generalkinematics.com\/de\/#website","url":"https:\/\/www.generalkinematics.com\/de\/","name":"General Kinematics","description":"","publisher":{"@id":"https:\/\/www.generalkinematics.com\/de\/#organization"},"potentialAction":[{"@type":"SearchAction","target":{"@type":"EntryPoint","urlTemplate":"https:\/\/www.generalkinematics.com\/de\/?s={search_term_string}"},"query-input":{"@type":"PropertyValueSpecification","valueRequired":true,"valueName":"search_term_string"}}],"inLanguage":"de-DE"},{"@type":"Organization","@id":"https:\/\/www.generalkinematics.com\/de\/#organization","name":"General Kinematics","url":"https:\/\/www.generalkinematics.com\/de\/","logo":{"@type":"ImageObject","inLanguage":"de-DE","@id":"https:\/\/www.generalkinematics.com\/de\/#\/schema\/logo\/image\/","url":"https:\/\/media.generalkinematics.com\/wp-content\/uploads\/2018\/03\/logo.png","contentUrl":"https:\/\/media.generalkinematics.com\/wp-content\/uploads\/2018\/03\/logo.png","width":313,"height":100,"caption":"General Kinematics"},"image":{"@id":"https:\/\/www.generalkinematics.com\/de\/#\/schema\/logo\/image\/"},"sameAs":["https:\/\/www.facebook.com\/generalkinematics","https:\/\/x.com\/gkvibrating"]}]}},"_links":{"self":[{"href":"https:\/\/www.generalkinematics.com\/de\/wp-json\/wp\/v2\/pages\/37913","targetHints":{"allow":["GET"]}}],"collection":[{"href":"https:\/\/www.generalkinematics.com\/de\/wp-json\/wp\/v2\/pages"}],"about":[{"href":"https:\/\/www.generalkinematics.com\/de\/wp-json\/wp\/v2\/types\/page"}],"author":[{"embeddable":true,"href":"https:\/\/www.generalkinematics.com\/de\/wp-json\/wp\/v2\/users\/5"}],"replies":[{"embeddable":true,"href":"https:\/\/www.generalkinematics.com\/de\/wp-json\/wp\/v2\/comments?post=37913"}],"version-history":[{"count":0,"href":"https:\/\/www.generalkinematics.com\/de\/wp-json\/wp\/v2\/pages\/37913\/revisions"}],"wp:attachment":[{"href":"https:\/\/www.generalkinematics.com\/de\/wp-json\/wp\/v2\/media?parent=37913"}],"curies":[{"name":"wp","href":"https:\/\/api.w.org\/{rel}","templated":true}]}}