{"id":37915,"date":"2018-07-10T09:19:45","date_gmt":"2018-07-10T14:19:45","guid":{"rendered":"https:\/\/www.generalkinematics.com\/urlaubsgruskarte-2014\/"},"modified":"2018-07-10T09:20:42","modified_gmt":"2018-07-10T14:20:42","slug":"urlaubsgruskarte-2014","status":"publish","type":"page","link":"https:\/\/www.generalkinematics.com\/de\/urlaubsgruskarte-2014\/","title":{"rendered":"Urlaubsgru\u00dfkarte 2014"},"content":{"rendered":"<div class=\"wpb-content-wrapper\"><p>[vc_row][vc_column width=&#8220;1\/1&#8243;][vc_column_text]<\/p>\n<h1 style=\"text-align: center\">Sch\u00f6nen Urlaub von General Kinematics!<\/h1>\n<p>&nbsp;<\/p>\n<p style=\"text-align: center\">\n<p style=\"text-align: center\">Probleme beim Anzeigen des Videos auf YouTube? Sehen Sie es sich <a href=\"https:\/\/www.dropbox.com\/s\/8eo7195ailcf065\/Christmas%202014.mp4?dl=0\" target=\"_blank\">hier bei Dropbox<\/a> an!<\/p>\n<p style=\"text-align: center\">\n<p style=\"text-align: center\">Klicken Sie auf die Fotos, um das ganze Bild zu sehen.[\/vc_column_text][\/vc_column][vc_row][vc_column width=&#8220;1\/1&#8243;][vc_gallery type=&#8220;image_grid&#8220; interval=&#8220;3&#8243; images=&#8220;10314,10313,10312,10311,10310,10309,10308,10307,10306,10305,10304,10303,10302,10301,10300&#8243; onclick=&#8220;link_image&#8220; custom_links_target=&#8220;_self&#8220;][\/vc_column][\/vc_row]<\/p>\n<\/div>","protected":false},"excerpt":{"rendered":"<p>[vc_row][vc_column width=&#8220;1\/1&#8243;][vc_column_text] Sch\u00f6nen Urlaub von General Kinematics! &nbsp; Probleme beim Anzeigen des Videos auf YouTube? Sehen Sie es sich hier bei Dropbox an! Klicken Sie auf die Fotos, um das ganze Bild zu sehen.[\/vc_column_text][\/vc_column][vc_row][vc_column width=&#8220;1\/1&#8243;][vc_gallery type=&#8220;image_grid&#8220; interval=&#8220;3&#8243; images=&#8220;10314,10313,10312,10311,10310,10309,10308,10307,10306,10305,10304,10303,10302,10301,10300&#8243; onclick=&#8220;link_image&#8220; custom_links_target=&#8220;_self&#8220;][\/vc_column][\/vc_row]<\/p>\n","protected":false},"author":5,"featured_media":0,"parent":0,"menu_order":0,"comment_status":"open","ping_status":"closed","template":"","meta":{"_acf_changed":false,"om_disable_all_campaigns":false,"ep_exclude_from_search":false,"footnotes":""},"class_list":["post-37915","page","type-page","status-publish","hentry"],"acf":[],"yoast_head":"<!-- This site is optimized with the Yoast SEO plugin v27.2 - https:\/\/yoast.com\/product\/yoast-seo-wordpress\/ -->\n<title>Sch\u00f6nen Urlaub 2014! | General Kinematics<\/title>\n<meta name=\"description\" content=\"Sch\u00f6nen Urlaub von General Kinematics und Trinket, die GK-Ferienelfe Sehen Sie sich unser Urlaubsvideo und Bilder f\u00fcr lustige Zeiten bei GK an!\" \/>\n<meta name=\"robots\" content=\"index, follow, max-snippet:-1, max-image-preview:large, max-video-preview:-1\" \/>\n<link rel=\"canonical\" href=\"https:\/\/www.generalkinematics.com\/de\/urlaubsgruskarte-2014\/\" \/>\n<meta property=\"og:locale\" content=\"de_DE\" \/>\n<meta property=\"og:type\" content=\"article\" \/>\n<meta property=\"og:title\" content=\"Sch\u00f6nen Urlaub 2014! | General Kinematics\" \/>\n<meta property=\"og:description\" content=\"Sch\u00f6nen Urlaub von General Kinematics und Trinket, die GK-Ferienelfe Sehen Sie sich unser Urlaubsvideo und Bilder f\u00fcr lustige Zeiten bei GK an!\" \/>\n<meta property=\"og:url\" content=\"https:\/\/www.generalkinematics.com\/de\/urlaubsgruskarte-2014\/\" \/>\n<meta property=\"og:site_name\" content=\"General Kinematics\" \/>\n<meta property=\"article:publisher\" content=\"https:\/\/www.facebook.com\/generalkinematics\" \/>\n<meta property=\"article:modified_time\" content=\"2018-07-10T14:20:42+00:00\" \/>\n<meta property=\"og:image\" content=\"https:\/\/media.generalkinematics.com\/wp-content\/uploads\/2017\/07\/GK-Icon.png\" \/>\n\t<meta property=\"og:image:width\" content=\"3000\" \/>\n\t<meta property=\"og:image:height\" content=\"3000\" \/>\n\t<meta property=\"og:image:type\" content=\"image\/jpeg\" \/>\n<meta name=\"twitter:card\" content=\"summary_large_image\" \/>\n<meta name=\"twitter:site\" content=\"@gkvibrating\" \/>\n<!-- \/ Yoast SEO plugin. -->","yoast_head_json":{"title":"Sch\u00f6nen Urlaub 2014! | General Kinematics","description":"Sch\u00f6nen Urlaub von General Kinematics und Trinket, die GK-Ferienelfe Sehen Sie sich unser Urlaubsvideo und Bilder f\u00fcr lustige Zeiten bei GK an!","robots":{"index":"index","follow":"follow","max-snippet":"max-snippet:-1","max-image-preview":"max-image-preview:large","max-video-preview":"max-video-preview:-1"},"canonical":"https:\/\/www.generalkinematics.com\/de\/urlaubsgruskarte-2014\/","og_locale":"de_DE","og_type":"article","og_title":"Sch\u00f6nen Urlaub 2014! | General Kinematics","og_description":"Sch\u00f6nen Urlaub von General Kinematics und Trinket, die GK-Ferienelfe Sehen Sie sich unser Urlaubsvideo und Bilder f\u00fcr lustige Zeiten bei GK an!","og_url":"https:\/\/www.generalkinematics.com\/de\/urlaubsgruskarte-2014\/","og_site_name":"General Kinematics","article_publisher":"https:\/\/www.facebook.com\/generalkinematics","article_modified_time":"2018-07-10T14:20:42+00:00","og_image":[{"width":3000,"height":3000,"url":"https:\/\/media.generalkinematics.com\/wp-content\/uploads\/2017\/07\/GK-Icon.png","type":"image\/jpeg"}],"twitter_card":"summary_large_image","twitter_site":"@gkvibrating","schema":{"@context":"https:\/\/schema.org","@graph":[{"@type":"WebPage","@id":"https:\/\/www.generalkinematics.com\/de\/urlaubsgruskarte-2014\/","url":"https:\/\/www.generalkinematics.com\/de\/urlaubsgruskarte-2014\/","name":"Sch\u00f6nen Urlaub 2014! | General Kinematics","isPartOf":{"@id":"https:\/\/www.generalkinematics.com\/de\/#website"},"datePublished":"2018-07-10T14:19:45+00:00","dateModified":"2018-07-10T14:20:42+00:00","description":"Sch\u00f6nen Urlaub von General Kinematics und Trinket, die GK-Ferienelfe Sehen Sie sich unser Urlaubsvideo und Bilder f\u00fcr lustige Zeiten bei GK an!","breadcrumb":{"@id":"https:\/\/www.generalkinematics.com\/de\/urlaubsgruskarte-2014\/#breadcrumb"},"inLanguage":"de-DE","potentialAction":[{"@type":"ReadAction","target":["https:\/\/www.generalkinematics.com\/de\/urlaubsgruskarte-2014\/"]}]},{"@type":"BreadcrumbList","@id":"https:\/\/www.generalkinematics.com\/de\/urlaubsgruskarte-2014\/#breadcrumb","itemListElement":[{"@type":"ListItem","position":1,"name":"GK Home","item":"https:\/\/www.generalkinematics.com\/de\/"},{"@type":"ListItem","position":2,"name":"Urlaubsgru\u00dfkarte 2014"}]},{"@type":"WebSite","@id":"https:\/\/www.generalkinematics.com\/de\/#website","url":"https:\/\/www.generalkinematics.com\/de\/","name":"General Kinematics","description":"","publisher":{"@id":"https:\/\/www.generalkinematics.com\/de\/#organization"},"potentialAction":[{"@type":"SearchAction","target":{"@type":"EntryPoint","urlTemplate":"https:\/\/www.generalkinematics.com\/de\/?s={search_term_string}"},"query-input":{"@type":"PropertyValueSpecification","valueRequired":true,"valueName":"search_term_string"}}],"inLanguage":"de-DE"},{"@type":"Organization","@id":"https:\/\/www.generalkinematics.com\/de\/#organization","name":"General Kinematics","url":"https:\/\/www.generalkinematics.com\/de\/","logo":{"@type":"ImageObject","inLanguage":"de-DE","@id":"https:\/\/www.generalkinematics.com\/de\/#\/schema\/logo\/image\/","url":"https:\/\/media.generalkinematics.com\/wp-content\/uploads\/2018\/03\/logo.png","contentUrl":"https:\/\/media.generalkinematics.com\/wp-content\/uploads\/2018\/03\/logo.png","width":313,"height":100,"caption":"General Kinematics"},"image":{"@id":"https:\/\/www.generalkinematics.com\/de\/#\/schema\/logo\/image\/"},"sameAs":["https:\/\/www.facebook.com\/generalkinematics","https:\/\/x.com\/gkvibrating"]}]}},"_links":{"self":[{"href":"https:\/\/www.generalkinematics.com\/de\/wp-json\/wp\/v2\/pages\/37915","targetHints":{"allow":["GET"]}}],"collection":[{"href":"https:\/\/www.generalkinematics.com\/de\/wp-json\/wp\/v2\/pages"}],"about":[{"href":"https:\/\/www.generalkinematics.com\/de\/wp-json\/wp\/v2\/types\/page"}],"author":[{"embeddable":true,"href":"https:\/\/www.generalkinematics.com\/de\/wp-json\/wp\/v2\/users\/5"}],"replies":[{"embeddable":true,"href":"https:\/\/www.generalkinematics.com\/de\/wp-json\/wp\/v2\/comments?post=37915"}],"version-history":[{"count":0,"href":"https:\/\/www.generalkinematics.com\/de\/wp-json\/wp\/v2\/pages\/37915\/revisions"}],"wp:attachment":[{"href":"https:\/\/www.generalkinematics.com\/de\/wp-json\/wp\/v2\/media?parent=37915"}],"curies":[{"name":"wp","href":"https:\/\/api.w.org\/{rel}","templated":true}]}}