{"id":40233,"date":"2015-12-04T12:32:26","date_gmt":"2015-12-04T18:32:26","guid":{"rendered":"https:\/\/www.generalkinematics.com\/24-7-365-gk-parts-und-service-ist-fur-sie-da\/"},"modified":"2019-01-08T15:22:14","modified_gmt":"2019-01-08T21:22:14","slug":"24-7-365-gk-parts-und-service-ist-fur-sie-da","status":"publish","type":"page","link":"https:\/\/www.generalkinematics.com\/de\/24-7-365-gk-parts-und-service-ist-fur-sie-da\/","title":{"rendered":"7\/24\/365, GK Parts und Service ist f\u00fcr Sie da."},"content":{"rendered":"<div class=\"wpb-content-wrapper\"><p>[vc_row][vc_column][vc_column_text]Ganz gleich, wo auf der Welt Sie sich befinden, GK steht bereit, wenn Sie Unterst\u00fctzung bei Ihren vibrierenden oder rotierenden Produkten ben\u00f6tigen, egal ob es sich um Maschinen von General Kinematics oder von anderen Herstellern handelt. GK Parts steht Ihnen rund um die Uhr zur Verf\u00fcgung, um Ihnen die Teile zu liefern, die Sie ben\u00f6tigen, um Ihr Vibrations-Equipment am Laufen zu halten und in Betrieb zu nehmen. Ben\u00f6tigen Sie eine GK Serviceperson vor Ort, die Ihnen bei einem Problem behilflich ist? Kein Problem! GKs Servicepersonal steht auf der ganzen Welt bereit, um einen Spezialisten so schnell wie m\u00f6glich an Ihren Standort zu senden. Bitte geben Sie im Kommentarformular die Seriennummer, den Equipmenttyp, das erforderliche Datum und eine allgemeine Beschreibung des Problems an.[\/vc_column_text][\/vc_column][\/vc_row][vc_row][vc_column width=&#8220;1\/2&#8243;][vc_raw_html]PGlmcmFtZSBzdHlsZT0iYm9yZGVyOiAwOyIgc3JjPSJodHRwczovL2dvLnBhcmRvdC5jb20vbC8xNDU4MDEvMjAxOC0wOC0wNi9zcTdneD9IaWRkZW49aHR0cHM6Ly9nZW5lcmFsa2luZW1hdGljcy5jb20vY29udGFjdC1nay1wYXJ0cy1zZXJ2aWNlLyAiIHdpZHRoPSIxMDAlIiBoZWlnaHQ9IjEwMDAiIGZyYW1lYm9yZGVyPSIwIj48L2lmcmFtZT4NCg0KPHNjcmlwdD4oZnVuY3Rpb24odyxkLHQscix1KXt2YXIgZixuLGk7d1t1XT13W3VdfHxbXSxmPWZ1bmN0aW9uKCl7dmFyIG89e3RpOiIyNTAwNzc4OCJ9O28ucT13W3VdLHdbdV09bmV3IFVFVChvKSx3W3VdLnB1c2goInBhZ2VMb2FkIil9LG49ZC5jcmVhdGVFbGVtZW50KHQpLG4uc3JjPXIsbi5hc3luYz0xLG4ub25sb2FkPW4ub25yZWFkeXN0YXRlY2hhbmdlPWZ1bmN0aW9uKCl7dmFyIHM9dGhpcy5yZWFkeVN0YXRlO3MmJnMhPT0ibG9hZGVkIiYmcyE9PSJjb21wbGV0ZSJ8fChmKCksbi5vbmxvYWQ9bi5vbnJlYWR5c3RhdGVjaGFuZ2U9bnVsbCl9LGk9ZC5nZXRFbGVtZW50c0J5VGFnTmFtZSh0KVswXSxpLnBhcmVudE5vZGUuaW5zZXJ0QmVmb3JlKG4saSl9KSh3aW5kb3csZG9jdW1lbnQsInNjcmlwdCIsIi8vYmF0LmJpbmcuY29tL2JhdC5qcyIsInVldHEiKTs8L3NjcmlwdD4=[\/vc_raw_html][\/vc_column][vc_column width=&#8220;1\/2&#8243;][vc_raw_html]PGlmcmFtZSBzdHlsZT0iYm9yZGVyOiAwOyIgc3JjPSJodHRwczovL3d3dy5nb29nbGUuY29tL21hcHMvZW1iZWQ\/cGI9ITFtMTQhMW04ITFtMyExZDExODE3LjAyMjM1NjI3MjI0NCEyZC04OC4yOTQ0MTk5ITNkNDIuMjMwMzUyMyEzbTIhMWkxMDI0ITJpNzY4ITRmMTMuMSEzbTMhMW0yITFzMHgwJTNBMHhiNGM0NDI5ZDk5MmZlZTBmITJzR2VuZXJhbCtLaW5lbWF0aWNzK0NvcnBvcmF0aW9uITVlMCEzbTIhMXNlbiEyc3VzITR2MTQ0OTI0NzgyMzk2NiIgd2lkdGg9IjEwMCUiIGhlaWdodD0iMjkyIiBmcmFtZWJvcmRlcj0iMCIgYWxsb3dmdWxsc2NyZWVuPSJhbGxvd2Z1bGxzY3JlZW4iPjwvaWZyYW1lPg==[\/vc_raw_html][vc_column_text css_animation=&#8220;right-to-left&#8220;]<strong>General Kinematics Headquarters<\/strong><\/p>\n<p>5050 Rickert Rd<br \/>\nCrystal Lake, IL 60014<\/p>\n<h2>GK Parts Contact Information:<\/h2>\n<p><strong>North \/ South America<\/strong><\/p>\n<p>Business hours: 8 AM &#8211; 5PM CST<\/p>\n<p>Ph.: <a href=\"tel:815-455-3222\">815-455-3222<\/a><\/p>\n<p>Email: compsalesgroup@generalkinematics.com<\/p>\n<p>GK Parts After hours: Ph.: <a href=\"tel:815-455-3222\">815-455-3222<\/a>, Option 2<\/p>\n<p><strong>European Parts<\/strong><\/p>\n<p>GK Europe GmbH<\/p>\n<p>Office Hours: 8 AM \u2013 5 PM CET<\/p>\n<p>Email: gkeparts@generalkinematics.com<\/p>\n<p>Ph:\u00a0<a href=\"tel:49 (0)211 542250 10\">49 (0)211 542250 10<\/a><\/p>\n<p><strong>Asia and India<\/strong><\/p>\n<p>Foundry &#8211; General Kinematics Thailand<\/p>\n<p>Ph: <a href=\"tel:+91 9880 291 311\">+91 9880 291 311<\/a><\/p>\n<p>Non-Foundry &#8211; General Kinematics (Beijing), Ltd.<\/p>\n<p>Ph: <a href=\"tel:+86-10-8587-9561\">+86-10-8587-9561<\/a><\/p>\n<h2>GK Service Contact Information:<\/h2>\n<p><strong>North \/ South America<\/strong><\/p>\n<p>Business hours: 8 AM &#8211; 5PM CST<\/p>\n<p>Ph.: <a href=\"tel:815-455-3222\">815-455-3222<\/a><\/p>\n<p>GK Service After hours: Ph.: <a href=\"tel:815-455-3222\">815-455-3222<\/a>, Option 1<\/p>\n<p><strong>European Service GK Europe GmbH<\/strong><\/p>\n<p>Office Hours: 8 AM \u2013 5 PM CET<\/p>\n<p>Ph:\u00a0<a href=\"tel:+49 (0)211 542250 10\">49 (0)211 542250 10<\/a><\/p>\n<p><strong>Asia and India<\/strong><\/p>\n<p>Foundry &#8211; General Kinematics Thailand<\/p>\n<p>Ph: <a href=\"tel:+91 9880 291 311\">+91 9880 291 311<\/a><\/p>\n<p>Non-Foundry &#8211; General Kinematics (Beijing), Ltd.<\/p>\n<p>Ph: <a href=\"tel:+86-10-8587-9561\">+86-10-8587-9561<\/a>[\/vc_column_text][\/vc_column][\/vc_row]<\/p>\n<\/div>","protected":false},"excerpt":{"rendered":"<p>[vc_row][vc_column][vc_column_text]Ganz gleich, wo auf der Welt Sie sich befinden, GK steht bereit, wenn Sie Unterst\u00fctzung bei Ihren vibrierenden oder rotierenden Produkten ben\u00f6tigen, egal ob es sich um Maschinen von General Kinematics oder von anderen Herstellern handelt. GK Parts steht Ihnen rund um die Uhr zur Verf\u00fcgung, um Ihnen die Teile zu liefern, die Sie ben\u00f6tigen, [&hellip;]<\/p>\n","protected":false},"author":5,"featured_media":0,"parent":0,"menu_order":0,"comment_status":"closed","ping_status":"closed","template":"page-templates\/page-full-width.php","meta":{"_acf_changed":false,"om_disable_all_campaigns":false,"ep_exclude_from_search":false,"footnotes":""},"class_list":["post-40233","page","type-page","status-publish","hentry"],"acf":[],"yoast_head":"<!-- This site is optimized with the Yoast SEO plugin v27.2 - https:\/\/yoast.com\/product\/yoast-seo-wordpress\/ -->\n<title>7\/24\/365, GK Parts und Service ist f\u00fcr Sie da. | General Kinematics<\/title>\n<meta name=\"robots\" content=\"index, follow, max-snippet:-1, max-image-preview:large, max-video-preview:-1\" \/>\n<link rel=\"canonical\" href=\"https:\/\/www.generalkinematics.com\/de\/24-7-365-gk-parts-und-service-ist-fur-sie-da\/\" \/>\n<meta property=\"og:locale\" content=\"de_DE\" \/>\n<meta property=\"og:type\" content=\"article\" \/>\n<meta property=\"og:title\" content=\"7\/24\/365, GK Parts und Service ist f\u00fcr Sie da. | General Kinematics\" \/>\n<meta property=\"og:description\" content=\"[vc_row][vc_column][vc_column_text]Ganz gleich, wo auf der Welt Sie sich befinden, GK steht bereit, wenn Sie Unterst\u00fctzung bei Ihren vibrierenden oder rotierenden Produkten ben\u00f6tigen, egal ob es sich um Maschinen von General Kinematics oder von anderen Herstellern handelt. GK Parts steht Ihnen rund um die Uhr zur Verf\u00fcgung, um Ihnen die Teile zu liefern, die Sie ben\u00f6tigen, [&hellip;]\" \/>\n<meta property=\"og:url\" content=\"https:\/\/www.generalkinematics.com\/de\/24-7-365-gk-parts-und-service-ist-fur-sie-da\/\" \/>\n<meta property=\"og:site_name\" content=\"General Kinematics\" \/>\n<meta property=\"article:publisher\" content=\"https:\/\/www.facebook.com\/generalkinematics\" \/>\n<meta property=\"article:modified_time\" content=\"2019-01-08T21:22:14+00:00\" \/>\n<meta property=\"og:image\" content=\"https:\/\/media.generalkinematics.com\/wp-content\/uploads\/2017\/07\/GK-Icon.png\" \/>\n\t<meta property=\"og:image:width\" content=\"3000\" \/>\n\t<meta property=\"og:image:height\" content=\"3000\" \/>\n\t<meta property=\"og:image:type\" content=\"image\/jpeg\" \/>\n<meta name=\"twitter:card\" content=\"summary_large_image\" \/>\n<meta name=\"twitter:site\" content=\"@gkvibrating\" \/>\n<meta name=\"twitter:label1\" content=\"Gesch\u00e4tzte Lesezeit\" \/>\n\t<meta name=\"twitter:data1\" content=\"2 Minuten\" \/>\n<!-- \/ Yoast SEO plugin. -->","yoast_head_json":{"title":"7\/24\/365, GK Parts und Service ist f\u00fcr Sie da. | General Kinematics","robots":{"index":"index","follow":"follow","max-snippet":"max-snippet:-1","max-image-preview":"max-image-preview:large","max-video-preview":"max-video-preview:-1"},"canonical":"https:\/\/www.generalkinematics.com\/de\/24-7-365-gk-parts-und-service-ist-fur-sie-da\/","og_locale":"de_DE","og_type":"article","og_title":"7\/24\/365, GK Parts und Service ist f\u00fcr Sie da. | General Kinematics","og_description":"[vc_row][vc_column][vc_column_text]Ganz gleich, wo auf der Welt Sie sich befinden, GK steht bereit, wenn Sie Unterst\u00fctzung bei Ihren vibrierenden oder rotierenden Produkten ben\u00f6tigen, egal ob es sich um Maschinen von General Kinematics oder von anderen Herstellern handelt. GK Parts steht Ihnen rund um die Uhr zur Verf\u00fcgung, um Ihnen die Teile zu liefern, die Sie ben\u00f6tigen, [&hellip;]","og_url":"https:\/\/www.generalkinematics.com\/de\/24-7-365-gk-parts-und-service-ist-fur-sie-da\/","og_site_name":"General Kinematics","article_publisher":"https:\/\/www.facebook.com\/generalkinematics","article_modified_time":"2019-01-08T21:22:14+00:00","og_image":[{"width":3000,"height":3000,"url":"https:\/\/media.generalkinematics.com\/wp-content\/uploads\/2017\/07\/GK-Icon.png","type":"image\/jpeg"}],"twitter_card":"summary_large_image","twitter_site":"@gkvibrating","twitter_misc":{"Gesch\u00e4tzte Lesezeit":"2 Minuten"},"schema":{"@context":"https:\/\/schema.org","@graph":[{"@type":"WebPage","@id":"https:\/\/www.generalkinematics.com\/de\/24-7-365-gk-parts-und-service-ist-fur-sie-da\/","url":"https:\/\/www.generalkinematics.com\/de\/24-7-365-gk-parts-und-service-ist-fur-sie-da\/","name":"7\/24\/365, GK Parts und Service ist f\u00fcr Sie da. | General Kinematics","isPartOf":{"@id":"https:\/\/www.generalkinematics.com\/de\/#website"},"datePublished":"2015-12-04T18:32:26+00:00","dateModified":"2019-01-08T21:22:14+00:00","breadcrumb":{"@id":"https:\/\/www.generalkinematics.com\/de\/24-7-365-gk-parts-und-service-ist-fur-sie-da\/#breadcrumb"},"inLanguage":"de-DE","potentialAction":[{"@type":"ReadAction","target":["https:\/\/www.generalkinematics.com\/de\/24-7-365-gk-parts-und-service-ist-fur-sie-da\/"]}]},{"@type":"BreadcrumbList","@id":"https:\/\/www.generalkinematics.com\/de\/24-7-365-gk-parts-und-service-ist-fur-sie-da\/#breadcrumb","itemListElement":[{"@type":"ListItem","position":1,"name":"GK Home","item":"https:\/\/www.generalkinematics.com\/de\/"},{"@type":"ListItem","position":2,"name":"7\/24\/365, GK Parts und Service ist f\u00fcr Sie da."}]},{"@type":"WebSite","@id":"https:\/\/www.generalkinematics.com\/de\/#website","url":"https:\/\/www.generalkinematics.com\/de\/","name":"General Kinematics","description":"","publisher":{"@id":"https:\/\/www.generalkinematics.com\/de\/#organization"},"potentialAction":[{"@type":"SearchAction","target":{"@type":"EntryPoint","urlTemplate":"https:\/\/www.generalkinematics.com\/de\/?s={search_term_string}"},"query-input":{"@type":"PropertyValueSpecification","valueRequired":true,"valueName":"search_term_string"}}],"inLanguage":"de-DE"},{"@type":"Organization","@id":"https:\/\/www.generalkinematics.com\/de\/#organization","name":"General Kinematics","url":"https:\/\/www.generalkinematics.com\/de\/","logo":{"@type":"ImageObject","inLanguage":"de-DE","@id":"https:\/\/www.generalkinematics.com\/de\/#\/schema\/logo\/image\/","url":"https:\/\/media.generalkinematics.com\/wp-content\/uploads\/2018\/03\/logo.png","contentUrl":"https:\/\/media.generalkinematics.com\/wp-content\/uploads\/2018\/03\/logo.png","width":313,"height":100,"caption":"General Kinematics"},"image":{"@id":"https:\/\/www.generalkinematics.com\/de\/#\/schema\/logo\/image\/"},"sameAs":["https:\/\/www.facebook.com\/generalkinematics","https:\/\/x.com\/gkvibrating"]}]}},"_links":{"self":[{"href":"https:\/\/www.generalkinematics.com\/de\/wp-json\/wp\/v2\/pages\/40233","targetHints":{"allow":["GET"]}}],"collection":[{"href":"https:\/\/www.generalkinematics.com\/de\/wp-json\/wp\/v2\/pages"}],"about":[{"href":"https:\/\/www.generalkinematics.com\/de\/wp-json\/wp\/v2\/types\/page"}],"author":[{"embeddable":true,"href":"https:\/\/www.generalkinematics.com\/de\/wp-json\/wp\/v2\/users\/5"}],"replies":[{"embeddable":true,"href":"https:\/\/www.generalkinematics.com\/de\/wp-json\/wp\/v2\/comments?post=40233"}],"version-history":[{"count":0,"href":"https:\/\/www.generalkinematics.com\/de\/wp-json\/wp\/v2\/pages\/40233\/revisions"}],"wp:attachment":[{"href":"https:\/\/www.generalkinematics.com\/de\/wp-json\/wp\/v2\/media?parent=40233"}],"curies":[{"name":"wp","href":"https:\/\/api.w.org\/{rel}","templated":true}]}}