{"id":40258,"date":"2015-12-11T12:54:23","date_gmt":"2015-12-11T18:54:23","guid":{"rendered":"https:\/\/www.generalkinematics.com\/faqs\/"},"modified":"2022-12-08T10:04:18","modified_gmt":"2022-12-08T16:04:18","slug":"faqs","status":"publish","type":"page","link":"https:\/\/www.generalkinematics.com\/de\/faqs\/","title":{"rendered":"FAQs"},"content":{"rendered":"<p><span style=\"font-weight: 400\">Dies ist eine kurze Liste der uns am h\u00e4ufigsten gestellten Fragen. F\u00fcr weitere Informationen \u00fcber General Kinematics wenden Sie sich bitte an unser <\/span><a href=\"https:\/\/www.generalkinematics.com\/de\/kontakt-general-kinematics\/\"><span style=\"font-weight: 400\">Kontaktcenter<\/span><\/a><span style=\"font-weight: 400\">.<\/span><\/p>\n<h3><b>Woher stammt der Name General Kinematics?<\/b><\/h3>\n<p><span style=\"font-weight: 400\">Kinematik, auf Englisch Kinematics, ist das \u201eStudium der <\/span><a href=\"https:\/\/en.wikipedia.org\/wiki\/Classical_mechanics\" target=\"_blank\" rel=\"noopener noreferrer\"><span style=\"font-weight: 400\">klassischen Mechanik<\/span><\/a><span style=\"font-weight: 400\">, das die<\/span><a href=\"https:\/\/en.wikipedia.org\/wiki\/Motion_(physics)\"><span style=\"font-weight: 400\"> Bewegung<\/span><\/a><span style=\"font-weight: 400\"> von Punkten, K\u00f6rpern (Gegenst\u00e4nden) und Systemen von K\u00f6rpern (Gruppen von Gegenst\u00e4nden) ohne Ber\u00fccksichtigung der Ursachen der Bewegung beschreibt\u201c. (<\/span><i><span style=\"font-weight: 400\">Wikipedia<\/span><\/i><span style=\"font-weight: 400\">) Hier bei General Kinematics bauen wir Maschinen, die Bewegungen aufgrund von Vibrationen auf erstaunliche Weise nutzen. Mitunter nutzen wir Vibrationen, um Tonnen von Erz bergauf zu bewegen, oder um hei\u00dfe, leuchtend orangefarbene Metallteile in einer Gie\u00dferei zu reinigen oder um wiederverwertbare Materialien zu sortieren und zu trennen, um sie nicht auf Deponien einzulagern. \u00a0Wir nutzen aber auch andere Arten von Bewegung, einschlie\u00dflich Gebl\u00e4se, Luftmesser, Hydraulik, Drehtrommeln, um unseren Kunden bei der Verarbeitung von Materialien zu helfen, Energie zu sparen und Erl\u00f6se zu erzielen.<\/span><\/p>\n<p><span style=\"font-weight: 400\">General Kinematics Ingenieure sind Experten der Bewegungswissenschaft. Wenn Sie schweres, hei\u00dfes, gemischtes, feines, abrasives, feuchtes und\/oder klebriges Material sortieren, bewegen, sch\u00fctteln, r\u00fctteln oder rollen m\u00fcssen, kann GK Ihnen helfen, die richtige Richtung zu finden.<\/span><\/p>\n<h3><b>Wer ist mein GK-Kontakt?<\/b><\/h3>\n<p><span style=\"font-weight: 400\">General Kinematics unterh\u00e4lt strategische Partnerschaften mit technisch versierten Herstellern in aller Welt und verf\u00fcgt \u00fcber ein umfangreiches Team von Vertriebsingenieuren. Wenn Sie eine Gie\u00dferei haben, beachten Sie bitte <\/span><span style=\"font-weight: 400\"><a href=\"https:\/\/www.generalkinematics.com\/de\/giesereivertreter\/\">diese Landkarte<\/a> oder wenn Sie keine Gie\u00dferei haben, bedachte Sie bitte <a href=\"https:\/\/www.generalkinematics.com\/de\/nicht-giesereivertreter\/\">diese Landkarte<\/a><\/span><span style=\"font-weight: 400\"> um Ihre wichtigsten Kontakte zu finden. Oder f\u00fcllen Sie einfach <\/span><a href=\"https:\/\/www.generalkinematics.com\/de\/kontakt-general-kinematics\/\"><span style=\"font-weight: 400\">dieses Formular<\/span><\/a><span style=\"font-weight: 400\"> aus und wir werden uns umgehend bei Ihnen melden. <\/span><\/p>\n<h3><b>Wo befindet sich GK?<\/b><\/h3>\n<p><span style=\"font-weight: 400\">General Kinematics hat seinen Hauptsitz mit Engineering, technischer Verkaufsunterst\u00fctzung, F&amp;E, Testeinrichtungen und einer hochmodernen Produktionsst\u00e4tte in den USA, in der N\u00e4he von Chicago, Illinois. Dar\u00fcber hinaus unterh\u00e4lt General Kinematics technische Verkaufsb\u00fcros, \u201eWerkstrainierte\/Zugelassene\u201c Fabriken, Servicezentren, Lager und Verkaufsvertretungen in der gesamten Welt.<\/span><\/p>\n<h3><b>GK-Werkstour Sicherheitsrichtlinien<\/b><\/h3>\n<p>Wenn Sie GK besuchen m\u00f6chten, lesen Sie bitte unsere <a href=\"https:\/\/www.generalkinematics.com\/de\/gk-werksicherheit\/\">Sicherheitsrichtlinien<\/a>. Dies garantiert einen gro\u00dfartigen Besuch in unserer Einrichtung!<\/p>\n<h3><b>Stellen Sie Personal ein?<\/b><\/h3>\n<p><span style=\"font-weight: 400\">Ja! Wenn Sie ein talentierter Ingenieur oder Techniker sind oder Erfahrung in der Fertigung und Branche haben, m\u00f6chten wir mit Ihnen sprechen. Informieren Sie sich \u00fcber unsere aktuellen Stellenangebote auf GKs Karriereseite.<\/span><\/p>\n<h3><b>Wie werden Probleme und Supportprobleme nach Feierabend gel\u00f6st?<\/b><\/h3>\n<p><span style=\"font-weight: 400\">General Kinematics verpflichtet sich, rund um die Uhr daf\u00fcr zu sorgen, dass unsere Kunden auf der ganzen Welt so wenig Ausfallzeit wie m\u00f6glich haben. Hier folgt ein kleiner Einblick, wie wir mit diesen Situationen umgehen:<\/span><\/p>\n<p><img decoding=\"async\" class=\"alignnone wp-image-14584\" src=\"https:\/\/www.generalkinematics.com\/wp-content\/uploads\/2015\/12\/After-Hours-Tree-390x244.jpg\" alt=\"Gem\u00e4\u00df Stundenstruktur\" width=\"539\" height=\"337\" srcset=\"https:\/\/www.generalkinematics.com\/wp-content\/uploads\/2015\/12\/After-Hours-Tree-390x244.jpg 390w, https:\/\/www.generalkinematics.com\/wp-content\/uploads\/2015\/12\/After-Hours-Tree-300x188.jpg 300w, https:\/\/www.generalkinematics.com\/wp-content\/uploads\/2015\/12\/After-Hours-Tree-768x480.jpg 768w, https:\/\/www.generalkinematics.com\/wp-content\/uploads\/2015\/12\/After-Hours-Tree-400x250.jpg 400w, https:\/\/www.generalkinematics.com\/wp-content\/uploads\/2015\/12\/After-Hours-Tree-430x270.jpg 430w, https:\/\/www.generalkinematics.com\/wp-content\/uploads\/2015\/12\/After-Hours-Tree.jpg 913w\" sizes=\"(max-width: 639px) 98vw, (max-width: 1199px) 64vw, 539px\" \/><\/p>\n<p>Wenn Sie eine Nachricht hinterlassen, geben Sie bitte Ihren Namen, Telefonnummer, Unternehmen, einen kurzen \u00dcberblick \u00fcber den Bedarf und die Seriennummer des Ger\u00e4ts an, soweit m\u00f6glich. Diese Informationen helfen uns, noch schneller auf Ihre Anfrage zu reagieren. Unser Ziel ist es, Ihnen in weniger als einer Stunde zu antworten!<\/p>\n<h3><\/h3>\n","protected":false},"excerpt":{"rendered":"<p>Dies ist eine kurze Liste der uns am h\u00e4ufigsten gestellten Fragen. F\u00fcr weitere Informationen \u00fcber General Kinematics wenden Sie sich bitte an unser Kontaktcenter. Woher stammt der Name General Kinematics? Kinematik, auf Englisch Kinematics, ist das \u201eStudium der klassischen Mechanik, das die Bewegung von Punkten, K\u00f6rpern (Gegenst\u00e4nden) und Systemen von K\u00f6rpern (Gruppen von Gegenst\u00e4nden) ohne [&hellip;]<\/p>\n","protected":false},"author":7,"featured_media":0,"parent":0,"menu_order":0,"comment_status":"closed","ping_status":"closed","template":"","meta":{"_acf_changed":false,"om_disable_all_campaigns":false,"ep_exclude_from_search":false,"footnotes":""},"class_list":["post-40258","page","type-page","status-publish","hentry"],"acf":[],"yoast_head":"<!-- This site is optimized with the Yoast SEO plugin v27.2 - https:\/\/yoast.com\/product\/yoast-seo-wordpress\/ -->\n<title>FAQs | General Kinematics<\/title>\n<meta name=\"robots\" content=\"index, follow, max-snippet:-1, max-image-preview:large, max-video-preview:-1\" \/>\n<link rel=\"canonical\" href=\"https:\/\/www.generalkinematics.com\/de\/faqs\/\" \/>\n<meta property=\"og:locale\" content=\"de_DE\" \/>\n<meta property=\"og:type\" content=\"article\" \/>\n<meta property=\"og:title\" content=\"FAQs | General Kinematics\" \/>\n<meta property=\"og:description\" content=\"Dies ist eine kurze Liste der uns am h\u00e4ufigsten gestellten Fragen. F\u00fcr weitere Informationen \u00fcber General Kinematics wenden Sie sich bitte an unser Kontaktcenter. Woher stammt der Name General Kinematics? Kinematik, auf Englisch Kinematics, ist das \u201eStudium der klassischen Mechanik, das die Bewegung von Punkten, K\u00f6rpern (Gegenst\u00e4nden) und Systemen von K\u00f6rpern (Gruppen von Gegenst\u00e4nden) ohne [&hellip;]\" \/>\n<meta property=\"og:url\" content=\"https:\/\/www.generalkinematics.com\/de\/faqs\/\" \/>\n<meta property=\"og:site_name\" content=\"General Kinematics\" \/>\n<meta property=\"article:publisher\" content=\"https:\/\/www.facebook.com\/generalkinematics\" \/>\n<meta property=\"article:modified_time\" content=\"2022-12-08T16:04:18+00:00\" \/>\n<meta property=\"og:image\" content=\"https:\/\/www.generalkinematics.com\/wp-content\/uploads\/2015\/12\/After-Hours-Tree-390x244.jpg\" \/>\n<meta name=\"twitter:card\" content=\"summary_large_image\" \/>\n<meta name=\"twitter:site\" content=\"@gkvibrating\" \/>\n<meta name=\"twitter:label1\" content=\"Gesch\u00e4tzte Lesezeit\" \/>\n\t<meta name=\"twitter:data1\" content=\"3 Minuten\" \/>\n<!-- \/ Yoast SEO plugin. -->","yoast_head_json":{"title":"FAQs | General Kinematics","robots":{"index":"index","follow":"follow","max-snippet":"max-snippet:-1","max-image-preview":"max-image-preview:large","max-video-preview":"max-video-preview:-1"},"canonical":"https:\/\/www.generalkinematics.com\/de\/faqs\/","og_locale":"de_DE","og_type":"article","og_title":"FAQs | General Kinematics","og_description":"Dies ist eine kurze Liste der uns am h\u00e4ufigsten gestellten Fragen. F\u00fcr weitere Informationen \u00fcber General Kinematics wenden Sie sich bitte an unser Kontaktcenter. Woher stammt der Name General Kinematics? Kinematik, auf Englisch Kinematics, ist das \u201eStudium der klassischen Mechanik, das die Bewegung von Punkten, K\u00f6rpern (Gegenst\u00e4nden) und Systemen von K\u00f6rpern (Gruppen von Gegenst\u00e4nden) ohne [&hellip;]","og_url":"https:\/\/www.generalkinematics.com\/de\/faqs\/","og_site_name":"General Kinematics","article_publisher":"https:\/\/www.facebook.com\/generalkinematics","article_modified_time":"2022-12-08T16:04:18+00:00","og_image":[{"url":"https:\/\/www.generalkinematics.com\/wp-content\/uploads\/2015\/12\/After-Hours-Tree-390x244.jpg","type":"","width":"","height":""}],"twitter_card":"summary_large_image","twitter_site":"@gkvibrating","twitter_misc":{"Gesch\u00e4tzte Lesezeit":"3 Minuten"},"schema":{"@context":"https:\/\/schema.org","@graph":[{"@type":"WebPage","@id":"https:\/\/www.generalkinematics.com\/de\/faqs\/","url":"https:\/\/www.generalkinematics.com\/de\/faqs\/","name":"FAQs | General Kinematics","isPartOf":{"@id":"https:\/\/www.generalkinematics.com\/de\/#website"},"primaryImageOfPage":{"@id":"https:\/\/www.generalkinematics.com\/de\/faqs\/#primaryimage"},"image":{"@id":"https:\/\/www.generalkinematics.com\/de\/faqs\/#primaryimage"},"thumbnailUrl":"https:\/\/www.generalkinematics.com\/wp-content\/uploads\/2015\/12\/After-Hours-Tree-390x244.jpg","datePublished":"2015-12-11T18:54:23+00:00","dateModified":"2022-12-08T16:04:18+00:00","breadcrumb":{"@id":"https:\/\/www.generalkinematics.com\/de\/faqs\/#breadcrumb"},"inLanguage":"de-DE","potentialAction":[{"@type":"ReadAction","target":["https:\/\/www.generalkinematics.com\/de\/faqs\/"]}]},{"@type":"ImageObject","inLanguage":"de-DE","@id":"https:\/\/www.generalkinematics.com\/de\/faqs\/#primaryimage","url":"https:\/\/www.generalkinematics.com\/wp-content\/uploads\/2015\/12\/After-Hours-Tree-390x244.jpg","contentUrl":"https:\/\/www.generalkinematics.com\/wp-content\/uploads\/2015\/12\/After-Hours-Tree-390x244.jpg"},{"@type":"BreadcrumbList","@id":"https:\/\/www.generalkinematics.com\/de\/faqs\/#breadcrumb","itemListElement":[{"@type":"ListItem","position":1,"name":"GK Home","item":"https:\/\/www.generalkinematics.com\/de\/"},{"@type":"ListItem","position":2,"name":"FAQs"}]},{"@type":"WebSite","@id":"https:\/\/www.generalkinematics.com\/de\/#website","url":"https:\/\/www.generalkinematics.com\/de\/","name":"General Kinematics","description":"","publisher":{"@id":"https:\/\/www.generalkinematics.com\/de\/#organization"},"potentialAction":[{"@type":"SearchAction","target":{"@type":"EntryPoint","urlTemplate":"https:\/\/www.generalkinematics.com\/de\/?s={search_term_string}"},"query-input":{"@type":"PropertyValueSpecification","valueRequired":true,"valueName":"search_term_string"}}],"inLanguage":"de-DE"},{"@type":"Organization","@id":"https:\/\/www.generalkinematics.com\/de\/#organization","name":"General Kinematics","url":"https:\/\/www.generalkinematics.com\/de\/","logo":{"@type":"ImageObject","inLanguage":"de-DE","@id":"https:\/\/www.generalkinematics.com\/de\/#\/schema\/logo\/image\/","url":"https:\/\/media.generalkinematics.com\/wp-content\/uploads\/2018\/03\/logo.png","contentUrl":"https:\/\/media.generalkinematics.com\/wp-content\/uploads\/2018\/03\/logo.png","width":313,"height":100,"caption":"General Kinematics"},"image":{"@id":"https:\/\/www.generalkinematics.com\/de\/#\/schema\/logo\/image\/"},"sameAs":["https:\/\/www.facebook.com\/generalkinematics","https:\/\/x.com\/gkvibrating"]}]}},"_links":{"self":[{"href":"https:\/\/www.generalkinematics.com\/de\/wp-json\/wp\/v2\/pages\/40258","targetHints":{"allow":["GET"]}}],"collection":[{"href":"https:\/\/www.generalkinematics.com\/de\/wp-json\/wp\/v2\/pages"}],"about":[{"href":"https:\/\/www.generalkinematics.com\/de\/wp-json\/wp\/v2\/types\/page"}],"author":[{"embeddable":true,"href":"https:\/\/www.generalkinematics.com\/de\/wp-json\/wp\/v2\/users\/7"}],"replies":[{"embeddable":true,"href":"https:\/\/www.generalkinematics.com\/de\/wp-json\/wp\/v2\/comments?post=40258"}],"version-history":[{"count":0,"href":"https:\/\/www.generalkinematics.com\/de\/wp-json\/wp\/v2\/pages\/40258\/revisions"}],"wp:attachment":[{"href":"https:\/\/www.generalkinematics.com\/de\/wp-json\/wp\/v2\/media?parent=40258"}],"curies":[{"name":"wp","href":"https:\/\/api.w.org\/{rel}","templated":true}]}}