{"id":40601,"date":"2018-07-17T10:33:10","date_gmt":"2018-07-17T15:33:10","guid":{"rendered":"https:\/\/www.generalkinematics.com\/gk-werksicherheit\/"},"modified":"2018-07-17T10:34:32","modified_gmt":"2018-07-17T15:34:32","slug":"gk-werksicherheit","status":"publish","type":"page","link":"https:\/\/www.generalkinematics.com\/de\/gk-werksicherheit\/","title":{"rendered":"GK-Werksicherheit"},"content":{"rendered":"<h2>Werkstour Sicherheitsrichtlinien<\/h2>\n<p>Wenn Sie bei General Kinematics ankommen, parken Sie bitte auf dem Besucherparkplatz in der N\u00e4he des Haupteingangs. Nachdem Sie sich das Sicherheitsvideo angeschaut und die Geheimhaltungsvereinbarung unterschrieben haben, l\u00e4dt Sie unser Mitarbeiter im Empfang von GK ein, in unserer Lobby zu warten, bis Ihre Kontaktperson eintrifft.<\/p>\n<p>Die folgenden Informationen informieren Sie \u00fcber unsere aktuellen Richtlinien f\u00fcr Besuche in der Weltzentrale von General Kinematics.<\/p>\n<p><strong>Allgemeine Regeln<\/strong><\/p>\n<ul>\n<li>Bitte bleiben Sie w\u00e4hrend Ihres Besuchs bei Ihrem General Kinematics Ansprechpartner. Es ist nicht erlaubt, Bereiche der Anlage unbeaufsichtigt zu besuchen.<\/li>\n<li>Um eine effektive Kommunikation zu gew\u00e4hrleisten, achten Sie bitte darauf, dass Sie als Gruppe eng zusammenbleiben und die bereitgestellte Schutzausr\u00fcstung tragen.<\/li>\n<li>Bitte informieren Sie Ihren Kontakt vor Ihrem Besuch \u00fcber folgende Details: Titel, Vorname, Nachname und Firma. Namens\u00e4nderungen k\u00f6nnen bis zu 24 Stunden vor Ihrem Besuch vorgenommen werden.<\/li>\n<\/ul>\n<p><strong>Sicherheit<\/strong><\/p>\n<ul>\n<li>Bei Ihrem Besuch der Produktionsst\u00e4tte erhalten Sie die entsprechende pers\u00f6nliche Schutzausr\u00fcstung (PSA).<\/li>\n<li>Folgendes ist erforderlich: reflektierende Schutzjacke, Geh\u00f6rschutz, Schutzbrille.<\/li>\n<li>Das Rauchen ist nur in speziell ausgewiesenen Raucherbereichen erlaubt.<\/li>\n<li>Sandalen mit offenen Zehen oder High Heels sind nicht erlaubt. Bitte tragen Sie f\u00fcr die Tour enge Schuhe (Schuhe mit Stahlkappen sind nicht erforderlich). Hosen und bequeme Kleidung werden ebenfalls empfohlen.<\/li>\n<li>Bitte halten Sie sich innerhalb und au\u00dferhalb der Geb\u00e4ude an die Fu\u00dfg\u00e4ngerwege.<\/li>\n<li>Achten Sie in den Produktionsbereichen auf fahrerlose Transportfahrzeuge, Gabelstapler, Abschleppwagen und\/oder sich bewegende Maschinen.<\/li>\n<li>Das Ber\u00fchren von Maschinen und Equipment ist streng verboten, es sei denn, Ihr Besuch ist technisch.<\/li>\n<li>Sollte eine Notfallsituation eintreten, wenden Sie sich bitte an Ihren GK-Ansprechpartner, der Sie als Besucher \u00fcber den n\u00e4chstgelegenen Ausgang sicher aus dem Geb\u00e4ude f\u00fchrt.<\/li>\n<\/ul>\n<p><strong>Sicherheit<\/strong><\/p>\n<ul>\n<li>Filmausr\u00fcstung, einschlie\u00dflich Kameras und Mobiltelefone mit Kameras, sind nicht erlaubt. Mobiltelefone zum Fotografieren sind im gesamten Geb\u00e4ude nicht erlaubt.<\/li>\n<li>Besucherausweise m\u00fcssen w\u00e4hrend Ihres Besuchs sichtbar getragen werden.<\/li>\n<li>Das Mitf\u00fchren von Material au\u00dferhalb der Fabrik ist strengstens untersagt.<\/li>\n<\/ul>\n<p>Bitte \u00fcbermitteln Sie vor Ihrem Besuch den Namen und die Kontaktdaten Ihres Gruppenleiters. Sie k\u00f6nnen auch Frau Julie Snave unter der Nummer +1 815-455-3222 oder <a href=\"mailto:jsnave@generalkinematics.com\">jsnave@generalkinematics.com<\/a>informieren, falls am Tag Ihres Besuchs \u00c4nderungen oder Verz\u00f6gerungen auftreten.<\/p>\n<p>&nbsp;<\/p>\n<p>Vielen Dank f\u00fcr Ihre Zusammenarbeit!<\/p>\n<p><em>GK-Sicherheitsausschuss<\/em><\/p>\n","protected":false},"excerpt":{"rendered":"<p>Werkstour Sicherheitsrichtlinien Wenn Sie bei General Kinematics ankommen, parken Sie bitte auf dem Besucherparkplatz in der N\u00e4he des Haupteingangs. Nachdem Sie sich das Sicherheitsvideo angeschaut und die Geheimhaltungsvereinbarung unterschrieben haben, l\u00e4dt Sie unser Mitarbeiter im Empfang von GK ein, in unserer Lobby zu warten, bis Ihre Kontaktperson eintrifft. Die folgenden Informationen informieren Sie \u00fcber unsere [&hellip;]<\/p>\n","protected":false},"author":5,"featured_media":0,"parent":0,"menu_order":0,"comment_status":"closed","ping_status":"closed","template":"","meta":{"_acf_changed":false,"om_disable_all_campaigns":false,"ep_exclude_from_search":false,"footnotes":""},"class_list":["post-40601","page","type-page","status-publish","hentry"],"acf":[],"yoast_head":"<!-- This site is optimized with the Yoast SEO plugin v27.2 - https:\/\/yoast.com\/product\/yoast-seo-wordpress\/ -->\n<title>GK-Werksicherheit | General Kinematics<\/title>\n<meta name=\"robots\" content=\"index, follow, max-snippet:-1, max-image-preview:large, max-video-preview:-1\" \/>\n<link rel=\"canonical\" href=\"https:\/\/www.generalkinematics.com\/de\/gk-werksicherheit\/\" \/>\n<meta property=\"og:locale\" content=\"de_DE\" \/>\n<meta property=\"og:type\" content=\"article\" \/>\n<meta property=\"og:title\" content=\"GK-Werksicherheit | General Kinematics\" \/>\n<meta property=\"og:description\" content=\"Werkstour Sicherheitsrichtlinien Wenn Sie bei General Kinematics ankommen, parken Sie bitte auf dem Besucherparkplatz in der N\u00e4he des Haupteingangs. Nachdem Sie sich das Sicherheitsvideo angeschaut und die Geheimhaltungsvereinbarung unterschrieben haben, l\u00e4dt Sie unser Mitarbeiter im Empfang von GK ein, in unserer Lobby zu warten, bis Ihre Kontaktperson eintrifft. Die folgenden Informationen informieren Sie \u00fcber unsere [&hellip;]\" \/>\n<meta property=\"og:url\" content=\"https:\/\/www.generalkinematics.com\/de\/gk-werksicherheit\/\" \/>\n<meta property=\"og:site_name\" content=\"General Kinematics\" \/>\n<meta property=\"article:publisher\" content=\"https:\/\/www.facebook.com\/generalkinematics\" \/>\n<meta property=\"article:modified_time\" content=\"2018-07-17T15:34:32+00:00\" \/>\n<meta property=\"og:image\" content=\"https:\/\/media.generalkinematics.com\/wp-content\/uploads\/2017\/07\/GK-Icon.png\" \/>\n\t<meta property=\"og:image:width\" content=\"3000\" \/>\n\t<meta property=\"og:image:height\" content=\"3000\" \/>\n\t<meta property=\"og:image:type\" content=\"image\/jpeg\" \/>\n<meta name=\"twitter:card\" content=\"summary_large_image\" \/>\n<meta name=\"twitter:site\" content=\"@gkvibrating\" \/>\n<meta name=\"twitter:label1\" content=\"Gesch\u00e4tzte Lesezeit\" \/>\n\t<meta name=\"twitter:data1\" content=\"2 Minuten\" \/>\n<!-- \/ Yoast SEO plugin. -->","yoast_head_json":{"title":"GK-Werksicherheit | General Kinematics","robots":{"index":"index","follow":"follow","max-snippet":"max-snippet:-1","max-image-preview":"max-image-preview:large","max-video-preview":"max-video-preview:-1"},"canonical":"https:\/\/www.generalkinematics.com\/de\/gk-werksicherheit\/","og_locale":"de_DE","og_type":"article","og_title":"GK-Werksicherheit | General Kinematics","og_description":"Werkstour Sicherheitsrichtlinien Wenn Sie bei General Kinematics ankommen, parken Sie bitte auf dem Besucherparkplatz in der N\u00e4he des Haupteingangs. Nachdem Sie sich das Sicherheitsvideo angeschaut und die Geheimhaltungsvereinbarung unterschrieben haben, l\u00e4dt Sie unser Mitarbeiter im Empfang von GK ein, in unserer Lobby zu warten, bis Ihre Kontaktperson eintrifft. Die folgenden Informationen informieren Sie \u00fcber unsere [&hellip;]","og_url":"https:\/\/www.generalkinematics.com\/de\/gk-werksicherheit\/","og_site_name":"General Kinematics","article_publisher":"https:\/\/www.facebook.com\/generalkinematics","article_modified_time":"2018-07-17T15:34:32+00:00","og_image":[{"width":3000,"height":3000,"url":"https:\/\/media.generalkinematics.com\/wp-content\/uploads\/2017\/07\/GK-Icon.png","type":"image\/jpeg"}],"twitter_card":"summary_large_image","twitter_site":"@gkvibrating","twitter_misc":{"Gesch\u00e4tzte Lesezeit":"2 Minuten"},"schema":{"@context":"https:\/\/schema.org","@graph":[{"@type":"WebPage","@id":"https:\/\/www.generalkinematics.com\/de\/gk-werksicherheit\/","url":"https:\/\/www.generalkinematics.com\/de\/gk-werksicherheit\/","name":"GK-Werksicherheit | General Kinematics","isPartOf":{"@id":"https:\/\/www.generalkinematics.com\/de\/#website"},"datePublished":"2018-07-17T15:33:10+00:00","dateModified":"2018-07-17T15:34:32+00:00","breadcrumb":{"@id":"https:\/\/www.generalkinematics.com\/de\/gk-werksicherheit\/#breadcrumb"},"inLanguage":"de-DE","potentialAction":[{"@type":"ReadAction","target":["https:\/\/www.generalkinematics.com\/de\/gk-werksicherheit\/"]}]},{"@type":"BreadcrumbList","@id":"https:\/\/www.generalkinematics.com\/de\/gk-werksicherheit\/#breadcrumb","itemListElement":[{"@type":"ListItem","position":1,"name":"GK Home","item":"https:\/\/www.generalkinematics.com\/de\/"},{"@type":"ListItem","position":2,"name":"GK-Werksicherheit"}]},{"@type":"WebSite","@id":"https:\/\/www.generalkinematics.com\/de\/#website","url":"https:\/\/www.generalkinematics.com\/de\/","name":"General Kinematics","description":"","publisher":{"@id":"https:\/\/www.generalkinematics.com\/de\/#organization"},"potentialAction":[{"@type":"SearchAction","target":{"@type":"EntryPoint","urlTemplate":"https:\/\/www.generalkinematics.com\/de\/?s={search_term_string}"},"query-input":{"@type":"PropertyValueSpecification","valueRequired":true,"valueName":"search_term_string"}}],"inLanguage":"de-DE"},{"@type":"Organization","@id":"https:\/\/www.generalkinematics.com\/de\/#organization","name":"General Kinematics","url":"https:\/\/www.generalkinematics.com\/de\/","logo":{"@type":"ImageObject","inLanguage":"de-DE","@id":"https:\/\/www.generalkinematics.com\/de\/#\/schema\/logo\/image\/","url":"https:\/\/media.generalkinematics.com\/wp-content\/uploads\/2018\/03\/logo.png","contentUrl":"https:\/\/media.generalkinematics.com\/wp-content\/uploads\/2018\/03\/logo.png","width":313,"height":100,"caption":"General Kinematics"},"image":{"@id":"https:\/\/www.generalkinematics.com\/de\/#\/schema\/logo\/image\/"},"sameAs":["https:\/\/www.facebook.com\/generalkinematics","https:\/\/x.com\/gkvibrating"]}]}},"_links":{"self":[{"href":"https:\/\/www.generalkinematics.com\/de\/wp-json\/wp\/v2\/pages\/40601","targetHints":{"allow":["GET"]}}],"collection":[{"href":"https:\/\/www.generalkinematics.com\/de\/wp-json\/wp\/v2\/pages"}],"about":[{"href":"https:\/\/www.generalkinematics.com\/de\/wp-json\/wp\/v2\/types\/page"}],"author":[{"embeddable":true,"href":"https:\/\/www.generalkinematics.com\/de\/wp-json\/wp\/v2\/users\/5"}],"replies":[{"embeddable":true,"href":"https:\/\/www.generalkinematics.com\/de\/wp-json\/wp\/v2\/comments?post=40601"}],"version-history":[{"count":0,"href":"https:\/\/www.generalkinematics.com\/de\/wp-json\/wp\/v2\/pages\/40601\/revisions"}],"wp:attachment":[{"href":"https:\/\/www.generalkinematics.com\/de\/wp-json\/wp\/v2\/media?parent=40601"}],"curies":[{"name":"wp","href":"https:\/\/api.w.org\/{rel}","templated":true}]}}