{"id":41043,"date":"2013-08-01T17:15:30","date_gmt":"2013-08-01T22:15:30","guid":{"rendered":"https:\/\/www.generalkinematics.com\/gk-fe-labor\/"},"modified":"2018-08-30T05:40:56","modified_gmt":"2018-08-30T10:40:56","slug":"gk-fe-labor","status":"publish","type":"page","link":"https:\/\/www.generalkinematics.com\/de\/gk-fe-labor\/","title":{"rendered":"GK F&amp;E Labor"},"content":{"rendered":"<div class=\"wpb-content-wrapper\"><p>[vc_row][vc_column][vc_single_image image=&#8220;31059&#8243; img_size=&#8220;full&#8220; alignment=&#8220;center&#8220;][\/vc_column][\/vc_row][vc_row][vc_column width=&#8220;1\/3&#8243;][vc_single_image image=&#8220;30810&#8243; img_size=&#8220;medium&#8220; onclick=&#8220;custom_link&#8220; link=&#8220;\/material-testing\/&#8220;][\/vc_column][vc_column width=&#8220;1\/3&#8243;][vc_single_image image=&#8220;31023&#8243; img_size=&#8220;medium&#8220; onclick=&#8220;custom_link&#8220; link=&#8220;\/vibration-equipment\/&#8220;][\/vc_column][vc_column width=&#8220;1\/3&#8243;][vc_single_image image=&#8220;31028&#8243; img_size=&#8220;medium&#8220; onclick=&#8220;custom_link&#8220; img_link_target=&#8220;_blank&#8220; link=&#8220;https:\/\/www.discovergk.com\/&#8220;][\/vc_column][\/vc_row][vc_row][vc_column][vc_video link=&#8220;https:\/\/www.youtube.com\/watch?v=vsCgF-us0Ms&#8220; align=&#8220;center&#8220;][vc_column_text]<\/p>\n<hr \/>\n<h2>GK F&amp;E Labor<\/h2>\n<p>Eine der besten M\u00f6glichkeiten, um eine Investition in neues Equipment rechtzufertigen, besteht darin, zu wissen, dass es die Aufgabe erf\u00fcllen wird, f\u00fcr die Sie es brauchen, bevor Sie es kaufen. GK unterh\u00e4lt eine vollst\u00e4ndiges Sortiment mit Vibrationstechnologie, um Ihr Material vor dem Kauf zu qualifizieren.<\/p>\n<h3>Labor-Highlights<\/h3>\n<ul>\n<li>Vollzeit-Laborpersonal mit jahrzehntelanger Produkttest-Erfahrung kann schnell die beste GK-Technologie bestimmen, um Ihren Prozess zu verbessern.<\/li>\n<li>Option zur Anzeige von Qualifizierungsl\u00e4ufen vor Ort oder online \u00fcber pers\u00f6nliche Videoverbindungen.<\/li>\n<li>M\u00f6glichkeit, kleine Chargen-L\u00e4ufe f\u00fcr vollst\u00e4ndige Prozess-Tests auszuf\u00fchren.<\/li>\n<li>Materiallabor vor Ort zur Produktverifizierung.<\/li>\n<li>Vorf\u00fchrungen k\u00f6nnen auch in Ihrer Einrichtung durchgef\u00fchrt werden, um Materialien aus Ihrer Linie zu nutzen.<\/li>\n<\/ul>\n<h3>Erfahren Sie mehr \u00fcber unsere Labore:<\/h3>\n<p><img decoding=\"async\" class=\"alignleft wp-image-15999\" src=\"https:\/\/www.generalkinematics.com\/wp-content\/uploads\/2017\/06\/2017-06-13-12.22.28-390x260.png\" alt=\"\" width=\"149\" height=\"99\" srcset=\"https:\/\/www.generalkinematics.com\/wp-content\/uploads\/2017\/06\/2017-06-13-12.22.28-390x260.png 390w, https:\/\/www.generalkinematics.com\/wp-content\/uploads\/2017\/06\/2017-06-13-12.22.28-300x200.png 300w, https:\/\/www.generalkinematics.com\/wp-content\/uploads\/2017\/06\/2017-06-13-12.22.28-768x512.png 768w, https:\/\/www.generalkinematics.com\/wp-content\/uploads\/2017\/06\/2017-06-13-12.22.28-1024x683.png 1024w, https:\/\/www.generalkinematics.com\/wp-content\/uploads\/2017\/06\/2017-06-13-12.22.28-360x240.png 360w, https:\/\/www.generalkinematics.com\/wp-content\/uploads\/2017\/06\/2017-06-13-12.22.28-600x400.png 600w\" sizes=\"(max-width: 639px) 98vw, (max-width: 1199px) 64vw, 149px\" \/><\/p>\n<h4>Wirbelschicht-Labor:<\/h4>\n<p>Die Kleinchargentestanlage erm\u00f6glicht eine schnelle und genaue Berechnung von Materialeigenschaften und Parametern zur Bestimmung des Bedarfs an Vergr\u00f6\u00dferung und Prozessluft.<\/p>\n<hr \/>\n<p><img decoding=\"async\" class=\"alignleft wp-image-16000\" src=\"https:\/\/www.generalkinematics.com\/wp-content\/uploads\/2017\/06\/2017-06-13-12.23.01-390x257.png\" alt=\"\" width=\"151\" height=\"100\" srcset=\"https:\/\/www.generalkinematics.com\/wp-content\/uploads\/2017\/06\/2017-06-13-12.23.01-390x257.png 390w, https:\/\/www.generalkinematics.com\/wp-content\/uploads\/2017\/06\/2017-06-13-12.23.01-300x200.png 300w, https:\/\/www.generalkinematics.com\/wp-content\/uploads\/2017\/06\/2017-06-13-12.23.01-768x507.png 768w, https:\/\/www.generalkinematics.com\/wp-content\/uploads\/2017\/06\/2017-06-13-12.23.01-1024x675.png 1024w, https:\/\/www.generalkinematics.com\/wp-content\/uploads\/2017\/06\/2017-06-13-12.23.01-360x240.png 360w, https:\/\/www.generalkinematics.com\/wp-content\/uploads\/2017\/06\/2017-06-13-12.23.01-600x400.png 600w\" sizes=\"(max-width: 639px) 98vw, (max-width: 1199px) 64vw, 151px\" \/><\/p>\n<h4>Materiallabor:<\/h4>\n<p>GK (gk service) verfolgt bei der Verarbeitung Ihres Produkts einen Full-Service-Ansatz einschlie\u00dflich der Analyse, sofern erforderlich. Die F\u00e4higkeiten unseres Materiallabors schlie\u00dfen die Analyse von nassen und trockenen Partikeln, Feuchtigkeitsanalyse, die mikroskopische Bildgebung und vieles mehr ein.<\/p>\n<hr \/>\n<p><img decoding=\"async\" class=\"alignleft wp-image-6574\" src=\"https:\/\/www.generalkinematics.com\/wp-content\/uploads\/classifier-1.jpg\" alt=\"Klassifizierungseinheit\" width=\"150\" height=\"108\" \/><\/p>\n<h4>Klassifikations-\/Sieb-Labor:<\/h4>\n<p>Material sortieren ist eine Spezialit\u00e4t im GK-Labor. Wenn Sie Produkte nach Gr\u00f6\u00dfe oder Materialart sieben, sortieren, klassifizieren oder trennen m\u00fcssen, verf\u00fcgt GK \u00fcber die Technologie, um Ihre Ziele zu erreichen.<\/p>\n<hr \/>\n<p><img decoding=\"async\" class=\"alignleft wp-image-6575\" src=\"https:\/\/www.generalkinematics.com\/wp-content\/uploads\/foundry-1.jpg\" alt=\"Gie\u00dferei\" width=\"150\" height=\"108\" \/><\/p>\n<h4>Gie\u00dferei-Labor:<\/h4>\n<p>Von der Separation von Gussteilen am Ausschlagrost bis hin zur Sand- und R\u00fcckstandsr\u00fcckgewinnung wird Ihr Produkt im GK-Gie\u00dferei-Labor vor dem Kauf getestet, um zu \u00fcberpr\u00fcfen, welche Ergebnisse Sie erzielen werden.[\/vc_column_text][\/vc_column][\/vc_row]<\/p>\n<\/div>","protected":false},"excerpt":{"rendered":"<p>[vc_row][vc_column][vc_single_image image=&#8220;31059&#8243; img_size=&#8220;full&#8220; alignment=&#8220;center&#8220;][\/vc_column][\/vc_row][vc_row][vc_column width=&#8220;1\/3&#8243;][vc_single_image image=&#8220;30810&#8243; img_size=&#8220;medium&#8220; onclick=&#8220;custom_link&#8220; link=&#8220;\/material-testing\/&#8220;][\/vc_column][vc_column width=&#8220;1\/3&#8243;][vc_single_image image=&#8220;31023&#8243; img_size=&#8220;medium&#8220; onclick=&#8220;custom_link&#8220; link=&#8220;\/vibration-equipment\/&#8220;][\/vc_column][vc_column width=&#8220;1\/3&#8243;][vc_single_image image=&#8220;31028&#8243; img_size=&#8220;medium&#8220; onclick=&#8220;custom_link&#8220; img_link_target=&#8220;_blank&#8220; link=&#8220;https:\/\/www.discovergk.com\/&#8220;][\/vc_column][\/vc_row][vc_row][vc_column][vc_video link=&#8220;https:\/\/www.youtube.com\/watch?v=vsCgF-us0Ms&#8220; align=&#8220;center&#8220;][vc_column_text] GK F&amp;E Labor Eine der besten M\u00f6glichkeiten, um eine Investition in neues Equipment rechtzufertigen, besteht darin, zu wissen, dass es die Aufgabe erf\u00fcllen wird, f\u00fcr die Sie es brauchen, bevor Sie es kaufen. [&hellip;]<\/p>\n","protected":false},"author":2,"featured_media":0,"parent":0,"menu_order":0,"comment_status":"closed","ping_status":"closed","template":"page-templates\/page-full-width.php","meta":{"_acf_changed":false,"om_disable_all_campaigns":false,"ep_exclude_from_search":false,"footnotes":""},"class_list":["post-41043","page","type-page","status-publish","hentry"],"acf":[],"yoast_head":"<!-- This site is optimized with the Yoast SEO plugin v27.2 - https:\/\/yoast.com\/product\/yoast-seo-wordpress\/ -->\n<title>GK F&amp;E Labor | General Kinematics<\/title>\n<meta name=\"robots\" content=\"index, follow, max-snippet:-1, max-image-preview:large, max-video-preview:-1\" \/>\n<link rel=\"canonical\" href=\"https:\/\/www.generalkinematics.com\/de\/gk-fe-labor\/\" \/>\n<meta property=\"og:locale\" content=\"de_DE\" \/>\n<meta property=\"og:type\" content=\"article\" \/>\n<meta property=\"og:title\" content=\"GK F&amp;E Labor | General Kinematics\" \/>\n<meta property=\"og:description\" content=\"[vc_row][vc_column][vc_single_image image=&#8220;31059&#8243; img_size=&#8220;full&#8220; alignment=&#8220;center&#8220;][\/vc_column][\/vc_row][vc_row][vc_column width=&#8220;1\/3&#8243;][vc_single_image image=&#8220;30810&#8243; img_size=&#8220;medium&#8220; onclick=&#8220;custom_link&#8220; link=&#8220;\/material-testing\/&#8220;][\/vc_column][vc_column width=&#8220;1\/3&#8243;][vc_single_image image=&#8220;31023&#8243; img_size=&#8220;medium&#8220; onclick=&#8220;custom_link&#8220; link=&#8220;\/vibration-equipment\/&#8220;][\/vc_column][vc_column width=&#8220;1\/3&#8243;][vc_single_image image=&#8220;31028&#8243; img_size=&#8220;medium&#8220; onclick=&#8220;custom_link&#8220; img_link_target=&#8220;_blank&#8220; link=&#8220;https:\/\/www.discovergk.com\/&#8220;][\/vc_column][\/vc_row][vc_row][vc_column][vc_video link=&#8220;https:\/\/www.youtube.com\/watch?v=vsCgF-us0Ms&#8220; align=&#8220;center&#8220;][vc_column_text] GK F&amp;E Labor Eine der besten M\u00f6glichkeiten, um eine Investition in neues Equipment rechtzufertigen, besteht darin, zu wissen, dass es die Aufgabe erf\u00fcllen wird, f\u00fcr die Sie es brauchen, bevor Sie es kaufen. [&hellip;]\" \/>\n<meta property=\"og:url\" content=\"https:\/\/www.generalkinematics.com\/de\/gk-fe-labor\/\" \/>\n<meta property=\"og:site_name\" content=\"General Kinematics\" \/>\n<meta property=\"article:publisher\" content=\"https:\/\/www.facebook.com\/generalkinematics\" \/>\n<meta property=\"article:modified_time\" content=\"2018-08-30T10:40:56+00:00\" \/>\n<meta property=\"og:image\" content=\"https:\/\/www.generalkinematics.com\/wp-content\/uploads\/2017\/06\/2017-06-13-12.22.28-390x260.png\" \/>\n<meta name=\"twitter:card\" content=\"summary_large_image\" \/>\n<meta name=\"twitter:site\" content=\"@gkvibrating\" \/>\n<meta name=\"twitter:label1\" content=\"Gesch\u00e4tzte Lesezeit\" \/>\n\t<meta name=\"twitter:data1\" content=\"2 Minuten\" \/>\n<!-- \/ Yoast SEO plugin. -->","yoast_head_json":{"title":"GK F&amp;E Labor | General Kinematics","robots":{"index":"index","follow":"follow","max-snippet":"max-snippet:-1","max-image-preview":"max-image-preview:large","max-video-preview":"max-video-preview:-1"},"canonical":"https:\/\/www.generalkinematics.com\/de\/gk-fe-labor\/","og_locale":"de_DE","og_type":"article","og_title":"GK F&amp;E Labor | General Kinematics","og_description":"[vc_row][vc_column][vc_single_image image=&#8220;31059&#8243; img_size=&#8220;full&#8220; alignment=&#8220;center&#8220;][\/vc_column][\/vc_row][vc_row][vc_column width=&#8220;1\/3&#8243;][vc_single_image image=&#8220;30810&#8243; img_size=&#8220;medium&#8220; onclick=&#8220;custom_link&#8220; link=&#8220;\/material-testing\/&#8220;][\/vc_column][vc_column width=&#8220;1\/3&#8243;][vc_single_image image=&#8220;31023&#8243; img_size=&#8220;medium&#8220; onclick=&#8220;custom_link&#8220; link=&#8220;\/vibration-equipment\/&#8220;][\/vc_column][vc_column width=&#8220;1\/3&#8243;][vc_single_image image=&#8220;31028&#8243; img_size=&#8220;medium&#8220; onclick=&#8220;custom_link&#8220; img_link_target=&#8220;_blank&#8220; link=&#8220;https:\/\/www.discovergk.com\/&#8220;][\/vc_column][\/vc_row][vc_row][vc_column][vc_video link=&#8220;https:\/\/www.youtube.com\/watch?v=vsCgF-us0Ms&#8220; align=&#8220;center&#8220;][vc_column_text] GK F&amp;E Labor Eine der besten M\u00f6glichkeiten, um eine Investition in neues Equipment rechtzufertigen, besteht darin, zu wissen, dass es die Aufgabe erf\u00fcllen wird, f\u00fcr die Sie es brauchen, bevor Sie es kaufen. [&hellip;]","og_url":"https:\/\/www.generalkinematics.com\/de\/gk-fe-labor\/","og_site_name":"General Kinematics","article_publisher":"https:\/\/www.facebook.com\/generalkinematics","article_modified_time":"2018-08-30T10:40:56+00:00","og_image":[{"url":"https:\/\/www.generalkinematics.com\/wp-content\/uploads\/2017\/06\/2017-06-13-12.22.28-390x260.png","type":"","width":"","height":""}],"twitter_card":"summary_large_image","twitter_site":"@gkvibrating","twitter_misc":{"Gesch\u00e4tzte Lesezeit":"2 Minuten"},"schema":{"@context":"https:\/\/schema.org","@graph":[{"@type":"WebPage","@id":"https:\/\/www.generalkinematics.com\/de\/gk-fe-labor\/","url":"https:\/\/www.generalkinematics.com\/de\/gk-fe-labor\/","name":"GK F&amp;E Labor | General Kinematics","isPartOf":{"@id":"https:\/\/www.generalkinematics.com\/de\/#website"},"primaryImageOfPage":{"@id":"https:\/\/www.generalkinematics.com\/de\/gk-fe-labor\/#primaryimage"},"image":{"@id":"https:\/\/www.generalkinematics.com\/de\/gk-fe-labor\/#primaryimage"},"thumbnailUrl":"https:\/\/www.generalkinematics.com\/wp-content\/uploads\/2017\/06\/2017-06-13-12.22.28-390x260.png","datePublished":"2013-08-01T22:15:30+00:00","dateModified":"2018-08-30T10:40:56+00:00","breadcrumb":{"@id":"https:\/\/www.generalkinematics.com\/de\/gk-fe-labor\/#breadcrumb"},"inLanguage":"de-DE","potentialAction":[{"@type":"ReadAction","target":["https:\/\/www.generalkinematics.com\/de\/gk-fe-labor\/"]}]},{"@type":"ImageObject","inLanguage":"de-DE","@id":"https:\/\/www.generalkinematics.com\/de\/gk-fe-labor\/#primaryimage","url":"https:\/\/www.generalkinematics.com\/wp-content\/uploads\/2017\/06\/2017-06-13-12.22.28-390x260.png","contentUrl":"https:\/\/www.generalkinematics.com\/wp-content\/uploads\/2017\/06\/2017-06-13-12.22.28-390x260.png"},{"@type":"BreadcrumbList","@id":"https:\/\/www.generalkinematics.com\/de\/gk-fe-labor\/#breadcrumb","itemListElement":[{"@type":"ListItem","position":1,"name":"GK Home","item":"https:\/\/www.generalkinematics.com\/de\/"},{"@type":"ListItem","position":2,"name":"GK F&amp;E Labor"}]},{"@type":"WebSite","@id":"https:\/\/www.generalkinematics.com\/de\/#website","url":"https:\/\/www.generalkinematics.com\/de\/","name":"General Kinematics","description":"","publisher":{"@id":"https:\/\/www.generalkinematics.com\/de\/#organization"},"potentialAction":[{"@type":"SearchAction","target":{"@type":"EntryPoint","urlTemplate":"https:\/\/www.generalkinematics.com\/de\/?s={search_term_string}"},"query-input":{"@type":"PropertyValueSpecification","valueRequired":true,"valueName":"search_term_string"}}],"inLanguage":"de-DE"},{"@type":"Organization","@id":"https:\/\/www.generalkinematics.com\/de\/#organization","name":"General Kinematics","url":"https:\/\/www.generalkinematics.com\/de\/","logo":{"@type":"ImageObject","inLanguage":"de-DE","@id":"https:\/\/www.generalkinematics.com\/de\/#\/schema\/logo\/image\/","url":"https:\/\/media.generalkinematics.com\/wp-content\/uploads\/2018\/03\/logo.png","contentUrl":"https:\/\/media.generalkinematics.com\/wp-content\/uploads\/2018\/03\/logo.png","width":313,"height":100,"caption":"General Kinematics"},"image":{"@id":"https:\/\/www.generalkinematics.com\/de\/#\/schema\/logo\/image\/"},"sameAs":["https:\/\/www.facebook.com\/generalkinematics","https:\/\/x.com\/gkvibrating"]}]}},"_links":{"self":[{"href":"https:\/\/www.generalkinematics.com\/de\/wp-json\/wp\/v2\/pages\/41043","targetHints":{"allow":["GET"]}}],"collection":[{"href":"https:\/\/www.generalkinematics.com\/de\/wp-json\/wp\/v2\/pages"}],"about":[{"href":"https:\/\/www.generalkinematics.com\/de\/wp-json\/wp\/v2\/types\/page"}],"author":[{"embeddable":true,"href":"https:\/\/www.generalkinematics.com\/de\/wp-json\/wp\/v2\/users\/2"}],"replies":[{"embeddable":true,"href":"https:\/\/www.generalkinematics.com\/de\/wp-json\/wp\/v2\/comments?post=41043"}],"version-history":[{"count":0,"href":"https:\/\/www.generalkinematics.com\/de\/wp-json\/wp\/v2\/pages\/41043\/revisions"}],"wp:attachment":[{"href":"https:\/\/www.generalkinematics.com\/de\/wp-json\/wp\/v2\/media?parent=41043"}],"curies":[{"name":"wp","href":"https:\/\/api.w.org\/{rel}","templated":true}]}}