{"id":41053,"date":"2018-07-30T10:46:52","date_gmt":"2018-07-30T15:46:52","guid":{"rendered":"https:\/\/www.generalkinematics.com\/general-kinematics-werkzeug-shop-bekleidungs-store-general-kinematics\/"},"modified":"2020-01-28T17:39:32","modified_gmt":"2020-01-28T23:39:32","slug":"general-kinematics-werkzeug-shop-bekleidungs-store-general-kinematics","status":"publish","type":"page","link":"https:\/\/www.generalkinematics.com\/de\/general-kinematics-werkzeug-shop-bekleidungs-store-general-kinematics\/","title":{"rendered":"Werkzeug und Bekleidungs-Store"},"content":{"rendered":"<p>Auf der Suche nach dem neuesten General Kinematics-Werkzeug und Bekleidung? Es war noch nie einfacher! Mit unserem neuen Kinematics Store k\u00f6nnen Sie direkt \u00fcber unsere Website eines der unten aufgef\u00fchrten Produkte bestellen. Wir versenden es direkt zu Ihnen! Ob Sie H\u00fcte und Jacken f\u00fcr unterwegs suchen oder Werkzeuge, die Ihnen bei der Arbeit helfen, hier finden Sie alles.<\/p>\n<div style=\"margin-top: 100px;\"><div class=\"woocommerce columns-4 \"><\/div><\/div>\n<style>\n<p>.price{display:none}<\/p>\n<\/style>\n","protected":false},"excerpt":{"rendered":"<p>Auf der Suche nach dem neuesten General Kinematics-Werkzeug und Bekleidung? Es war noch nie einfacher! Mit unserem neuen Kinematics Store k\u00f6nnen Sie direkt \u00fcber unsere Website eines der unten aufgef\u00fchrten Produkte bestellen. Wir versenden es direkt zu Ihnen! Ob Sie H\u00fcte und Jacken f\u00fcr unterwegs suchen oder Werkzeuge, die Ihnen bei der Arbeit helfen, hier [&hellip;]<\/p>\n","protected":false},"author":5,"featured_media":0,"parent":0,"menu_order":0,"comment_status":"closed","ping_status":"closed","template":"page-templates\/page-full-width.php","meta":{"_acf_changed":false,"om_disable_all_campaigns":false,"ep_exclude_from_search":false,"footnotes":""},"class_list":["post-41053","page","type-page","status-publish","hentry"],"acf":[],"yoast_head":"<!-- This site is optimized with the Yoast SEO plugin v27.2 - https:\/\/yoast.com\/product\/yoast-seo-wordpress\/ -->\n<title>General Kinematics Werkzeug und Bekleidungs-Store | General Kinematics<\/title>\n<meta name=\"description\" content=\"Der General Kinematics Store verkauft Werkzeug und Bekleidung, um Ihren Kinematics Bedarf abzudecken. Sehen Sie sich unsere Auswahl an, um das Werkzeug zu finden, das Sie brauchen, oder kaufen Sie eine GK Baseballkappe!\" \/>\n<meta name=\"robots\" content=\"index, follow, max-snippet:-1, max-image-preview:large, max-video-preview:-1\" \/>\n<link rel=\"canonical\" href=\"https:\/\/www.generalkinematics.com\/de\/general-kinematics-werkzeug-shop-bekleidungs-store-general-kinematics\/\" \/>\n<meta property=\"og:locale\" content=\"de_DE\" \/>\n<meta property=\"og:type\" content=\"article\" \/>\n<meta property=\"og:title\" content=\"General Kinematics Werkzeug und Bekleidungs-Store | General Kinematics\" \/>\n<meta property=\"og:description\" content=\"Der General Kinematics Store verkauft Werkzeug und Bekleidung, um Ihren Kinematics Bedarf abzudecken. Sehen Sie sich unsere Auswahl an, um das Werkzeug zu finden, das Sie brauchen, oder kaufen Sie eine GK Baseballkappe!\" \/>\n<meta property=\"og:url\" content=\"https:\/\/www.generalkinematics.com\/de\/general-kinematics-werkzeug-shop-bekleidungs-store-general-kinematics\/\" \/>\n<meta property=\"og:site_name\" content=\"General Kinematics\" \/>\n<meta property=\"article:publisher\" content=\"https:\/\/www.facebook.com\/generalkinematics\" \/>\n<meta property=\"article:modified_time\" content=\"2020-01-28T23:39:32+00:00\" \/>\n<meta property=\"og:image\" content=\"https:\/\/media.generalkinematics.com\/wp-content\/uploads\/2017\/07\/GK-Icon.png\" \/>\n\t<meta property=\"og:image:width\" content=\"3000\" \/>\n\t<meta property=\"og:image:height\" content=\"3000\" \/>\n\t<meta property=\"og:image:type\" content=\"image\/jpeg\" \/>\n<meta name=\"twitter:card\" content=\"summary_large_image\" \/>\n<meta name=\"twitter:site\" content=\"@gkvibrating\" \/>\n<!-- \/ Yoast SEO plugin. -->","yoast_head_json":{"title":"General Kinematics Werkzeug und Bekleidungs-Store | General Kinematics","description":"Der General Kinematics Store verkauft Werkzeug und Bekleidung, um Ihren Kinematics Bedarf abzudecken. Sehen Sie sich unsere Auswahl an, um das Werkzeug zu finden, das Sie brauchen, oder kaufen Sie eine GK Baseballkappe!","robots":{"index":"index","follow":"follow","max-snippet":"max-snippet:-1","max-image-preview":"max-image-preview:large","max-video-preview":"max-video-preview:-1"},"canonical":"https:\/\/www.generalkinematics.com\/de\/general-kinematics-werkzeug-shop-bekleidungs-store-general-kinematics\/","og_locale":"de_DE","og_type":"article","og_title":"General Kinematics Werkzeug und Bekleidungs-Store | General Kinematics","og_description":"Der General Kinematics Store verkauft Werkzeug und Bekleidung, um Ihren Kinematics Bedarf abzudecken. Sehen Sie sich unsere Auswahl an, um das Werkzeug zu finden, das Sie brauchen, oder kaufen Sie eine GK Baseballkappe!","og_url":"https:\/\/www.generalkinematics.com\/de\/general-kinematics-werkzeug-shop-bekleidungs-store-general-kinematics\/","og_site_name":"General Kinematics","article_publisher":"https:\/\/www.facebook.com\/generalkinematics","article_modified_time":"2020-01-28T23:39:32+00:00","og_image":[{"width":3000,"height":3000,"url":"https:\/\/media.generalkinematics.com\/wp-content\/uploads\/2017\/07\/GK-Icon.png","type":"image\/jpeg"}],"twitter_card":"summary_large_image","twitter_site":"@gkvibrating","schema":{"@context":"https:\/\/schema.org","@graph":[{"@type":"WebPage","@id":"https:\/\/www.generalkinematics.com\/de\/general-kinematics-werkzeug-shop-bekleidungs-store-general-kinematics\/","url":"https:\/\/www.generalkinematics.com\/de\/general-kinematics-werkzeug-shop-bekleidungs-store-general-kinematics\/","name":"General Kinematics Werkzeug und Bekleidungs-Store | General Kinematics","isPartOf":{"@id":"https:\/\/www.generalkinematics.com\/de\/#website"},"datePublished":"2018-07-30T15:46:52+00:00","dateModified":"2020-01-28T23:39:32+00:00","description":"Der General Kinematics Store verkauft Werkzeug und Bekleidung, um Ihren Kinematics Bedarf abzudecken. Sehen Sie sich unsere Auswahl an, um das Werkzeug zu finden, das Sie brauchen, oder kaufen Sie eine GK Baseballkappe!","breadcrumb":{"@id":"https:\/\/www.generalkinematics.com\/de\/general-kinematics-werkzeug-shop-bekleidungs-store-general-kinematics\/#breadcrumb"},"inLanguage":"de-DE","potentialAction":[{"@type":"ReadAction","target":["https:\/\/www.generalkinematics.com\/de\/general-kinematics-werkzeug-shop-bekleidungs-store-general-kinematics\/"]}]},{"@type":"BreadcrumbList","@id":"https:\/\/www.generalkinematics.com\/de\/general-kinematics-werkzeug-shop-bekleidungs-store-general-kinematics\/#breadcrumb","itemListElement":[{"@type":"ListItem","position":1,"name":"GK Home","item":"https:\/\/www.generalkinematics.com\/de\/"},{"@type":"ListItem","position":2,"name":"Werkzeug und Bekleidungs-Store"}]},{"@type":"WebSite","@id":"https:\/\/www.generalkinematics.com\/de\/#website","url":"https:\/\/www.generalkinematics.com\/de\/","name":"General Kinematics","description":"","publisher":{"@id":"https:\/\/www.generalkinematics.com\/de\/#organization"},"potentialAction":[{"@type":"SearchAction","target":{"@type":"EntryPoint","urlTemplate":"https:\/\/www.generalkinematics.com\/de\/?s={search_term_string}"},"query-input":{"@type":"PropertyValueSpecification","valueRequired":true,"valueName":"search_term_string"}}],"inLanguage":"de-DE"},{"@type":"Organization","@id":"https:\/\/www.generalkinematics.com\/de\/#organization","name":"General Kinematics","url":"https:\/\/www.generalkinematics.com\/de\/","logo":{"@type":"ImageObject","inLanguage":"de-DE","@id":"https:\/\/www.generalkinematics.com\/de\/#\/schema\/logo\/image\/","url":"https:\/\/media.generalkinematics.com\/wp-content\/uploads\/2018\/03\/logo.png","contentUrl":"https:\/\/media.generalkinematics.com\/wp-content\/uploads\/2018\/03\/logo.png","width":313,"height":100,"caption":"General Kinematics"},"image":{"@id":"https:\/\/www.generalkinematics.com\/de\/#\/schema\/logo\/image\/"},"sameAs":["https:\/\/www.facebook.com\/generalkinematics","https:\/\/x.com\/gkvibrating"]}]}},"_links":{"self":[{"href":"https:\/\/www.generalkinematics.com\/de\/wp-json\/wp\/v2\/pages\/41053","targetHints":{"allow":["GET"]}}],"collection":[{"href":"https:\/\/www.generalkinematics.com\/de\/wp-json\/wp\/v2\/pages"}],"about":[{"href":"https:\/\/www.generalkinematics.com\/de\/wp-json\/wp\/v2\/types\/page"}],"author":[{"embeddable":true,"href":"https:\/\/www.generalkinematics.com\/de\/wp-json\/wp\/v2\/users\/5"}],"replies":[{"embeddable":true,"href":"https:\/\/www.generalkinematics.com\/de\/wp-json\/wp\/v2\/comments?post=41053"}],"version-history":[{"count":0,"href":"https:\/\/www.generalkinematics.com\/de\/wp-json\/wp\/v2\/pages\/41053\/revisions"}],"wp:attachment":[{"href":"https:\/\/www.generalkinematics.com\/de\/wp-json\/wp\/v2\/media?parent=41053"}],"curies":[{"name":"wp","href":"https:\/\/api.w.org\/{rel}","templated":true}]}}