{"id":41097,"date":"2018-07-30T11:03:04","date_gmt":"2018-07-30T16:03:04","guid":{"rendered":"https:\/\/www.generalkinematics.com\/gifa-2015\/"},"modified":"2018-09-25T11:12:40","modified_gmt":"2018-09-25T16:12:40","slug":"gifa-2015","status":"publish","type":"page","link":"https:\/\/www.generalkinematics.com\/de\/gifa-2015\/","title":{"rendered":"GIFA 2015"},"content":{"rendered":"","protected":false},"excerpt":{"rendered":"","protected":false},"author":5,"featured_media":0,"parent":0,"menu_order":0,"comment_status":"open","ping_status":"closed","template":"","meta":{"_acf_changed":false,"om_disable_all_campaigns":false,"ep_exclude_from_search":false,"footnotes":""},"class_list":["post-41097","page","type-page","status-publish","hentry"],"acf":[],"yoast_head":"<!-- This site is optimized with the Yoast SEO plugin v27.2 - https:\/\/yoast.com\/product\/yoast-seo-wordpress\/ -->\n<title>GIFA Fachmesse D\u00fcsseldorf | General Kinematics<\/title>\n<meta name=\"description\" content=\"Erfahren Sie mehr \u00fcber die GIFA Fachmesse D\u00fcsseldorf, die wichtigste Giesserei Leitmesse mit technischem Forum. Viele Aussteller wie General Kinematics nutzen diese Plattform um Kontakte zu kn\u00fcpfen.\" \/>\n<meta name=\"robots\" content=\"index, follow, max-snippet:-1, max-image-preview:large, max-video-preview:-1\" \/>\n<link rel=\"canonical\" href=\"https:\/\/www.generalkinematics.com\/de\/gifa-2015\/\" \/>\n<meta property=\"og:locale\" content=\"de_DE\" \/>\n<meta property=\"og:type\" content=\"article\" \/>\n<meta property=\"og:title\" content=\"GIFA Fachmesse D\u00fcsseldorf | General Kinematics\" \/>\n<meta property=\"og:description\" content=\"Erfahren Sie mehr \u00fcber die GIFA Fachmesse D\u00fcsseldorf, die wichtigste Giesserei Leitmesse mit technischem Forum. Viele Aussteller wie General Kinematics nutzen diese Plattform um Kontakte zu kn\u00fcpfen.\" \/>\n<meta property=\"og:url\" content=\"https:\/\/www.generalkinematics.com\/de\/gifa-2015\/\" \/>\n<meta property=\"og:site_name\" content=\"General Kinematics\" \/>\n<meta property=\"article:publisher\" content=\"https:\/\/www.facebook.com\/generalkinematics\" \/>\n<meta property=\"article:modified_time\" content=\"2018-09-25T16:12:40+00:00\" \/>\n<meta property=\"og:image\" content=\"https:\/\/media.generalkinematics.com\/wp-content\/uploads\/2017\/07\/GK-Icon.png\" \/>\n\t<meta property=\"og:image:width\" content=\"3000\" \/>\n\t<meta property=\"og:image:height\" content=\"3000\" \/>\n\t<meta property=\"og:image:type\" content=\"image\/jpeg\" \/>\n<meta name=\"twitter:card\" content=\"summary_large_image\" \/>\n<meta name=\"twitter:site\" content=\"@gkvibrating\" \/>\n<!-- \/ Yoast SEO plugin. -->","yoast_head_json":{"title":"GIFA Fachmesse D\u00fcsseldorf | General Kinematics","description":"Erfahren Sie mehr \u00fcber die GIFA Fachmesse D\u00fcsseldorf, die wichtigste Giesserei Leitmesse mit technischem Forum. Viele Aussteller wie General Kinematics nutzen diese Plattform um Kontakte zu kn\u00fcpfen.","robots":{"index":"index","follow":"follow","max-snippet":"max-snippet:-1","max-image-preview":"max-image-preview:large","max-video-preview":"max-video-preview:-1"},"canonical":"https:\/\/www.generalkinematics.com\/de\/gifa-2015\/","og_locale":"de_DE","og_type":"article","og_title":"GIFA Fachmesse D\u00fcsseldorf | General Kinematics","og_description":"Erfahren Sie mehr \u00fcber die GIFA Fachmesse D\u00fcsseldorf, die wichtigste Giesserei Leitmesse mit technischem Forum. Viele Aussteller wie General Kinematics nutzen diese Plattform um Kontakte zu kn\u00fcpfen.","og_url":"https:\/\/www.generalkinematics.com\/de\/gifa-2015\/","og_site_name":"General Kinematics","article_publisher":"https:\/\/www.facebook.com\/generalkinematics","article_modified_time":"2018-09-25T16:12:40+00:00","og_image":[{"width":3000,"height":3000,"url":"https:\/\/media.generalkinematics.com\/wp-content\/uploads\/2017\/07\/GK-Icon.png","type":"image\/jpeg"}],"twitter_card":"summary_large_image","twitter_site":"@gkvibrating","schema":{"@context":"https:\/\/schema.org","@graph":[{"@type":"WebPage","@id":"https:\/\/www.generalkinematics.com\/de\/gifa-2015\/","url":"https:\/\/www.generalkinematics.com\/de\/gifa-2015\/","name":"GIFA Fachmesse D\u00fcsseldorf | General Kinematics","isPartOf":{"@id":"https:\/\/www.generalkinematics.com\/de\/#website"},"datePublished":"2018-07-30T16:03:04+00:00","dateModified":"2018-09-25T16:12:40+00:00","description":"Erfahren Sie mehr \u00fcber die GIFA Fachmesse D\u00fcsseldorf, die wichtigste Giesserei Leitmesse mit technischem Forum. Viele Aussteller wie General Kinematics nutzen diese Plattform um Kontakte zu kn\u00fcpfen.","breadcrumb":{"@id":"https:\/\/www.generalkinematics.com\/de\/gifa-2015\/#breadcrumb"},"inLanguage":"de-DE","potentialAction":[{"@type":"ReadAction","target":["https:\/\/www.generalkinematics.com\/de\/gifa-2015\/"]}]},{"@type":"BreadcrumbList","@id":"https:\/\/www.generalkinematics.com\/de\/gifa-2015\/#breadcrumb","itemListElement":[{"@type":"ListItem","position":1,"name":"GK Home","item":"https:\/\/www.generalkinematics.com\/de\/"},{"@type":"ListItem","position":2,"name":"GIFA 2015"}]},{"@type":"WebSite","@id":"https:\/\/www.generalkinematics.com\/de\/#website","url":"https:\/\/www.generalkinematics.com\/de\/","name":"General Kinematics","description":"","publisher":{"@id":"https:\/\/www.generalkinematics.com\/de\/#organization"},"potentialAction":[{"@type":"SearchAction","target":{"@type":"EntryPoint","urlTemplate":"https:\/\/www.generalkinematics.com\/de\/?s={search_term_string}"},"query-input":{"@type":"PropertyValueSpecification","valueRequired":true,"valueName":"search_term_string"}}],"inLanguage":"de-DE"},{"@type":"Organization","@id":"https:\/\/www.generalkinematics.com\/de\/#organization","name":"General Kinematics","url":"https:\/\/www.generalkinematics.com\/de\/","logo":{"@type":"ImageObject","inLanguage":"de-DE","@id":"https:\/\/www.generalkinematics.com\/de\/#\/schema\/logo\/image\/","url":"https:\/\/media.generalkinematics.com\/wp-content\/uploads\/2018\/03\/logo.png","contentUrl":"https:\/\/media.generalkinematics.com\/wp-content\/uploads\/2018\/03\/logo.png","width":313,"height":100,"caption":"General Kinematics"},"image":{"@id":"https:\/\/www.generalkinematics.com\/de\/#\/schema\/logo\/image\/"},"sameAs":["https:\/\/www.facebook.com\/generalkinematics","https:\/\/x.com\/gkvibrating"]}]}},"_links":{"self":[{"href":"https:\/\/www.generalkinematics.com\/de\/wp-json\/wp\/v2\/pages\/41097","targetHints":{"allow":["GET"]}}],"collection":[{"href":"https:\/\/www.generalkinematics.com\/de\/wp-json\/wp\/v2\/pages"}],"about":[{"href":"https:\/\/www.generalkinematics.com\/de\/wp-json\/wp\/v2\/types\/page"}],"author":[{"embeddable":true,"href":"https:\/\/www.generalkinematics.com\/de\/wp-json\/wp\/v2\/users\/5"}],"replies":[{"embeddable":true,"href":"https:\/\/www.generalkinematics.com\/de\/wp-json\/wp\/v2\/comments?post=41097"}],"version-history":[{"count":0,"href":"https:\/\/www.generalkinematics.com\/de\/wp-json\/wp\/v2\/pages\/41097\/revisions"}],"wp:attachment":[{"href":"https:\/\/www.generalkinematics.com\/de\/wp-json\/wp\/v2\/media?parent=41097"}],"curies":[{"name":"wp","href":"https:\/\/api.w.org\/{rel}","templated":true}]}}