{"id":41104,"date":"2015-03-16T10:21:23","date_gmt":"2015-03-16T15:21:23","guid":{"rendered":"https:\/\/www.generalkinematics.com\/artikel-von-dry-cargo-international\/"},"modified":"2018-09-27T14:23:14","modified_gmt":"2018-09-27T19:23:14","slug":"artikel-von-dry-cargo-international","status":"publish","type":"page","link":"https:\/\/www.generalkinematics.com\/de\/gk-technisches-zentrum\/artikel-von-dry-cargo-international\/","title":{"rendered":"Artikel von Dry Cargo International"},"content":{"rendered":"<h1>Dry Cargo International: \u201eKohle-Handhabungsl\u00f6sung von Kinematik\u201c<\/h1>\n<p>Dry Cargo International (DCI) schrieb einen Artikel \u00fcber die Zwei-Massen-Technologie in vibrierendem Equipment von General Kinematics.<\/p>\n<p><strong>Klicken Sie auf das PDF-Symbol, um sich den Artikel im Vollbildmodus anzeigen zu lassen und zu lesen!<\/strong><\/p>\n<p><iframe src=\"https:\/\/cdns.snacktools.net\/flipsnack\/embed_https.html?hash=fdtmqtpty&amp;wmode=window&amp;bgcolor=EEEEEE&amp;t=1426522455\" width=\"640\" height=\"385\" frameborder=\"0\" scrolling=\"no\"><\/iframe><\/p>\n","protected":false},"excerpt":{"rendered":"<p>Dry Cargo International: \u201eKohle-Handhabungsl\u00f6sung von Kinematik\u201c Dry Cargo International (DCI) schrieb einen Artikel \u00fcber die Zwei-Massen-Technologie in vibrierendem Equipment von General Kinematics. Klicken Sie auf das PDF-Symbol, um sich den Artikel im Vollbildmodus anzeigen zu lassen und zu lesen!<\/p>\n","protected":false},"author":5,"featured_media":0,"parent":41225,"menu_order":0,"comment_status":"open","ping_status":"closed","template":"","meta":{"_acf_changed":false,"om_disable_all_campaigns":false,"ep_exclude_from_search":false,"footnotes":""},"class_list":["post-41104","page","type-page","status-publish","hentry"],"acf":[],"yoast_head":"<!-- This site is optimized with the Yoast SEO plugin v27.2 - https:\/\/yoast.com\/product\/yoast-seo-wordpress\/ -->\n<title>Kinematische Kohlef\u00f6rderung | General Kinematics<\/title>\n<meta name=\"description\" content=\"Lesen Sie den aufschlussreichen Artikel von Dry Cargo International (DCI) \u00fcber die enormen Vorteile der kinematischen Kohlef\u00f6rderung mit Vibrationsger\u00e4ten von General Kinematics.\" \/>\n<meta name=\"robots\" content=\"index, follow, max-snippet:-1, max-image-preview:large, max-video-preview:-1\" \/>\n<link rel=\"canonical\" href=\"https:\/\/www.generalkinematics.com\/de\/gk-technisches-zentrum\/artikel-von-dry-cargo-international\/\" \/>\n<meta property=\"og:locale\" content=\"de_DE\" \/>\n<meta property=\"og:type\" content=\"article\" \/>\n<meta property=\"og:title\" content=\"Kinematische Kohlef\u00f6rderung | General Kinematics\" \/>\n<meta property=\"og:description\" content=\"Lesen Sie den aufschlussreichen Artikel von Dry Cargo International (DCI) \u00fcber die enormen Vorteile der kinematischen Kohlef\u00f6rderung mit Vibrationsger\u00e4ten von General Kinematics.\" \/>\n<meta property=\"og:url\" content=\"https:\/\/www.generalkinematics.com\/de\/gk-technisches-zentrum\/artikel-von-dry-cargo-international\/\" \/>\n<meta property=\"og:site_name\" content=\"General Kinematics\" \/>\n<meta property=\"article:publisher\" content=\"https:\/\/www.facebook.com\/generalkinematics\" \/>\n<meta property=\"article:modified_time\" content=\"2018-09-27T19:23:14+00:00\" \/>\n<meta property=\"og:image\" content=\"https:\/\/media.generalkinematics.com\/wp-content\/uploads\/2017\/07\/GK-Icon.png\" \/>\n\t<meta property=\"og:image:width\" content=\"3000\" \/>\n\t<meta property=\"og:image:height\" content=\"3000\" \/>\n\t<meta property=\"og:image:type\" content=\"image\/jpeg\" \/>\n<meta name=\"twitter:card\" content=\"summary_large_image\" \/>\n<meta name=\"twitter:site\" content=\"@gkvibrating\" \/>\n<!-- \/ Yoast SEO plugin. -->","yoast_head_json":{"title":"Kinematische Kohlef\u00f6rderung | General Kinematics","description":"Lesen Sie den aufschlussreichen Artikel von Dry Cargo International (DCI) \u00fcber die enormen Vorteile der kinematischen Kohlef\u00f6rderung mit Vibrationsger\u00e4ten von General Kinematics.","robots":{"index":"index","follow":"follow","max-snippet":"max-snippet:-1","max-image-preview":"max-image-preview:large","max-video-preview":"max-video-preview:-1"},"canonical":"https:\/\/www.generalkinematics.com\/de\/gk-technisches-zentrum\/artikel-von-dry-cargo-international\/","og_locale":"de_DE","og_type":"article","og_title":"Kinematische Kohlef\u00f6rderung | General Kinematics","og_description":"Lesen Sie den aufschlussreichen Artikel von Dry Cargo International (DCI) \u00fcber die enormen Vorteile der kinematischen Kohlef\u00f6rderung mit Vibrationsger\u00e4ten von General Kinematics.","og_url":"https:\/\/www.generalkinematics.com\/de\/gk-technisches-zentrum\/artikel-von-dry-cargo-international\/","og_site_name":"General Kinematics","article_publisher":"https:\/\/www.facebook.com\/generalkinematics","article_modified_time":"2018-09-27T19:23:14+00:00","og_image":[{"width":3000,"height":3000,"url":"https:\/\/media.generalkinematics.com\/wp-content\/uploads\/2017\/07\/GK-Icon.png","type":"image\/jpeg"}],"twitter_card":"summary_large_image","twitter_site":"@gkvibrating","schema":{"@context":"https:\/\/schema.org","@graph":[{"@type":"WebPage","@id":"https:\/\/www.generalkinematics.com\/de\/gk-technisches-zentrum\/artikel-von-dry-cargo-international\/","url":"https:\/\/www.generalkinematics.com\/de\/gk-technisches-zentrum\/artikel-von-dry-cargo-international\/","name":"Kinematische Kohlef\u00f6rderung | General Kinematics","isPartOf":{"@id":"https:\/\/www.generalkinematics.com\/de\/#website"},"datePublished":"2015-03-16T15:21:23+00:00","dateModified":"2018-09-27T19:23:14+00:00","description":"Lesen Sie den aufschlussreichen Artikel von Dry Cargo International (DCI) \u00fcber die enormen Vorteile der kinematischen Kohlef\u00f6rderung mit Vibrationsger\u00e4ten von General Kinematics.","breadcrumb":{"@id":"https:\/\/www.generalkinematics.com\/de\/gk-technisches-zentrum\/artikel-von-dry-cargo-international\/#breadcrumb"},"inLanguage":"de-DE","potentialAction":[{"@type":"ReadAction","target":["https:\/\/www.generalkinematics.com\/de\/gk-technisches-zentrum\/artikel-von-dry-cargo-international\/"]}]},{"@type":"BreadcrumbList","@id":"https:\/\/www.generalkinematics.com\/de\/gk-technisches-zentrum\/artikel-von-dry-cargo-international\/#breadcrumb","itemListElement":[{"@type":"ListItem","position":1,"name":"GK Home","item":"https:\/\/www.generalkinematics.com\/de\/"},{"@type":"ListItem","position":2,"name":"GK Technisches Zentrum","item":"https:\/\/www.generalkinematics.com\/de\/gk-technisches-zentrum\/"},{"@type":"ListItem","position":3,"name":"Artikel von Dry Cargo International"}]},{"@type":"WebSite","@id":"https:\/\/www.generalkinematics.com\/de\/#website","url":"https:\/\/www.generalkinematics.com\/de\/","name":"General Kinematics","description":"","publisher":{"@id":"https:\/\/www.generalkinematics.com\/de\/#organization"},"potentialAction":[{"@type":"SearchAction","target":{"@type":"EntryPoint","urlTemplate":"https:\/\/www.generalkinematics.com\/de\/?s={search_term_string}"},"query-input":{"@type":"PropertyValueSpecification","valueRequired":true,"valueName":"search_term_string"}}],"inLanguage":"de-DE"},{"@type":"Organization","@id":"https:\/\/www.generalkinematics.com\/de\/#organization","name":"General Kinematics","url":"https:\/\/www.generalkinematics.com\/de\/","logo":{"@type":"ImageObject","inLanguage":"de-DE","@id":"https:\/\/www.generalkinematics.com\/de\/#\/schema\/logo\/image\/","url":"https:\/\/media.generalkinematics.com\/wp-content\/uploads\/2018\/03\/logo.png","contentUrl":"https:\/\/media.generalkinematics.com\/wp-content\/uploads\/2018\/03\/logo.png","width":313,"height":100,"caption":"General Kinematics"},"image":{"@id":"https:\/\/www.generalkinematics.com\/de\/#\/schema\/logo\/image\/"},"sameAs":["https:\/\/www.facebook.com\/generalkinematics","https:\/\/x.com\/gkvibrating"]}]}},"_links":{"self":[{"href":"https:\/\/www.generalkinematics.com\/de\/wp-json\/wp\/v2\/pages\/41104","targetHints":{"allow":["GET"]}}],"collection":[{"href":"https:\/\/www.generalkinematics.com\/de\/wp-json\/wp\/v2\/pages"}],"about":[{"href":"https:\/\/www.generalkinematics.com\/de\/wp-json\/wp\/v2\/types\/page"}],"author":[{"embeddable":true,"href":"https:\/\/www.generalkinematics.com\/de\/wp-json\/wp\/v2\/users\/5"}],"replies":[{"embeddable":true,"href":"https:\/\/www.generalkinematics.com\/de\/wp-json\/wp\/v2\/comments?post=41104"}],"version-history":[{"count":0,"href":"https:\/\/www.generalkinematics.com\/de\/wp-json\/wp\/v2\/pages\/41104\/revisions"}],"up":[{"embeddable":true,"href":"https:\/\/www.generalkinematics.com\/de\/wp-json\/wp\/v2\/pages\/41225"}],"wp:attachment":[{"href":"https:\/\/www.generalkinematics.com\/de\/wp-json\/wp\/v2\/media?parent=41104"}],"curies":[{"name":"wp","href":"https:\/\/api.w.org\/{rel}","templated":true}]}}