{"id":41213,"date":"2018-08-07T05:33:55","date_gmt":"2018-08-07T10:33:55","guid":{"rendered":"https:\/\/www.generalkinematics.com\/para-mount-kapazitaten-diagramme\/"},"modified":"2018-09-25T11:39:31","modified_gmt":"2018-09-25T16:39:31","slug":"para-mount-kapazitaten-diagramme","status":"publish","type":"page","link":"https:\/\/www.generalkinematics.com\/de\/para-mount-kapazitaten-diagramme\/","title":{"rendered":"Para-Mount Kapazit\u00e4ten-Diagramme"},"content":{"rendered":"<p><a href=\"\/?page_id=1262\">Vibrations-Beschickungsanlagen (vibrating feeders info)<\/a> | <a href=\"\/?page_id=1264\">Un-Coaler-Aktivierungs-\/Beschickungsanlagen<\/a> | <a href=\"\/?page_id=1266\">Technische Daten<\/a> | <a href=\"\/?page_id=1268\">Teile und Wartung<\/a>&nbsp;<\/p>\n<h1 class=\"pagetitle\">PARA-MOUNT\u00ae-VIBRATIONS-BESCHICKUNGSANLAGEN (vibrating feeders info)<\/h1>\n<h2 class=\"products_headline2\">Kapazit\u00e4ten<\/h2>\n<p>&nbsp;<\/p>\n<hr \/>\n<p><img decoding=\"async\" alt=\"\" src=\"https:\/\/www.generalkinematics.com\/wp-content\/uploads\/2012\/05\/capacitychart-1.png\" width=\"350\" height=\"556\" align=\"right\" \/><\/p>\n<p>&nbsp;<\/p>\n<p class=\"bodytext14\">Wenn Sie derzeit eine General Kinematics <strong>PARA-MOUNT\u00ae<\/strong>-Beschickungsanlage haben und die Kapazit\u00e4t ermitteln m\u00f6chten, die Sie aus der Maschine herausholen k\u00f6nnen, beachten Sie die Tabelle rechts. (general kinematics service)<\/p>\n<p>&nbsp;<\/p>\n<p class=\"bodytext14\">Die in der Tabelle aufgef\u00fchrten Kapazit\u00e4ten sind Richtwerte zur Bestimmung der empfohlenen Trogbreite und basieren auf einer bekannten Sch\u00fcttgutdichte und der gew\u00fcnschten Kapazit\u00e4t.<\/p>\n<p>&nbsp;<\/p>\n<p class=\"bodytext14\">Beispielsweise sucht man 650 Tonnen Kohle pro Stunde bei 50 PCF. Ziehen Sie eine horizontale Linie von 650 auf der vertikalen Achse bis zum Schnittpunkt der Linie, die von 50 auf der horizontalen Achse verl\u00e4ngert wird. Dieser Schnittpunkt ergibt einen 60&quot; breiten Trog.<\/p>\n<p>&nbsp;<\/p>\n<p class=\"bodytext14\">Die Tabelle sollte nur als Richtwert verwendet werden, weil die F\u00f6rderraten von Materialeigenschaften wie Partikelgr\u00f6\u00dfenverteilung, Feuchtigkeitsgehalt, Sch\u00fcttwinkel und Sch\u00fcttdichte abh\u00e4ngen. Die maximale Materialbewegung wird durch Absenken der Beschickungsanlage in \u00dcbereinstimmung mit der Bunker\u00f6ffnung, dem Sch\u00fcttwinkel und der Beschickungsanlagenl\u00e4nge erreicht.<\/p>\n<p>&nbsp;<\/p>\n<p class=\"bodytext14\">Manchmal ist es notwendig, die Breite und L\u00e4nge der Beschickungsanlage basierend auf der minimalen Bunker\u00f6ffnung zu bestimmen, die erforderlich ist, um eine Materialbr\u00fcckenbildung zu verhindern.<\/p>\n<p>&nbsp;<\/p>\n<p class=\"bodytext14\">Wenn Sie eine <strong>PARA-MOUNT\u00ae<\/strong>-Beschickungsanlage in einer neuen Anwendung installieren m\u00f6chten, die sich von der urspr\u00fcnglichen Anwendung unterscheidet, <a href=\"https:\/\/www.generalkinematics.com\/de\/kontakt-general-kinematics\/\">wenden Sie sich bitte an General Kinematics, um Informationen zur Installation und Optimierung zu erhalten.<\/a> (general kinematics service)<\/p>\n","protected":false},"excerpt":{"rendered":"<p>Vibrations-Beschickungsanlagen (vibrating feeders info) | Un-Coaler-Aktivierungs-\/Beschickungsanlagen | Technische Daten | Teile und Wartung&nbsp; PARA-MOUNT\u00ae-VIBRATIONS-BESCHICKUNGSANLAGEN (vibrating feeders info) Kapazit\u00e4ten &nbsp; &nbsp; Wenn Sie derzeit eine General Kinematics PARA-MOUNT\u00ae-Beschickungsanlage haben und die Kapazit\u00e4t ermitteln m\u00f6chten, die Sie aus der Maschine herausholen k\u00f6nnen, beachten Sie die Tabelle rechts. (general kinematics service) &nbsp; Die in der Tabelle aufgef\u00fchrten Kapazit\u00e4ten [&hellip;]<\/p>\n","protected":false},"author":5,"featured_media":0,"parent":0,"menu_order":0,"comment_status":"open","ping_status":"open","template":"","meta":{"_acf_changed":false,"om_disable_all_campaigns":false,"ep_exclude_from_search":false,"footnotes":""},"class_list":["post-41213","page","type-page","status-publish","hentry"],"acf":[],"yoast_head":"<!-- This site is optimized with the Yoast SEO plugin v27.2 - https:\/\/yoast.com\/product\/yoast-seo-wordpress\/ -->\n<title>Schwingrinnen Info | General Kinematics<\/title>\n<meta name=\"description\" content=\"Holen Sie sich Info zu den bew\u00e4hrten Schwingrinnen von General Kinematics. Eine Kombination aus Leistung &amp; wartungsfreiem Betrieb machen unsere Vibrationsf\u00f6rderer ideal f\u00fcr anspruchsvolle Anwendungen.\" \/>\n<meta name=\"robots\" content=\"index, follow, max-snippet:-1, max-image-preview:large, max-video-preview:-1\" \/>\n<link rel=\"canonical\" href=\"https:\/\/www.generalkinematics.com\/de\/para-mount-kapazitaten-diagramme\/\" \/>\n<meta property=\"og:locale\" content=\"de_DE\" \/>\n<meta property=\"og:type\" content=\"article\" \/>\n<meta property=\"og:title\" content=\"Schwingrinnen Info | General Kinematics\" \/>\n<meta property=\"og:description\" content=\"Holen Sie sich Info zu den bew\u00e4hrten Schwingrinnen von General Kinematics. Eine Kombination aus Leistung &amp; wartungsfreiem Betrieb machen unsere Vibrationsf\u00f6rderer ideal f\u00fcr anspruchsvolle Anwendungen.\" \/>\n<meta property=\"og:url\" content=\"https:\/\/www.generalkinematics.com\/de\/para-mount-kapazitaten-diagramme\/\" \/>\n<meta property=\"og:site_name\" content=\"General Kinematics\" \/>\n<meta property=\"article:publisher\" content=\"https:\/\/www.facebook.com\/generalkinematics\" \/>\n<meta property=\"article:modified_time\" content=\"2018-09-25T16:39:31+00:00\" \/>\n<meta property=\"og:image\" content=\"https:\/\/www.generalkinematics.com\/wp-content\/uploads\/2012\/05\/capacitychart-1.png\" \/>\n<meta name=\"twitter:card\" content=\"summary_large_image\" \/>\n<meta name=\"twitter:site\" content=\"@gkvibrating\" \/>\n<meta name=\"twitter:label1\" content=\"Gesch\u00e4tzte Lesezeit\" \/>\n\t<meta name=\"twitter:data1\" content=\"1 Minute\" \/>\n<!-- \/ Yoast SEO plugin. -->","yoast_head_json":{"title":"Schwingrinnen Info | General Kinematics","description":"Holen Sie sich Info zu den bew\u00e4hrten Schwingrinnen von General Kinematics. Eine Kombination aus Leistung & wartungsfreiem Betrieb machen unsere Vibrationsf\u00f6rderer ideal f\u00fcr anspruchsvolle Anwendungen.","robots":{"index":"index","follow":"follow","max-snippet":"max-snippet:-1","max-image-preview":"max-image-preview:large","max-video-preview":"max-video-preview:-1"},"canonical":"https:\/\/www.generalkinematics.com\/de\/para-mount-kapazitaten-diagramme\/","og_locale":"de_DE","og_type":"article","og_title":"Schwingrinnen Info | General Kinematics","og_description":"Holen Sie sich Info zu den bew\u00e4hrten Schwingrinnen von General Kinematics. Eine Kombination aus Leistung & wartungsfreiem Betrieb machen unsere Vibrationsf\u00f6rderer ideal f\u00fcr anspruchsvolle Anwendungen.","og_url":"https:\/\/www.generalkinematics.com\/de\/para-mount-kapazitaten-diagramme\/","og_site_name":"General Kinematics","article_publisher":"https:\/\/www.facebook.com\/generalkinematics","article_modified_time":"2018-09-25T16:39:31+00:00","og_image":[{"url":"https:\/\/www.generalkinematics.com\/wp-content\/uploads\/2012\/05\/capacitychart-1.png","type":"","width":"","height":""}],"twitter_card":"summary_large_image","twitter_site":"@gkvibrating","twitter_misc":{"Gesch\u00e4tzte Lesezeit":"1 Minute"},"schema":{"@context":"https:\/\/schema.org","@graph":[{"@type":"WebPage","@id":"https:\/\/www.generalkinematics.com\/de\/para-mount-kapazitaten-diagramme\/","url":"https:\/\/www.generalkinematics.com\/de\/para-mount-kapazitaten-diagramme\/","name":"Schwingrinnen Info | General Kinematics","isPartOf":{"@id":"https:\/\/www.generalkinematics.com\/de\/#website"},"primaryImageOfPage":{"@id":"https:\/\/www.generalkinematics.com\/de\/para-mount-kapazitaten-diagramme\/#primaryimage"},"image":{"@id":"https:\/\/www.generalkinematics.com\/de\/para-mount-kapazitaten-diagramme\/#primaryimage"},"thumbnailUrl":"https:\/\/www.generalkinematics.com\/wp-content\/uploads\/2012\/05\/capacitychart-1.png","datePublished":"2018-08-07T10:33:55+00:00","dateModified":"2018-09-25T16:39:31+00:00","description":"Holen Sie sich Info zu den bew\u00e4hrten Schwingrinnen von General Kinematics. Eine Kombination aus Leistung & wartungsfreiem Betrieb machen unsere Vibrationsf\u00f6rderer ideal f\u00fcr anspruchsvolle Anwendungen.","breadcrumb":{"@id":"https:\/\/www.generalkinematics.com\/de\/para-mount-kapazitaten-diagramme\/#breadcrumb"},"inLanguage":"de-DE","potentialAction":[{"@type":"ReadAction","target":["https:\/\/www.generalkinematics.com\/de\/para-mount-kapazitaten-diagramme\/"]}]},{"@type":"ImageObject","inLanguage":"de-DE","@id":"https:\/\/www.generalkinematics.com\/de\/para-mount-kapazitaten-diagramme\/#primaryimage","url":"https:\/\/www.generalkinematics.com\/wp-content\/uploads\/2012\/05\/capacitychart-1.png","contentUrl":"https:\/\/www.generalkinematics.com\/wp-content\/uploads\/2012\/05\/capacitychart-1.png"},{"@type":"BreadcrumbList","@id":"https:\/\/www.generalkinematics.com\/de\/para-mount-kapazitaten-diagramme\/#breadcrumb","itemListElement":[{"@type":"ListItem","position":1,"name":"GK Home","item":"https:\/\/www.generalkinematics.com\/de\/"},{"@type":"ListItem","position":2,"name":"Para-Mount Kapazit\u00e4ten-Diagramme"}]},{"@type":"WebSite","@id":"https:\/\/www.generalkinematics.com\/de\/#website","url":"https:\/\/www.generalkinematics.com\/de\/","name":"General Kinematics","description":"","publisher":{"@id":"https:\/\/www.generalkinematics.com\/de\/#organization"},"potentialAction":[{"@type":"SearchAction","target":{"@type":"EntryPoint","urlTemplate":"https:\/\/www.generalkinematics.com\/de\/?s={search_term_string}"},"query-input":{"@type":"PropertyValueSpecification","valueRequired":true,"valueName":"search_term_string"}}],"inLanguage":"de-DE"},{"@type":"Organization","@id":"https:\/\/www.generalkinematics.com\/de\/#organization","name":"General Kinematics","url":"https:\/\/www.generalkinematics.com\/de\/","logo":{"@type":"ImageObject","inLanguage":"de-DE","@id":"https:\/\/www.generalkinematics.com\/de\/#\/schema\/logo\/image\/","url":"https:\/\/media.generalkinematics.com\/wp-content\/uploads\/2018\/03\/logo.png","contentUrl":"https:\/\/media.generalkinematics.com\/wp-content\/uploads\/2018\/03\/logo.png","width":313,"height":100,"caption":"General Kinematics"},"image":{"@id":"https:\/\/www.generalkinematics.com\/de\/#\/schema\/logo\/image\/"},"sameAs":["https:\/\/www.facebook.com\/generalkinematics","https:\/\/x.com\/gkvibrating"]}]}},"_links":{"self":[{"href":"https:\/\/www.generalkinematics.com\/de\/wp-json\/wp\/v2\/pages\/41213","targetHints":{"allow":["GET"]}}],"collection":[{"href":"https:\/\/www.generalkinematics.com\/de\/wp-json\/wp\/v2\/pages"}],"about":[{"href":"https:\/\/www.generalkinematics.com\/de\/wp-json\/wp\/v2\/types\/page"}],"author":[{"embeddable":true,"href":"https:\/\/www.generalkinematics.com\/de\/wp-json\/wp\/v2\/users\/5"}],"replies":[{"embeddable":true,"href":"https:\/\/www.generalkinematics.com\/de\/wp-json\/wp\/v2\/comments?post=41213"}],"version-history":[{"count":0,"href":"https:\/\/www.generalkinematics.com\/de\/wp-json\/wp\/v2\/pages\/41213\/revisions"}],"wp:attachment":[{"href":"https:\/\/www.generalkinematics.com\/de\/wp-json\/wp\/v2\/media?parent=41213"}],"curies":[{"name":"wp","href":"https:\/\/api.w.org\/{rel}","templated":true}]}}