{"id":41221,"date":"2012-05-06T00:13:35","date_gmt":"2012-05-06T05:13:35","guid":{"rendered":"https:\/\/www.generalkinematics.com\/gk-vibration\/"},"modified":"2024-12-06T11:06:07","modified_gmt":"2024-12-06T17:06:07","slug":"gk-vibration","status":"publish","type":"page","link":"https:\/\/www.generalkinematics.com\/de\/gk-vibration\/","title":{"rendered":"GK Vibration"},"content":{"rendered":"<div class=\"wpb-content-wrapper\"><p>[vc_row][vc_column][vc_column_text css=&#8220;&#8220;]<\/p>\n<h3 style=\"text-align: center;\">General Kinematics (general kinematics service) ist stolz auf seine Kundenorientierung mit dem Ziel, L\u00f6sungen zu bieten, die die Erwartungen \u00fcbertreffen. Nachfolgend finden Sie einige der Kommentare, die wir von unseren Kunden erhalten haben.<\/h3>\n<p>&nbsp;<\/p>\n<p>[\/vc_column_text][\/vc_column][\/vc_row][vc_row][vc_column][vc_empty_space height=&#8220;64px&#8220;][\/vc_column][\/vc_row][vc_row][vc_column][vc_empty_space height=&#8220;64px&#8220;][\/vc_column][\/vc_row][vc_row][vc_column width=&#8220;1\/2&#8243;][vc_column_text]<\/p>\n<h2 style=\"text-align: left;\">Teilen Sie Ihre GK-Geschichte<\/h2>\n<p>M\u00f6chten Sie Ihre Erfahrung mit GK teilen?\u00a0<a href=\"https:\/\/www.generalkinematics.com\/de\/sagen-sie-uns-ihre-meinung-uber-gk\/\">Lassen Sie es uns wissen!<\/a>[\/vc_column_text][\/vc_column][vc_column width=&#8220;1\/2&#8243;][vc_column_text]<\/p>\n<h2 style=\"text-align: center;\">Ressourcenwiederherstellung in Aktion<\/h2>\n<p style=\"text-align: center;\"><a href=\"http:\/\/client.recyclingtoday.com\/generalkinematics\/\" target=\"_blank\" rel=\"noopener\">Besuchen Sie unsere Seite mit Profilen und Informationen \u00fcber GK-Kunden und deren Erfahrungen mit unserem Equipment anzusehen!<\/a><\/p>\n<p>&nbsp;<\/p>\n<h3 style=\"text-align: center;\">\u00a0<a href=\"http:\/\/client.recyclingtoday.com\/generalkinematics\/\" target=\"_blank\" rel=\"noopener\"><img decoding=\"async\" class=\"wp-image-32310 size-medium aligncenter\" src=\"https:\/\/www.generalkinematics.com\/wp-content\/uploads\/2017\/10\/profiles-390x99.jpg\" alt=\"\" width=\"390\" height=\"99\" srcset=\"https:\/\/www.generalkinematics.com\/wp-content\/uploads\/2017\/10\/profiles-390x99.jpg 390w, https:\/\/www.generalkinematics.com\/wp-content\/uploads\/2017\/10\/profiles-300x77.jpg 300w, https:\/\/www.generalkinematics.com\/wp-content\/uploads\/2017\/10\/profiles-768x196.jpg 768w, https:\/\/www.generalkinematics.com\/wp-content\/uploads\/2017\/10\/profiles.jpg 980w\" sizes=\"(max-width: 639px) 98vw, (max-width: 1199px) 64vw, 390px\" \/><\/a><\/h3>\n<p>[\/vc_column_text][\/vc_column][\/vc_row][vc_row][vc_column][vc_empty_space height=&#8220;64px&#8220;][\/vc_column][\/vc_row][vc_row][vc_column][vc_empty_space height=&#8220;64px&#8220;][\/vc_column][\/vc_row][vc_row][vc_column width=&#8220;1\/2&#8243;][vc_column_text]<\/p>\n<h3 style=\"text-align: center;\"><\/h3>\n<p style=\"text-align: left;\"><span style=\"font-weight: 400;\"><img decoding=\"async\" class=\"wp-image-32235 alignleft\" src=\"https:\/\/www.generalkinematics.com\/wp-content\/uploads\/2017\/10\/Clock-1.png\" alt=\"\" width=\"133\" height=\"133\" srcset=\"https:\/\/www.generalkinematics.com\/wp-content\/uploads\/2017\/10\/Clock-1.png 348w, https:\/\/www.generalkinematics.com\/wp-content\/uploads\/2017\/10\/Clock-1-200x200.png 200w, https:\/\/www.generalkinematics.com\/wp-content\/uploads\/2017\/10\/Clock-1-300x300.png 300w, https:\/\/www.generalkinematics.com\/wp-content\/uploads\/2017\/10\/Clock-1-100x100.png 100w, https:\/\/www.generalkinematics.com\/wp-content\/uploads\/2017\/10\/Clock-1-150x150.png 150w, https:\/\/www.generalkinematics.com\/wp-content\/uploads\/2017\/10\/Clock-1-250x250.png 250w, https:\/\/www.generalkinematics.com\/wp-content\/uploads\/2017\/10\/Clock-1-50x50.png 50w, https:\/\/www.generalkinematics.com\/wp-content\/uploads\/2017\/10\/Clock-1-600x600.png 600w, https:\/\/www.generalkinematics.com\/wp-content\/uploads\/2017\/10\/Clock-1-90x90.png 90w, https:\/\/www.generalkinematics.com\/wp-content\/uploads\/2017\/10\/Clock-1-125x125.png 125w\" sizes=\"(max-width: 639px) 98vw, (max-width: 1199px) 64vw, 133px\" \/>\u201eZwei unserer Werke haben <\/span><span style=\"font-weight: 400;\">GK-Siebe, die 20 Stunden\/Tag, 6 Tage\/Woche laufen<\/span><span style=\"font-weight: 400;\">. <\/span><span style=\"font-weight: 400;\">Das robuste Design von GK hat zu minimalen Ausfallzeiten gef\u00fchrt. Unserem Instandhaltungspersonal gef\u00e4llt dies. Die Siebe haben fantastisch funktioniert und sind ein wichtiger Teil unseres Herstellungsprozesses&#8220;.<\/span><\/p>\n<p style=\"text-align: right;\"><span style=\"font-weight: 400;\"> &#8211; <\/span><b><i>Rashid Shakir, Dir. of Engineering, American Wood Fibers<\/i><\/b><\/p>\n<p>&nbsp;<\/p>\n<p>&nbsp;<\/p>\n<p>&nbsp;<\/p>\n<p>[\/vc_column_text][\/vc_column][vc_column width=&#8220;1\/2&#8243;][vc_column_text css_animation=&#8220;slideInUp&#8220;]<img decoding=\"async\" class=\"wp-image-32275 alignleft\" src=\"https:\/\/www.generalkinematics.com\/wp-content\/uploads\/2017\/10\/pen-paper.png\" alt=\"\" width=\"93\" height=\"100\" srcset=\"https:\/\/www.generalkinematics.com\/wp-content\/uploads\/2017\/10\/pen-paper.png 321w, https:\/\/www.generalkinematics.com\/wp-content\/uploads\/2017\/10\/pen-paper-300x322.png 300w\" sizes=\"(max-width: 639px) 98vw, (max-width: 1199px) 64vw, 93px\" \/><\/p>\n<p style=\"text-align: left;\">\u201eWir sch\u00e4tzen die Hilfe, die wir von General Kinematics (general kinematics service) bei der Entwicklung unseres Reklamationssystems erhalten haben, sehr.\u00a0 Es kommen alle Teile zusammen und wir sind <span style=\"text-align: right;\">sehr gespannt auf das Endergebnis, nachdem wir unser System in Betrieb genommen haben&#8220;.<\/span><\/p>\n<p style=\"text-align: right;\"><strong><em>&#8211; Brad More, Project Manager, Badger Alloys<\/em><\/strong><\/p>\n<p>[\/vc_column_text][\/vc_column][\/vc_row][vc_row][vc_column][vc_empty_space][\/vc_column][\/vc_row][vc_row][vc_column width=&#8220;1\/2&#8243;][vc_column_text css_animation=&#8220;slideInUp&#8220;]<img decoding=\"async\" class=\"wp-image-32265 alignleft\" src=\"https:\/\/www.generalkinematics.com\/wp-content\/uploads\/2017\/10\/hard-hat-390x286.png\" alt=\"\" width=\"124\" height=\"91\" srcset=\"https:\/\/www.generalkinematics.com\/wp-content\/uploads\/2017\/10\/hard-hat-390x286.png 390w, https:\/\/www.generalkinematics.com\/wp-content\/uploads\/2017\/10\/hard-hat-300x220.png 300w, https:\/\/www.generalkinematics.com\/wp-content\/uploads\/2017\/10\/hard-hat-482x348.png 482w, https:\/\/www.generalkinematics.com\/wp-content\/uploads\/2017\/10\/hard-hat-80x60.png 80w, https:\/\/www.generalkinematics.com\/wp-content\/uploads\/2017\/10\/hard-hat.png 474w\" sizes=\"(max-width: 639px) 98vw, (max-width: 1199px) 64vw, 124px\" \/><span style=\"text-align: right;\">\u201eWir haben gerade unseren neuen GK-Sch\u00fcttlermotor installiert &#8230; Ihre Au\u00dfendienstmitarbeiter haben einen gro\u00dfartigen Job gemacht und uns geholfen, sie richtig zu betreiben.&#8220;<\/span><\/p>\n<p>&nbsp;<\/p>\n<p style=\"text-align: right;\"><em style=\"text-align: right;\"><strong>&#8211; Joed Baker, Kilgore Flares Co. LLC<\/strong><\/em><\/p>\n<p>[\/vc_column_text][\/vc_column][vc_column width=&#8220;1\/2&#8243;][vc_column_text]<\/p>\n<p style=\"text-align: left;\">\u201eWir haben gerade die Ersatzstabilisatoren f\u00fcr unseren Nicht-GK-Vibrationsf\u00f6rderer erhalten. Sie sehen robuster als die Originale aus und die Gr\u00f6\u00dfe passt genau.<\/p>\n<p><img decoding=\"async\" class=\" wp-image-32295 alignright\" src=\"https:\/\/www.generalkinematics.com\/wp-content\/uploads\/2017\/10\/rocker-leg.png\" alt=\"\" width=\"119\" height=\"143\" srcset=\"https:\/\/www.generalkinematics.com\/wp-content\/uploads\/2017\/10\/rocker-leg.png 302w, https:\/\/www.generalkinematics.com\/wp-content\/uploads\/2017\/10\/rocker-leg-300x361.png 300w\" sizes=\"(max-width: 639px) 98vw, (max-width: 1199px) 64vw, 119px\" \/><\/p>\n<p style=\"text-align: right;\">\u00a0<strong><em>&#8211; Charles Graves, VAE Nortrak<\/em><\/strong><\/p>\n<p>[\/vc_column_text][\/vc_column][\/vc_row][vc_row][vc_column][vc_empty_space][\/vc_column][\/vc_row][vc_row][vc_column width=&#8220;1\/2&#8243;][vc_column_text]<img decoding=\"async\" class=\"wp-image-32255 alignleft\" src=\"https:\/\/www.generalkinematics.com\/wp-content\/uploads\/2017\/10\/glove-390x415.png\" alt=\"\" width=\"129\" height=\"137\" srcset=\"https:\/\/www.generalkinematics.com\/wp-content\/uploads\/2017\/10\/glove-390x415.png 390w, https:\/\/www.generalkinematics.com\/wp-content\/uploads\/2017\/10\/glove-300x319.png 300w, https:\/\/www.generalkinematics.com\/wp-content\/uploads\/2017\/10\/glove.png 424w\" sizes=\"(max-width: 639px) 98vw, (max-width: 1199px) 64vw, 129px\" \/><\/p>\n<p style=\"text-align: left;\">\u201eIch m\u00f6chte Ihr Engineering-Service- und Produktionsteam f\u00fcr die professionelle Arbeit an den Vibrationsrinnen und Austauschpfannen begl\u00fcckw\u00fcnschen, die wir vor kurzem gekauft haben &#8230;&#8230;. sie passen alle wie angegossen &#8230; wunderbare Arbeit GK-Mitarbeiter &#8230;&#8230;.. Ihr k\u00f6nnt stolz auf die Arbeit sein, die ihr geleistet habt &#8230;&#8230;. Nochmals vielen Dank! &#8222;<\/p>\n<p style=\"text-align: left;\">\u00a0<em><strong>&#8211; Tom Fitzgerald, Project Engineer Urick Foundry Company<\/strong><\/em><\/p>\n<p>[\/vc_column_text][\/vc_column][vc_column width=&#8220;1\/2&#8243;][vc_column_text css_animation=&#8220;slideInUp&#8220;]<\/p>\n<p style=\"text-align: right;\">\u201eDie GK-Einheiten haben gut funktioniertt und die Standzeit wurde erheblich verl\u00e4ngert.\u201c\u00a0 \u00a0<img decoding=\"async\" class=\"wp-image-32270 alignleft\" src=\"https:\/\/www.generalkinematics.com\/wp-content\/uploads\/2017\/10\/meter.png\" alt=\"\" width=\"124\" height=\"67\" srcset=\"https:\/\/www.generalkinematics.com\/wp-content\/uploads\/2017\/10\/meter.png 353w, https:\/\/www.generalkinematics.com\/wp-content\/uploads\/2017\/10\/meter-300x162.png 300w\" sizes=\"(max-width: 639px) 98vw, (max-width: 1199px) 64vw, 124px\" \/><\/p>\n<p style=\"text-align: right;\"><strong><em>&#8211; Julio Cesar da Silva, Fremax<\/em><\/strong><\/p>\n<p>[\/vc_column_text][\/vc_column][\/vc_row][vc_row][vc_column][vc_empty_space][\/vc_column][\/vc_row][vc_row][vc_column width=&#8220;1\/2&#8243;][vc_column_text css_animation=&#8220;slideInUp&#8220;]<\/p>\n<p style=\"text-align: left;\">\u201eGK bietet Wiederholbarkeit und Zuverl\u00e4ssigkeit, was einige Aspekte sind, weil wird wirklich darauf achten, unsere Unternehmenseffizienz zu erhalten.\u201c<img decoding=\"async\" class=\" wp-image-32300 alignright\" src=\"https:\/\/www.generalkinematics.com\/wp-content\/uploads\/2017\/10\/stars-390x73.png\" alt=\"\" width=\"240\" height=\"45\" srcset=\"https:\/\/www.generalkinematics.com\/wp-content\/uploads\/2017\/10\/stars-390x73.png 390w, https:\/\/www.generalkinematics.com\/wp-content\/uploads\/2017\/10\/stars-300x56.png 300w, https:\/\/www.generalkinematics.com\/wp-content\/uploads\/2017\/10\/stars.png 461w\" sizes=\"(max-width: 639px) 98vw, (max-width: 1199px) 64vw, 240px\" \/><\/p>\n<p style=\"text-align: left;\"><strong><em>&#8211; Michael Hemmila, Waupaca Foundry<\/em><\/strong><\/p>\n<p>[\/vc_column_text][\/vc_column][vc_column width=&#8220;1\/2&#8243;][vc_column_text]<\/p>\n<p style=\"text-align: left;\"><img decoding=\"async\" class=\" wp-image-32250 alignleft\" src=\"https:\/\/www.generalkinematics.com\/wp-content\/uploads\/2017\/10\/FS.png\" alt=\"\" width=\"124\" height=\"146\" srcset=\"https:\/\/www.generalkinematics.com\/wp-content\/uploads\/2017\/10\/FS.png 351w, https:\/\/www.generalkinematics.com\/wp-content\/uploads\/2017\/10\/FS-300x353.png 300w\" sizes=\"(max-width: 639px) 98vw, (max-width: 1199px) 64vw, 124px\" \/>\u201eIn Bezug auf Ihr Unternehmen und Ihre Produkte und wie sie Teil meiner Karriere in der Recyclingindustrie waren, m\u00f6chte ich sagen, dass der Einsatz von General Kinematics-Equipment seit \u00fcber 30 Jahren nur von einer Sache \u00fcberschattet wird &#8230; n\u00e4mlich die guten Leute, die in Ihrem Unternehmen arbeiten. Da meine Erfahrung mehrere Generationen der GK-Familie und viele verschiedene Produktlinien und Industrieanwendungen umfasst, glaube ich, dass die Gemeinsamkeiten f\u00fcr alle gelten &#8230;. \u00fcberlegenes Design und Anwendung von Qualit\u00e4tsprodukten durch aufrichtig hilfsbereite Menschen, auf die ich stolz bin, und sie Freunde nenne. General Kinematiks kann stolz auf die positiven Auswirkungen sein, die sie auf die Branche und die Unternehmen, die von der Verwendung ihrer Produkte profitiert haben, bringen&#8220;.<\/p>\n<p style=\"text-align: right;\">\u00a0<strong><em>&#8211; Dennis Ciccotelli, Steinert US<\/em><\/strong><\/p>\n<p>[\/vc_column_text][\/vc_column][\/vc_row][vc_row][vc_column][vc_empty_space][\/vc_column][\/vc_row][vc_row][vc_column width=&#8220;1\/2&#8243;][vc_column_text]<\/p>\n<p style=\"text-align: left;\"><img decoding=\"async\" class=\" wp-image-32215 alignleft\" src=\"https:\/\/www.generalkinematics.com\/wp-content\/uploads\/2017\/10\/time.png\" alt=\"\" width=\"69\" height=\"150\" srcset=\"https:\/\/www.generalkinematics.com\/wp-content\/uploads\/2017\/10\/time.png 186w, https:\/\/www.generalkinematics.com\/wp-content\/uploads\/2017\/10\/time-138x300.png 138w\" sizes=\"(max-width: 639px) 98vw, (max-width: 1199px) 64vw, 69px\" \/>\u201eIch wollte \u00fcber die GK-Sch\u00fcttler berichten, die wir einsetzen. Wir haben GK-Sch\u00fcttler in unserem Werk in Newport, KY. Seit 15 Jahren laufen sie mit wenigen oder keinen Problemen und der Wartungs- und Instandhaltungsaufwand ist wirklich sehr niedrig. Diese Sch\u00fcttler funktionieren so gut, dass wir sie in die meisten unserer Zerkleinerungsanlagen integriert haben, einfach weil sie jeden Tag laufen und in jedem Bereich, in dem wir sie verwenden, gut funktionieren. Wenn Sie mich fragen, wie gut die GK-Produkte sind, muss ich sagen, sie arbeiten wirklich f\u00fcr uns. Wenn wir jemals einen dieser Sch\u00fcttler modernisieren oder \u00e4ndern w\u00fcrden, w\u00fcrde ich wegen der geringen Wartungskosten und des Services, den wir erhalten, wenn wir ihn brauchen, bei General Kinematics bleiben\u201c.<\/p>\n<p style=\"text-align: right;\"><strong><em>&#8211; Arvil Pennington, Plant Operations Manager, River Metals Recycling, Newport, KY<\/em><\/strong><\/p>\n<p>&nbsp;<\/p>\n<p>[\/vc_column_text][\/vc_column][vc_column width=&#8220;1\/2&#8243;][vc_column_text css_animation=&#8220;slideInUp&#8220;]<\/p>\n<p style=\"text-align: left;\"><img decoding=\"async\" class=\" wp-image-32280 alignleft\" src=\"https:\/\/www.generalkinematics.com\/wp-content\/uploads\/2017\/10\/phone.png\" alt=\"\" width=\"95\" height=\"148\" \/>\u201eNach dreizehn Jahren kann ich immer noch GK anrufen, um mit ihnen \u00fcber neue Probleme oder neue Wege zu sprechen, um Dinge mit alten Ger\u00e4ten zu tun. Und es ist so, als wenn man mit einem guten Gesch\u00e4ftspartner spricht. Sie verstehen die Sache und treten in Aktion. Qualit\u00e4tsarbeit, starker Service und eine kundenorientierte Beziehung, auf die ein gro\u00dfer Wert gelegt wird. Du kannst nichts falsch machen&#8220;.<\/p>\n<p style=\"text-align: right;\"><em><strong>&#8211; Alan Harleston, Facility Manager, Covanta Union Inc.<\/strong><\/em><\/p>\n<p>[\/vc_column_text][\/vc_column][\/vc_row][vc_row][vc_column][vc_empty_space][\/vc_column][\/vc_row][vc_row][vc_column width=&#8220;1\/2&#8243;][vc_column_text css_animation=&#8220;slideInUp&#8220;]<\/p>\n<p style=\"text-align: left;\">\u201eVielen Dank f\u00fcr Ihre Hilfe, um unsere Archive auf den neuesten Stand zu bringen. Wie immer, GK ist da, wenn wir sie brauchen\u201c.<img decoding=\"async\" class=\"wp-image-32245 alignright\" src=\"https:\/\/www.generalkinematics.com\/wp-content\/uploads\/2017\/10\/folder.png\" alt=\"\" width=\"119\" height=\"103\" srcset=\"https:\/\/www.generalkinematics.com\/wp-content\/uploads\/2017\/10\/folder.png 331w, https:\/\/www.generalkinematics.com\/wp-content\/uploads\/2017\/10\/folder-300x258.png 300w\" sizes=\"(max-width: 639px) 98vw, (max-width: 1199px) 64vw, 119px\" \/><\/p>\n<p style=\"text-align: left;\"><strong><em>&#8211; David E. Boseley, Sr. Project Engineer, East Jordan Iron Works<\/em><\/strong><\/p>\n<p>[\/vc_column_text][\/vc_column][vc_column width=&#8220;1\/2&#8243;][vc_column_text]<\/p>\n<p style=\"text-align: left;\">\u201eGeneral Kinematics hat weiterhin seine \u00dcberlegenheit bei Vibrationsrinnen-Systemen bewiesen. GK strebt weiterhin nach h\u00f6chster Qualit\u00e4t,<img decoding=\"async\" class=\" wp-image-32290 alignright\" src=\"https:\/\/www.generalkinematics.com\/wp-content\/uploads\/2017\/10\/quality-1.png\" alt=\"\" width=\"94\" height=\"129\" srcset=\"https:\/\/www.generalkinematics.com\/wp-content\/uploads\/2017\/10\/quality-1.png 248w, https:\/\/www.generalkinematics.com\/wp-content\/uploads\/2017\/10\/quality-1-218x300.png 218w\" sizes=\"(max-width: 639px) 98vw, (max-width: 1199px) 64vw, 94px\" \/> Service, Kosten und Lieferzeiten &#8230; es gibt keine bessere Option als eine GK-Vibrationsrinne&#8220;.<\/p>\n<p style=\"text-align: left;\"><strong><em>&#8211; G. Degenhart &#8211; Asst. Manager Engineering, Aisin Automotive Casting, Tennessee<\/em><\/strong><\/p>\n<p>[\/vc_column_text][\/vc_column][\/vc_row][vc_row][vc_column][vc_empty_space][\/vc_column][\/vc_row][vc_row][vc_column width=&#8220;1\/2&#8243;][vc_column_text]<\/p>\n<p style=\"text-align: left;\"><img decoding=\"async\" class=\" wp-image-32225 alignleft\" src=\"https:\/\/www.generalkinematics.com\/wp-content\/uploads\/2017\/10\/check.png\" alt=\"\" width=\"181\" height=\"142\" srcset=\"https:\/\/www.generalkinematics.com\/wp-content\/uploads\/2017\/10\/check.png 324w, https:\/\/www.generalkinematics.com\/wp-content\/uploads\/2017\/10\/check-300x235.png 300w\" sizes=\"(max-width: 639px) 98vw, (max-width: 1199px) 64vw, 181px\" \/>\u201eMit unserer neuen GK-Einheit konnten wir uns auf anderes Equipment konzentrieren. Vor der Installation der GK-Einheit arbeiteten wir t\u00e4glich an unserem Unterzerkleinerer-Vibrator, jetzt schalten wir ihn einfach ein und er funktioniert jedes Mal ohne Probleme. Wir haben mehr als 1 Million Tonnen mit unserem Schredder verarbeitet und m\u00fcssen noch keine Arbeiten an unserem GK-Schredderoszillator durchf\u00fchren. Uns gef\u00e4llt die Zuverl\u00e4ssigkeit dieser Einheit und die geringen Wartungsanforderungen&#8220;.<\/p>\n<p style=\"text-align: right;\"><strong><em>&#8211; Rusty Manning, Riverside Engineering, Inc.<\/em><\/strong><\/p>\n<p>[\/vc_column_text][\/vc_column][vc_column width=&#8220;1\/2&#8243;][vc_column_text css_animation=&#8220;slideInUp&#8220;]\u201eDas GK FINGER-SCREEN\u2122 leitet gro\u00dfartige Arbeit bei der Zufuhr von Material zu den Sortiersieben, sodas sie wirklich schnell aussortieren k\u00f6nnen, was sie versuchen zu sortieren.\u201c<\/p>\n<p><em><strong>&#8211; Kim Williams, Marpan Recycling<img decoding=\"async\" class=\" wp-image-32300 alignright\" src=\"https:\/\/www.generalkinematics.com\/wp-content\/uploads\/2017\/10\/stars-390x73.png\" alt=\"five stars icon\" width=\"208\" height=\"39\" srcset=\"https:\/\/www.generalkinematics.com\/wp-content\/uploads\/2017\/10\/stars-390x73.png 390w, https:\/\/www.generalkinematics.com\/wp-content\/uploads\/2017\/10\/stars-300x56.png 300w, https:\/\/www.generalkinematics.com\/wp-content\/uploads\/2017\/10\/stars.png 461w\" sizes=\"(max-width: 639px) 98vw, (max-width: 1199px) 64vw, 208px\" \/><\/strong><\/em>[\/vc_column_text][\/vc_column][\/vc_row][vc_row][vc_column][vc_empty_space][\/vc_column][\/vc_row]<\/p>\n<\/div>","protected":false},"excerpt":{"rendered":"<p>General Kinematics (general kinematics service) ist stolz auf seine Kundenorientierung mit dem Ziel, L\u00f6sungen zu bieten, die die Erwartungen \u00fcbertreffen. Nachfolgend finden Sie einige der Kommentare, die wir von unseren Kunden erhalten haben. M\u00f6chten Sie Ihre Erfahrung mit GK teilen? Lassen Sie es uns wissen!<\/p>\n","protected":false},"author":5,"featured_media":0,"parent":0,"menu_order":0,"comment_status":"closed","ping_status":"closed","template":"page-templates\/page-full-width.php","meta":{"_acf_changed":false,"om_disable_all_campaigns":false,"ep_exclude_from_search":false,"footnotes":""},"class_list":["post-41221","page","type-page","status-publish","hentry"],"acf":[],"yoast_head":"<!-- This site is optimized with the Yoast SEO plugin v27.2 - https:\/\/yoast.com\/product\/yoast-seo-wordpress\/ -->\n<title>General Kinematics Kundenreferenzen | General Kinematics<\/title>\n<meta name=\"description\" content=\"Lesen Sie unsere General Kinematics Kundenreferenzen. Wir sind stolz auf unseren kundenfreundlichen Service und die GK Erfahrungsberichte zeigen, dass wir f\u00fcr jede Situation die passende L\u00f6sung haben.\" \/>\n<meta name=\"robots\" content=\"index, follow, max-snippet:-1, max-image-preview:large, max-video-preview:-1\" \/>\n<link rel=\"canonical\" href=\"https:\/\/www.generalkinematics.com\/de\/gk-vibration\/\" \/>\n<meta property=\"og:locale\" content=\"de_DE\" \/>\n<meta property=\"og:type\" content=\"article\" \/>\n<meta property=\"og:title\" content=\"General Kinematics Kundenreferenzen | General Kinematics\" \/>\n<meta property=\"og:description\" content=\"Lesen Sie unsere General Kinematics Kundenreferenzen. Wir sind stolz auf unseren kundenfreundlichen Service und die GK Erfahrungsberichte zeigen, dass wir f\u00fcr jede Situation die passende L\u00f6sung haben.\" \/>\n<meta property=\"og:url\" content=\"https:\/\/www.generalkinematics.com\/de\/gk-vibration\/\" \/>\n<meta property=\"og:site_name\" content=\"General Kinematics\" \/>\n<meta property=\"article:publisher\" content=\"https:\/\/www.facebook.com\/generalkinematics\" \/>\n<meta property=\"article:modified_time\" content=\"2024-12-06T17:06:07+00:00\" \/>\n<meta property=\"og:image\" content=\"https:\/\/www.generalkinematics.com\/wp-content\/uploads\/2017\/10\/profiles-390x99.jpg\" \/>\n<meta name=\"twitter:card\" content=\"summary_large_image\" \/>\n<meta name=\"twitter:site\" content=\"@gkvibrating\" \/>\n<meta name=\"twitter:label1\" content=\"Gesch\u00e4tzte Lesezeit\" \/>\n\t<meta name=\"twitter:data1\" content=\"6 Minuten\" \/>\n<!-- \/ Yoast SEO plugin. -->","yoast_head_json":{"title":"General Kinematics Kundenreferenzen | General Kinematics","description":"Lesen Sie unsere General Kinematics Kundenreferenzen. Wir sind stolz auf unseren kundenfreundlichen Service und die GK Erfahrungsberichte zeigen, dass wir f\u00fcr jede Situation die passende L\u00f6sung haben.","robots":{"index":"index","follow":"follow","max-snippet":"max-snippet:-1","max-image-preview":"max-image-preview:large","max-video-preview":"max-video-preview:-1"},"canonical":"https:\/\/www.generalkinematics.com\/de\/gk-vibration\/","og_locale":"de_DE","og_type":"article","og_title":"General Kinematics Kundenreferenzen | General Kinematics","og_description":"Lesen Sie unsere General Kinematics Kundenreferenzen. Wir sind stolz auf unseren kundenfreundlichen Service und die GK Erfahrungsberichte zeigen, dass wir f\u00fcr jede Situation die passende L\u00f6sung haben.","og_url":"https:\/\/www.generalkinematics.com\/de\/gk-vibration\/","og_site_name":"General Kinematics","article_publisher":"https:\/\/www.facebook.com\/generalkinematics","article_modified_time":"2024-12-06T17:06:07+00:00","og_image":[{"url":"https:\/\/www.generalkinematics.com\/wp-content\/uploads\/2017\/10\/profiles-390x99.jpg","type":"","width":"","height":""}],"twitter_card":"summary_large_image","twitter_site":"@gkvibrating","twitter_misc":{"Gesch\u00e4tzte Lesezeit":"6 Minuten"},"schema":{"@context":"https:\/\/schema.org","@graph":[{"@type":"WebPage","@id":"https:\/\/www.generalkinematics.com\/de\/gk-vibration\/","url":"https:\/\/www.generalkinematics.com\/de\/gk-vibration\/","name":"General Kinematics Kundenreferenzen | General Kinematics","isPartOf":{"@id":"https:\/\/www.generalkinematics.com\/de\/#website"},"primaryImageOfPage":{"@id":"https:\/\/www.generalkinematics.com\/de\/gk-vibration\/#primaryimage"},"image":{"@id":"https:\/\/www.generalkinematics.com\/de\/gk-vibration\/#primaryimage"},"thumbnailUrl":"https:\/\/www.generalkinematics.com\/wp-content\/uploads\/2017\/10\/profiles-390x99.jpg","datePublished":"2012-05-06T05:13:35+00:00","dateModified":"2024-12-06T17:06:07+00:00","description":"Lesen Sie unsere General Kinematics Kundenreferenzen. Wir sind stolz auf unseren kundenfreundlichen Service und die GK Erfahrungsberichte zeigen, dass wir f\u00fcr jede Situation die passende L\u00f6sung haben.","breadcrumb":{"@id":"https:\/\/www.generalkinematics.com\/de\/gk-vibration\/#breadcrumb"},"inLanguage":"de-DE","potentialAction":[{"@type":"ReadAction","target":["https:\/\/www.generalkinematics.com\/de\/gk-vibration\/"]}]},{"@type":"ImageObject","inLanguage":"de-DE","@id":"https:\/\/www.generalkinematics.com\/de\/gk-vibration\/#primaryimage","url":"https:\/\/www.generalkinematics.com\/wp-content\/uploads\/2017\/10\/profiles-390x99.jpg","contentUrl":"https:\/\/www.generalkinematics.com\/wp-content\/uploads\/2017\/10\/profiles-390x99.jpg"},{"@type":"BreadcrumbList","@id":"https:\/\/www.generalkinematics.com\/de\/gk-vibration\/#breadcrumb","itemListElement":[{"@type":"ListItem","position":1,"name":"GK Home","item":"https:\/\/www.generalkinematics.com\/de\/"},{"@type":"ListItem","position":2,"name":"GK Vibration"}]},{"@type":"WebSite","@id":"https:\/\/www.generalkinematics.com\/de\/#website","url":"https:\/\/www.generalkinematics.com\/de\/","name":"General Kinematics","description":"","publisher":{"@id":"https:\/\/www.generalkinematics.com\/de\/#organization"},"potentialAction":[{"@type":"SearchAction","target":{"@type":"EntryPoint","urlTemplate":"https:\/\/www.generalkinematics.com\/de\/?s={search_term_string}"},"query-input":{"@type":"PropertyValueSpecification","valueRequired":true,"valueName":"search_term_string"}}],"inLanguage":"de-DE"},{"@type":"Organization","@id":"https:\/\/www.generalkinematics.com\/de\/#organization","name":"General Kinematics","url":"https:\/\/www.generalkinematics.com\/de\/","logo":{"@type":"ImageObject","inLanguage":"de-DE","@id":"https:\/\/www.generalkinematics.com\/de\/#\/schema\/logo\/image\/","url":"https:\/\/media.generalkinematics.com\/wp-content\/uploads\/2018\/03\/logo.png","contentUrl":"https:\/\/media.generalkinematics.com\/wp-content\/uploads\/2018\/03\/logo.png","width":313,"height":100,"caption":"General Kinematics"},"image":{"@id":"https:\/\/www.generalkinematics.com\/de\/#\/schema\/logo\/image\/"},"sameAs":["https:\/\/www.facebook.com\/generalkinematics","https:\/\/x.com\/gkvibrating"]}]}},"_links":{"self":[{"href":"https:\/\/www.generalkinematics.com\/de\/wp-json\/wp\/v2\/pages\/41221","targetHints":{"allow":["GET"]}}],"collection":[{"href":"https:\/\/www.generalkinematics.com\/de\/wp-json\/wp\/v2\/pages"}],"about":[{"href":"https:\/\/www.generalkinematics.com\/de\/wp-json\/wp\/v2\/types\/page"}],"author":[{"embeddable":true,"href":"https:\/\/www.generalkinematics.com\/de\/wp-json\/wp\/v2\/users\/5"}],"replies":[{"embeddable":true,"href":"https:\/\/www.generalkinematics.com\/de\/wp-json\/wp\/v2\/comments?post=41221"}],"version-history":[{"count":0,"href":"https:\/\/www.generalkinematics.com\/de\/wp-json\/wp\/v2\/pages\/41221\/revisions"}],"wp:attachment":[{"href":"https:\/\/www.generalkinematics.com\/de\/wp-json\/wp\/v2\/media?parent=41221"}],"curies":[{"name":"wp","href":"https:\/\/api.w.org\/{rel}","templated":true}]}}