{"id":41223,"date":"2018-08-07T06:06:08","date_gmt":"2018-08-07T11:06:08","guid":{"rendered":"https:\/\/www.generalkinematics.com\/syncro-custion-schraubenfederantriebe-was-schuttelt-bei-gk\/"},"modified":"2018-09-27T14:18:32","modified_gmt":"2018-09-27T19:18:32","slug":"syncro-custion-schraubenfederantriebe-was-schuttelt-bei-gk","status":"publish","type":"page","link":"https:\/\/www.generalkinematics.com\/de\/syncro-custion-schraubenfederantriebe-was-schuttelt-bei-gk\/","title":{"rendered":"Syncro-Custion Schraubenfederantriebe  | Was sch\u00fcttelt bei GK"},"content":{"rendered":"<h1 class=\"pagetitle\">Syncro-Custion SYNCRO-Schraubenfederantriebe<\/h1>\n<div class=\"post-info\"><span class=\"date published time\" title=\"2010-04-21T12:00:57+0000\">21. April 2011<\/span> Von General Kinematics<\/div>\n<p>&nbsp;<\/p>\n<p class=\"bodytext14\">Der General Kinematics Syncro-Cushion Schraubenfederantrieb kombiniert die Vorteile der Eigenfrequenz-Vibrationswirkung mit einer robusten Antriebs- und Trogverbindung und bietet au\u00dfergew\u00f6hnliche Leistung bei hoher Belastung oder ung\u00fcnstigen Betriebsbedingungen.<\/p>\n<p class=\"bodytext14\">Der mit der Spiralfeder ausger\u00fcstete Syncro-Cushion-Antrieb beseitigt die Erm\u00fcdungs- und W\u00e4rmezerfallsprobleme von Gummiblock-Trogverbindungen. Die hochlegierten, spannungsarmen Federn sind auf die F\u00f6rdertechnik abgestimmt und absorbieren phasenverschobene Kr\u00e4fte beim Anfahren und Stoppen.<\/p>\n<p class=\"bodytext14\">Die flexible Spiralfedertrogverbindung erm\u00f6glicht eine Wellenschwingbewegung, die vollst\u00e4ndig mit der Eigenfrequenz des Arbeitsfedersystems synchronisiert wird, wodurch die Anforderungen an das Motoranlaufmoment minimiert werden und eine hohe Spannungskonzentration in beiden Antriebskomponenten und in der Trogverbindung vermieden wird.<\/p>\n<p class=\"bodytext14\">Die Antriebswelle, ein massives Teil aus legiertem Stahl mit einem ganzheitlich bearbeiteten Exzenter, l\u00e4uft mit Heavy Duty, reibungsarmen, selbstausrichtenden Lagern. Die Verbindungsarme sind so konstruiert, dass die Entfernung von Welle und Lager ohne Demontage des gesamten Antriebssystems m\u00f6glich ist.<\/p>\n<p>Die vereinfachte Bauweise mit weniger Teilen und der Komfort der Einpunkt-Rohrschmierung an allen Lagern erleichtert die Instandhaltung.<\/p>\n<p>F\u00fcr weitere Informationen zur Modernisierung Ihrer bestehenden Vibrationsrinne auf einen GK Syncro-Cushion-Antrieb wenden Sie sich bitte an unsere Abteilung f\u00fcr Ersatzteile und Service unter <span class=\"number\">+1 815-455-3222<\/span>.<\/p>\n","protected":false},"excerpt":{"rendered":"<p>Syncro-Custion SYNCRO-Schraubenfederantriebe 21. April 2011 Von General Kinematics &nbsp; Der General Kinematics Syncro-Cushion Schraubenfederantrieb kombiniert die Vorteile der Eigenfrequenz-Vibrationswirkung mit einer robusten Antriebs- und Trogverbindung und bietet au\u00dfergew\u00f6hnliche Leistung bei hoher Belastung oder ung\u00fcnstigen Betriebsbedingungen. Der mit der Spiralfeder ausger\u00fcstete Syncro-Cushion-Antrieb beseitigt die Erm\u00fcdungs- und W\u00e4rmezerfallsprobleme von Gummiblock-Trogverbindungen. Die hochlegierten, spannungsarmen Federn sind auf die [&hellip;]<\/p>\n","protected":false},"author":5,"featured_media":0,"parent":0,"menu_order":0,"comment_status":"open","ping_status":"open","template":"","meta":{"_acf_changed":false,"om_disable_all_campaigns":false,"ep_exclude_from_search":false,"footnotes":""},"class_list":["post-41223","page","type-page","status-publish","hentry"],"acf":[],"yoast_head":"<!-- This site is optimized with the Yoast SEO plugin v27.2 - https:\/\/yoast.com\/product\/yoast-seo-wordpress\/ -->\n<title>GK Spiralfederantrieb | General Kinematics<\/title>\n<meta name=\"description\" content=\"Entdecken Sie die Vorteile unseres GK Spiralfederantriebs. Der Spiralfederantrieb von General Kinematics bietet eine au\u00dfergew\u00f6hnliche Leistung bei hoher Belastung oder ung\u00fcnstigen Betriebsbedingungen.\" \/>\n<meta name=\"robots\" content=\"index, follow, max-snippet:-1, max-image-preview:large, max-video-preview:-1\" \/>\n<link rel=\"canonical\" href=\"https:\/\/www.generalkinematics.com\/de\/syncro-custion-schraubenfederantriebe-was-schuttelt-bei-gk\/\" \/>\n<meta property=\"og:locale\" content=\"de_DE\" \/>\n<meta property=\"og:type\" content=\"article\" \/>\n<meta property=\"og:title\" content=\"GK Spiralfederantrieb | General Kinematics\" \/>\n<meta property=\"og:description\" content=\"Entdecken Sie die Vorteile unseres GK Spiralfederantriebs. Der Spiralfederantrieb von General Kinematics bietet eine au\u00dfergew\u00f6hnliche Leistung bei hoher Belastung oder ung\u00fcnstigen Betriebsbedingungen.\" \/>\n<meta property=\"og:url\" content=\"https:\/\/www.generalkinematics.com\/de\/syncro-custion-schraubenfederantriebe-was-schuttelt-bei-gk\/\" \/>\n<meta property=\"og:site_name\" content=\"General Kinematics\" \/>\n<meta property=\"article:publisher\" content=\"https:\/\/www.facebook.com\/generalkinematics\" \/>\n<meta property=\"article:modified_time\" content=\"2018-09-27T19:18:32+00:00\" \/>\n<meta property=\"og:image\" content=\"https:\/\/media.generalkinematics.com\/wp-content\/uploads\/2017\/07\/GK-Icon.png\" \/>\n\t<meta property=\"og:image:width\" content=\"3000\" \/>\n\t<meta property=\"og:image:height\" content=\"3000\" \/>\n\t<meta property=\"og:image:type\" content=\"image\/jpeg\" \/>\n<meta name=\"twitter:card\" content=\"summary_large_image\" \/>\n<meta name=\"twitter:site\" content=\"@gkvibrating\" \/>\n<meta name=\"twitter:label1\" content=\"Gesch\u00e4tzte Lesezeit\" \/>\n\t<meta name=\"twitter:data1\" content=\"1 Minute\" \/>\n<!-- \/ Yoast SEO plugin. -->","yoast_head_json":{"title":"GK Spiralfederantrieb | General Kinematics","description":"Entdecken Sie die Vorteile unseres GK Spiralfederantriebs. Der Spiralfederantrieb von General Kinematics bietet eine au\u00dfergew\u00f6hnliche Leistung bei hoher Belastung oder ung\u00fcnstigen Betriebsbedingungen.","robots":{"index":"index","follow":"follow","max-snippet":"max-snippet:-1","max-image-preview":"max-image-preview:large","max-video-preview":"max-video-preview:-1"},"canonical":"https:\/\/www.generalkinematics.com\/de\/syncro-custion-schraubenfederantriebe-was-schuttelt-bei-gk\/","og_locale":"de_DE","og_type":"article","og_title":"GK Spiralfederantrieb | General Kinematics","og_description":"Entdecken Sie die Vorteile unseres GK Spiralfederantriebs. Der Spiralfederantrieb von General Kinematics bietet eine au\u00dfergew\u00f6hnliche Leistung bei hoher Belastung oder ung\u00fcnstigen Betriebsbedingungen.","og_url":"https:\/\/www.generalkinematics.com\/de\/syncro-custion-schraubenfederantriebe-was-schuttelt-bei-gk\/","og_site_name":"General Kinematics","article_publisher":"https:\/\/www.facebook.com\/generalkinematics","article_modified_time":"2018-09-27T19:18:32+00:00","og_image":[{"width":3000,"height":3000,"url":"https:\/\/media.generalkinematics.com\/wp-content\/uploads\/2017\/07\/GK-Icon.png","type":"image\/jpeg"}],"twitter_card":"summary_large_image","twitter_site":"@gkvibrating","twitter_misc":{"Gesch\u00e4tzte Lesezeit":"1 Minute"},"schema":{"@context":"https:\/\/schema.org","@graph":[{"@type":"WebPage","@id":"https:\/\/www.generalkinematics.com\/de\/syncro-custion-schraubenfederantriebe-was-schuttelt-bei-gk\/","url":"https:\/\/www.generalkinematics.com\/de\/syncro-custion-schraubenfederantriebe-was-schuttelt-bei-gk\/","name":"GK Spiralfederantrieb | General Kinematics","isPartOf":{"@id":"https:\/\/www.generalkinematics.com\/de\/#website"},"datePublished":"2018-08-07T11:06:08+00:00","dateModified":"2018-09-27T19:18:32+00:00","description":"Entdecken Sie die Vorteile unseres GK Spiralfederantriebs. Der Spiralfederantrieb von General Kinematics bietet eine au\u00dfergew\u00f6hnliche Leistung bei hoher Belastung oder ung\u00fcnstigen Betriebsbedingungen.","breadcrumb":{"@id":"https:\/\/www.generalkinematics.com\/de\/syncro-custion-schraubenfederantriebe-was-schuttelt-bei-gk\/#breadcrumb"},"inLanguage":"de-DE","potentialAction":[{"@type":"ReadAction","target":["https:\/\/www.generalkinematics.com\/de\/syncro-custion-schraubenfederantriebe-was-schuttelt-bei-gk\/"]}]},{"@type":"BreadcrumbList","@id":"https:\/\/www.generalkinematics.com\/de\/syncro-custion-schraubenfederantriebe-was-schuttelt-bei-gk\/#breadcrumb","itemListElement":[{"@type":"ListItem","position":1,"name":"GK Home","item":"https:\/\/www.generalkinematics.com\/de\/"},{"@type":"ListItem","position":2,"name":"Syncro-Custion Schraubenfederantriebe | Was sch\u00fcttelt bei GK"}]},{"@type":"WebSite","@id":"https:\/\/www.generalkinematics.com\/de\/#website","url":"https:\/\/www.generalkinematics.com\/de\/","name":"General Kinematics","description":"","publisher":{"@id":"https:\/\/www.generalkinematics.com\/de\/#organization"},"potentialAction":[{"@type":"SearchAction","target":{"@type":"EntryPoint","urlTemplate":"https:\/\/www.generalkinematics.com\/de\/?s={search_term_string}"},"query-input":{"@type":"PropertyValueSpecification","valueRequired":true,"valueName":"search_term_string"}}],"inLanguage":"de-DE"},{"@type":"Organization","@id":"https:\/\/www.generalkinematics.com\/de\/#organization","name":"General Kinematics","url":"https:\/\/www.generalkinematics.com\/de\/","logo":{"@type":"ImageObject","inLanguage":"de-DE","@id":"https:\/\/www.generalkinematics.com\/de\/#\/schema\/logo\/image\/","url":"https:\/\/media.generalkinematics.com\/wp-content\/uploads\/2018\/03\/logo.png","contentUrl":"https:\/\/media.generalkinematics.com\/wp-content\/uploads\/2018\/03\/logo.png","width":313,"height":100,"caption":"General Kinematics"},"image":{"@id":"https:\/\/www.generalkinematics.com\/de\/#\/schema\/logo\/image\/"},"sameAs":["https:\/\/www.facebook.com\/generalkinematics","https:\/\/x.com\/gkvibrating"]}]}},"_links":{"self":[{"href":"https:\/\/www.generalkinematics.com\/de\/wp-json\/wp\/v2\/pages\/41223","targetHints":{"allow":["GET"]}}],"collection":[{"href":"https:\/\/www.generalkinematics.com\/de\/wp-json\/wp\/v2\/pages"}],"about":[{"href":"https:\/\/www.generalkinematics.com\/de\/wp-json\/wp\/v2\/types\/page"}],"author":[{"embeddable":true,"href":"https:\/\/www.generalkinematics.com\/de\/wp-json\/wp\/v2\/users\/5"}],"replies":[{"embeddable":true,"href":"https:\/\/www.generalkinematics.com\/de\/wp-json\/wp\/v2\/comments?post=41223"}],"version-history":[{"count":0,"href":"https:\/\/www.generalkinematics.com\/de\/wp-json\/wp\/v2\/pages\/41223\/revisions"}],"wp:attachment":[{"href":"https:\/\/www.generalkinematics.com\/de\/wp-json\/wp\/v2\/media?parent=41223"}],"curies":[{"name":"wp","href":"https:\/\/api.w.org\/{rel}","templated":true}]}}