{"id":41224,"date":"2012-05-30T16:14:21","date_gmt":"2012-05-30T21:14:21","guid":{"rendered":"https:\/\/www.generalkinematics.com\/gk-vibration-2\/"},"modified":"2018-09-25T11:37:52","modified_gmt":"2018-09-25T16:37:52","slug":"oem","status":"publish","type":"page","link":"https:\/\/www.generalkinematics.com\/de\/oem\/","title":{"rendered":"GK Vibration"},"content":{"rendered":"<h1 class=\"pagetitle\">OEM-Integration<\/h1>\n<h2 class=\"products_headline2\">Erg\u00e4nzen Sie Ihre Produktlinie mit der bew\u00e4hrten Zuverl\u00e4ssigkeit und Leistung von GK.<\/h2>\n<hr \/>\n<p><img decoding=\"async\" src=\"https:\/\/www.generalkinematics.com\/wp-content\/uploads\/images\/oem.jpg\" alt=\"\" width=\"330\" height=\"500\" align=\"right\" \/><\/p>\n<p class=\"bodytext14\" align=\"left\">Als Original Equipment Manufacturers (OEM) k\u00f6nnen Sie sich auf General Kinematics f\u00fcr Equipment, das speziell auf Ihre speziellen Anwendungsanforderungen zugeschnitten ist, verlassen. Durch die Integration von GK-Equipment in Ihre L\u00f6sungen erreicht Ihr Unternehmen eine Produktdifferenzierung und einen Wettbewerbsvorteil auf dem Markt. Sie profitieren auch von der Reichweite und den Ressourcen, die General Kinematics zum f\u00fchrenden Hersteller von Vibrations-Prozessl\u00f6sungen weltweit gemacht haben.<\/p>\n<p class=\"bodytext14\" align=\"left\">L\u00f6sungen von General Kinematics f\u00fcr OEM-Kunden reichen von Komponenten, die in die OEM-Ausf\u00fchrung integriert werden k\u00f6nnen, bis hin zu kompletten Maschinen, die den Gro\u00dfteil des OEM-Produkts ausmachen. Dies erm\u00f6glicht es OEMs, ihre Ressourcen auf Design, Entwicklung und Herstellung ihres einzigartigen Produkts zu konzentrieren und sich auf General Kinematics f\u00fcr Schl\u00fcsseltechnologien zu verlassen, damit alles funktioniert.<\/p>\n<ul>\n<li class=\"bodytext14\">Profitieren Sie von der Arbeit mit dem besten Vibrations-Equipment der Branche. (vibrationsausstattung\/vibrationsausr\u00fcstung)<\/li>\n<li class=\"bodytext14\">Konzentrieren Sie sich auf die Entwicklung Ihrer einzigartigen Produkte &#8230;\u00fcberlassen Sie uns die Vibration.<\/li>\n<\/ul>\n<p class=\"bodytext14\" align=\"left\">Weitere Informationen zur OEM-Produktintegration f\u00fcr spezifische Anwendungen Sie von einem <a href=\"mailto:tmusschoot@generalkinematics.com\">GK Technology-Experten<\/a> .<\/p>\n","protected":false},"excerpt":{"rendered":"<p>OEM-Integration Erg\u00e4nzen Sie Ihre Produktlinie mit der bew\u00e4hrten Zuverl\u00e4ssigkeit und Leistung von GK. Als Original Equipment Manufacturers (OEM) k\u00f6nnen Sie sich auf General Kinematics f\u00fcr Equipment, das speziell auf Ihre speziellen Anwendungsanforderungen zugeschnitten ist, verlassen. Durch die Integration von GK-Equipment in Ihre L\u00f6sungen erreicht Ihr Unternehmen eine Produktdifferenzierung und einen Wettbewerbsvorteil auf dem Markt. Sie [&hellip;]<\/p>\n","protected":false},"author":5,"featured_media":0,"parent":0,"menu_order":0,"comment_status":"closed","ping_status":"closed","template":"","meta":{"_acf_changed":false,"om_disable_all_campaigns":false,"ep_exclude_from_search":false,"footnotes":""},"class_list":["post-41224","page","type-page","status-publish","hentry"],"acf":[],"yoast_head":"<!-- This site is optimized with the Yoast SEO plugin v27.5 - https:\/\/yoast.com\/product\/yoast-seo-wordpress\/ -->\n<title>OEM Produkt-Integration in bestehende Systeme | General Kinematics<\/title>\n<meta name=\"description\" content=\"Entscheiden Sie sich f\u00fcr eine OEM Produkt-Integration in Ihr bestehendes System. Mit General Kinematics erreicht Ihr Unternehmen eine Produktdifferenzierung und einen Wettbewerbsvorteil auf dem Markt.\" \/>\n<meta name=\"robots\" content=\"index, follow, max-snippet:-1, max-image-preview:large, max-video-preview:-1\" \/>\n<link rel=\"canonical\" href=\"https:\/\/www.generalkinematics.com\/de\/oem\/\" \/>\n<meta property=\"og:locale\" content=\"de_DE\" \/>\n<meta property=\"og:type\" content=\"article\" \/>\n<meta property=\"og:title\" content=\"OEM Produkt-Integration in bestehende Systeme | General Kinematics\" \/>\n<meta property=\"og:description\" content=\"Entscheiden Sie sich f\u00fcr eine OEM Produkt-Integration in Ihr bestehendes System. Mit General Kinematics erreicht Ihr Unternehmen eine Produktdifferenzierung und einen Wettbewerbsvorteil auf dem Markt.\" \/>\n<meta property=\"og:url\" content=\"https:\/\/www.generalkinematics.com\/de\/oem\/\" \/>\n<meta property=\"og:site_name\" content=\"General Kinematics\" \/>\n<meta property=\"article:publisher\" content=\"https:\/\/www.facebook.com\/generalkinematics\" \/>\n<meta property=\"article:modified_time\" content=\"2018-09-25T16:37:52+00:00\" \/>\n<meta property=\"og:image\" content=\"https:\/\/www.generalkinematics.com\/wp-content\/uploads\/images\/oem.jpg\" \/>\n<meta name=\"twitter:card\" content=\"summary_large_image\" \/>\n<meta name=\"twitter:site\" content=\"@gkvibrating\" \/>\n<meta name=\"twitter:label1\" content=\"Gesch\u00e4tzte Lesezeit\" \/>\n\t<meta name=\"twitter:data1\" content=\"1 Minute\" \/>\n<!-- \/ Yoast SEO plugin. -->","yoast_head_json":{"title":"OEM Produkt-Integration in bestehende Systeme | General Kinematics","description":"Entscheiden Sie sich f\u00fcr eine OEM Produkt-Integration in Ihr bestehendes System. Mit General Kinematics erreicht Ihr Unternehmen eine Produktdifferenzierung und einen Wettbewerbsvorteil auf dem Markt.","robots":{"index":"index","follow":"follow","max-snippet":"max-snippet:-1","max-image-preview":"max-image-preview:large","max-video-preview":"max-video-preview:-1"},"canonical":"https:\/\/www.generalkinematics.com\/de\/oem\/","og_locale":"de_DE","og_type":"article","og_title":"OEM Produkt-Integration in bestehende Systeme | General Kinematics","og_description":"Entscheiden Sie sich f\u00fcr eine OEM Produkt-Integration in Ihr bestehendes System. Mit General Kinematics erreicht Ihr Unternehmen eine Produktdifferenzierung und einen Wettbewerbsvorteil auf dem Markt.","og_url":"https:\/\/www.generalkinematics.com\/de\/oem\/","og_site_name":"General Kinematics","article_publisher":"https:\/\/www.facebook.com\/generalkinematics","article_modified_time":"2018-09-25T16:37:52+00:00","og_image":[{"url":"https:\/\/www.generalkinematics.com\/wp-content\/uploads\/images\/oem.jpg","type":"","width":"","height":""}],"twitter_card":"summary_large_image","twitter_site":"@gkvibrating","twitter_misc":{"Gesch\u00e4tzte Lesezeit":"1 Minute"},"schema":{"@context":"https:\/\/schema.org","@graph":[{"@type":"WebPage","@id":"https:\/\/www.generalkinematics.com\/de\/oem\/","url":"https:\/\/www.generalkinematics.com\/de\/oem\/","name":"OEM Produkt-Integration in bestehende Systeme | General Kinematics","isPartOf":{"@id":"https:\/\/www.generalkinematics.com\/de\/#website"},"primaryImageOfPage":{"@id":"https:\/\/www.generalkinematics.com\/de\/oem\/#primaryimage"},"image":{"@id":"https:\/\/www.generalkinematics.com\/de\/oem\/#primaryimage"},"thumbnailUrl":"https:\/\/www.generalkinematics.com\/wp-content\/uploads\/images\/oem.jpg","datePublished":"2012-05-30T21:14:21+00:00","dateModified":"2018-09-25T16:37:52+00:00","description":"Entscheiden Sie sich f\u00fcr eine OEM Produkt-Integration in Ihr bestehendes System. Mit General Kinematics erreicht Ihr Unternehmen eine Produktdifferenzierung und einen Wettbewerbsvorteil auf dem Markt.","breadcrumb":{"@id":"https:\/\/www.generalkinematics.com\/de\/oem\/#breadcrumb"},"inLanguage":"de-DE","potentialAction":[{"@type":"ReadAction","target":["https:\/\/www.generalkinematics.com\/de\/oem\/"]}]},{"@type":"ImageObject","inLanguage":"de-DE","@id":"https:\/\/www.generalkinematics.com\/de\/oem\/#primaryimage","url":"https:\/\/www.generalkinematics.com\/wp-content\/uploads\/images\/oem.jpg","contentUrl":"https:\/\/www.generalkinematics.com\/wp-content\/uploads\/images\/oem.jpg"},{"@type":"BreadcrumbList","@id":"https:\/\/www.generalkinematics.com\/de\/oem\/#breadcrumb","itemListElement":[{"@type":"ListItem","position":1,"name":"GK Home","item":"https:\/\/www.generalkinematics.com\/de\/"},{"@type":"ListItem","position":2,"name":"GK Vibration"}]},{"@type":"WebSite","@id":"https:\/\/www.generalkinematics.com\/de\/#website","url":"https:\/\/www.generalkinematics.com\/de\/","name":"General Kinematics","description":"","publisher":{"@id":"https:\/\/www.generalkinematics.com\/de\/#organization"},"potentialAction":[{"@type":"SearchAction","target":{"@type":"EntryPoint","urlTemplate":"https:\/\/www.generalkinematics.com\/de\/?s={search_term_string}"},"query-input":{"@type":"PropertyValueSpecification","valueRequired":true,"valueName":"search_term_string"}}],"inLanguage":"de-DE"},{"@type":"Organization","@id":"https:\/\/www.generalkinematics.com\/de\/#organization","name":"General Kinematics","url":"https:\/\/www.generalkinematics.com\/de\/","logo":{"@type":"ImageObject","inLanguage":"de-DE","@id":"https:\/\/www.generalkinematics.com\/de\/#\/schema\/logo\/image\/","url":"https:\/\/media.generalkinematics.com\/wp-content\/uploads\/2018\/03\/logo.png","contentUrl":"https:\/\/media.generalkinematics.com\/wp-content\/uploads\/2018\/03\/logo.png","width":313,"height":100,"caption":"General Kinematics"},"image":{"@id":"https:\/\/www.generalkinematics.com\/de\/#\/schema\/logo\/image\/"},"sameAs":["https:\/\/www.facebook.com\/generalkinematics","https:\/\/x.com\/gkvibrating"]}]}},"_links":{"self":[{"href":"https:\/\/www.generalkinematics.com\/de\/wp-json\/wp\/v2\/pages\/41224","targetHints":{"allow":["GET"]}}],"collection":[{"href":"https:\/\/www.generalkinematics.com\/de\/wp-json\/wp\/v2\/pages"}],"about":[{"href":"https:\/\/www.generalkinematics.com\/de\/wp-json\/wp\/v2\/types\/page"}],"author":[{"embeddable":true,"href":"https:\/\/www.generalkinematics.com\/de\/wp-json\/wp\/v2\/users\/5"}],"replies":[{"embeddable":true,"href":"https:\/\/www.generalkinematics.com\/de\/wp-json\/wp\/v2\/comments?post=41224"}],"version-history":[{"count":0,"href":"https:\/\/www.generalkinematics.com\/de\/wp-json\/wp\/v2\/pages\/41224\/revisions"}],"wp:attachment":[{"href":"https:\/\/www.generalkinematics.com\/de\/wp-json\/wp\/v2\/media?parent=41224"}],"curies":[{"name":"wp","href":"https:\/\/api.w.org\/{rel}","templated":true}]}}