{"id":41225,"date":"2012-12-14T05:38:59","date_gmt":"2012-12-14T11:38:59","guid":{"rendered":"https:\/\/www.generalkinematics.com\/gk-technisches-zentrum\/"},"modified":"2024-12-06T10:56:28","modified_gmt":"2024-12-06T16:56:28","slug":"gk-technisches-zentrum","status":"publish","type":"page","link":"https:\/\/www.generalkinematics.com\/de\/gk-technisches-zentrum\/","title":{"rendered":"GK Technisches Zentrum"},"content":{"rendered":"<div class=\"wpb-content-wrapper\"><p>[vc_row][vc_column][vc_column_text]<\/p>\n<h4>Lassen Sie GKs Fachwissen Ihnen Ihren Prozess verbessern.<\/h4>\n<p>Vom Material im Mikrometerbereich bis hin zu gro\u00dfen Gussteilen und Aggregaten verf\u00fcgt General Kinematics (general kinematics service) \u00fcber Erfahrung und Know-how bei der L\u00f6sung schwieriger Prozessherausforderungen. Das Technische Zentrum von GK hilft Ihnen dabei, einen Teil dieser Wissensbasis zu nutzen, um besser zu verstehen, was die General Kinematics-Technologie von anderen Vibrations-Equipment-Anbietern unterscheidet, und erweitert die M\u00f6glichkeiten, die GK Ihnen bietet, wenn Sie mit uns zusammenarbeiten. (vibrationsausstattung\/vibrationsausr\u00fcstung)[\/vc_column_text][vc_row_inner][vc_column_inner][vc_empty_space][\/vc_column_inner][\/vc_row_inner][vc_text_separator title=&#8220;Ressourcenbibliothek&#8220; color=&#8220;custom&#8220; accent_color=&#8220;#c92e2e&#8220;][vc_row_inner][vc_column_inner width=&#8220;1\/3&#8243;][vc_hoverbox image=&#8220;15999&#8243; primary_title=&#8220;GK-F&amp;E Labor&#8220; primary_title_font_container=&#8220;color:%23ffffff&#8220; primary_title_use_theme_fonts=&#8220;yes&#8220; hover_title=&#8220;GK-F&amp;E Labor&#8220; hover_title_font_container=&#8220;color:%23ffffff&#8220; hover_title_use_theme_fonts=&#8220;yes&#8220; shape=&#8220;square&#8220; hover_background_color=&#8220;custom&#8220; el_width=&#8220;80&#8243; hover_btn_title=&#8220;Aussicht&#8220; hover_btn_style=&#8220;3d&#8220; use_custom_fonts_primary_title=&#8220;true&#8220; use_custom_fonts_hover_title=&#8220;true&#8220; hover_add_button=&#8220;true&#8220; hover_btn_link=&#8220;url:https%3A%2F%2Fwww.generalkinematics.com%2Fde%2Fgk-fe-labor%2F|&#8220; hover_custom_background=&#8220;#c1272d&#8220;][\/vc_hoverbox][\/vc_column_inner][vc_column_inner width=&#8220;1\/3&#8243;][vc_hoverbox image=&#8220;33904&#8243; primary_title=&#8220;Equipment-Steuerung&#8220; primary_title_font_container=&#8220;color:%23ffffff&#8220; primary_title_use_theme_fonts=&#8220;yes&#8220; hover_title=&#8220;Equipment-Steuerung&#8220; hover_title_font_container=&#8220;color:%23ffffff&#8220; hover_title_use_theme_fonts=&#8220;yes&#8220; shape=&#8220;square&#8220; hover_background_color=&#8220;custom&#8220; el_width=&#8220;80&#8243; hover_btn_title=&#8220;Aussicht&#8220; hover_btn_style=&#8220;3d&#8220; use_custom_fonts_primary_title=&#8220;true&#8220; use_custom_fonts_hover_title=&#8220;true&#8220; hover_add_button=&#8220;true&#8220; hover_btn_link=&#8220;url:https%3A%2F%2Fwww.generalkinematics.com%2Fde%2Fprodukt-kategorie%2Fgkparts-com-de%2Fsteuerung-und-ueberwachung%2F|||&#8220; hover_custom_background=&#8220;#c1272d&#8220;][\/vc_hoverbox][\/vc_column_inner][vc_column_inner width=&#8220;1\/3&#8243;][vc_hoverbox image=&#8220;33898&#8243; primary_title=&#8220;Vorteile der GK-SYNCHRO-COIL-F\u00f6rderanlagenantriebe (synchro coil f\u00f6rderer)&#8220; primary_title_font_container=&#8220;color:%23ffffff&#8220; primary_title_use_theme_fonts=&#8220;yes&#8220; hover_title=&#8220;Vorteile der GK-SYNCHRO-COIL-F\u00f6rderanlagenantriebe (synchro coil f\u00f6rderer)&#8220; hover_title_font_container=&#8220;color:%23ffffff&#8220; hover_title_use_theme_fonts=&#8220;yes&#8220; shape=&#8220;square&#8220; hover_background_color=&#8220;custom&#8220; el_width=&#8220;80&#8243; hover_btn_title=&#8220;Aussicht&#8220; hover_btn_style=&#8220;3d&#8220; use_custom_fonts_primary_title=&#8220;true&#8220; use_custom_fonts_hover_title=&#8220;true&#8220; hover_add_button=&#8220;true&#8220; hover_btn_link=&#8220;url:https%3A%2F%2Fwww.generalkinematics.com%2Fde%2Fsyncro-custion-schraubenfederantriebe-was-schuttelt-bei-gk%2F|&#8220; hover_custom_background=&#8220;#c1272d&#8220;][\/vc_hoverbox][\/vc_column_inner][\/vc_row_inner][vc_row_inner][vc_column_inner][vc_empty_space][\/vc_column_inner][\/vc_row_inner][vc_row_inner][vc_column_inner width=&#8220;1\/3&#8243;][vc_hoverbox image=&#8220;31528&#8243; primary_title=&#8220;GK-F\u00f6rderer-Ausgleichsarten erkl\u00e4rt&#8220; primary_title_font_container=&#8220;color:%23ffffff&#8220; primary_title_use_theme_fonts=&#8220;yes&#8220; hover_title=&#8220;GK-F\u00f6rderer-Ausgleichsarten erkl\u00e4rt&#8220; hover_title_font_container=&#8220;font_size:20|color:%23ffffff&#8220; hover_title_use_theme_fonts=&#8220;yes&#8220; shape=&#8220;square&#8220; hover_background_color=&#8220;custom&#8220; el_width=&#8220;80&#8243; hover_btn_title=&#8220;Aussicht&#8220; hover_btn_style=&#8220;3d&#8220; use_custom_fonts_primary_title=&#8220;true&#8220; use_custom_fonts_hover_title=&#8220;true&#8220; hover_add_button=&#8220;true&#8220; hover_custom_background=&#8220;#c1272d&#8220; hover_btn_link=&#8220;url:https%3A%2F%2Fwww.generalkinematics.com%2Fde%2Fgk-technisches-zentrum%2Fvibrations-ausgleichsvorrichtung%2F|&#8220; primary_title_link=&#8220;|||&#8220;][\/vc_hoverbox][\/vc_column_inner][vc_column_inner width=&#8220;1\/3&#8243;][vc_hoverbox image=&#8220;14236&#8243; primary_title=&#8220;Tipps f\u00fcr den Start mit dem Recycling&#8220; primary_title_font_container=&#8220;color:%23ffffff&#8220; primary_title_use_theme_fonts=&#8220;yes&#8220; hover_title=&#8220;Tipps f\u00fcr den Start mit dem Recycling&#8220; hover_title_font_container=&#8220;font_size:20|color:%23ffffff&#8220; hover_title_use_theme_fonts=&#8220;yes&#8220; shape=&#8220;square&#8220; hover_background_color=&#8220;custom&#8220; el_width=&#8220;80&#8243; hover_btn_title=&#8220;Aussicht&#8220; hover_btn_style=&#8220;3d&#8220; use_custom_fonts_primary_title=&#8220;true&#8220; use_custom_fonts_hover_title=&#8220;true&#8220; hover_add_button=&#8220;true&#8220; hover_custom_background=&#8220;#c1272d&#8220; hover_btn_link=&#8220;url:https%3A%2F%2Fwww.generalkinematics.com%2Fde%2Ftipps-zum-aufbau-eines-recyclingcenters-was-schuttelt-gk%2F|&#8220; primary_title_link=&#8220;|||&#8220;][\/vc_hoverbox][\/vc_column_inner][vc_column_inner width=&#8220;1\/3&#8243;][vc_hoverbox image=&#8220;11988&#8243; primary_title=&#8220;GK-Ausschlagrost-W\u00e4hlschalter&#8220; primary_title_font_container=&#8220;color:%23ffffff&#8220; primary_title_use_theme_fonts=&#8220;yes&#8220; hover_title=&#8220;GK-Ausschlagrost-W\u00e4hlschalter&#8220; hover_title_font_container=&#8220;font_size:20|color:%23ffffff&#8220; hover_title_use_theme_fonts=&#8220;yes&#8220; shape=&#8220;square&#8220; hover_background_color=&#8220;custom&#8220; el_width=&#8220;80&#8243; hover_btn_title=&#8220;Aussicht&#8220; hover_btn_style=&#8220;3d&#8220; use_custom_fonts_primary_title=&#8220;true&#8220; use_custom_fonts_hover_title=&#8220;true&#8220; hover_add_button=&#8220;true&#8220; hover_custom_background=&#8220;#c1272d&#8220; hover_btn_link=&#8220;url:https%3A%2F%2Fwww.generalkinematics.com%2Fde%2Fgieserei-ausrustung%2Fwahlschalter-losungen-fur-gieserei-und-metallguss%2F|||&#8220;][\/vc_hoverbox][\/vc_column_inner][\/vc_row_inner][vc_row_inner][vc_column_inner][vc_empty_space][\/vc_column_inner][\/vc_row_inner][vc_row_inner][vc_column_inner width=&#8220;1\/3&#8243;][vc_hoverbox image=&#8220;14145&#8243; primary_title=&#8220;Dichtetrennung: Warum ist Luft besser als Wasser&#8220; primary_title_font_container=&#8220;color:%23ffffff&#8220; primary_title_use_theme_fonts=&#8220;yes&#8220; hover_title=&#8220;Dichtetrennung: Warum ist Luft besser als Wasser&#8220; hover_title_font_container=&#8220;font_size:20|color:%23ffffff&#8220; hover_title_use_theme_fonts=&#8220;yes&#8220; shape=&#8220;square&#8220; hover_background_color=&#8220;custom&#8220; el_width=&#8220;80&#8243; hover_btn_title=&#8220;Aussicht&#8220; hover_btn_style=&#8220;3d&#8220; use_custom_fonts_primary_title=&#8220;true&#8220; use_custom_fonts_hover_title=&#8220;true&#8220; hover_add_button=&#8220;true&#8220; hover_custom_background=&#8220;#c1272d&#8220; hover_btn_link=&#8220;url:https%3A%2F%2Fgreenhatgk-wpengine.netdna-ssl.com%2Fwp-content%2Fuploads%2Ftechdocs%2Fdestoner.pdf|&#8220;][\/vc_hoverbox][\/vc_column_inner][vc_column_inner width=&#8220;1\/3&#8243;][vc_hoverbox image=&#8220;12467&#8243; primary_title=&#8220;Vibration vs. Drehtrommeln: Was ist das Beste f\u00fcr Sie?&#8220; primary_title_font_container=&#8220;color:%23ffffff&#8220; primary_title_use_theme_fonts=&#8220;yes&#8220; hover_title=&#8220;Vibration vs. Drehtrommeln: Was ist das Beste f\u00fcr Sie?&#8220; hover_title_font_container=&#8220;font_size:20|color:%23ffffff&#8220; hover_title_google_fonts=&#8220;font_family:Lato%3A100%2C100italic%2C300%2C300italic%2Cregular%2Citalic%2C700%2C700italic%2C900%2C900italic|font_style:900%20bold%20regular%3A900%3Anormal&#8220; shape=&#8220;square&#8220; hover_background_color=&#8220;custom&#8220; el_width=&#8220;80&#8243; hover_btn_title=&#8220;Aussicht&#8220; hover_btn_style=&#8220;3d&#8220; use_custom_fonts_primary_title=&#8220;true&#8220; use_custom_fonts_hover_title=&#8220;true&#8220; hover_add_button=&#8220;true&#8220; hover_custom_background=&#8220;#c1272d&#8220; hover_btn_link=&#8220;url:https%3A%2F%2Fgreenhatgk-wpengine.netdna-ssl.com%2Fwp-content%2Fuploads%2Ftechdocs%2Frvvdrumtech.pdf|&#8220;][\/vc_hoverbox][\/vc_column_inner][vc_column_inner width=&#8220;1\/3&#8243;][vc_hoverbox image=&#8220;12788&#8243; primary_title=&#8220;Was ist Zwei-Massen-Vibrationstechnologie?&#8220; primary_title_font_container=&#8220;color:%23ffffff&#8220; primary_title_use_theme_fonts=&#8220;yes&#8220; hover_title=&#8220;Was ist Zwei-Massen-Vibrationstechnologie?&#8220; hover_title_font_container=&#8220;font_size:20|color:%23ffffff&#8220; hover_title_use_theme_fonts=&#8220;yes&#8220; shape=&#8220;square&#8220; hover_background_color=&#8220;custom&#8220; el_width=&#8220;80&#8243; hover_btn_title=&#8220;Aussicht&#8220; hover_btn_style=&#8220;3d&#8220; use_custom_fonts_primary_title=&#8220;true&#8220; use_custom_fonts_hover_title=&#8220;true&#8220; hover_add_button=&#8220;true&#8220; hover_custom_background=&#8220;#c1272d&#8220; hover_btn_link=&#8220;url:https%3A%2F%2Fwww.generalkinematics.com%2Fde%2Fgk-zwei-massen-vorteil-two-mass%2F|&#8220; primary_title_link=&#8220;|||&#8220;][\/vc_hoverbox][\/vc_column_inner][\/vc_row_inner][vc_row_inner][vc_column_inner][vc_empty_space][\/vc_column_inner][\/vc_row_inner][vc_row_inner][vc_column_inner width=&#8220;1\/3&#8243;][vc_hoverbox image=&#8220;13164&#8243; primary_title=&#8220;GK-Buchsenvergleichstest&#8220; primary_title_font_container=&#8220;color:%23ffffff&#8220; primary_title_use_theme_fonts=&#8220;yes&#8220; hover_title=&#8220;GK-Buchsenvergleichstest&#8220; hover_title_font_container=&#8220;font_size:20|color:%23ffffff&#8220; hover_title_use_theme_fonts=&#8220;yes&#8220; shape=&#8220;square&#8220; hover_background_color=&#8220;custom&#8220; el_width=&#8220;80&#8243; hover_btn_title=&#8220;Aussicht&#8220; hover_btn_style=&#8220;3d&#8220; use_custom_fonts_primary_title=&#8220;true&#8220; use_custom_fonts_hover_title=&#8220;true&#8220; hover_add_button=&#8220;true&#8220; hover_custom_background=&#8220;#c1272d&#8220; hover_btn_link=&#8220;url:%2F%3Fp%3D4855|&#8220;][\/vc_hoverbox][\/vc_column_inner][vc_column_inner width=&#8220;1\/3&#8243;][vc_hoverbox image=&#8220;6538&#8243; primary_title=&#8220;Vorteile Aluminiumstabilisatoren&#8220; primary_title_font_container=&#8220;color:%23ffffff&#8220; primary_title_use_theme_fonts=&#8220;yes&#8220; hover_title=&#8220;Vorteile Aluminiumstabilisatoren&#8220; hover_title_font_container=&#8220;font_size:20|color:%23ffffff&#8220; hover_title_use_theme_fonts=&#8220;yes&#8220; shape=&#8220;square&#8220; hover_background_color=&#8220;custom&#8220; el_width=&#8220;80&#8243; hover_btn_title=&#8220;Aussicht&#8220; hover_btn_style=&#8220;3d&#8220; use_custom_fonts_primary_title=&#8220;true&#8220; use_custom_fonts_hover_title=&#8220;true&#8220; hover_add_button=&#8220;true&#8220; hover_custom_background=&#8220;#c1272d&#8220; hover_btn_link=&#8220;url:https%3A%2F%2Fwww.generalkinematics.com%2Fde%2Fprodukt%2Fgeneral-kinematics-premium-aluminium-stabilisatoren%2F|||&#8220; primary_title_link=&#8220;|||&#8220;][\/vc_hoverbox][\/vc_column_inner][vc_column_inner width=&#8220;1\/3&#8243;][vc_hoverbox image=&#8220;12748&#8243; primary_title=&#8220;PARA-MOUNT\u00ae Beschickungsanlagen-Bibliothek zum Nachschlagen&#8220; primary_title_font_container=&#8220;color:%23ffffff&#8220; primary_title_use_theme_fonts=&#8220;yes&#8220; hover_title=&#8220;PARA-MOUNT\u00ae Beschickungsanlagen-Bibliothek zum Nachschlagen&#8220; hover_title_font_container=&#8220;font_size:20|color:%23ffffff&#8220; hover_title_use_theme_fonts=&#8220;yes&#8220; shape=&#8220;square&#8220; hover_background_color=&#8220;custom&#8220; el_width=&#8220;80&#8243; hover_btn_title=&#8220;Aussicht&#8220; hover_btn_style=&#8220;3d&#8220; use_custom_fonts_primary_title=&#8220;true&#8220; use_custom_fonts_hover_title=&#8220;true&#8220; hover_add_button=&#8220;true&#8220; hover_custom_background=&#8220;#c1272d&#8220; hover_btn_link=&#8220;url:%2F%3Fp%3D14405|&#8220;][\/vc_hoverbox][\/vc_column_inner][\/vc_row_inner][vc_empty_space][\/vc_column][\/vc_row]<\/p>\n<\/div>","protected":false},"excerpt":{"rendered":"<p>[vc_row][vc_column][vc_column_text] Lassen Sie GKs Fachwissen Ihnen Ihren Prozess verbessern. Vom Material im Mikrometerbereich bis hin zu gro\u00dfen Gussteilen und Aggregaten verf\u00fcgt General Kinematics (general kinematics service) \u00fcber Erfahrung und Know-how bei der L\u00f6sung schwieriger Prozessherausforderungen. Das Technische Zentrum von GK hilft Ihnen dabei, einen Teil dieser Wissensbasis zu nutzen, um besser zu verstehen, was die [&hellip;]<\/p>\n","protected":false},"author":5,"featured_media":0,"parent":0,"menu_order":3,"comment_status":"closed","ping_status":"closed","template":"page-templates\/page-full-width.php","meta":{"_acf_changed":false,"om_disable_all_campaigns":false,"ep_exclude_from_search":false,"footnotes":""},"class_list":["post-41225","page","type-page","status-publish","hentry"],"acf":[],"yoast_head":"<!-- This site is optimized with the Yoast SEO plugin v27.2 - https:\/\/yoast.com\/product\/yoast-seo-wordpress\/ -->\n<title>Publikationen von General Kinematics | General Kinematics<\/title>\n<meta name=\"description\" content=\"Nutzen Sie unsere jahrelange Erfahrung und lesen Sie die Publikationen von General Kinematics. Optimieren Sie Ihre Arbeitsprozesse mit den innovativen technischen Informationen von GK.\" \/>\n<meta name=\"robots\" content=\"index, follow, max-snippet:-1, max-image-preview:large, max-video-preview:-1\" \/>\n<link rel=\"canonical\" href=\"https:\/\/www.generalkinematics.com\/de\/gk-technisches-zentrum\/\" \/>\n<meta property=\"og:locale\" content=\"de_DE\" \/>\n<meta property=\"og:type\" content=\"article\" \/>\n<meta property=\"og:title\" content=\"Publikationen von General Kinematics | General Kinematics\" \/>\n<meta property=\"og:description\" content=\"Nutzen Sie unsere jahrelange Erfahrung und lesen Sie die Publikationen von General Kinematics. Optimieren Sie Ihre Arbeitsprozesse mit den innovativen technischen Informationen von GK.\" \/>\n<meta property=\"og:url\" content=\"https:\/\/www.generalkinematics.com\/de\/gk-technisches-zentrum\/\" \/>\n<meta property=\"og:site_name\" content=\"General Kinematics\" \/>\n<meta property=\"article:publisher\" content=\"https:\/\/www.facebook.com\/generalkinematics\" \/>\n<meta property=\"article:modified_time\" content=\"2024-12-06T16:56:28+00:00\" \/>\n<meta property=\"og:image\" content=\"https:\/\/media.generalkinematics.com\/wp-content\/uploads\/2017\/07\/GK-Icon.png\" \/>\n\t<meta property=\"og:image:width\" content=\"3000\" \/>\n\t<meta property=\"og:image:height\" content=\"3000\" \/>\n\t<meta property=\"og:image:type\" content=\"image\/jpeg\" \/>\n<meta name=\"twitter:card\" content=\"summary_large_image\" \/>\n<meta name=\"twitter:site\" content=\"@gkvibrating\" \/>\n<meta name=\"twitter:label1\" content=\"Gesch\u00e4tzte Lesezeit\" \/>\n\t<meta name=\"twitter:data1\" content=\"2 Minuten\" \/>\n<!-- \/ Yoast SEO plugin. -->","yoast_head_json":{"title":"Publikationen von General Kinematics | General Kinematics","description":"Nutzen Sie unsere jahrelange Erfahrung und lesen Sie die Publikationen von General Kinematics. Optimieren Sie Ihre Arbeitsprozesse mit den innovativen technischen Informationen von GK.","robots":{"index":"index","follow":"follow","max-snippet":"max-snippet:-1","max-image-preview":"max-image-preview:large","max-video-preview":"max-video-preview:-1"},"canonical":"https:\/\/www.generalkinematics.com\/de\/gk-technisches-zentrum\/","og_locale":"de_DE","og_type":"article","og_title":"Publikationen von General Kinematics | General Kinematics","og_description":"Nutzen Sie unsere jahrelange Erfahrung und lesen Sie die Publikationen von General Kinematics. Optimieren Sie Ihre Arbeitsprozesse mit den innovativen technischen Informationen von GK.","og_url":"https:\/\/www.generalkinematics.com\/de\/gk-technisches-zentrum\/","og_site_name":"General Kinematics","article_publisher":"https:\/\/www.facebook.com\/generalkinematics","article_modified_time":"2024-12-06T16:56:28+00:00","og_image":[{"width":3000,"height":3000,"url":"https:\/\/media.generalkinematics.com\/wp-content\/uploads\/2017\/07\/GK-Icon.png","type":"image\/jpeg"}],"twitter_card":"summary_large_image","twitter_site":"@gkvibrating","twitter_misc":{"Gesch\u00e4tzte Lesezeit":"2 Minuten"},"schema":{"@context":"https:\/\/schema.org","@graph":[{"@type":"WebPage","@id":"https:\/\/www.generalkinematics.com\/de\/gk-technisches-zentrum\/","url":"https:\/\/www.generalkinematics.com\/de\/gk-technisches-zentrum\/","name":"Publikationen von General Kinematics | General Kinematics","isPartOf":{"@id":"https:\/\/www.generalkinematics.com\/de\/#website"},"datePublished":"2012-12-14T11:38:59+00:00","dateModified":"2024-12-06T16:56:28+00:00","description":"Nutzen Sie unsere jahrelange Erfahrung und lesen Sie die Publikationen von General Kinematics. Optimieren Sie Ihre Arbeitsprozesse mit den innovativen technischen Informationen von GK.","breadcrumb":{"@id":"https:\/\/www.generalkinematics.com\/de\/gk-technisches-zentrum\/#breadcrumb"},"inLanguage":"de-DE","potentialAction":[{"@type":"ReadAction","target":["https:\/\/www.generalkinematics.com\/de\/gk-technisches-zentrum\/"]}]},{"@type":"BreadcrumbList","@id":"https:\/\/www.generalkinematics.com\/de\/gk-technisches-zentrum\/#breadcrumb","itemListElement":[{"@type":"ListItem","position":1,"name":"GK Home","item":"https:\/\/www.generalkinematics.com\/de\/"},{"@type":"ListItem","position":2,"name":"GK Technisches Zentrum"}]},{"@type":"WebSite","@id":"https:\/\/www.generalkinematics.com\/de\/#website","url":"https:\/\/www.generalkinematics.com\/de\/","name":"General Kinematics","description":"","publisher":{"@id":"https:\/\/www.generalkinematics.com\/de\/#organization"},"potentialAction":[{"@type":"SearchAction","target":{"@type":"EntryPoint","urlTemplate":"https:\/\/www.generalkinematics.com\/de\/?s={search_term_string}"},"query-input":{"@type":"PropertyValueSpecification","valueRequired":true,"valueName":"search_term_string"}}],"inLanguage":"de-DE"},{"@type":"Organization","@id":"https:\/\/www.generalkinematics.com\/de\/#organization","name":"General Kinematics","url":"https:\/\/www.generalkinematics.com\/de\/","logo":{"@type":"ImageObject","inLanguage":"de-DE","@id":"https:\/\/www.generalkinematics.com\/de\/#\/schema\/logo\/image\/","url":"https:\/\/media.generalkinematics.com\/wp-content\/uploads\/2018\/03\/logo.png","contentUrl":"https:\/\/media.generalkinematics.com\/wp-content\/uploads\/2018\/03\/logo.png","width":313,"height":100,"caption":"General Kinematics"},"image":{"@id":"https:\/\/www.generalkinematics.com\/de\/#\/schema\/logo\/image\/"},"sameAs":["https:\/\/www.facebook.com\/generalkinematics","https:\/\/x.com\/gkvibrating"]}]}},"_links":{"self":[{"href":"https:\/\/www.generalkinematics.com\/de\/wp-json\/wp\/v2\/pages\/41225","targetHints":{"allow":["GET"]}}],"collection":[{"href":"https:\/\/www.generalkinematics.com\/de\/wp-json\/wp\/v2\/pages"}],"about":[{"href":"https:\/\/www.generalkinematics.com\/de\/wp-json\/wp\/v2\/types\/page"}],"author":[{"embeddable":true,"href":"https:\/\/www.generalkinematics.com\/de\/wp-json\/wp\/v2\/users\/5"}],"replies":[{"embeddable":true,"href":"https:\/\/www.generalkinematics.com\/de\/wp-json\/wp\/v2\/comments?post=41225"}],"version-history":[{"count":0,"href":"https:\/\/www.generalkinematics.com\/de\/wp-json\/wp\/v2\/pages\/41225\/revisions"}],"wp:attachment":[{"href":"https:\/\/www.generalkinematics.com\/de\/wp-json\/wp\/v2\/media?parent=41225"}],"curies":[{"name":"wp","href":"https:\/\/api.w.org\/{rel}","templated":true}]}}