{"id":41232,"date":"2013-01-17T18:05:07","date_gmt":"2013-01-18T00:05:07","guid":{"rendered":"https:\/\/www.generalkinematics.com\/go-green\/"},"modified":"2018-09-25T11:26:33","modified_gmt":"2018-09-25T16:26:33","slug":"go-green","status":"publish","type":"page","link":"https:\/\/www.generalkinematics.com\/de\/go-green\/","title":{"rendered":"Go Green"},"content":{"rendered":"<p><img decoding=\"async\" class=\"size-full wp-image-6392\" src=\"https:\/\/www.generalkinematics.com\/wp-content\/uploads\/go-green-1.jpg\" alt=\"go-green\" width=\"350\" height=\"97\" srcset=\"https:\/\/www.generalkinematics.com\/wp-content\/uploads\/go-green-1.jpg 350w, https:\/\/www.generalkinematics.com\/wp-content\/uploads\/go-green-1-300x83.jpg 300w\" sizes=\"(max-width: 639px) 98vw, (max-width: 1199px) 64vw, 350px\" \/><\/p>\n<h2 class=\"bodytext14\">GK-Equipment spart Energie.<\/h2>\n<p class=\"bodytext14\">General Kinematics ist Vorreiter bei der Nutzung von umweltverantwortlichem Prozessdesign f\u00fcr den Einsatz in Materialhandhabungsanwendungen. Dies gelingt durch die Nutzung von GKs Zwei-Massen-Antriebssystemen (gk two mass), die, um die gleiche Arbeit wie ein System mit einer einzigen Masse (Schwerstlast) zu verrichten, bis zu zwei Drittel weniger Leistung ben\u00f6tigen. Diese Leistungseinsparung reduziert den Energieverbrauch und die damit verbundenen Stromkosten erheblich. Das Zwei-Massen-Equipment ist weiterhin kosteng\u00fcnstiger in der Instandhaltung, denn es enth\u00e4lt keine Riemen, gro\u00dfe Motoren und Lager.<\/p>\n<h2 class=\"bodytext14\">Diversion und Veredelung<\/h2>\n<p class=\"bodytext14\">Jedes Jahr hilft Equipment von General Kinematics Millionen von Tonnen Abfall von der M\u00fclldeponie fernzuhalten. Diese optimale Nutzung der Abfallstr\u00f6me verringert die Umweltauswirkungen, die durch den Erwerb von Rohstoffen entstehen, f\u00fchrt erneuerbare Ressourcen zur\u00fcck in den Produktionsstrom, spart Energie<img decoding=\"async\" class=\"alignright wp-image-6330 size-medium\" src=\"https:\/\/www.generalkinematics.com\/wp-content\/uploads\/\/green_equipment-1-154x300.jpg\" alt=\"umweltfreundliches_equipment\" width=\"154\" height=\"300\" srcset=\"https:\/\/www.generalkinematics.com\/wp-content\/uploads\/green_equipment-1-154x300.jpg 154w, https:\/\/www.generalkinematics.com\/wp-content\/uploads\/green_equipment-1.jpg 231w\" sizes=\"(max-width: 639px) 98vw, (max-width: 1199px) 64vw, 154px\" \/>und maximiert den Materialwert.<\/p>\n<h2 class=\"bodytext14\">Wiederaufbereitung und Recycling<\/h2>\n<p class=\"bodytext14\">Die Wiederaufbereitung von Materialien hilft auch die Auswirkungen Ihrer Einrichtung auf die Umwelt zu reduzieren. GK bietet eine vollst\u00e4ndige Palette von L\u00f6sungen f\u00fcr die R\u00fcckgewinnung von Ang\u00fcssen, Sand, R\u00fcckst\u00e4nden, Schlacke, Eisen- und Nichteisenmetallen, Bio-Produkten, Feinanteilen, Holz und anderen wiederverwendbaren Produkten, die normalerweise entsorgt werden. Durch die Wiederverwendung dieser Materialien k\u00f6nnen Sie die Rohstoffkosten senken und die Effizienz Ihres Produktionsprozesses steigern.<\/p>\n<h2 class=\"bodytext14\">Nachhaltige Produktionsabl\u00e4ufe<\/h2>\n<p class=\"bodytext14\">General Kinematics (general kinematics service) ist bestrebt, seine Produktionsanlagen m\u00f6glichst umweltfreundlich zu betreiben. Unsere Einrichtungen recyceln \u00fcber 2.000.000 Pfund Schrott pro Jahr. Wir verbessern st\u00e4ndig die Prozesse und nutzen modernste Technologie, um den Papier- und Ressourcenverbrauch zu reduzieren. Am wichtigsten ist jedoch, dass unser Community Action Team mit lokalen Organisationen zusammenarbeitet, um unserer Gemeinschaft etwas sowohl f\u00fcr die Umwelt als auch f\u00fcr die Menschen, die dort leben, zur\u00fcckzugeben und sie zu verbessern.<\/p>\n<p>&nbsp;<\/p>\n","protected":false},"excerpt":{"rendered":"<p>GK-Equipment spart Energie. General Kinematics ist Vorreiter bei der Nutzung von umweltverantwortlichem Prozessdesign f\u00fcr den Einsatz in Materialhandhabungsanwendungen. Dies gelingt durch die Nutzung von GKs Zwei-Massen-Antriebssystemen (gk two mass), die, um die gleiche Arbeit wie ein System mit einer einzigen Masse (Schwerstlast) zu verrichten, bis zu zwei Drittel weniger Leistung ben\u00f6tigen. Diese Leistungseinsparung reduziert den [&hellip;]<\/p>\n","protected":false},"author":5,"featured_media":0,"parent":0,"menu_order":0,"comment_status":"closed","ping_status":"closed","template":"page-templates\/page-full-width.php","meta":{"_acf_changed":false,"om_disable_all_campaigns":false,"ep_exclude_from_search":false,"footnotes":""},"class_list":["post-41232","page","type-page","status-publish","hentry"],"acf":[],"yoast_head":"<!-- This site is optimized with the Yoast SEO plugin v27.2 - https:\/\/yoast.com\/product\/yoast-seo-wordpress\/ -->\n<title>Recyclingtechnik und Industriel\u00f6sungen | General Kinematics<\/title>\n<meta name=\"description\" content=\"Erfahren Sie mehr \u00fcber Recyclingtechnik und Umweltschutz in der Industrie. General Kinematics bietet umfangreiche Industriel\u00f6sungen f\u00fcr Wiederverwertung, Recycling und weniger Energieverbrauch.\" \/>\n<meta name=\"robots\" content=\"index, follow, max-snippet:-1, max-image-preview:large, max-video-preview:-1\" \/>\n<link rel=\"canonical\" href=\"https:\/\/www.generalkinematics.com\/de\/go-green\/\" \/>\n<meta property=\"og:locale\" content=\"de_DE\" \/>\n<meta property=\"og:type\" content=\"article\" \/>\n<meta property=\"og:title\" content=\"Recyclingtechnik und Industriel\u00f6sungen | General Kinematics\" \/>\n<meta property=\"og:description\" content=\"Erfahren Sie mehr \u00fcber Recyclingtechnik und Umweltschutz in der Industrie. General Kinematics bietet umfangreiche Industriel\u00f6sungen f\u00fcr Wiederverwertung, Recycling und weniger Energieverbrauch.\" \/>\n<meta property=\"og:url\" content=\"https:\/\/www.generalkinematics.com\/de\/go-green\/\" \/>\n<meta property=\"og:site_name\" content=\"General Kinematics\" \/>\n<meta property=\"article:publisher\" content=\"https:\/\/www.facebook.com\/generalkinematics\" \/>\n<meta property=\"article:modified_time\" content=\"2018-09-25T16:26:33+00:00\" \/>\n<meta property=\"og:image\" content=\"https:\/\/www.generalkinematics.com\/wp-content\/uploads\/go-green-1.jpg\" \/>\n<meta name=\"twitter:card\" content=\"summary_large_image\" \/>\n<meta name=\"twitter:site\" content=\"@gkvibrating\" \/>\n<meta name=\"twitter:label1\" content=\"Gesch\u00e4tzte Lesezeit\" \/>\n\t<meta name=\"twitter:data1\" content=\"1 Minute\" \/>\n<!-- \/ Yoast SEO plugin. -->","yoast_head_json":{"title":"Recyclingtechnik und Industriel\u00f6sungen | General Kinematics","description":"Erfahren Sie mehr \u00fcber Recyclingtechnik und Umweltschutz in der Industrie. General Kinematics bietet umfangreiche Industriel\u00f6sungen f\u00fcr Wiederverwertung, Recycling und weniger Energieverbrauch.","robots":{"index":"index","follow":"follow","max-snippet":"max-snippet:-1","max-image-preview":"max-image-preview:large","max-video-preview":"max-video-preview:-1"},"canonical":"https:\/\/www.generalkinematics.com\/de\/go-green\/","og_locale":"de_DE","og_type":"article","og_title":"Recyclingtechnik und Industriel\u00f6sungen | General Kinematics","og_description":"Erfahren Sie mehr \u00fcber Recyclingtechnik und Umweltschutz in der Industrie. General Kinematics bietet umfangreiche Industriel\u00f6sungen f\u00fcr Wiederverwertung, Recycling und weniger Energieverbrauch.","og_url":"https:\/\/www.generalkinematics.com\/de\/go-green\/","og_site_name":"General Kinematics","article_publisher":"https:\/\/www.facebook.com\/generalkinematics","article_modified_time":"2018-09-25T16:26:33+00:00","og_image":[{"url":"https:\/\/www.generalkinematics.com\/wp-content\/uploads\/go-green-1.jpg","type":"","width":"","height":""}],"twitter_card":"summary_large_image","twitter_site":"@gkvibrating","twitter_misc":{"Gesch\u00e4tzte Lesezeit":"1 Minute"},"schema":{"@context":"https:\/\/schema.org","@graph":[{"@type":"WebPage","@id":"https:\/\/www.generalkinematics.com\/de\/go-green\/","url":"https:\/\/www.generalkinematics.com\/de\/go-green\/","name":"Recyclingtechnik und Industriel\u00f6sungen | General Kinematics","isPartOf":{"@id":"https:\/\/www.generalkinematics.com\/de\/#website"},"primaryImageOfPage":{"@id":"https:\/\/www.generalkinematics.com\/de\/go-green\/#primaryimage"},"image":{"@id":"https:\/\/www.generalkinematics.com\/de\/go-green\/#primaryimage"},"thumbnailUrl":"https:\/\/www.generalkinematics.com\/wp-content\/uploads\/go-green-1.jpg","datePublished":"2013-01-18T00:05:07+00:00","dateModified":"2018-09-25T16:26:33+00:00","description":"Erfahren Sie mehr \u00fcber Recyclingtechnik und Umweltschutz in der Industrie. General Kinematics bietet umfangreiche Industriel\u00f6sungen f\u00fcr Wiederverwertung, Recycling und weniger Energieverbrauch.","breadcrumb":{"@id":"https:\/\/www.generalkinematics.com\/de\/go-green\/#breadcrumb"},"inLanguage":"de-DE","potentialAction":[{"@type":"ReadAction","target":["https:\/\/www.generalkinematics.com\/de\/go-green\/"]}]},{"@type":"ImageObject","inLanguage":"de-DE","@id":"https:\/\/www.generalkinematics.com\/de\/go-green\/#primaryimage","url":"https:\/\/www.generalkinematics.com\/wp-content\/uploads\/go-green-1.jpg","contentUrl":"https:\/\/www.generalkinematics.com\/wp-content\/uploads\/go-green-1.jpg"},{"@type":"BreadcrumbList","@id":"https:\/\/www.generalkinematics.com\/de\/go-green\/#breadcrumb","itemListElement":[{"@type":"ListItem","position":1,"name":"GK Home","item":"https:\/\/www.generalkinematics.com\/de\/"},{"@type":"ListItem","position":2,"name":"Go Green"}]},{"@type":"WebSite","@id":"https:\/\/www.generalkinematics.com\/de\/#website","url":"https:\/\/www.generalkinematics.com\/de\/","name":"General Kinematics","description":"","publisher":{"@id":"https:\/\/www.generalkinematics.com\/de\/#organization"},"potentialAction":[{"@type":"SearchAction","target":{"@type":"EntryPoint","urlTemplate":"https:\/\/www.generalkinematics.com\/de\/?s={search_term_string}"},"query-input":{"@type":"PropertyValueSpecification","valueRequired":true,"valueName":"search_term_string"}}],"inLanguage":"de-DE"},{"@type":"Organization","@id":"https:\/\/www.generalkinematics.com\/de\/#organization","name":"General Kinematics","url":"https:\/\/www.generalkinematics.com\/de\/","logo":{"@type":"ImageObject","inLanguage":"de-DE","@id":"https:\/\/www.generalkinematics.com\/de\/#\/schema\/logo\/image\/","url":"https:\/\/media.generalkinematics.com\/wp-content\/uploads\/2018\/03\/logo.png","contentUrl":"https:\/\/media.generalkinematics.com\/wp-content\/uploads\/2018\/03\/logo.png","width":313,"height":100,"caption":"General Kinematics"},"image":{"@id":"https:\/\/www.generalkinematics.com\/de\/#\/schema\/logo\/image\/"},"sameAs":["https:\/\/www.facebook.com\/generalkinematics","https:\/\/x.com\/gkvibrating"]}]}},"_links":{"self":[{"href":"https:\/\/www.generalkinematics.com\/de\/wp-json\/wp\/v2\/pages\/41232","targetHints":{"allow":["GET"]}}],"collection":[{"href":"https:\/\/www.generalkinematics.com\/de\/wp-json\/wp\/v2\/pages"}],"about":[{"href":"https:\/\/www.generalkinematics.com\/de\/wp-json\/wp\/v2\/types\/page"}],"author":[{"embeddable":true,"href":"https:\/\/www.generalkinematics.com\/de\/wp-json\/wp\/v2\/users\/5"}],"replies":[{"embeddable":true,"href":"https:\/\/www.generalkinematics.com\/de\/wp-json\/wp\/v2\/comments?post=41232"}],"version-history":[{"count":0,"href":"https:\/\/www.generalkinematics.com\/de\/wp-json\/wp\/v2\/pages\/41232\/revisions"}],"wp:attachment":[{"href":"https:\/\/www.generalkinematics.com\/de\/wp-json\/wp\/v2\/media?parent=41232"}],"curies":[{"name":"wp","href":"https:\/\/api.w.org\/{rel}","templated":true}]}}