{"id":41273,"date":"2017-07-27T14:58:40","date_gmt":"2017-07-27T19:58:40","guid":{"rendered":"https:\/\/www.generalkinematics.com\/materialtests\/"},"modified":"2018-08-09T09:57:35","modified_gmt":"2018-08-09T14:57:35","slug":"materialtests","status":"publish","type":"page","link":"https:\/\/www.generalkinematics.com\/de\/materialtests\/","title":{"rendered":"Materialtests"},"content":{"rendered":"<p><img decoding=\"async\" class=\"aligncenter\" src=\"https:\/\/www.generalkinematics.com\/wp-content\/uploads\/2017\/07\/Material-Testing.png\" alt=\"Materialtests\" \/><\/p>\n<p>Wenn Sie nach neuem Equipment suchen, um Ihren Prozess erg\u00e4nzen, ist der Seelenfrieden Gold wert. General Kinematics (general kinematics service) hat sich zum Ziel gesetzt, unseren Kunden ein beruhigendes Gef\u00fchl zu geben, indem wir Ihr Material auf unseren Produkten testen und damit Sie das Ergebnis sehen k\u00f6nnen. Obwohl GK bereits seit dem ersten Tag des Jahres 2004 Materialtests f\u00fcr Kunden durchgef\u00fchrt hat, hat General Kinematics (general kinematics service) den ersten Spatenstick f\u00fcr ein neues, hochmodernes, 2100 Quadratfu\u00df gro\u00dfes Prozess- und Anwendungslabor vorgenommen. Wir stellen sicher, dass Ihr Material verarbeitet wird und ein erstaunliches Ergebnis auf unserem Equipment erzielt. Die Ergebnisse sollten beim Kauf von GK keine Frage sein. Aus diesem Grund bietet General Kinematics (general kinematics service) an, Ihr Material zu testen, w\u00e4hrend Sie im GK-Labor oder \u00fcber einen privaten Video-Link (gk video) pers\u00f6nlich zusehen. General Kinematik Experten (general kinematics service) im F&amp;E-Team werden Ihren Test von Anfang bis Ende durchf\u00fchren, um sicherzustellen, dass Sie mit GK die maximale Trennung erzielen.<\/p>\n<h2>Um den Unterschied zu sehen, den GK f\u00fcr Sie ausmachen kann, folgen Sie einfach diesen einfachen Schritten.<\/h2>\n<p><a href=\"https:\/\/www.generalkinematics.com\/de\/kontakt-general-kinematics\/\" target=\"_blank\" rel=\"noopener\"><img decoding=\"async\" class=\"aligncenter\" src=\"https:\/\/www.generalkinematics.com\/wp-content\/uploads\/2017\/07\/Material-Testing-New-100.jpg\" alt=\"GK Cares\" width=\"689\" height=\"889\" \/><\/a><\/p>\n<p><a href=\"https:\/\/www.generalkinematics.com\/de\/kontakt-general-kinematics\/\" target=\"_blank\" rel=\"noopener\"><img decoding=\"async\" class=\"wp-image-30890 aligncenter\" src=\"https:\/\/www.generalkinematics.com\/wp-content\/uploads\/2017\/07\/ImInterested-1-390x89.png\" alt=\"\" width=\"473\" height=\"108\" srcset=\"https:\/\/www.generalkinematics.com\/wp-content\/uploads\/2017\/07\/ImInterested-1-390x89.png 390w, https:\/\/www.generalkinematics.com\/wp-content\/uploads\/2017\/07\/ImInterested-1-300x68.png 300w, https:\/\/www.generalkinematics.com\/wp-content\/uploads\/2017\/07\/ImInterested-1-768x175.png 768w, https:\/\/www.generalkinematics.com\/wp-content\/uploads\/2017\/07\/ImInterested-1-1024x234.png 1024w, https:\/\/www.generalkinematics.com\/wp-content\/uploads\/2017\/07\/ImInterested-1.png 1292w\" sizes=\"(max-width: 639px) 98vw, (max-width: 1199px) 64vw, 473px\" \/><\/a><\/p>\n<h2>FORDERN SIE UNS HERAUS<\/h2>\n<p>Egal, ob Sie Sieben, Sortieren, Klassifizieren, Trennen, R\u00fctteln, Trocknen, K\u00fchlen, Zuf\u00fchren, F\u00f6rdern und Mahlen m\u00f6chten, GK hat es. Wir glauben, dass Sie vor dem Kauf wissen sollten, was Sie bekommen.<\/p>\n<p><a href=\"\/?page_id=31070\" target=\"_blank\" rel=\"noopener\"><img decoding=\"async\" class=\"aligncenter\" src=\"https:\/\/www.generalkinematics.com\/wp-content\/uploads\/2017\/07\/Challenge-Excepted.png\" alt=\"GK Cares\" width=\"1000\" height=\"200\" \/><\/a><\/p>\n","protected":false},"excerpt":{"rendered":"<p>Wenn Sie nach neuem Equipment suchen, um Ihren Prozess erg\u00e4nzen, ist der Seelenfrieden Gold wert. General Kinematics (general kinematics service) hat sich zum Ziel gesetzt, unseren Kunden ein beruhigendes Gef\u00fchl zu geben, indem wir Ihr Material auf unseren Produkten testen und damit Sie das Ergebnis sehen k\u00f6nnen. Obwohl GK bereits seit dem ersten Tag des [&hellip;]<\/p>\n","protected":false},"author":101013,"featured_media":54254,"parent":0,"menu_order":0,"comment_status":"closed","ping_status":"closed","template":"page-templates\/page-full-width.php","meta":{"_acf_changed":false,"om_disable_all_campaigns":false,"ep_exclude_from_search":false,"footnotes":""},"class_list":["post-41273","page","type-page","status-publish","has-post-thumbnail","hentry"],"acf":[],"yoast_head":"<!-- This site is optimized with the Yoast SEO plugin v27.2 - https:\/\/yoast.com\/product\/yoast-seo-wordpress\/ -->\n<title>Materialtests | General Kinematics<\/title>\n<meta name=\"robots\" content=\"index, follow, max-snippet:-1, max-image-preview:large, max-video-preview:-1\" \/>\n<link rel=\"canonical\" href=\"https:\/\/www.generalkinematics.com\/de\/materialtests\/\" \/>\n<meta property=\"og:locale\" content=\"de_DE\" \/>\n<meta property=\"og:type\" content=\"article\" \/>\n<meta property=\"og:title\" content=\"Materialtests | General Kinematics\" \/>\n<meta property=\"og:description\" content=\"Wenn Sie nach neuem Equipment suchen, um Ihren Prozess erg\u00e4nzen, ist der Seelenfrieden Gold wert. General Kinematics (general kinematics service) hat sich zum Ziel gesetzt, unseren Kunden ein beruhigendes Gef\u00fchl zu geben, indem wir Ihr Material auf unseren Produkten testen und damit Sie das Ergebnis sehen k\u00f6nnen. Obwohl GK bereits seit dem ersten Tag des [&hellip;]\" \/>\n<meta property=\"og:url\" content=\"https:\/\/www.generalkinematics.com\/de\/materialtests\/\" \/>\n<meta property=\"og:site_name\" content=\"General Kinematics\" \/>\n<meta property=\"article:publisher\" content=\"https:\/\/www.facebook.com\/generalkinematics\" \/>\n<meta property=\"article:modified_time\" content=\"2018-08-09T14:57:35+00:00\" \/>\n<meta property=\"og:image\" content=\"https:\/\/www.generalkinematics.com\/wp-content\/uploads\/2020\/08\/Derek-and-Toby_6-scaled-e1596644745813.jpg\" \/>\n\t<meta property=\"og:image:width\" content=\"2560\" \/>\n\t<meta property=\"og:image:height\" content=\"902\" \/>\n\t<meta property=\"og:image:type\" content=\"image\/jpeg\" \/>\n<meta name=\"twitter:card\" content=\"summary_large_image\" \/>\n<meta name=\"twitter:site\" content=\"@gkvibrating\" \/>\n<meta name=\"twitter:label1\" content=\"Gesch\u00e4tzte Lesezeit\" \/>\n\t<meta name=\"twitter:data1\" content=\"1 Minute\" \/>\n<!-- \/ Yoast SEO plugin. -->","yoast_head_json":{"title":"Materialtests | General Kinematics","robots":{"index":"index","follow":"follow","max-snippet":"max-snippet:-1","max-image-preview":"max-image-preview:large","max-video-preview":"max-video-preview:-1"},"canonical":"https:\/\/www.generalkinematics.com\/de\/materialtests\/","og_locale":"de_DE","og_type":"article","og_title":"Materialtests | General Kinematics","og_description":"Wenn Sie nach neuem Equipment suchen, um Ihren Prozess erg\u00e4nzen, ist der Seelenfrieden Gold wert. General Kinematics (general kinematics service) hat sich zum Ziel gesetzt, unseren Kunden ein beruhigendes Gef\u00fchl zu geben, indem wir Ihr Material auf unseren Produkten testen und damit Sie das Ergebnis sehen k\u00f6nnen. Obwohl GK bereits seit dem ersten Tag des [&hellip;]","og_url":"https:\/\/www.generalkinematics.com\/de\/materialtests\/","og_site_name":"General Kinematics","article_publisher":"https:\/\/www.facebook.com\/generalkinematics","article_modified_time":"2018-08-09T14:57:35+00:00","og_image":[{"width":2560,"height":902,"url":"https:\/\/www.generalkinematics.com\/wp-content\/uploads\/2020\/08\/Derek-and-Toby_6-scaled-e1596644745813.jpg","type":"image\/jpeg"}],"twitter_card":"summary_large_image","twitter_site":"@gkvibrating","twitter_misc":{"Gesch\u00e4tzte Lesezeit":"1 Minute"},"schema":{"@context":"https:\/\/schema.org","@graph":[{"@type":"WebPage","@id":"https:\/\/www.generalkinematics.com\/de\/materialtests\/","url":"https:\/\/www.generalkinematics.com\/de\/materialtests\/","name":"Materialtests | General Kinematics","isPartOf":{"@id":"https:\/\/www.generalkinematics.com\/de\/#website"},"primaryImageOfPage":{"@id":"https:\/\/www.generalkinematics.com\/de\/materialtests\/#primaryimage"},"image":{"@id":"https:\/\/www.generalkinematics.com\/de\/materialtests\/#primaryimage"},"thumbnailUrl":"https:\/\/media.generalkinematics.com\/wp-content\/uploads\/2024\/11\/Derek-and-Toby_6-scaled-e1596644745814.jpg","datePublished":"2017-07-27T19:58:40+00:00","dateModified":"2018-08-09T14:57:35+00:00","breadcrumb":{"@id":"https:\/\/www.generalkinematics.com\/de\/materialtests\/#breadcrumb"},"inLanguage":"de-DE","potentialAction":[{"@type":"ReadAction","target":["https:\/\/www.generalkinematics.com\/de\/materialtests\/"]}]},{"@type":"ImageObject","inLanguage":"de-DE","@id":"https:\/\/www.generalkinematics.com\/de\/materialtests\/#primaryimage","url":"https:\/\/media.generalkinematics.com\/wp-content\/uploads\/2024\/11\/Derek-and-Toby_6-scaled-e1596644745814.jpg","contentUrl":"https:\/\/media.generalkinematics.com\/wp-content\/uploads\/2024\/11\/Derek-and-Toby_6-scaled-e1596644745814.jpg","width":2560,"height":902},{"@type":"BreadcrumbList","@id":"https:\/\/www.generalkinematics.com\/de\/materialtests\/#breadcrumb","itemListElement":[{"@type":"ListItem","position":1,"name":"GK Home","item":"https:\/\/www.generalkinematics.com\/de\/"},{"@type":"ListItem","position":2,"name":"Materialtests"}]},{"@type":"WebSite","@id":"https:\/\/www.generalkinematics.com\/de\/#website","url":"https:\/\/www.generalkinematics.com\/de\/","name":"General Kinematics","description":"","publisher":{"@id":"https:\/\/www.generalkinematics.com\/de\/#organization"},"potentialAction":[{"@type":"SearchAction","target":{"@type":"EntryPoint","urlTemplate":"https:\/\/www.generalkinematics.com\/de\/?s={search_term_string}"},"query-input":{"@type":"PropertyValueSpecification","valueRequired":true,"valueName":"search_term_string"}}],"inLanguage":"de-DE"},{"@type":"Organization","@id":"https:\/\/www.generalkinematics.com\/de\/#organization","name":"General Kinematics","url":"https:\/\/www.generalkinematics.com\/de\/","logo":{"@type":"ImageObject","inLanguage":"de-DE","@id":"https:\/\/www.generalkinematics.com\/de\/#\/schema\/logo\/image\/","url":"https:\/\/media.generalkinematics.com\/wp-content\/uploads\/2018\/03\/logo.png","contentUrl":"https:\/\/media.generalkinematics.com\/wp-content\/uploads\/2018\/03\/logo.png","width":313,"height":100,"caption":"General Kinematics"},"image":{"@id":"https:\/\/www.generalkinematics.com\/de\/#\/schema\/logo\/image\/"},"sameAs":["https:\/\/www.facebook.com\/generalkinematics","https:\/\/x.com\/gkvibrating"]}]}},"_links":{"self":[{"href":"https:\/\/www.generalkinematics.com\/de\/wp-json\/wp\/v2\/pages\/41273","targetHints":{"allow":["GET"]}}],"collection":[{"href":"https:\/\/www.generalkinematics.com\/de\/wp-json\/wp\/v2\/pages"}],"about":[{"href":"https:\/\/www.generalkinematics.com\/de\/wp-json\/wp\/v2\/types\/page"}],"author":[{"embeddable":true,"href":"https:\/\/www.generalkinematics.com\/de\/wp-json\/wp\/v2\/users\/101013"}],"replies":[{"embeddable":true,"href":"https:\/\/www.generalkinematics.com\/de\/wp-json\/wp\/v2\/comments?post=41273"}],"version-history":[{"count":0,"href":"https:\/\/www.generalkinematics.com\/de\/wp-json\/wp\/v2\/pages\/41273\/revisions"}],"wp:featuredmedia":[{"embeddable":true,"href":"https:\/\/www.generalkinematics.com\/de\/wp-json\/wp\/v2\/media\/54254"}],"wp:attachment":[{"href":"https:\/\/www.generalkinematics.com\/de\/wp-json\/wp\/v2\/media?parent=41273"}],"curies":[{"name":"wp","href":"https:\/\/api.w.org\/{rel}","templated":true}]}}