{"id":41395,"date":"2012-05-05T18:31:00","date_gmt":"2012-05-05T23:31:00","guid":{"rendered":"https:\/\/www.generalkinematics.com\/technische-informationen-gk-beschickungsanlagen\/"},"modified":"2024-06-28T10:43:52","modified_gmt":"2024-06-28T15:43:52","slug":"technische-informationen-gk-beschickungsanlagen","status":"publish","type":"page","link":"https:\/\/www.generalkinematics.com\/de\/technische-informationen-gk-beschickungsanlagen\/","title":{"rendered":"Technische Informationen | GK-Beschickungsanlagen"},"content":{"rendered":"<h1>TECHNISCHE INFORMATIONEN<\/h1>\n<h2>Informationen und Fakten \u00fcber GKs Vibrations-Beschickungsanlagen. (vibrating feeders info)<\/h2>\n<p><a href=\"\/?page_id=1262\">Vibrations-Beschickungsanlagen<\/a> | <a href=\"https:\/\/www.generalkinematics.com\/de\/standardgrosen-von-beschickungsanlagen-gk-beschickungsanlagen-7\/\">UN-COALER\u00ae-Aktivierungs-\/Beschickungsanlagen<\/a><\/p>\n<p><a href=\"https:\/\/www.generalkinematics.com\/de\/technische-informationen-gk-beschickungsanlagen\/\">Technische Daten<\/a> | <a href=\"\/?page_id=1268\">Teile und Wartung<\/a><\/p>\n<p>&nbsp;<\/p>\n<h2>Brosch\u00fcren:<\/h2>\n<ul>\n<li><a href=\"\/wp-content\/uploads\/2012\/05\/GKP-05_Bin_Activation.pdf\" target=\"_blank\" rel=\"noopener\"><strong><img decoding=\"async\" class=\"size-full wp-image-12674 alignleft\" src=\"https:\/\/www.generalkinematics.com\/wp-content\/uploads\/2014\/05\/brochure.png\" alt=\"Brosch\u00fcre\" width=\"32\" height=\"32\" align=\"middle\" hspace=\"11\" srcset=\"https:\/\/www.generalkinematics.com\/wp-content\/uploads\/2014\/05\/brochure.png 32w, https:\/\/www.generalkinematics.com\/wp-content\/uploads\/2014\/05\/brochure-200x200.png 200w, https:\/\/www.generalkinematics.com\/wp-content\/uploads\/2014\/05\/brochure-100x100.png 100w, https:\/\/www.generalkinematics.com\/wp-content\/uploads\/2014\/05\/brochure-150x150.png 150w, https:\/\/www.generalkinematics.com\/wp-content\/uploads\/2014\/05\/brochure-250x250.png 250w, https:\/\/www.generalkinematics.com\/wp-content\/uploads\/2014\/05\/brochure-50x50.png 50w, https:\/\/www.generalkinematics.com\/wp-content\/uploads\/2014\/05\/brochure-479x500.png 479w, https:\/\/www.generalkinematics.com\/wp-content\/uploads\/2014\/05\/brochure-600x600.png 600w, https:\/\/www.generalkinematics.com\/wp-content\/uploads\/2014\/05\/brochure-90x90.png 90w\" sizes=\"(max-width: 639px) 98vw, (max-width: 1199px) 64vw, 32px\" \/>Beh\u00e4lter-Aktivierungsanlagen<\/strong><\/a>&nbsp;<\/li>\n<li><a href=\"\/wp-content\/uploads\/2012\/05\/GKR04_Highstroke_Feeder.pdf\"><img decoding=\"async\" class=\"alignleft size-full wp-image-12674\" src=\"https:\/\/www.generalkinematics.com\/wp-content\/uploads\/2014\/05\/brochure.png\" alt=\"Brosch\u00fcre\" width=\"32\" height=\"32\" align=\"middle\" hspace=\"11\" srcset=\"https:\/\/www.generalkinematics.com\/wp-content\/uploads\/2014\/05\/brochure.png 32w, https:\/\/www.generalkinematics.com\/wp-content\/uploads\/2014\/05\/brochure-200x200.png 200w, https:\/\/www.generalkinematics.com\/wp-content\/uploads\/2014\/05\/brochure-100x100.png 100w, https:\/\/www.generalkinematics.com\/wp-content\/uploads\/2014\/05\/brochure-150x150.png 150w, https:\/\/www.generalkinematics.com\/wp-content\/uploads\/2014\/05\/brochure-250x250.png 250w, https:\/\/www.generalkinematics.com\/wp-content\/uploads\/2014\/05\/brochure-50x50.png 50w, https:\/\/www.generalkinematics.com\/wp-content\/uploads\/2014\/05\/brochure-479x500.png 479w, https:\/\/www.generalkinematics.com\/wp-content\/uploads\/2014\/05\/brochure-600x600.png 600w, https:\/\/www.generalkinematics.com\/wp-content\/uploads\/2014\/05\/brochure-90x90.png 90w\" sizes=\"(max-width: 639px) 98vw, (max-width: 1199px) 64vw, 32px\" \/><\/a><strong><strong><a href=\"\/wp-content\/uploads\/2012\/05\/GKR04_Highstroke_Feeder.pdf\" target=\"_blank\" rel=\"noopener\">Beschicker mit hoher Hubfrequenz<\/a><\/strong><\/strong>&nbsp;<\/li>\n<li><a href=\"\/wp-content\/uploads\/2012\/05\/GKCP03_Vibratory-101.pdf\"><img decoding=\"async\" class=\"alignleft size-full wp-image-12674\" src=\"https:\/\/www.generalkinematics.com\/wp-content\/uploads\/2014\/05\/brochure.png\" alt=\"Brosch\u00fcre\" width=\"32\" height=\"32\" align=\"middle\" hspace=\"11\" srcset=\"https:\/\/www.generalkinematics.com\/wp-content\/uploads\/2014\/05\/brochure.png 32w, https:\/\/www.generalkinematics.com\/wp-content\/uploads\/2014\/05\/brochure-200x200.png 200w, https:\/\/www.generalkinematics.com\/wp-content\/uploads\/2014\/05\/brochure-100x100.png 100w, https:\/\/www.generalkinematics.com\/wp-content\/uploads\/2014\/05\/brochure-150x150.png 150w, https:\/\/www.generalkinematics.com\/wp-content\/uploads\/2014\/05\/brochure-250x250.png 250w, https:\/\/www.generalkinematics.com\/wp-content\/uploads\/2014\/05\/brochure-50x50.png 50w, https:\/\/www.generalkinematics.com\/wp-content\/uploads\/2014\/05\/brochure-479x500.png 479w, https:\/\/www.generalkinematics.com\/wp-content\/uploads\/2014\/05\/brochure-600x600.png 600w, https:\/\/www.generalkinematics.com\/wp-content\/uploads\/2014\/05\/brochure-90x90.png 90w\" sizes=\"(max-width: 639px) 98vw, (max-width: 1199px) 64vw, 32px\" \/><\/a><strong><strong><a href=\"\/wp-content\/uploads\/2012\/05\/GKCP03_Vibratory-101.pdf\" target=\"_blank\" rel=\"noopener\">Freie Vibration 101 Klassen<\/a><\/strong><\/strong>&nbsp;<\/li>\n<li><a href=\"\/wp-content\/uploads\/2012\/05\/GKR08_Container_Loading.pdf\"><img decoding=\"async\" class=\"alignleft size-full wp-image-12674\" src=\"https:\/\/www.generalkinematics.com\/wp-content\/uploads\/2014\/05\/brochure.png\" alt=\"Brosch\u00fcre\" width=\"32\" height=\"32\" align=\"middle\" hspace=\"11\" srcset=\"https:\/\/www.generalkinematics.com\/wp-content\/uploads\/2014\/05\/brochure.png 32w, https:\/\/www.generalkinematics.com\/wp-content\/uploads\/2014\/05\/brochure-200x200.png 200w, https:\/\/www.generalkinematics.com\/wp-content\/uploads\/2014\/05\/brochure-100x100.png 100w, https:\/\/www.generalkinematics.com\/wp-content\/uploads\/2014\/05\/brochure-150x150.png 150w, https:\/\/www.generalkinematics.com\/wp-content\/uploads\/2014\/05\/brochure-250x250.png 250w, https:\/\/www.generalkinematics.com\/wp-content\/uploads\/2014\/05\/brochure-50x50.png 50w, https:\/\/www.generalkinematics.com\/wp-content\/uploads\/2014\/05\/brochure-479x500.png 479w, https:\/\/www.generalkinematics.com\/wp-content\/uploads\/2014\/05\/brochure-600x600.png 600w, https:\/\/www.generalkinematics.com\/wp-content\/uploads\/2014\/05\/brochure-90x90.png 90w\" sizes=\"(max-width: 639px) 98vw, (max-width: 1199px) 64vw, 32px\" \/><\/a><strong><strong><a href=\"\/wp-content\/uploads\/2012\/05\/GKR08_Container_Loading.pdf\" target=\"_blank\" rel=\"noopener\">Load-Rite Container-Beladesysteme<\/a><\/strong><\/strong>&nbsp;<\/li>\n<li><a href=\"\/wp-content\/uploads\/2012\/05\/GKF06_twoway.pdf\"><img decoding=\"async\" class=\"alignleft size-full wp-image-12674\" src=\"https:\/\/www.generalkinematics.com\/wp-content\/uploads\/2014\/05\/brochure.png\" alt=\"Brosch\u00fcre\" width=\"32\" height=\"32\" align=\"middle\" hspace=\"11\" srcset=\"https:\/\/www.generalkinematics.com\/wp-content\/uploads\/2014\/05\/brochure.png 32w, https:\/\/www.generalkinematics.com\/wp-content\/uploads\/2014\/05\/brochure-200x200.png 200w, https:\/\/www.generalkinematics.com\/wp-content\/uploads\/2014\/05\/brochure-100x100.png 100w, https:\/\/www.generalkinematics.com\/wp-content\/uploads\/2014\/05\/brochure-150x150.png 150w, https:\/\/www.generalkinematics.com\/wp-content\/uploads\/2014\/05\/brochure-250x250.png 250w, https:\/\/www.generalkinematics.com\/wp-content\/uploads\/2014\/05\/brochure-50x50.png 50w, https:\/\/www.generalkinematics.com\/wp-content\/uploads\/2014\/05\/brochure-479x500.png 479w, https:\/\/www.generalkinematics.com\/wp-content\/uploads\/2014\/05\/brochure-600x600.png 600w, https:\/\/www.generalkinematics.com\/wp-content\/uploads\/2014\/05\/brochure-90x90.png 90w\" sizes=\"(max-width: 639px) 98vw, (max-width: 1199px) 64vw, 32px\" \/><\/a><strong><strong><a href=\"\/wp-content\/uploads\/2012\/05\/GKF06_twoway.pdf\" target=\"_blank\" rel=\"noopener\">TWO-WAY\u2122-Bi-direktionale Beschickungsanlagen (zwei weg beschicker)<\/a><\/strong><\/strong>&nbsp;<\/li>\n<li><a href=\"\/wp-content\/uploads\/2012\/05\/GKM04_uncoaler.pdf\"><img decoding=\"async\" class=\"alignleft size-full wp-image-12674\" src=\"https:\/\/www.generalkinematics.com\/wp-content\/uploads\/2014\/05\/brochure.png\" alt=\"Brosch\u00fcre\" width=\"32\" height=\"32\" align=\"middle\" hspace=\"11\" srcset=\"https:\/\/www.generalkinematics.com\/wp-content\/uploads\/2014\/05\/brochure.png 32w, https:\/\/www.generalkinematics.com\/wp-content\/uploads\/2014\/05\/brochure-200x200.png 200w, https:\/\/www.generalkinematics.com\/wp-content\/uploads\/2014\/05\/brochure-100x100.png 100w, https:\/\/www.generalkinematics.com\/wp-content\/uploads\/2014\/05\/brochure-150x150.png 150w, https:\/\/www.generalkinematics.com\/wp-content\/uploads\/2014\/05\/brochure-250x250.png 250w, https:\/\/www.generalkinematics.com\/wp-content\/uploads\/2014\/05\/brochure-50x50.png 50w, https:\/\/www.generalkinematics.com\/wp-content\/uploads\/2014\/05\/brochure-479x500.png 479w, https:\/\/www.generalkinematics.com\/wp-content\/uploads\/2014\/05\/brochure-600x600.png 600w, https:\/\/www.generalkinematics.com\/wp-content\/uploads\/2014\/05\/brochure-90x90.png 90w\" sizes=\"(max-width: 639px) 98vw, (max-width: 1199px) 64vw, 32px\" \/><\/a><strong><strong><a href=\"\/wp-content\/uploads\/2012\/05\/GKM04_uncoaler.pdf\" target=\"_blank\" rel=\"noopener\">Un-Coaler\u00ae-Aktivierungs-\/ Beschickungsanlage<\/a><\/strong><\/strong>&nbsp;<\/li>\n<li><a href=\"\/wp-content\/uploads\/2012\/05\/GKF02_Feeders_small.pdf\"><img decoding=\"async\" class=\"alignleft size-full wp-image-12674\" src=\"https:\/\/www.generalkinematics.com\/wp-content\/uploads\/2014\/05\/brochure.png\" alt=\"Brosch\u00fcre\" width=\"32\" height=\"32\" align=\"middle\" hspace=\"11\" srcset=\"https:\/\/www.generalkinematics.com\/wp-content\/uploads\/2014\/05\/brochure.png 32w, https:\/\/www.generalkinematics.com\/wp-content\/uploads\/2014\/05\/brochure-200x200.png 200w, https:\/\/www.generalkinematics.com\/wp-content\/uploads\/2014\/05\/brochure-100x100.png 100w, https:\/\/www.generalkinematics.com\/wp-content\/uploads\/2014\/05\/brochure-150x150.png 150w, https:\/\/www.generalkinematics.com\/wp-content\/uploads\/2014\/05\/brochure-250x250.png 250w, https:\/\/www.generalkinematics.com\/wp-content\/uploads\/2014\/05\/brochure-50x50.png 50w, https:\/\/www.generalkinematics.com\/wp-content\/uploads\/2014\/05\/brochure-479x500.png 479w, https:\/\/www.generalkinematics.com\/wp-content\/uploads\/2014\/05\/brochure-600x600.png 600w, https:\/\/www.generalkinematics.com\/wp-content\/uploads\/2014\/05\/brochure-90x90.png 90w\" sizes=\"(max-width: 639px) 98vw, (max-width: 1199px) 64vw, 32px\" \/><\/a><a href=\"\/wp-content\/uploads\/2012\/05\/GKF02_Feeders_small.pdf\" target=\"_blank\" rel=\"noopener\"><strong>Vibrations-Beschickungsanlagen<\/strong><\/a><\/li>\n<li><a href=\"\/wp-content\/uploads\/2012\/05\/GKM03_Feeders.pdf\"><img decoding=\"async\" class=\"alignleft size-full wp-image-12674\" src=\"https:\/\/www.generalkinematics.com\/wp-content\/uploads\/2014\/05\/brochure.png\" alt=\"Brosch\u00fcre\" width=\"32\" height=\"32\" align=\"middle\" hspace=\"11\" srcset=\"https:\/\/www.generalkinematics.com\/wp-content\/uploads\/2014\/05\/brochure.png 32w, https:\/\/www.generalkinematics.com\/wp-content\/uploads\/2014\/05\/brochure-200x200.png 200w, https:\/\/www.generalkinematics.com\/wp-content\/uploads\/2014\/05\/brochure-100x100.png 100w, https:\/\/www.generalkinematics.com\/wp-content\/uploads\/2014\/05\/brochure-150x150.png 150w, https:\/\/www.generalkinematics.com\/wp-content\/uploads\/2014\/05\/brochure-250x250.png 250w, https:\/\/www.generalkinematics.com\/wp-content\/uploads\/2014\/05\/brochure-50x50.png 50w, https:\/\/www.generalkinematics.com\/wp-content\/uploads\/2014\/05\/brochure-479x500.png 479w, https:\/\/www.generalkinematics.com\/wp-content\/uploads\/2014\/05\/brochure-600x600.png 600w, https:\/\/www.generalkinematics.com\/wp-content\/uploads\/2014\/05\/brochure-90x90.png 90w\" sizes=\"(max-width: 639px) 98vw, (max-width: 1199px) 64vw, 32px\" \/><\/a><a href=\"\/wp-content\/uploads\/2012\/05\/GKM03_Feeders.pdf\" target=\"_blank\" rel=\"noopener\"><strong>Vibrations-Pfannenf\u00f6rderer<\/strong><\/a><\/li>\n<\/ul>\n<h2>PARA-MOUNT\u00ae Veraltete Informationen zu Vibrations-Beschickungsanlagen (vibrationsbeschicker info):<\/h2>\n<p>Mit Anlagen, die nach 40 Jahren immer noch in Betrieb sind, bieten General Kinematics<strong> PARA-MOUNT\u00ae <\/strong> Vibrations-Beschickungsanlagen eine au\u00dferordentliche, unvergleichbare Leistung sowohl bei Anwendungen mit einstellbarem oder festen Durchsatz. Bei \u00e4lteren Installationen auf der ganzen Welt f\u00fchrt General Kinematics immer noch alle Ersatzteile und Komponenten, um Ihre urspr\u00fcnglichen <strong>PARA-MOUNT\u00ae <\/strong> -Beschickungsanlagen in Betrieb zu halten.<\/p>\n<ul>\n<li><a href=\"https:\/\/www.generalkinematics.com\/de\/para-mount-beschickungsanlage-fehlerbehebung\/\" target=\"_blank\" rel=\"noopener\">Para-Mount Leitfaden zur Fehlerbehebung<\/a><\/li>\n<li><a href=\"https:\/\/www.generalkinematics.com\/de\/para-mount-kapazitaten-diagramme\/\" target=\"_blank\" rel=\"noopener\">Para-Mount\u00ae \u00a0Kapazit\u00e4tsinformation<\/a><\/li>\n<\/ul>\n<p>&nbsp;<\/p>\n<h2>Artikel:<\/h2>\n<ul>\n<li><a href=\"\/new-developments-of-vibratory-feeders-for-large-bulk-material-reclaim-systems-gk-feeders\/\" target=\"_blank\" rel=\"noopener\">Neuentwicklungen von Vibrations-Beschickungsanlagen f\u00fcr gro\u00dfe Sch\u00fcttgut-Wiederaufbereitunsanlagen.<\/a><\/li>\n<li><a href=\"\/?page_id=1240\" target=\"_blank\" rel=\"noopener\">Vibrations-Beschickungsanlagen f\u00fcr Bevorratung und R\u00fcckgewinnung<\/a><\/li>\n<\/ul>\n<p>&nbsp;<\/p>\n<h2>Gr\u00f6\u00dfentabellen:<\/h2>\n<ul>\n<li><a href=\"https:\/\/www.generalkinematics.com\/de\/grosentabellen-vibrations-beschickungsanlage\/\" target=\"_blank\" rel=\"noopener\">PARA-MOUNT II\u00ae-Vibrations-Beschickungsanlagen<\/a><\/li>\n<li><a href=\"https:\/\/www.generalkinematics.com\/de\/produkt\/un-coaler-aktivierungs-beschickungsanlage\/\" target=\"_blank\" rel=\"noopener\">UN-COALER\u00ae-Aktivierungs-\/Beschickungsanlagen (un-coaler)<\/a><\/li>\n<li><a href=\"https:\/\/www.generalkinematics.com\/de\/grosentabellen-serie-s\/\" target=\"_blank\" rel=\"noopener\">S-SERIE Vibrations-Beschickungsanlagen<\/a><\/li>\n<\/ul>\n","protected":false},"excerpt":{"rendered":"<p>TECHNISCHE INFORMATIONEN Informationen und Fakten \u00fcber GKs Vibrations-Beschickungsanlagen. (vibrating feeders info) Vibrations-Beschickungsanlagen | UN-COALER\u00ae-Aktivierungs-\/Beschickungsanlagen Technische Daten | Teile und Wartung &nbsp; Brosch\u00fcren: Beh\u00e4lter-Aktivierungsanlagen&nbsp; Beschicker mit hoher Hubfrequenz&nbsp; Freie Vibration 101 Klassen&nbsp; Load-Rite Container-Beladesysteme&nbsp; TWO-WAY\u2122-Bi-direktionale Beschickungsanlagen (zwei weg beschicker)&nbsp; Un-Coaler\u00ae-Aktivierungs-\/ Beschickungsanlage&nbsp; Vibrations-Beschickungsanlagen Vibrations-Pfannenf\u00f6rderer PARA-MOUNT\u00ae Veraltete Informationen zu Vibrations-Beschickungsanlagen (vibrationsbeschicker info): Mit Anlagen, die nach 40 Jahren [&hellip;]<\/p>\n","protected":false},"author":5,"featured_media":0,"parent":0,"menu_order":0,"comment_status":"open","ping_status":"open","template":"","meta":{"_acf_changed":false,"om_disable_all_campaigns":false,"ep_exclude_from_search":false,"footnotes":""},"class_list":["post-41395","page","type-page","status-publish","hentry"],"acf":[],"yoast_head":"<!-- This site is optimized with the Yoast SEO plugin v27.2 - https:\/\/yoast.com\/product\/yoast-seo-wordpress\/ -->\n<title>Vibrationsf\u00f6rderer Funktionsprinzip | General Kinematics<\/title>\n<meta name=\"description\" content=\"Erfahren Sie mehr \u00fcber das Vibrationsf\u00f6rderer-Funktionsprinzip von General Kinematics. Hier finden Sie alle wichtigen GK Technical Infos und Fakten, die Sie zu diesem Thema ben\u00f6tigen.\" \/>\n<meta name=\"robots\" content=\"index, follow, max-snippet:-1, max-image-preview:large, max-video-preview:-1\" \/>\n<link rel=\"canonical\" href=\"https:\/\/www.generalkinematics.com\/de\/technische-informationen-gk-beschickungsanlagen\/\" \/>\n<meta property=\"og:locale\" content=\"de_DE\" \/>\n<meta property=\"og:type\" content=\"article\" \/>\n<meta property=\"og:title\" content=\"Vibrationsf\u00f6rderer Funktionsprinzip | General Kinematics\" \/>\n<meta property=\"og:description\" content=\"Erfahren Sie mehr \u00fcber das Vibrationsf\u00f6rderer-Funktionsprinzip von General Kinematics. Hier finden Sie alle wichtigen GK Technical Infos und Fakten, die Sie zu diesem Thema ben\u00f6tigen.\" \/>\n<meta property=\"og:url\" content=\"https:\/\/www.generalkinematics.com\/de\/technische-informationen-gk-beschickungsanlagen\/\" \/>\n<meta property=\"og:site_name\" content=\"General Kinematics\" \/>\n<meta property=\"article:publisher\" content=\"https:\/\/www.facebook.com\/generalkinematics\" \/>\n<meta property=\"article:modified_time\" content=\"2024-06-28T15:43:52+00:00\" \/>\n<meta property=\"og:image\" content=\"https:\/\/www.generalkinematics.com\/wp-content\/uploads\/2014\/05\/brochure.png\" \/>\n<meta name=\"twitter:card\" content=\"summary_large_image\" \/>\n<meta name=\"twitter:site\" content=\"@gkvibrating\" \/>\n<meta name=\"twitter:label1\" content=\"Gesch\u00e4tzte Lesezeit\" \/>\n\t<meta name=\"twitter:data1\" content=\"1 Minute\" \/>\n<!-- \/ Yoast SEO plugin. -->","yoast_head_json":{"title":"Vibrationsf\u00f6rderer Funktionsprinzip | General Kinematics","description":"Erfahren Sie mehr \u00fcber das Vibrationsf\u00f6rderer-Funktionsprinzip von General Kinematics. Hier finden Sie alle wichtigen GK Technical Infos und Fakten, die Sie zu diesem Thema ben\u00f6tigen.","robots":{"index":"index","follow":"follow","max-snippet":"max-snippet:-1","max-image-preview":"max-image-preview:large","max-video-preview":"max-video-preview:-1"},"canonical":"https:\/\/www.generalkinematics.com\/de\/technische-informationen-gk-beschickungsanlagen\/","og_locale":"de_DE","og_type":"article","og_title":"Vibrationsf\u00f6rderer Funktionsprinzip | General Kinematics","og_description":"Erfahren Sie mehr \u00fcber das Vibrationsf\u00f6rderer-Funktionsprinzip von General Kinematics. Hier finden Sie alle wichtigen GK Technical Infos und Fakten, die Sie zu diesem Thema ben\u00f6tigen.","og_url":"https:\/\/www.generalkinematics.com\/de\/technische-informationen-gk-beschickungsanlagen\/","og_site_name":"General Kinematics","article_publisher":"https:\/\/www.facebook.com\/generalkinematics","article_modified_time":"2024-06-28T15:43:52+00:00","og_image":[{"url":"https:\/\/www.generalkinematics.com\/wp-content\/uploads\/2014\/05\/brochure.png","type":"","width":"","height":""}],"twitter_card":"summary_large_image","twitter_site":"@gkvibrating","twitter_misc":{"Gesch\u00e4tzte Lesezeit":"1 Minute"},"schema":{"@context":"https:\/\/schema.org","@graph":[{"@type":"WebPage","@id":"https:\/\/www.generalkinematics.com\/de\/technische-informationen-gk-beschickungsanlagen\/","url":"https:\/\/www.generalkinematics.com\/de\/technische-informationen-gk-beschickungsanlagen\/","name":"Vibrationsf\u00f6rderer Funktionsprinzip | General Kinematics","isPartOf":{"@id":"https:\/\/www.generalkinematics.com\/de\/#website"},"primaryImageOfPage":{"@id":"https:\/\/www.generalkinematics.com\/de\/technische-informationen-gk-beschickungsanlagen\/#primaryimage"},"image":{"@id":"https:\/\/www.generalkinematics.com\/de\/technische-informationen-gk-beschickungsanlagen\/#primaryimage"},"thumbnailUrl":"https:\/\/www.generalkinematics.com\/wp-content\/uploads\/2014\/05\/brochure.png","datePublished":"2012-05-05T23:31:00+00:00","dateModified":"2024-06-28T15:43:52+00:00","description":"Erfahren Sie mehr \u00fcber das Vibrationsf\u00f6rderer-Funktionsprinzip von General Kinematics. Hier finden Sie alle wichtigen GK Technical Infos und Fakten, die Sie zu diesem Thema ben\u00f6tigen.","breadcrumb":{"@id":"https:\/\/www.generalkinematics.com\/de\/technische-informationen-gk-beschickungsanlagen\/#breadcrumb"},"inLanguage":"de-DE","potentialAction":[{"@type":"ReadAction","target":["https:\/\/www.generalkinematics.com\/de\/technische-informationen-gk-beschickungsanlagen\/"]}]},{"@type":"ImageObject","inLanguage":"de-DE","@id":"https:\/\/www.generalkinematics.com\/de\/technische-informationen-gk-beschickungsanlagen\/#primaryimage","url":"https:\/\/www.generalkinematics.com\/wp-content\/uploads\/2014\/05\/brochure.png","contentUrl":"https:\/\/www.generalkinematics.com\/wp-content\/uploads\/2014\/05\/brochure.png"},{"@type":"BreadcrumbList","@id":"https:\/\/www.generalkinematics.com\/de\/technische-informationen-gk-beschickungsanlagen\/#breadcrumb","itemListElement":[{"@type":"ListItem","position":1,"name":"GK Home","item":"https:\/\/www.generalkinematics.com\/de\/"},{"@type":"ListItem","position":2,"name":"Technische Informationen | GK-Beschickungsanlagen"}]},{"@type":"WebSite","@id":"https:\/\/www.generalkinematics.com\/de\/#website","url":"https:\/\/www.generalkinematics.com\/de\/","name":"General Kinematics","description":"","publisher":{"@id":"https:\/\/www.generalkinematics.com\/de\/#organization"},"potentialAction":[{"@type":"SearchAction","target":{"@type":"EntryPoint","urlTemplate":"https:\/\/www.generalkinematics.com\/de\/?s={search_term_string}"},"query-input":{"@type":"PropertyValueSpecification","valueRequired":true,"valueName":"search_term_string"}}],"inLanguage":"de-DE"},{"@type":"Organization","@id":"https:\/\/www.generalkinematics.com\/de\/#organization","name":"General Kinematics","url":"https:\/\/www.generalkinematics.com\/de\/","logo":{"@type":"ImageObject","inLanguage":"de-DE","@id":"https:\/\/www.generalkinematics.com\/de\/#\/schema\/logo\/image\/","url":"https:\/\/media.generalkinematics.com\/wp-content\/uploads\/2018\/03\/logo.png","contentUrl":"https:\/\/media.generalkinematics.com\/wp-content\/uploads\/2018\/03\/logo.png","width":313,"height":100,"caption":"General Kinematics"},"image":{"@id":"https:\/\/www.generalkinematics.com\/de\/#\/schema\/logo\/image\/"},"sameAs":["https:\/\/www.facebook.com\/generalkinematics","https:\/\/x.com\/gkvibrating"]}]}},"_links":{"self":[{"href":"https:\/\/www.generalkinematics.com\/de\/wp-json\/wp\/v2\/pages\/41395","targetHints":{"allow":["GET"]}}],"collection":[{"href":"https:\/\/www.generalkinematics.com\/de\/wp-json\/wp\/v2\/pages"}],"about":[{"href":"https:\/\/www.generalkinematics.com\/de\/wp-json\/wp\/v2\/types\/page"}],"author":[{"embeddable":true,"href":"https:\/\/www.generalkinematics.com\/de\/wp-json\/wp\/v2\/users\/5"}],"replies":[{"embeddable":true,"href":"https:\/\/www.generalkinematics.com\/de\/wp-json\/wp\/v2\/comments?post=41395"}],"version-history":[{"count":0,"href":"https:\/\/www.generalkinematics.com\/de\/wp-json\/wp\/v2\/pages\/41395\/revisions"}],"wp:attachment":[{"href":"https:\/\/www.generalkinematics.com\/de\/wp-json\/wp\/v2\/media?parent=41395"}],"curies":[{"name":"wp","href":"https:\/\/api.w.org\/{rel}","templated":true}]}}