{"id":41981,"date":"2012-04-04T12:51:00","date_gmt":"2012-04-04T17:51:00","guid":{"rendered":"https:\/\/www.generalkinematics.com\/bergbau-equipment\/"},"modified":"2019-08-06T23:03:48","modified_gmt":"2019-08-07T04:03:48","slug":"bergbau-equipment","status":"publish","type":"page","link":"https:\/\/www.generalkinematics.com\/de\/bergbau-equipment\/","title":{"rendered":"Bergbau-Equipment"},"content":{"rendered":"<div class=\"wpb-content-wrapper\"><p>[vc_row][vc_column][vc_column_text]<strong>Seit mehr als 50 Jahren hat General Kinematics die Bergbau- \/ Mineralien- \/ Aggregat-Industrie bei der Entwicklung von Vibrations- und Vibrationsprozessanlagen angef\u00fchrt.<\/strong><\/p>\n<p>Die Hauptst\u00e4rken von GK liegen in unserer F\u00e4higkeit, energiesparendes, qualitativ hochwertiges Vibrations-Equipment f\u00fcr den Bergbau zu entwickeln, um die schwierigsten Prozessprobleme zu l\u00f6sen. Unsere nachgewiesene Erfolgsbilanz als Bergbauger\u00e4tehersteller und -lieferant finden Sie in unserer umfangreichen Vibrationsinstallationsbasis von \u00fcber 40.000 Einheiten in 35 L\u00e4ndern. GK steht hinter all unseren vibrierenden Bergbauger\u00e4ten mit un\u00fcbertroffenem Kundenservice und Support in unserem globalen Netzwerk.<\/p>\n<p>Die Bergbauindustrie hat gro\u00dfe Fortschritte beim Abbau von Lagerst\u00e4tten und der Entfernung von gew\u00fcnschtem Material aus Abfall gemacht. Das Bergbau-Equipment ist jetzt effizienter weil es Energie spart und die Anzahl sch\u00e4dlicher Chemikalien reduziert, die ben\u00f6tigt werden, um das gew\u00fcnschte Material aus seiner Umgebung zu extrahieren. Heavy Duty-, wetterfestes Equipment, ist immer noch erforderlich, um Mineralien, Erze und Edelmetalle aus Boden, Sand und Gestein zu extrahieren, zu transportieren und zu verarbeiten.<\/p>\n<p>Das innovative Bergbau-Equipment von GK ist kompakter und in der Lage, Material effizient zu verarbeiten und die F\u00e4higkeit eines Bergbauunternehmens, in \u00fcberlegene Maschinen zu investieren, ohne das Budget zu sprengen, zu erh\u00f6hen. Selbst bei der Automatisierung dieses bahnbrechenden Bergbau-Equipments wurden Verbesserungen vorgenommen, um mehr Maschinen einfacher zu \u00fcberwachen und zu warten und gleichzeitig die Gesamtarbeitszeit zu reduzieren.<\/p>\n<p>Bl\u00e4ttern Sie unten durch unsere Auswahl an Bergbau-Equipment, um die Einheit zu finden, die Ihren Anwendungsanforderungen am besten entspricht oder Ihre Prozessherausforderungen l\u00f6st.[\/vc_column_text][\/vc_column][\/vc_row][vc_row full_width=&#8220;stretch_row&#8220; el_class=&#8220;category_page&#8220; css=&#8220;.vc_custom_1521765161598{background-image: url(https:\/\/www.generalkinematics.com\/wp-content\/uploads\/2018\/03\/industry-landing-lines.png?id=34782) !important;background-position: 0 0 !important;background-repeat: no-repeat !important;}&#8220;][vc_column][vc_custom_heading text=&#8220;Bergbaul\u00f6sungen&#8220; font_container=&#8220;tag:h2|text_align:center|color:%239f2437&#8243; use_theme_fonts=&#8220;yes&#8220;][vc_column_text]<\/p>\n<p style=\"text-align: center;\"><em>Von Standardgr\u00f6\u00dfen bis hin zu ma\u00dfgeschneiderten Systemen ist GKs Bergbau-Equipment auf Langlebigkeit ausgelegt.<\/em><\/p>\n<p>[\/vc_column_text][\/vc_column][\/vc_row][vc_row el_class=&#8220;container category_page cat_image&#8220;][vc_column width=&#8220;1\/4&#8243;][vc_single_image image=&#8220;35740&#8243; img_size=&#8220;full&#8220; alignment=&#8220;center&#8220; onclick=&#8220;custom_link&#8220; title=&#8220;BESCHICKUNGSANLAGEN&#8220; link=&#8220;https:\/\/www.generalkinematics.com\/de\/produkt-kategorie\/bergbau-und-mineralienloesungen\/vibrierende-foerderer-bergbau-und-mineralien-loesungen\/&#8220;][\/vc_column][vc_column width=&#8220;1\/4&#8243;][vc_single_image image=&#8220;35717&#8243; img_size=&#8220;full&#8220; alignment=&#8220;center&#8220; onclick=&#8220;custom_link&#8220; title=&#8220;SIEBL\u00d6SUNGEN&#8220; link=&#8220;https:\/\/www.generalkinematics.com\/de\/produkt-kategorie\/bergbau-und-mineralienloesungen\/siebloesungen-de\/&#8220;][\/vc_column][vc_column width=&#8220;1\/4&#8243;][vc_single_image image=&#8220;26707&#8243; img_size=&#8220;full&#8220; alignment=&#8220;center&#8220; onclick=&#8220;custom_link&#8220; title=&#8220;MATERIALAKTIVIERUNG&#8220; link=&#8220;https:\/\/www.generalkinematics.com\/de\/produkt-kategorie\/bergbau-und-mineralienloesungen\/materialaktivierung\/&#8220;][\/vc_column][vc_column width=&#8220;1\/4&#8243;][vc_single_image image=&#8220;26711&#8243; img_size=&#8220;full&#8220; alignment=&#8220;center&#8220; onclick=&#8220;custom_link&#8220; title=&#8220;SCHLEIF- &amp; REIBM\u00dcHLEN&#8220; link=&#8220;https:\/\/www.generalkinematics.com\/de\/produkt-kategorie\/bergbau-und-mineralienloesungen\/mahlen-und-zerreiben\/&#8220;][\/vc_column][\/vc_row]<\/p>\n<\/div>","protected":false},"excerpt":{"rendered":"<p>[vc_row][vc_column][vc_column_text]Seit mehr als 50 Jahren hat General Kinematics die Bergbau- \/ Mineralien- \/ Aggregat-Industrie bei der Entwicklung von Vibrations- und Vibrationsprozessanlagen angef\u00fchrt. Die Hauptst\u00e4rken von GK liegen in unserer F\u00e4higkeit, energiesparendes, qualitativ hochwertiges Vibrations-Equipment f\u00fcr den Bergbau zu entwickeln, um die schwierigsten Prozessprobleme zu l\u00f6sen. Unsere nachgewiesene Erfolgsbilanz als Bergbauger\u00e4tehersteller und -lieferant finden Sie in [&hellip;]<\/p>\n","protected":false},"author":5,"featured_media":0,"parent":0,"menu_order":0,"comment_status":"closed","ping_status":"closed","template":"page-templates\/page-full-width.php","meta":{"_acf_changed":false,"om_disable_all_campaigns":false,"ep_exclude_from_search":false,"footnotes":""},"class_list":["post-41981","page","type-page","status-publish","hentry"],"acf":[],"yoast_head":"<!-- This site is optimized with the Yoast SEO plugin v27.2 - https:\/\/yoast.com\/product\/yoast-seo-wordpress\/ -->\n<title>F\u00f6rdermaschinen Bergbau | General Kinematics<\/title>\n<meta name=\"description\" content=\"Entdecken Sie, welche F\u00f6rdermaschine im Bergbau perfekt zu Ihren Anspr\u00fcchen passt. General Kinematics bietet eine umfangreiche Auswahl an hochwertigen und zuverl\u00e4ssigen Bergbaumaschinen.\" \/>\n<meta name=\"robots\" content=\"index, follow, max-snippet:-1, max-image-preview:large, max-video-preview:-1\" \/>\n<link rel=\"canonical\" href=\"https:\/\/www.generalkinematics.com\/de\/bergbau-equipment\/\" \/>\n<meta property=\"og:locale\" content=\"de_DE\" \/>\n<meta property=\"og:type\" content=\"article\" \/>\n<meta property=\"og:title\" content=\"F\u00f6rdermaschinen Bergbau | General Kinematics\" \/>\n<meta property=\"og:description\" content=\"Entdecken Sie, welche F\u00f6rdermaschine im Bergbau perfekt zu Ihren Anspr\u00fcchen passt. General Kinematics bietet eine umfangreiche Auswahl an hochwertigen und zuverl\u00e4ssigen Bergbaumaschinen.\" \/>\n<meta property=\"og:url\" content=\"https:\/\/www.generalkinematics.com\/de\/bergbau-equipment\/\" \/>\n<meta property=\"og:site_name\" content=\"General Kinematics\" \/>\n<meta property=\"article:publisher\" content=\"https:\/\/www.facebook.com\/generalkinematics\" \/>\n<meta property=\"article:modified_time\" content=\"2019-08-07T04:03:48+00:00\" \/>\n<meta property=\"og:image\" content=\"https:\/\/media.generalkinematics.com\/wp-content\/uploads\/2017\/07\/GK-Icon.png\" \/>\n\t<meta property=\"og:image:width\" content=\"3000\" \/>\n\t<meta property=\"og:image:height\" content=\"3000\" \/>\n\t<meta property=\"og:image:type\" content=\"image\/jpeg\" \/>\n<meta name=\"twitter:card\" content=\"summary_large_image\" \/>\n<meta name=\"twitter:site\" content=\"@gkvibrating\" \/>\n<meta name=\"twitter:label1\" content=\"Gesch\u00e4tzte Lesezeit\" \/>\n\t<meta name=\"twitter:data1\" content=\"2 Minuten\" \/>\n<!-- \/ Yoast SEO plugin. -->","yoast_head_json":{"title":"F\u00f6rdermaschinen Bergbau | General Kinematics","description":"Entdecken Sie, welche F\u00f6rdermaschine im Bergbau perfekt zu Ihren Anspr\u00fcchen passt. General Kinematics bietet eine umfangreiche Auswahl an hochwertigen und zuverl\u00e4ssigen Bergbaumaschinen.","robots":{"index":"index","follow":"follow","max-snippet":"max-snippet:-1","max-image-preview":"max-image-preview:large","max-video-preview":"max-video-preview:-1"},"canonical":"https:\/\/www.generalkinematics.com\/de\/bergbau-equipment\/","og_locale":"de_DE","og_type":"article","og_title":"F\u00f6rdermaschinen Bergbau | General Kinematics","og_description":"Entdecken Sie, welche F\u00f6rdermaschine im Bergbau perfekt zu Ihren Anspr\u00fcchen passt. General Kinematics bietet eine umfangreiche Auswahl an hochwertigen und zuverl\u00e4ssigen Bergbaumaschinen.","og_url":"https:\/\/www.generalkinematics.com\/de\/bergbau-equipment\/","og_site_name":"General Kinematics","article_publisher":"https:\/\/www.facebook.com\/generalkinematics","article_modified_time":"2019-08-07T04:03:48+00:00","og_image":[{"width":3000,"height":3000,"url":"https:\/\/media.generalkinematics.com\/wp-content\/uploads\/2017\/07\/GK-Icon.png","type":"image\/jpeg"}],"twitter_card":"summary_large_image","twitter_site":"@gkvibrating","twitter_misc":{"Gesch\u00e4tzte Lesezeit":"2 Minuten"},"schema":{"@context":"https:\/\/schema.org","@graph":[{"@type":"WebPage","@id":"https:\/\/www.generalkinematics.com\/de\/bergbau-equipment\/","url":"https:\/\/www.generalkinematics.com\/de\/bergbau-equipment\/","name":"F\u00f6rdermaschinen Bergbau | General Kinematics","isPartOf":{"@id":"https:\/\/www.generalkinematics.com\/de\/#website"},"datePublished":"2012-04-04T17:51:00+00:00","dateModified":"2019-08-07T04:03:48+00:00","description":"Entdecken Sie, welche F\u00f6rdermaschine im Bergbau perfekt zu Ihren Anspr\u00fcchen passt. General Kinematics bietet eine umfangreiche Auswahl an hochwertigen und zuverl\u00e4ssigen Bergbaumaschinen.","breadcrumb":{"@id":"https:\/\/www.generalkinematics.com\/de\/bergbau-equipment\/#breadcrumb"},"inLanguage":"de-DE","potentialAction":[{"@type":"ReadAction","target":["https:\/\/www.generalkinematics.com\/de\/bergbau-equipment\/"]}]},{"@type":"BreadcrumbList","@id":"https:\/\/www.generalkinematics.com\/de\/bergbau-equipment\/#breadcrumb","itemListElement":[{"@type":"ListItem","position":1,"name":"GK Home","item":"https:\/\/www.generalkinematics.com\/de\/"},{"@type":"ListItem","position":2,"name":"Bergbau-Equipment"}]},{"@type":"WebSite","@id":"https:\/\/www.generalkinematics.com\/de\/#website","url":"https:\/\/www.generalkinematics.com\/de\/","name":"General Kinematics","description":"","publisher":{"@id":"https:\/\/www.generalkinematics.com\/de\/#organization"},"potentialAction":[{"@type":"SearchAction","target":{"@type":"EntryPoint","urlTemplate":"https:\/\/www.generalkinematics.com\/de\/?s={search_term_string}"},"query-input":{"@type":"PropertyValueSpecification","valueRequired":true,"valueName":"search_term_string"}}],"inLanguage":"de-DE"},{"@type":"Organization","@id":"https:\/\/www.generalkinematics.com\/de\/#organization","name":"General Kinematics","url":"https:\/\/www.generalkinematics.com\/de\/","logo":{"@type":"ImageObject","inLanguage":"de-DE","@id":"https:\/\/www.generalkinematics.com\/de\/#\/schema\/logo\/image\/","url":"https:\/\/media.generalkinematics.com\/wp-content\/uploads\/2018\/03\/logo.png","contentUrl":"https:\/\/media.generalkinematics.com\/wp-content\/uploads\/2018\/03\/logo.png","width":313,"height":100,"caption":"General Kinematics"},"image":{"@id":"https:\/\/www.generalkinematics.com\/de\/#\/schema\/logo\/image\/"},"sameAs":["https:\/\/www.facebook.com\/generalkinematics","https:\/\/x.com\/gkvibrating"]}]}},"_links":{"self":[{"href":"https:\/\/www.generalkinematics.com\/de\/wp-json\/wp\/v2\/pages\/41981","targetHints":{"allow":["GET"]}}],"collection":[{"href":"https:\/\/www.generalkinematics.com\/de\/wp-json\/wp\/v2\/pages"}],"about":[{"href":"https:\/\/www.generalkinematics.com\/de\/wp-json\/wp\/v2\/types\/page"}],"author":[{"embeddable":true,"href":"https:\/\/www.generalkinematics.com\/de\/wp-json\/wp\/v2\/users\/5"}],"replies":[{"embeddable":true,"href":"https:\/\/www.generalkinematics.com\/de\/wp-json\/wp\/v2\/comments?post=41981"}],"version-history":[{"count":0,"href":"https:\/\/www.generalkinematics.com\/de\/wp-json\/wp\/v2\/pages\/41981\/revisions"}],"wp:attachment":[{"href":"https:\/\/www.generalkinematics.com\/de\/wp-json\/wp\/v2\/media?parent=41981"}],"curies":[{"name":"wp","href":"https:\/\/api.w.org\/{rel}","templated":true}]}}