{"id":41983,"date":"2012-04-24T15:12:52","date_gmt":"2012-04-24T20:12:52","guid":{"rendered":"https:\/\/www.generalkinematics.com\/verarbeitungs-equipment\/"},"modified":"2018-09-25T11:42:06","modified_gmt":"2018-09-25T16:42:06","slug":"verarbeitungs-equipment","status":"publish","type":"page","link":"https:\/\/www.generalkinematics.com\/de\/verarbeitungs-equipment\/","title":{"rendered":"Verarbeitungsl\u00f6sungen"},"content":{"rendered":"<div class=\"wpb-content-wrapper\"><p>[vc_row][vc_column][vc_column_text]<strong>Das Sch\u00fcttgut-Handhabungs-Equipment vereinfacht den arbeitsintensiven Prozess der Verwaltung von Inhaltsstoffen, Teilen und anderen Sch\u00fcttg\u00fctern.<\/strong><\/p>\n<p>General Kinematics kombiniert innovative Technologien mit Erkenntnissen aus dem Produktionsprozess und Kreativit\u00e4t, um ausgereifte L\u00f6sungen zu liefern, die Ihre Produktionsprozesse verbessern. Indem wir unseren Kunden einen Wettbewerbsvorteil verschaffen, ist der Umgang mit Sch\u00fcttg\u00fctern keine Quelle der Frustration oder verschwendete Zeit und Geld.<\/p>\n<p>General Kinematics verf\u00fcgt \u00fcber die Erfahrung und das Wissen, um auf Ihre Ziele f\u00fcr effiziente und zuverl\u00e4ssige Verarbeitungsanlagen bei der Verarbeitung von Sch\u00fcttg\u00fctern zu reagieren. GKs L\u00f6sungen k\u00f6nnen erhitzen, k\u00fchlen, beschichten, f\u00f6rdern, zuf\u00fchren, heben, verdichten, schleifen und vieles mehr, alles bei gleichzeitiger Reduzierung von Energieverbrauch, Wartung und Ausfallzeiten. Als Marktf\u00fchrer in der Branche kann General Kinematics jedes Problem bei der Handhabung oder Verarbeitung von Sch\u00fcttg\u00fctern (massenverarbeitung) l\u00f6sen und Ihnen die Unterst\u00fctzung bieten, die Sie und Ihr Unternehmen ben\u00f6tigen.<\/p>\n<p>Sehen Sie sich all unsere Sch\u00fcttgut-Handhabungssysteme (massenverarbeitung) und Verarbeitungsl\u00f6sungen an oder kontaktieren Sie uns\u00a0<a href=\"https:\/\/www.generalkinematics.com\/de\/kontakt-general-kinematics\/\">um zu erfahren, wie wir ein System anpassen k\u00f6nnen, das f\u00fcr Sie geeignet ist.<\/a>.[\/vc_column_text][\/vc_column][\/vc_row][vc_row full_width=&#8220;stretch_row&#8220; el_class=&#8220;category_page&#8220; css=&#8220;.vc_custom_1521858672348{background-image: url(https:\/\/www.generalkinematics.com\/wp-content\/uploads\/2018\/03\/industry-landing-lines.png?id=34782) !important;background-position: 0 0 !important;background-repeat: no-repeat !important;}&#8220;][vc_column][vc_custom_heading text=&#8220;Verarbeitungsl\u00f6sungen&#8220; font_container=&#8220;tag:h2|text_align:center|color:%239f2437&#8243; use_theme_fonts=&#8220;yes&#8220;][vc_column_text]<\/p>\n<p style=\"text-align: center;\"><em>Von Standardgr\u00f6\u00dfen bis hin zu kundenspezifischen Systemen werden GK Sch\u00fcttguthandhabungs- und -verarbeitungsanlagen (massenverarbeitung) hergestellt, um Ihren Prozess zu verbessern und Stillstandszeiten zu reduzieren.<\/em><\/p>\n<p>[\/vc_column_text][\/vc_column][\/vc_row][vc_row el_class=&#8220;container category_page cat_image&#8220;][vc_column width=&#8220;1\/3&#8243;][vc_single_image image=&#8220;26007&#8243; img_size=&#8220;full&#8220; alignment=&#8220;center&#8220; onclick=&#8220;custom_link&#8220; title=&#8220;Wirbelschicht-Verarbeitungsanlagen&#8220; link=&#8220;https:\/\/www.generalkinematics.com\/de\/produkt-kategorie\/loesungen-fuer-schuettgutverarbeitung\/gk-wirbelschichtloesungen\/&#8220;][\/vc_column][vc_column width=&#8220;1\/3&#8243;][vc_single_image image=&#8220;26239&#8243; img_size=&#8220;full&#8220; alignment=&#8220;center&#8220; onclick=&#8220;custom_link&#8220; title=&#8220;Vibrationsf\u00f6rderer (vibrationsrinne)&#8220; link=&#8220;https:\/\/www.generalkinematics.com\/de\/produkt-kategorie\/loesungen-fuer-schuettgutverarbeitung\/vibrierende-foerdererrinne\/&#8220;][\/vc_column][vc_column width=&#8220;1\/3&#8243;][vc_single_image image=&#8220;26011&#8243; img_size=&#8220;full&#8220; alignment=&#8220;center&#8220; onclick=&#8220;custom_link&#8220; title=&#8220;Vibrationsf\u00f6rderer&#8220; link=&#8220;https:\/\/www.generalkinematics.com\/de\/produkt-kategorie\/loesungen-fuer-schuettgutverarbeitung\/vibrierende-foerderer\/&#8220;][\/vc_column][\/vc_row][vc_row el_class=&#8220;container category_page cat_image&#8220;][vc_column width=&#8220;1\/3&#8243;][vc_single_image image=&#8220;27855&#8243; img_size=&#8220;full&#8220; alignment=&#8220;center&#8220; onclick=&#8220;custom_link&#8220; title=&#8220;Rotations- und Vibrations- Material Verarbeitungsanlagen&#8220; link=&#8220;https:\/\/www.generalkinematics.com\/de\/produkt-kategorie\/loesungen-fuer-schuettgutverarbeitung\/rotations-und-vibrationsloesungen\/&#8220;][\/vc_column][vc_column width=&#8220;1\/3&#8243;][vc_single_image image=&#8220;18571&#8243; img_size=&#8220;full&#8220; alignment=&#8220;center&#8220; onclick=&#8220;custom_link&#8220; title=&#8220;Verpackungs-&amp; Versand-Equipment&#8220; link=&#8220;https:\/\/www.generalkinematics.com\/de\/produkt-kategorie\/loesungen-fuer-schuettgutverarbeitung\/verpackung-und-versand-ausrustung\/&#8220;][\/vc_column][vc_column width=&#8220;1\/3&#8243;][vc_single_image image=&#8220;42879&#8243; img_size=&#8220;full&#8220; alignment=&#8220;center&#8220; onclick=&#8220;custom_link&#8220; title=&#8220;Sieben und Klassifizieren&#8220; link=&#8220;https:\/\/www.generalkinematics.com\/de\/produkt-kategorie\/loesungen-fuer-schuettgutverarbeitung\/sieben-und-klassifizieren\/&#8220;][\/vc_column][\/vc_row]<\/p>\n<\/div>","protected":false},"excerpt":{"rendered":"<p>[vc_row][vc_column][vc_column_text]Das Sch\u00fcttgut-Handhabungs-Equipment vereinfacht den arbeitsintensiven Prozess der Verwaltung von Inhaltsstoffen, Teilen und anderen Sch\u00fcttg\u00fctern. General Kinematics kombiniert innovative Technologien mit Erkenntnissen aus dem Produktionsprozess und Kreativit\u00e4t, um ausgereifte L\u00f6sungen zu liefern, die Ihre Produktionsprozesse verbessern. Indem wir unseren Kunden einen Wettbewerbsvorteil verschaffen, ist der Umgang mit Sch\u00fcttg\u00fctern keine Quelle der Frustration oder verschwendete Zeit und [&hellip;]<\/p>\n","protected":false},"author":5,"featured_media":0,"parent":0,"menu_order":0,"comment_status":"closed","ping_status":"closed","template":"page-templates\/page-full-width.php","meta":{"_acf_changed":false,"om_disable_all_campaigns":false,"ep_exclude_from_search":false,"footnotes":""},"class_list":["post-41983","page","type-page","status-publish","hentry"],"acf":[],"yoast_head":"<!-- This site is optimized with the Yoast SEO plugin v27.2 - https:\/\/yoast.com\/product\/yoast-seo-wordpress\/ -->\n<title>Prozessanlagen f\u00fcr die Massenverarbeitung | General Kinematics<\/title>\n<meta name=\"description\" content=\"Optimieren Sie Ihre Prozessanlagen f\u00fcr die Massenverarbeitung. General Kinematics kombiniert innovative Technologien in Verarbeitungsanlagen mit Erkenntnissen aus dem Produktionsprozess.\" \/>\n<meta name=\"robots\" content=\"index, follow, max-snippet:-1, max-image-preview:large, max-video-preview:-1\" \/>\n<link rel=\"canonical\" href=\"https:\/\/www.generalkinematics.com\/de\/verarbeitungs-equipment\/\" \/>\n<meta property=\"og:locale\" content=\"de_DE\" \/>\n<meta property=\"og:type\" content=\"article\" \/>\n<meta property=\"og:title\" content=\"Prozessanlagen f\u00fcr die Massenverarbeitung | General Kinematics\" \/>\n<meta property=\"og:description\" content=\"Optimieren Sie Ihre Prozessanlagen f\u00fcr die Massenverarbeitung. General Kinematics kombiniert innovative Technologien in Verarbeitungsanlagen mit Erkenntnissen aus dem Produktionsprozess.\" \/>\n<meta property=\"og:url\" content=\"https:\/\/www.generalkinematics.com\/de\/verarbeitungs-equipment\/\" \/>\n<meta property=\"og:site_name\" content=\"General Kinematics\" \/>\n<meta property=\"article:publisher\" content=\"https:\/\/www.facebook.com\/generalkinematics\" \/>\n<meta property=\"article:modified_time\" content=\"2018-09-25T16:42:06+00:00\" \/>\n<meta property=\"og:image\" content=\"https:\/\/media.generalkinematics.com\/wp-content\/uploads\/2017\/07\/GK-Icon.png\" \/>\n\t<meta property=\"og:image:width\" content=\"3000\" \/>\n\t<meta property=\"og:image:height\" content=\"3000\" \/>\n\t<meta property=\"og:image:type\" content=\"image\/jpeg\" \/>\n<meta name=\"twitter:card\" content=\"summary_large_image\" \/>\n<meta name=\"twitter:site\" content=\"@gkvibrating\" \/>\n<meta name=\"twitter:label1\" content=\"Gesch\u00e4tzte Lesezeit\" \/>\n\t<meta name=\"twitter:data1\" content=\"2 Minuten\" \/>\n<!-- \/ Yoast SEO plugin. -->","yoast_head_json":{"title":"Prozessanlagen f\u00fcr die Massenverarbeitung | General Kinematics","description":"Optimieren Sie Ihre Prozessanlagen f\u00fcr die Massenverarbeitung. General Kinematics kombiniert innovative Technologien in Verarbeitungsanlagen mit Erkenntnissen aus dem Produktionsprozess.","robots":{"index":"index","follow":"follow","max-snippet":"max-snippet:-1","max-image-preview":"max-image-preview:large","max-video-preview":"max-video-preview:-1"},"canonical":"https:\/\/www.generalkinematics.com\/de\/verarbeitungs-equipment\/","og_locale":"de_DE","og_type":"article","og_title":"Prozessanlagen f\u00fcr die Massenverarbeitung | General Kinematics","og_description":"Optimieren Sie Ihre Prozessanlagen f\u00fcr die Massenverarbeitung. General Kinematics kombiniert innovative Technologien in Verarbeitungsanlagen mit Erkenntnissen aus dem Produktionsprozess.","og_url":"https:\/\/www.generalkinematics.com\/de\/verarbeitungs-equipment\/","og_site_name":"General Kinematics","article_publisher":"https:\/\/www.facebook.com\/generalkinematics","article_modified_time":"2018-09-25T16:42:06+00:00","og_image":[{"width":3000,"height":3000,"url":"https:\/\/media.generalkinematics.com\/wp-content\/uploads\/2017\/07\/GK-Icon.png","type":"image\/jpeg"}],"twitter_card":"summary_large_image","twitter_site":"@gkvibrating","twitter_misc":{"Gesch\u00e4tzte Lesezeit":"2 Minuten"},"schema":{"@context":"https:\/\/schema.org","@graph":[{"@type":"WebPage","@id":"https:\/\/www.generalkinematics.com\/de\/verarbeitungs-equipment\/","url":"https:\/\/www.generalkinematics.com\/de\/verarbeitungs-equipment\/","name":"Prozessanlagen f\u00fcr die Massenverarbeitung | General Kinematics","isPartOf":{"@id":"https:\/\/www.generalkinematics.com\/de\/#website"},"datePublished":"2012-04-24T20:12:52+00:00","dateModified":"2018-09-25T16:42:06+00:00","description":"Optimieren Sie Ihre Prozessanlagen f\u00fcr die Massenverarbeitung. General Kinematics kombiniert innovative Technologien in Verarbeitungsanlagen mit Erkenntnissen aus dem Produktionsprozess.","breadcrumb":{"@id":"https:\/\/www.generalkinematics.com\/de\/verarbeitungs-equipment\/#breadcrumb"},"inLanguage":"de-DE","potentialAction":[{"@type":"ReadAction","target":["https:\/\/www.generalkinematics.com\/de\/verarbeitungs-equipment\/"]}]},{"@type":"BreadcrumbList","@id":"https:\/\/www.generalkinematics.com\/de\/verarbeitungs-equipment\/#breadcrumb","itemListElement":[{"@type":"ListItem","position":1,"name":"GK Home","item":"https:\/\/www.generalkinematics.com\/de\/"},{"@type":"ListItem","position":2,"name":"Verarbeitungsl\u00f6sungen"}]},{"@type":"WebSite","@id":"https:\/\/www.generalkinematics.com\/de\/#website","url":"https:\/\/www.generalkinematics.com\/de\/","name":"General Kinematics","description":"","publisher":{"@id":"https:\/\/www.generalkinematics.com\/de\/#organization"},"potentialAction":[{"@type":"SearchAction","target":{"@type":"EntryPoint","urlTemplate":"https:\/\/www.generalkinematics.com\/de\/?s={search_term_string}"},"query-input":{"@type":"PropertyValueSpecification","valueRequired":true,"valueName":"search_term_string"}}],"inLanguage":"de-DE"},{"@type":"Organization","@id":"https:\/\/www.generalkinematics.com\/de\/#organization","name":"General Kinematics","url":"https:\/\/www.generalkinematics.com\/de\/","logo":{"@type":"ImageObject","inLanguage":"de-DE","@id":"https:\/\/www.generalkinematics.com\/de\/#\/schema\/logo\/image\/","url":"https:\/\/media.generalkinematics.com\/wp-content\/uploads\/2018\/03\/logo.png","contentUrl":"https:\/\/media.generalkinematics.com\/wp-content\/uploads\/2018\/03\/logo.png","width":313,"height":100,"caption":"General Kinematics"},"image":{"@id":"https:\/\/www.generalkinematics.com\/de\/#\/schema\/logo\/image\/"},"sameAs":["https:\/\/www.facebook.com\/generalkinematics","https:\/\/x.com\/gkvibrating"]}]}},"_links":{"self":[{"href":"https:\/\/www.generalkinematics.com\/de\/wp-json\/wp\/v2\/pages\/41983","targetHints":{"allow":["GET"]}}],"collection":[{"href":"https:\/\/www.generalkinematics.com\/de\/wp-json\/wp\/v2\/pages"}],"about":[{"href":"https:\/\/www.generalkinematics.com\/de\/wp-json\/wp\/v2\/types\/page"}],"author":[{"embeddable":true,"href":"https:\/\/www.generalkinematics.com\/de\/wp-json\/wp\/v2\/users\/5"}],"replies":[{"embeddable":true,"href":"https:\/\/www.generalkinematics.com\/de\/wp-json\/wp\/v2\/comments?post=41983"}],"version-history":[{"count":0,"href":"https:\/\/www.generalkinematics.com\/de\/wp-json\/wp\/v2\/pages\/41983\/revisions"}],"wp:attachment":[{"href":"https:\/\/www.generalkinematics.com\/de\/wp-json\/wp\/v2\/media?parent=41983"}],"curies":[{"name":"wp","href":"https:\/\/api.w.org\/{rel}","templated":true}]}}