{"id":41985,"date":"2012-04-24T20:16:40","date_gmt":"2012-04-25T01:16:40","guid":{"rendered":"https:\/\/www.generalkinematics.com\/gk-parts\/"},"modified":"2024-06-26T15:45:06","modified_gmt":"2024-06-26T20:45:06","slug":"gk-parts","status":"publish","type":"page","link":"https:\/\/www.generalkinematics.com\/de\/gk-parts\/","title":{"rendered":"industrielle maschinenbauteile"},"content":{"rendered":"<div class=\"wpb-content-wrapper\"><p>[vc_row][vc_column][vc_column_text]Die Techniker von GK Parts und Service glauben an folgende einfache Formel: Bieten Sie Ihren Kunden die gew\u00fcnschten Ersatzteile zu einem fairen Preis, liefern Sie diese Teile schnell und unterst\u00fctzen Sie sie mit dem besten Kundendienst der Branche.<\/p>\n<p>Deshalb sind wir 24 Stunden am Tag, 7 Tage die Woche, 365 Tage im Jahr f\u00fcr Sie da!\u00a0<a href=\"https:\/\/www.generalkinematics.com\/de\/24-7-365-gk-parts-und-service-ist-fur-sie-da\/\">Unser erfahrenes technisches Support-Team ist bereit und willig, Ihnen die Unterst\u00fctzung zu geben<\/a>, die Sie f\u00fcr all Ihre Vibrations- oder Rotations-Produkte ben\u00f6tigen, unabh\u00e4ngig davon, ob es sich um GK-Maschinen handelt oder nicht.<\/p>\n<p>Egal, welche Marke von Schwingf\u00f6rdertechnik Sie einsetzen, General Kinematics kann Ihnen helfen, es am Laufen zu halten. Unsere Ersatzteilabteilung h\u00e4lt einen umfangreichen Bestand an Ersatzfedern, Stabilisatoren, Motoren und anderen Vibrations-Equipment-Teilen (vibrationsausstattung, vibrationsausr\u00fcstung) und Zubeh\u00f6rteilen f\u00fcr den Versand am selben Tag auf Lager. Erfahren Sie <a href=\"https:\/\/www.generalkinematics.com\/de\/gk-service\/\">hier<\/a> mehr \u00fcber unsere erstklassige Au\u00dfendienstabteilung.<\/p>\n<p>Klicken Sie auf die einzelnen Optionen, um mehr dar\u00fcber zu erfahren, wie das GK-Ersatzteil- und Serviceteam Ihnen helfen kann (gk service):[\/vc_column_text][\/vc_column][\/vc_row][vc_row el_class=&#8220;button_div category_page&#8220;][vc_column width=&#8220;1\/2&#8243;][vc_btn title=&#8220;Ersatzteile&#8220; shape=&#8220;square&#8220; align=&#8220;center&#8220; link=&#8220;url:%23ersatz|&#8220; el_class=&#8220;scrollable&#8220;][\/vc_column][vc_column width=&#8220;1\/2&#8243;][vc_btn title=&#8220;Equipment-\u00dcberholung&#8220; shape=&#8220;square&#8220; align=&#8220;center&#8220; link=&#8220;url:%23General%C3%BCberholte|&#8220; el_class=&#8220;scrollable&#8220;][\/vc_column][\/vc_row][vc_row full_width=&#8220;stretch_row&#8220; el_class=&#8220;category_page&#8220; css=&#8220;.vc_custom_1521926666738{background-image: url(https:\/\/www.generalkinematics.com\/wp-content\/uploads\/2018\/03\/industry-landing-lines.png?id=34782) !important;background-position: 0 0 !important;background-repeat: no-repeat !important;}&#8220; el_id=&#8220;replacement&#8220;][vc_column][vc_single_image image=&#8220;35875&#8243; img_size=&#8220;medium&#8220; alignment=&#8220;center&#8220;][vc_column_text]<\/p>\n<p style=\"text-align: center;\">\u201eHalten Sie Ihre Maschinen am Laufen mit GK-Ersatzteilen. GK\u2019s kundenspezifisch konstruierten Ersatzteile verbessern die Performance der Maschine und ihre Verf\u00fcgbarkeit\u201c.<\/p>\n<p>[\/vc_column_text][\/vc_column][\/vc_row][vc_row el_class=&#8220;container category_page cat_image&#8220;][vc_column width=&#8220;1\/3&#8243;][vc_single_image image=&#8220;42849&#8243; img_size=&#8220;full&#8220; alignment=&#8220;center&#8220; onclick=&#8220;custom_link&#8220; title=&#8220;Vibrationsmaschinenbauteile&#8220; link=&#8220;https:\/\/www.generalkinematics.com\/de\/produkt-kategorie\/gkparts-com-de\/vibrations-maschinenbauteile\/&#8220;][\/vc_column][vc_column width=&#8220;1\/3&#8243;][vc_single_image image=&#8220;42854&#8243; img_size=&#8220;full&#8220; alignment=&#8220;center&#8220; onclick=&#8220;custom_link&#8220; title=&#8220;GK-Vibrationsmotoren&#8220; link=&#8220;https:\/\/www.generalkinematics.com\/de\/produkt-kategorie\/gkparts-com-de\/gk-vibrationsmotoren\/&#8220;][\/vc_column][vc_column width=&#8220;1\/3&#8243;][vc_single_image image=&#8220;42859&#8243; img_size=&#8220;full&#8220; alignment=&#8220;center&#8220; onclick=&#8220;custom_link&#8220; title=&#8220;Steuerungen und \u00dcberwachung&#8220; link=&#8220;https:\/\/www.generalkinematics.com\/de\/produkt-kategorie\/gkparts-com-de\/steuerung-und-ueberwachung\/&#8220;][\/vc_column][\/vc_row][vc_row el_class=&#8220;container category_page cat_image&#8220;][vc_column width=&#8220;1\/3&#8243;][vc_single_image image=&#8220;42864&#8243; img_size=&#8220;full&#8220; alignment=&#8220;center&#8220; onclick=&#8220;custom_link&#8220; title=&#8220;Drehteile und -komponenten&#8220; link=&#8220;https:\/\/www.generalkinematics.com\/de\/produkt-kategorie\/gkparts-com-de\/rotationsteile-und-komponenten\/&#8220;][\/vc_column][vc_column width=&#8220;1\/3&#8243;][vc_single_image image=&#8220;42869&#8243; img_size=&#8220;full&#8220; alignment=&#8220;center&#8220; onclick=&#8220;custom_link&#8220; title=&#8220;Herstellung&#8220; link=&#8220;https:\/\/www.generalkinematics.com\/de\/produkt-kategorie\/gkparts-com-de\/fabrikationen\/&#8220;][\/vc_column][vc_column width=&#8220;1\/3&#8243;][vc_single_image image=&#8220;42874&#8243; img_size=&#8220;full&#8220; alignment=&#8220;center&#8220; onclick=&#8220;custom_link&#8220; title=&#8220;Teile f\u00fcr GK-fremdes Equipment&#8220; link=&#8220;https:\/\/www.generalkinematics.com\/de\/produkt-kategorie\/gkparts-com-de\/nicht-gk-ausrustung\/&#8220;][\/vc_column][\/vc_row][vc_row full_width=&#8220;stretch_row&#8220; el_class=&#8220;category_page&#8220; css=&#8220;.vc_custom_1521926837891{background-image: url(https:\/\/www.generalkinematics.com\/wp-content\/uploads\/2018\/03\/industry-landing-lines.png?id=34782) !important;background-position: 0 0 !important;background-repeat: no-repeat !important;}&#8220; el_id=&#8220;rebuilds&#8220;][vc_column][vc_custom_heading text=&#8220;Equipment-\u00dcberholung&#8220; font_container=&#8220;tag:h2|text_align:center|color:%239f2437&#8243; use_theme_fonts=&#8220;yes&#8220;][\/vc_column][\/vc_row][vc_row][vc_column][vc_column_text]Wenn Sie sicher gehen m\u00f6chten, dass wenn Sie ein Schn\u00e4ppchen von gebrauchtem Equipment gefunden haben, Sie etwas Neues besitzen, kann GK Ihnen helfen. Unser werkszertifiziertes \u00dcberholungsprogramm \u201emacht Ihre GK-Maschine wieder wie neu\u201c. Es beinhaltet eine vollst\u00e4ndige Strukturpr\u00fcfung, Austausch von Komponenten oder Modernisierungen und vieles mehr. <a href=\"https:\/\/www.generalkinematics.com\/de\/kontakt-general-kinematics\/\" target=\"_blank\" rel=\"noopener noreferrer\">Wenden Sie sich an GKs Vertrieb<\/a> f\u00fcr weitere Informationen.<\/p>\n<p><b>Fallstudien Teile und Equipment:\u00a0<\/b><\/p>\n<p><a href=\"\/case-study-equipment-rebuild-vibrating-charge-feeder-whats-shaking-at-gk\/\">\u00dcberholung einer GK-Chargen-Beschickungsanlage<\/a><\/p>\n<p><a href=\"\/case-study-equipment-refurbishment-whats-shaking-at-gk\/\">Vibra-Mill-General\u00fcberholung<\/a>[\/vc_column_text][\/vc_column][\/vc_row]<\/p>\n<\/div>","protected":false},"excerpt":{"rendered":"<p>[vc_row][vc_column][vc_column_text]Die Techniker von GK Parts und Service glauben an folgende einfache Formel: Bieten Sie Ihren Kunden die gew\u00fcnschten Ersatzteile zu einem fairen Preis, liefern Sie diese Teile schnell und unterst\u00fctzen Sie sie mit dem besten Kundendienst der Branche. Deshalb sind wir 24 Stunden am Tag, 7 Tage die Woche, 365 Tage im Jahr f\u00fcr Sie [&hellip;]<\/p>\n","protected":false},"author":5,"featured_media":35907,"parent":0,"menu_order":0,"comment_status":"closed","ping_status":"closed","template":"page-templates\/page-full-width.php","meta":{"_acf_changed":false,"om_disable_all_campaigns":false,"ep_exclude_from_search":false,"footnotes":""},"class_list":["post-41985","page","type-page","status-publish","has-post-thumbnail","hentry"],"acf":[],"yoast_head":"<!-- This site is optimized with the Yoast SEO plugin v27.2 - https:\/\/yoast.com\/product\/yoast-seo-wordpress\/ -->\n<title>Maschinenteile und Maschinenkomponenten | General Kinematics<\/title>\n<meta name=\"description\" content=\"Entdecken Sie, wie GK Maschinenteile und Maschinenkomponenten schnell und professionell zur Verf\u00fcgung stellen kann. Egal ob GK Maschine oder nicht, Hilfe steht rund um die Uhr f\u00fcr Sie bereit.\" \/>\n<meta name=\"robots\" content=\"index, follow, max-snippet:-1, max-image-preview:large, max-video-preview:-1\" \/>\n<link rel=\"canonical\" href=\"https:\/\/www.generalkinematics.com\/de\/gk-parts\/\" \/>\n<meta property=\"og:locale\" content=\"de_DE\" \/>\n<meta property=\"og:type\" content=\"article\" \/>\n<meta property=\"og:title\" content=\"Maschinenteile und Maschinenkomponenten | General Kinematics\" \/>\n<meta property=\"og:description\" content=\"Entdecken Sie, wie GK Maschinenteile und Maschinenkomponenten schnell und professionell zur Verf\u00fcgung stellen kann. Egal ob GK Maschine oder nicht, Hilfe steht rund um die Uhr f\u00fcr Sie bereit.\" \/>\n<meta property=\"og:url\" content=\"https:\/\/www.generalkinematics.com\/de\/gk-parts\/\" \/>\n<meta property=\"og:site_name\" content=\"General Kinematics\" \/>\n<meta property=\"article:publisher\" content=\"https:\/\/www.facebook.com\/generalkinematics\" \/>\n<meta property=\"article:modified_time\" content=\"2024-06-26T20:45:06+00:00\" \/>\n<meta property=\"og:image\" content=\"https:\/\/media.generalkinematics.com\/wp-content\/uploads\/2018\/05\/Springs.png\" \/>\n\t<meta property=\"og:image:width\" content=\"2064\" \/>\n\t<meta property=\"og:image:height\" content=\"585\" \/>\n\t<meta property=\"og:image:type\" content=\"image\/jpeg\" \/>\n<meta name=\"twitter:card\" content=\"summary_large_image\" \/>\n<meta name=\"twitter:site\" content=\"@gkvibrating\" \/>\n<meta name=\"twitter:label1\" content=\"Gesch\u00e4tzte Lesezeit\" \/>\n\t<meta name=\"twitter:data1\" content=\"3 Minuten\" \/>\n<!-- \/ Yoast SEO plugin. -->","yoast_head_json":{"title":"Maschinenteile und Maschinenkomponenten | General Kinematics","description":"Entdecken Sie, wie GK Maschinenteile und Maschinenkomponenten schnell und professionell zur Verf\u00fcgung stellen kann. Egal ob GK Maschine oder nicht, Hilfe steht rund um die Uhr f\u00fcr Sie bereit.","robots":{"index":"index","follow":"follow","max-snippet":"max-snippet:-1","max-image-preview":"max-image-preview:large","max-video-preview":"max-video-preview:-1"},"canonical":"https:\/\/www.generalkinematics.com\/de\/gk-parts\/","og_locale":"de_DE","og_type":"article","og_title":"Maschinenteile und Maschinenkomponenten | General Kinematics","og_description":"Entdecken Sie, wie GK Maschinenteile und Maschinenkomponenten schnell und professionell zur Verf\u00fcgung stellen kann. Egal ob GK Maschine oder nicht, Hilfe steht rund um die Uhr f\u00fcr Sie bereit.","og_url":"https:\/\/www.generalkinematics.com\/de\/gk-parts\/","og_site_name":"General Kinematics","article_publisher":"https:\/\/www.facebook.com\/generalkinematics","article_modified_time":"2024-06-26T20:45:06+00:00","og_image":[{"width":2064,"height":585,"url":"https:\/\/media.generalkinematics.com\/wp-content\/uploads\/2018\/05\/Springs.png","type":"image\/jpeg"}],"twitter_card":"summary_large_image","twitter_site":"@gkvibrating","twitter_misc":{"Gesch\u00e4tzte Lesezeit":"3 Minuten"},"schema":{"@context":"https:\/\/schema.org","@graph":[{"@type":"WebPage","@id":"https:\/\/www.generalkinematics.com\/de\/gk-parts\/","url":"https:\/\/www.generalkinematics.com\/de\/gk-parts\/","name":"Maschinenteile und Maschinenkomponenten | General Kinematics","isPartOf":{"@id":"https:\/\/www.generalkinematics.com\/de\/#website"},"primaryImageOfPage":{"@id":"https:\/\/www.generalkinematics.com\/de\/gk-parts\/#primaryimage"},"image":{"@id":"https:\/\/www.generalkinematics.com\/de\/gk-parts\/#primaryimage"},"thumbnailUrl":"https:\/\/media.generalkinematics.com\/wp-content\/uploads\/2018\/05\/Springs.png","datePublished":"2012-04-25T01:16:40+00:00","dateModified":"2024-06-26T20:45:06+00:00","description":"Entdecken Sie, wie GK Maschinenteile und Maschinenkomponenten schnell und professionell zur Verf\u00fcgung stellen kann. Egal ob GK Maschine oder nicht, Hilfe steht rund um die Uhr f\u00fcr Sie bereit.","breadcrumb":{"@id":"https:\/\/www.generalkinematics.com\/de\/gk-parts\/#breadcrumb"},"inLanguage":"de-DE","potentialAction":[{"@type":"ReadAction","target":["https:\/\/www.generalkinematics.com\/de\/gk-parts\/"]}]},{"@type":"ImageObject","inLanguage":"de-DE","@id":"https:\/\/www.generalkinematics.com\/de\/gk-parts\/#primaryimage","url":"https:\/\/media.generalkinematics.com\/wp-content\/uploads\/2018\/05\/Springs.png","contentUrl":"https:\/\/media.generalkinematics.com\/wp-content\/uploads\/2018\/05\/Springs.png","width":2064,"height":585,"caption":"Parts Banner"},{"@type":"BreadcrumbList","@id":"https:\/\/www.generalkinematics.com\/de\/gk-parts\/#breadcrumb","itemListElement":[{"@type":"ListItem","position":1,"name":"GK Home","item":"https:\/\/www.generalkinematics.com\/de\/"},{"@type":"ListItem","position":2,"name":"industrielle maschinenbauteile"}]},{"@type":"WebSite","@id":"https:\/\/www.generalkinematics.com\/de\/#website","url":"https:\/\/www.generalkinematics.com\/de\/","name":"General Kinematics","description":"","publisher":{"@id":"https:\/\/www.generalkinematics.com\/de\/#organization"},"potentialAction":[{"@type":"SearchAction","target":{"@type":"EntryPoint","urlTemplate":"https:\/\/www.generalkinematics.com\/de\/?s={search_term_string}"},"query-input":{"@type":"PropertyValueSpecification","valueRequired":true,"valueName":"search_term_string"}}],"inLanguage":"de-DE"},{"@type":"Organization","@id":"https:\/\/www.generalkinematics.com\/de\/#organization","name":"General Kinematics","url":"https:\/\/www.generalkinematics.com\/de\/","logo":{"@type":"ImageObject","inLanguage":"de-DE","@id":"https:\/\/www.generalkinematics.com\/de\/#\/schema\/logo\/image\/","url":"https:\/\/media.generalkinematics.com\/wp-content\/uploads\/2018\/03\/logo.png","contentUrl":"https:\/\/media.generalkinematics.com\/wp-content\/uploads\/2018\/03\/logo.png","width":313,"height":100,"caption":"General Kinematics"},"image":{"@id":"https:\/\/www.generalkinematics.com\/de\/#\/schema\/logo\/image\/"},"sameAs":["https:\/\/www.facebook.com\/generalkinematics","https:\/\/x.com\/gkvibrating"]}]}},"_links":{"self":[{"href":"https:\/\/www.generalkinematics.com\/de\/wp-json\/wp\/v2\/pages\/41985","targetHints":{"allow":["GET"]}}],"collection":[{"href":"https:\/\/www.generalkinematics.com\/de\/wp-json\/wp\/v2\/pages"}],"about":[{"href":"https:\/\/www.generalkinematics.com\/de\/wp-json\/wp\/v2\/types\/page"}],"author":[{"embeddable":true,"href":"https:\/\/www.generalkinematics.com\/de\/wp-json\/wp\/v2\/users\/5"}],"replies":[{"embeddable":true,"href":"https:\/\/www.generalkinematics.com\/de\/wp-json\/wp\/v2\/comments?post=41985"}],"version-history":[{"count":0,"href":"https:\/\/www.generalkinematics.com\/de\/wp-json\/wp\/v2\/pages\/41985\/revisions"}],"wp:featuredmedia":[{"embeddable":true,"href":"https:\/\/www.generalkinematics.com\/de\/wp-json\/wp\/v2\/media\/35907"}],"wp:attachment":[{"href":"https:\/\/www.generalkinematics.com\/de\/wp-json\/wp\/v2\/media?parent=41985"}],"curies":[{"name":"wp","href":"https:\/\/api.w.org\/{rel}","templated":true}]}}