{"id":41986,"date":"2012-05-02T21:51:20","date_gmt":"2012-05-03T02:51:20","guid":{"rendered":"https:\/\/www.generalkinematics.com\/bergbau-equipment\/vibrations-bodenasche-forderer-vibrationsrinne\/"},"modified":"2018-09-25T11:33:30","modified_gmt":"2018-09-25T16:33:30","slug":"vibrations-bodenasche-forderer-vibrationsrinne","status":"publish","type":"page","link":"https:\/\/www.generalkinematics.com\/de\/bergbau-equipment\/vibrations-bodenasche-forderer-vibrationsrinne\/","title":{"rendered":"Vibrations-Bodenasche-F\u00f6rderer (vibrationsrinne)"},"content":{"rendered":"<h1>Bodenasche-F\u00f6rderer<\/h1>\n<p>&nbsp;<\/p>\n<p><img decoding=\"async\" title=\"Bodenasche-F\u00f6rderer\" src=\"https:\/\/www.generalkinematics.com\/wp-content\/uploads\/images\/mining_products\/header\/bottomash_conveyor.jpg\" alt=\"Bodenasche-F\u00f6rderer\" width=\"375\" height=\"180\" \/><\/p>\n<p>&nbsp;<\/p>\n<h2>Produktbeschreibung:<\/h2>\n<p>Ausgeglichene Ausf\u00fchrung, robuste Konstruktion und ausgekl\u00fcgelte Konstruktionsmerkmale sorgen daf\u00fcr, dass SYNCRO-COIL\u00ae-Vibrationsrinnen von General Kinematics Tag f\u00fcr Tag rund um die Uhr unter den widrigsten Bedingungen bei der Handhabung von Asche arbeiten.<\/p>\n<p>&nbsp;<\/p>\n<h2>Eigenschaften:<\/h2>\n<ul>\n<li>Heavy Duty-Austausch-Trog aus Stahllegierung widersteht hohen Belastungen und variablen Lastbedingungen.<\/li>\n<li>Die glatte, durchgehende Trogoberfl\u00e4che ist v\u00f6llig frei von Stufen oder Vorspr\u00fcngen.<\/li>\n<li>Widersteht Hitze, Wasser, Chemikalien und schweren Gegenst\u00e4nden.<\/li>\n<li>Ein einfacher Exzenterantrieb liefert die f\u00fcr die F\u00f6rderung der Bodenasche erforderliche Hubamplitude.<\/li>\n<li>Korrosionsbest\u00e4ndige Schrauben-Arbeitsfedern aus verzinktem Stahl mit Verbindungsmontage eliminieren hohe Spannungen mit typischen Feder-Niederhalteklemmen oder Lamellen.<\/li>\n<li>Das ausgleichende Auswuchtsystem, das vollst\u00e4ndig auf die Materialbeladung reagiert, gew\u00e4hrleistet eine vibrationsfreie Installation und minimiert die Kr\u00e4fte, die durch vom Materialaufprall beim Beladen auftretende Sto\u00dfbelastung \u00fcbertragen werden.<\/li>\n<li>Der SYNCRO-CUSHION-Exzenterantrieb mit Eigenfrequenz reduziert das Anlaufmoment und beseitigt hohe Spannungskonzentrationen an der Antriebsverbindung.<\/li>\n<li>Die Einheiten arbeiten mit niedriger erforderlicher Leistung f\u00fcr maximale Energieeffizienz.<\/li>\n<\/ul>\n","protected":false},"excerpt":{"rendered":"<p>Bodenasche-F\u00f6rderer &nbsp; &nbsp; Produktbeschreibung: Ausgeglichene Ausf\u00fchrung, robuste Konstruktion und ausgekl\u00fcgelte Konstruktionsmerkmale sorgen daf\u00fcr, dass SYNCRO-COIL\u00ae-Vibrationsrinnen von General Kinematics Tag f\u00fcr Tag rund um die Uhr unter den widrigsten Bedingungen bei der Handhabung von Asche arbeiten. &nbsp; Eigenschaften: Heavy Duty-Austausch-Trog aus Stahllegierung widersteht hohen Belastungen und variablen Lastbedingungen. Die glatte, durchgehende Trogoberfl\u00e4che ist v\u00f6llig frei von [&hellip;]<\/p>\n","protected":false},"author":5,"featured_media":0,"parent":41981,"menu_order":0,"comment_status":"open","ping_status":"open","template":"","meta":{"_acf_changed":false,"om_disable_all_campaigns":false,"ep_exclude_from_search":false,"footnotes":""},"class_list":["post-41986","page","type-page","status-publish","hentry"],"acf":[],"yoast_head":"<!-- This site is optimized with the Yoast SEO plugin v27.2 - https:\/\/yoast.com\/product\/yoast-seo-wordpress\/ -->\n<title>GK SYNCRO-COIL Bodenentaschungssystem | General Kinematics<\/title>\n<meta name=\"description\" content=\"Entdecken Sie das GK SYNCRO-COIL Bodenentaschungssystem mit ausgewogenem Design und robuster Konstruktion. SYNCRO-COIL Vibrationsf\u00f6rderer von General Kinematics arbeiten rund um die Uhr.\" \/>\n<meta name=\"robots\" content=\"index, follow, max-snippet:-1, max-image-preview:large, max-video-preview:-1\" \/>\n<link rel=\"canonical\" href=\"https:\/\/www.generalkinematics.com\/de\/bergbau-equipment\/vibrations-bodenasche-forderer-vibrationsrinne\/\" \/>\n<meta property=\"og:locale\" content=\"de_DE\" \/>\n<meta property=\"og:type\" content=\"article\" \/>\n<meta property=\"og:title\" content=\"GK SYNCRO-COIL Bodenentaschungssystem | General Kinematics\" \/>\n<meta property=\"og:description\" content=\"Entdecken Sie das GK SYNCRO-COIL Bodenentaschungssystem mit ausgewogenem Design und robuster Konstruktion. SYNCRO-COIL Vibrationsf\u00f6rderer von General Kinematics arbeiten rund um die Uhr.\" \/>\n<meta property=\"og:url\" content=\"https:\/\/www.generalkinematics.com\/de\/bergbau-equipment\/vibrations-bodenasche-forderer-vibrationsrinne\/\" \/>\n<meta property=\"og:site_name\" content=\"General Kinematics\" \/>\n<meta property=\"article:publisher\" content=\"https:\/\/www.facebook.com\/generalkinematics\" \/>\n<meta property=\"article:modified_time\" content=\"2018-09-25T16:33:30+00:00\" \/>\n<meta property=\"og:image\" content=\"https:\/\/www.generalkinematics.com\/wp-content\/uploads\/images\/mining_products\/header\/bottomash_conveyor.jpg\" \/>\n<meta name=\"twitter:card\" content=\"summary_large_image\" \/>\n<meta name=\"twitter:site\" content=\"@gkvibrating\" \/>\n<meta name=\"twitter:label1\" content=\"Gesch\u00e4tzte Lesezeit\" \/>\n\t<meta name=\"twitter:data1\" content=\"1 Minute\" \/>\n<!-- \/ Yoast SEO plugin. -->","yoast_head_json":{"title":"GK SYNCRO-COIL Bodenentaschungssystem | General Kinematics","description":"Entdecken Sie das GK SYNCRO-COIL Bodenentaschungssystem mit ausgewogenem Design und robuster Konstruktion. SYNCRO-COIL Vibrationsf\u00f6rderer von General Kinematics arbeiten rund um die Uhr.","robots":{"index":"index","follow":"follow","max-snippet":"max-snippet:-1","max-image-preview":"max-image-preview:large","max-video-preview":"max-video-preview:-1"},"canonical":"https:\/\/www.generalkinematics.com\/de\/bergbau-equipment\/vibrations-bodenasche-forderer-vibrationsrinne\/","og_locale":"de_DE","og_type":"article","og_title":"GK SYNCRO-COIL Bodenentaschungssystem | General Kinematics","og_description":"Entdecken Sie das GK SYNCRO-COIL Bodenentaschungssystem mit ausgewogenem Design und robuster Konstruktion. SYNCRO-COIL Vibrationsf\u00f6rderer von General Kinematics arbeiten rund um die Uhr.","og_url":"https:\/\/www.generalkinematics.com\/de\/bergbau-equipment\/vibrations-bodenasche-forderer-vibrationsrinne\/","og_site_name":"General Kinematics","article_publisher":"https:\/\/www.facebook.com\/generalkinematics","article_modified_time":"2018-09-25T16:33:30+00:00","og_image":[{"url":"https:\/\/www.generalkinematics.com\/wp-content\/uploads\/images\/mining_products\/header\/bottomash_conveyor.jpg","type":"","width":"","height":""}],"twitter_card":"summary_large_image","twitter_site":"@gkvibrating","twitter_misc":{"Gesch\u00e4tzte Lesezeit":"1 Minute"},"schema":{"@context":"https:\/\/schema.org","@graph":[{"@type":"WebPage","@id":"https:\/\/www.generalkinematics.com\/de\/bergbau-equipment\/vibrations-bodenasche-forderer-vibrationsrinne\/","url":"https:\/\/www.generalkinematics.com\/de\/bergbau-equipment\/vibrations-bodenasche-forderer-vibrationsrinne\/","name":"GK SYNCRO-COIL Bodenentaschungssystem | General Kinematics","isPartOf":{"@id":"https:\/\/www.generalkinematics.com\/de\/#website"},"primaryImageOfPage":{"@id":"https:\/\/www.generalkinematics.com\/de\/bergbau-equipment\/vibrations-bodenasche-forderer-vibrationsrinne\/#primaryimage"},"image":{"@id":"https:\/\/www.generalkinematics.com\/de\/bergbau-equipment\/vibrations-bodenasche-forderer-vibrationsrinne\/#primaryimage"},"thumbnailUrl":"https:\/\/www.generalkinematics.com\/wp-content\/uploads\/images\/mining_products\/header\/bottomash_conveyor.jpg","datePublished":"2012-05-03T02:51:20+00:00","dateModified":"2018-09-25T16:33:30+00:00","description":"Entdecken Sie das GK SYNCRO-COIL Bodenentaschungssystem mit ausgewogenem Design und robuster Konstruktion. SYNCRO-COIL Vibrationsf\u00f6rderer von General Kinematics arbeiten rund um die Uhr.","breadcrumb":{"@id":"https:\/\/www.generalkinematics.com\/de\/bergbau-equipment\/vibrations-bodenasche-forderer-vibrationsrinne\/#breadcrumb"},"inLanguage":"de-DE","potentialAction":[{"@type":"ReadAction","target":["https:\/\/www.generalkinematics.com\/de\/bergbau-equipment\/vibrations-bodenasche-forderer-vibrationsrinne\/"]}]},{"@type":"ImageObject","inLanguage":"de-DE","@id":"https:\/\/www.generalkinematics.com\/de\/bergbau-equipment\/vibrations-bodenasche-forderer-vibrationsrinne\/#primaryimage","url":"https:\/\/www.generalkinematics.com\/wp-content\/uploads\/images\/mining_products\/header\/bottomash_conveyor.jpg","contentUrl":"https:\/\/www.generalkinematics.com\/wp-content\/uploads\/images\/mining_products\/header\/bottomash_conveyor.jpg"},{"@type":"BreadcrumbList","@id":"https:\/\/www.generalkinematics.com\/de\/bergbau-equipment\/vibrations-bodenasche-forderer-vibrationsrinne\/#breadcrumb","itemListElement":[{"@type":"ListItem","position":1,"name":"GK Home","item":"https:\/\/www.generalkinematics.com\/de\/"},{"@type":"ListItem","position":2,"name":"Bergbau-Equipment","item":"https:\/\/www.generalkinematics.com\/de\/bergbau-equipment\/"},{"@type":"ListItem","position":3,"name":"Vibrations-Bodenasche-F\u00f6rderer (vibrationsrinne)"}]},{"@type":"WebSite","@id":"https:\/\/www.generalkinematics.com\/de\/#website","url":"https:\/\/www.generalkinematics.com\/de\/","name":"General Kinematics","description":"","publisher":{"@id":"https:\/\/www.generalkinematics.com\/de\/#organization"},"potentialAction":[{"@type":"SearchAction","target":{"@type":"EntryPoint","urlTemplate":"https:\/\/www.generalkinematics.com\/de\/?s={search_term_string}"},"query-input":{"@type":"PropertyValueSpecification","valueRequired":true,"valueName":"search_term_string"}}],"inLanguage":"de-DE"},{"@type":"Organization","@id":"https:\/\/www.generalkinematics.com\/de\/#organization","name":"General Kinematics","url":"https:\/\/www.generalkinematics.com\/de\/","logo":{"@type":"ImageObject","inLanguage":"de-DE","@id":"https:\/\/www.generalkinematics.com\/de\/#\/schema\/logo\/image\/","url":"https:\/\/media.generalkinematics.com\/wp-content\/uploads\/2018\/03\/logo.png","contentUrl":"https:\/\/media.generalkinematics.com\/wp-content\/uploads\/2018\/03\/logo.png","width":313,"height":100,"caption":"General Kinematics"},"image":{"@id":"https:\/\/www.generalkinematics.com\/de\/#\/schema\/logo\/image\/"},"sameAs":["https:\/\/www.facebook.com\/generalkinematics","https:\/\/x.com\/gkvibrating"]}]}},"_links":{"self":[{"href":"https:\/\/www.generalkinematics.com\/de\/wp-json\/wp\/v2\/pages\/41986","targetHints":{"allow":["GET"]}}],"collection":[{"href":"https:\/\/www.generalkinematics.com\/de\/wp-json\/wp\/v2\/pages"}],"about":[{"href":"https:\/\/www.generalkinematics.com\/de\/wp-json\/wp\/v2\/types\/page"}],"author":[{"embeddable":true,"href":"https:\/\/www.generalkinematics.com\/de\/wp-json\/wp\/v2\/users\/5"}],"replies":[{"embeddable":true,"href":"https:\/\/www.generalkinematics.com\/de\/wp-json\/wp\/v2\/comments?post=41986"}],"version-history":[{"count":0,"href":"https:\/\/www.generalkinematics.com\/de\/wp-json\/wp\/v2\/pages\/41986\/revisions"}],"up":[{"embeddable":true,"href":"https:\/\/www.generalkinematics.com\/de\/wp-json\/wp\/v2\/pages\/41981"}],"wp:attachment":[{"href":"https:\/\/www.generalkinematics.com\/de\/wp-json\/wp\/v2\/media?parent=41986"}],"curies":[{"name":"wp","href":"https:\/\/api.w.org\/{rel}","templated":true}]}}