{"id":41987,"date":"2012-05-03T22:25:03","date_gmt":"2012-05-04T03:25:03","guid":{"rendered":"https:\/\/www.generalkinematics.com\/recycling-equipment\/mini-mrf\/"},"modified":"2018-09-25T11:49:06","modified_gmt":"2018-09-25T16:49:06","slug":"mini-mrf","status":"publish","type":"page","link":"https:\/\/www.generalkinematics.com\/de\/recycling-equipment\/mini-mrf\/","title":{"rendered":"MINI-MRF\u2122"},"content":{"rendered":"<h1>MINI-MRF\u2122-Recyclingsysteme<\/h1>\n<p><img decoding=\"async\" title=\"MINI-MRF\u2122-Recyclingsysteme\" alt=\"MINI-MRF\u2122-Recyclingsysteme\" src=\"https:\/\/www.generalkinematics.com\/wp-content\/uploads\/images\/recyclingproducts\/header\/minimrf.jpg\" width=\"375\" height=\"160\" \/><\/p>\n<p>&nbsp;<\/p>\n<h2>Produktbeschreibung:<\/h2>\n<p><img decoding=\"async\" alt=\"\" src=\"https:\/\/www.generalkinematics.com\/wp-content\/uploads\/images\/recycling\/minimrfbutton.jpg\" \/><\/p>\n<p>Der MINI-MRF\u2122<strong><\/strong> von General Kinematics ist ein Recyclingsystem f\u00fcr geringe Tonnage und wurde f\u00fcr eine hocheffiziente Materialr\u00fcckgewinnung konzipiert. Die Basissysteme bestehen aus einer Prim\u00e4rsiebung mit einer Pick-Linie und vier Stationen, die alle an einem einfach zu installierenden Tr\u00e4gersystem angebracht und f\u00fcr Abrollcontainer als Materialsortierbeh\u00e4lter ausgelegt sind. Zu den zus\u00e4tzlichen Optionen geh\u00f6ren verl\u00e4ngerte Pick-Linien, eine magnetische Eisen- und Nicht-Eisen-Trennung und GKs DE-STONER\u00ae-Luftsichter zur Maximierung Ihrer Materialr\u00fcckgewinnung.<\/p>\n<p>&nbsp;<\/p>\n<h2>Eigenschaften:<\/h2>\n<ul>\n<li>Einfach zu installierendes Systemdesign.<\/li>\n<li>General Kinematics FINGER-SCREEN\u2122 zum Trennen von Material mit geringer Gr\u00f6\u00dfe aus Resten.<\/li>\n<li>Heavy Duty Pick-Band und Sortierbeh\u00e4lter.<\/li>\n<li>Niedrige Kapitalkosten.<\/li>\n<li>Perfekt f\u00fcr kleine Unternehmen oder Gemeinden.<\/li>\n<li>Optionale Sortiermodule f\u00fcr eine einfache Erweiterung, wenn Ihr Unternehmen w\u00e4chst.<\/li>\n<\/ul>\n","protected":false},"excerpt":{"rendered":"<p>MINI-MRF\u2122-Recyclingsysteme &nbsp; Produktbeschreibung: Der MINI-MRF\u2122 von General Kinematics ist ein Recyclingsystem f\u00fcr geringe Tonnage und wurde f\u00fcr eine hocheffiziente Materialr\u00fcckgewinnung konzipiert. Die Basissysteme bestehen aus einer Prim\u00e4rsiebung mit einer Pick-Linie und vier Stationen, die alle an einem einfach zu installierenden Tr\u00e4gersystem angebracht und f\u00fcr Abrollcontainer als Materialsortierbeh\u00e4lter ausgelegt sind. Zu den zus\u00e4tzlichen Optionen geh\u00f6ren verl\u00e4ngerte [&hellip;]<\/p>\n","protected":false},"author":5,"featured_media":0,"parent":41984,"menu_order":0,"comment_status":"open","ping_status":"open","template":"","meta":{"_acf_changed":false,"om_disable_all_campaigns":false,"ep_exclude_from_search":false,"footnotes":""},"class_list":["post-41987","page","type-page","status-publish","hentry"],"acf":[],"yoast_head":"<!-- This site is optimized with the Yoast SEO plugin v27.2 - https:\/\/yoast.com\/product\/yoast-seo-wordpress\/ -->\n<title>M\u00fcllsortieranlage | Mini MRF Recycling | General Kinematics<\/title>\n<meta name=\"description\" content=\"Maximieren Sie Ihre Materialr\u00fcckgewinnung mit einer M\u00fcllsortieranlage von General Kinematics. Wir bieten ein Mini MRF Recycling-System, das f\u00fcr eine effiziente Materialr\u00fcckgewinnung konzipiert wurde.\" \/>\n<meta name=\"robots\" content=\"index, follow, max-snippet:-1, max-image-preview:large, max-video-preview:-1\" \/>\n<link rel=\"canonical\" href=\"https:\/\/www.generalkinematics.com\/de\/recycling-equipment\/mini-mrf\/\" \/>\n<meta property=\"og:locale\" content=\"de_DE\" \/>\n<meta property=\"og:type\" content=\"article\" \/>\n<meta property=\"og:title\" content=\"M\u00fcllsortieranlage | Mini MRF Recycling | General Kinematics\" \/>\n<meta property=\"og:description\" content=\"Maximieren Sie Ihre Materialr\u00fcckgewinnung mit einer M\u00fcllsortieranlage von General Kinematics. Wir bieten ein Mini MRF Recycling-System, das f\u00fcr eine effiziente Materialr\u00fcckgewinnung konzipiert wurde.\" \/>\n<meta property=\"og:url\" content=\"https:\/\/www.generalkinematics.com\/de\/recycling-equipment\/mini-mrf\/\" \/>\n<meta property=\"og:site_name\" content=\"General Kinematics\" \/>\n<meta property=\"article:publisher\" content=\"https:\/\/www.facebook.com\/generalkinematics\" \/>\n<meta property=\"article:modified_time\" content=\"2018-09-25T16:49:06+00:00\" \/>\n<meta property=\"og:image\" content=\"https:\/\/www.generalkinematics.com\/wp-content\/uploads\/images\/recyclingproducts\/header\/minimrf.jpg\" \/>\n<meta name=\"twitter:card\" content=\"summary_large_image\" \/>\n<meta name=\"twitter:site\" content=\"@gkvibrating\" \/>\n<meta name=\"twitter:label1\" content=\"Gesch\u00e4tzte Lesezeit\" \/>\n\t<meta name=\"twitter:data1\" content=\"1 Minute\" \/>\n<!-- \/ Yoast SEO plugin. -->","yoast_head_json":{"title":"M\u00fcllsortieranlage | Mini MRF Recycling | General Kinematics","description":"Maximieren Sie Ihre Materialr\u00fcckgewinnung mit einer M\u00fcllsortieranlage von General Kinematics. Wir bieten ein Mini MRF Recycling-System, das f\u00fcr eine effiziente Materialr\u00fcckgewinnung konzipiert wurde.","robots":{"index":"index","follow":"follow","max-snippet":"max-snippet:-1","max-image-preview":"max-image-preview:large","max-video-preview":"max-video-preview:-1"},"canonical":"https:\/\/www.generalkinematics.com\/de\/recycling-equipment\/mini-mrf\/","og_locale":"de_DE","og_type":"article","og_title":"M\u00fcllsortieranlage | Mini MRF Recycling | General Kinematics","og_description":"Maximieren Sie Ihre Materialr\u00fcckgewinnung mit einer M\u00fcllsortieranlage von General Kinematics. Wir bieten ein Mini MRF Recycling-System, das f\u00fcr eine effiziente Materialr\u00fcckgewinnung konzipiert wurde.","og_url":"https:\/\/www.generalkinematics.com\/de\/recycling-equipment\/mini-mrf\/","og_site_name":"General Kinematics","article_publisher":"https:\/\/www.facebook.com\/generalkinematics","article_modified_time":"2018-09-25T16:49:06+00:00","og_image":[{"url":"https:\/\/www.generalkinematics.com\/wp-content\/uploads\/images\/recyclingproducts\/header\/minimrf.jpg","type":"","width":"","height":""}],"twitter_card":"summary_large_image","twitter_site":"@gkvibrating","twitter_misc":{"Gesch\u00e4tzte Lesezeit":"1 Minute"},"schema":{"@context":"https:\/\/schema.org","@graph":[{"@type":"WebPage","@id":"https:\/\/www.generalkinematics.com\/de\/recycling-equipment\/mini-mrf\/","url":"https:\/\/www.generalkinematics.com\/de\/recycling-equipment\/mini-mrf\/","name":"M\u00fcllsortieranlage | Mini MRF Recycling | General Kinematics","isPartOf":{"@id":"https:\/\/www.generalkinematics.com\/de\/#website"},"primaryImageOfPage":{"@id":"https:\/\/www.generalkinematics.com\/de\/recycling-equipment\/mini-mrf\/#primaryimage"},"image":{"@id":"https:\/\/www.generalkinematics.com\/de\/recycling-equipment\/mini-mrf\/#primaryimage"},"thumbnailUrl":"https:\/\/www.generalkinematics.com\/wp-content\/uploads\/images\/recyclingproducts\/header\/minimrf.jpg","datePublished":"2012-05-04T03:25:03+00:00","dateModified":"2018-09-25T16:49:06+00:00","description":"Maximieren Sie Ihre Materialr\u00fcckgewinnung mit einer M\u00fcllsortieranlage von General Kinematics. Wir bieten ein Mini MRF Recycling-System, das f\u00fcr eine effiziente Materialr\u00fcckgewinnung konzipiert wurde.","breadcrumb":{"@id":"https:\/\/www.generalkinematics.com\/de\/recycling-equipment\/mini-mrf\/#breadcrumb"},"inLanguage":"de-DE","potentialAction":[{"@type":"ReadAction","target":["https:\/\/www.generalkinematics.com\/de\/recycling-equipment\/mini-mrf\/"]}]},{"@type":"ImageObject","inLanguage":"de-DE","@id":"https:\/\/www.generalkinematics.com\/de\/recycling-equipment\/mini-mrf\/#primaryimage","url":"https:\/\/www.generalkinematics.com\/wp-content\/uploads\/images\/recyclingproducts\/header\/minimrf.jpg","contentUrl":"https:\/\/www.generalkinematics.com\/wp-content\/uploads\/images\/recyclingproducts\/header\/minimrf.jpg"},{"@type":"BreadcrumbList","@id":"https:\/\/www.generalkinematics.com\/de\/recycling-equipment\/mini-mrf\/#breadcrumb","itemListElement":[{"@type":"ListItem","position":1,"name":"GK Home","item":"https:\/\/www.generalkinematics.com\/de\/"},{"@type":"ListItem","position":2,"name":"MATERIALR\u00dcCKGEWINNUNG","item":"https:\/\/www.generalkinematics.com\/de\/recycling-equipment\/"},{"@type":"ListItem","position":3,"name":"MINI-MRF\u2122"}]},{"@type":"WebSite","@id":"https:\/\/www.generalkinematics.com\/de\/#website","url":"https:\/\/www.generalkinematics.com\/de\/","name":"General Kinematics","description":"","publisher":{"@id":"https:\/\/www.generalkinematics.com\/de\/#organization"},"potentialAction":[{"@type":"SearchAction","target":{"@type":"EntryPoint","urlTemplate":"https:\/\/www.generalkinematics.com\/de\/?s={search_term_string}"},"query-input":{"@type":"PropertyValueSpecification","valueRequired":true,"valueName":"search_term_string"}}],"inLanguage":"de-DE"},{"@type":"Organization","@id":"https:\/\/www.generalkinematics.com\/de\/#organization","name":"General Kinematics","url":"https:\/\/www.generalkinematics.com\/de\/","logo":{"@type":"ImageObject","inLanguage":"de-DE","@id":"https:\/\/www.generalkinematics.com\/de\/#\/schema\/logo\/image\/","url":"https:\/\/media.generalkinematics.com\/wp-content\/uploads\/2018\/03\/logo.png","contentUrl":"https:\/\/media.generalkinematics.com\/wp-content\/uploads\/2018\/03\/logo.png","width":313,"height":100,"caption":"General Kinematics"},"image":{"@id":"https:\/\/www.generalkinematics.com\/de\/#\/schema\/logo\/image\/"},"sameAs":["https:\/\/www.facebook.com\/generalkinematics","https:\/\/x.com\/gkvibrating"]}]}},"_links":{"self":[{"href":"https:\/\/www.generalkinematics.com\/de\/wp-json\/wp\/v2\/pages\/41987","targetHints":{"allow":["GET"]}}],"collection":[{"href":"https:\/\/www.generalkinematics.com\/de\/wp-json\/wp\/v2\/pages"}],"about":[{"href":"https:\/\/www.generalkinematics.com\/de\/wp-json\/wp\/v2\/types\/page"}],"author":[{"embeddable":true,"href":"https:\/\/www.generalkinematics.com\/de\/wp-json\/wp\/v2\/users\/5"}],"replies":[{"embeddable":true,"href":"https:\/\/www.generalkinematics.com\/de\/wp-json\/wp\/v2\/comments?post=41987"}],"version-history":[{"count":0,"href":"https:\/\/www.generalkinematics.com\/de\/wp-json\/wp\/v2\/pages\/41987\/revisions"}],"up":[{"embeddable":true,"href":"https:\/\/www.generalkinematics.com\/de\/wp-json\/wp\/v2\/pages\/41984"}],"wp:attachment":[{"href":"https:\/\/www.generalkinematics.com\/de\/wp-json\/wp\/v2\/media?parent=41987"}],"curies":[{"name":"wp","href":"https:\/\/api.w.org\/{rel}","templated":true}]}}