{"id":41988,"date":"2012-05-04T00:07:19","date_gmt":"2012-05-04T05:07:19","guid":{"rendered":"https:\/\/www.generalkinematics.com\/recycling-equipment\/zwei-massen-vibrationssieb-gk-vibration\/"},"modified":"2018-09-25T14:03:33","modified_gmt":"2018-09-25T19:03:33","slug":"zwei-massen-vibrationssieb-gk-vibration","status":"publish","type":"page","link":"https:\/\/www.generalkinematics.com\/de\/recycling-equipment\/zwei-massen-vibrationssieb-gk-vibration\/","title":{"rendered":"Zwei-Massen-Vibrationssieb | GK Vibration"},"content":{"rendered":"<h1>Zwei-Massen-Vibrationssiebe (vibrationssieb)<\/h1>\n<p><img decoding=\"async\" title=\"Zwei-Massen-Vibrationssiebe (vibrationssieb)\" alt=\"Zwei-Massen-Vibrationssiebe (vibrationssieb)\" src=\"https:\/\/www.generalkinematics.com\/wp-content\/uploads\/images\/foundry_products\/header\/two_mass_screens.jpg\" width=\"375\" height=\"160\" \/><\/p>\n<p>&nbsp;<\/p>\n<h2>Produktbeschreibung:<\/h2>\n<p>General Kinematics Zwei-Massen-Siebe sind un\u00fcbertroffen bei ihrer Effizienz und Leistung. Das bew\u00e4hrte Zwei-Massen-Antriebssystem von GK (gk two mass) reduziert den Stromverbrauch und erh\u00f6ht die Siebleistung im Vergleich zu herk\u00f6mmlichen, direkt angetriebenen Ausf\u00fchrungen (Hammermethode). Zu den Optionen geh\u00f6ren austauschbare Decks, Mehrfachdecks, Decks im Bananenstil und spezielle korrosionsbest\u00e4ndige Oberfl\u00e4chen. GKs Zwei-Massen-Siebe (gk two mass) sind in Standard- und ma\u00dfgeschneiderten Gr\u00f6\u00dfen erh\u00e4ltlich und k\u00f6nnen problemlos in bestehende Prozesse integriert werden.<\/p>\n<p>&nbsp;<\/p>\n<h2>Eigenschaften:<\/h2>\n<ul>\n<li>Die Zwei-Massen-Ausf\u00fchrung erreicht eine Stromeinsparung von bis zu 80 % gegen\u00fcber normale, direkt angetriebene Siebe (110 KW und mehr im Vergleich zu GKs 22 KW).<\/li>\n<li>GKs Zwei-Massen-Siebe (gk two mass) arbeiten lastabh\u00e4ngig. Je h\u00f6her die Tonnage, desto h\u00f6her die Siebleistung.<\/li>\n<li>Die Zwei-Massen-Ausf\u00fchrung h\u00e4lt die Hubh\u00f6he aufrecht, w\u00e4hrend die Hammermethode an Hubh\u00f6he verliert, wenn mehr Material aufgeladen wird.<\/li>\n<li>Das GK-Zwei-Massen-Sieb (gk two mass) ist \u201ePlug and Play\u201c. Einfach einstecken und los geht&apos;s.<\/li>\n<li>F\u00fcr schnelle Auswechslungen wurden kompakte vibrationsarme Motoren mit geringem Gewicht an der Einheit montiert.<\/li>\n<\/ul>\n","protected":false},"excerpt":{"rendered":"<p>Zwei-Massen-Vibrationssiebe (vibrationssieb) &nbsp; Produktbeschreibung: General Kinematics Zwei-Massen-Siebe sind un\u00fcbertroffen bei ihrer Effizienz und Leistung. Das bew\u00e4hrte Zwei-Massen-Antriebssystem von GK (gk two mass) reduziert den Stromverbrauch und erh\u00f6ht die Siebleistung im Vergleich zu herk\u00f6mmlichen, direkt angetriebenen Ausf\u00fchrungen (Hammermethode). Zu den Optionen geh\u00f6ren austauschbare Decks, Mehrfachdecks, Decks im Bananenstil und spezielle korrosionsbest\u00e4ndige Oberfl\u00e4chen. GKs Zwei-Massen-Siebe (gk two [&hellip;]<\/p>\n","protected":false},"author":5,"featured_media":0,"parent":41984,"menu_order":0,"comment_status":"open","ping_status":"open","template":"","meta":{"_acf_changed":false,"om_disable_all_campaigns":false,"ep_exclude_from_search":false,"footnotes":""},"class_list":["post-41988","page","type-page","status-publish","hentry"],"acf":[],"yoast_head":"<!-- This site is optimized with the Yoast SEO plugin v27.2 - https:\/\/yoast.com\/product\/yoast-seo-wordpress\/ -->\n<title>Vibrationssiebmaschinen | General Kinematics<\/title>\n<meta name=\"description\" content=\"Entscheiden Sie sich f\u00fcr eine un\u00fcbertroffene Vibrationssiebmaschine von General Kinematics. Unsere flexiblen Vibrationssiebmaschinen k\u00f6nnen problemlos in bestehende Prozesse integriert werden.\" \/>\n<meta name=\"robots\" content=\"index, follow, max-snippet:-1, max-image-preview:large, max-video-preview:-1\" \/>\n<link rel=\"canonical\" href=\"https:\/\/www.generalkinematics.com\/de\/recycling-equipment\/zwei-massen-vibrationssieb-gk-vibration\/\" \/>\n<meta property=\"og:locale\" content=\"de_DE\" \/>\n<meta property=\"og:type\" content=\"article\" \/>\n<meta property=\"og:title\" content=\"Vibrationssiebmaschinen | General Kinematics\" \/>\n<meta property=\"og:description\" content=\"Entscheiden Sie sich f\u00fcr eine un\u00fcbertroffene Vibrationssiebmaschine von General Kinematics. Unsere flexiblen Vibrationssiebmaschinen k\u00f6nnen problemlos in bestehende Prozesse integriert werden.\" \/>\n<meta property=\"og:url\" content=\"https:\/\/www.generalkinematics.com\/de\/recycling-equipment\/zwei-massen-vibrationssieb-gk-vibration\/\" \/>\n<meta property=\"og:site_name\" content=\"General Kinematics\" \/>\n<meta property=\"article:publisher\" content=\"https:\/\/www.facebook.com\/generalkinematics\" \/>\n<meta property=\"article:modified_time\" content=\"2018-09-25T19:03:33+00:00\" \/>\n<meta property=\"og:image\" content=\"https:\/\/www.generalkinematics.com\/wp-content\/uploads\/images\/foundry_products\/header\/two_mass_screens.jpg\" \/>\n<meta name=\"twitter:card\" content=\"summary_large_image\" \/>\n<meta name=\"twitter:site\" content=\"@gkvibrating\" \/>\n<meta name=\"twitter:label1\" content=\"Gesch\u00e4tzte Lesezeit\" \/>\n\t<meta name=\"twitter:data1\" content=\"1 Minute\" \/>\n<!-- \/ Yoast SEO plugin. -->","yoast_head_json":{"title":"Vibrationssiebmaschinen | General Kinematics","description":"Entscheiden Sie sich f\u00fcr eine un\u00fcbertroffene Vibrationssiebmaschine von General Kinematics. Unsere flexiblen Vibrationssiebmaschinen k\u00f6nnen problemlos in bestehende Prozesse integriert werden.","robots":{"index":"index","follow":"follow","max-snippet":"max-snippet:-1","max-image-preview":"max-image-preview:large","max-video-preview":"max-video-preview:-1"},"canonical":"https:\/\/www.generalkinematics.com\/de\/recycling-equipment\/zwei-massen-vibrationssieb-gk-vibration\/","og_locale":"de_DE","og_type":"article","og_title":"Vibrationssiebmaschinen | General Kinematics","og_description":"Entscheiden Sie sich f\u00fcr eine un\u00fcbertroffene Vibrationssiebmaschine von General Kinematics. Unsere flexiblen Vibrationssiebmaschinen k\u00f6nnen problemlos in bestehende Prozesse integriert werden.","og_url":"https:\/\/www.generalkinematics.com\/de\/recycling-equipment\/zwei-massen-vibrationssieb-gk-vibration\/","og_site_name":"General Kinematics","article_publisher":"https:\/\/www.facebook.com\/generalkinematics","article_modified_time":"2018-09-25T19:03:33+00:00","og_image":[{"url":"https:\/\/www.generalkinematics.com\/wp-content\/uploads\/images\/foundry_products\/header\/two_mass_screens.jpg","type":"","width":"","height":""}],"twitter_card":"summary_large_image","twitter_site":"@gkvibrating","twitter_misc":{"Gesch\u00e4tzte Lesezeit":"1 Minute"},"schema":{"@context":"https:\/\/schema.org","@graph":[{"@type":"WebPage","@id":"https:\/\/www.generalkinematics.com\/de\/recycling-equipment\/zwei-massen-vibrationssieb-gk-vibration\/","url":"https:\/\/www.generalkinematics.com\/de\/recycling-equipment\/zwei-massen-vibrationssieb-gk-vibration\/","name":"Vibrationssiebmaschinen | General Kinematics","isPartOf":{"@id":"https:\/\/www.generalkinematics.com\/de\/#website"},"primaryImageOfPage":{"@id":"https:\/\/www.generalkinematics.com\/de\/recycling-equipment\/zwei-massen-vibrationssieb-gk-vibration\/#primaryimage"},"image":{"@id":"https:\/\/www.generalkinematics.com\/de\/recycling-equipment\/zwei-massen-vibrationssieb-gk-vibration\/#primaryimage"},"thumbnailUrl":"https:\/\/www.generalkinematics.com\/wp-content\/uploads\/images\/foundry_products\/header\/two_mass_screens.jpg","datePublished":"2012-05-04T05:07:19+00:00","dateModified":"2018-09-25T19:03:33+00:00","description":"Entscheiden Sie sich f\u00fcr eine un\u00fcbertroffene Vibrationssiebmaschine von General Kinematics. Unsere flexiblen Vibrationssiebmaschinen k\u00f6nnen problemlos in bestehende Prozesse integriert werden.","breadcrumb":{"@id":"https:\/\/www.generalkinematics.com\/de\/recycling-equipment\/zwei-massen-vibrationssieb-gk-vibration\/#breadcrumb"},"inLanguage":"de-DE","potentialAction":[{"@type":"ReadAction","target":["https:\/\/www.generalkinematics.com\/de\/recycling-equipment\/zwei-massen-vibrationssieb-gk-vibration\/"]}]},{"@type":"ImageObject","inLanguage":"de-DE","@id":"https:\/\/www.generalkinematics.com\/de\/recycling-equipment\/zwei-massen-vibrationssieb-gk-vibration\/#primaryimage","url":"https:\/\/www.generalkinematics.com\/wp-content\/uploads\/images\/foundry_products\/header\/two_mass_screens.jpg","contentUrl":"https:\/\/www.generalkinematics.com\/wp-content\/uploads\/images\/foundry_products\/header\/two_mass_screens.jpg"},{"@type":"BreadcrumbList","@id":"https:\/\/www.generalkinematics.com\/de\/recycling-equipment\/zwei-massen-vibrationssieb-gk-vibration\/#breadcrumb","itemListElement":[{"@type":"ListItem","position":1,"name":"GK Home","item":"https:\/\/www.generalkinematics.com\/de\/"},{"@type":"ListItem","position":2,"name":"MATERIALR\u00dcCKGEWINNUNG","item":"https:\/\/www.generalkinematics.com\/de\/recycling-equipment\/"},{"@type":"ListItem","position":3,"name":"Zwei-Massen-Vibrationssieb | GK Vibration"}]},{"@type":"WebSite","@id":"https:\/\/www.generalkinematics.com\/de\/#website","url":"https:\/\/www.generalkinematics.com\/de\/","name":"General Kinematics","description":"","publisher":{"@id":"https:\/\/www.generalkinematics.com\/de\/#organization"},"potentialAction":[{"@type":"SearchAction","target":{"@type":"EntryPoint","urlTemplate":"https:\/\/www.generalkinematics.com\/de\/?s={search_term_string}"},"query-input":{"@type":"PropertyValueSpecification","valueRequired":true,"valueName":"search_term_string"}}],"inLanguage":"de-DE"},{"@type":"Organization","@id":"https:\/\/www.generalkinematics.com\/de\/#organization","name":"General Kinematics","url":"https:\/\/www.generalkinematics.com\/de\/","logo":{"@type":"ImageObject","inLanguage":"de-DE","@id":"https:\/\/www.generalkinematics.com\/de\/#\/schema\/logo\/image\/","url":"https:\/\/media.generalkinematics.com\/wp-content\/uploads\/2018\/03\/logo.png","contentUrl":"https:\/\/media.generalkinematics.com\/wp-content\/uploads\/2018\/03\/logo.png","width":313,"height":100,"caption":"General Kinematics"},"image":{"@id":"https:\/\/www.generalkinematics.com\/de\/#\/schema\/logo\/image\/"},"sameAs":["https:\/\/www.facebook.com\/generalkinematics","https:\/\/x.com\/gkvibrating"]}]}},"_links":{"self":[{"href":"https:\/\/www.generalkinematics.com\/de\/wp-json\/wp\/v2\/pages\/41988","targetHints":{"allow":["GET"]}}],"collection":[{"href":"https:\/\/www.generalkinematics.com\/de\/wp-json\/wp\/v2\/pages"}],"about":[{"href":"https:\/\/www.generalkinematics.com\/de\/wp-json\/wp\/v2\/types\/page"}],"author":[{"embeddable":true,"href":"https:\/\/www.generalkinematics.com\/de\/wp-json\/wp\/v2\/users\/5"}],"replies":[{"embeddable":true,"href":"https:\/\/www.generalkinematics.com\/de\/wp-json\/wp\/v2\/comments?post=41988"}],"version-history":[{"count":0,"href":"https:\/\/www.generalkinematics.com\/de\/wp-json\/wp\/v2\/pages\/41988\/revisions"}],"up":[{"embeddable":true,"href":"https:\/\/www.generalkinematics.com\/de\/wp-json\/wp\/v2\/pages\/41984"}],"wp:attachment":[{"href":"https:\/\/www.generalkinematics.com\/de\/wp-json\/wp\/v2\/media?parent=41988"}],"curies":[{"name":"wp","href":"https:\/\/api.w.org\/{rel}","templated":true}]}}