{"id":41989,"date":"2012-05-04T00:51:48","date_gmt":"2012-05-04T05:51:48","guid":{"rendered":"https:\/\/www.generalkinematics.com\/recycling-equipment\/sekundarsichtlosungen\/"},"modified":"2018-09-25T13:59:32","modified_gmt":"2018-09-25T18:59:32","slug":"sekundarsichtlosungen","status":"publish","type":"page","link":"https:\/\/www.generalkinematics.com\/de\/recycling-equipment\/sekundarsichtlosungen\/","title":{"rendered":"Sekund\u00e4rsichtl\u00f6sungen"},"content":{"rendered":"<h1>Sekund\u00e4rsichtl\u00f6sungen<\/h1>\n<p><img decoding=\"async\" title=\"Sekund\u00e4rsichtl\u00f6sungen\" alt=\"Sekund\u00e4rsichtl\u00f6sungen\" src=\"https:\/\/www.generalkinematics.com\/wp-content\/uploads\/images\/recyclingproducts\/header\/secondary_sorting.jpg\" width=\"375\" height=\"160\" \/><\/p>\n<p>&nbsp;<\/p>\n<h2>Produktbeschreibung:<\/h2>\n<p>General Kinematics Sekund\u00e4rsichtl\u00f6sungen zur R\u00fcckgewinnung von Schrott k\u00f6nnen die Sortiereffizienz und den Durchsatz erh\u00f6hen. GK ECS- und Magnet-Beschickungsanlagen bieten eine bessere Pr\u00e4sentation als Produkterkennungs-Equipment und erh\u00f6hen somit die Sortierleistung. Positionieren Sie den GK DE-STONER\u00ae Luftsichter vor dem Produkterkennungs-Equipment, damit er die Wertstoffe vor der Weiterverarbeitung zur pr\u00e4ziseren Materialtrennung konzentriert. F\u00fcr spezifische Anwendungsl\u00f6sungen <a href=\"https:\/\/www.generalkinematics.com\/de\/kontakt-general-kinematics\/\" target=\"_blank\">wenden Sie sich bitte an einen Experten von GK Recycling Technology (recycling technik)<\/a>.<\/p>\n<p>&nbsp;<\/p>\n<h2>Eigenschaften:<\/h2>\n<ul>\n<li>Konzentration von Wertstoffen.<\/li>\n<li>Bessere Pr\u00e4sentation von Wertstoffen f\u00fcr Produkterkennungs-Equipment.<\/li>\n<li>Reduzierte Instandhaltungs- und Energiekosten durch die Nutzung der Zwei-Massen-Vibrationstechnologie von GK (gk two mass).<\/li>\n<\/ul>\n","protected":false},"excerpt":{"rendered":"<p>Sekund\u00e4rsichtl\u00f6sungen &nbsp; Produktbeschreibung: General Kinematics Sekund\u00e4rsichtl\u00f6sungen zur R\u00fcckgewinnung von Schrott k\u00f6nnen die Sortiereffizienz und den Durchsatz erh\u00f6hen. GK ECS- und Magnet-Beschickungsanlagen bieten eine bessere Pr\u00e4sentation als Produkterkennungs-Equipment und erh\u00f6hen somit die Sortierleistung. Positionieren Sie den GK DE-STONER\u00ae Luftsichter vor dem Produkterkennungs-Equipment, damit er die Wertstoffe vor der Weiterverarbeitung zur pr\u00e4ziseren Materialtrennung konzentriert. F\u00fcr spezifische Anwendungsl\u00f6sungen [&hellip;]<\/p>\n","protected":false},"author":5,"featured_media":0,"parent":41984,"menu_order":0,"comment_status":"open","ping_status":"open","template":"","meta":{"_acf_changed":false,"om_disable_all_campaigns":false,"ep_exclude_from_search":false,"footnotes":""},"class_list":["post-41989","page","type-page","status-publish","hentry"],"acf":[],"yoast_head":"<!-- This site is optimized with the Yoast SEO plugin v27.2 - https:\/\/yoast.com\/product\/yoast-seo-wordpress\/ -->\n<title>Sekund\u00e4rsortierl\u00f6sungen f\u00fcr die Schrottsortierung | General Kinematics<\/title>\n<meta name=\"description\" content=\"Entdecken Sie Sekund\u00e4rsortierl\u00f6sungen f\u00fcr die Schrottsortierung von General Kinematics. Unsere Sortierl\u00f6sungen k\u00f6nnen Ihre Sortiereffizienz optimieren und den Maschinen-Durchsatz erh\u00f6hen.\" \/>\n<meta name=\"robots\" content=\"index, follow, max-snippet:-1, max-image-preview:large, max-video-preview:-1\" \/>\n<link rel=\"canonical\" href=\"https:\/\/www.generalkinematics.com\/de\/recycling-equipment\/sekundarsichtlosungen\/\" \/>\n<meta property=\"og:locale\" content=\"de_DE\" \/>\n<meta property=\"og:type\" content=\"article\" \/>\n<meta property=\"og:title\" content=\"Sekund\u00e4rsortierl\u00f6sungen f\u00fcr die Schrottsortierung | General Kinematics\" \/>\n<meta property=\"og:description\" content=\"Entdecken Sie Sekund\u00e4rsortierl\u00f6sungen f\u00fcr die Schrottsortierung von General Kinematics. Unsere Sortierl\u00f6sungen k\u00f6nnen Ihre Sortiereffizienz optimieren und den Maschinen-Durchsatz erh\u00f6hen.\" \/>\n<meta property=\"og:url\" content=\"https:\/\/www.generalkinematics.com\/de\/recycling-equipment\/sekundarsichtlosungen\/\" \/>\n<meta property=\"og:site_name\" content=\"General Kinematics\" \/>\n<meta property=\"article:publisher\" content=\"https:\/\/www.facebook.com\/generalkinematics\" \/>\n<meta property=\"article:modified_time\" content=\"2018-09-25T18:59:32+00:00\" \/>\n<meta property=\"og:image\" content=\"https:\/\/www.generalkinematics.com\/wp-content\/uploads\/images\/recyclingproducts\/header\/secondary_sorting.jpg\" \/>\n<meta name=\"twitter:card\" content=\"summary_large_image\" \/>\n<meta name=\"twitter:site\" content=\"@gkvibrating\" \/>\n<meta name=\"twitter:label1\" content=\"Gesch\u00e4tzte Lesezeit\" \/>\n\t<meta name=\"twitter:data1\" content=\"1 Minute\" \/>\n<!-- \/ Yoast SEO plugin. -->","yoast_head_json":{"title":"Sekund\u00e4rsortierl\u00f6sungen f\u00fcr die Schrottsortierung | General Kinematics","description":"Entdecken Sie Sekund\u00e4rsortierl\u00f6sungen f\u00fcr die Schrottsortierung von General Kinematics. Unsere Sortierl\u00f6sungen k\u00f6nnen Ihre Sortiereffizienz optimieren und den Maschinen-Durchsatz erh\u00f6hen.","robots":{"index":"index","follow":"follow","max-snippet":"max-snippet:-1","max-image-preview":"max-image-preview:large","max-video-preview":"max-video-preview:-1"},"canonical":"https:\/\/www.generalkinematics.com\/de\/recycling-equipment\/sekundarsichtlosungen\/","og_locale":"de_DE","og_type":"article","og_title":"Sekund\u00e4rsortierl\u00f6sungen f\u00fcr die Schrottsortierung | General Kinematics","og_description":"Entdecken Sie Sekund\u00e4rsortierl\u00f6sungen f\u00fcr die Schrottsortierung von General Kinematics. Unsere Sortierl\u00f6sungen k\u00f6nnen Ihre Sortiereffizienz optimieren und den Maschinen-Durchsatz erh\u00f6hen.","og_url":"https:\/\/www.generalkinematics.com\/de\/recycling-equipment\/sekundarsichtlosungen\/","og_site_name":"General Kinematics","article_publisher":"https:\/\/www.facebook.com\/generalkinematics","article_modified_time":"2018-09-25T18:59:32+00:00","og_image":[{"url":"https:\/\/www.generalkinematics.com\/wp-content\/uploads\/images\/recyclingproducts\/header\/secondary_sorting.jpg","type":"","width":"","height":""}],"twitter_card":"summary_large_image","twitter_site":"@gkvibrating","twitter_misc":{"Gesch\u00e4tzte Lesezeit":"1 Minute"},"schema":{"@context":"https:\/\/schema.org","@graph":[{"@type":"WebPage","@id":"https:\/\/www.generalkinematics.com\/de\/recycling-equipment\/sekundarsichtlosungen\/","url":"https:\/\/www.generalkinematics.com\/de\/recycling-equipment\/sekundarsichtlosungen\/","name":"Sekund\u00e4rsortierl\u00f6sungen f\u00fcr die Schrottsortierung | General Kinematics","isPartOf":{"@id":"https:\/\/www.generalkinematics.com\/de\/#website"},"primaryImageOfPage":{"@id":"https:\/\/www.generalkinematics.com\/de\/recycling-equipment\/sekundarsichtlosungen\/#primaryimage"},"image":{"@id":"https:\/\/www.generalkinematics.com\/de\/recycling-equipment\/sekundarsichtlosungen\/#primaryimage"},"thumbnailUrl":"https:\/\/www.generalkinematics.com\/wp-content\/uploads\/images\/recyclingproducts\/header\/secondary_sorting.jpg","datePublished":"2012-05-04T05:51:48+00:00","dateModified":"2018-09-25T18:59:32+00:00","description":"Entdecken Sie Sekund\u00e4rsortierl\u00f6sungen f\u00fcr die Schrottsortierung von General Kinematics. Unsere Sortierl\u00f6sungen k\u00f6nnen Ihre Sortiereffizienz optimieren und den Maschinen-Durchsatz erh\u00f6hen.","breadcrumb":{"@id":"https:\/\/www.generalkinematics.com\/de\/recycling-equipment\/sekundarsichtlosungen\/#breadcrumb"},"inLanguage":"de-DE","potentialAction":[{"@type":"ReadAction","target":["https:\/\/www.generalkinematics.com\/de\/recycling-equipment\/sekundarsichtlosungen\/"]}]},{"@type":"ImageObject","inLanguage":"de-DE","@id":"https:\/\/www.generalkinematics.com\/de\/recycling-equipment\/sekundarsichtlosungen\/#primaryimage","url":"https:\/\/www.generalkinematics.com\/wp-content\/uploads\/images\/recyclingproducts\/header\/secondary_sorting.jpg","contentUrl":"https:\/\/www.generalkinematics.com\/wp-content\/uploads\/images\/recyclingproducts\/header\/secondary_sorting.jpg"},{"@type":"BreadcrumbList","@id":"https:\/\/www.generalkinematics.com\/de\/recycling-equipment\/sekundarsichtlosungen\/#breadcrumb","itemListElement":[{"@type":"ListItem","position":1,"name":"GK Home","item":"https:\/\/www.generalkinematics.com\/de\/"},{"@type":"ListItem","position":2,"name":"MATERIALR\u00dcCKGEWINNUNG","item":"https:\/\/www.generalkinematics.com\/de\/recycling-equipment\/"},{"@type":"ListItem","position":3,"name":"Sekund\u00e4rsichtl\u00f6sungen"}]},{"@type":"WebSite","@id":"https:\/\/www.generalkinematics.com\/de\/#website","url":"https:\/\/www.generalkinematics.com\/de\/","name":"General Kinematics","description":"","publisher":{"@id":"https:\/\/www.generalkinematics.com\/de\/#organization"},"potentialAction":[{"@type":"SearchAction","target":{"@type":"EntryPoint","urlTemplate":"https:\/\/www.generalkinematics.com\/de\/?s={search_term_string}"},"query-input":{"@type":"PropertyValueSpecification","valueRequired":true,"valueName":"search_term_string"}}],"inLanguage":"de-DE"},{"@type":"Organization","@id":"https:\/\/www.generalkinematics.com\/de\/#organization","name":"General Kinematics","url":"https:\/\/www.generalkinematics.com\/de\/","logo":{"@type":"ImageObject","inLanguage":"de-DE","@id":"https:\/\/www.generalkinematics.com\/de\/#\/schema\/logo\/image\/","url":"https:\/\/media.generalkinematics.com\/wp-content\/uploads\/2018\/03\/logo.png","contentUrl":"https:\/\/media.generalkinematics.com\/wp-content\/uploads\/2018\/03\/logo.png","width":313,"height":100,"caption":"General Kinematics"},"image":{"@id":"https:\/\/www.generalkinematics.com\/de\/#\/schema\/logo\/image\/"},"sameAs":["https:\/\/www.facebook.com\/generalkinematics","https:\/\/x.com\/gkvibrating"]}]}},"_links":{"self":[{"href":"https:\/\/www.generalkinematics.com\/de\/wp-json\/wp\/v2\/pages\/41989","targetHints":{"allow":["GET"]}}],"collection":[{"href":"https:\/\/www.generalkinematics.com\/de\/wp-json\/wp\/v2\/pages"}],"about":[{"href":"https:\/\/www.generalkinematics.com\/de\/wp-json\/wp\/v2\/types\/page"}],"author":[{"embeddable":true,"href":"https:\/\/www.generalkinematics.com\/de\/wp-json\/wp\/v2\/users\/5"}],"replies":[{"embeddable":true,"href":"https:\/\/www.generalkinematics.com\/de\/wp-json\/wp\/v2\/comments?post=41989"}],"version-history":[{"count":0,"href":"https:\/\/www.generalkinematics.com\/de\/wp-json\/wp\/v2\/pages\/41989\/revisions"}],"up":[{"embeddable":true,"href":"https:\/\/www.generalkinematics.com\/de\/wp-json\/wp\/v2\/pages\/41984"}],"wp:attachment":[{"href":"https:\/\/www.generalkinematics.com\/de\/wp-json\/wp\/v2\/media?parent=41989"}],"curies":[{"name":"wp","href":"https:\/\/api.w.org\/{rel}","templated":true}]}}