{"id":41991,"date":"2016-05-25T14:22:36","date_gmt":"2016-05-25T19:22:36","guid":{"rendered":"https:\/\/www.generalkinematics.com\/gk-service\/"},"modified":"2020-02-18T10:06:06","modified_gmt":"2020-02-18T16:06:06","slug":"gk-service","status":"publish","type":"page","link":"https:\/\/www.generalkinematics.com\/de\/gk-service\/","title":{"rendered":"GK Service"},"content":{"rendered":"<div class=\"wpb-content-wrapper\"><p>[vc_row][vc_column][vc_column_text]Unser Ziel ist es, unseren Kunden einen \u00fcberragenden Service zu bieten, der die Erwartungen \u00fcbertrifft. GK Field Service bietet umfassende Unterst\u00fctzung mit erfahrenen Servicemitarbeitern, praxiserprobten Implementierungsmethoden und einem professionellen Helpdesk. GK-Servicetechniker verf\u00fcgen \u00fcber jahrelange Erfahrung in allen weltweit installierten Produkten von General Kinematics Vibration und sind bestens darauf vorbereitet, Ihnen schnell und effizient zu helfen. Schlie\u00dflich wei\u00df niemand mehr \u00fcber eine Maschine als die Menschen, die sie gebaut haben. Die M\u00f6glichkeiten von General Kinematics Field Service reichen von einfach bis scheinbar unm\u00f6glich.<\/p>\n<p>Einige unserer Dienstleistungen werden mit einem einfachen Anruf angeboten:<\/p>\n<ul>\n<li><strong>Installations- und Starthilfe<\/strong><\/li>\n<li><strong>Inspektion von bereits installierten neuen Ger\u00e4ten<\/strong><\/li>\n<li><strong>Fehlersuche bei GK-Vibrationsger\u00e4ten oder Ausr\u00fcstung des Wettbewerbers<\/strong><\/li>\n<li><strong>Vor-Ort-Vibrationsanalyse<\/strong><\/li>\n<li><strong>Inbetriebnahme von neuen Ger\u00e4ten oder Systemen von Maschinen<\/strong><\/li>\n<li><strong>Prozessoptimierung<\/strong><\/li>\n<li><strong>Geringf\u00fcgige bis gro\u00dfe Wiederaufbauhilfe<\/strong><\/li>\n<\/ul>\n<p><a href=\"https:\/\/www.generalkinematics.com\/de\/24-7-365-gk-parts-und-service-ist-fur-sie-da\/\"><strong>Wenn Sie Unterst\u00fctzung vor Ort ben\u00f6tigen &#8211; \u00fcberall auf der Welt &#8211; rufen Sie uns einfach an.<\/strong><\/a>[\/vc_column_text][\/vc_column][\/vc_row][vc_row full_width=&#8220;stretch_row&#8220; el_class=&#8220;category_page&#8220; css=&#8220;.vc_custom_1522365042558{background-image: url(https:\/\/www.generalkinematics.com\/wp-content\/uploads\/2018\/03\/industry-landing-lines.png?id=34782) !important;background-position: 0 0 !important;background-repeat: no-repeat !important;}&#8220;][vc_column][vc_single_image image=&#8220;35864&#8243; img_size=&#8220;medium&#8220; alignment=&#8220;center&#8220;][vc_column_text]<\/p>\n<p style=\"text-align: center;\"><em>Auf der ganzen Welt rund um die Uhr verf\u00fcgbar.<\/em><\/p>\n<p>[\/vc_column_text][\/vc_column][\/vc_row][vc_row el_class=&#8220;container category_page cat_image&#8220;][vc_column width=&#8220;1\/4&#8243;][vc_single_image image=&#8220;35246&#8243; img_size=&#8220;medium&#8220; alignment=&#8220;center&#8220; onclick=&#8220;custom_link&#8220; title=&#8220;Instandhaltungsschulung und Inspektionen&#8220; link=&#8220;\/de\/produkt-kategorie\/gks-premium-ausendienst\/vibrationsschulung\/&#8220;][\/vc_column][vc_column width=&#8220;1\/4&#8243;][vc_single_image image=&#8220;41931&#8243; img_size=&#8220;medium&#8220; alignment=&#8220;center&#8220; onclick=&#8220;custom_link&#8220; title=&#8220;Kontaktinformationen&#8220; link=&#8220;https:\/\/www.generalkinematics.com\/de\/24-7-365-gk-parts-und-service-ist-fur-sie-da\/&#8220;][\/vc_column][vc_column width=&#8220;1\/4&#8243;][vc_single_image image=&#8220;28927&#8243; img_size=&#8220;medium&#8220; alignment=&#8220;center&#8220; onclick=&#8220;custom_link&#8220; title=&#8220;Kostenlose Seminare&#8220; link=&#8220;\/de\/produkt-kategorie\/gks-premium-ausendienst\/kostenlose-seminare\/&#8220;][\/vc_column][vc_column width=&#8220;1\/4&#8243;][vc_single_image image=&#8220;35184&#8243; img_size=&#8220;medium&#8220; alignment=&#8220;center&#8220; onclick=&#8220;custom_link&#8220; title=&#8220;Ressourcenzentrum&#8220; link=&#8220;https:\/\/www.generalkinematics.com\/de\/gk-technisches-zentrum\/&#8220;][\/vc_column][\/vc_row][vc_row][vc_column][vc_column_text]General Kinematics liefert Vibrationsprozess-Equipment (vibrationsausstattung, vibrationsausr\u00fcstung) f\u00fcr viele verschiedene Branchen. Jedes Teil ist speziell auf bestimmte Anwendungen oder Prozesse zugeschnitten. Es ist unwahrscheinlich, dass zwei Ger\u00e4te vollst\u00e4ndig identisch sind. Obwohl sie \u00e4hnlich sein k\u00f6nnen, verwenden sie oft unterschiedliche Komponenten, k\u00f6nnen verschiedene Operationen oder Prozesse ausf\u00fchren und k\u00f6nnen unterschiedliche Betriebseigenschaften aufweisen. Diese ureigenen Unterschiede stellen eine gr\u00f6\u00dfere Herausforderung f\u00fcr das Wartungspersonal oder das technische Personal dar, um das Equipment richtig zu verstehen und zu warten, weshalb General Kinematics stolz darauf ist, unseren Kunden folgende Dienstleistungen (gk dienstleistungen) anbieten zu k\u00f6nnen:<\/p>\n<ul>\n<li style=\"text-align: left;\"><a href=\"https:\/\/www.generalkinematics.com\/de\/produkt\/projektmanagement-montage-vor-ort-reparaturberatung\/\">Projektmanagement \/ Montage vor Ort \/ Reparaturberatung<\/a><\/li>\n<li style=\"text-align: left;\"><a href=\"https:\/\/www.generalkinematics.com\/de\/produkt\/vorbeugende-instandhaltungsinspektionen\/\">Vorbeugende Instandhaltungsinspektionen<\/a><\/li>\n<li style=\"text-align: left;\"><a href=\"https:\/\/www.generalkinematics.com\/de\/produkt\/inspektionsprogrammvertrag\/\">Inspektionsprogrammvertrag<\/a><\/li>\n<li style=\"text-align: left;\"><a href=\"https:\/\/www.generalkinematics.com\/de\/produkt\/equipment-instandhaltungsseminare\/\">Schulung vorbeugende Instandhaltung und Fehlerbehebung<\/a><\/li>\n<li style=\"text-align: left;\"><a href=\"https:\/\/www.generalkinematics.com\/de\/produkt\/vibrationsanalyse\/\">Vibrationsanalyse<\/a><\/li>\n<li style=\"text-align: left;\"><a href=\"https:\/\/www.generalkinematics.com\/de\/produkt\/nicht-gk-vibrationsinspektion-und-equipment-reparatur\/\">Nicht-GK-Vibrationsinspektion und Equipment-Reparatur<\/a><\/li>\n<li style=\"text-align: left;\">Also, erfahren Sie <a href=\"https:\/\/www.generalkinematics.com\/de\/gk-parts\/\">hier<\/a> mehr \u00fcber die von uns installierte Qualit\u00e4t.<\/li>\n<\/ul>\n<p>[\/vc_column_text][\/vc_column][\/vc_row]<\/p>\n<\/div>","protected":false},"excerpt":{"rendered":"<p>Unser Ziel ist es, unseren Kunden einen \u00fcberragenden Service zu bieten, der die Erwartungen \u00fcbertrifft. GK Field Service bietet umfassende Unterst\u00fctzung mit erfahrenen Servicemitarbeitern, praxiserprobten Implementierungsmethoden und einem professionellen Helpdesk. GK-Servicetechniker verf\u00fcgen \u00fcber jahrelange Erfahrung in allen weltweit installierten Produkten von General Kinematics Vibration und sind bestens darauf vorbereitet, Ihnen schnell und effizient zu helfen. Schlie\u00dflich wei\u00df niemand mehr \u00fcber eine Maschine als die Menschen, die sie gebaut haben. Die M\u00f6glichkeiten von General Kinematics Field Service reichen von einfach bis scheinbar unm\u00f6glich.<\/p>\n","protected":false},"author":5,"featured_media":0,"parent":0,"menu_order":0,"comment_status":"closed","ping_status":"closed","template":"page-templates\/page-full-width.php","meta":{"_acf_changed":false,"om_disable_all_campaigns":false,"ep_exclude_from_search":false,"footnotes":""},"class_list":["post-41991","page","type-page","status-publish","hentry"],"acf":[],"yoast_head":"<!-- This site is optimized with the Yoast SEO plugin v27.2 - https:\/\/yoast.com\/product\/yoast-seo-wordpress\/ -->\n<title>GK Service - Equipment Service (gk service) | General Kinematics<\/title>\n<meta name=\"description\" content=\"Das GK-Serviceteam (gk service) bietet umfassenden Support mit erfahrenen Servicemitarbeitern, einer praxiserprobten Implementierungsmethodik und einem professionellen Helpdesk. Erfahren Sie mehr!\" \/>\n<meta name=\"robots\" content=\"index, follow, max-snippet:-1, max-image-preview:large, max-video-preview:-1\" \/>\n<link rel=\"canonical\" href=\"https:\/\/www.generalkinematics.com\/de\/gk-service\/\" \/>\n<meta property=\"og:locale\" content=\"de_DE\" \/>\n<meta property=\"og:type\" content=\"article\" \/>\n<meta property=\"og:title\" content=\"GK Service - Equipment Service (gk service) | General Kinematics\" \/>\n<meta property=\"og:description\" content=\"Das GK-Serviceteam (gk service) bietet umfassenden Support mit erfahrenen Servicemitarbeitern, einer praxiserprobten Implementierungsmethodik und einem professionellen Helpdesk. Erfahren Sie mehr!\" \/>\n<meta property=\"og:url\" content=\"https:\/\/www.generalkinematics.com\/de\/gk-service\/\" \/>\n<meta property=\"og:site_name\" content=\"General Kinematics\" \/>\n<meta property=\"article:publisher\" content=\"https:\/\/www.facebook.com\/generalkinematics\" \/>\n<meta property=\"article:modified_time\" content=\"2020-02-18T16:06:06+00:00\" \/>\n<meta property=\"og:image\" content=\"https:\/\/media.generalkinematics.com\/wp-content\/uploads\/2017\/07\/GK-Icon.png\" \/>\n\t<meta property=\"og:image:width\" content=\"3000\" \/>\n\t<meta property=\"og:image:height\" content=\"3000\" \/>\n\t<meta property=\"og:image:type\" content=\"image\/jpeg\" \/>\n<meta name=\"twitter:card\" content=\"summary_large_image\" \/>\n<meta name=\"twitter:site\" content=\"@gkvibrating\" \/>\n<meta name=\"twitter:label1\" content=\"Gesch\u00e4tzte Lesezeit\" \/>\n\t<meta name=\"twitter:data1\" content=\"2 Minuten\" \/>\n<!-- \/ Yoast SEO plugin. -->","yoast_head_json":{"title":"GK Service - Equipment Service (gk service) | General Kinematics","description":"Das GK-Serviceteam (gk service) bietet umfassenden Support mit erfahrenen Servicemitarbeitern, einer praxiserprobten Implementierungsmethodik und einem professionellen Helpdesk. Erfahren Sie mehr!","robots":{"index":"index","follow":"follow","max-snippet":"max-snippet:-1","max-image-preview":"max-image-preview:large","max-video-preview":"max-video-preview:-1"},"canonical":"https:\/\/www.generalkinematics.com\/de\/gk-service\/","og_locale":"de_DE","og_type":"article","og_title":"GK Service - Equipment Service (gk service) | General Kinematics","og_description":"Das GK-Serviceteam (gk service) bietet umfassenden Support mit erfahrenen Servicemitarbeitern, einer praxiserprobten Implementierungsmethodik und einem professionellen Helpdesk. Erfahren Sie mehr!","og_url":"https:\/\/www.generalkinematics.com\/de\/gk-service\/","og_site_name":"General Kinematics","article_publisher":"https:\/\/www.facebook.com\/generalkinematics","article_modified_time":"2020-02-18T16:06:06+00:00","og_image":[{"width":3000,"height":3000,"url":"https:\/\/media.generalkinematics.com\/wp-content\/uploads\/2017\/07\/GK-Icon.png","type":"image\/jpeg"}],"twitter_card":"summary_large_image","twitter_site":"@gkvibrating","twitter_misc":{"Gesch\u00e4tzte Lesezeit":"2 Minuten"},"schema":{"@context":"https:\/\/schema.org","@graph":[{"@type":"WebPage","@id":"https:\/\/www.generalkinematics.com\/de\/gk-service\/","url":"https:\/\/www.generalkinematics.com\/de\/gk-service\/","name":"GK Service - Equipment Service (gk service) | General Kinematics","isPartOf":{"@id":"https:\/\/www.generalkinematics.com\/de\/#website"},"datePublished":"2016-05-25T19:22:36+00:00","dateModified":"2020-02-18T16:06:06+00:00","description":"Das GK-Serviceteam (gk service) bietet umfassenden Support mit erfahrenen Servicemitarbeitern, einer praxiserprobten Implementierungsmethodik und einem professionellen Helpdesk. Erfahren Sie mehr!","breadcrumb":{"@id":"https:\/\/www.generalkinematics.com\/de\/gk-service\/#breadcrumb"},"inLanguage":"de-DE","potentialAction":[{"@type":"ReadAction","target":["https:\/\/www.generalkinematics.com\/de\/gk-service\/"]}]},{"@type":"BreadcrumbList","@id":"https:\/\/www.generalkinematics.com\/de\/gk-service\/#breadcrumb","itemListElement":[{"@type":"ListItem","position":1,"name":"GK Home","item":"https:\/\/www.generalkinematics.com\/de\/"},{"@type":"ListItem","position":2,"name":"GK Service"}]},{"@type":"WebSite","@id":"https:\/\/www.generalkinematics.com\/de\/#website","url":"https:\/\/www.generalkinematics.com\/de\/","name":"General Kinematics","description":"","publisher":{"@id":"https:\/\/www.generalkinematics.com\/de\/#organization"},"potentialAction":[{"@type":"SearchAction","target":{"@type":"EntryPoint","urlTemplate":"https:\/\/www.generalkinematics.com\/de\/?s={search_term_string}"},"query-input":{"@type":"PropertyValueSpecification","valueRequired":true,"valueName":"search_term_string"}}],"inLanguage":"de-DE"},{"@type":"Organization","@id":"https:\/\/www.generalkinematics.com\/de\/#organization","name":"General Kinematics","url":"https:\/\/www.generalkinematics.com\/de\/","logo":{"@type":"ImageObject","inLanguage":"de-DE","@id":"https:\/\/www.generalkinematics.com\/de\/#\/schema\/logo\/image\/","url":"https:\/\/media.generalkinematics.com\/wp-content\/uploads\/2018\/03\/logo.png","contentUrl":"https:\/\/media.generalkinematics.com\/wp-content\/uploads\/2018\/03\/logo.png","width":313,"height":100,"caption":"General Kinematics"},"image":{"@id":"https:\/\/www.generalkinematics.com\/de\/#\/schema\/logo\/image\/"},"sameAs":["https:\/\/www.facebook.com\/generalkinematics","https:\/\/x.com\/gkvibrating"]}]}},"_links":{"self":[{"href":"https:\/\/www.generalkinematics.com\/de\/wp-json\/wp\/v2\/pages\/41991","targetHints":{"allow":["GET"]}}],"collection":[{"href":"https:\/\/www.generalkinematics.com\/de\/wp-json\/wp\/v2\/pages"}],"about":[{"href":"https:\/\/www.generalkinematics.com\/de\/wp-json\/wp\/v2\/types\/page"}],"author":[{"embeddable":true,"href":"https:\/\/www.generalkinematics.com\/de\/wp-json\/wp\/v2\/users\/5"}],"replies":[{"embeddable":true,"href":"https:\/\/www.generalkinematics.com\/de\/wp-json\/wp\/v2\/comments?post=41991"}],"version-history":[{"count":0,"href":"https:\/\/www.generalkinematics.com\/de\/wp-json\/wp\/v2\/pages\/41991\/revisions"}],"wp:attachment":[{"href":"https:\/\/www.generalkinematics.com\/de\/wp-json\/wp\/v2\/media?parent=41991"}],"curies":[{"name":"wp","href":"https:\/\/api.w.org\/{rel}","templated":true}]}}