{"id":41992,"date":"2016-06-20T12:51:02","date_gmt":"2016-06-20T17:51:02","guid":{"rendered":"https:\/\/www.generalkinematics.com\/produkte\/"},"modified":"2020-04-03T13:58:45","modified_gmt":"2020-04-03T18:58:45","slug":"produkte","status":"publish","type":"page","link":"https:\/\/www.generalkinematics.com\/de\/produkte\/","title":{"rendered":"Produkte"},"content":{"rendered":"<div class=\"wpb-content-wrapper\"><p>[vc_row][vc_column][vc_column_text]<\/p>\n<h2>General Kinematics Produkte und Equipment-L\u00f6sungen<\/h2>\n<p><strong><em>F\u00fcr Ihre kritischen Produktionsprozesse entwickelte L\u00f6sungen<\/em><\/strong><\/p>\n<p>GK bietet ma\u00dfgeschneiderte Vibrationsl\u00f6sungen und Dreheinheiten, Systeme und L\u00f6sungen f\u00fcr Ihre wichtigsten Prozessanforderungen an. Jede GK-L\u00f6sung wurde unter Ber\u00fccksichtigung Ihrer Endprozessziele entwickelt und ber\u00fccksichtigt Energieeffizienz, Wartbarkeit, Zuverl\u00e4ssigkeit und die allgemeine Systemleistung.<\/p>\n<p>Die konservative Designphilosophie von General Kinematics in Kombination mit unserer Zwei-Massen-Antriebstechnologie f\u00fchrt zu Vibrationsequipment-L\u00f6sungen (vibrationsausstattung, vibrationsausr\u00fcstung), die der Konkurrenz weit \u00fcberlegen sind. Jede Maschine wird vor dem Verlassen der GK-Produktionshalle einer vollst\u00e4ndigen Qualit\u00e4tskontrolle gem\u00e4\u00df <a href=\"https:\/\/www.generalkinematics.com\/de\/qualitatssystem\/\">ISO 9001:2015<\/a> unterzogen, um sicherzustellen, dass Ihre Maschine vom ersten Tag an funktioniert.<\/p>\n<h3>Um die Vibrations-, Dreh- oder Systeml\u00f6sung von GK zu finden, die Ihre Prozessanforderungen am besten erf\u00fcllt, w\u00e4hlen Sie in einem der folgenden Branchenportale aus:<\/h3>\n<p>[\/vc_column_text][\/vc_column][\/vc_row][vc_row][vc_column width=&#8220;1\/2&#8243;][vc_single_image image=&#8220;44163&#8243; img_size=&#8220;large&#8220; onclick=&#8220;custom_link&#8220; link=&#8220;https:\/\/www.generalkinematics.com\/de\/gieserei-ausrustung\/&#8220;][vc_column_text]<\/p>\n<h2><a href=\"https:\/\/www.generalkinematics.com\/de\/gieserei-ausrustung\/\">Gie\u00dferei &amp; Metallguss<\/a><\/h2>\n<p>[\/vc_column_text][\/vc_column][vc_column width=&#8220;1\/2&#8243;][vc_single_image image=&#8220;44158&#8243; img_size=&#8220;large&#8220; onclick=&#8220;custom_link&#8220; link=&#8220;https:\/\/www.generalkinematics.com\/de\/recycling-equipment\/&#8220;][vc_column_text]<\/p>\n<h2><a href=\"https:\/\/www.generalkinematics.com\/de\/recycling-equipment\/\">Rohrstoffaufbereitung<\/a><\/h2>\n<p>[\/vc_column_text][\/vc_column][\/vc_row][vc_row][vc_column width=&#8220;1\/2&#8243;][vc_single_image image=&#8220;44168&#8243; img_size=&#8220;large&#8220; onclick=&#8220;custom_link&#8220; link=&#8220;https:\/\/www.generalkinematics.com\/de\/bergbau-equipment\/&#8220;][vc_column_text]<\/p>\n<h2><a href=\"https:\/\/www.generalkinematics.com\/de\/bergbau-equipment\/\">Bergbau &amp; Steine und Erden<\/a><\/h2>\n<p>[\/vc_column_text][\/vc_column][vc_column width=&#8220;1\/2&#8243;][vc_single_image image=&#8220;44173&#8243; img_size=&#8220;large&#8220; onclick=&#8220;custom_link&#8220; link=&#8220;https:\/\/www.generalkinematics.com\/de\/verarbeitungs-equipment\/&#8220;][vc_column_text]<\/p>\n<h2><a href=\"https:\/\/www.generalkinematics.com\/de\/verarbeitungs-equipment\/\">Sch\u00fcttgutverarbeitung<\/a><\/h2>\n<p>[\/vc_column_text][\/vc_column][\/vc_row][vc_row][vc_column][vc_single_image image=&#8220;44178&#8243; img_size=&#8220;large&#8220; alignment=&#8220;center&#8220; onclick=&#8220;custom_link&#8220; link=&#8220;https:\/\/www.generalkinematics.com\/de\/gk-parts\/&#8220;][vc_column_text]<\/p>\n<h2 style=\"text-align: center;\"><a href=\"https:\/\/www.generalkinematics.com\/de\/gk-parts\/\">Industrielle Maschinenteile<\/a><\/h2>\n<p>[\/vc_column_text][vc_empty_space height=&#8220;62px&#8220;][\/vc_column][\/vc_row][vc_row][vc_column width=&#8220;1\/2&#8243;][vc_column_text]<\/p>\n<h2><a href=\"https:\/\/www.generalkinematics.com\/de\/gieserei-ausrustung\/\">Gie\u00dferei \/ Metallguss<\/a><\/h2>\n<p>GK ist bekannt f\u00fcr Heavy Duty-Equipment, einschlie\u00dflich Beschickungsanlagen und F\u00f6rderern f\u00fcr die Handhabung von Schrott, Ausschlagroste (ausschlagrost) f\u00fcr die Handhabung jeglicher Art von Gussteilen, sowie f\u00fcr die Gussteilk\u00fchlung, die alle entwickelt wurden, um mehr Arbeit auf weniger Raum zu vollrichten..[\/vc_column_text][\/vc_column][vc_column width=&#8220;1\/2&#8243;][vc_column_text]<\/p>\n<h2><a href=\"https:\/\/www.generalkinematics.com\/de\/produkt-kategorie\/bergbau-und-mineralienloesungen\/materialaktivierung\/\">Kohle\/Energiegewinnung<\/a><\/h2>\n<p>Das Beschicken und Aktivieren von Kohle ist eine Hauptfunktion der Kohleverarbeitung. GKs Ger\u00e4te aktivieren und regeln den Materialfluss und k\u00f6nnen problemlos in Ihre Prozesslinie integriert werden.[\/vc_column_text][\/vc_column][\/vc_row][vc_row][vc_column width=&#8220;1\/2&#8243;][vc_column_text]<\/p>\n<h2><a href=\"https:\/\/www.generalkinematics.com\/de\/bergbau-equipment\/\">Bergbau-\/Mineralien-Aggregat<\/a><\/h2>\n<p>GK-F\u00f6rderer, Siebe und Beschickungsanlagen sind ideal f\u00fcr die Bew\u00e4ltigung schwieriger Prozessanforderungen. Unsere Vibrationsschleif- und Reibungsm\u00fchlen haben eine h\u00f6here Effizienz und k\u00f6nnen mehr Material verarbeiten.[\/vc_column_text][\/vc_column][vc_column width=&#8220;1\/2&#8243;][vc_column_text]<\/p>\n<h2><a href=\"https:\/\/www.generalkinematics.com\/de\/verarbeitungs-equipment\/\">Schuttgutverarbeitung \/Lebensmittel \/ Pharmatische Industrie (massenverarbeitung)<\/a><\/h2>\n<p>GK Vibrations-Wirbelschichttrockner und -k\u00fchler werden in Sch\u00fcttgut- und Lebensmittelverarbeitungseinrichtungen eingesetzt. (massenverarbeitung) Die Edelstahlf\u00f6rderer und anderes Equipment k\u00f6nnen in sterilen Umgebungen eingesetzt werden und arbeiten \u00fcber Jahre zuverl\u00e4ssig.[\/vc_column_text][\/vc_column][\/vc_row][vc_row][vc_column width=&#8220;1\/2&#8243;][vc_column_text]<\/p>\n<h2><a href=\"https:\/\/www.generalkinematics.com\/de\/recycling-equipment\/\">Bauindustrie \/ Handel \/ Hausm\u00fcll<\/a><\/h2>\n<p>GKs Recyclingger\u00e4te sind weltweit als das \u201eHerz\u201c von Sortiersystemen bekannt. Siebe, Luftabscheider und vieles mehr k\u00f6nnen w\u00e4hrend des gesamten Bau- und Abbruchprozesses oder f\u00fcr Recycling verwendet werden.[\/vc_column_text][\/vc_column][vc_column width=&#8220;1\/2&#8243;][vc_column_text]<\/p>\n<h2><a href=\"https:\/\/www.generalkinematics.com\/de\/produkt-kategorie\/recycling-loesungen\/ausruestung-forstwirtschaft-holz-und-biomasse\/\">Holz \/ Forstverarbeitung<\/a><\/h2>\n<p>Leichte bis mittelschwere GK-Vibrationsf\u00f6rderer (vibrationsrinne), Siebe und Beschickungsanlagen werden weltweit in Papier- und Zellstoffanlagen eingesetzt. Zus\u00e4tzlich werden GK-Finger-Siebe verwendet, um Holzrohstoffe effizient zu sortieren.[\/vc_column_text][\/vc_column][\/vc_row][vc_row][vc_column width=&#8220;1\/2&#8243;][vc_column_text]<\/p>\n<h2><a href=\"https:\/\/www.generalkinematics.com\/de\/produkt-kategorie\/recycling-loesungen\/loesungen-fuer-die-schrottverarbeitung\/\">Schrott- \/ Metall-Recycling<\/a><\/h2>\n<p>GK Schrott-Recycling-Equipment ist in der Lage, unglaubliche St\u00f6\u00dfe und Anforderungen zu bew\u00e4ltigen, und dennoch jahrelang zuverl\u00e4ssig und kontinuierlich weiter zu arbeiten. Erfahren Sie mehr \u00fcber unsere Beschickungsanlagen, UMOs und Sortiersysteme f\u00fcr Schredderabfall von Fahrzeugen (ASR) und andere Rohstoffe.[\/vc_column_text][\/vc_column][vc_column width=&#8220;1\/2&#8243;][vc_column_text]<\/p>\n<h2><a href=\"https:\/\/www.generalkinematics.com\/de\/gk-parts\/\">GK-Parts \/ Service<\/a><\/h2>\n<p>Egal, welche Marke von Vibrations-Equipment (vibrationsausstattung\/vibrationsausr\u00fcstung) Sie einsetzen, General Kinematics (general kinematics service) kann Ihnen helfen, es am Laufen zu halten. GKParts h\u00e4lt einen umfangreichen Bestand an Ersatzfedern, Stabilisatoren, Motoren und anderen Vibrations-Equipment-Teilen (vibrationsausstattung\/vibrationsausr\u00fcstung) und Zubeh\u00f6rteilen f\u00fcr den Versand am selben Tag auf Lager.[\/vc_column_text][\/vc_column][\/vc_row]<\/p>\n<\/div>","protected":false},"excerpt":{"rendered":"<p>F\u00fcr Ihre kritischen Produktionsprozesse entwickelte L\u00f6sungen. GK bietet ma\u00dfgeschneiderte Vibrationsl\u00f6sungen und Dreheinheiten, Systeme und L\u00f6sungen f\u00fcr Ihre wichtigsten Prozessanforderungen an. Jede GK-L\u00f6sung wurde unter Ber\u00fccksichtigung Ihrer Endprozessziele entwickelt und ber\u00fccksichtigt Energieeffizienz, Wartbarkeit, Zuverl\u00e4ssigkeit und die allgemeine Systemleistung.<\/p>\n","protected":false},"author":5,"featured_media":0,"parent":0,"menu_order":0,"comment_status":"closed","ping_status":"closed","template":"page-templates\/page-full-width.php","meta":{"_acf_changed":false,"om_disable_all_campaigns":false,"ep_exclude_from_search":false,"footnotes":""},"class_list":["post-41992","page","type-page","status-publish","hentry"],"acf":[],"yoast_head":"<!-- This site is optimized with the Yoast SEO plugin v27.2 - https:\/\/yoast.com\/product\/yoast-seo-wordpress\/ -->\n<title>Industrieausr\u00fcstung f\u00fcr die Vibrationstechnik | General Kinematics<\/title>\n<meta name=\"description\" content=\"Entscheiden Sie sich f\u00fcr eine ma\u00dfgeschneiderte Industrieausr\u00fcstung und Vibrationstechnik-Ausstattung. GK bietet Systeme und Vibrationsl\u00f6sungen f\u00fcr Ihre wichtigsten Prozessanforderungen.\" \/>\n<meta name=\"robots\" content=\"index, follow, max-snippet:-1, max-image-preview:large, max-video-preview:-1\" \/>\n<link rel=\"canonical\" href=\"https:\/\/www.generalkinematics.com\/de\/produkte\/\" \/>\n<meta property=\"og:locale\" content=\"de_DE\" \/>\n<meta property=\"og:type\" content=\"article\" \/>\n<meta property=\"og:title\" content=\"Industrieausr\u00fcstung f\u00fcr die Vibrationstechnik | General Kinematics\" \/>\n<meta property=\"og:description\" content=\"Entscheiden Sie sich f\u00fcr eine ma\u00dfgeschneiderte Industrieausr\u00fcstung und Vibrationstechnik-Ausstattung. GK bietet Systeme und Vibrationsl\u00f6sungen f\u00fcr Ihre wichtigsten Prozessanforderungen.\" \/>\n<meta property=\"og:url\" content=\"https:\/\/www.generalkinematics.com\/de\/produkte\/\" \/>\n<meta property=\"og:site_name\" content=\"General Kinematics\" \/>\n<meta property=\"article:publisher\" content=\"https:\/\/www.facebook.com\/generalkinematics\" \/>\n<meta property=\"article:modified_time\" content=\"2020-04-03T18:58:45+00:00\" \/>\n<meta property=\"og:image\" content=\"https:\/\/media.generalkinematics.com\/wp-content\/uploads\/2017\/07\/GK-Icon.png\" \/>\n\t<meta property=\"og:image:width\" content=\"3000\" \/>\n\t<meta property=\"og:image:height\" content=\"3000\" \/>\n\t<meta property=\"og:image:type\" content=\"image\/jpeg\" \/>\n<meta name=\"twitter:card\" content=\"summary_large_image\" \/>\n<meta name=\"twitter:site\" content=\"@gkvibrating\" \/>\n<meta name=\"twitter:label1\" content=\"Gesch\u00e4tzte Lesezeit\" \/>\n\t<meta name=\"twitter:data1\" content=\"4 Minuten\" \/>\n<!-- \/ Yoast SEO plugin. -->","yoast_head_json":{"title":"Industrieausr\u00fcstung f\u00fcr die Vibrationstechnik | General Kinematics","description":"Entscheiden Sie sich f\u00fcr eine ma\u00dfgeschneiderte Industrieausr\u00fcstung und Vibrationstechnik-Ausstattung. GK bietet Systeme und Vibrationsl\u00f6sungen f\u00fcr Ihre wichtigsten Prozessanforderungen.","robots":{"index":"index","follow":"follow","max-snippet":"max-snippet:-1","max-image-preview":"max-image-preview:large","max-video-preview":"max-video-preview:-1"},"canonical":"https:\/\/www.generalkinematics.com\/de\/produkte\/","og_locale":"de_DE","og_type":"article","og_title":"Industrieausr\u00fcstung f\u00fcr die Vibrationstechnik | General Kinematics","og_description":"Entscheiden Sie sich f\u00fcr eine ma\u00dfgeschneiderte Industrieausr\u00fcstung und Vibrationstechnik-Ausstattung. GK bietet Systeme und Vibrationsl\u00f6sungen f\u00fcr Ihre wichtigsten Prozessanforderungen.","og_url":"https:\/\/www.generalkinematics.com\/de\/produkte\/","og_site_name":"General Kinematics","article_publisher":"https:\/\/www.facebook.com\/generalkinematics","article_modified_time":"2020-04-03T18:58:45+00:00","og_image":[{"width":3000,"height":3000,"url":"https:\/\/media.generalkinematics.com\/wp-content\/uploads\/2017\/07\/GK-Icon.png","type":"image\/jpeg"}],"twitter_card":"summary_large_image","twitter_site":"@gkvibrating","twitter_misc":{"Gesch\u00e4tzte Lesezeit":"4 Minuten"},"schema":{"@context":"https:\/\/schema.org","@graph":[{"@type":"WebPage","@id":"https:\/\/www.generalkinematics.com\/de\/produkte\/","url":"https:\/\/www.generalkinematics.com\/de\/produkte\/","name":"Industrieausr\u00fcstung f\u00fcr die Vibrationstechnik | General Kinematics","isPartOf":{"@id":"https:\/\/www.generalkinematics.com\/de\/#website"},"datePublished":"2016-06-20T17:51:02+00:00","dateModified":"2020-04-03T18:58:45+00:00","description":"Entscheiden Sie sich f\u00fcr eine ma\u00dfgeschneiderte Industrieausr\u00fcstung und Vibrationstechnik-Ausstattung. GK bietet Systeme und Vibrationsl\u00f6sungen f\u00fcr Ihre wichtigsten Prozessanforderungen.","breadcrumb":{"@id":"https:\/\/www.generalkinematics.com\/de\/produkte\/#breadcrumb"},"inLanguage":"de-DE","potentialAction":[{"@type":"ReadAction","target":["https:\/\/www.generalkinematics.com\/de\/produkte\/"]}]},{"@type":"BreadcrumbList","@id":"https:\/\/www.generalkinematics.com\/de\/produkte\/#breadcrumb","itemListElement":[{"@type":"ListItem","position":1,"name":"GK Home","item":"https:\/\/www.generalkinematics.com\/de\/"},{"@type":"ListItem","position":2,"name":"Produkte"}]},{"@type":"WebSite","@id":"https:\/\/www.generalkinematics.com\/de\/#website","url":"https:\/\/www.generalkinematics.com\/de\/","name":"General Kinematics","description":"","publisher":{"@id":"https:\/\/www.generalkinematics.com\/de\/#organization"},"potentialAction":[{"@type":"SearchAction","target":{"@type":"EntryPoint","urlTemplate":"https:\/\/www.generalkinematics.com\/de\/?s={search_term_string}"},"query-input":{"@type":"PropertyValueSpecification","valueRequired":true,"valueName":"search_term_string"}}],"inLanguage":"de-DE"},{"@type":"Organization","@id":"https:\/\/www.generalkinematics.com\/de\/#organization","name":"General Kinematics","url":"https:\/\/www.generalkinematics.com\/de\/","logo":{"@type":"ImageObject","inLanguage":"de-DE","@id":"https:\/\/www.generalkinematics.com\/de\/#\/schema\/logo\/image\/","url":"https:\/\/media.generalkinematics.com\/wp-content\/uploads\/2018\/03\/logo.png","contentUrl":"https:\/\/media.generalkinematics.com\/wp-content\/uploads\/2018\/03\/logo.png","width":313,"height":100,"caption":"General Kinematics"},"image":{"@id":"https:\/\/www.generalkinematics.com\/de\/#\/schema\/logo\/image\/"},"sameAs":["https:\/\/www.facebook.com\/generalkinematics","https:\/\/x.com\/gkvibrating"]}]}},"_links":{"self":[{"href":"https:\/\/www.generalkinematics.com\/de\/wp-json\/wp\/v2\/pages\/41992","targetHints":{"allow":["GET"]}}],"collection":[{"href":"https:\/\/www.generalkinematics.com\/de\/wp-json\/wp\/v2\/pages"}],"about":[{"href":"https:\/\/www.generalkinematics.com\/de\/wp-json\/wp\/v2\/types\/page"}],"author":[{"embeddable":true,"href":"https:\/\/www.generalkinematics.com\/de\/wp-json\/wp\/v2\/users\/5"}],"replies":[{"embeddable":true,"href":"https:\/\/www.generalkinematics.com\/de\/wp-json\/wp\/v2\/comments?post=41992"}],"version-history":[{"count":0,"href":"https:\/\/www.generalkinematics.com\/de\/wp-json\/wp\/v2\/pages\/41992\/revisions"}],"wp:attachment":[{"href":"https:\/\/www.generalkinematics.com\/de\/wp-json\/wp\/v2\/media?parent=41992"}],"curies":[{"name":"wp","href":"https:\/\/api.w.org\/{rel}","templated":true}]}}