{"id":41993,"date":"2012-05-02T16:26:04","date_gmt":"2012-05-02T21:26:04","guid":{"rendered":"https:\/\/www.generalkinematics.com\/pfannen-additionssysteme\/"},"modified":"2018-09-25T11:08:33","modified_gmt":"2018-09-25T16:08:33","slug":"pfannen-additionssysteme","status":"publish","type":"page","link":"https:\/\/www.generalkinematics.com\/de\/gieserei-ausrustung\/pfannen-additionssysteme\/","title":{"rendered":"Pfannen\/Additionssysteme"},"content":{"rendered":"<h1>Pfannen\/Additionssysteme<\/h1>\n<p><img decoding=\"async\" title=\"Pfannen\/Additionssysteme\" alt=\"Pfannen\/Additionssysteme\" src=\"https:\/\/www.generalkinematics.com\/wp-content\/uploads\/images\/foundry_products\/header\/ladle_addition.jpg\" width=\"375\" height=\"180\" class=\"left-menu-img\" \/><\/p>\n<p>&nbsp;<\/p>\n<h2>Produktbeschreibung:<\/h2>\n<p>Bereiten Sie Impfmittel oder andere Materialien vor und gie\u00dfen Sie sie mit GK-Pfannen-Additionssystemen. Die Systeme umfassen einzelne Materialbeh\u00e4lter und Beschickungsanlagen, Chargenaufbereitungs-Beschickungsanlagen, Shuttle-Beschickungsanlagen und andere Optionen zur genauen Messung und Bereitstellung der richtigen Mischung in der richtigen Reihenfolge f\u00fcr Ihre Metallrezepte.<\/p>\n<h2>Eigenschaften:<\/h2>\n<ul>\n<li>Die Beh\u00e4lter werden, je nach Gr\u00f6\u00dfe und Anwendung, mit GKs Beschickungsanlagen mit elektromechanischen oder pneumatischen Antrieben zugef\u00fchrt.<\/li>\n<li>Chargenaufbereitungs-Beschickungsanlagen nutzen zur genauen Messung der korrekten Materialmenge W\u00e4gezellen f\u00fcr Ihre spezielle Metallmischung.<\/li>\n<li>Vollautomatisierte Systeme k\u00f6nnen in bestehende Steuerungssysteme f\u00fcr einen nahtlosen Prozessbetrieb integriert werden.<\/li>\n<\/ul>\n","protected":false},"excerpt":{"rendered":"<p>Pfannen\/Additionssysteme &nbsp; Produktbeschreibung: Bereiten Sie Impfmittel oder andere Materialien vor und gie\u00dfen Sie sie mit GK-Pfannen-Additionssystemen. Die Systeme umfassen einzelne Materialbeh\u00e4lter und Beschickungsanlagen, Chargenaufbereitungs-Beschickungsanlagen, Shuttle-Beschickungsanlagen und andere Optionen zur genauen Messung und Bereitstellung der richtigen Mischung in der richtigen Reihenfolge f\u00fcr Ihre Metallrezepte. Eigenschaften: Die Beh\u00e4lter werden, je nach Gr\u00f6\u00dfe und Anwendung, mit GKs Beschickungsanlagen [&hellip;]<\/p>\n","protected":false},"author":5,"featured_media":0,"parent":42731,"menu_order":0,"comment_status":"open","ping_status":"open","template":"","meta":{"_acf_changed":false,"om_disable_all_campaigns":false,"ep_exclude_from_search":false,"footnotes":""},"class_list":["post-41993","page","type-page","status-publish","hentry"],"acf":[],"yoast_head":"<!-- This site is optimized with the Yoast SEO plugin v27.2 - https:\/\/yoast.com\/product\/yoast-seo-wordpress\/ -->\n<title>Pfannenofen Beschickungssystem | General Kinematics<\/title>\n<meta name=\"description\" content=\"Erfahren Sie, wie das richtige Pfannenofen Beschickungssystem die optimale Zutatenmenge bereitstellt. Das vollautomatisierte Ladle Addition System von General Kinematics garantiert akkurate Messungen.\" \/>\n<meta name=\"robots\" content=\"index, follow, max-snippet:-1, max-image-preview:large, max-video-preview:-1\" \/>\n<link rel=\"canonical\" href=\"https:\/\/www.generalkinematics.com\/de\/gieserei-ausrustung\/pfannen-additionssysteme\/\" \/>\n<meta property=\"og:locale\" content=\"de_DE\" \/>\n<meta property=\"og:type\" content=\"article\" \/>\n<meta property=\"og:title\" content=\"Pfannenofen Beschickungssystem | General Kinematics\" \/>\n<meta property=\"og:description\" content=\"Erfahren Sie, wie das richtige Pfannenofen Beschickungssystem die optimale Zutatenmenge bereitstellt. Das vollautomatisierte Ladle Addition System von General Kinematics garantiert akkurate Messungen.\" \/>\n<meta property=\"og:url\" content=\"https:\/\/www.generalkinematics.com\/de\/gieserei-ausrustung\/pfannen-additionssysteme\/\" \/>\n<meta property=\"og:site_name\" content=\"General Kinematics\" \/>\n<meta property=\"article:publisher\" content=\"https:\/\/www.facebook.com\/generalkinematics\" \/>\n<meta property=\"article:modified_time\" content=\"2018-09-25T16:08:33+00:00\" \/>\n<meta property=\"og:image\" content=\"https:\/\/www.generalkinematics.com\/wp-content\/uploads\/images\/foundry_products\/header\/ladle_addition.jpg\" \/>\n<meta name=\"twitter:card\" content=\"summary_large_image\" \/>\n<meta name=\"twitter:site\" content=\"@gkvibrating\" \/>\n<!-- \/ Yoast SEO plugin. -->","yoast_head_json":{"title":"Pfannenofen Beschickungssystem | General Kinematics","description":"Erfahren Sie, wie das richtige Pfannenofen Beschickungssystem die optimale Zutatenmenge bereitstellt. Das vollautomatisierte Ladle Addition System von General Kinematics garantiert akkurate Messungen.","robots":{"index":"index","follow":"follow","max-snippet":"max-snippet:-1","max-image-preview":"max-image-preview:large","max-video-preview":"max-video-preview:-1"},"canonical":"https:\/\/www.generalkinematics.com\/de\/gieserei-ausrustung\/pfannen-additionssysteme\/","og_locale":"de_DE","og_type":"article","og_title":"Pfannenofen Beschickungssystem | General Kinematics","og_description":"Erfahren Sie, wie das richtige Pfannenofen Beschickungssystem die optimale Zutatenmenge bereitstellt. Das vollautomatisierte Ladle Addition System von General Kinematics garantiert akkurate Messungen.","og_url":"https:\/\/www.generalkinematics.com\/de\/gieserei-ausrustung\/pfannen-additionssysteme\/","og_site_name":"General Kinematics","article_publisher":"https:\/\/www.facebook.com\/generalkinematics","article_modified_time":"2018-09-25T16:08:33+00:00","og_image":[{"url":"https:\/\/www.generalkinematics.com\/wp-content\/uploads\/images\/foundry_products\/header\/ladle_addition.jpg","type":"","width":"","height":""}],"twitter_card":"summary_large_image","twitter_site":"@gkvibrating","schema":{"@context":"https:\/\/schema.org","@graph":[{"@type":"WebPage","@id":"https:\/\/www.generalkinematics.com\/de\/gieserei-ausrustung\/pfannen-additionssysteme\/","url":"https:\/\/www.generalkinematics.com\/de\/gieserei-ausrustung\/pfannen-additionssysteme\/","name":"Pfannenofen Beschickungssystem | General Kinematics","isPartOf":{"@id":"https:\/\/www.generalkinematics.com\/de\/#website"},"primaryImageOfPage":{"@id":"https:\/\/www.generalkinematics.com\/de\/gieserei-ausrustung\/pfannen-additionssysteme\/#primaryimage"},"image":{"@id":"https:\/\/www.generalkinematics.com\/de\/gieserei-ausrustung\/pfannen-additionssysteme\/#primaryimage"},"thumbnailUrl":"https:\/\/www.generalkinematics.com\/wp-content\/uploads\/images\/foundry_products\/header\/ladle_addition.jpg","datePublished":"2012-05-02T21:26:04+00:00","dateModified":"2018-09-25T16:08:33+00:00","description":"Erfahren Sie, wie das richtige Pfannenofen Beschickungssystem die optimale Zutatenmenge bereitstellt. Das vollautomatisierte Ladle Addition System von General Kinematics garantiert akkurate Messungen.","breadcrumb":{"@id":"https:\/\/www.generalkinematics.com\/de\/gieserei-ausrustung\/pfannen-additionssysteme\/#breadcrumb"},"inLanguage":"de-DE","potentialAction":[{"@type":"ReadAction","target":["https:\/\/www.generalkinematics.com\/de\/gieserei-ausrustung\/pfannen-additionssysteme\/"]}]},{"@type":"ImageObject","inLanguage":"de-DE","@id":"https:\/\/www.generalkinematics.com\/de\/gieserei-ausrustung\/pfannen-additionssysteme\/#primaryimage","url":"https:\/\/www.generalkinematics.com\/wp-content\/uploads\/images\/foundry_products\/header\/ladle_addition.jpg","contentUrl":"https:\/\/www.generalkinematics.com\/wp-content\/uploads\/images\/foundry_products\/header\/ladle_addition.jpg"},{"@type":"BreadcrumbList","@id":"https:\/\/www.generalkinematics.com\/de\/gieserei-ausrustung\/pfannen-additionssysteme\/#breadcrumb","itemListElement":[{"@type":"ListItem","position":1,"name":"GK Home","item":"https:\/\/www.generalkinematics.com\/de\/"},{"@type":"ListItem","position":2,"name":"Giesserei &#038; Metallguss","item":"https:\/\/www.generalkinematics.com\/de\/gieserei-ausrustung\/"},{"@type":"ListItem","position":3,"name":"Pfannen\/Additionssysteme"}]},{"@type":"WebSite","@id":"https:\/\/www.generalkinematics.com\/de\/#website","url":"https:\/\/www.generalkinematics.com\/de\/","name":"General Kinematics","description":"","publisher":{"@id":"https:\/\/www.generalkinematics.com\/de\/#organization"},"potentialAction":[{"@type":"SearchAction","target":{"@type":"EntryPoint","urlTemplate":"https:\/\/www.generalkinematics.com\/de\/?s={search_term_string}"},"query-input":{"@type":"PropertyValueSpecification","valueRequired":true,"valueName":"search_term_string"}}],"inLanguage":"de-DE"},{"@type":"Organization","@id":"https:\/\/www.generalkinematics.com\/de\/#organization","name":"General Kinematics","url":"https:\/\/www.generalkinematics.com\/de\/","logo":{"@type":"ImageObject","inLanguage":"de-DE","@id":"https:\/\/www.generalkinematics.com\/de\/#\/schema\/logo\/image\/","url":"https:\/\/media.generalkinematics.com\/wp-content\/uploads\/2018\/03\/logo.png","contentUrl":"https:\/\/media.generalkinematics.com\/wp-content\/uploads\/2018\/03\/logo.png","width":313,"height":100,"caption":"General Kinematics"},"image":{"@id":"https:\/\/www.generalkinematics.com\/de\/#\/schema\/logo\/image\/"},"sameAs":["https:\/\/www.facebook.com\/generalkinematics","https:\/\/x.com\/gkvibrating"]}]}},"_links":{"self":[{"href":"https:\/\/www.generalkinematics.com\/de\/wp-json\/wp\/v2\/pages\/41993","targetHints":{"allow":["GET"]}}],"collection":[{"href":"https:\/\/www.generalkinematics.com\/de\/wp-json\/wp\/v2\/pages"}],"about":[{"href":"https:\/\/www.generalkinematics.com\/de\/wp-json\/wp\/v2\/types\/page"}],"author":[{"embeddable":true,"href":"https:\/\/www.generalkinematics.com\/de\/wp-json\/wp\/v2\/users\/5"}],"replies":[{"embeddable":true,"href":"https:\/\/www.generalkinematics.com\/de\/wp-json\/wp\/v2\/comments?post=41993"}],"version-history":[{"count":0,"href":"https:\/\/www.generalkinematics.com\/de\/wp-json\/wp\/v2\/pages\/41993\/revisions"}],"up":[{"embeddable":true,"href":"https:\/\/www.generalkinematics.com\/de\/wp-json\/wp\/v2\/pages\/42731"}],"wp:attachment":[{"href":"https:\/\/www.generalkinematics.com\/de\/wp-json\/wp\/v2\/media?parent=41993"}],"curies":[{"name":"wp","href":"https:\/\/api.w.org\/{rel}","templated":true}]}}