{"id":41994,"date":"2012-05-06T07:52:12","date_gmt":"2012-05-06T12:52:12","guid":{"rendered":"https:\/\/www.generalkinematics.com\/gk-parts\/gk-premiumteile\/"},"modified":"2018-09-25T11:29:47","modified_gmt":"2018-09-25T16:29:47","slug":"gk-premiumteile","status":"publish","type":"page","link":"https:\/\/www.generalkinematics.com\/de\/gk-parts\/gk-premiumteile\/","title":{"rendered":"GK Premiumteile"},"content":{"rendered":"<div class=\"product-text\">\n<h1>GK Premium-Ersatzteile<\/h1>\n<p><img decoding=\"async\" src=\"https:\/\/www.generalkinematics.com\/wp-content\/uploads\/images\/gkparts\/latest_technology.jpg\" alt=\"General Kinematics Weltklasse Schwei\u00dfkonstruktionen und Fabrikationen\" width=\"384\" height=\"108\" \/><\/p>\n<p>&nbsp;<\/p>\n<p class=\"bodytext14\"><strong>R\u00fcsten Sie Ihr Vibrations-Equipment (vibrationsausstattung, vibrationsausr\u00fcstung) mit GK Premium Vibrationsteilen auf.<\/strong><\/p>\n<p>&nbsp;<\/p>\n<p>Entwickelt f\u00fcr extreme Beanspruchung. Premium Teile von GK bieten un\u00fcbertroffene Verf\u00fcgbarkeit und Zuverl\u00e4ssigkeit.<\/p>\n<p>&nbsp;<\/p>\n<p>&nbsp;<\/p>\n<\/div>\n<div style=\"float: left;padding-right: 25px\"><img decoding=\"async\" src=\"https:\/\/www.generalkinematics.com\/wp-content\/uploads\/images\/gkparts\/rocker_legs.jpg\" alt=\"GK-Stabilisatorbeine\" width=\"150\" height=\"200\" \/><\/div>\n<p><strong>Aluminium-Stabilisatorbeine:<\/strong><\/p>\n<p>&nbsp;<\/p>\n<p>Das Ersetzen abgenutzter St\u00fctzbeine kann eine sehr effektive Ma\u00dfnahme sein, um die Leistung einer Vibrationseinheit zu erh\u00f6hen. Dadurch k\u00f6nnen die Betriebskosten gesenkt und die positive Auswirkung auf die verf\u00fcgbare Betriebszeit ist, dass sich die unerwarteten Ausfallzeiten Ihres Equipments reduzieren werden.<\/p>\n<p>&nbsp;<\/p>\n<p>General Kinematics bietet eine breite Palette von Vibrationsstabilisatoren f\u00fcr die meisten Vibrationsanwendungen an. Die bew\u00e4hrten Aluminium-Stabilisatoren von GK \u00fcbertreffen und \u00fcberstehen im Normalbetrieb die Stahlbeine im Verh\u00e4ltnis 2 zu 1. GK-Aluminium-Stabilisatoren erw\u00e4rmen sich weniger, wodurch die Lebensdauer der Buchse verl\u00e4ngert wird. GK-Aluminiumbeine passen zu den bekanntesten Marken von Vibrationsrinnen, Beschickungsanlagen und vieles mehr &#8230; wenden Sie sich an Ihren GK-Teileexperten, um das f\u00fcr Ihre Anwendung geeignete Teil zu finden.<\/p>\n<p>&nbsp;<\/p>\n<p><a href=\"\/industrial-machine-parts\/aluminum-stabilizers\/\">Klicken Sie hier, um mehr zu erfahren!<\/a><\/p>\n<p>&nbsp;<\/p>\n<hr \/>\n<p>&nbsp;<\/p>\n<div style=\"float: left;padding-right: 25px\"><img decoding=\"async\" src=\"https:\/\/www.generalkinematics.com\/wp-content\/uploads\/images\/gkparts\/gk_bearings.jpg\" alt=\"GK-Vibrationslager\" \/><\/div>\n<p><strong>GK-Vibrationslager:<\/strong><\/p>\n<p>&nbsp;<\/p>\n<p>General Kinematics Ersatzlager wurden speziell entwickelt, um den dynamischen Belastungen durch Vibrationsbewegungen standzuhalten. Spezielle Dichtungen und Kegelrollen mit hoher Kapazit\u00e4t sorgen f\u00fcr eine lange Lebensdauer.<\/p>\n<p>&nbsp;<\/p>\n<p>&nbsp;<\/p>\n<ul>\n<li>Die einteilige Patronenkonstruktion ist auf jede einzelne Geh\u00e4usebaugruppe abgestimmt.<\/li>\n<li>Die zul\u00e4ssige Fehlausrichtung ist doppelt so gro\u00df wie bei Gelenklagern.<\/li>\n<li>Metallk\u00e4fige haben eine h\u00f6here Festigkeit als herk\u00f6mmliche Kunststoffk\u00e4fige und erm\u00f6glichen eine erh\u00f6hte Fettkapazit\u00e4t.<\/li>\n<li>Die sto\u00dffeste Hochleistungs-Kegelrolle f\u00fchrt, weil keine Rollschr\u00e4gen oder Wegspr\u00fcnge auftreten, zu einem geringeren Anstieg der Lagertemperatur.<\/li>\n<\/ul>\n<p>&nbsp;<\/p>\n","protected":false},"excerpt":{"rendered":"<p>GK Premium-Ersatzteile &nbsp; R\u00fcsten Sie Ihr Vibrations-Equipment (vibrationsausstattung, vibrationsausr\u00fcstung) mit GK Premium Vibrationsteilen auf. &nbsp; Entwickelt f\u00fcr extreme Beanspruchung. Premium Teile von GK bieten un\u00fcbertroffene Verf\u00fcgbarkeit und Zuverl\u00e4ssigkeit. &nbsp; &nbsp; Aluminium-Stabilisatorbeine: &nbsp; Das Ersetzen abgenutzter St\u00fctzbeine kann eine sehr effektive Ma\u00dfnahme sein, um die Leistung einer Vibrationseinheit zu erh\u00f6hen. Dadurch k\u00f6nnen die Betriebskosten gesenkt und [&hellip;]<\/p>\n","protected":false},"author":5,"featured_media":0,"parent":41985,"menu_order":0,"comment_status":"open","ping_status":"open","template":"","meta":{"_acf_changed":false,"om_disable_all_campaigns":false,"ep_exclude_from_search":false,"footnotes":""},"class_list":["post-41994","page","type-page","status-publish","hentry"],"acf":[],"yoast_head":"<!-- This site is optimized with the Yoast SEO plugin v27.2 - https:\/\/yoast.com\/product\/yoast-seo-wordpress\/ -->\n<title>Maschinen Ersatzteile | General Kinematics<\/title>\n<meta name=\"description\" content=\"Erfahren Sie, wie Maschinen Ersatzteile von General Kinematics einen bedeutenden Unterschied f\u00fcr industrielle Anlagen darstellen k\u00f6nnen, dank un\u00fcbertroffener Laufzeit und Zuverl\u00e4ssigkeit.\" \/>\n<meta name=\"robots\" content=\"index, follow, max-snippet:-1, max-image-preview:large, max-video-preview:-1\" \/>\n<link rel=\"canonical\" href=\"https:\/\/www.generalkinematics.com\/de\/gk-parts\/gk-premiumteile\/\" \/>\n<meta property=\"og:locale\" content=\"de_DE\" \/>\n<meta property=\"og:type\" content=\"article\" \/>\n<meta property=\"og:title\" content=\"Maschinen Ersatzteile | General Kinematics\" \/>\n<meta property=\"og:description\" content=\"Erfahren Sie, wie Maschinen Ersatzteile von General Kinematics einen bedeutenden Unterschied f\u00fcr industrielle Anlagen darstellen k\u00f6nnen, dank un\u00fcbertroffener Laufzeit und Zuverl\u00e4ssigkeit.\" \/>\n<meta property=\"og:url\" content=\"https:\/\/www.generalkinematics.com\/de\/gk-parts\/gk-premiumteile\/\" \/>\n<meta property=\"og:site_name\" content=\"General Kinematics\" \/>\n<meta property=\"article:publisher\" content=\"https:\/\/www.facebook.com\/generalkinematics\" \/>\n<meta property=\"article:modified_time\" content=\"2018-09-25T16:29:47+00:00\" \/>\n<meta property=\"og:image\" content=\"https:\/\/www.generalkinematics.com\/wp-content\/uploads\/images\/gkparts\/latest_technology.jpg\" \/>\n<meta name=\"twitter:card\" content=\"summary_large_image\" \/>\n<meta name=\"twitter:site\" content=\"@gkvibrating\" \/>\n<meta name=\"twitter:label1\" content=\"Gesch\u00e4tzte Lesezeit\" \/>\n\t<meta name=\"twitter:data1\" content=\"1 Minute\" \/>\n<!-- \/ Yoast SEO plugin. -->","yoast_head_json":{"title":"Maschinen Ersatzteile | General Kinematics","description":"Erfahren Sie, wie Maschinen Ersatzteile von General Kinematics einen bedeutenden Unterschied f\u00fcr industrielle Anlagen darstellen k\u00f6nnen, dank un\u00fcbertroffener Laufzeit und Zuverl\u00e4ssigkeit.","robots":{"index":"index","follow":"follow","max-snippet":"max-snippet:-1","max-image-preview":"max-image-preview:large","max-video-preview":"max-video-preview:-1"},"canonical":"https:\/\/www.generalkinematics.com\/de\/gk-parts\/gk-premiumteile\/","og_locale":"de_DE","og_type":"article","og_title":"Maschinen Ersatzteile | General Kinematics","og_description":"Erfahren Sie, wie Maschinen Ersatzteile von General Kinematics einen bedeutenden Unterschied f\u00fcr industrielle Anlagen darstellen k\u00f6nnen, dank un\u00fcbertroffener Laufzeit und Zuverl\u00e4ssigkeit.","og_url":"https:\/\/www.generalkinematics.com\/de\/gk-parts\/gk-premiumteile\/","og_site_name":"General Kinematics","article_publisher":"https:\/\/www.facebook.com\/generalkinematics","article_modified_time":"2018-09-25T16:29:47+00:00","og_image":[{"url":"https:\/\/www.generalkinematics.com\/wp-content\/uploads\/images\/gkparts\/latest_technology.jpg","type":"","width":"","height":""}],"twitter_card":"summary_large_image","twitter_site":"@gkvibrating","twitter_misc":{"Gesch\u00e4tzte Lesezeit":"1 Minute"},"schema":{"@context":"https:\/\/schema.org","@graph":[{"@type":"WebPage","@id":"https:\/\/www.generalkinematics.com\/de\/gk-parts\/gk-premiumteile\/","url":"https:\/\/www.generalkinematics.com\/de\/gk-parts\/gk-premiumteile\/","name":"Maschinen Ersatzteile | General Kinematics","isPartOf":{"@id":"https:\/\/www.generalkinematics.com\/de\/#website"},"primaryImageOfPage":{"@id":"https:\/\/www.generalkinematics.com\/de\/gk-parts\/gk-premiumteile\/#primaryimage"},"image":{"@id":"https:\/\/www.generalkinematics.com\/de\/gk-parts\/gk-premiumteile\/#primaryimage"},"thumbnailUrl":"https:\/\/www.generalkinematics.com\/wp-content\/uploads\/images\/gkparts\/latest_technology.jpg","datePublished":"2012-05-06T12:52:12+00:00","dateModified":"2018-09-25T16:29:47+00:00","description":"Erfahren Sie, wie Maschinen Ersatzteile von General Kinematics einen bedeutenden Unterschied f\u00fcr industrielle Anlagen darstellen k\u00f6nnen, dank un\u00fcbertroffener Laufzeit und Zuverl\u00e4ssigkeit.","breadcrumb":{"@id":"https:\/\/www.generalkinematics.com\/de\/gk-parts\/gk-premiumteile\/#breadcrumb"},"inLanguage":"de-DE","potentialAction":[{"@type":"ReadAction","target":["https:\/\/www.generalkinematics.com\/de\/gk-parts\/gk-premiumteile\/"]}]},{"@type":"ImageObject","inLanguage":"de-DE","@id":"https:\/\/www.generalkinematics.com\/de\/gk-parts\/gk-premiumteile\/#primaryimage","url":"https:\/\/www.generalkinematics.com\/wp-content\/uploads\/images\/gkparts\/latest_technology.jpg","contentUrl":"https:\/\/www.generalkinematics.com\/wp-content\/uploads\/images\/gkparts\/latest_technology.jpg"},{"@type":"BreadcrumbList","@id":"https:\/\/www.generalkinematics.com\/de\/gk-parts\/gk-premiumteile\/#breadcrumb","itemListElement":[{"@type":"ListItem","position":1,"name":"GK Home","item":"https:\/\/www.generalkinematics.com\/de\/"},{"@type":"ListItem","position":2,"name":"industrielle maschinenbauteile","item":"https:\/\/www.generalkinematics.com\/de\/gk-parts\/"},{"@type":"ListItem","position":3,"name":"GK Premiumteile"}]},{"@type":"WebSite","@id":"https:\/\/www.generalkinematics.com\/de\/#website","url":"https:\/\/www.generalkinematics.com\/de\/","name":"General Kinematics","description":"","publisher":{"@id":"https:\/\/www.generalkinematics.com\/de\/#organization"},"potentialAction":[{"@type":"SearchAction","target":{"@type":"EntryPoint","urlTemplate":"https:\/\/www.generalkinematics.com\/de\/?s={search_term_string}"},"query-input":{"@type":"PropertyValueSpecification","valueRequired":true,"valueName":"search_term_string"}}],"inLanguage":"de-DE"},{"@type":"Organization","@id":"https:\/\/www.generalkinematics.com\/de\/#organization","name":"General Kinematics","url":"https:\/\/www.generalkinematics.com\/de\/","logo":{"@type":"ImageObject","inLanguage":"de-DE","@id":"https:\/\/www.generalkinematics.com\/de\/#\/schema\/logo\/image\/","url":"https:\/\/media.generalkinematics.com\/wp-content\/uploads\/2018\/03\/logo.png","contentUrl":"https:\/\/media.generalkinematics.com\/wp-content\/uploads\/2018\/03\/logo.png","width":313,"height":100,"caption":"General Kinematics"},"image":{"@id":"https:\/\/www.generalkinematics.com\/de\/#\/schema\/logo\/image\/"},"sameAs":["https:\/\/www.facebook.com\/generalkinematics","https:\/\/x.com\/gkvibrating"]}]}},"_links":{"self":[{"href":"https:\/\/www.generalkinematics.com\/de\/wp-json\/wp\/v2\/pages\/41994","targetHints":{"allow":["GET"]}}],"collection":[{"href":"https:\/\/www.generalkinematics.com\/de\/wp-json\/wp\/v2\/pages"}],"about":[{"href":"https:\/\/www.generalkinematics.com\/de\/wp-json\/wp\/v2\/types\/page"}],"author":[{"embeddable":true,"href":"https:\/\/www.generalkinematics.com\/de\/wp-json\/wp\/v2\/users\/5"}],"replies":[{"embeddable":true,"href":"https:\/\/www.generalkinematics.com\/de\/wp-json\/wp\/v2\/comments?post=41994"}],"version-history":[{"count":0,"href":"https:\/\/www.generalkinematics.com\/de\/wp-json\/wp\/v2\/pages\/41994\/revisions"}],"up":[{"embeddable":true,"href":"https:\/\/www.generalkinematics.com\/de\/wp-json\/wp\/v2\/pages\/41985"}],"wp:attachment":[{"href":"https:\/\/www.generalkinematics.com\/de\/wp-json\/wp\/v2\/media?parent=41994"}],"curies":[{"name":"wp","href":"https:\/\/api.w.org\/{rel}","templated":true}]}}