{"id":41997,"date":"2017-11-16T11:59:35","date_gmt":"2017-11-16T17:59:35","guid":{"rendered":"https:\/\/www.generalkinematics.com\/der-vibrationsunterschied\/"},"modified":"2018-09-27T16:32:33","modified_gmt":"2018-09-27T21:32:33","slug":"der-vibrationsunterschied","status":"publish","type":"page","link":"https:\/\/www.generalkinematics.com\/de\/der-vibrationsunterschied\/","title":{"rendered":"Der Vibrationsunterschied"},"content":{"rendered":"<div class=\"wpb-content-wrapper\"><p>[vc_row][vc_column css_animation=&#8220;fadeIn&#8220;][vc_column_text css_animation=&#8220;fadeIn&#8220;]<\/p>\n<blockquote><p><img decoding=\"async\" class=\" wp-image-32089 alignleft\" src=\"https:\/\/www.generalkinematics.com\/wp-content\/uploads\/2017\/10\/quote2.png\" alt=\"\" width=\"134\" height=\"60\" \/>\u201eZwei unserer Werke haben GK-Siebe, die 20 Stunden\/Tag, 6 Tage\/Woche laufen. Das robuste Design von GK hat zu minimalen Ausfallzeiten gef\u00fchrt. Unserem Instandhaltungspersonal gef\u00e4llt dies. Die Siebe haben fantastisch funktioniert und sind ein wichtiger Teil unseres Herstellungsprozesses&#8220;.<\/p>\n<p style=\"text-align: right;\"><em><strong>Rashid Shakir, Dir. of Engineering, American Wood Fibers<\/strong><\/em><\/p>\n<\/blockquote>\n<p>[\/vc_column_text][\/vc_column][\/vc_row][vc_row][vc_column][vc_column_text]<a href=\"https:\/\/www.generalkinematics.com\/de\/gk-vibration\/\">Sehen Sie sich an, was andere Kunden \u00fcber GK erz\u00e4hlen.<\/a><\/p>\n<p>Qualitativ hochwertiges Produktdesign, erstklassige Handwerkskunst und Kundenunterst\u00fctzung bieten Ihnen den strategischen Vorteil, den Sie zur Verbesserung Ihres Prozesses brauchen. Unser Equipment bietet erwiesenerma\u00dfen betriebliche Vorteile durch reduzierte Ausfallzeiten, verbesserte Kapazit\u00e4ten und die besten Gesamtbetriebskosten.<\/p>\n<p>Die Verwendung von Vibration erzeugt einen langfristigen Wert. Der Wert von GK ist in unser Produkt und dar\u00fcber hinaus eingebaut. Wir unterst\u00fctzen unsere Kunden vor, w\u00e4hrend und nach der Installation, um einen reibungslosen Betrieb zu gew\u00e4hrleisten. Unser qualifiziertes Team ist f\u00fcr Sie da.[\/vc_column_text][\/vc_column][\/vc_row][vc_row equal_height=&#8220;yes&#8220; content_placement=&#8220;middle&#8220;][vc_column width=&#8220;1\/2&#8243;][vc_single_image image=&#8220;31472&#8243; img_size=&#8220;full&#8220; alignment=&#8220;center&#8220; css_animation=&#8220;bounceIn&#8220;][\/vc_column][vc_column width=&#8220;1\/2&#8243; css=&#8220;.vc_custom_1510851031697{background-image: url(https:\/\/www.generalkinematics.com\/wp-content\/uploads\/2017\/11\/right-bubble.png?id=32888) !important;background-position: center !important;background-repeat: no-repeat !important;background-size: contain !important;}&#8220; el_class=&#8220;wv-bubble-columns&#8220;][vc_column_text css_animation=&#8220;bounceInUp&#8220; css=&#8220;.vc_custom_1510851110087{margin-left: 15px !important;padding-right: 12px !important;padding-left: 12px !important;}&#8220; el_class=&#8220;wv-first-bubble-text&#8220;]<em><strong>Vibration ist die Zukunft. Das Equipment der Vergangenheit hat viele bewegliche Teile, die ein gr\u00f6\u00dferes Bruchrisiko darstellen. Das GK-Equipment nutzt die Kraft der Vibration, um das Material zur Arbeit zu bringen. Weniger Bewegung bedeutet eine l\u00e4ngere Lebensdauer Ihres Equipments.<\/strong><\/em>[\/vc_column_text][\/vc_column][\/vc_row][vc_row equal_height=&#8220;yes&#8220; content_placement=&#8220;middle&#8220;][vc_column width=&#8220;1\/2&#8243; css=&#8220;.vc_custom_1510851043797{background-image: url(https:\/\/www.generalkinematics.com\/wp-content\/uploads\/2017\/11\/Left-Bubble.png?id=32883) !important;background-position: center !important;background-repeat: no-repeat !important;background-size: contain !important;}&#8220; el_class=&#8220;wv-bubble-columns&#8220;][vc_column_text css_animation=&#8220;bounceInUp&#8220; css=&#8220;.vc_custom_1522857274460{margin-left: 15px !important;padding-right: 70px !important;padding-left: 25px !important;}&#8220;]<em><strong>Weniger bewegliche Teile<\/strong><strong> bedeuten<\/strong><strong> weniger Wartung, Reparaturen und Ausfallzeiten f\u00fcr Ihren Prozess.<\/strong><\/em>[\/vc_column_text][\/vc_column][vc_column width=&#8220;1\/2&#8243;][vc_single_image image=&#8220;31467&#8243; alignment=&#8220;center&#8220; css_animation=&#8220;bounceIn&#8220;][\/vc_column][\/vc_row][vc_row equal_height=&#8220;yes&#8220; content_placement=&#8220;middle&#8220;][vc_column width=&#8220;1\/2&#8243;][vc_single_image image=&#8220;31477&#8243; img_size=&#8220;full&#8220; alignment=&#8220;center&#8220; css_animation=&#8220;bounceIn&#8220;][\/vc_column][vc_column width=&#8220;1\/2&#8243; css=&#8220;.vc_custom_1510851054491{background-image: url(https:\/\/www.generalkinematics.com\/wp-content\/uploads\/2017\/11\/right-bubble.png?id=32888) !important;background-position: center !important;background-repeat: no-repeat !important;background-size: contain !important;}&#8220; el_class=&#8220;wv-bubble-columns&#8220;][vc_column_text css_animation=&#8220;bounceInUp&#8220; css=&#8220;.vc_custom_1522857558129{margin-left: 15px !important;padding-right: 25px !important;padding-left: 70px !important;}&#8220;]<em><strong>Vibrations-Equipment (vibrationsausstattung, vibrationsausr\u00fcstung) ben\u00f6tigt weniger Energie und senkt Ihre Stromkosten.<\/strong><\/em>[\/vc_column_text][\/vc_column][\/vc_row][vc_row equal_height=&#8220;yes&#8220; content_placement=&#8220;middle&#8220;][vc_column width=&#8220;1\/2&#8243; css=&#8220;.vc_custom_1510851065000{background-image: url(https:\/\/www.generalkinematics.com\/wp-content\/uploads\/2017\/11\/Left-Bubble.png?id=32883) !important;background-position: center !important;background-repeat: no-repeat !important;background-size: contain !important;}&#8220; el_class=&#8220;wv-bubble-columns&#8220;][vc_column_text css_animation=&#8220;bounceInUp&#8220; css=&#8220;.vc_custom_1522857512531{margin-left: 15px !important;padding-right: 70px !important;padding-left: 25px !important;}&#8220;]<em><strong>Die ISO-Zertifizierung stellt sicher, dass Sie ein Qualit\u00e4tsprodukt erhalten.<\/strong><\/em>[\/vc_column_text][\/vc_column][vc_column width=&#8220;1\/2&#8243;][vc_single_image image=&#8220;31482&#8243; alignment=&#8220;center&#8220; css_animation=&#8220;bounceIn&#8220;][\/vc_column][\/vc_row][vc_row equal_height=&#8220;yes&#8220; content_placement=&#8220;middle&#8220;][vc_column width=&#8220;1\/2&#8243;][vc_single_image image=&#8220;31487&#8243; img_size=&#8220;full&#8220; alignment=&#8220;center&#8220; css_animation=&#8220;bounceIn&#8220;][\/vc_column][vc_column width=&#8220;1\/2&#8243; css=&#8220;.vc_custom_1510853930359{background-image: url(https:\/\/www.generalkinematics.com\/wp-content\/uploads\/2017\/11\/right-bubble.png?id=32888) !important;background-position: center !important;background-repeat: no-repeat !important;background-size: contain !important;}&#8220; el_class=&#8220;wv-bubble-columns&#8220;][vc_column_text css_animation=&#8220;bounceInUp&#8220; css=&#8220;.vc_custom_1510851306319{margin-left: 15px !important;padding-right: 12px !important;padding-left: 12px !important;}&#8220;]<em><strong>GK engagiert sich daf\u00fcr, unsere Produkte f\u00fcr die Menschen, die sie benutzen, sicher zu machen. Das Arbeiten in \u00dcbereinstimmung mit OSHA stellt sicher, dass unsere Produkte die Sicherheitsbestimmungen unserer Kunden erf\u00fcllen.<\/strong><\/em>[\/vc_column_text][\/vc_column][\/vc_row]<\/p>\n<\/div>","protected":false},"excerpt":{"rendered":"<p>[vc_row][vc_column css_animation=&#8220;fadeIn&#8220;][vc_column_text css_animation=&#8220;fadeIn&#8220;] \u201eZwei unserer Werke haben GK-Siebe, die 20 Stunden\/Tag, 6 Tage\/Woche laufen. Das robuste Design von GK hat zu minimalen Ausfallzeiten gef\u00fchrt. Unserem Instandhaltungspersonal gef\u00e4llt dies. Die Siebe haben fantastisch funktioniert und sind ein wichtiger Teil unseres Herstellungsprozesses&#8220;. Rashid Shakir, Dir. of Engineering, American Wood Fibers [\/vc_column_text][\/vc_column][\/vc_row][vc_row][vc_column][vc_column_text]Sehen Sie sich an, was andere Kunden [&hellip;]<\/p>\n","protected":false},"author":101013,"featured_media":24999,"parent":0,"menu_order":0,"comment_status":"closed","ping_status":"closed","template":"page-templates\/page-full-width.php","meta":{"_acf_changed":false,"om_disable_all_campaigns":false,"ep_exclude_from_search":false,"footnotes":""},"class_list":["post-41997","page","type-page","status-publish","has-post-thumbnail","hentry"],"acf":[],"yoast_head":"<!-- This site is optimized with the Yoast SEO plugin v27.2 - https:\/\/yoast.com\/product\/yoast-seo-wordpress\/ -->\n<title>GK Group Erfahrungen und Kundenmeinungen | General Kinematics<\/title>\n<meta name=\"description\" content=\"Lesen Sie hier die GK Group Erfahrungen. General Kinematics ist stolz auf seinen kundenfreundlichen Service und die GK Kundenmeinungen zeigen, dass wir f\u00fcr jede Situation die passende L\u00f6sung haben.\" \/>\n<meta name=\"robots\" content=\"index, follow, max-snippet:-1, max-image-preview:large, max-video-preview:-1\" \/>\n<link rel=\"canonical\" href=\"https:\/\/www.generalkinematics.com\/de\/der-vibrationsunterschied\/\" \/>\n<meta property=\"og:locale\" content=\"de_DE\" \/>\n<meta property=\"og:type\" content=\"article\" \/>\n<meta property=\"og:title\" content=\"GK Group Erfahrungen und Kundenmeinungen | General Kinematics\" \/>\n<meta property=\"og:description\" content=\"Lesen Sie hier die GK Group Erfahrungen. General Kinematics ist stolz auf seinen kundenfreundlichen Service und die GK Kundenmeinungen zeigen, dass wir f\u00fcr jede Situation die passende L\u00f6sung haben.\" \/>\n<meta property=\"og:url\" content=\"https:\/\/www.generalkinematics.com\/de\/der-vibrationsunterschied\/\" \/>\n<meta property=\"og:site_name\" content=\"General Kinematics\" \/>\n<meta property=\"article:publisher\" content=\"https:\/\/www.facebook.com\/generalkinematics\" \/>\n<meta property=\"article:modified_time\" content=\"2018-09-27T21:32:33+00:00\" \/>\n<meta property=\"og:image\" content=\"https:\/\/www.generalkinematics.com\/wp-content\/uploads\/2015\/07\/@ISRI14_Exhibit_Hall_Opening_138.jpg\" \/>\n\t<meta property=\"og:image:width\" content=\"1024\" \/>\n\t<meta property=\"og:image:height\" content=\"679\" \/>\n\t<meta property=\"og:image:type\" content=\"image\/jpeg\" \/>\n<meta name=\"twitter:card\" content=\"summary_large_image\" \/>\n<meta name=\"twitter:site\" content=\"@gkvibrating\" \/>\n<meta name=\"twitter:label1\" content=\"Gesch\u00e4tzte Lesezeit\" \/>\n\t<meta name=\"twitter:data1\" content=\"3 Minuten\" \/>\n<!-- \/ Yoast SEO plugin. -->","yoast_head_json":{"title":"GK Group Erfahrungen und Kundenmeinungen | General Kinematics","description":"Lesen Sie hier die GK Group Erfahrungen. General Kinematics ist stolz auf seinen kundenfreundlichen Service und die GK Kundenmeinungen zeigen, dass wir f\u00fcr jede Situation die passende L\u00f6sung haben.","robots":{"index":"index","follow":"follow","max-snippet":"max-snippet:-1","max-image-preview":"max-image-preview:large","max-video-preview":"max-video-preview:-1"},"canonical":"https:\/\/www.generalkinematics.com\/de\/der-vibrationsunterschied\/","og_locale":"de_DE","og_type":"article","og_title":"GK Group Erfahrungen und Kundenmeinungen | General Kinematics","og_description":"Lesen Sie hier die GK Group Erfahrungen. General Kinematics ist stolz auf seinen kundenfreundlichen Service und die GK Kundenmeinungen zeigen, dass wir f\u00fcr jede Situation die passende L\u00f6sung haben.","og_url":"https:\/\/www.generalkinematics.com\/de\/der-vibrationsunterschied\/","og_site_name":"General Kinematics","article_publisher":"https:\/\/www.facebook.com\/generalkinematics","article_modified_time":"2018-09-27T21:32:33+00:00","og_image":[{"width":1024,"height":679,"url":"https:\/\/www.generalkinematics.com\/wp-content\/uploads\/2015\/07\/@ISRI14_Exhibit_Hall_Opening_138.jpg","type":"image\/jpeg"}],"twitter_card":"summary_large_image","twitter_site":"@gkvibrating","twitter_misc":{"Gesch\u00e4tzte Lesezeit":"3 Minuten"},"schema":{"@context":"https:\/\/schema.org","@graph":[{"@type":"WebPage","@id":"https:\/\/www.generalkinematics.com\/de\/der-vibrationsunterschied\/","url":"https:\/\/www.generalkinematics.com\/de\/der-vibrationsunterschied\/","name":"GK Group Erfahrungen und Kundenmeinungen | General Kinematics","isPartOf":{"@id":"https:\/\/www.generalkinematics.com\/de\/#website"},"primaryImageOfPage":{"@id":"https:\/\/www.generalkinematics.com\/de\/der-vibrationsunterschied\/#primaryimage"},"image":{"@id":"https:\/\/www.generalkinematics.com\/de\/der-vibrationsunterschied\/#primaryimage"},"thumbnailUrl":"https:\/\/media.generalkinematics.com\/wp-content\/uploads\/2015\/07\/%40ISRI14_Exhibit_Hall_Opening_138.jpg","datePublished":"2017-11-16T17:59:35+00:00","dateModified":"2018-09-27T21:32:33+00:00","description":"Lesen Sie hier die GK Group Erfahrungen. General Kinematics ist stolz auf seinen kundenfreundlichen Service und die GK Kundenmeinungen zeigen, dass wir f\u00fcr jede Situation die passende L\u00f6sung haben.","breadcrumb":{"@id":"https:\/\/www.generalkinematics.com\/de\/der-vibrationsunterschied\/#breadcrumb"},"inLanguage":"de-DE","potentialAction":[{"@type":"ReadAction","target":["https:\/\/www.generalkinematics.com\/de\/der-vibrationsunterschied\/"]}]},{"@type":"ImageObject","inLanguage":"de-DE","@id":"https:\/\/www.generalkinematics.com\/de\/der-vibrationsunterschied\/#primaryimage","url":"https:\/\/media.generalkinematics.com\/wp-content\/uploads\/2015\/07\/%40ISRI14_Exhibit_Hall_Opening_138.jpg","contentUrl":"https:\/\/media.generalkinematics.com\/wp-content\/uploads\/2015\/07\/%40ISRI14_Exhibit_Hall_Opening_138.jpg","width":1024,"height":679,"caption":"general-kinematics-high-stroke-feeder"},{"@type":"BreadcrumbList","@id":"https:\/\/www.generalkinematics.com\/de\/der-vibrationsunterschied\/#breadcrumb","itemListElement":[{"@type":"ListItem","position":1,"name":"GK Home","item":"https:\/\/www.generalkinematics.com\/de\/"},{"@type":"ListItem","position":2,"name":"Der Vibrationsunterschied"}]},{"@type":"WebSite","@id":"https:\/\/www.generalkinematics.com\/de\/#website","url":"https:\/\/www.generalkinematics.com\/de\/","name":"General Kinematics","description":"","publisher":{"@id":"https:\/\/www.generalkinematics.com\/de\/#organization"},"potentialAction":[{"@type":"SearchAction","target":{"@type":"EntryPoint","urlTemplate":"https:\/\/www.generalkinematics.com\/de\/?s={search_term_string}"},"query-input":{"@type":"PropertyValueSpecification","valueRequired":true,"valueName":"search_term_string"}}],"inLanguage":"de-DE"},{"@type":"Organization","@id":"https:\/\/www.generalkinematics.com\/de\/#organization","name":"General Kinematics","url":"https:\/\/www.generalkinematics.com\/de\/","logo":{"@type":"ImageObject","inLanguage":"de-DE","@id":"https:\/\/www.generalkinematics.com\/de\/#\/schema\/logo\/image\/","url":"https:\/\/media.generalkinematics.com\/wp-content\/uploads\/2018\/03\/logo.png","contentUrl":"https:\/\/media.generalkinematics.com\/wp-content\/uploads\/2018\/03\/logo.png","width":313,"height":100,"caption":"General Kinematics"},"image":{"@id":"https:\/\/www.generalkinematics.com\/de\/#\/schema\/logo\/image\/"},"sameAs":["https:\/\/www.facebook.com\/generalkinematics","https:\/\/x.com\/gkvibrating"]}]}},"_links":{"self":[{"href":"https:\/\/www.generalkinematics.com\/de\/wp-json\/wp\/v2\/pages\/41997","targetHints":{"allow":["GET"]}}],"collection":[{"href":"https:\/\/www.generalkinematics.com\/de\/wp-json\/wp\/v2\/pages"}],"about":[{"href":"https:\/\/www.generalkinematics.com\/de\/wp-json\/wp\/v2\/types\/page"}],"author":[{"embeddable":true,"href":"https:\/\/www.generalkinematics.com\/de\/wp-json\/wp\/v2\/users\/101013"}],"replies":[{"embeddable":true,"href":"https:\/\/www.generalkinematics.com\/de\/wp-json\/wp\/v2\/comments?post=41997"}],"version-history":[{"count":0,"href":"https:\/\/www.generalkinematics.com\/de\/wp-json\/wp\/v2\/pages\/41997\/revisions"}],"wp:featuredmedia":[{"embeddable":true,"href":"https:\/\/www.generalkinematics.com\/de\/wp-json\/wp\/v2\/media\/24999"}],"wp:attachment":[{"href":"https:\/\/www.generalkinematics.com\/de\/wp-json\/wp\/v2\/media?parent=41997"}],"curies":[{"name":"wp","href":"https:\/\/api.w.org\/{rel}","templated":true}]}}