{"id":41998,"date":"2017-12-01T09:41:17","date_gmt":"2017-12-01T15:41:17","guid":{"rendered":"https:\/\/www.generalkinematics.com\/druckguss-schrott-losungen\/"},"modified":"2018-09-25T11:04:50","modified_gmt":"2018-09-25T16:04:50","slug":"druckguss-schrott-losungen","status":"publish","type":"page","link":"https:\/\/www.generalkinematics.com\/de\/druckguss-schrott-losungen\/","title":{"rendered":"Druckguss-Schrott-L\u00f6sungen"},"content":{"rendered":"<div class=\"wpb-content-wrapper\"><p>[vc_row][vc_column parallax=&#8220;content-moving&#8220; parallax_image=&#8220;33094&#8243;][vc_column_text css=&#8220;.vc_custom_1511793782624{padding-top: 100px !important;padding-bottom: 100px !important;}&#8220;]<\/p>\n<h2 style=\"text-align: center;\"><span style=\"color: #fff;\">W\u00c4HLEN SIE DEN BESTEN F\u00d6RDERER UND DIE BESTE BESCHICKUNGSANLAGE<br \/>\nF\u00dcR IHRE METALLGIESSEREI<\/span><\/h2>\n<p>[\/vc_column_text][\/vc_column][\/vc_row][vc_row][vc_column][vc_separator color=&#8220;custom&#8220; style=&#8220;double&#8220; accent_color=&#8220;#b32b3c&#8220; css=&#8220;.vc_custom_1511402364659{margin-top: 25px !important;}&#8220;][\/vc_column][\/vc_row][vc_row][vc_column width=&#8220;1\/4&#8243;][vc_single_image image=&#8220;11964&#8243; alignment=&#8220;center&#8220; onclick=&#8220;custom_link&#8220; link=&#8220;https:\/\/www.generalkinematics.com\/product\/v-trough-vibratory-inclined-conveyors\/&#8220;][\/vc_column][vc_column width=&#8220;3\/4&#8243;][vc_column_text]<\/p>\n<h3><a href=\"https:\/\/www.generalkinematics.com\/de\/produkt\/v-trough-geneigter-vibrationsforderer\/\">V-TROUGH\u00ae-Geneigter Vibrationsf\u00f6rderer (vibrationsrinne)<\/a><\/h3>\n<p>General Kinematics V-TROUGH\u00ae-Schr\u00e4gf\u00f6rderer wurden entwickelt, um Ihr Produkt ohne die mit Metallb\u00e4ndern und anderen Vertikalf\u00f6rderern verbundenen Probleme nach oben zu bef\u00f6rdern. Der V-TROUGH\u00ae basiert auf bew\u00e4hrten GK-F\u00f6rdererkonstruktionen mit einzigartigen Eigenschaften wie unserem PARA-MOUNT II\u00ae-Vibrations-Antriebssystem und ist in verschiedenen Ausgleichsoptionen f\u00fcr Ihren Prozess verf\u00fcgbar.[\/vc_column_text][\/vc_column][\/vc_row][vc_row][vc_column width=&#8220;1\/4&#8243;][vc_single_image image=&#8220;11955&#8243; alignment=&#8220;center&#8220; onclick=&#8220;custom_link&#8220; link=&#8220;https:\/\/www.generalkinematics.com\/product\/trenchveyor\/&#8220;][\/vc_column][vc_column width=&#8220;3\/4&#8243;][vc_column_text]<\/p>\n<h3><a href=\"https:\/\/www.generalkinematics.com\/de\/produkt\/trenchveyor\/\">TRENCHVEYOR\u2122<\/a><\/h3>\n<p>Das General Kinematics TRENCHVEYOR\u2122-Vibrations-Muldenf\u00f6rderband (vibrationsrinne) wurde entwickelt, um die Gr\u00f6\u00dfe der Gruben und den Wartungsaufwand zu reduzieren. Die gesamte Mechanik befindet sich auf der Vibrationspfanne, wobei die Antriebskomponenten \u00fcber dem Boden montiert sind, um einen einfachen Zugang zu erm\u00f6glichen. Jeder TRENCHVEYOR\u2122-Vibrationsf\u00f6rderer (vibrationsrinne) wird mit Optionen, wie nicht haftenden oder abriebfesten austauschbaren Beschichtungen, speziell auf Ihre Anwendung zugeschnitten. Der TRENCHVEYOR\u2122 kann auch nach oben oder unten geneigt werden, was Ihrem Prozesslayout Flexibilit\u00e4t verleiht.[\/vc_column_text][\/vc_column][\/vc_row][vc_row][vc_column width=&#8220;1\/4&#8243;][vc_single_image image=&#8220;11733&#8243; alignment=&#8220;center&#8220; onclick=&#8220;custom_link&#8220; link=&#8220;https:\/\/www.generalkinematics.com\/product\/bi-directional-feeder\/&#8220;][\/vc_column][vc_column width=&#8220;3\/4&#8243;][vc_column_text]<\/p>\n<h3><a href=\"https:\/\/www.generalkinematics.com\/de\/produkt\/two-way-vibrations-beschickungsanlagen\/\">TWO-WAY\u2122-Vibrations-Beschickungsanlagen (zwei weg beschicker)<\/a><\/h3>\n<p>TWO-WAY\u2122-Beschickungsanlagen (zwei weg beschicker) von General Kinematics er\u00f6ffnen eine Vielzahl von Prozessm\u00f6glichkeiten. Die TWO-WAY\u2122 bidirektionale Zuf\u00fchrung erm\u00f6glicht Ihnen den Wechsel des Materialflusses f\u00fcr die multidirektionale Produktverarbeitung, f\u00fcr die Zur\u00fcckweisung schlechter Produkte oder f\u00fcr jeden anderen Prozess, der eine multidirektionale Bef\u00f6rderung in einer einzelnen Einheit erfordert. Die Einheiten mit komplett horizontalem Hub mischen Material ohne Aufprallen bei einer deutlichen Verminderung des Ger\u00e4uschpegels. Verf\u00fcgbar in geraden und allen neuen bidirektionalen gebogenen Ausf\u00fchrungen.[\/vc_column_text][\/vc_column][\/vc_row][vc_row][vc_column width=&#8220;1\/4&#8243;][vc_single_image image=&#8220;14099&#8243; alignment=&#8220;center&#8220; onclick=&#8220;custom_link&#8220; link=&#8220;https:\/\/www.generalkinematics.com\/product\/vibrating-feeder\/&#8220;][\/vc_column][vc_column width=&#8220;3\/4&#8243;][vc_column_text]<\/p>\n<h3><a href=\"https:\/\/www.generalkinematics.com\/de\/produkt\/vibrations-beschickungsanlage\/\">PARA-MOUNT II\u00ae-Vibrations-Beschickungsanlagen<\/a><\/h3>\n<p>Die bew\u00e4hrte Leistung und der wartungsfreie Betrieb machen die PARA-MOUNT II\u00ae-Vibrations-Beschickungsanlage zur ersten Wahl bei Vibrations-Beschickungsanlagen f\u00fcr anspruchsvollste Anwendungen (vibrationsbeschicker anwendungsgebiete). Bietet eine erh\u00f6hte Beschickungskapazit\u00e4t, niedrigere Energiekosten und au\u00dfergew\u00f6hnliche Zuverl\u00e4ssigkeit und Wartungsfreundlichkeit.[\/vc_column_text][\/vc_column][\/vc_row]<\/p>\n<\/div>","protected":false},"excerpt":{"rendered":"<p>[vc_row][vc_column parallax=&#8220;content-moving&#8220; parallax_image=&#8220;33094&#8243;][vc_column_text css=&#8220;.vc_custom_1511793782624{padding-top: 100px !important;padding-bottom: 100px !important;}&#8220;] W\u00c4HLEN SIE DEN BESTEN F\u00d6RDERER UND DIE BESTE BESCHICKUNGSANLAGE F\u00dcR IHRE METALLGIESSEREI [\/vc_column_text][\/vc_column][\/vc_row][vc_row][vc_column][vc_separator color=&#8220;custom&#8220; style=&#8220;double&#8220; accent_color=&#8220;#b32b3c&#8220; css=&#8220;.vc_custom_1511402364659{margin-top: 25px !important;}&#8220;][\/vc_column][\/vc_row][vc_row][vc_column width=&#8220;1\/4&#8243;][vc_single_image image=&#8220;11964&#8243; alignment=&#8220;center&#8220; onclick=&#8220;custom_link&#8220; link=&#8220;https:\/\/www.generalkinematics.com\/product\/v-trough-vibratory-inclined-conveyors\/&#8220;][\/vc_column][vc_column width=&#8220;3\/4&#8243;][vc_column_text] V-TROUGH\u00ae-Geneigter Vibrationsf\u00f6rderer (vibrationsrinne) General Kinematics V-TROUGH\u00ae-Schr\u00e4gf\u00f6rderer wurden entwickelt, um Ihr Produkt ohne die mit Metallb\u00e4ndern und anderen Vertikalf\u00f6rderern verbundenen Probleme nach oben [&hellip;]<\/p>\n","protected":false},"author":5,"featured_media":23623,"parent":0,"menu_order":0,"comment_status":"closed","ping_status":"closed","template":"page-templates\/page-full-width.php","meta":{"_acf_changed":false,"om_disable_all_campaigns":false,"ep_exclude_from_search":false,"footnotes":""},"class_list":["post-41998","page","type-page","status-publish","has-post-thumbnail","hentry"],"acf":[],"yoast_head":"<!-- This site is optimized with the Yoast SEO plugin v27.2 - https:\/\/yoast.com\/product\/yoast-seo-wordpress\/ -->\n<title>Druckguss und F\u00f6rderanlagen | General Kinematics<\/title>\n<meta name=\"description\" content=\"Erfahren Sie, welche Druckguss F\u00f6rderanlagen f\u00fcr Ihren Bedarf am besten geeignet sind. Die Druckguss L\u00f6sungen von General Kinematics werden individuell auf jede Anforderung zugeschnitten.\" \/>\n<meta name=\"robots\" content=\"index, follow, max-snippet:-1, max-image-preview:large, max-video-preview:-1\" \/>\n<link rel=\"canonical\" href=\"https:\/\/www.generalkinematics.com\/de\/druckguss-schrott-losungen\/\" \/>\n<meta property=\"og:locale\" content=\"de_DE\" \/>\n<meta property=\"og:type\" content=\"article\" \/>\n<meta property=\"og:title\" content=\"Druckguss und F\u00f6rderanlagen | General Kinematics\" \/>\n<meta property=\"og:description\" content=\"Erfahren Sie, welche Druckguss F\u00f6rderanlagen f\u00fcr Ihren Bedarf am besten geeignet sind. Die Druckguss L\u00f6sungen von General Kinematics werden individuell auf jede Anforderung zugeschnitten.\" \/>\n<meta property=\"og:url\" content=\"https:\/\/www.generalkinematics.com\/de\/druckguss-schrott-losungen\/\" \/>\n<meta property=\"og:site_name\" content=\"General Kinematics\" \/>\n<meta property=\"article:publisher\" content=\"https:\/\/www.facebook.com\/generalkinematics\" \/>\n<meta property=\"article:modified_time\" content=\"2018-09-25T16:04:50+00:00\" \/>\n<meta property=\"og:image\" content=\"https:\/\/www.generalkinematics.com\/wp-content\/uploads\/2015\/05\/scan00102.jpg\" \/>\n\t<meta property=\"og:image:width\" content=\"2146\" \/>\n\t<meta property=\"og:image:height\" content=\"1607\" \/>\n\t<meta property=\"og:image:type\" content=\"image\/jpeg\" \/>\n<meta name=\"twitter:card\" content=\"summary_large_image\" \/>\n<meta name=\"twitter:site\" content=\"@gkvibrating\" \/>\n<meta name=\"twitter:label1\" content=\"Gesch\u00e4tzte Lesezeit\" \/>\n\t<meta name=\"twitter:data1\" content=\"2 Minuten\" \/>\n<!-- \/ Yoast SEO plugin. -->","yoast_head_json":{"title":"Druckguss und F\u00f6rderanlagen | General Kinematics","description":"Erfahren Sie, welche Druckguss F\u00f6rderanlagen f\u00fcr Ihren Bedarf am besten geeignet sind. Die Druckguss L\u00f6sungen von General Kinematics werden individuell auf jede Anforderung zugeschnitten.","robots":{"index":"index","follow":"follow","max-snippet":"max-snippet:-1","max-image-preview":"max-image-preview:large","max-video-preview":"max-video-preview:-1"},"canonical":"https:\/\/www.generalkinematics.com\/de\/druckguss-schrott-losungen\/","og_locale":"de_DE","og_type":"article","og_title":"Druckguss und F\u00f6rderanlagen | General Kinematics","og_description":"Erfahren Sie, welche Druckguss F\u00f6rderanlagen f\u00fcr Ihren Bedarf am besten geeignet sind. Die Druckguss L\u00f6sungen von General Kinematics werden individuell auf jede Anforderung zugeschnitten.","og_url":"https:\/\/www.generalkinematics.com\/de\/druckguss-schrott-losungen\/","og_site_name":"General Kinematics","article_publisher":"https:\/\/www.facebook.com\/generalkinematics","article_modified_time":"2018-09-25T16:04:50+00:00","og_image":[{"width":2146,"height":1607,"url":"https:\/\/www.generalkinematics.com\/wp-content\/uploads\/2015\/05\/scan00102.jpg","type":"image\/jpeg"}],"twitter_card":"summary_large_image","twitter_site":"@gkvibrating","twitter_misc":{"Gesch\u00e4tzte Lesezeit":"2 Minuten"},"schema":{"@context":"https:\/\/schema.org","@graph":[{"@type":"WebPage","@id":"https:\/\/www.generalkinematics.com\/de\/druckguss-schrott-losungen\/","url":"https:\/\/www.generalkinematics.com\/de\/druckguss-schrott-losungen\/","name":"Druckguss und F\u00f6rderanlagen | General Kinematics","isPartOf":{"@id":"https:\/\/www.generalkinematics.com\/de\/#website"},"primaryImageOfPage":{"@id":"https:\/\/www.generalkinematics.com\/de\/druckguss-schrott-losungen\/#primaryimage"},"image":{"@id":"https:\/\/www.generalkinematics.com\/de\/druckguss-schrott-losungen\/#primaryimage"},"thumbnailUrl":"https:\/\/media.generalkinematics.com\/wp-content\/uploads\/2015\/05\/v-trough-conveyor-e1693245546756.jpg","datePublished":"2017-12-01T15:41:17+00:00","dateModified":"2018-09-25T16:04:50+00:00","description":"Erfahren Sie, welche Druckguss F\u00f6rderanlagen f\u00fcr Ihren Bedarf am besten geeignet sind. Die Druckguss L\u00f6sungen von General Kinematics werden individuell auf jede Anforderung zugeschnitten.","breadcrumb":{"@id":"https:\/\/www.generalkinematics.com\/de\/druckguss-schrott-losungen\/#breadcrumb"},"inLanguage":"de-DE","potentialAction":[{"@type":"ReadAction","target":["https:\/\/www.generalkinematics.com\/de\/druckguss-schrott-losungen\/"]}]},{"@type":"ImageObject","inLanguage":"de-DE","@id":"https:\/\/www.generalkinematics.com\/de\/druckguss-schrott-losungen\/#primaryimage","url":"https:\/\/media.generalkinematics.com\/wp-content\/uploads\/2015\/05\/v-trough-conveyor-e1693245546756.jpg","contentUrl":"https:\/\/media.generalkinematics.com\/wp-content\/uploads\/2015\/05\/v-trough-conveyor-e1693245546756.jpg","width":2146,"height":1607},{"@type":"BreadcrumbList","@id":"https:\/\/www.generalkinematics.com\/de\/druckguss-schrott-losungen\/#breadcrumb","itemListElement":[{"@type":"ListItem","position":1,"name":"GK Home","item":"https:\/\/www.generalkinematics.com\/de\/"},{"@type":"ListItem","position":2,"name":"Druckguss-Schrott-L\u00f6sungen"}]},{"@type":"WebSite","@id":"https:\/\/www.generalkinematics.com\/de\/#website","url":"https:\/\/www.generalkinematics.com\/de\/","name":"General Kinematics","description":"","publisher":{"@id":"https:\/\/www.generalkinematics.com\/de\/#organization"},"potentialAction":[{"@type":"SearchAction","target":{"@type":"EntryPoint","urlTemplate":"https:\/\/www.generalkinematics.com\/de\/?s={search_term_string}"},"query-input":{"@type":"PropertyValueSpecification","valueRequired":true,"valueName":"search_term_string"}}],"inLanguage":"de-DE"},{"@type":"Organization","@id":"https:\/\/www.generalkinematics.com\/de\/#organization","name":"General Kinematics","url":"https:\/\/www.generalkinematics.com\/de\/","logo":{"@type":"ImageObject","inLanguage":"de-DE","@id":"https:\/\/www.generalkinematics.com\/de\/#\/schema\/logo\/image\/","url":"https:\/\/media.generalkinematics.com\/wp-content\/uploads\/2018\/03\/logo.png","contentUrl":"https:\/\/media.generalkinematics.com\/wp-content\/uploads\/2018\/03\/logo.png","width":313,"height":100,"caption":"General Kinematics"},"image":{"@id":"https:\/\/www.generalkinematics.com\/de\/#\/schema\/logo\/image\/"},"sameAs":["https:\/\/www.facebook.com\/generalkinematics","https:\/\/x.com\/gkvibrating"]}]}},"_links":{"self":[{"href":"https:\/\/www.generalkinematics.com\/de\/wp-json\/wp\/v2\/pages\/41998","targetHints":{"allow":["GET"]}}],"collection":[{"href":"https:\/\/www.generalkinematics.com\/de\/wp-json\/wp\/v2\/pages"}],"about":[{"href":"https:\/\/www.generalkinematics.com\/de\/wp-json\/wp\/v2\/types\/page"}],"author":[{"embeddable":true,"href":"https:\/\/www.generalkinematics.com\/de\/wp-json\/wp\/v2\/users\/5"}],"replies":[{"embeddable":true,"href":"https:\/\/www.generalkinematics.com\/de\/wp-json\/wp\/v2\/comments?post=41998"}],"version-history":[{"count":0,"href":"https:\/\/www.generalkinematics.com\/de\/wp-json\/wp\/v2\/pages\/41998\/revisions"}],"wp:featuredmedia":[{"embeddable":true,"href":"https:\/\/www.generalkinematics.com\/de\/wp-json\/wp\/v2\/media\/23623"}],"wp:attachment":[{"href":"https:\/\/www.generalkinematics.com\/de\/wp-json\/wp\/v2\/media?parent=41998"}],"curies":[{"name":"wp","href":"https:\/\/api.w.org\/{rel}","templated":true}]}}