{"id":41999,"date":"2012-05-05T18:28:13","date_gmt":"2012-05-05T23:28:13","guid":{"rendered":"https:\/\/www.generalkinematics.com\/losungen-fur-vibrationsbeschickung-gk-beschickungsanlagen\/"},"modified":"2018-09-27T16:40:25","modified_gmt":"2018-09-27T21:40:25","slug":"losungen-fur-vibrationsbeschickung-gk-beschickungsanlagen","status":"publish","type":"page","link":"https:\/\/www.generalkinematics.com\/de\/losungen-fur-vibrationsbeschickung-gk-beschickungsanlagen\/","title":{"rendered":"L\u00f6sungen f\u00fcr Vibrationsbeschickung | GK-Beschickungsanlagen"},"content":{"rendered":"<h1>TECHNISCHE INFORMATIONEN<\/h1>\n<h2>Informationen und Fakten \u00fcber GKs Vibrationsbeschickungs-Anlagen.<\/h2>\n<p>&nbsp;<\/p>\n<p><a href=\"https:\/\/www.generalkinematics.com\/de\/losungen-fur-vibrationsbeschickung-gk-beschickungsanlagen\/\">Vibrationsveschickungs-Anlagen<\/a> | <a href=\"https:\/\/www.generalkinematics.com\/de\/standardgrosen-von-beschickungsanlagen-gk-beschickungsanlagen-7\/\">un-coaler-Aktivierungs-\/Beschickungsanlagen<\/a> | <a href=\"https:\/\/www.generalkinematics.com\/de\/technische-informationen-gk-beschickungsanlagen\/\">Technische Daten<\/a> | <a href=\"https:\/\/www.generalkinematics.com\/de\/vibrations-beschickungsanlagenteile-vibrationszufuhrer-teile-gk-beschickungsanlagen\/\">Teile und Wartung<\/a><\/p>\n<h2 class=\"redtext\">Para-Mount II-Vibrations-Beschickungsanlagenstile:<\/h2>\n<ul>\n<li class=\"regtext\"><span class=\"bodytext\"><a href=\"https:\/\/www.generalkinematics.com\/de\/standardgrosen-von-beschickungsanlagen-gk-beschickungsanlagen\/\"><strong>PARA-MOUNT II\u00ae Elektromechanische Zwei-Massen-Vibrations-Pfannenf\u00f6rderer<\/strong> &#8211;<\/a> Medium bis Heavy Duty. (zweimassen feeder) <\/span><\/li>\n<li class=\"regtext\"><span class=\"bodytext\"><strong><a href=\"https:\/\/www.generalkinematics.com\/de\/standardgrosen-von-beschickungsanlagen-gk-beschickungsanlagen-2\/\">PARA-MOUNT\u00ae I vollst\u00e4ndig geschlossene Vibrations-Beschickungsanlagen<\/a><\/strong> (geschlossene zuf\u00fchrger\u00e4te) &#8211; f\u00fcr hervorragende Staubunterdr\u00fcckung.<\/span><\/li>\n<li class=\"regtext\"><span class=\"bodytext\"><a href=\"https:\/\/www.generalkinematics.com\/de\/standardgrosen-von-beschickungsanlagen-gk-beschickungsanlagen-3\/\"><strong>PARA-MOUNT II\u00ae Langhub-Verteilungs-Beschickungsanlagen<\/strong><\/a> (beschicker mit hoher hubfrequenz \/ high-stroke zuf\u00fchrer) &#8211; optimiert f\u00fcr die gleichm\u00e4\u00dfige Materialverteilung und Pr\u00e4sentation. <\/span><\/li>\n<li class=\"regtext\"><span class=\"bodytext\"><a href=\"https:\/\/www.generalkinematics.com\/de\/standardgrosen-von-beschickungsanlagen-gk-beschickungsanlagen-4\/\"><strong>PARA-MOUNT II\u00ae Vibrationssiebe<\/strong><\/a> (vibrationsf\u00f6rderer f\u00fcr gesteinsabsiebung) &#8211; Gro\u00dfe Beschickungsanlagen f\u00fcr die Heavy Duty-Materialhandhabung. <\/span><\/li>\n<\/ul>\n<p>&nbsp;<\/p>\n<p>&nbsp;<\/p>\n<p>&nbsp;<\/p>\n<h2 class=\"redtext\">Andere GK-Beschickungsanlagen-Stile:<\/h2>\n<ul>\n<li class=\"regtext\"><span class=\"bodytext\"><strong><a href=\"https:\/\/www.generalkinematics.com\/de\/grosentabellen-serie-s\/\">Vibrations-Beschickungsanlagen der Serie S<\/a><\/strong> &#8211; F\u00f6rderer mit Lamellenantrieb f\u00fcr leichte bis mittlere Beanspruchung. <\/span><\/li>\n<li class=\"regtext\"><span class=\"bodytext\"><a href=\"https:\/\/www.generalkinematics.com\/de\/standardgrosen-von-beschickungsanlagen-gk-beschickungsanlagen-5\/\"><strong>Air Duo-Beschickungsanlagen<\/strong><\/a> &#8211; Zwei-Massen-Pneumatische Antriebe f\u00fcr unterschiedliche Zufuhrgeschwindigkeiten. <\/span><\/li>\n<li class=\"regtext\"><span class=\"bodytext\"><strong><a href=\"https:\/\/www.generalkinematics.com\/de\/standardgrosen-von-beschickungsanlagen-gk-beschickungsanlagen-7\/\">UNCOALER Aktivierungs-\/Beschickungsanlage<\/a><\/strong> &#8211; kombiniert Haldeaktivierung mit Tandem-Beschickungsanlagen f\u00fcr pr\u00e4zisen Materialfluss. <\/span><\/li>\n<li class=\"regtext\"><span class=\"bodytext\"><strong><a href=\"https:\/\/www.generalkinematics.com\/de\/standardgrosen-von-beschickungsanlagen-gk-beschickungsanlagen-6\/\">TWO-WAY\u2122-Beschickungsanlagen<\/a><\/strong> (zwei weg beschicker) &#8211; Bidirektionale Beschickungsanlagen zum Bewegen des Produkts in entgegengesetzte Richtungen.<\/span><\/li>\n<\/ul>\n<p>&nbsp;<\/p>\n<p>&nbsp;<\/p>\n<p>&nbsp;<\/p>\n<h2 class=\"redtext\">Vibrationsbeschicker Anwendungsgebiete und Branche in denen wir aktiv sind<\/h2>\n<p><span class=\"bodytext14\">GK-Vibrations-Beschickungsanlagen sind weltweit in Betrieb, viele davon schon seit \u00fcber 40 Jahren. Einige der h\u00e4ufigsten Beschickungsanlagen-Anwendungen sind: <\/span><\/p>\n<ul>\n<li class=\"regtext\">Aggregat<\/li>\n<li class=\"regtext\">Chemikalien<\/li>\n<li class=\"regtext\">Kohle<\/li>\n<li class=\"regtext\">Lebensmittel<\/li>\n<li class=\"regtext\">Gie\u00dferei<\/li>\n<li class=\"regtext\">Industriematerialien<\/li>\n<li class=\"regtext\">Mineralien<\/li>\n<li class=\"regtext\">Tiernahrung<\/li>\n<li class=\"regtext\">Pharmazeutisch<\/li>\n<li class=\"regtext\">Recycling<\/li>\n<li class=\"regtext\">Schrottmetalle<\/li>\n<li class=\"regtext\">Verschiedene Mischmaterialien<\/li>\n<\/ul>\n","protected":false},"excerpt":{"rendered":"<p>TECHNISCHE INFORMATIONEN Informationen und Fakten \u00fcber GKs Vibrationsbeschickungs-Anlagen. &nbsp; Vibrationsveschickungs-Anlagen | un-coaler-Aktivierungs-\/Beschickungsanlagen | Technische Daten | Teile und Wartung Para-Mount II-Vibrations-Beschickungsanlagenstile: PARA-MOUNT II\u00ae Elektromechanische Zwei-Massen-Vibrations-Pfannenf\u00f6rderer &#8211; Medium bis Heavy Duty. (zweimassen feeder) PARA-MOUNT\u00ae I vollst\u00e4ndig geschlossene Vibrations-Beschickungsanlagen (geschlossene zuf\u00fchrger\u00e4te) &#8211; f\u00fcr hervorragende Staubunterdr\u00fcckung. PARA-MOUNT II\u00ae Langhub-Verteilungs-Beschickungsanlagen (beschicker mit hoher hubfrequenz \/ high-stroke zuf\u00fchrer) &#8211; optimiert [&hellip;]<\/p>\n","protected":false},"author":5,"featured_media":0,"parent":0,"menu_order":0,"comment_status":"open","ping_status":"open","template":"","meta":{"_acf_changed":false,"om_disable_all_campaigns":false,"ep_exclude_from_search":false,"footnotes":""},"class_list":["post-41999","page","type-page","status-publish","hentry"],"acf":[],"yoast_head":"<!-- This site is optimized with the Yoast SEO plugin v27.2 - https:\/\/yoast.com\/product\/yoast-seo-wordpress\/ -->\n<title>Vibrationszuf\u00fchrungsl\u00f6sungen | General Kinematics<\/title>\n<meta name=\"description\" content=\"Erkundigen Sie sich \u00fcber die vielen Vibrationszuf\u00fchrungsl\u00f6sungen, die General Kinematics Ihnen bietet. Hier finden Sie die technischen Daten der verschiedenen Vibrationsbeschicker.\" \/>\n<meta name=\"robots\" content=\"index, follow, max-snippet:-1, max-image-preview:large, max-video-preview:-1\" \/>\n<link rel=\"canonical\" href=\"https:\/\/www.generalkinematics.com\/de\/losungen-fur-vibrationsbeschickung-gk-beschickungsanlagen\/\" \/>\n<meta property=\"og:locale\" content=\"de_DE\" \/>\n<meta property=\"og:type\" content=\"article\" \/>\n<meta property=\"og:title\" content=\"Vibrationszuf\u00fchrungsl\u00f6sungen | General Kinematics\" \/>\n<meta property=\"og:description\" content=\"Erkundigen Sie sich \u00fcber die vielen Vibrationszuf\u00fchrungsl\u00f6sungen, die General Kinematics Ihnen bietet. Hier finden Sie die technischen Daten der verschiedenen Vibrationsbeschicker.\" \/>\n<meta property=\"og:url\" content=\"https:\/\/www.generalkinematics.com\/de\/losungen-fur-vibrationsbeschickung-gk-beschickungsanlagen\/\" \/>\n<meta property=\"og:site_name\" content=\"General Kinematics\" \/>\n<meta property=\"article:publisher\" content=\"https:\/\/www.facebook.com\/generalkinematics\" \/>\n<meta property=\"article:modified_time\" content=\"2018-09-27T21:40:25+00:00\" \/>\n<meta property=\"og:image\" content=\"https:\/\/media.generalkinematics.com\/wp-content\/uploads\/2017\/07\/GK-Icon.png\" \/>\n\t<meta property=\"og:image:width\" content=\"3000\" \/>\n\t<meta property=\"og:image:height\" content=\"3000\" \/>\n\t<meta property=\"og:image:type\" content=\"image\/jpeg\" \/>\n<meta name=\"twitter:card\" content=\"summary_large_image\" \/>\n<meta name=\"twitter:site\" content=\"@gkvibrating\" \/>\n<meta name=\"twitter:label1\" content=\"Gesch\u00e4tzte Lesezeit\" \/>\n\t<meta name=\"twitter:data1\" content=\"1 Minute\" \/>\n<!-- \/ Yoast SEO plugin. -->","yoast_head_json":{"title":"Vibrationszuf\u00fchrungsl\u00f6sungen | General Kinematics","description":"Erkundigen Sie sich \u00fcber die vielen Vibrationszuf\u00fchrungsl\u00f6sungen, die General Kinematics Ihnen bietet. Hier finden Sie die technischen Daten der verschiedenen Vibrationsbeschicker.","robots":{"index":"index","follow":"follow","max-snippet":"max-snippet:-1","max-image-preview":"max-image-preview:large","max-video-preview":"max-video-preview:-1"},"canonical":"https:\/\/www.generalkinematics.com\/de\/losungen-fur-vibrationsbeschickung-gk-beschickungsanlagen\/","og_locale":"de_DE","og_type":"article","og_title":"Vibrationszuf\u00fchrungsl\u00f6sungen | General Kinematics","og_description":"Erkundigen Sie sich \u00fcber die vielen Vibrationszuf\u00fchrungsl\u00f6sungen, die General Kinematics Ihnen bietet. Hier finden Sie die technischen Daten der verschiedenen Vibrationsbeschicker.","og_url":"https:\/\/www.generalkinematics.com\/de\/losungen-fur-vibrationsbeschickung-gk-beschickungsanlagen\/","og_site_name":"General Kinematics","article_publisher":"https:\/\/www.facebook.com\/generalkinematics","article_modified_time":"2018-09-27T21:40:25+00:00","og_image":[{"width":3000,"height":3000,"url":"https:\/\/media.generalkinematics.com\/wp-content\/uploads\/2017\/07\/GK-Icon.png","type":"image\/jpeg"}],"twitter_card":"summary_large_image","twitter_site":"@gkvibrating","twitter_misc":{"Gesch\u00e4tzte Lesezeit":"1 Minute"},"schema":{"@context":"https:\/\/schema.org","@graph":[{"@type":"WebPage","@id":"https:\/\/www.generalkinematics.com\/de\/losungen-fur-vibrationsbeschickung-gk-beschickungsanlagen\/","url":"https:\/\/www.generalkinematics.com\/de\/losungen-fur-vibrationsbeschickung-gk-beschickungsanlagen\/","name":"Vibrationszuf\u00fchrungsl\u00f6sungen | General Kinematics","isPartOf":{"@id":"https:\/\/www.generalkinematics.com\/de\/#website"},"datePublished":"2012-05-05T23:28:13+00:00","dateModified":"2018-09-27T21:40:25+00:00","description":"Erkundigen Sie sich \u00fcber die vielen Vibrationszuf\u00fchrungsl\u00f6sungen, die General Kinematics Ihnen bietet. Hier finden Sie die technischen Daten der verschiedenen Vibrationsbeschicker.","breadcrumb":{"@id":"https:\/\/www.generalkinematics.com\/de\/losungen-fur-vibrationsbeschickung-gk-beschickungsanlagen\/#breadcrumb"},"inLanguage":"de-DE","potentialAction":[{"@type":"ReadAction","target":["https:\/\/www.generalkinematics.com\/de\/losungen-fur-vibrationsbeschickung-gk-beschickungsanlagen\/"]}]},{"@type":"BreadcrumbList","@id":"https:\/\/www.generalkinematics.com\/de\/losungen-fur-vibrationsbeschickung-gk-beschickungsanlagen\/#breadcrumb","itemListElement":[{"@type":"ListItem","position":1,"name":"GK Home","item":"https:\/\/www.generalkinematics.com\/de\/"},{"@type":"ListItem","position":2,"name":"L\u00f6sungen f\u00fcr Vibrationsbeschickung | GK-Beschickungsanlagen"}]},{"@type":"WebSite","@id":"https:\/\/www.generalkinematics.com\/de\/#website","url":"https:\/\/www.generalkinematics.com\/de\/","name":"General Kinematics","description":"","publisher":{"@id":"https:\/\/www.generalkinematics.com\/de\/#organization"},"potentialAction":[{"@type":"SearchAction","target":{"@type":"EntryPoint","urlTemplate":"https:\/\/www.generalkinematics.com\/de\/?s={search_term_string}"},"query-input":{"@type":"PropertyValueSpecification","valueRequired":true,"valueName":"search_term_string"}}],"inLanguage":"de-DE"},{"@type":"Organization","@id":"https:\/\/www.generalkinematics.com\/de\/#organization","name":"General Kinematics","url":"https:\/\/www.generalkinematics.com\/de\/","logo":{"@type":"ImageObject","inLanguage":"de-DE","@id":"https:\/\/www.generalkinematics.com\/de\/#\/schema\/logo\/image\/","url":"https:\/\/media.generalkinematics.com\/wp-content\/uploads\/2018\/03\/logo.png","contentUrl":"https:\/\/media.generalkinematics.com\/wp-content\/uploads\/2018\/03\/logo.png","width":313,"height":100,"caption":"General Kinematics"},"image":{"@id":"https:\/\/www.generalkinematics.com\/de\/#\/schema\/logo\/image\/"},"sameAs":["https:\/\/www.facebook.com\/generalkinematics","https:\/\/x.com\/gkvibrating"]}]}},"_links":{"self":[{"href":"https:\/\/www.generalkinematics.com\/de\/wp-json\/wp\/v2\/pages\/41999","targetHints":{"allow":["GET"]}}],"collection":[{"href":"https:\/\/www.generalkinematics.com\/de\/wp-json\/wp\/v2\/pages"}],"about":[{"href":"https:\/\/www.generalkinematics.com\/de\/wp-json\/wp\/v2\/types\/page"}],"author":[{"embeddable":true,"href":"https:\/\/www.generalkinematics.com\/de\/wp-json\/wp\/v2\/users\/5"}],"replies":[{"embeddable":true,"href":"https:\/\/www.generalkinematics.com\/de\/wp-json\/wp\/v2\/comments?post=41999"}],"version-history":[{"count":0,"href":"https:\/\/www.generalkinematics.com\/de\/wp-json\/wp\/v2\/pages\/41999\/revisions"}],"wp:attachment":[{"href":"https:\/\/www.generalkinematics.com\/de\/wp-json\/wp\/v2\/media?parent=41999"}],"curies":[{"name":"wp","href":"https:\/\/api.w.org\/{rel}","templated":true}]}}