{"id":42150,"date":"2016-05-25T16:42:56","date_gmt":"2016-05-25T21:42:56","guid":{"rendered":"https:\/\/www.generalkinematics.com\/zukuenftiger-gk-ingenieur\/"},"modified":"2024-06-26T16:13:19","modified_gmt":"2024-06-26T21:13:19","slug":"zukuenftiger-gk-ingenieur","status":"publish","type":"page","link":"https:\/\/www.generalkinematics.com\/de\/zukuenftiger-gk-ingenieur\/","title":{"rendered":"Zuk\u00fcnftiger GK-Ingenieur"},"content":{"rendered":"<div class=\"wpb-content-wrapper\"><p>[vc_row][vc_column][vc_column_text css=&#8220;&#8220;]<\/p>\n<h2><strong>#FutureGKEngineer<\/strong><\/h2>\n<p><strong>Haben Sie sich jemals gefragt, woher der sch\u00f6ne Mulch in den Parks kommt? Oder wie wird Notizbuchpapier recycelt? Wie sieht es mit der Herstellung von Automotoren oder der Herstellung von Fahrradteilen aus?<\/strong><\/p>\n<p>General Kinematics <a href=\"https:\/\/www.generalkinematics.com\/de\/produkte\/\" target=\"_blank\" rel=\"noopener\">equipment <\/a>ist an vielen verschiedenen Prozessen, die Sie sich vielleicht gar nicht vorstellen w\u00fcrden, beteiligt! GK braucht intelligente Maschinenbauingenieure (und dort kommen\u00a0<em>Sie<\/em>\u00a0ins Spiel!), die unsere Maschinen entwerfen, bauen und testen k\u00f6nnen. Unsere Maschinen sind in vielen verschiedenen Prozessen und Branchen im Einsatz, um die Arbeit f\u00fcr die Kunden zu automatisieren und sicherer zu gestalten.<\/p>\n<p>Wenn Sie ein Produkt kaufen oder verwenden, k\u00f6nnen Sie fast immer sicher sein, dass ein Maschinenbauingenieur daran beteiligt war. Der Maschinenbau ist einer der breitesten technischen Bereiche. Denn die Arbeit eines Maschinenbauers variiert je nach Branche und Art der Arbeit.<\/p>\n<p><img decoding=\"async\" class=\"size-medium wp-image-35296 aligncenter\" src=\"https:\/\/www.generalkinematics.com\/wp-content\/uploads\/2018\/03\/IMG_0899-390x260.jpg\" alt=\"young engineers\" width=\"390\" height=\"260\" srcset=\"https:\/\/www.generalkinematics.com\/wp-content\/uploads\/2018\/03\/IMG_0899-390x260.jpg 390w, https:\/\/www.generalkinematics.com\/wp-content\/uploads\/2018\/03\/IMG_0899-300x200.jpg 300w, https:\/\/www.generalkinematics.com\/wp-content\/uploads\/2018\/03\/IMG_0899-768x512.jpg 768w, https:\/\/www.generalkinematics.com\/wp-content\/uploads\/2018\/03\/IMG_0899-1024x683.jpg 1024w\" sizes=\"(max-width: 639px) 98vw, (max-width: 1199px) 64vw, 390px\" \/><\/p>\n<p>In der <strong><a href=\"https:\/\/www.generalkinematics.com\/de\/gieserei-ausrustung\/\" target=\"_blank\" rel=\"noopener\">Gie\u00dferei- oder Metallindustrie<\/a><\/strong> bewegen unsere Sch\u00fctteltische gro\u00dfe Metallgussteile mit einer seitlichen Bewegung durch die Anlage, damit es nicht so laut ist. In der <strong><a href=\"https:\/\/www.generalkinematics.com\/de\/recycling-equipment\/\" target=\"_blank\" rel=\"noopener\">Recyclingbranche<\/a><\/strong> zerkleinern unsere Siebe Bauschutt- und Abbruchabf\u00e4lle und trennen die kleineren Teile von den Gr\u00f6\u00dferen. Bei all diesen Anwendungen sind Ingenieure involviert, um sicherzustellen, dass unsere Maschinen in den verf\u00fcgbaren Platz passen, sie die vorgesehene Aufgabe erf\u00fcllen und sicherstellen, dass der Prozess des Kunden verbessert wird.<\/p>\n<p><a href=\"https:\/\/www.generalkinematics.com\/wp-content\/uploads\/2016\/04\/IMG_5188.jpg\" rel=\"attachment wp-att-10908\"><img decoding=\"async\" class=\"size-medium wp-image-10908 aligncenter\" src=\"https:\/\/www.generalkinematics.com\/wp-content\/uploads\/2016\/04\/IMG_5188-390x260.jpg\" srcset=\"https:\/\/www.generalkinematics.com\/wp-content\/uploads\/2016\/04\/IMG_5188-390x260.jpg 390w, https:\/\/www.generalkinematics.com\/wp-content\/uploads\/2016\/04\/IMG_5188-768x512.jpg 768w, https:\/\/www.generalkinematics.com\/wp-content\/uploads\/2016\/04\/IMG_5188-1024x683.jpg 1024w\" alt=\"IMG_5188\" width=\"390\" height=\"260\" \/><\/a><\/p>\n<h2>M\u00f6chtest Du ein zuk\u00fcnftiger GK-Ingenieur sein?<\/h2>\n<p>Dann beginne damit, an deinen mathematischen F\u00e4higkeiten zu arbeiten. Komplexe mathematische Berechnungen werden nicht nur f\u00fcr die Berechnung ben\u00f6tigt, wie unser Equipment funktioniert, sondern auch daf\u00fcr erforderlich, wie es am Prozessfluss beteiligt ist (Durchsatz, Bewegung und vieles mehr). Dann beginne auch damit, an deinen Computerf\u00e4higkeiten zu arbeiten. GK-Ingenieure benutzen die neueste Software f\u00fcr Computer-Aided Design (CAD) und Computer-Aided Manufacturing (CAM). Mit dieser leistungsstarken Software sind sie in der Lage, neue Konstruktionen zu simulieren sowie Bestehende so zu \u00e4ndern, dass sie den reibungslosen Betrieb unseres Equipments gew\u00e4hrleisten.<\/p>\n<figure id=\"attachment_10906\" class=\"thumbnail wp-caption aligncenter\"><\/figure>\n<p><img decoding=\"async\" class=\"size-medium wp-image-35301 aligncenter\" src=\"https:\/\/www.generalkinematics.com\/wp-content\/uploads\/2018\/03\/FTC-Visit-11.17.15_2-390x302.jpg\" alt=\"\" width=\"390\" height=\"302\" srcset=\"https:\/\/www.generalkinematics.com\/wp-content\/uploads\/2018\/03\/FTC-Visit-11.17.15_2-390x302.jpg 390w, https:\/\/www.generalkinematics.com\/wp-content\/uploads\/2018\/03\/FTC-Visit-11.17.15_2-300x232.jpg 300w, https:\/\/www.generalkinematics.com\/wp-content\/uploads\/2018\/03\/FTC-Visit-11.17.15_2-768x594.jpg 768w, https:\/\/www.generalkinematics.com\/wp-content\/uploads\/2018\/03\/FTC-Visit-11.17.15_2.jpg 842w\" sizes=\"(max-width: 639px) 98vw, (max-width: 1199px) 64vw, 390px\" \/><\/p>\n<p>Insgesamt studieren GKs Maschinenbauingenieure viele Dinge in der Schule, wie Physik, Dynamik und Statik, sowie Festigkeit von Materialien, W\u00e4rme\u00fcbertragung, und vieles mehr. Es ist auch hilfreich, wenn Du in der Lage bist, Konzepte aus der Chemie und Elektrotechnik zu verstehen und anzuwenden.<\/p>\n<p>Um mehr \u00fcber die Wissenschaft hinter GKs Equipment zu erfahren, besuche unsere <a href=\"https:\/\/www.generalkinematics.com\/de\/gk-zwei-massen-vorteil\/\">Seite Zwei-Massen-Vorteil<\/a> oder diese Seite, auf der Du <a href=\"https:\/\/en.wikipedia.org\/wiki\/Kinematics\" target=\"_blank\" rel=\"noopener\">viel \u00fcber \u201eKinematik\u201c lernst<\/a> oder Klicke auf die Schaltefl\u00e4che \u201eDie Kraft der Vibration\u201c unten um mit einem GK-Bildschirm zu interagieren!<\/p>\n<p>&nbsp;<\/p>\n<p><a href=\"https:\/\/www.generalkinematics.com\/wp-content\/uploads\/2017\/10\/GKrocksconveyor.htm\" target=\"_blank\" rel=\"attachment wp-att-10912 noopener\"><img decoding=\"async\" class=\"aligncenter wp-image-10912\" src=\"https:\/\/www.generalkinematics.com\/wp-content\/uploads\/2017\/10\/the-power-of-vibration.png\" \/><\/a><\/p>\n<p>&nbsp;<\/p>\n<h2>Schaue zu, wie der zuk\u00fcnftige GK-Ingenieur ein Papierflugzeug baut!<\/h2>\n<p>&nbsp;<\/p>\n<div class=\"epyt-video-wrapper\"><iframe  id=\"_ytid_91334\"  width=\"480\" height=\"270\"  data-origwidth=\"480\" data-origheight=\"270\"  data-relstop=\"1\" src=\"https:\/\/www.youtube.com\/embed\/rcTQNGZB_gc?enablejsapi=1&#038;autoplay=0&#038;cc_load_policy=0&#038;cc_lang_pref=&#038;iv_load_policy=1&#038;loop=0&#038;rel=0&#038;fs=1&#038;playsinline=0&#038;autohide=2&#038;theme=dark&#038;color=red&#038;controls=1&#038;disablekb=0&#038;\" class=\"__youtube_prefs__  epyt-is-override  no-lazyload\" title=\"YouTube player\"  allow=\"fullscreen; accelerometer; autoplay; clipboard-write; encrypted-media; gyroscope; picture-in-picture; web-share\" referrerpolicy=\"strict-origin-when-cross-origin\" allowfullscreen data-no-lazy=\"1\" data-skipgform_ajax_framebjll=\"\"><\/iframe><\/div>\n<p><a href=\"https:\/\/www.generalkinematics.com\/contact\/employment-opportunities\/\" target=\"_blank\" rel=\"attachment wp-att-10912 noopener\"><img decoding=\"async\" class=\"aligncenter wp-image-10912\" src=\"https:\/\/www.generalkinematics.com\/wp-content\/uploads\/2016\/04\/button-GK-jobs-390x98.jpg\" srcset=\"https:\/\/www.generalkinematics.com\/wp-content\/uploads\/2016\/04\/button-GK-jobs-390x98.jpg 390w, https:\/\/www.generalkinematics.com\/wp-content\/uploads\/2016\/04\/button-GK-jobs.jpg 400w\" alt=\"button-GK-jobs\" width=\"200\" height=\"50\" \/><\/a>[\/vc_column_text][\/vc_column][\/vc_row]<\/p>\n<\/div>","protected":false},"excerpt":{"rendered":"<p>[vc_row][vc_column][vc_column_text css=&#8220;&#8220;] #FutureGKEngineer Haben Sie sich jemals gefragt, woher der sch\u00f6ne Mulch in den Parks kommt? Oder wie wird Notizbuchpapier recycelt? Wie sieht es mit der Herstellung von Automotoren oder der Herstellung von Fahrradteilen aus? General Kinematics equipment ist an vielen verschiedenen Prozessen, die Sie sich vielleicht gar nicht vorstellen w\u00fcrden, beteiligt! GK braucht intelligente [&hellip;]<\/p>\n","protected":false},"author":7,"featured_media":0,"parent":0,"menu_order":0,"comment_status":"closed","ping_status":"closed","template":"","meta":{"_acf_changed":false,"om_disable_all_campaigns":false,"ep_exclude_from_search":false,"footnotes":""},"class_list":["post-42150","page","type-page","status-publish","hentry"],"acf":[],"yoast_head":"<!-- This site is optimized with the Yoast SEO plugin v27.2 - https:\/\/yoast.com\/product\/yoast-seo-wordpress\/ -->\n<title>Zuk\u00fcnftiger GK-Ingenieur | General Kinematics<\/title>\n<meta name=\"robots\" content=\"index, follow, max-snippet:-1, max-image-preview:large, max-video-preview:-1\" \/>\n<link rel=\"canonical\" href=\"https:\/\/www.generalkinematics.com\/de\/zukuenftiger-gk-ingenieur\/\" \/>\n<meta property=\"og:locale\" content=\"de_DE\" \/>\n<meta property=\"og:type\" content=\"article\" \/>\n<meta property=\"og:title\" content=\"Zuk\u00fcnftiger GK-Ingenieur | General Kinematics\" \/>\n<meta property=\"og:description\" content=\"[vc_row][vc_column][vc_column_text css=&#8220;&#8220;] #FutureGKEngineer Haben Sie sich jemals gefragt, woher der sch\u00f6ne Mulch in den Parks kommt? Oder wie wird Notizbuchpapier recycelt? Wie sieht es mit der Herstellung von Automotoren oder der Herstellung von Fahrradteilen aus? General Kinematics equipment ist an vielen verschiedenen Prozessen, die Sie sich vielleicht gar nicht vorstellen w\u00fcrden, beteiligt! GK braucht intelligente [&hellip;]\" \/>\n<meta property=\"og:url\" content=\"https:\/\/www.generalkinematics.com\/de\/zukuenftiger-gk-ingenieur\/\" \/>\n<meta property=\"og:site_name\" content=\"General Kinematics\" \/>\n<meta property=\"article:publisher\" content=\"https:\/\/www.facebook.com\/generalkinematics\" \/>\n<meta property=\"article:modified_time\" content=\"2024-06-26T21:13:19+00:00\" \/>\n<meta property=\"og:image\" content=\"https:\/\/www.generalkinematics.com\/wp-content\/uploads\/2018\/03\/IMG_0899-390x260.jpg\" \/>\n<meta name=\"twitter:card\" content=\"summary_large_image\" \/>\n<meta name=\"twitter:site\" content=\"@gkvibrating\" \/>\n<meta name=\"twitter:label1\" content=\"Gesch\u00e4tzte Lesezeit\" \/>\n\t<meta name=\"twitter:data1\" content=\"3 Minuten\" \/>\n<!-- \/ Yoast SEO plugin. -->","yoast_head_json":{"title":"Zuk\u00fcnftiger GK-Ingenieur | General Kinematics","robots":{"index":"index","follow":"follow","max-snippet":"max-snippet:-1","max-image-preview":"max-image-preview:large","max-video-preview":"max-video-preview:-1"},"canonical":"https:\/\/www.generalkinematics.com\/de\/zukuenftiger-gk-ingenieur\/","og_locale":"de_DE","og_type":"article","og_title":"Zuk\u00fcnftiger GK-Ingenieur | General Kinematics","og_description":"[vc_row][vc_column][vc_column_text css=&#8220;&#8220;] #FutureGKEngineer Haben Sie sich jemals gefragt, woher der sch\u00f6ne Mulch in den Parks kommt? Oder wie wird Notizbuchpapier recycelt? Wie sieht es mit der Herstellung von Automotoren oder der Herstellung von Fahrradteilen aus? General Kinematics equipment ist an vielen verschiedenen Prozessen, die Sie sich vielleicht gar nicht vorstellen w\u00fcrden, beteiligt! GK braucht intelligente [&hellip;]","og_url":"https:\/\/www.generalkinematics.com\/de\/zukuenftiger-gk-ingenieur\/","og_site_name":"General Kinematics","article_publisher":"https:\/\/www.facebook.com\/generalkinematics","article_modified_time":"2024-06-26T21:13:19+00:00","og_image":[{"url":"https:\/\/www.generalkinematics.com\/wp-content\/uploads\/2018\/03\/IMG_0899-390x260.jpg","type":"","width":"","height":""}],"twitter_card":"summary_large_image","twitter_site":"@gkvibrating","twitter_misc":{"Gesch\u00e4tzte Lesezeit":"3 Minuten"},"schema":{"@context":"https:\/\/schema.org","@graph":[{"@type":"WebPage","@id":"https:\/\/www.generalkinematics.com\/de\/zukuenftiger-gk-ingenieur\/","url":"https:\/\/www.generalkinematics.com\/de\/zukuenftiger-gk-ingenieur\/","name":"Zuk\u00fcnftiger GK-Ingenieur | General Kinematics","isPartOf":{"@id":"https:\/\/www.generalkinematics.com\/de\/#website"},"primaryImageOfPage":{"@id":"https:\/\/www.generalkinematics.com\/de\/zukuenftiger-gk-ingenieur\/#primaryimage"},"image":{"@id":"https:\/\/www.generalkinematics.com\/de\/zukuenftiger-gk-ingenieur\/#primaryimage"},"thumbnailUrl":"https:\/\/www.generalkinematics.com\/wp-content\/uploads\/2018\/03\/IMG_0899-390x260.jpg","datePublished":"2016-05-25T21:42:56+00:00","dateModified":"2024-06-26T21:13:19+00:00","breadcrumb":{"@id":"https:\/\/www.generalkinematics.com\/de\/zukuenftiger-gk-ingenieur\/#breadcrumb"},"inLanguage":"de-DE","potentialAction":[{"@type":"ReadAction","target":["https:\/\/www.generalkinematics.com\/de\/zukuenftiger-gk-ingenieur\/"]}]},{"@type":"ImageObject","inLanguage":"de-DE","@id":"https:\/\/www.generalkinematics.com\/de\/zukuenftiger-gk-ingenieur\/#primaryimage","url":"https:\/\/www.generalkinematics.com\/wp-content\/uploads\/2018\/03\/IMG_0899-390x260.jpg","contentUrl":"https:\/\/www.generalkinematics.com\/wp-content\/uploads\/2018\/03\/IMG_0899-390x260.jpg"},{"@type":"BreadcrumbList","@id":"https:\/\/www.generalkinematics.com\/de\/zukuenftiger-gk-ingenieur\/#breadcrumb","itemListElement":[{"@type":"ListItem","position":1,"name":"GK Home","item":"https:\/\/www.generalkinematics.com\/de\/"},{"@type":"ListItem","position":2,"name":"Zuk\u00fcnftiger GK-Ingenieur"}]},{"@type":"WebSite","@id":"https:\/\/www.generalkinematics.com\/de\/#website","url":"https:\/\/www.generalkinematics.com\/de\/","name":"General Kinematics","description":"","publisher":{"@id":"https:\/\/www.generalkinematics.com\/de\/#organization"},"potentialAction":[{"@type":"SearchAction","target":{"@type":"EntryPoint","urlTemplate":"https:\/\/www.generalkinematics.com\/de\/?s={search_term_string}"},"query-input":{"@type":"PropertyValueSpecification","valueRequired":true,"valueName":"search_term_string"}}],"inLanguage":"de-DE"},{"@type":"Organization","@id":"https:\/\/www.generalkinematics.com\/de\/#organization","name":"General Kinematics","url":"https:\/\/www.generalkinematics.com\/de\/","logo":{"@type":"ImageObject","inLanguage":"de-DE","@id":"https:\/\/www.generalkinematics.com\/de\/#\/schema\/logo\/image\/","url":"https:\/\/media.generalkinematics.com\/wp-content\/uploads\/2018\/03\/logo.png","contentUrl":"https:\/\/media.generalkinematics.com\/wp-content\/uploads\/2018\/03\/logo.png","width":313,"height":100,"caption":"General Kinematics"},"image":{"@id":"https:\/\/www.generalkinematics.com\/de\/#\/schema\/logo\/image\/"},"sameAs":["https:\/\/www.facebook.com\/generalkinematics","https:\/\/x.com\/gkvibrating"]}]}},"_links":{"self":[{"href":"https:\/\/www.generalkinematics.com\/de\/wp-json\/wp\/v2\/pages\/42150","targetHints":{"allow":["GET"]}}],"collection":[{"href":"https:\/\/www.generalkinematics.com\/de\/wp-json\/wp\/v2\/pages"}],"about":[{"href":"https:\/\/www.generalkinematics.com\/de\/wp-json\/wp\/v2\/types\/page"}],"author":[{"embeddable":true,"href":"https:\/\/www.generalkinematics.com\/de\/wp-json\/wp\/v2\/users\/7"}],"replies":[{"embeddable":true,"href":"https:\/\/www.generalkinematics.com\/de\/wp-json\/wp\/v2\/comments?post=42150"}],"version-history":[{"count":0,"href":"https:\/\/www.generalkinematics.com\/de\/wp-json\/wp\/v2\/pages\/42150\/revisions"}],"wp:attachment":[{"href":"https:\/\/www.generalkinematics.com\/de\/wp-json\/wp\/v2\/media?parent=42150"}],"curies":[{"name":"wp","href":"https:\/\/api.w.org\/{rel}","templated":true}]}}