{"id":42731,"date":"2018-01-29T12:01:46","date_gmt":"2018-01-29T18:01:46","guid":{"rendered":"https:\/\/www.generalkinematics.com\/gieserei-ausrustung\/"},"modified":"2022-12-07T15:27:54","modified_gmt":"2022-12-07T21:27:54","slug":"gieserei-ausrustung","status":"publish","type":"page","link":"https:\/\/www.generalkinematics.com\/de\/gieserei-ausrustung\/","title":{"rendered":"Giesserei &#038; Metallguss"},"content":{"rendered":"<div class=\"wpb-content-wrapper\"><p>[vc_row el_class=&#8220;category_page&#8220;][vc_column][vc_column_text]<strong>Vom Schrottplatz bis zum Versand hat General Kinematics Gie\u00dferei-Ausr\u00fcstung eine L\u00f6sung verf\u00fcgbar, um Ihren Gie\u00dfereimaterialfluss und Ihre Produktivit\u00e4t zu verbessern&#8230;<\/strong><\/p>\n<p>Mit der gr\u00f6\u00dften Auswahl an Vibrations- und Rotationsgie\u00dfereimaschinen, die in der Branche verf\u00fcgbar sind, kann GK Verbesserungen des Prozessablaufs erzielen, die einen echten Wert f\u00fcr Ihren Durchsatz und Ihr Ergebnis darstellen (giesserei ausr\u00fcstung). GK hat dazu beigetragen, dass die profitabelsten und effizientesten Gie\u00dfereien ihre Kapitalinvestitionen in Gewinne umwandeln. GK-Gie\u00dferei-Equipment (giesserei ausr\u00fcstung) erh\u00f6ht den Gussteildurchsatz, verringert Gussteilsch\u00e4den und senkt die Instandhaltungskosten. Sehen Sie sich unsere Auswahl an Gie\u00dfereimaschinen unten an und klicken Sie auf jede, um mehr \u00fcber die Funktionen und Vorteile zu erfahren![\/vc_column_text][\/vc_column][\/vc_row][vc_row el_class=&#8220;button_div category_page&#8220;][vc_column][vc_btn title=&#8220;Gr\u00fcnsand&#8220; style=&#8220;classic&#8220; shape=&#8220;square&#8220; link=&#8220;url:%23gr%C3%BCn_sand|&#8220; el_class=&#8220;scrollable&#8220;][vc_btn title=&#8220;No-Bake&#8220; style=&#8220;classic&#8220; shape=&#8220;square&#8220; link=&#8220;url:%23no_bake|&#8220; el_class=&#8220;scrollable&#8220;][vc_btn title=&#8220;Material-Wiederaufbereitung&#8220; style=&#8220;classic&#8220; shape=&#8220;square&#8220; link=&#8220;url:%23material_reklamation|&#8220; el_class=&#8220;scrollable&#8220;][vc_btn title=&#8220;Auswahltools&#8220; style=&#8220;classic&#8220; shape=&#8220;square&#8220; link=&#8220;url:%23auswahltools|&#8220; el_class=&#8220;scrollable&#8220;][vc_btn title=&#8220;Weitere Gie\u00dfereil\u00f6sungen&#8220; style=&#8220;classic&#8220; shape=&#8220;square&#8220; link=&#8220;url:%23andere_l%C3%B6sungen|&#8220; el_class=&#8220;scrollable&#8220;][\/vc_column][\/vc_row][vc_row full_width=&#8220;stretch_row&#8220; el_class=&#8220;category_page&#8220; css=&#8220;.vc_custom_1522100907601{background-image: url(https:\/\/www.generalkinematics.com\/wp-content\/uploads\/2018\/03\/industry-landing-lines.png?id=34782) !important;background-position: 0 0 !important;background-repeat: no-repeat !important;}&#8220; el_id=&#8220;green_sand&#8220;][vc_column][vc_custom_heading text=&#8220;Gr\u00fcnsand&#8220; font_container=&#8220;tag:h2|text_align:center|color:%239f2437&#8243; use_theme_fonts=&#8220;yes&#8220;][vc_column_text]<em>General Kinematics entwickelt und fertigt eine vollst\u00e4ndige Palette von L\u00f6sungen f\u00fcr jeden Bereich in Ihrer Gr\u00fcnsandgie\u00dferei.<\/em><\/p>\n<div align=\"center\"><\/div>\n<p>[\/vc_column_text][\/vc_column][\/vc_row][vc_row el_class=&#8220;container category_page cat_image&#8220;][vc_column width=&#8220;1\/3&#8243;][vc_single_image image=&#8220;26303&#8243; img_size=&#8220;full&#8220; alignment=&#8220;center&#8220; onclick=&#8220;custom_link&#8220; title=&#8220;Ausschlagrostbereich&#8220; link=&#8220;https:\/\/www.generalkinematics.com\/de\/produkt-kategorie\/lordungen-fuer-giesserei-und-metallguss\/vibrationstrommeln-und-trennrinnen\/vibrations-und-rotationsseparation\/&#8220;][\/vc_column][vc_column width=&#8220;1\/3&#8243;][vc_single_image image=&#8220;26311&#8243; img_size=&#8220;full&#8220; alignment=&#8220;center&#8220; onclick=&#8220;custom_link&#8220; title=&#8220;GUSSK\u00dcHLUNG&#8220; link=&#8220;https:\/\/www.generalkinematics.com\/de\/produkt-kategorie\/lordungen-fuer-giesserei-und-metallguss\/gusskuehlung\/&#8220;][\/vc_column][vc_column width=&#8220;1\/3&#8243;][vc_single_image image=&#8220;42199&#8243; img_size=&#8220;full&#8220; alignment=&#8220;center&#8220; onclick=&#8220;custom_link&#8220; title=&#8220;GUSSNACHBEHANDLUNG \/ PUTZEREI&#8220; link=&#8220;https:\/\/www.generalkinematics.com\/de\/produkt-kategorie\/lordungen-fuer-giesserei-und-metallguss\/loesungen-fuer-die-putzerei\/&#8220;][\/vc_column][\/vc_row][vc_row el_class=&#8220;container category_page cat_image&#8220;][vc_column width=&#8220;1\/3&#8243;][vc_single_image image=&#8220;42189&#8243; img_size=&#8220;full&#8220; alignment=&#8220;center&#8220; onclick=&#8220;custom_link&#8220; title=&#8220;Material-Handhabung&#8220; link=&#8220;https:\/\/www.generalkinematics.com\/de\/produkt-kategorie\/lordungen-fuer-giesserei-und-metallguss\/materielhandling\/&#8220;][\/vc_column][vc_column width=&#8220;1\/3&#8243;][vc_single_image image=&#8220;42194&#8243; img_size=&#8220;full&#8220; alignment=&#8220;center&#8220; onclick=&#8220;custom_link&#8220; title=&#8220;SCHMELZBETRIEB&#8220; link=&#8220;https:\/\/www.generalkinematics.com\/de\/produkt-kategorie\/lordungen-fuer-giesserei-und-metallguss\/schmelzdeck-ausruestung\/&#8220;][\/vc_column][vc_column width=&#8220;1\/3&#8243;][vc_single_image image=&#8220;30624&#8243; img_size=&#8220;full&#8220; alignment=&#8220;center&#8220; onclick=&#8220;custom_link&#8220; title=&#8220;SANDAUFBEREITUNG&#8220; link=&#8220;https:\/\/www.generalkinematics.com\/de\/produkt-kategorie\/sand-verarbeitung-und-handhabung\/&#8220;][\/vc_column][\/vc_row][vc_row full_width=&#8220;stretch_row&#8220; el_class=&#8220;category_page&#8220; css=&#8220;.vc_custom_1522101495395{background-image: url(https:\/\/www.generalkinematics.com\/wp-content\/uploads\/2018\/03\/industry-landing-lines.png?id=34782) !important;background-position: 0 0 !important;background-repeat: no-repeat !important;}&#8220; el_id=&#8220;no_bake&#8220;][vc_column][vc_custom_heading text=&#8220;No-Bake&#8220; font_container=&#8220;tag:h2|text_align:center|color:%239f2437&#8243; use_theme_fonts=&#8220;yes&#8220;][vc_column_text]<\/p>\n<p id=\"tw-target-text\" class=\"tw-data-text tw-ta tw-text-large\" dir=\"ltr\" data-placeholder=\"Translation\"><em>No-Bake Giesserei Ausr\u00fcstung von General Kinematics bedeutet weniger Ausfallzeiten und besseren Durchsatz.<\/em><\/p>\n<div align=\"center\"><\/div>\n<div align=\"center\"><\/div>\n<p>[\/vc_column_text][\/vc_column][\/vc_row][vc_row el_class=&#8220;container category_page cat_image&#8220;][vc_column width=&#8220;1\/3&#8243;][vc_single_image image=&#8220;42234&#8243; img_size=&#8220;full&#8220; alignment=&#8220;center&#8220; onclick=&#8220;custom_link&#8220; title=&#8220;Schmelzabteilung&#8220; link=&#8220;https:\/\/www.generalkinematics.com\/de\/produkt-kategorie\/lordungen-fuer-giesserei-und-metallguss\/schmelzdeck-ausruestung\/&#8220;][\/vc_column][vc_column width=&#8220;1\/3&#8243;][vc_single_image image=&#8220;42204&#8243; img_size=&#8220;full&#8220; alignment=&#8220;center&#8220; onclick=&#8220;custom_link&#8220; title=&#8220;Ausschlagrostbereich&#8220; link=&#8220;https:\/\/www.generalkinematics.com\/de\/produkt-kategorie\/lordungen-fuer-giesserei-und-metallguss\/vibrationstrommeln-und-trennrinnen\/trennrinne\/&#8220;][\/vc_column][vc_column width=&#8220;1\/3&#8243;][vc_single_image image=&#8220;42209&#8243; img_size=&#8220;full&#8220; alignment=&#8220;center&#8220; onclick=&#8220;custom_link&#8220; title=&#8220;KNOLLENZERKLEINERUNG&#8220; link=&#8220;https:\/\/www.generalkinematics.com\/de\/produkt-kategorie\/lordungen-fuer-giesserei-und-metallguss\/sandsysteme-sandaufbereitung\/sandzerkleinerer\/&#8220;][\/vc_column][\/vc_row][vc_row el_class=&#8220;container category_page cat_image&#8220;][vc_column width=&#8220;1\/3&#8243;][vc_single_image image=&#8220;42218&#8243; img_size=&#8220;full&#8220; alignment=&#8220;center&#8220; onclick=&#8220;custom_link&#8220; title=&#8220;Sandk\u00fchlung\/-heizung&#8220; link=&#8220;https:\/\/www.generalkinematics.com\/de\/produkt-kategorie\/lordungen-fuer-giesserei-und-metallguss\/sandsysteme-sandaufbereitung\/sandkuehler\/&#8220;][\/vc_column][vc_column width=&#8220;1\/3&#8243;][vc_single_image image=&#8220;26039&#8243; img_size=&#8220;full&#8220; alignment=&#8220;center&#8220; onclick=&#8220;custom_link&#8220; title=&#8220;Material-Handhabung&#8220; link=&#8220;https:\/\/www.generalkinematics.com\/de\/produkt-kategorie\/lordungen-fuer-giesserei-und-metallguss\/materielhandling\/&#8220;][\/vc_column][vc_column width=&#8220;1\/3&#8243;][vc_single_image image=&#8220;22103&#8243; img_size=&#8220;full&#8220; alignment=&#8220;center&#8220; onclick=&#8220;custom_link&#8220; title=&#8220;Sonstiges Equipment&#8220; link=&#8220;https:\/\/www.generalkinematics.com\/de\/produkt-kategorie\/lordungen-fuer-giesserei-und-metallguss\/andere-loesungen\/&#8220;][\/vc_column][\/vc_row][vc_row full_width=&#8220;stretch_row&#8220; el_class=&#8220;category_page&#8220; css=&#8220;.vc_custom_1522101514499{background-image: url(https:\/\/www.generalkinematics.com\/wp-content\/uploads\/2018\/03\/industry-landing-lines.png?id=34782) !important;background-position: 0 0 !important;background-repeat: no-repeat !important;}&#8220; el_id=&#8220;material_reclamation&#8220;][vc_column][vc_custom_heading text=&#8220;Material-Wiederaufbereitung&#8220; font_container=&#8220;tag:h2|text_align:center|color:%239f2437&#8243; use_theme_fonts=&#8220;yes&#8220;][vc_column_text]<em>Bei schwierig handzuhabenden Materialanwendungen ist GK einzigartig positioniert und bietet Vibrations- und Rotationsl\u00f6sungen an, die den Betrieb einfacher, sicherer und effizienter machen.<\/em><\/p>\n<div align=\"center\"><\/div>\n<div align=\"center\"><\/div>\n<p>[\/vc_column_text][\/vc_column][\/vc_row][vc_row el_class=&#8220;container category_page cat_image&#8220;][vc_column width=&#8220;1\/3&#8243;][vc_single_image image=&#8220;42223&#8243; img_size=&#8220;full&#8220; alignment=&#8220;center&#8220; onclick=&#8220;custom_link&#8220; title=&#8220;VIBRA-DRUM\u00ae-Schlacke-Wiederaufbereitungssysteme&#8220; link=&#8220;https:\/\/www.generalkinematics.com\/de\/produkt\/ruckstands-wiederaufbereitungssysteme\/&#8220;][\/vc_column][vc_column width=&#8220;1\/3&#8243;][vc_single_image image=&#8220;26879&#8243; img_size=&#8220;full&#8220; alignment=&#8220;center&#8220; onclick=&#8220;custom_link&#8220; title=&#8220;DUCTA-SERIES\u2122- WiederaufbereitungsanlageN&#8220; link=&#8220;https:\/\/www.generalkinematics.com\/de\/produkt\/ducta-claim-klumpen-drehbrecher-sand-wiederaufbereitungsanlage\/&#8220;][\/vc_column][vc_column width=&#8220;1\/3&#8243;][vc_single_image image=&#8220;42234&#8243; img_size=&#8220;full&#8220; alignment=&#8220;center&#8220; onclick=&#8220;custom_link&#8220; title=&#8220;Nasse \/ trockene Schlacken-Vibrations-Abschrecken&#8220; link=&#8220;https:\/\/www.generalkinematics.com\/de\/produkt\/kuhlforderer-fur-trockene\/&#8220;][\/vc_column][\/vc_row][vc_row full_width=&#8220;stretch_row&#8220; el_class=&#8220;category_page&#8220; css=&#8220;.vc_custom_1522101534553{background-image: url(https:\/\/www.generalkinematics.com\/wp-content\/uploads\/2018\/03\/industry-landing-lines.png?id=34782) !important;background-position: 0 0 !important;background-repeat: no-repeat !important;}&#8220; el_id=&#8220;selector_tools&#8220;][vc_column][vc_custom_heading text=&#8220;Auswahltools&#8220; font_container=&#8220;tag:h2|text_align:center|color:%239f2437&#8243; use_theme_fonts=&#8220;yes&#8220;][vc_column_text]<em>General Kinematics ist auf Vibrations- und Dreh-Ausschlagrost-L\u00f6sungen f\u00fcr die Gie\u00dfereiindustrie spezialisiert. Von kleinen Sieben bis hin zu gigantischen No-Bake-Ausschlagrost-Systemen hat GK die richtige L\u00f6sung, um Ihre Gussteile zu befreien.\u00a0Benutzen Sie die Auswahl-Tools, um die f\u00fcr Ihre Anforderungen passende Gie\u00dferei-Ausr\u00fcstung zu finden.<\/em><\/p>\n<div align=\"center\"><\/div>\n<p>[\/vc_column_text][\/vc_column][\/vc_row][vc_row el_class=&#8220;container category_page cat_image&#8220;][vc_column width=&#8220;1\/4&#8243;][vc_single_image image=&#8220;16963&#8243; img_size=&#8220;full&#8220; alignment=&#8220;center&#8220; onclick=&#8220;custom_link&#8220; title=&#8220;DUCTA-CLEAN\u00ae-Gie\u00dferei-Drehtrommel&#8220; link=&#8220;https:\/\/www.generalkinematics.com\/de\/gieserei-ausrustung\/ductaseries-rotary-foundry-drums\/&#8220;][\/vc_column][vc_column width=&#8220;1\/4&#8243;][vc_single_image image=&#8220;26347&#8243; img_size=&#8220;full&#8220; alignment=&#8220;center&#8220; onclick=&#8220;custom_link&#8220; title=&#8220;GK-Ausschlagrost-Auswahlzentrum&#8220; link=&#8220;https:\/\/www.generalkinematics.com\/de\/gieserei-ausrustung\/wahlschalter-losungen-fur-gieserei-und-metallguss\/&#8220;][\/vc_column][vc_column width=&#8220;1\/4&#8243;][vc_single_image image=&#8220;26039&#8243; img_size=&#8220;full&#8220; alignment=&#8220;center&#8220; onclick=&#8220;custom_link&#8220; title=&#8220;F\u00f6rdererauswahl&#8220; link=&#8220;https:\/\/www.generalkinematics.com\/de\/produkt\/vibrationsforderer-fur-giesereianwendungen\/&#8220;][\/vc_column][vc_column width=&#8220;1\/4&#8243;][vc_single_image image=&#8220;42244&#8243; img_size=&#8220;full&#8220; alignment=&#8220;center&#8220; onclick=&#8220;custom_link&#8220; title=&#8220;Beschickungsanlagenauswahl&#8220; link=&#8220;https:\/\/www.generalkinematics.com\/de\/gieserei-ausrustung\/vibratory-feeders-for-foundry\/&#8220;][\/vc_column][\/vc_row][vc_row full_width=&#8220;stretch_row&#8220; el_class=&#8220;category_page&#8220; css=&#8220;.vc_custom_1522107477225{background-image: url(https:\/\/www.generalkinematics.com\/wp-content\/uploads\/2018\/03\/industry-landing-lines.png?id=34782) !important;background-position: 0 0 !important;background-repeat: no-repeat !important;}&#8220; el_id=&#8220;other_solutions&#8220;][vc_column][vc_custom_heading text=&#8220;Weitere Gie\u00dfereil\u00f6sungen&#8220; font_container=&#8220;tag:h2|text_align:center|color:%239f2437&#8243; use_theme_fonts=&#8220;yes&#8220;][vc_column_text]<em>General Kinematics kann auf eine lange Geschichte der Anwendung der Vibrationswissenschaft auf einzigartige Anwendungen verweisen. Hier finden Sie noch mehr Equipment-L\u00f6sungen, die von den besten Gie\u00dfereien der Welt eingesetzt werden.<\/em><\/p>\n<div align=\"center\"><\/div>\n<div align=\"center\"><\/div>\n<p>[\/vc_column_text][\/vc_column][\/vc_row][vc_row el_class=&#8220;container category_page cat_image&#8220;][vc_column width=&#8220;1\/3&#8243;][vc_single_image image=&#8220;42249&#8243; img_size=&#8220;full&#8220; alignment=&#8220;center&#8220; onclick=&#8220;custom_link&#8220; title=&#8220;Lost-Foam-Gusssystem&#8220; link=&#8220;https:\/\/www.generalkinematics.com\/de\/produkt\/lost-foam-gusssystem\/&#8220;][\/vc_column][vc_column width=&#8220;1\/3&#8243;][vc_single_image image=&#8220;26043&#8243; img_size=&#8220;full&#8220; alignment=&#8220;center&#8220; onclick=&#8220;custom_link&#8220; title=&#8220;VIBRA-CLEAN\u2122-Medium-Vibrationstrommel&#8220; link=&#8220;https:\/\/www.generalkinematics.com\/de\/produkt\/medium-vibrationstrommel\/&#8220;][\/vc_column][vc_column width=&#8220;1\/3&#8243;][vc_single_image image=&#8220;42254&#8243; img_size=&#8220;full&#8220; alignment=&#8220;center&#8220; onclick=&#8220;custom_link&#8220; title=&#8220;VIBRA-JAW\u2122 KREISLAUFBRECHER&#8220; link=&#8220;https:\/\/www.generalkinematics.com\/de\/produkt\/vibra-jaw-vibrations-backenbrecher\/&#8220;][\/vc_column][\/vc_row][vc_row el_class=&#8220;container category_page cat_image&#8220;][vc_column width=&#8220;1\/3&#8243;][vc_single_image image=&#8220;42260&#8243; img_size=&#8220;full&#8220; alignment=&#8220;center&#8220; onclick=&#8220;custom_link&#8220; title=&#8220;Kn\u00fcppelbeschickungsanlagen f\u00fcr Induktionssysteme&#8220; link=&#8220;https:\/\/www.generalkinematics.com\/de\/produkt\/knuppelbeschickungsanlagen-fur-induktionssysteme\/&#8220;][\/vc_column][vc_column width=&#8220;1\/3&#8243;][vc_single_image image=&#8220;24495&#8243; img_size=&#8220;full&#8220; alignment=&#8220;center&#8220; onclick=&#8220;custom_link&#8220; title=&#8220;LOCK-TITE\u2122-Drehtrommel-Auskleidungen und Geh\u00e4use&#8220; link=&#8220;https:\/\/www.generalkinematics.com\/de\/produkt\/lock-tite-drehtrommel-auskleidungen-und-gehause\/&#8220;][\/vc_column][vc_column width=&#8220;1\/3&#8243;][vc_single_image image=&#8220;26027&#8243; img_size=&#8220;full&#8220; alignment=&#8220;center&#8220; onclick=&#8220;custom_link&#8220; title=&#8220;Druckgussverarbeitung&#8220; link=&#8220;\/de\/druckguss-schrott-losungen\/&#8220;][\/vc_column][\/vc_row]<\/p>\n<\/div>","protected":false},"excerpt":{"rendered":"<p>[vc_row el_class=&#8220;category_page&#8220;][vc_column][vc_column_text]Vom Schrottplatz bis zum Versand hat General Kinematics Gie\u00dferei-Ausr\u00fcstung eine L\u00f6sung verf\u00fcgbar, um Ihren Gie\u00dfereimaterialfluss und Ihre Produktivit\u00e4t zu verbessern&#8230; Mit der gr\u00f6\u00dften Auswahl an Vibrations- und Rotationsgie\u00dfereimaschinen, die in der Branche verf\u00fcgbar sind, kann GK Verbesserungen des Prozessablaufs erzielen, die einen echten Wert f\u00fcr Ihren Durchsatz und Ihr Ergebnis darstellen (giesserei ausr\u00fcstung). GK [&hellip;]<\/p>\n","protected":false},"author":101026,"featured_media":34890,"parent":0,"menu_order":0,"comment_status":"closed","ping_status":"closed","template":"page-templates\/page-full-width.php","meta":{"_acf_changed":false,"om_disable_all_campaigns":false,"ep_exclude_from_search":false,"footnotes":""},"class_list":["post-42731","page","type-page","status-publish","has-post-thumbnail","hentry"],"acf":[],"yoast_head":"<!-- This site is optimized with the Yoast SEO plugin v27.2 - https:\/\/yoast.com\/product\/yoast-seo-wordpress\/ -->\n<title>Gusstechnik und Giesserei Ausr\u00fcstung | General Kinematics<\/title>\n<meta name=\"description\" content=\"Entdecken Sie, wie Gusstechnik dank der richtigen Giesserei Ausr\u00fcstung den Arbeitsablauf und die Produktivit\u00e4t steigern kann. General Kinematics bietet die perfekte L\u00f6sung f\u00fcr jede Gie\u00dferei.\" \/>\n<meta name=\"robots\" content=\"index, follow, max-snippet:-1, max-image-preview:large, max-video-preview:-1\" \/>\n<link rel=\"canonical\" href=\"https:\/\/www.generalkinematics.com\/de\/gieserei-ausrustung\/\" \/>\n<meta property=\"og:locale\" content=\"de_DE\" \/>\n<meta property=\"og:type\" content=\"article\" \/>\n<meta property=\"og:title\" content=\"Gusstechnik und Giesserei Ausr\u00fcstung | General Kinematics\" \/>\n<meta property=\"og:description\" content=\"Entdecken Sie, wie Gusstechnik dank der richtigen Giesserei Ausr\u00fcstung den Arbeitsablauf und die Produktivit\u00e4t steigern kann. General Kinematics bietet die perfekte L\u00f6sung f\u00fcr jede Gie\u00dferei.\" \/>\n<meta property=\"og:url\" content=\"https:\/\/www.generalkinematics.com\/de\/gieserei-ausrustung\/\" \/>\n<meta property=\"og:site_name\" content=\"General Kinematics\" \/>\n<meta property=\"article:publisher\" content=\"https:\/\/www.facebook.com\/generalkinematics\" \/>\n<meta property=\"article:modified_time\" content=\"2022-12-07T21:27:54+00:00\" \/>\n<meta property=\"og:image\" content=\"https:\/\/media.generalkinematics.com\/wp-content\/uploads\/2018\/03\/Foundry-Header-80.jpg\" \/>\n\t<meta property=\"og:image:width\" content=\"1202\" \/>\n\t<meta property=\"og:image:height\" content=\"632\" \/>\n\t<meta property=\"og:image:type\" content=\"image\/jpeg\" \/>\n<meta name=\"twitter:card\" content=\"summary_large_image\" \/>\n<meta name=\"twitter:site\" content=\"@gkvibrating\" \/>\n<meta name=\"twitter:label1\" content=\"Gesch\u00e4tzte Lesezeit\" \/>\n\t<meta name=\"twitter:data1\" content=\"3 Minuten\" \/>\n<!-- \/ Yoast SEO plugin. -->","yoast_head_json":{"title":"Gusstechnik und Giesserei Ausr\u00fcstung | General Kinematics","description":"Entdecken Sie, wie Gusstechnik dank der richtigen Giesserei Ausr\u00fcstung den Arbeitsablauf und die Produktivit\u00e4t steigern kann. General Kinematics bietet die perfekte L\u00f6sung f\u00fcr jede Gie\u00dferei.","robots":{"index":"index","follow":"follow","max-snippet":"max-snippet:-1","max-image-preview":"max-image-preview:large","max-video-preview":"max-video-preview:-1"},"canonical":"https:\/\/www.generalkinematics.com\/de\/gieserei-ausrustung\/","og_locale":"de_DE","og_type":"article","og_title":"Gusstechnik und Giesserei Ausr\u00fcstung | General Kinematics","og_description":"Entdecken Sie, wie Gusstechnik dank der richtigen Giesserei Ausr\u00fcstung den Arbeitsablauf und die Produktivit\u00e4t steigern kann. General Kinematics bietet die perfekte L\u00f6sung f\u00fcr jede Gie\u00dferei.","og_url":"https:\/\/www.generalkinematics.com\/de\/gieserei-ausrustung\/","og_site_name":"General Kinematics","article_publisher":"https:\/\/www.facebook.com\/generalkinematics","article_modified_time":"2022-12-07T21:27:54+00:00","og_image":[{"width":1202,"height":632,"url":"https:\/\/media.generalkinematics.com\/wp-content\/uploads\/2018\/03\/Foundry-Header-80.jpg","type":"image\/jpeg"}],"twitter_card":"summary_large_image","twitter_site":"@gkvibrating","twitter_misc":{"Gesch\u00e4tzte Lesezeit":"3 Minuten"},"schema":{"@context":"https:\/\/schema.org","@graph":[{"@type":"WebPage","@id":"https:\/\/www.generalkinematics.com\/de\/gieserei-ausrustung\/","url":"https:\/\/www.generalkinematics.com\/de\/gieserei-ausrustung\/","name":"Gusstechnik und Giesserei Ausr\u00fcstung | General Kinematics","isPartOf":{"@id":"https:\/\/www.generalkinematics.com\/de\/#website"},"primaryImageOfPage":{"@id":"https:\/\/www.generalkinematics.com\/de\/gieserei-ausrustung\/#primaryimage"},"image":{"@id":"https:\/\/www.generalkinematics.com\/de\/gieserei-ausrustung\/#primaryimage"},"thumbnailUrl":"https:\/\/media.generalkinematics.com\/wp-content\/uploads\/2018\/03\/Foundry-Header-80.jpg","datePublished":"2018-01-29T18:01:46+00:00","dateModified":"2022-12-07T21:27:54+00:00","description":"Entdecken Sie, wie Gusstechnik dank der richtigen Giesserei Ausr\u00fcstung den Arbeitsablauf und die Produktivit\u00e4t steigern kann. General Kinematics bietet die perfekte L\u00f6sung f\u00fcr jede Gie\u00dferei.","breadcrumb":{"@id":"https:\/\/www.generalkinematics.com\/de\/gieserei-ausrustung\/#breadcrumb"},"inLanguage":"de-DE","potentialAction":[{"@type":"ReadAction","target":["https:\/\/www.generalkinematics.com\/de\/gieserei-ausrustung\/"]}]},{"@type":"ImageObject","inLanguage":"de-DE","@id":"https:\/\/www.generalkinematics.com\/de\/gieserei-ausrustung\/#primaryimage","url":"https:\/\/media.generalkinematics.com\/wp-content\/uploads\/2018\/03\/Foundry-Header-80.jpg","contentUrl":"https:\/\/media.generalkinematics.com\/wp-content\/uploads\/2018\/03\/Foundry-Header-80.jpg","width":1202,"height":632},{"@type":"BreadcrumbList","@id":"https:\/\/www.generalkinematics.com\/de\/gieserei-ausrustung\/#breadcrumb","itemListElement":[{"@type":"ListItem","position":1,"name":"GK Home","item":"https:\/\/www.generalkinematics.com\/de\/"},{"@type":"ListItem","position":2,"name":"Giesserei &#038; Metallguss"}]},{"@type":"WebSite","@id":"https:\/\/www.generalkinematics.com\/de\/#website","url":"https:\/\/www.generalkinematics.com\/de\/","name":"General Kinematics","description":"","publisher":{"@id":"https:\/\/www.generalkinematics.com\/de\/#organization"},"potentialAction":[{"@type":"SearchAction","target":{"@type":"EntryPoint","urlTemplate":"https:\/\/www.generalkinematics.com\/de\/?s={search_term_string}"},"query-input":{"@type":"PropertyValueSpecification","valueRequired":true,"valueName":"search_term_string"}}],"inLanguage":"de-DE"},{"@type":"Organization","@id":"https:\/\/www.generalkinematics.com\/de\/#organization","name":"General Kinematics","url":"https:\/\/www.generalkinematics.com\/de\/","logo":{"@type":"ImageObject","inLanguage":"de-DE","@id":"https:\/\/www.generalkinematics.com\/de\/#\/schema\/logo\/image\/","url":"https:\/\/media.generalkinematics.com\/wp-content\/uploads\/2018\/03\/logo.png","contentUrl":"https:\/\/media.generalkinematics.com\/wp-content\/uploads\/2018\/03\/logo.png","width":313,"height":100,"caption":"General Kinematics"},"image":{"@id":"https:\/\/www.generalkinematics.com\/de\/#\/schema\/logo\/image\/"},"sameAs":["https:\/\/www.facebook.com\/generalkinematics","https:\/\/x.com\/gkvibrating"]}]}},"_links":{"self":[{"href":"https:\/\/www.generalkinematics.com\/de\/wp-json\/wp\/v2\/pages\/42731","targetHints":{"allow":["GET"]}}],"collection":[{"href":"https:\/\/www.generalkinematics.com\/de\/wp-json\/wp\/v2\/pages"}],"about":[{"href":"https:\/\/www.generalkinematics.com\/de\/wp-json\/wp\/v2\/types\/page"}],"author":[{"embeddable":true,"href":"https:\/\/www.generalkinematics.com\/de\/wp-json\/wp\/v2\/users\/101026"}],"replies":[{"embeddable":true,"href":"https:\/\/www.generalkinematics.com\/de\/wp-json\/wp\/v2\/comments?post=42731"}],"version-history":[{"count":0,"href":"https:\/\/www.generalkinematics.com\/de\/wp-json\/wp\/v2\/pages\/42731\/revisions"}],"wp:featuredmedia":[{"embeddable":true,"href":"https:\/\/www.generalkinematics.com\/de\/wp-json\/wp\/v2\/media\/34890"}],"wp:attachment":[{"href":"https:\/\/www.generalkinematics.com\/de\/wp-json\/wp\/v2\/media?parent=42731"}],"curies":[{"name":"wp","href":"https:\/\/api.w.org\/{rel}","templated":true}]}}