{"id":42976,"date":"2018-04-05T20:42:43","date_gmt":"2018-04-06T01:42:43","guid":{"rendered":"https:\/\/www.generalkinematics.com\/gieserei-ausrustung\/anguss-drehmuhle\/"},"modified":"2020-07-21T08:43:52","modified_gmt":"2020-07-21T13:43:52","slug":"ductaseries-rotary-foundry-drums","status":"publish","type":"page","link":"https:\/\/www.generalkinematics.com\/de\/gieserei-ausrustung\/ductaseries-rotary-foundry-drums\/","title":{"rendered":"DUCTA-SERIES\u00ae-Gie\u00dferei-Drehtrommel"},"content":{"rendered":"<div class=\"wpb-content-wrapper\"><p>[vc_row][vc_column][vc_column_text]<\/p>\n<h1><img decoding=\"async\" class=\"alignleft\" src=\"https:\/\/www.generalkinematics.com\/wp-content\/uploads\/2013\/02\/ducta-series-rotary-main-drum-1.png\" alt=\"\" width=\"533\" height=\"382\" \/><\/h1>\n<h2>Hochleistungs-Drehmaschinen f\u00fcr wahre Metallgie\u00dfer<\/h2>\n<p>&nbsp;<\/p>\n<p>&nbsp;<\/p>\n<h2>Innovative Eigenschaften. Weniger Wartung. Unerreichter Service.<\/h2>\n<p>Wie machen Sie ein Produkt besser? Sie fragen die Leute, die es benutzen. Genau das hat GK bei der Konstruktion der DUCTA-SERIES\u2122-Linie von Drehtrommeln getan. Einfach zu wartende Ausf\u00fchrung, Auskleidung, die mit wenig Personal montiert werden kann, und ein Gesamtpaket mit GK-Vertrieb und Service, um Sie zu unterst\u00fctzen, sind nur einige der Vorteile, die die GK DUCTA-SERIES\u2122 f\u00fcr Ihre Gie\u00dferei mit sich bringt.<\/p>\n<h2><\/h2>\n<h2><\/h2>\n<div>\n<p>&nbsp;<\/p>\n<\/div>\n<p>[\/vc_column_text][\/vc_column][\/vc_row][vc_row][vc_column][vc_empty_space][vc_separator border_width=&#8220;2&#8243;][vc_empty_space][\/vc_column][\/vc_row][vc_row][vc_column width=&#8220;1\/6&#8243;][\/vc_column][vc_column width=&#8220;1\/6&#8243;][vc_btn title=&#8220;Konstruktions-Vorteile&#8220; style=&#8220;flat&#8220; shape=&#8220;square&#8220; color=&#8220;inverse&#8220; link=&#8220;url:%23screen_info|&#8220;][\/vc_column][vc_column width=&#8220;1\/6&#8243;][vc_btn title=&#8220;Trommel-Optionen&#8220; style=&#8220;flat&#8220; shape=&#8220;square&#8220; color=&#8220;inverse&#8220; link=&#8220;url:%23xl_series|&#8220;][\/vc_column][vc_column width=&#8220;1\/6&#8243;][vc_btn title=&#8220; Auskleidungen &#8220; style=&#8220;flat&#8220; shape=&#8220;square&#8220; color=&#8220;inverse&#8220; link=&#8220;url:%23liners|&#8220;][\/vc_column][vc_column width=&#8220;1\/6&#8243;][vc_btn title=&#8220;Videos&#8220; style=&#8220;flat&#8220; shape=&#8220;square&#8220; color=&#8220;inverse&#8220; link=&#8220;url:%23rotary_videos|&#8220;][\/vc_column][vc_column width=&#8220;1\/6&#8243;][\/vc_column][\/vc_row][vc_row][vc_column][vc_empty_space][vc_separator border_width=&#8220;2&#8243;][\/vc_column][vc_column][\/vc_column][\/vc_row][vc_row][vc_column el_id=&#8220;screen_info&#8220;][vc_empty_space height=&#8220;92px&#8220;][\/vc_column][\/vc_row][vc_row][vc_column][vc_column_text]<\/p>\n<h2><strong>Zwei Ausf\u00fchrungen\u00a0\u2013 auch f\u00fcr Ihren Prozess ist die richtige dabei.<br \/>\n<\/strong><\/h2>\n<div><\/div>\n<div>\n<p>Wir sind ein Unternehmen, das seine L\u00f6sungen selbst entwickelt. Somit sind wir stets auf der Suche nach M\u00f6glichkeiten, die Anlagen zu verbessern, die in Ihre Prozesse integriert werden sollen. Das gilt auch f\u00fcr unsere Gie\u00dferei-Drehtrommeln. General Kinematics beurteilt Ihre Prozessanforderungen und den Installationsort individuell und entwirft die passende Anlagenl\u00f6sung f\u00fcr Sie. Wir haben verschiedene Konstruktionsphilosophien, die von Ihrer Anwendung und Ihrer Prozessanordnung abh\u00e4ngen.<\/p>\n<\/div>\n<p>[\/vc_column_text][\/vc_column][\/vc_row][vc_row][vc_column][vc_column_text]<\/p>\n<h2>Drehtrommeln der XL-Serie<\/h2>\n<p>Unsere wartungs\u00e4rmste Produktoption ist die Drehtrommelreihe DUCTA-SERIES XL. Diese Trommeln trennen Sand, Grobteile und\/oder Medien und leiten diese vom Trommelk\u00f6rper auf eine vibrierende oder Bandf\u00f6rderanlage unterhalb der Trommel. Der Trommelk\u00f6rper muss also nicht ausgetauscht werden, da keines der verarbeiteten Materialien Kontakt zum Mantel hat. Au\u00dferdem sind so mehrere Siebeschritte und die Trennung von Sand und metallischen Stoffen au\u00dferhalb des Trommelk\u00f6rpers m\u00f6glich. Bereiche, die einer hohen Abnutzung unterliegen, sind leicht zug\u00e4nglich und die abriebfesten Platten mit ihrer langen Standzeit lassen sich problemlos austauschen.<\/p>\n<p>&nbsp;<\/p>\n<h2>Drehtrommeln der SL-Serie<\/h2>\n<p>Eine weitere Option ist die Drehtrommelreihe DUCTA-SERIES SL. Bei diesen Produkten wird der innere Trommelmantel genutzt, um Material zur\u00fcck zum Sandbeschickungsauslass\/Medienr\u00fcckgewinnungsrad zu transportieren, gleichzeitig sind sie jedoch auch leichter zu warten als herk\u00f6mmliche Anlagen. Die GK-Auskleidungsplatten vom Typ LOCK-TITE lassen sich leichter ersetzen und erm\u00f6glichen den problemlosen Zugang zum Bereich zwischen Trommelmantel und -k\u00f6rper und somit eine schnelle Reinigung und Reparatur. Trommelk\u00f6rper der DUCTA-SERIES\u2122 SL mit LOCK-TITE-Auskleidungen sind auch als Nachr\u00fcstungsoption f\u00fcr bereits vorhandene Drehtrommeln verf\u00fcgbar, sodass Sie bestehende Anlagen ohne ein vollst\u00e4ndiges Umkrempeln der Fertigungsstra\u00dfe aufr\u00fcsten k\u00f6nnen.[\/vc_column_text][\/vc_column][\/vc_row][vc_row][vc_column el_id=&#8220;xl_series&#8220;][vc_empty_space][\/vc_column][\/vc_row][vc_row el_class=&#8220;container category_page cat_image&#8220;][vc_column width=&#8220;1\/3&#8243;][vc_single_image image=&#8220;46640&#8243; img_size=&#8220;1500X1200&#8243; alignment=&#8220;center&#8220; onclick=&#8220;custom_link&#8220; title=&#8220;DUCTA-CLEAN\u00ae-Medien-Drehtrommel&#8220; link=&#8220;https:\/\/www.generalkinematics.com\/product\/clean-rotary-drum\/&#8220;][\/vc_column][vc_column width=&#8220;1\/3&#8243;][vc_single_image image=&#8220;46650&#8243; img_size=&#8220;1500X1200&#8243; alignment=&#8220;center&#8220; onclick=&#8220;custom_link&#8220; title=&#8220;DUCTA-SCREEN\u2122-Drehtrennsysteme&#8220; link=&#8220;https:\/\/www.generalkinematics.com\/product\/screen-rotary-machine\/&#8220;][\/vc_column][vc_column width=&#8220;1\/3&#8243;][vc_single_image image=&#8220;46655&#8243; img_size=&#8220;1500X1200&#8243; alignment=&#8220;center&#8220; onclick=&#8220;custom_link&#8220; title=&#8220;DUCTA-SPRUE\u00ae-Anguss-Drehm\u00fchle&#8220; link=&#8220;https:\/\/www.generalkinematics.com\/product\/sprue-rotary-drum\/&#8220;][\/vc_column][\/vc_row][vc_row el_class=&#8220;container category_page cat_image&#8220;][vc_column width=&#8220;1\/3&#8243;][vc_single_image image=&#8220;46645&#8243; img_size=&#8220;1500X1200&#8243; alignment=&#8220;center&#8220; onclick=&#8220;custom_link&#8220; title=&#8220;DUCTA-COOL\u2122 Sand- und Gussteile-K\u00fchltrommeln&#8220; link=&#8220;https:\/\/www.generalkinematics.com\/product\/ducta-cool-rotary-cooling-drums-gk-foundry\/&#8220;][\/vc_column][vc_column width=&#8220;1\/3&#8243;][vc_single_image image=&#8220;46635&#8243; img_size=&#8220;1500X1200&#8243; alignment=&#8220;center&#8220; onclick=&#8220;custom_link&#8220; title=&#8220;DUCTA-CLAIM\u2122-Klumpen-Drehbrecher\/Sand-Wiederaufbereitungsanlage (Sandabscheider)&#8220; link=&#8220;https:\/\/www.generalkinematics.com\/product\/ducta-claim-rotary-lump-crusher-sand-reclaimer\/&#8220;][\/vc_column][vc_column width=&#8220;1\/3&#8243;][vc_single_image image=&#8220;46665&#8243; img_size=&#8220;1500X1200&#8243; alignment=&#8220;center&#8220; onclick=&#8220;custom_link&#8220; title=&#8220;Drehabscheider f\u00fcr Abf\u00e4lle&#8220; link=&#8220;http:\/\/www.generalkinematics.com\/product\/dross-rotary-systems\/&#8220;][\/vc_column][\/vc_row][vc_row el_class=&#8220;container category_page cat_image&#8220;][vc_column width=&#8220;1\/3&#8243;][\/vc_column][vc_column width=&#8220;1\/3&#8243;][vc_single_image image=&#8220;46670&#8243; img_size=&#8220;1500X1200&#8243; alignment=&#8220;center&#8220; onclick=&#8220;custom_link&#8220; title=&#8220;Drehtrockner&#8220; link=&#8220;https:\/\/www.generalkinematics.com\/product\/rotary-dryer\/&#8220;][\/vc_column][vc_column width=&#8220;1\/3&#8243;][vc_single_image image=&#8220;46675&#8243; img_size=&#8220;1500X1200&#8243; alignment=&#8220;center&#8220; onclick=&#8220;custom_link&#8220; link=&#8220;https:\/\/www.generalkinematics.com\/product\/rotary-sand-screen\/&#8220; title=&#8220;Drehsandsiebe&#8220;][\/vc_column][\/vc_row][vc_row el_id=&#8220;sl_series&#8220;][vc_column][vc_empty_space height=&#8220;92px&#8220;][vc_separator border_width=&#8220;2&#8243;][\/vc_column][\/vc_row][vc_row][vc_column][vc_column_text]<\/p>\n<p>[\/vc_column_text][\/vc_column][\/vc_row][vc_row el_id=&#8220;liners&#8220;][vc_column][vc_empty_space][\/vc_column][\/vc_row][vc_row][vc_column][vc_column_text]<\/p>\n<div><\/div>\n<div><\/div>\n<div><\/div>\n<p>&nbsp;<\/p>\n<p>&nbsp;<\/p>\n<h2><strong>ENDLICH\u2026 AUSKLEIDUNGEN, DIE Sinn machen.<br \/>\n<\/strong><\/h2>\n<div>Beide Ausf\u00fchrungen der DUCTA-SERIES-Trommeln von GK verf\u00fcgen \u00fcber das praxisbew\u00e4hrte GK-LOCK-TITE-Auskleidungssystem: unsere bew\u00e4hrten gefertigten Auskleidungsdrehk\u00f6pfe zum Anschrauben mit langer Standzeit und einfachem Austausch. Unsere Auskleidungen bestehen aus abriebfesten Materialien, darunter AR\u00a0450+ oder optional einer TRI-BRAZE(R)-Abriebplatte, die \u00fcber eine deutlich l\u00e4ngere Standzeit als w\u00e4rmebehandelte, biegsame Auskleidungsplatten verf\u00fcgt.<\/div>\n<div><\/div>\n<div>Jede Platte wurde auf eine maximale Standzeit und gr\u00f6\u00dftm\u00f6gliche Verarbeitungsvolumina ausgelegt\u00a0\u2013 bei uns finden Sie keine halbherzig konstruierten Produkte, die den Job nur teilweise erledigen. Und im Gegensatz zu veralteten Gussgittern k\u00f6nnen Sie die LOCK-TITE-Auskleidungen im Falle sich \u00e4ndernder Prozessanforderungen einfach modifizieren und Produkte so transportieren, anheben und sieben, wie Sie es w\u00fcnschen.<\/div>\n<div><\/div>\n<div>Sie verf\u00fcgen bereits \u00fcber eine Drehtrommel, die Sie mit LOCK-TITE-Auskleidungen aufr\u00fcsten m\u00f6chten? Kein Problem! Zahlreiche der f\u00fchrenden Gie\u00dfereien Nordamerikas haben bereits auf GK-LOCK-TITE-Auskleidungen, -Trommelk\u00f6rper und -Bauteile umgestellt, um die Leistung bestehender Drehtrommelanlagen zu maximieren.<\/div>\n<div><\/div>\n<div><\/div>\n<div><\/div>\n<div><\/div>\n<div><\/div>\n<div><\/div>\n<p>[\/vc_column_text][\/vc_column][\/vc_row][vc_row el_class=&#8220;container category_page cat_image&#8220;][vc_column width=&#8220;1\/3&#8243;][vc_single_image image=&#8220;46660&#8243; img_size=&#8220;1500X1200&#8243; alignment=&#8220;center&#8220; onclick=&#8220;custom_link&#8220; title=&#8220;LOCK-TITE\u2122 Ersatz-Dreh-Auskleidungs-Aufr\u00fcstkits&#8220; link=&#8220;https:\/\/www.generalkinematics.com\/product\/lock-tite-rotary-drum-liners-and-bodies\/&#8220;][\/vc_column][vc_column width=&#8220;1\/3&#8243;][vc_single_image image=&#8220;46625&#8243; img_size=&#8220;1500X1200&#8243; alignment=&#8220;center&#8220; onclick=&#8220;custom_link&#8220; title=&#8220;Ersatz-Drehtrommelk\u00f6rper \/ Auskleidungs-Baugruppen&#8220; link=&#8220;https:\/\/www.generalkinematics.com\/product\/rotary-drum-bodies\/&#8220;][\/vc_column][vc_column width=&#8220;1\/3&#8243;][vc_single_image image=&#8220;46630&#8243; img_size=&#8220;1500X1200&#8243; alignment=&#8220;center&#8220; onclick=&#8220;custom_link&#8220; title=&#8220;Drehtrommel-Antriebsumr\u00fcstungen&#8220; link=&#8220;https:\/\/www.generalkinematics.com\/product\/rotary-drum-drive-conversion\/&#8220;][\/vc_column][\/vc_row][vc_row el_id=&#8220;rotary_videos&#8220;][vc_column][vc_empty_space][\/vc_column][\/vc_row][vc_row][vc_column][vc_separator border_width=&#8220;4&#8243;][\/vc_column][\/vc_row][vc_row][vc_column][vc_custom_heading text=&#8220;VIDEOS&#8220; font_container=&#8220;tag:h2|text_align:center&#8220; google_fonts=&#8220;font_family:Roboto%3A100%2C100italic%2C300%2C300italic%2Cregular%2Citalic%2C500%2C500italic%2C700%2C700italic%2C900%2C900italic|font_style:400%20regular%3A400%3Anormal&#8220;][\/vc_column][\/vc_row][vc_row][vc_column width=&#8220;1\/4&#8243;][\/vc_column][vc_column width=&#8220;1\/2&#8243;][vc_column_text][\/vc_column_text][\/vc_column][vc_column width=&#8220;1\/4&#8243;][\/vc_column][\/vc_row][vc_row][vc_column][vc_empty_space height=&#8220;62px&#8220;][\/vc_column][\/vc_row]<\/p>\n<\/div>","protected":false},"excerpt":{"rendered":"<p>[vc_row][vc_column][vc_column_text] Hochleistungs-Drehmaschinen f\u00fcr wahre Metallgie\u00dfer &nbsp; &nbsp; Innovative Eigenschaften. Weniger Wartung. Unerreichter Service. Wie machen Sie ein Produkt besser? Sie fragen die Leute, die es benutzen. Genau das hat GK bei der Konstruktion der DUCTA-SERIES\u2122-Linie von Drehtrommeln getan. Einfach zu wartende Ausf\u00fchrung, Auskleidung, die mit wenig Personal montiert werden kann, und ein Gesamtpaket mit GK-Vertrieb [&hellip;]<\/p>\n","protected":false},"author":5,"featured_media":0,"parent":42731,"menu_order":0,"comment_status":"closed","ping_status":"closed","template":"page-templates\/page-full-width.php","meta":{"_acf_changed":false,"om_disable_all_campaigns":false,"ep_exclude_from_search":false,"footnotes":""},"class_list":["post-42976","page","type-page","status-publish","hentry"],"acf":[],"yoast_head":"<!-- This site is optimized with the Yoast SEO plugin v27.2 - https:\/\/yoast.com\/product\/yoast-seo-wordpress\/ -->\n<title>DUCTA SERIE f\u00fcr rotierende Trommelabscheider | General Kinematics<\/title>\n<meta name=\"description\" content=\"Wie machen Sie ein Produkt besser? Sie fragen die Leute, die es benutzen. Genau das hat GK bei der Konstruktion der DUCTA-SERIES\u2122-Linie von Drehtrommeln getan. Einfach zu wartende Ausf\u00fchrung, Auskleidung, die mit wenig Personal montiert werden kann, und ein Gesamtpaket mit GK-Vertrieb und Service, um Sie zu unterst\u00fctzen.\" \/>\n<meta name=\"robots\" content=\"index, follow, max-snippet:-1, max-image-preview:large, max-video-preview:-1\" \/>\n<link rel=\"canonical\" href=\"https:\/\/www.generalkinematics.com\/de\/gieserei-ausrustung\/ductaseries-rotary-foundry-drums\/\" \/>\n<meta property=\"og:locale\" content=\"de_DE\" \/>\n<meta property=\"og:type\" content=\"article\" \/>\n<meta property=\"og:title\" content=\"DUCTA SERIE f\u00fcr rotierende Trommelabscheider | General Kinematics\" \/>\n<meta property=\"og:description\" content=\"Wie machen Sie ein Produkt besser? Sie fragen die Leute, die es benutzen. Genau das hat GK bei der Konstruktion der DUCTA-SERIES\u2122-Linie von Drehtrommeln getan. Einfach zu wartende Ausf\u00fchrung, Auskleidung, die mit wenig Personal montiert werden kann, und ein Gesamtpaket mit GK-Vertrieb und Service, um Sie zu unterst\u00fctzen.\" \/>\n<meta property=\"og:url\" content=\"https:\/\/www.generalkinematics.com\/de\/gieserei-ausrustung\/ductaseries-rotary-foundry-drums\/\" \/>\n<meta property=\"og:site_name\" content=\"General Kinematics\" \/>\n<meta property=\"article:publisher\" content=\"https:\/\/www.facebook.com\/generalkinematics\" \/>\n<meta property=\"article:modified_time\" content=\"2020-07-21T13:43:52+00:00\" \/>\n<meta property=\"og:image\" content=\"https:\/\/www.generalkinematics.com\/wp-content\/uploads\/2013\/02\/ducta-series-rotary-main-drum-1.png\" \/>\n<meta name=\"twitter:card\" content=\"summary_large_image\" \/>\n<meta name=\"twitter:site\" content=\"@gkvibrating\" \/>\n<meta name=\"twitter:label1\" content=\"Gesch\u00e4tzte Lesezeit\" \/>\n\t<meta name=\"twitter:data1\" content=\"6 Minuten\" \/>\n<!-- \/ Yoast SEO plugin. -->","yoast_head_json":{"title":"DUCTA SERIE f\u00fcr rotierende Trommelabscheider | General Kinematics","description":"Wie machen Sie ein Produkt besser? Sie fragen die Leute, die es benutzen. Genau das hat GK bei der Konstruktion der DUCTA-SERIES\u2122-Linie von Drehtrommeln getan. Einfach zu wartende Ausf\u00fchrung, Auskleidung, die mit wenig Personal montiert werden kann, und ein Gesamtpaket mit GK-Vertrieb und Service, um Sie zu unterst\u00fctzen.","robots":{"index":"index","follow":"follow","max-snippet":"max-snippet:-1","max-image-preview":"max-image-preview:large","max-video-preview":"max-video-preview:-1"},"canonical":"https:\/\/www.generalkinematics.com\/de\/gieserei-ausrustung\/ductaseries-rotary-foundry-drums\/","og_locale":"de_DE","og_type":"article","og_title":"DUCTA SERIE f\u00fcr rotierende Trommelabscheider | General Kinematics","og_description":"Wie machen Sie ein Produkt besser? Sie fragen die Leute, die es benutzen. Genau das hat GK bei der Konstruktion der DUCTA-SERIES\u2122-Linie von Drehtrommeln getan. Einfach zu wartende Ausf\u00fchrung, Auskleidung, die mit wenig Personal montiert werden kann, und ein Gesamtpaket mit GK-Vertrieb und Service, um Sie zu unterst\u00fctzen.","og_url":"https:\/\/www.generalkinematics.com\/de\/gieserei-ausrustung\/ductaseries-rotary-foundry-drums\/","og_site_name":"General Kinematics","article_publisher":"https:\/\/www.facebook.com\/generalkinematics","article_modified_time":"2020-07-21T13:43:52+00:00","og_image":[{"url":"https:\/\/www.generalkinematics.com\/wp-content\/uploads\/2013\/02\/ducta-series-rotary-main-drum-1.png","type":"","width":"","height":""}],"twitter_card":"summary_large_image","twitter_site":"@gkvibrating","twitter_misc":{"Gesch\u00e4tzte Lesezeit":"6 Minuten"},"schema":{"@context":"https:\/\/schema.org","@graph":[{"@type":"WebPage","@id":"https:\/\/www.generalkinematics.com\/de\/gieserei-ausrustung\/ductaseries-rotary-foundry-drums\/","url":"https:\/\/www.generalkinematics.com\/de\/gieserei-ausrustung\/ductaseries-rotary-foundry-drums\/","name":"DUCTA SERIE f\u00fcr rotierende Trommelabscheider | General Kinematics","isPartOf":{"@id":"https:\/\/www.generalkinematics.com\/de\/#website"},"primaryImageOfPage":{"@id":"https:\/\/www.generalkinematics.com\/de\/gieserei-ausrustung\/ductaseries-rotary-foundry-drums\/#primaryimage"},"image":{"@id":"https:\/\/www.generalkinematics.com\/de\/gieserei-ausrustung\/ductaseries-rotary-foundry-drums\/#primaryimage"},"thumbnailUrl":"https:\/\/www.generalkinematics.com\/wp-content\/uploads\/2013\/02\/ducta-series-rotary-main-drum-1.png","datePublished":"2018-04-06T01:42:43+00:00","dateModified":"2020-07-21T13:43:52+00:00","description":"Wie machen Sie ein Produkt besser? Sie fragen die Leute, die es benutzen. Genau das hat GK bei der Konstruktion der DUCTA-SERIES\u2122-Linie von Drehtrommeln getan. Einfach zu wartende Ausf\u00fchrung, Auskleidung, die mit wenig Personal montiert werden kann, und ein Gesamtpaket mit GK-Vertrieb und Service, um Sie zu unterst\u00fctzen.","breadcrumb":{"@id":"https:\/\/www.generalkinematics.com\/de\/gieserei-ausrustung\/ductaseries-rotary-foundry-drums\/#breadcrumb"},"inLanguage":"de-DE","potentialAction":[{"@type":"ReadAction","target":["https:\/\/www.generalkinematics.com\/de\/gieserei-ausrustung\/ductaseries-rotary-foundry-drums\/"]}]},{"@type":"ImageObject","inLanguage":"de-DE","@id":"https:\/\/www.generalkinematics.com\/de\/gieserei-ausrustung\/ductaseries-rotary-foundry-drums\/#primaryimage","url":"https:\/\/www.generalkinematics.com\/wp-content\/uploads\/2013\/02\/ducta-series-rotary-main-drum-1.png","contentUrl":"https:\/\/www.generalkinematics.com\/wp-content\/uploads\/2013\/02\/ducta-series-rotary-main-drum-1.png"},{"@type":"BreadcrumbList","@id":"https:\/\/www.generalkinematics.com\/de\/gieserei-ausrustung\/ductaseries-rotary-foundry-drums\/#breadcrumb","itemListElement":[{"@type":"ListItem","position":1,"name":"GK Home","item":"https:\/\/www.generalkinematics.com\/de\/"},{"@type":"ListItem","position":2,"name":"Giesserei &#038; Metallguss","item":"https:\/\/www.generalkinematics.com\/de\/gieserei-ausrustung\/"},{"@type":"ListItem","position":3,"name":"DUCTA-SERIES\u00ae-Gie\u00dferei-Drehtrommel"}]},{"@type":"WebSite","@id":"https:\/\/www.generalkinematics.com\/de\/#website","url":"https:\/\/www.generalkinematics.com\/de\/","name":"General Kinematics","description":"","publisher":{"@id":"https:\/\/www.generalkinematics.com\/de\/#organization"},"potentialAction":[{"@type":"SearchAction","target":{"@type":"EntryPoint","urlTemplate":"https:\/\/www.generalkinematics.com\/de\/?s={search_term_string}"},"query-input":{"@type":"PropertyValueSpecification","valueRequired":true,"valueName":"search_term_string"}}],"inLanguage":"de-DE"},{"@type":"Organization","@id":"https:\/\/www.generalkinematics.com\/de\/#organization","name":"General Kinematics","url":"https:\/\/www.generalkinematics.com\/de\/","logo":{"@type":"ImageObject","inLanguage":"de-DE","@id":"https:\/\/www.generalkinematics.com\/de\/#\/schema\/logo\/image\/","url":"https:\/\/media.generalkinematics.com\/wp-content\/uploads\/2018\/03\/logo.png","contentUrl":"https:\/\/media.generalkinematics.com\/wp-content\/uploads\/2018\/03\/logo.png","width":313,"height":100,"caption":"General Kinematics"},"image":{"@id":"https:\/\/www.generalkinematics.com\/de\/#\/schema\/logo\/image\/"},"sameAs":["https:\/\/www.facebook.com\/generalkinematics","https:\/\/x.com\/gkvibrating"]}]}},"_links":{"self":[{"href":"https:\/\/www.generalkinematics.com\/de\/wp-json\/wp\/v2\/pages\/42976","targetHints":{"allow":["GET"]}}],"collection":[{"href":"https:\/\/www.generalkinematics.com\/de\/wp-json\/wp\/v2\/pages"}],"about":[{"href":"https:\/\/www.generalkinematics.com\/de\/wp-json\/wp\/v2\/types\/page"}],"author":[{"embeddable":true,"href":"https:\/\/www.generalkinematics.com\/de\/wp-json\/wp\/v2\/users\/5"}],"replies":[{"embeddable":true,"href":"https:\/\/www.generalkinematics.com\/de\/wp-json\/wp\/v2\/comments?post=42976"}],"version-history":[{"count":0,"href":"https:\/\/www.generalkinematics.com\/de\/wp-json\/wp\/v2\/pages\/42976\/revisions"}],"up":[{"embeddable":true,"href":"https:\/\/www.generalkinematics.com\/de\/wp-json\/wp\/v2\/pages\/42731"}],"wp:attachment":[{"href":"https:\/\/www.generalkinematics.com\/de\/wp-json\/wp\/v2\/media?parent=42976"}],"curies":[{"name":"wp","href":"https:\/\/api.w.org\/{rel}","templated":true}]}}