{"id":46205,"date":"2019-03-09T13:19:42","date_gmt":"2019-03-09T19:19:42","guid":{"rendered":"https:\/\/www.generalkinematics.com\/gk-technisches-zentrum\/vibrations-ausgleichsvorrichtung-new\/"},"modified":"2019-03-09T13:45:56","modified_gmt":"2019-03-09T19:45:56","slug":"vibrations-ausgleichsvorrichtung","status":"publish","type":"page","link":"https:\/\/www.generalkinematics.com\/de\/gk-technisches-zentrum\/vibrations-ausgleichsvorrichtung\/","title":{"rendered":"Vibrations-Ausgleichsvorrichtung"},"content":{"rendered":"<div class=\"wpb-content-wrapper\"><p>[vc_row][vc_column width=&#8220;1\/1&#8243;][vc_row_inner][vc_column_inner width=&#8220;1\/1&#8243;][vc_column_text]<\/p>\n<h1>Vibrationsausstattung\/Vibrationsausr\u00fcstung dynamisch ausgleichen<\/h1>\n<p>[\/vc_column_text][\/vc_column_inner][\/vc_row_inner][\/vc_column][\/vc_row][vc_row][vc_column width=&#8220;1\/2&#8243;][vc_column_text]<\/p>\n<h4>Warum sollten Sie Ihre Vibrationsausstattung\/Vibrationsausr\u00fcstung ausgleichen?<\/h4>\n<p>Sie sollten Ihre Vibrationsausstattung\/Vibrationsausr\u00fcstung ausgleichen, um die \u00dcbertragung der Vibrationskr\u00e4fte von der Maschine auf die Umgebung deutlich zu reduzieren.<\/p>\n<p>&nbsp;<\/p>\n<h4>Wann sollten Sie Ihre Vibrationsausstattung\/Vibrationsausr\u00fcstung ausgleichen?<\/h4>\n<p>Sie sollten Ihre Equipment ausgleichen, wenn es auf einer h\u00f6heren Stahlkonstruktion auf gro\u00dfen Bodenspannweiten, oberen Stockwerken, auf weichem Boden oder in Bereichen mit hohem Grundwasserspiegel steht.<\/p>\n<p>[\/vc_column_text][\/vc_column][vc_column width=&#8220;1\/2&#8243;][vc_single_image image=&#8220;8341&#8243; img_link_target=&#8220;_self&#8220; img_size=&#8220;320&#215;240&#8243;][\/vc_column][\/vc_row][vc_row][vc_column width=&#8220;1\/1&#8243;][vc_column_text]<\/p>\n<h4>Was ist \u201eAusgleichen\u201c?<\/h4>\n<p>Ausgleichen ist die Anwendung von Newtons drittem Gesetz der Bewegung gem\u00e4\u00df dem auf jede Aktion eine gleiche und entgegengesetzte Reaktion existiert. Das hei\u00dft, wenn eine Masse in der Maschine (beispielsweise die Mulde eines F\u00f6rderers in die entgegengesetzte Richtung einer anderen Masse bewegt wird (ein gleich schweres Ausgleichsgewicht), gleicht dies die von beiden Massen erzeugten Kr\u00e4fte im weitgehend aus. Die Ber\u00fccksichtigung der Materialbelastung erschwert jedoch die Dinge. Hier kommt das Ingenieursteam von GK ins Spiel.<\/p>\n<p>&nbsp;<\/p>\n<h4>Wie sehen GKs ausgeglichene Maschinen aus?<\/h4>\n<p>[\/vc_column_text][\/vc_column][\/vc_row][vc_row][vc_column width=&#8220;1\/2&#8243;][vc_column_text]<\/p>\n<p><b>Nicht ausgeglichen: <\/b>Wenn eine umfangreiche Tr\u00e4gerkonstruktion oder ein starkes Fundament vorhanden ist kann die Vibrationsausstattung\/Vibrationsausr\u00fcstung ohne Gegengewichtsausgleich betrieben werden.<\/p>\n<p>[\/vc_column_text][\/vc_column][vc_column width=&#8220;1\/2&#8243;][vc_single_image image=&#8220;8345&#8243; img_link_target=&#8220;_self&#8220; img_size=&#8220;320&#215;192&#8243;][\/vc_column][\/vc_row][vc_row][vc_column width=&#8220;1\/2&#8243;][vc_column_text]<\/p>\n<p><b>A-Ausgeglichen: <\/b>\u201eA\u201c ausgeglichene F\u00f6rderer haben typischerweise einen Gegengewichtsrahmen, der dem Gewicht des Troges entspricht, der sich auf dem F\u00f6rdererrahmen befindet und durch doppelte Trogreaktionsvorrichtungen getragen wird, sowie positiv um 180 Grad phasenverschoben zur Transportoberfl\u00e4che angetrieben wird. Dies f\u00fchrt zu einer gleichen und entgegengesetzten Reaktion entlang des starr befestigten Rahmen des F\u00f6rderers.<\/p>\n<p>[\/vc_column_text][\/vc_column][vc_column width=&#8220;1\/2&#8243;][vc_single_image image=&#8220;8346&#8243; img_link_target=&#8220;_self&#8220; img_size=&#8220;320&#215;192&#8243;][\/vc_column][\/vc_row][vc_row][vc_column width=&#8220;1\/2&#8243;][vc_column_text]<\/p>\n<p><b>B-Ausgeglichen: <\/b>\u201eB\u201c ausgeglichene F\u00f6rderer funktionieren \u00e4hnlich wie die Ausf\u00fchrung A jedoch mit der Ausnahme, dass der gesamte F\u00f6rderer auf einem schwimmend federgelagerten Sockel montiert ist, um eine optimale Isolationswirkung zu erzielen.<\/p>\n<p>[\/vc_column_text][\/vc_column][vc_column width=&#8220;1\/2&#8243;][vc_single_image image=&#8220;8347&#8243; img_link_target=&#8220;_self&#8220; img_size=&#8220;320&#215;192&#8243;][\/vc_column][\/vc_row][vc_row][vc_column width=&#8220;1\/2&#8243;][vc_column_text]<\/p>\n<p><b>C-Ausgeglichen: <\/b>Eine \u201eC\u201c ausgeglichene Einheit verwendet einen gewichteten Rahmen, der von der Befestigungsoberfl\u00e4che durch Federn isoliert ist. Der Sockel ist typischerweise viermal schwerer als das Gewicht der dar\u00fcber liegenden Transportoberfl\u00e4che und, je schwerer der Sockel ist, desto gr\u00f6\u00dfer ist seine Isolationswirkung. Im Betrieb l\u00e4uft dieser beschwerte Sockel um 180 Grad phasenverschoben zur Transportoberfl\u00e4che und wirkt den dar\u00fcber erzeugten Kr\u00e4ften entgegen. Diese Ausf\u00fchrung bietet bei vielen Anwendungen bei maximaler Wirtschaftlichkeit eine hohe Isolationsleistung.<\/p>\n<p>[\/vc_column_text][\/vc_column][vc_column width=&#8220;1\/2&#8243;][vc_single_image image=&#8220;8348&#8243; img_link_target=&#8220;_self&#8220; img_size=&#8220;320&#215;192&#8243;][\/vc_column][\/vc_row][vc_row][vc_column width=&#8220;1\/2&#8243;][vc_column_text]<\/p>\n<p><b>D-Ausgeglichen: <\/b>Eine \u201eD\u201c ausgeglichene Vibrationsvorrichtung besteht haupts\u00e4chlich aus zwei<\/p>\n<p>getrennten und unterschiedliche Massen, eine zum Tragen des Material und die andere Masse<\/p>\n<p>entworfen, um dynamische Lasten auszugleichen, die normalerweise in eine Konstruktion \u00fcbertragen w\u00fcrden. Diese<br \/>\nZwei-Massen laufen normalerweise um 180 Grad phasenverschoben, so dass sie die Kr\u00e4fte gegenseitig aufheben oder<\/p>\n<p>zumindest erheblich minimieren.<\/p>\n<p>[\/vc_column_text][\/vc_column][vc_column width=&#8220;1\/2&#8243;][vc_single_image image=&#8220;8352&#8243; img_link_target=&#8220;_self&#8220; img_size=&#8220;320&#215;192&#8243;][\/vc_column][\/vc_row][vc_row][vc_column width=&#8220;1\/2&#8243;][vc_column_text]<\/p>\n<p><b>Angetriebene Ausgleichsvorrichtung: <\/b>Einige Hersteller bieten eine Vibrationskonstruktion an, bei der eine Transportoberfl\u00e4che an einem gewichteten Ausgleichsrahmen mit einer Arbeitsfeder angebracht ist und der beschwerte Sockel durch Isolationsfedern vom Boden isoliert ist. Der Vibrationsmotor oder -antrieb auf diesem Typ von F\u00f6rderer ist auf der Ausgleichsvorrichtung angebracht und treibt die Transportoberfl\u00e4che nicht direkt an. Es gibt erhebliche Schwachstellen in der Physik dieser Ausf\u00fchrung.<\/p>\n<p>&nbsp;<\/p>\n<p>Ein Problem bei dieser Ausf\u00fchrung ist, dass die Eigenfrequenz des Aufh\u00e4ngungssystems typischerweise bei etwa 50 Prozent der Betriebsdrehzahl des Motors liegt. Wenn die Motordrehzahl reduziert wird, wird sich die vibrierende Einheit der Eigenfrequenz des Aufh\u00e4ngungssystems n\u00e4hern, was zu einem fehlerhaften Betrieb f\u00fchren wird. Ein weiteres Problem bei dieser Ausf\u00fchrung besteht darin, dass sie nicht positiv auf \u00c4nderungen des Materialgewichts reagiert so dass der Effekt des Ausgleichens bei dieser Art von Isolation nur zu etwa 60 bis 65 % effektiv ist. Diese Ausf\u00fchrung verliert weiterhin die F\u00f6rderf\u00e4higkeit, wenn die Transportoberfl\u00e4che mit Produkt \u00fcberladen ist. General Kinematics (general kinematics service) empfiehlt aus diesen Gr\u00fcnden diese Art von Vibrationsrinne nicht.<\/p>\n<p>[\/vc_column_text][\/vc_column][vc_column width=&#8220;1\/2&#8243;][vc_single_image image=&#8220;8353&#8243; img_link_target=&#8220;_self&#8220; img_size=&#8220;320&#215;192&#8243;][\/vc_column][\/vc_row]<\/p>\n<\/div>","protected":false},"excerpt":{"rendered":"<p>Warum sollten Sie Ihre Vibrationsausstattung\/Vibrationsausr\u00fcstung ausgleichen? Sie sollten Ihre Vibrationsausstattung\/Vibrationsausr\u00fcstung ausgleichen, um die \u00dcbertragung der Vibrationskr\u00e4fte von der Maschine auf die Umgebung deutlich zu reduzieren.<\/p>\n","protected":false},"author":2,"featured_media":0,"parent":41225,"menu_order":0,"comment_status":"closed","ping_status":"closed","template":"","meta":{"_acf_changed":false,"om_disable_all_campaigns":false,"ep_exclude_from_search":false,"footnotes":""},"class_list":["post-46205","page","type-page","status-publish","hentry"],"acf":[],"yoast_head":"<!-- This site is optimized with the Yoast SEO plugin v27.2 - https:\/\/yoast.com\/product\/yoast-seo-wordpress\/ -->\n<title>Vibrations-Ausgleichsvorrichtung | General Kinematics<\/title>\n<meta name=\"robots\" content=\"index, follow, max-snippet:-1, max-image-preview:large, max-video-preview:-1\" \/>\n<link rel=\"canonical\" href=\"https:\/\/www.generalkinematics.com\/de\/gk-technisches-zentrum\/vibrations-ausgleichsvorrichtung\/\" \/>\n<meta property=\"og:locale\" content=\"de_DE\" \/>\n<meta property=\"og:type\" content=\"article\" \/>\n<meta property=\"og:title\" content=\"Vibrations-Ausgleichsvorrichtung | General Kinematics\" \/>\n<meta property=\"og:description\" content=\"Warum sollten Sie Ihre Vibrationsausstattung\/Vibrationsausr\u00fcstung ausgleichen? Sie sollten Ihre Vibrationsausstattung\/Vibrationsausr\u00fcstung ausgleichen, um die \u00dcbertragung der Vibrationskr\u00e4fte von der Maschine auf die Umgebung deutlich zu reduzieren.\" \/>\n<meta property=\"og:url\" content=\"https:\/\/www.generalkinematics.com\/de\/gk-technisches-zentrum\/vibrations-ausgleichsvorrichtung\/\" \/>\n<meta property=\"og:site_name\" content=\"General Kinematics\" \/>\n<meta property=\"article:publisher\" content=\"https:\/\/www.facebook.com\/generalkinematics\" \/>\n<meta property=\"article:modified_time\" content=\"2019-03-09T19:45:56+00:00\" \/>\n<meta property=\"og:image\" content=\"https:\/\/media.generalkinematics.com\/wp-content\/uploads\/2017\/07\/GK-Icon.png\" \/>\n\t<meta property=\"og:image:width\" content=\"3000\" \/>\n\t<meta property=\"og:image:height\" content=\"3000\" \/>\n\t<meta property=\"og:image:type\" content=\"image\/jpeg\" \/>\n<meta name=\"twitter:card\" content=\"summary_large_image\" \/>\n<meta name=\"twitter:site\" content=\"@gkvibrating\" \/>\n<meta name=\"twitter:label1\" content=\"Gesch\u00e4tzte Lesezeit\" \/>\n\t<meta name=\"twitter:data1\" content=\"4 Minuten\" \/>\n<!-- \/ Yoast SEO plugin. -->","yoast_head_json":{"title":"Vibrations-Ausgleichsvorrichtung | General Kinematics","robots":{"index":"index","follow":"follow","max-snippet":"max-snippet:-1","max-image-preview":"max-image-preview:large","max-video-preview":"max-video-preview:-1"},"canonical":"https:\/\/www.generalkinematics.com\/de\/gk-technisches-zentrum\/vibrations-ausgleichsvorrichtung\/","og_locale":"de_DE","og_type":"article","og_title":"Vibrations-Ausgleichsvorrichtung | General Kinematics","og_description":"Warum sollten Sie Ihre Vibrationsausstattung\/Vibrationsausr\u00fcstung ausgleichen? Sie sollten Ihre Vibrationsausstattung\/Vibrationsausr\u00fcstung ausgleichen, um die \u00dcbertragung der Vibrationskr\u00e4fte von der Maschine auf die Umgebung deutlich zu reduzieren.","og_url":"https:\/\/www.generalkinematics.com\/de\/gk-technisches-zentrum\/vibrations-ausgleichsvorrichtung\/","og_site_name":"General Kinematics","article_publisher":"https:\/\/www.facebook.com\/generalkinematics","article_modified_time":"2019-03-09T19:45:56+00:00","og_image":[{"width":3000,"height":3000,"url":"https:\/\/media.generalkinematics.com\/wp-content\/uploads\/2017\/07\/GK-Icon.png","type":"image\/jpeg"}],"twitter_card":"summary_large_image","twitter_site":"@gkvibrating","twitter_misc":{"Gesch\u00e4tzte Lesezeit":"4 Minuten"},"schema":{"@context":"https:\/\/schema.org","@graph":[{"@type":"WebPage","@id":"https:\/\/www.generalkinematics.com\/de\/gk-technisches-zentrum\/vibrations-ausgleichsvorrichtung\/","url":"https:\/\/www.generalkinematics.com\/de\/gk-technisches-zentrum\/vibrations-ausgleichsvorrichtung\/","name":"Vibrations-Ausgleichsvorrichtung | General Kinematics","isPartOf":{"@id":"https:\/\/www.generalkinematics.com\/de\/#website"},"datePublished":"2019-03-09T19:19:42+00:00","dateModified":"2019-03-09T19:45:56+00:00","breadcrumb":{"@id":"https:\/\/www.generalkinematics.com\/de\/gk-technisches-zentrum\/vibrations-ausgleichsvorrichtung\/#breadcrumb"},"inLanguage":"de-DE","potentialAction":[{"@type":"ReadAction","target":["https:\/\/www.generalkinematics.com\/de\/gk-technisches-zentrum\/vibrations-ausgleichsvorrichtung\/"]}]},{"@type":"BreadcrumbList","@id":"https:\/\/www.generalkinematics.com\/de\/gk-technisches-zentrum\/vibrations-ausgleichsvorrichtung\/#breadcrumb","itemListElement":[{"@type":"ListItem","position":1,"name":"GK Home","item":"https:\/\/www.generalkinematics.com\/de\/"},{"@type":"ListItem","position":2,"name":"GK Technisches Zentrum","item":"https:\/\/www.generalkinematics.com\/de\/gk-technisches-zentrum\/"},{"@type":"ListItem","position":3,"name":"Vibrations-Ausgleichsvorrichtung"}]},{"@type":"WebSite","@id":"https:\/\/www.generalkinematics.com\/de\/#website","url":"https:\/\/www.generalkinematics.com\/de\/","name":"General Kinematics","description":"","publisher":{"@id":"https:\/\/www.generalkinematics.com\/de\/#organization"},"potentialAction":[{"@type":"SearchAction","target":{"@type":"EntryPoint","urlTemplate":"https:\/\/www.generalkinematics.com\/de\/?s={search_term_string}"},"query-input":{"@type":"PropertyValueSpecification","valueRequired":true,"valueName":"search_term_string"}}],"inLanguage":"de-DE"},{"@type":"Organization","@id":"https:\/\/www.generalkinematics.com\/de\/#organization","name":"General Kinematics","url":"https:\/\/www.generalkinematics.com\/de\/","logo":{"@type":"ImageObject","inLanguage":"de-DE","@id":"https:\/\/www.generalkinematics.com\/de\/#\/schema\/logo\/image\/","url":"https:\/\/media.generalkinematics.com\/wp-content\/uploads\/2018\/03\/logo.png","contentUrl":"https:\/\/media.generalkinematics.com\/wp-content\/uploads\/2018\/03\/logo.png","width":313,"height":100,"caption":"General Kinematics"},"image":{"@id":"https:\/\/www.generalkinematics.com\/de\/#\/schema\/logo\/image\/"},"sameAs":["https:\/\/www.facebook.com\/generalkinematics","https:\/\/x.com\/gkvibrating"]}]}},"_links":{"self":[{"href":"https:\/\/www.generalkinematics.com\/de\/wp-json\/wp\/v2\/pages\/46205","targetHints":{"allow":["GET"]}}],"collection":[{"href":"https:\/\/www.generalkinematics.com\/de\/wp-json\/wp\/v2\/pages"}],"about":[{"href":"https:\/\/www.generalkinematics.com\/de\/wp-json\/wp\/v2\/types\/page"}],"author":[{"embeddable":true,"href":"https:\/\/www.generalkinematics.com\/de\/wp-json\/wp\/v2\/users\/2"}],"replies":[{"embeddable":true,"href":"https:\/\/www.generalkinematics.com\/de\/wp-json\/wp\/v2\/comments?post=46205"}],"version-history":[{"count":0,"href":"https:\/\/www.generalkinematics.com\/de\/wp-json\/wp\/v2\/pages\/46205\/revisions"}],"up":[{"embeddable":true,"href":"https:\/\/www.generalkinematics.com\/de\/wp-json\/wp\/v2\/pages\/41225"}],"wp:attachment":[{"href":"https:\/\/www.generalkinematics.com\/de\/wp-json\/wp\/v2\/media?parent=46205"}],"curies":[{"name":"wp","href":"https:\/\/api.w.org\/{rel}","templated":true}]}}