{"id":49769,"date":"2020-07-17T08:10:42","date_gmt":"2020-07-17T13:10:42","guid":{"rendered":"https:\/\/www.generalkinematics.com\/vibrationsfoerderer-vibrationsrinne\/"},"modified":"2020-09-13T18:34:48","modified_gmt":"2020-09-13T23:34:48","slug":"vibrationsfoerderer-vibrationsrinne","status":"publish","type":"page","link":"https:\/\/www.generalkinematics.com\/de\/vibrationsfoerderer-vibrationsrinne\/","title":{"rendered":"Vibrationsf\u00f6rderer (Vibrationsrinne)"},"content":{"rendered":"<div class=\"wpb-content-wrapper\"><p>[vc_row][vc_column][vc_column_text]<span style=\"font-weight: 400;\">Die Vibrationsf\u00f6rderer von General Kinematics haben sich einen guten Ruf hinsichtlich Zuverl\u00e4ssigkeit, Stabilit\u00e4t und Langlebigkeit verdient.<br \/>\nGeneral Kinematics &#8211; ein weltweit f\u00fchrender Anbieter von Vibrations-Ausr\u00fcstung &#8211; und -konstruktionen, begann mit dem Bestreben, einen besseren, zuverl\u00e4ssigeren Vibrationsf\u00f6rderer zu entwickeln, der sich auch in rauen Umgebungen bew\u00e4hren sollte.<br \/>\n<\/span><\/p>\n<p><span style=\"font-weight: 400;\">Von Anfang an haben die GK-Ingenieure diese Einheiten unter Nutzung des Feedbacks aus den Benutzern aufgebaut, um Verarbeitungs-, Wartungs- und Sicherheitsprobleme zu eliminieren.<br \/>\nSeit der Konzeptionierung haben unsere Ingenieure nie damit aufgeh\u00f6rt, GK-F\u00f6rderer zu verbessern, um auf dem neuesten Stand der Materialverarbeitungstechnologie zu bleiben.<br \/>\nOb Sie geschmolzene, hei\u00dfe Gussteile oder feine brennbare Pulver verarbeiten, General Kinematics hat den richtigen F\u00f6rderer.<br \/>\n<\/span>[\/vc_column_text][\/vc_column][\/vc_row][vc_row el_class=&#8220;button_div category_page&#8220;][vc_column][vc_btn title=&#8220;METALGUSS        &#8220; link=&#8220;url:%23metalcasting_conveyors|&#8220;][vc_btn title=&#8220;RECYCLING        &#8220; link=&#8220;url:%23recycling_conveyor|&#8220;][vc_btn title=&#8220;SCH\u00dcTTGUT VERARBEITUNG        &#8220; link=&#8220;url:%23bulk_conveyors|&#8220;][vc_btn title=&#8220;HOLZ VERARBEITUNG        &#8220; link=&#8220;url:%23wood_conveyor|&#8220;][vc_btn title=&#8220;F\u00d6RDERER KOMPONENTEN        &#8220; link=&#8220;url:%23component_conveyor|&#8220;][\/vc_column][\/vc_row][vc_row full_width=&#8220;stretch_row&#8220; css=&#8220;.vc_custom_1594324268716{background-image: url(https:\/\/www.generalkinematics.com\/wp-content\/uploads\/2018\/03\/industry-landing-lines.png?id=34782) !important;background-position: 0 0 !important;background-repeat: no-repeat !important;}&#8220; el_class=&#8220;category_page&#8220; el_id=&#8220;metalcasting_conveyors&#8220;][vc_column][vc_custom_heading text=&#8220;Gie\u00dfereif\u00f6rderer        &#8220; font_container=&#8220;tag:h2|text_align:center|color:%23be1e2d&#8220; use_theme_fonts=&#8220;yes&#8220;][vc_column_text]<\/p>\n<p style=\"text-align: center;\">Finden Sie den perfekten F\u00f6rderer f\u00fcr Ihre Gie\u00dferei oder Ihr Metallgie\u00dfverfahren<\/p>\n<p>[\/vc_column_text][\/vc_column][\/vc_row][vc_row el_class=&#8220;container category_page cat_image&#8220;][vc_column width=&#8220;1\/4&#8243;][vc_single_image image=&#8220;48901&#8243; img_size=&#8220;full&#8220; alignment=&#8220;center&#8220; onclick=&#8220;custom_link&#8220; title=&#8220;SYNCRO-COIL\u00ae        &#8220; link=&#8220;https:\/\/www.generalkinematics.com\/product\/syncro-coil-vibrating-conveyors\/&#8220;][\/vc_column][vc_column width=&#8220;1\/4&#8243;][vc_single_image image=&#8220;48906&#8243; img_size=&#8220;full&#8220; alignment=&#8220;center&#8220; onclick=&#8220;custom_link&#8220; title=&#8220;Strahlgut-Sammlung und Wiederaufbereitung        &#8220; link=&#8220;https:\/\/www.generalkinematics.com\/product\/shot-reclamation-system\/&#8220;][\/vc_column][vc_column width=&#8220;1\/4&#8243;][vc_single_image image=&#8220;48911&#8243; img_size=&#8220;full&#8220; alignment=&#8220;center&#8220; onclick=&#8220;custom_link&#8220; title=&#8220;Sortierf\u00f6rderer        &#8220; link=&#8220;https:\/\/www.generalkinematics.com\/product\/sorting-conveyor-lines\/&#8220;][\/vc_column][vc_column width=&#8220;1\/4&#8243;][vc_single_image image=&#8220;48921&#8243; img_size=&#8220;full&#8220; alignment=&#8220;center&#8220; onclick=&#8220;custom_link&#8220; title=&#8220;Spira-flow\u2122-Wendelf\u00f6rderer        &#8220; link=&#8220;https:\/\/www.generalkinematics.com\/product\/vibratory-spiral-conveyors\/&#8220;][\/vc_column][\/vc_row][vc_row el_class=&#8220;container category_page cat_image&#8220;][vc_column width=&#8220;1\/4&#8243;][vc_single_image image=&#8220;48941&#8243; img_size=&#8220;full&#8220; alignment=&#8220;center&#8220; onclick=&#8220;custom_link&#8220; title=&#8220;Hochofen-Entladef\u00f6rderer        &#8220; link=&#8220;https:\/\/www.generalkinematics.com\/product\/blast-loading-conveyor\/&#8220;][\/vc_column][vc_column width=&#8220;1\/4&#8243;][vc_single_image image=&#8220;48926&#8243; img_size=&#8220;full&#8220; alignment=&#8220;center&#8220; onclick=&#8220;custom_link&#8220; title=&#8220;Trockenschlacken-K\u00fchlf\u00f6rderer        &#8220; link=&#8220;https:\/\/www.generalkinematics.com\/product\/dry-slag-cooling-conveyors\/&#8220;][\/vc_column][vc_column width=&#8220;1\/4&#8243;][vc_single_image image=&#8220;48936&#8243; img_size=&#8220;full&#8220; alignment=&#8220;center&#8220; onclick=&#8220;custom_link&#8220; title=&#8220;VIBRA-BELT\u00ae-Vibrations-F\u00f6rdergurt        &#8220; link=&#8220;https:\/\/www.generalkinematics.com\/product\/vibratory-belt-conveyors\/&#8220;][\/vc_column][vc_column width=&#8220;1\/4&#8243;][vc_single_image image=&#8220;48931&#8243; img_size=&#8220;full&#8220; alignment=&#8220;center&#8220; onclick=&#8220;custom_link&#8220; title=&#8220;TRENCHVEYOR\u2122 Gestapelt montierte Vibrationsf\u00f6rderer        &#8220; link=&#8220;https:\/\/www.generalkinematics.com\/product\/trenchveyor\/&#8220;][\/vc_column][\/vc_row][vc_row el_class=&#8220;container category_page cat_image&#8220;][vc_column width=&#8220;1\/4&#8243;][vc_single_image image=&#8220;48946&#8243; img_size=&#8220;full&#8220; alignment=&#8220;center&#8220; onclick=&#8220;custom_link&#8220; title=&#8220;SPIRA-COOL\u00ae-Gussteil-K\u00fchlspirale        &#8220; link=&#8220;https:\/\/www.generalkinematics.com\/product\/casting-cooling-spirals\/&#8220;][\/vc_column][vc_column width=&#8220;1\/4&#8243;][vc_single_image image=&#8220;48951&#8243; img_size=&#8220;full&#8220; alignment=&#8220;center&#8220; onclick=&#8220;custom_link&#8220; title=&#8220;V-Trough\u00ae-Geneigter Vibrationsf\u00f6rderer        &#8220; link=&#8220;https:\/\/www.generalkinematics.com\/product\/v-trough-vibratory-inclined-conveyors\/&#8220;][\/vc_column][vc_column width=&#8220;1\/4&#8243;][\/vc_column][vc_column width=&#8220;1\/4&#8243;][\/vc_column][\/vc_row][vc_row full_width=&#8220;stretch_row&#8220; css=&#8220;.vc_custom_1594324250538{background-image: url(https:\/\/www.generalkinematics.com\/wp-content\/uploads\/2018\/03\/industry-landing-lines.png?id=34782) !important;background-position: 0 0 !important;background-repeat: no-repeat !important;}&#8220; el_class=&#8220;category_page&#8220; el_id=&#8220;recycling_conveyor&#8220;][vc_column][vc_custom_heading text=&#8220;Recycling F\u00f6rderer        &#8220; font_container=&#8220;tag:h2|text_align:center|color:%23be1e2d&#8220; use_theme_fonts=&#8220;yes&#8220;][vc_column_text]<\/p>\n<p style=\"text-align: center;\">Finden Sie den perfekten F\u00f6rderer f\u00fcr Ihren Recycling-Prozess<\/p>\n<p>[\/vc_column_text][\/vc_column][\/vc_row][vc_row el_class=&#8220;container category_page cat_image&#8220;][vc_column width=&#8220;1\/4&#8243;][vc_single_image image=&#8220;48961&#8243; img_size=&#8220;full&#8220; alignment=&#8220;center&#8220; onclick=&#8220;custom_link&#8220; title=&#8220;Verteilerf\u00f6rderer        &#8220; link=&#8220;https:\/\/www.generalkinematics.com\/product\/distribution-conveyors\/&#8220;][\/vc_column][vc_column width=&#8220;1\/4&#8243;][vc_single_image image=&#8220;48966&#8243; img_size=&#8220;full&#8220; alignment=&#8220;center&#8220; onclick=&#8220;custom_link&#8220; title=&#8220;Trommelmagnet- F\u00f6rderer        &#8220; link=&#8220;https:\/\/www.generalkinematics.com\/product\/drum-magnet-feeders-conveyors\/&#8220;][\/vc_column][vc_column width=&#8220;1\/4&#8243;][vc_single_image image=&#8220;48971&#8243; img_size=&#8220;full&#8220; alignment=&#8220;center&#8220; onclick=&#8220;custom_link&#8220; title=&#8220;Bruchglasf\u00f6rderer        &#8220; link=&#8220;https:\/\/www.generalkinematics.com\/product\/glass-transfer-conveyors\/&#8220;][\/vc_column][vc_column width=&#8220;1\/4&#8243;][vc_single_image image=&#8220;48976&#8243; img_size=&#8220;full&#8220; alignment=&#8220;center&#8220; onclick=&#8220;custom_link&#8220; title=&#8220;Hochenergie-Transferf\u00f6rderer        &#8220; link=&#8220;https:\/\/www.generalkinematics.com\/product\/long-stroke\/&#8220;][\/vc_column][\/vc_row][vc_row el_class=&#8220;container category_page cat_image&#8220;][vc_column width=&#8220;1\/4&#8243;][vc_single_image image=&#8220;48981&#8243; img_size=&#8220;full&#8220; alignment=&#8220;center&#8220; onclick=&#8220;custom_link&#8220; title=&#8220;Scherenabnahmef\u00f6rderer        &#8220; link=&#8220;https:\/\/www.generalkinematics.com\/product\/shear-take-away-conveyors\/&#8220;][\/vc_column][vc_column width=&#8220;1\/4&#8243;][vc_single_image image=&#8220;48986&#8243; img_size=&#8220;full&#8220; alignment=&#8220;center&#8220; onclick=&#8220;custom_link&#8220; title=&#8220;Bodenasche-F\u00f6rderer        &#8220; link=&#8220;https:\/\/www.generalkinematics.com\/product\/bottom-ash-conveyor\/&#8220;][\/vc_column][vc_column width=&#8220;1\/4&#8243;][\/vc_column][vc_column width=&#8220;1\/4&#8243;][\/vc_column][\/vc_row][vc_row full_width=&#8220;stretch_row&#8220; css=&#8220;.vc_custom_1594324387746{background-image: url(https:\/\/www.generalkinematics.com\/wp-content\/uploads\/2018\/03\/industry-landing-lines.png?id=34782) !important;background-position: 0 0 !important;background-repeat: no-repeat !important;}&#8220; el_class=&#8220;category_page&#8220; el_id=&#8220;bulk_conveyors&#8220;][vc_column][vc_custom_heading text=&#8220;Sch\u00fcttgutverarbeitungs-F\u00f6rderer        &#8220; font_container=&#8220;tag:h2|text_align:center|color:%23be1e2d&#8220; use_theme_fonts=&#8220;yes&#8220;][vc_column_text]<\/p>\n<p style=\"text-align: center;\">Finden Sie den perfekten F\u00f6rderer f\u00fcr Ihre Massenverarbeitung.<\/p>\n<p>[\/vc_column_text][\/vc_column][\/vc_row][vc_row el_class=&#8220;container category_page cat_image&#8220;][vc_column width=&#8220;1\/4&#8243;][vc_single_image image=&#8220;49006&#8243; img_size=&#8220;full&#8220; alignment=&#8220;center&#8220; onclick=&#8220;custom_link&#8220; title=&#8220;R\u00f6sterf\u00f6rderer        &#8220; link=&#8220;https:\/\/www.generalkinematics.com\/product\/toaster-conveyors\/&#8220;][\/vc_column][vc_column width=&#8220;1\/4&#8243;][vc_single_image image=&#8220;49001&#8243; img_size=&#8220;full&#8220; alignment=&#8220;center&#8220; onclick=&#8220;custom_link&#8220; title=&#8220;SYNCRO-COIL\u00ae-F\u00f6rderer        &#8220; link=&#8220;https:\/\/www.generalkinematics.com\/product\/syncro-coil-vibratory-conveyors\/&#8220;][\/vc_column][vc_column width=&#8220;1\/4&#8243;][vc_single_image image=&#8220;48996&#8243; img_size=&#8220;full&#8220; alignment=&#8220;center&#8220; onclick=&#8220;custom_link&#8220; title=&#8220;SPIRA-FLOW\u2122-VIBRATIONS-SCHNECKENF\u00d6RDERER        &#8220; link=&#8220;https:\/\/www.generalkinematics.com\/product\/spira-flow-vibrating-spiral-conveyors\/&#8220;][\/vc_column][vc_column width=&#8220;1\/4&#8243;][vc_single_image image=&#8220;48991&#8243; img_size=&#8220;full&#8220; alignment=&#8220;center&#8220; onclick=&#8220;custom_link&#8220; title=&#8220;Vibrations-Transferf\u00f6rderer        &#8220; link=&#8220;https:\/\/www.generalkinematics.com\/product\/vibrating-transfer-conveyors\/&#8220;][\/vc_column][\/vc_row][vc_row full_width=&#8220;stretch_row&#8220; css=&#8220;.vc_custom_1594324410386{background-image: url(https:\/\/www.generalkinematics.com\/wp-content\/uploads\/2018\/03\/industry-landing-lines.png?id=34782) !important;background-position: 0 0 !important;background-repeat: no-repeat !important;}&#8220; el_class=&#8220;category_page&#8220; el_id=&#8220;wood_conveyor&#8220;][vc_column][vc_custom_heading text=&#8220;Holzverarbeitungs-F\u00f6rderer        &#8220; font_container=&#8220;tag:h2|text_align:center|color:%23be1e2d&#8220; use_theme_fonts=&#8220;yes&#8220;][vc_column_text]<\/p>\n<p style=\"text-align: center;\">Finden Sie Ihren perfekten Holzverarbeitungsf\u00f6rderer<\/p>\n<p>[\/vc_column_text][\/vc_column][\/vc_row][vc_row el_class=&#8220;container category_page cat_image&#8220;][vc_column width=&#8220;1\/4&#8243;][\/vc_column][vc_column width=&#8220;1\/4&#8243;][vc_single_image image=&#8220;49011&#8243; img_size=&#8220;full&#8220; alignment=&#8220;center&#8220; onclick=&#8220;custom_link&#8220; title=&#8220;Holzverarbeitungs-F\u00f6rderer        &#8220; link=&#8220;https:\/\/www.generalkinematics.com\/product\/vibratory-wood-conveyors\/&#8220;][\/vc_column][vc_column width=&#8220;1\/4&#8243;][\/vc_column][vc_column width=&#8220;1\/4&#8243;][\/vc_column][\/vc_row][vc_row full_width=&#8220;stretch_row&#8220; css=&#8220;.vc_custom_1594324554196{background-image: url(https:\/\/www.generalkinematics.com\/wp-content\/uploads\/2018\/03\/industry-landing-lines.png?id=34782) !important;background-position: 0 0 !important;background-repeat: no-repeat !important;}&#8220; el_class=&#8220;category_page&#8220; el_id=&#8220;component_conveyor&#8220;][vc_column][vc_custom_heading text=&#8220;F\u00f6rderer Komponenten        &#8220; font_container=&#8220;tag:h2|text_align:center|color:%23be1e2d&#8220; use_theme_fonts=&#8220;yes&#8220;][vc_column_text]<\/p>\n<p style=\"text-align: center;\">Ersatzteile f\u00fcr Vibrationsf\u00f6rderer<\/p>\n<p>[\/vc_column_text][\/vc_column][\/vc_row][vc_row el_class=&#8220;container category_page cat_image&#8220;][vc_column width=&#8220;1\/4&#8243;][vc_single_image image=&#8220;49016&#8243; img_size=&#8220;full&#8220; alignment=&#8220;center&#8220; onclick=&#8220;custom_link&#8220; title=&#8220;Federn        &#8220; link=&#8220;https:\/\/www.generalkinematics.com\/product\/isolation-springs-and-reactor-springs\/&#8220;][\/vc_column][vc_column width=&#8220;1\/4&#8243;][vc_single_image image=&#8220;49036&#8243; img_size=&#8220;full&#8220; alignment=&#8220;center&#8220; onclick=&#8220;custom_link&#8220; title=&#8220;Motoren        &#8220; link=&#8220;https:\/\/www.generalkinematics.com\/product-category\/gkparts-com\/gk-vibratory-motors\/&#8220;][\/vc_column][vc_column width=&#8220;1\/4&#8243;][vc_single_image image=&#8220;49031&#8243; img_size=&#8220;full&#8220; alignment=&#8220;center&#8220; onclick=&#8220;custom_link&#8220; title=&#8220;Lamellen        &#8220; link=&#8220;https:\/\/www.generalkinematics.com\/product\/general-kinematics-plastic-scotchply-fiberglass-steel-slats\/&#8220;][\/vc_column][vc_column width=&#8220;1\/4&#8243;][vc_single_image image=&#8220;49021&#8243; img_size=&#8220;full&#8220; alignment=&#8220;center&#8220; onclick=&#8220;custom_link&#8220; title=&#8220;Lager        &#8220; link=&#8220;https:\/\/www.generalkinematics.com\/product\/vibratory-duty-flange-and-pillow-block-bearings\/&#8220;][\/vc_column][\/vc_row][vc_row][vc_column][vc_empty_space height=&#8220;62px&#8220;][vc_separator][\/vc_column][\/vc_row][vc_row][vc_column][vc_custom_heading text=&#8220;Verwandte Artikel        &#8220; use_theme_fonts=&#8220;yes&#8220;][\/vc_column][\/vc_row][vc_row][vc_column][vc_basic_grid post_type=&#8220;post&#8220; max_items=&#8220;4&#8243; element_width=&#8220;3&#8243; gap=&#8220;25&#8243; orderby=&#8220;rand&#8220; grid_id=&#8220;vc_gid:1600039560034-2efd8522-d1fc-9&#8243; taxonomies=&#8220;1663, 2230, 1676, 1361&#8243; css=&#8220;.vc_custom_1594915869442{padding-right: 25px !important;padding-left: 25px !important;}&#8220;][\/vc_column][\/vc_row][vc_row][vc_column][\/vc_column][\/vc_row]<\/p>\n<\/div>","protected":false},"excerpt":{"rendered":"<p>[vc_row][vc_column][vc_column_text]Die Vibrationsf\u00f6rderer von General Kinematics haben sich einen guten Ruf hinsichtlich Zuverl\u00e4ssigkeit, Stabilit\u00e4t und Langlebigkeit verdient. General Kinematics &#8211; ein weltweit f\u00fchrender Anbieter von Vibrations-Ausr\u00fcstung &#8211; und -konstruktionen, begann mit dem Bestreben, einen besseren, zuverl\u00e4ssigeren Vibrationsf\u00f6rderer zu entwickeln, der sich auch in rauen Umgebungen bew\u00e4hren sollte. Von Anfang an haben die GK-Ingenieure diese Einheiten unter [&hellip;]<\/p>\n","protected":false},"author":101013,"featured_media":0,"parent":0,"menu_order":0,"comment_status":"closed","ping_status":"closed","template":"page-templates\/page-full-width.php","meta":{"_acf_changed":false,"om_disable_all_campaigns":false,"ep_exclude_from_search":false,"footnotes":""},"class_list":["post-49769","page","type-page","status-publish","hentry"],"acf":[],"yoast_head":"<!-- This site is optimized with the Yoast SEO plugin v27.2 - https:\/\/yoast.com\/product\/yoast-seo-wordpress\/ -->\n<title>Vibrationsf\u00f6rderer (Vibrationsrinne) | General Kinematics<\/title>\n<meta name=\"robots\" content=\"index, follow, max-snippet:-1, max-image-preview:large, max-video-preview:-1\" \/>\n<link rel=\"canonical\" href=\"https:\/\/www.generalkinematics.com\/de\/vibrationsfoerderer-vibrationsrinne\/\" \/>\n<meta property=\"og:locale\" content=\"de_DE\" \/>\n<meta property=\"og:type\" content=\"article\" \/>\n<meta property=\"og:title\" content=\"Vibrationsf\u00f6rderer (Vibrationsrinne) | General Kinematics\" \/>\n<meta property=\"og:description\" content=\"[vc_row][vc_column][vc_column_text]Die Vibrationsf\u00f6rderer von General Kinematics haben sich einen guten Ruf hinsichtlich Zuverl\u00e4ssigkeit, Stabilit\u00e4t und Langlebigkeit verdient. General Kinematics &#8211; ein weltweit f\u00fchrender Anbieter von Vibrations-Ausr\u00fcstung &#8211; und -konstruktionen, begann mit dem Bestreben, einen besseren, zuverl\u00e4ssigeren Vibrationsf\u00f6rderer zu entwickeln, der sich auch in rauen Umgebungen bew\u00e4hren sollte. Von Anfang an haben die GK-Ingenieure diese Einheiten unter [&hellip;]\" \/>\n<meta property=\"og:url\" content=\"https:\/\/www.generalkinematics.com\/de\/vibrationsfoerderer-vibrationsrinne\/\" \/>\n<meta property=\"og:site_name\" content=\"General Kinematics\" \/>\n<meta property=\"article:publisher\" content=\"https:\/\/www.facebook.com\/generalkinematics\" \/>\n<meta property=\"article:modified_time\" content=\"2020-09-13T23:34:48+00:00\" \/>\n<meta property=\"og:image\" content=\"https:\/\/media.generalkinematics.com\/wp-content\/uploads\/2017\/07\/GK-Icon.png\" \/>\n\t<meta property=\"og:image:width\" content=\"3000\" \/>\n\t<meta property=\"og:image:height\" content=\"3000\" \/>\n\t<meta property=\"og:image:type\" content=\"image\/jpeg\" \/>\n<meta name=\"twitter:card\" content=\"summary_large_image\" \/>\n<meta name=\"twitter:site\" content=\"@gkvibrating\" \/>\n<meta name=\"twitter:label1\" content=\"Gesch\u00e4tzte Lesezeit\" \/>\n\t<meta name=\"twitter:data1\" content=\"7 Minuten\" \/>\n<!-- \/ Yoast SEO plugin. -->","yoast_head_json":{"title":"Vibrationsf\u00f6rderer (Vibrationsrinne) | General Kinematics","robots":{"index":"index","follow":"follow","max-snippet":"max-snippet:-1","max-image-preview":"max-image-preview:large","max-video-preview":"max-video-preview:-1"},"canonical":"https:\/\/www.generalkinematics.com\/de\/vibrationsfoerderer-vibrationsrinne\/","og_locale":"de_DE","og_type":"article","og_title":"Vibrationsf\u00f6rderer (Vibrationsrinne) | General Kinematics","og_description":"[vc_row][vc_column][vc_column_text]Die Vibrationsf\u00f6rderer von General Kinematics haben sich einen guten Ruf hinsichtlich Zuverl\u00e4ssigkeit, Stabilit\u00e4t und Langlebigkeit verdient. General Kinematics &#8211; ein weltweit f\u00fchrender Anbieter von Vibrations-Ausr\u00fcstung &#8211; und -konstruktionen, begann mit dem Bestreben, einen besseren, zuverl\u00e4ssigeren Vibrationsf\u00f6rderer zu entwickeln, der sich auch in rauen Umgebungen bew\u00e4hren sollte. Von Anfang an haben die GK-Ingenieure diese Einheiten unter [&hellip;]","og_url":"https:\/\/www.generalkinematics.com\/de\/vibrationsfoerderer-vibrationsrinne\/","og_site_name":"General Kinematics","article_publisher":"https:\/\/www.facebook.com\/generalkinematics","article_modified_time":"2020-09-13T23:34:48+00:00","og_image":[{"width":3000,"height":3000,"url":"https:\/\/media.generalkinematics.com\/wp-content\/uploads\/2017\/07\/GK-Icon.png","type":"image\/jpeg"}],"twitter_card":"summary_large_image","twitter_site":"@gkvibrating","twitter_misc":{"Gesch\u00e4tzte Lesezeit":"7 Minuten"},"schema":{"@context":"https:\/\/schema.org","@graph":[{"@type":"WebPage","@id":"https:\/\/www.generalkinematics.com\/de\/vibrationsfoerderer-vibrationsrinne\/","url":"https:\/\/www.generalkinematics.com\/de\/vibrationsfoerderer-vibrationsrinne\/","name":"Vibrationsf\u00f6rderer (Vibrationsrinne) | General Kinematics","isPartOf":{"@id":"https:\/\/www.generalkinematics.com\/de\/#website"},"datePublished":"2020-07-17T13:10:42+00:00","dateModified":"2020-09-13T23:34:48+00:00","breadcrumb":{"@id":"https:\/\/www.generalkinematics.com\/de\/vibrationsfoerderer-vibrationsrinne\/#breadcrumb"},"inLanguage":"de-DE","potentialAction":[{"@type":"ReadAction","target":["https:\/\/www.generalkinematics.com\/de\/vibrationsfoerderer-vibrationsrinne\/"]}]},{"@type":"BreadcrumbList","@id":"https:\/\/www.generalkinematics.com\/de\/vibrationsfoerderer-vibrationsrinne\/#breadcrumb","itemListElement":[{"@type":"ListItem","position":1,"name":"GK Home","item":"https:\/\/www.generalkinematics.com\/de\/"},{"@type":"ListItem","position":2,"name":"Vibrationsf\u00f6rderer (Vibrationsrinne)"}]},{"@type":"WebSite","@id":"https:\/\/www.generalkinematics.com\/de\/#website","url":"https:\/\/www.generalkinematics.com\/de\/","name":"General Kinematics","description":"","publisher":{"@id":"https:\/\/www.generalkinematics.com\/de\/#organization"},"potentialAction":[{"@type":"SearchAction","target":{"@type":"EntryPoint","urlTemplate":"https:\/\/www.generalkinematics.com\/de\/?s={search_term_string}"},"query-input":{"@type":"PropertyValueSpecification","valueRequired":true,"valueName":"search_term_string"}}],"inLanguage":"de-DE"},{"@type":"Organization","@id":"https:\/\/www.generalkinematics.com\/de\/#organization","name":"General Kinematics","url":"https:\/\/www.generalkinematics.com\/de\/","logo":{"@type":"ImageObject","inLanguage":"de-DE","@id":"https:\/\/www.generalkinematics.com\/de\/#\/schema\/logo\/image\/","url":"https:\/\/media.generalkinematics.com\/wp-content\/uploads\/2018\/03\/logo.png","contentUrl":"https:\/\/media.generalkinematics.com\/wp-content\/uploads\/2018\/03\/logo.png","width":313,"height":100,"caption":"General Kinematics"},"image":{"@id":"https:\/\/www.generalkinematics.com\/de\/#\/schema\/logo\/image\/"},"sameAs":["https:\/\/www.facebook.com\/generalkinematics","https:\/\/x.com\/gkvibrating"]}]}},"_links":{"self":[{"href":"https:\/\/www.generalkinematics.com\/de\/wp-json\/wp\/v2\/pages\/49769","targetHints":{"allow":["GET"]}}],"collection":[{"href":"https:\/\/www.generalkinematics.com\/de\/wp-json\/wp\/v2\/pages"}],"about":[{"href":"https:\/\/www.generalkinematics.com\/de\/wp-json\/wp\/v2\/types\/page"}],"author":[{"embeddable":true,"href":"https:\/\/www.generalkinematics.com\/de\/wp-json\/wp\/v2\/users\/101013"}],"replies":[{"embeddable":true,"href":"https:\/\/www.generalkinematics.com\/de\/wp-json\/wp\/v2\/comments?post=49769"}],"version-history":[{"count":0,"href":"https:\/\/www.generalkinematics.com\/de\/wp-json\/wp\/v2\/pages\/49769\/revisions"}],"wp:attachment":[{"href":"https:\/\/www.generalkinematics.com\/de\/wp-json\/wp\/v2\/media?parent=49769"}],"curies":[{"name":"wp","href":"https:\/\/api.w.org\/{rel}","templated":true}]}}