{"id":49771,"date":"2024-08-15T10:14:56","date_gmt":"2024-08-15T15:14:56","guid":{"rendered":"https:\/\/www.generalkinematics.com\/vibrations-beschickungsanlagen\/"},"modified":"2020-09-13T18:26:30","modified_gmt":"2020-09-13T23:26:30","slug":"vibrations-beschickungsanlagen","status":"publish","type":"page","link":"https:\/\/www.generalkinematics.com\/de\/vibrations-beschickungsanlagen\/","title":{"rendered":"Vibrations-Beschickungsanlage"},"content":{"rendered":"<div class=\"wpb-content-wrapper\"><p>[vc_row][vc_column][vc_column_text]<span style=\"font-weight: 400;\">Die Zwei-Massen-Vibrationsbeschickungsanlagen von General Kinematics sind solide konstruiert f\u00fcr die anspruchsvollsten Anwendungen.<br \/>\nDiese auf Last reagierende Ausf\u00fchrung nimmt selbst die anspruchsvollsten Materialbelastungsschwankungen auf, damit Ihr Prozess reibungslos abl\u00e4uft.<br \/>\nDas wartungsfreundliche Design mit hoher Betriebszeit mildert die Probleme, die die Wartung verursachen kann, und erh\u00f6ht die Verarbeitungsleistung.<br \/>\nDie GK-F\u00f6rderer werden auf Bestellung gefertigt, was bedeutet, dass unsere Ger\u00e4te problemlos in jede vorhandene Stellfl\u00e4che passen.<br \/>\n<\/span>[\/vc_column_text][\/vc_column][\/vc_row][vc_row el_class=&#8220;button_div category_page&#8220;][vc_column][vc_btn title=&#8220;METALGUSS        &#8220; link=&#8220;url:%23metalcasting_conveyors|&#8220;][vc_btn title=&#8220;RECYCLING        &#8220; link=&#8220;url:%23recycling_conveyor|&#8220;][vc_btn title=&#8220;BERGBAU        &#8220; link=&#8220;url:%23mining_feeder|&#8220;][vc_btn title=&#8220;SCH\u00dcTTGUT VERARBEITUNG        &#8220; link=&#8220;url:%23bulk_conveyors|&#8220;][vc_btn title=&#8220;HOLZ VERARBEITUNG        &#8220; link=&#8220;url:%23wood_conveyor|&#8220;][\/vc_column][\/vc_row][vc_row full_width=&#8220;stretch_row&#8220; css=&#8220;.vc_custom_1594324268716{background-image: url(https:\/\/www.generalkinematics.com\/wp-content\/uploads\/2018\/03\/industry-landing-lines.png?id=34782) !important;background-position: 0 0 !important;background-repeat: no-repeat !important;}&#8220; el_class=&#8220;category_page&#8220; el_id=&#8220;metalcasting_conveyors&#8220;][vc_column][vc_custom_heading text=&#8220;Gie\u00dferei- und Metallaufguss-F\u00f6rderer        &#8220; font_container=&#8220;tag:h2|text_align:center|color:%23be1e2d&#8220; use_theme_fonts=&#8220;yes&#8220;][vc_column_text]<\/p>\n<p style=\"text-align: center;\">Finden Sie die perfekte Beschickungsanlage f\u00fcr Ihre Gie\u00dferei oder Ihr Metallaufgussverfahren\n        <\/p>\n<p>[\/vc_column_text][\/vc_column][\/vc_row][vc_row el_class=&#8220;container category_page cat_image&#8220;][vc_column width=&#8220;1\/4&#8243;][vc_single_image image=&#8220;49052&#8243; img_size=&#8220;full&#8220; alignment=&#8220;center&#8220; onclick=&#8220;custom_link&#8220; title=&#8220;Dosier-Beschickungsanlage        &#8220; link=&#8220;https:\/\/www.generalkinematics.com\/product\/casting-vibro-feeders\/&#8220;][\/vc_column][vc_column width=&#8220;1\/4&#8243;][vc_single_image image=&#8220;49047&#8243; img_size=&#8220;full&#8220; alignment=&#8220;center&#8220; onclick=&#8220;custom_link&#8220; title=&#8220;Vibrations-Chargen-Beschickungsanlage        &#8220; link=&#8220;https:\/\/www.generalkinematics.com\/product\/vibration-furnace-charge-feeders\/&#8220;][\/vc_column][vc_column width=&#8220;1\/4&#8243;][vc_single_image image=&#8220;49042&#8243; img_size=&#8220;full&#8220; alignment=&#8220;center&#8220; onclick=&#8220;custom_link&#8220; title=&#8220;Hochofen-Beschickungsanlage        &#8220; link=&#8220;https:\/\/www.generalkinematics.com\/product\/blast-load-feeder-machines\/&#8220;][\/vc_column][vc_column width=&#8220;1\/4&#8243;][vc_single_image image=&#8220;49057&#8243; img_size=&#8220;full&#8220; alignment=&#8220;center&#8220; onclick=&#8220;custom_link&#8220; title=&#8220;PARA-MOUNT II\u00ae-VIBRATIONS-BESCHICKUNGSANLAGEN        &#8220; link=&#8220;https:\/\/www.generalkinematics.com\/product\/vibrating-feeder\/&#8220;][\/vc_column][\/vc_row][vc_row full_width=&#8220;stretch_row&#8220; css=&#8220;.vc_custom_1594324250538{background-image: url(https:\/\/www.generalkinematics.com\/wp-content\/uploads\/2018\/03\/industry-landing-lines.png?id=34782) !important;background-position: 0 0 !important;background-repeat: no-repeat !important;}&#8220; el_class=&#8220;category_page&#8220; el_id=&#8220;recycling_conveyor&#8220;][vc_column][vc_custom_heading text=&#8220;Recycling-Beschickungsanlagen        &#8220; font_container=&#8220;tag:h2|text_align:center|color:%23be1e2d&#8220; use_theme_fonts=&#8220;yes&#8220;][vc_column_text]<\/p>\n<p style=\"text-align: center;\">Finden Sie die perfekten Beschickungsanlage f\u00fcr Ihren Recycling-Prozess.\n        <\/p>\n<p>[\/vc_column_text][\/vc_column][\/vc_row][vc_row el_class=&#8220;container category_page cat_image&#8220;][vc_column width=&#8220;1\/4&#8243;][vc_single_image image=&#8220;49092&#8243; img_size=&#8220;full&#8220; alignment=&#8220;center&#8220; onclick=&#8220;custom_link&#8220; title=&#8220;Vibrations-Beschickungsanlage mit hoher Verschiebung und langem Hub        &#8220; link=&#8220;https:\/\/www.generalkinematics.com\/product\/hd-high-stroke-feeder\/&#8220;][\/vc_column][vc_column width=&#8220;1\/4&#8243;][vc_single_image image=&#8220;49087&#8243; img_size=&#8220;full&#8220; alignment=&#8220;center&#8220; onclick=&#8220;custom_link&#8220; title=&#8220;Container Beladen        &#8220; link=&#8220;https:\/\/www.generalkinematics.com\/product\/load-rite-container-loading-systems\/&#8220;][\/vc_column][vc_column width=&#8220;1\/4&#8243;][vc_single_image image=&#8220;49082&#8243; img_size=&#8220;full&#8220; alignment=&#8220;center&#8220; onclick=&#8220;custom_link&#8220; title=&#8220;Schwerstlast-Beschickungsanlage        &#8220; link=&#8220;https:\/\/www.generalkinematics.com\/product\/brute-force-vibrating-feeders\/&#8220;][\/vc_column][vc_column width=&#8220;1\/4&#8243;][vc_single_image image=&#8220;49077&#8243; img_size=&#8220;full&#8220; alignment=&#8220;center&#8220; onclick=&#8220;custom_link&#8220; title=&#8220;ASR Dosier-Beschickungsanlage        &#8220; link=&#8220;https:\/\/www.generalkinematics.com\/product\/asr-metering-feeder\/&#8220;][\/vc_column][\/vc_row][vc_row el_class=&#8220;container category_page cat_image&#8220;][vc_column width=&#8220;1\/4&#8243;][vc_single_image image=&#8220;49072&#8243; img_size=&#8220;full&#8220; alignment=&#8220;center&#8220; onclick=&#8220;custom_link&#8220; title=&#8220;Unterm\u00fchlen-Oszillator        &#8220; link=&#8220;https:\/\/www.generalkinematics.com\/product\/under-mill-oscillators\/&#8220;][\/vc_column][vc_column width=&#8220;1\/4&#8243;][vc_single_image image=&#8220;48966&#8243; img_size=&#8220;full&#8220; alignment=&#8220;center&#8220; onclick=&#8220;custom_link&#8220; title=&#8220;Trommelmagnet-Beschickungsanlage        &#8220; link=&#8220;https:\/\/www.generalkinematics.com\/product\/drum-magnet-feeders-conveyors\/&#8220;][\/vc_column][vc_column width=&#8220;1\/4&#8243;][vc_single_image image=&#8220;49067&#8243; img_size=&#8220;full&#8220; alignment=&#8220;center&#8220; onclick=&#8220;custom_link&#8220; title=&#8220;PARA-MOUNT II\u00ae-VIBRATIONS-BESCHICKUNGSANLAGEN        &#8220; link=&#8220;https:\/\/www.generalkinematics.com\/product\/para-mount-vibrating-feeder\/&#8220;][\/vc_column][vc_column width=&#8220;1\/4&#8243;][vc_single_image image=&#8220;49097&#8243; img_size=&#8220;full&#8220; alignment=&#8220;center&#8220; onclick=&#8220;custom_link&#8220; title=&#8220;Langhub        &#8220; link=&#8220;https:\/\/www.generalkinematics.com\/product\/high-stroke-feeders\/&#8220;][\/vc_column][\/vc_row][vc_row full_width=&#8220;stretch_row&#8220; css=&#8220;.vc_custom_1594656056884{background-image: url(https:\/\/www.generalkinematics.com\/wp-content\/uploads\/2018\/03\/industry-landing-lines.png?id=34782) !important;background-position: 0 0 !important;background-repeat: no-repeat !important;}&#8220; el_class=&#8220;category_page&#8220; el_id=&#8220;mining_feeder&#8220;][vc_column][vc_custom_heading text=&#8220;Bergbau-Beschickungsanlagen        &#8220; font_container=&#8220;tag:h2|text_align:center|color:%23be1e2d&#8220; use_theme_fonts=&#8220;yes&#8220;][vc_column_text]<\/p>\n<p style=\"text-align: center;\">Finden Sie die perfekte Beschickungsanlage f\u00fcr Ihren Bergbau-Prozess.\n        <\/p>\n<p>[\/vc_column_text][\/vc_column][\/vc_row][vc_row el_class=&#8220;container category_page cat_image&#8220;][vc_column width=&#8220;1\/4&#8243;][vc_single_image image=&#8220;49167&#8243; img_size=&#8220;full&#8220; alignment=&#8220;center&#8220; onclick=&#8220;custom_link&#8220; title=&#8220;PARA-MOUNT\u00ae-VIBRATIONS-BESCHICKUNGSANLAGEN        &#8220; link=&#8220;https:\/\/www.generalkinematics.com\/product\/paramount-vibrating-feeder\/&#8220;][\/vc_column][vc_column width=&#8220;1\/4&#8243;][vc_single_image image=&#8220;49162&#8243; img_size=&#8220;full&#8220; alignment=&#8220;center&#8220; onclick=&#8220;custom_link&#8220; title=&#8220;PARA-MOUNT II\u00ae-VIBRATIONS-BESCHICKUNGSANLAGEN        &#8220; link=&#8220;https:\/\/www.generalkinematics.com\/product\/para-mount-feeders\/&#8220;][\/vc_column][vc_column width=&#8220;1\/4&#8243;][vc_single_image image=&#8220;49157&#8243; img_size=&#8220;full&#8220; alignment=&#8220;center&#8220; onclick=&#8220;custom_link&#8220; title=&#8220;PARA-MOUNT II\u00ae VIBRATIONS-BRECHER-BESCHiCKUNGSANLAGE        &#8220; link=&#8220;https:\/\/www.generalkinematics.com\/product\/para-mount-ii-vibratory-crusher-feeder\/&#8220;][\/vc_column][vc_column width=&#8220;1\/4&#8243;][vc_single_image image=&#8220;49152&#8243; img_size=&#8220;full&#8220; alignment=&#8220;center&#8220; onclick=&#8220;custom_link&#8220; title=&#8220;VIBRATIONS-BESCHICKUNGSANLAGEN MIT DIREKTANTRIEB        &#8220; link=&#8220;https:\/\/www.generalkinematics.com\/product\/direct-drive-vibratory-feeders\/&#8220;][\/vc_column][\/vc_row][vc_row el_class=&#8220;container category_page cat_image&#8220;][vc_column width=&#8220;1\/4&#8243;][vc_single_image image=&#8220;49147&#8243; img_size=&#8220;full&#8220; alignment=&#8220;center&#8220; onclick=&#8220;custom_link&#8220; title=&#8220;\u201eQUICK-SHIP\u201c VORGEFERTIGTE VIBRATIONS-BESCHICKUNGSANLAGEN        &#8220; link=&#8220;https:\/\/www.generalkinematics.com\/product\/standard-feeders\/&#8220;][\/vc_column][vc_column width=&#8220;1\/4&#8243;][\/vc_column][vc_column width=&#8220;1\/4&#8243;][\/vc_column][vc_column width=&#8220;1\/4&#8243;][\/vc_column][\/vc_row][vc_row full_width=&#8220;stretch_row&#8220; css=&#8220;.vc_custom_1594922675787{background-image: url(https:\/\/www.generalkinematics.com\/wp-content\/uploads\/2018\/03\/industry-landing-lines.png?id=34782) !important;background-position: 0 0 !important;background-repeat: no-repeat !important;}&#8220; el_class=&#8220;category_page&#8220; el_id=&#8220;bulk_conveyors&#8220;][vc_column][vc_custom_heading text=&#8220;Sch\u00fcttgutverarbeitungs-Beschickungsanlagen        &#8220; font_container=&#8220;tag:h2|text_align:center|color:%23be1e2d&#8220; use_theme_fonts=&#8220;yes&#8220;][vc_column_text]<\/p>\n<p style=\"text-align: center;\">Finden Sie die perfekte Beschickungsanlage f\u00fcr Ihr Sch\u00fcttgutverarbeitungs-System\n        <\/p>\n<p>[\/vc_column_text][\/vc_column][\/vc_row][vc_row el_class=&#8220;container category_page cat_image&#8220;][vc_column width=&#8220;1\/4&#8243;][vc_single_image image=&#8220;49142&#8243; img_size=&#8220;full&#8220; alignment=&#8220;center&#8220; onclick=&#8220;custom_link&#8220; title=&#8220;UN-COALER\u00ae-AKTIVIERUNGS-\/BESCHICKUNGSNALAGE (un-coaler)        &#8220; link=&#8220;https:\/\/www.generalkinematics.com\/product\/un-coaler-activator-feeder-gk-vibrating\/&#8220;][\/vc_column][vc_column width=&#8220;1\/4&#8243;][vc_single_image image=&#8220;49137&#8243; img_size=&#8220;full&#8220; alignment=&#8220;center&#8220; onclick=&#8220;custom_link&#8220; title=&#8220;TWO-WAY\u2122-HORIZONTAL-BESCHICKUNGSANLAGEN        &#8220; link=&#8220;https:\/\/www.generalkinematics.com\/product\/two-way-horizontal-feeders\/&#8220;][\/vc_column][vc_column width=&#8220;1\/4&#8243;][vc_single_image image=&#8220;49132&#8243; img_size=&#8220;full&#8220; alignment=&#8220;center&#8220; onclick=&#8220;custom_link&#8220; title=&#8220;S-SERIE STANDARD SERIEN-VIBRATIONS-BESCHICKUNGSANLAGEN        &#8220; link=&#8220;https:\/\/www.generalkinematics.com\/product\/s-series-standard-series-vibratory-feeders\/&#8220;][\/vc_column][vc_column width=&#8220;1\/4&#8243;][vc_single_image image=&#8220;49127&#8243; img_size=&#8220;full&#8220; alignment=&#8220;center&#8220; onclick=&#8220;custom_link&#8220; title=&#8220;PARA-MOUNT II\u00ae-VIBRATIONS-BESCHICKUNGSANLAGEN        &#8220; link=&#8220;https:\/\/www.generalkinematics.com\/product\/para-vibrating-feeder\/&#8220;][\/vc_column][\/vc_row][vc_row el_class=&#8220;container category_page cat_image&#8220;][vc_column width=&#8220;1\/4&#8243;][vc_single_image image=&#8220;49122&#8243; img_size=&#8220;full&#8220; alignment=&#8220;center&#8220; onclick=&#8220;custom_link&#8220; title=&#8220;INDIREKTE K\u00dcHLER F\u00dcR HYGROSKOPISCHE MATERIALIEN        &#8220; link=&#8220;https:\/\/www.generalkinematics.com\/product\/indirect-cooler\/&#8220;][\/vc_column][vc_column width=&#8220;1\/4&#8243;][vc_single_image image=&#8220;49117&#8243; img_size=&#8220;full&#8220; alignment=&#8220;center&#8220; onclick=&#8220;custom_link&#8220; title=&#8220;HULA-HOPPER\u00ae-BEH\u00c4LTER-AKTIVIERUNGS-\/BESCHICKUNGSANLAGE        &#8220; link=&#8220;https:\/\/www.generalkinematics.com\/product\/hula-hopper-bin-activator\/&#8220;][\/vc_column][vc_column width=&#8220;1\/4&#8243;][vc_single_image image=&#8220;49112&#8243; img_size=&#8220;full&#8220; alignment=&#8220;center&#8220; onclick=&#8220;custom_link&#8220; title=&#8220;STANDARD-BEH\u00c4LTER-AKTIVIERUNGSANLAGE        &#8220; link=&#8220;https:\/\/www.generalkinematics.com\/product\/standard-bin-activators\/&#8220;][\/vc_column][vc_column width=&#8220;1\/4&#8243;][vc_single_image image=&#8220;49107&#8243; img_size=&#8220;full&#8220; alignment=&#8220;center&#8220; onclick=&#8220;custom_link&#8220; title=&#8220;PNEUMATISCHE AIR-DUO\u2122-BESCHICKUNGSANLAGENANTRIEBE        &#8220; link=&#8220;https:\/\/www.generalkinematics.com\/product\/air-duo-pneumatic-feeder-drives\/&#8220;][\/vc_column][\/vc_row][vc_row el_class=&#8220;container category_page cat_image&#8220;][vc_column width=&#8220;1\/4&#8243;][vc_single_image image=&#8220;49102&#8243; img_size=&#8220;full&#8220; alignment=&#8220;center&#8220; onclick=&#8220;custom_link&#8220; title=&#8220;VIBRA-FIN\u2122 SCH\u00dcTTGUTK\u00dcHLER        &#8220; link=&#8220;https:\/\/www.generalkinematics.com\/product\/vibra-fin-bulk-material-cooler\/&#8220;][\/vc_column][vc_column width=&#8220;1\/4&#8243;][\/vc_column][vc_column width=&#8220;1\/4&#8243;][\/vc_column][vc_column width=&#8220;1\/4&#8243;][\/vc_column][\/vc_row][vc_row full_width=&#8220;stretch_row&#8220; css=&#8220;.vc_custom_1594324410386{background-image: url(https:\/\/www.generalkinematics.com\/wp-content\/uploads\/2018\/03\/industry-landing-lines.png?id=34782) !important;background-position: 0 0 !important;background-repeat: no-repeat !important;}&#8220; el_class=&#8220;category_page&#8220; el_id=&#8220;wood_conveyor&#8220;][vc_column][vc_custom_heading text=&#8220;Holzverarbeitungs-Beschickungsanlagen        &#8220; font_container=&#8220;tag:h2|text_align:center|color:%23be1e2d&#8220; use_theme_fonts=&#8220;yes&#8220;][vc_column_text]<\/p>\n<p style=\"text-align: center;\">Finden Sie die perfekte Beschickungsanlage f\u00fcr Ihr Holzverarbeitungs-System\n        <\/p>\n<p>[\/vc_column_text][\/vc_column][\/vc_row][vc_row el_class=&#8220;container category_page cat_image&#8220;][vc_column width=&#8220;1\/4&#8243;][vc_single_image image=&#8220;49177&#8243; img_size=&#8220;full&#8220; alignment=&#8220;center&#8220; onclick=&#8220;custom_link&#8220; title=&#8220;Holzverarbeitungs-Beschickungsanlage        &#8220; link=&#8220;https:\/\/www.generalkinematics.com\/product\/vibratory-wood-conveyors\/&#8220;][\/vc_column][vc_column width=&#8220;1\/4&#8243;][vc_single_image image=&#8220;49172&#8243; img_size=&#8220;full&#8220; alignment=&#8220;center&#8220; onclick=&#8220;custom_link&#8220; title=&#8220;UN-COALER\u00ae AKTIVIERUNGS-\/HOLZBESCHICKUNGSANLAGE        &#8220; link=&#8220;https:\/\/www.generalkinematics.com\/product\/un-coaler-activator\/&#8220;][\/vc_column][vc_column width=&#8220;1\/4&#8243;][\/vc_column][vc_column width=&#8220;1\/4&#8243;][\/vc_column][\/vc_row][vc_row full_width=&#8220;stretch_row&#8220; css=&#8220;.vc_custom_1594324554196{background-image: url(https:\/\/www.generalkinematics.com\/wp-content\/uploads\/2018\/03\/industry-landing-lines.png?id=34782) !important;background-position: 0 0 !important;background-repeat: no-repeat !important;}&#8220; el_class=&#8220;category_page&#8220; el_id=&#8220;component_conveyor&#8220;][vc_column][vc_custom_heading text=&#8220;Beschickungsanlage Komponenten        &#8220; font_container=&#8220;tag:h2|text_align:center|color:%23be1e2d&#8220; use_theme_fonts=&#8220;yes&#8220;][vc_column_text]<\/p>\n<p style=\"text-align: center;\">Ersatzteile f\u00fcr Vibrationsbeschickungsanlagen.\n        <\/p>\n<p>[\/vc_column_text][\/vc_column][\/vc_row][vc_row el_class=&#8220;container category_page cat_image&#8220;][vc_column width=&#8220;1\/4&#8243;][vc_single_image image=&#8220;49016&#8243; img_size=&#8220;full&#8220; alignment=&#8220;center&#8220; onclick=&#8220;custom_link&#8220; title=&#8220;Federn        &#8220; link=&#8220;https:\/\/www.generalkinematics.com\/product\/isolation-springs-and-reactor-springs\/&#8220;][\/vc_column][vc_column width=&#8220;1\/4&#8243;][vc_single_image image=&#8220;49036&#8243; img_size=&#8220;full&#8220; alignment=&#8220;center&#8220; onclick=&#8220;custom_link&#8220; title=&#8220;Motoren        &#8220; link=&#8220;https:\/\/www.generalkinematics.com\/product-category\/gkparts-com\/gk-vibratory-motors\/&#8220;][\/vc_column][vc_column width=&#8220;1\/4&#8243;][vc_single_image image=&#8220;49031&#8243; img_size=&#8220;full&#8220; alignment=&#8220;center&#8220; onclick=&#8220;custom_link&#8220; title=&#8220;Lamellen        &#8220; link=&#8220;https:\/\/www.generalkinematics.com\/product\/general-kinematics-plastic-scotchply-fiberglass-steel-slats\/&#8220;][\/vc_column][vc_column width=&#8220;1\/4&#8243;][\/vc_column][\/vc_row][vc_row][vc_column][vc_empty_space height=&#8220;62px&#8220;][vc_separator][\/vc_column][\/vc_row][vc_row][vc_column][vc_custom_heading text=&#8220;Verwandte Artikel        &#8220; use_theme_fonts=&#8220;yes&#8220;][\/vc_column][\/vc_row][vc_row][vc_column][vc_basic_grid post_type=&#8220;post&#8220; max_items=&#8220;4&#8243; element_width=&#8220;3&#8243; gap=&#8220;25&#8243; orderby=&#8220;rand&#8220; grid_id=&#8220;vc_gid:1600039184888-47d89730-c6e6-10&#8243; taxonomies=&#8220;30, 1680, 75, 1712, 1415, 1414&#8243; css=&#8220;.vc_custom_1594654638064{padding-right: 25px !important;padding-left: 25px !important;}&#8220;][\/vc_column][\/vc_row][vc_row][vc_column][\/vc_column][\/vc_row]<\/p>\n<\/div>","protected":false},"excerpt":{"rendered":"<p>[vc_row][vc_column][vc_column_text]Die Zwei-Massen-Vibrationsbeschickungsanlagen von General Kinematics sind solide konstruiert f\u00fcr die anspruchsvollsten Anwendungen. Diese auf Last reagierende Ausf\u00fchrung nimmt selbst die anspruchsvollsten Materialbelastungsschwankungen auf, damit Ihr Prozess reibungslos abl\u00e4uft. Das wartungsfreundliche Design mit hoher Betriebszeit mildert die Probleme, die die Wartung verursachen kann, und erh\u00f6ht die Verarbeitungsleistung. Die GK-F\u00f6rderer werden auf Bestellung gefertigt, was bedeutet, dass [&hellip;]<\/p>\n","protected":false},"author":101013,"featured_media":0,"parent":0,"menu_order":0,"comment_status":"closed","ping_status":"closed","template":"page-templates\/page-full-width.php","meta":{"_acf_changed":false,"om_disable_all_campaigns":false,"ep_exclude_from_search":false,"footnotes":""},"class_list":["post-49771","page","type-page","status-publish","hentry"],"acf":[],"yoast_head":"<!-- This site is optimized with the Yoast SEO plugin v27.2 - https:\/\/yoast.com\/product\/yoast-seo-wordpress\/ -->\n<title>Vibrations-Beschickungsanlage | General Kinematics<\/title>\n<meta name=\"robots\" content=\"index, follow, max-snippet:-1, max-image-preview:large, max-video-preview:-1\" \/>\n<link rel=\"canonical\" href=\"https:\/\/www.generalkinematics.com\/de\/vibrations-beschickungsanlagen\/\" \/>\n<meta property=\"og:locale\" content=\"de_DE\" \/>\n<meta property=\"og:type\" content=\"article\" \/>\n<meta property=\"og:title\" content=\"Vibrations-Beschickungsanlage | General Kinematics\" \/>\n<meta property=\"og:description\" content=\"[vc_row][vc_column][vc_column_text]Die Zwei-Massen-Vibrationsbeschickungsanlagen von General Kinematics sind solide konstruiert f\u00fcr die anspruchsvollsten Anwendungen. Diese auf Last reagierende Ausf\u00fchrung nimmt selbst die anspruchsvollsten Materialbelastungsschwankungen auf, damit Ihr Prozess reibungslos abl\u00e4uft. Das wartungsfreundliche Design mit hoher Betriebszeit mildert die Probleme, die die Wartung verursachen kann, und erh\u00f6ht die Verarbeitungsleistung. Die GK-F\u00f6rderer werden auf Bestellung gefertigt, was bedeutet, dass [&hellip;]\" \/>\n<meta property=\"og:url\" content=\"https:\/\/www.generalkinematics.com\/de\/vibrations-beschickungsanlagen\/\" \/>\n<meta property=\"og:site_name\" content=\"General Kinematics\" \/>\n<meta property=\"article:publisher\" content=\"https:\/\/www.facebook.com\/generalkinematics\" \/>\n<meta property=\"og:image\" content=\"https:\/\/media.generalkinematics.com\/wp-content\/uploads\/2017\/07\/GK-Icon.png\" \/>\n\t<meta property=\"og:image:width\" content=\"3000\" \/>\n\t<meta property=\"og:image:height\" content=\"3000\" \/>\n\t<meta property=\"og:image:type\" content=\"image\/jpeg\" \/>\n<meta name=\"twitter:card\" content=\"summary_large_image\" \/>\n<meta name=\"twitter:site\" content=\"@gkvibrating\" \/>\n<meta name=\"twitter:label1\" content=\"Gesch\u00e4tzte Lesezeit\" \/>\n\t<meta name=\"twitter:data1\" content=\"8 Minuten\" \/>\n<!-- \/ Yoast SEO plugin. -->","yoast_head_json":{"title":"Vibrations-Beschickungsanlage | General Kinematics","robots":{"index":"index","follow":"follow","max-snippet":"max-snippet:-1","max-image-preview":"max-image-preview:large","max-video-preview":"max-video-preview:-1"},"canonical":"https:\/\/www.generalkinematics.com\/de\/vibrations-beschickungsanlagen\/","og_locale":"de_DE","og_type":"article","og_title":"Vibrations-Beschickungsanlage | General Kinematics","og_description":"[vc_row][vc_column][vc_column_text]Die Zwei-Massen-Vibrationsbeschickungsanlagen von General Kinematics sind solide konstruiert f\u00fcr die anspruchsvollsten Anwendungen. Diese auf Last reagierende Ausf\u00fchrung nimmt selbst die anspruchsvollsten Materialbelastungsschwankungen auf, damit Ihr Prozess reibungslos abl\u00e4uft. Das wartungsfreundliche Design mit hoher Betriebszeit mildert die Probleme, die die Wartung verursachen kann, und erh\u00f6ht die Verarbeitungsleistung. Die GK-F\u00f6rderer werden auf Bestellung gefertigt, was bedeutet, dass [&hellip;]","og_url":"https:\/\/www.generalkinematics.com\/de\/vibrations-beschickungsanlagen\/","og_site_name":"General Kinematics","article_publisher":"https:\/\/www.facebook.com\/generalkinematics","og_image":[{"width":3000,"height":3000,"url":"https:\/\/media.generalkinematics.com\/wp-content\/uploads\/2017\/07\/GK-Icon.png","type":"image\/jpeg"}],"twitter_card":"summary_large_image","twitter_site":"@gkvibrating","twitter_misc":{"Gesch\u00e4tzte Lesezeit":"8 Minuten"},"schema":{"@context":"https:\/\/schema.org","@graph":[{"@type":"WebPage","@id":"https:\/\/www.generalkinematics.com\/de\/vibrations-beschickungsanlagen\/","url":"https:\/\/www.generalkinematics.com\/de\/vibrations-beschickungsanlagen\/","name":"Vibrations-Beschickungsanlage | General Kinematics","isPartOf":{"@id":"https:\/\/www.generalkinematics.com\/de\/#website"},"datePublished":"2024-08-15T15:14:56+00:00","breadcrumb":{"@id":"https:\/\/www.generalkinematics.com\/de\/vibrations-beschickungsanlagen\/#breadcrumb"},"inLanguage":"de-DE","potentialAction":[{"@type":"ReadAction","target":["https:\/\/www.generalkinematics.com\/de\/vibrations-beschickungsanlagen\/"]}]},{"@type":"BreadcrumbList","@id":"https:\/\/www.generalkinematics.com\/de\/vibrations-beschickungsanlagen\/#breadcrumb","itemListElement":[{"@type":"ListItem","position":1,"name":"GK Home","item":"https:\/\/www.generalkinematics.com\/de\/"},{"@type":"ListItem","position":2,"name":"Vibrations-Beschickungsanlage"}]},{"@type":"WebSite","@id":"https:\/\/www.generalkinematics.com\/de\/#website","url":"https:\/\/www.generalkinematics.com\/de\/","name":"General Kinematics","description":"","publisher":{"@id":"https:\/\/www.generalkinematics.com\/de\/#organization"},"potentialAction":[{"@type":"SearchAction","target":{"@type":"EntryPoint","urlTemplate":"https:\/\/www.generalkinematics.com\/de\/?s={search_term_string}"},"query-input":{"@type":"PropertyValueSpecification","valueRequired":true,"valueName":"search_term_string"}}],"inLanguage":"de-DE"},{"@type":"Organization","@id":"https:\/\/www.generalkinematics.com\/de\/#organization","name":"General Kinematics","url":"https:\/\/www.generalkinematics.com\/de\/","logo":{"@type":"ImageObject","inLanguage":"de-DE","@id":"https:\/\/www.generalkinematics.com\/de\/#\/schema\/logo\/image\/","url":"https:\/\/media.generalkinematics.com\/wp-content\/uploads\/2018\/03\/logo.png","contentUrl":"https:\/\/media.generalkinematics.com\/wp-content\/uploads\/2018\/03\/logo.png","width":313,"height":100,"caption":"General Kinematics"},"image":{"@id":"https:\/\/www.generalkinematics.com\/de\/#\/schema\/logo\/image\/"},"sameAs":["https:\/\/www.facebook.com\/generalkinematics","https:\/\/x.com\/gkvibrating"]}]}},"_links":{"self":[{"href":"https:\/\/www.generalkinematics.com\/de\/wp-json\/wp\/v2\/pages\/49771","targetHints":{"allow":["GET"]}}],"collection":[{"href":"https:\/\/www.generalkinematics.com\/de\/wp-json\/wp\/v2\/pages"}],"about":[{"href":"https:\/\/www.generalkinematics.com\/de\/wp-json\/wp\/v2\/types\/page"}],"author":[{"embeddable":true,"href":"https:\/\/www.generalkinematics.com\/de\/wp-json\/wp\/v2\/users\/101013"}],"replies":[{"embeddable":true,"href":"https:\/\/www.generalkinematics.com\/de\/wp-json\/wp\/v2\/comments?post=49771"}],"version-history":[{"count":0,"href":"https:\/\/www.generalkinematics.com\/de\/wp-json\/wp\/v2\/pages\/49771\/revisions"}],"wp:attachment":[{"href":"https:\/\/www.generalkinematics.com\/de\/wp-json\/wp\/v2\/media?parent=49771"}],"curies":[{"name":"wp","href":"https:\/\/api.w.org\/{rel}","templated":true}]}}