{"id":50468,"date":"2020-12-28T23:59:10","date_gmt":"2020-12-29T05:59:10","guid":{"rendered":"https:\/\/www.generalkinematics.com\/?page_id=50468"},"modified":"2023-02-24T13:24:11","modified_gmt":"2023-02-24T19:24:11","slug":"gk-zwei-massen-vorteil","status":"publish","type":"page","link":"https:\/\/www.generalkinematics.com\/de\/gk-zwei-massen-vorteil\/","title":{"rendered":"GK Zwei-Massen-Vorteil &#8211; Two mass"},"content":{"rendered":"<div class=\"wpb-content-wrapper\"><p>[vc_row][vc_column][vc_single_image image=&#8220;50489&#8243; img_size=&#8220;full&#8220; alignment=&#8220;center&#8220;][\/vc_column][\/vc_row][vc_row][vc_column][vc_column_text]<\/p>\n<p><strong>General Kinematics Zwei-Massen vs. Brute Force <\/strong><\/p>\n<p><span style=\"font-weight: 400;\">General Kinematics ist als f\u00fchrend in der Zwei-Massen-Vibrations-Technologie bekannt. Diese Technologie hat es erm\u00f6glicht, gr\u00f6\u00dfere Kapazit\u00e4ten handzuhaben, bei gleichzeitiger Verl\u00e4ngerung der Lebensdauer der Ausr\u00fcstung. <\/span><\/p>\n<p><span style=\"font-weight: 400;\">Zwei-Massen bezieht sich auf eine Art von Vibrationsausstattung\/Vibrationsausr\u00fcstung, bei dem eine Masse (der Erreger, d. h. &#8222;Antrieb&#8220;) verwendet wird, um eine zweite Masse (den Trog, d. h. &#8222;K\u00f6rper&#8220;) anzutreiben. Die Erregermasse ist das Gesamtgewicht des (der) Vibrationsmotors(-en), zuz\u00fcglich der proportional zum gesamten Troggewicht entworfenen Stahlstruktur, zus\u00e4tzlich zu der Menge an Materiallast. Die Erregermasse ist \u00fcber ein Netzwerk aus Federn mit der Trogstruktur verbunden, die gleichm\u00e4\u00dfig zwischen diesen zwei Elementen verteilt sind. Das Verbinden der zwei Massen \u00fcber des Federnetz erzeugt ein responsives sub-resonantes System. Dieses System reagiert auf Ver\u00e4nderungen der Last ohne die D\u00e4mpfung der Leistung und Effizienz. Zwei-Massen ist weiterhin kosteng\u00fcnstiger im Betrieb und in der Instandhaltung, denn es enth\u00e4lt keine Riemen, gro\u00dfe Motoren und Lager. <\/span><\/p>\n<p><span style=\"font-weight: 400;\">Im Gegenteil dazu reagieren Brute Force Designs negativ auf Materiallast. Bei zunehmender Materiallast nimmt der Hub ab. Eine Brute Force Maschine wird typischerweise gro\u00dfe Motoren und exzentrische Gewichte haben, deren Anlassen dauert und die manchmal in dieser Frequenz w\u00e4hrend des Starts steckenbleiben und strukturelle Belastungen verursachen k\u00f6nnen. Nach dem Hochfahren arbeitet sie weit weg von der Isolationsfrequenz und profitiert daher nicht von der Zwei-Massen-Kurve (rechts notiert). Die notwendige Leistung, um einen Auslegungshub zu erzielen, ist eine direkte Korrelation der Masse, die vibriert werden muss. Daher nimmt der Auslegungshub bei zunehmender Materiallast ab. Mit diesem innewohnenden Unterschied h\u00e4lt die Zwei-Massen-Technologie jederzeit die Materialaktivierungs-Effizienz und -Kapazit\u00e4t aufrecht, w\u00e4hrend Brute Force Effizienz und Kapazit\u00e4t unter Bedingungen der Volllast und \u00dcberlastung abnehmen. Leistungszeit wird vom mechanischen Design der zwei unterschiedlichen Stile beeinflusst.<\/span><\/p>\n<p><span style=\"font-weight: 400;\"> <\/span>[\/vc_column_text][vc_empty_space][\/vc_column][\/vc_row][vc_row][vc_column width=&#8220;2\/3&#8243;][vc_raw_html]aHR0cHM6Ly95b3V0dS5iZS9JN3UxTHJ6ZW5ZZw==[\/vc_raw_html][\/vc_column][vc_column width=&#8220;1\/3&#8243;][vc_empty_space height=&#8220;62px&#8220;][vc_custom_heading text=&#8220;Ben\u00f6tigen Sie ein Angebot oder<br \/>\nHaben Sie eine Frage?&#8220; font_container=&#8220;tag:h2|text_align:left|color:%23bb2034&#8243; google_fonts=&#8220;font_family:Roboto%3A100%2C100italic%2C300%2C300italic%2Cregular%2Citalic%2C500%2C500italic%2C700%2C700italic%2C900%2C900italic|font_style:700%20bold%20regular%3A700%3Anormal&#8220;][vc_raw_html]PHA+PGlmcmFtZSBzdHlsZT0iYm9yZGVyOiAwOyIgc3JjPSJodHRwczovL2dvLnBhcmRvdC5jb20vbC8xNDU4MDEvMjAxNi0wNi0wMy82OTRscCIgd2lkdGg9IjEwMCUiIGhlaWdodD0iNTAwIiBmcmFtZWJvcmRlcj0iMCI+PC9pZnJhbWU+PC9wPgo8c3BhbiBkYXRhLW1jZS10eXBlPSJib29rbWFyayIgc3R5bGU9ImRpc3BsYXk6IGlubGluZS1ibG9jazsgd2lkdGg6IDBweDsgb3ZlcmZsb3c6IGhpZGRlbjsgbGluZS1oZWlnaHQ6IDA7IiBjbGFzcz0ibWNlX1NFTFJFU19zdGFydCI+PC9zcGFuPg==[\/vc_raw_html][\/vc_column][\/vc_row][vc_row][vc_column][vc_empty_space][vc_single_image image=&#8220;52836&#8243; img_size=&#8220;medium&#8220; alignment=&#8220;center&#8220; title=&#8220;Zwei-Massen vs. Brute Force&#8220;][\/vc_column][\/vc_row][vc_row equal_height=&#8220;yes&#8220;][vc_column width=&#8220;1\/2&#8243; css=&#8220;.vc_custom_1608654858170{background-color: #e5e5e5 !important;}&#8220;][vc_column_text]<\/p>\n<h3 style=\"text-align: center;\">GK Zwei-Massen<\/h3>\n<p>[\/vc_column_text][vc_column_text]<img decoding=\"async\" class=\"wp-image-50527 alignright\" src=\"https:\/\/media.generalkinematics.com\/wp-content\/uploads\/2020\/12\/Exploded_TM.gif\" alt=\"\" width=\"373\" height=\"209\"><span style=\"font-weight: 400;\">Der Name &#8222;Zwei-Massen&#8220; stammt vom Design der Ausr\u00fcstung. Bei dieser Ausf\u00fchrung ist der Erreger (Masse Eins) am K\u00f6rper der Ausr\u00fcstung (Masse zwei) durch ein Netzwerk von Reaktorfedern befestigt. <\/span>[\/vc_column_text][\/vc_column][vc_column width=&#8220;1\/2&#8243; css=&#8220;.vc_custom_1608654871532{background-color: #e0e0e0 !important;}&#8220;][vc_column_text]<\/p>\n<h3 style=\"text-align: center;\">Brute Force der Wettbewerber<\/h3>\n<p>[\/vc_column_text][vc_column_text]<img decoding=\"async\" class=\"wp-image-50522 alignleft\" src=\"https:\/\/media.generalkinematics.com\/wp-content\/uploads\/2020\/12\/Exploded_BF.gif\" alt=\"\" width=\"374\" height=\"210\"><span style=\"font-weight: 400;\">Brute Force bezeichnet eine Ausf\u00fchrung der Ausr\u00fcstung, bei der der Motor direkt am K\u00f6rper oder einer vibrierenden Masse befestigt ist.<\/span>[\/vc_column_text][\/vc_column][\/vc_row][vc_row equal_height=&#8220;yes&#8220;][vc_column width=&#8220;1\/2&#8243; css=&#8220;.vc_custom_1608654858170{background-color: #e5e5e5 !important;}&#8220;][vc_column_text]<img decoding=\"async\" class=\"wp-image-50567 alignright\" src=\"https:\/\/media.generalkinematics.com\/wp-content\/uploads\/2020\/12\/Motors_TM.gif\" alt=\"\" width=\"372\" height=\"209\"><span style=\"font-weight: 400;\">Das Zwei-Massen-Design bietet einen schnellen und glatten Start. Die zwei Massen bewegen sich in entgegengesetzter Richtung mit einem linearen Hub. Diese Ausf\u00fchrung erfordert weniger Energie f\u00fcr den Betrieb.<\/span>[\/vc_column_text][\/vc_column][vc_column width=&#8220;1\/2&#8243; css=&#8220;.vc_custom_1608654871532{background-color: #e0e0e0 !important;}&#8220;][vc_column_text]<img decoding=\"async\" class=\"wp-image-50562 alignleft\" src=\"https:\/\/media.generalkinematics.com\/wp-content\/uploads\/2020\/12\/Motors_bf.gif\" alt=\"\" width=\"372\" height=\"209\"><span style=\"font-weight: 400;\">Der Antrieb ist direkt an der Trogbaugruppe befestigt. Diese Ausf\u00fchrung ben\u00f6tigt das Zweifache der Betriebszeit des Zwei-Massen-Designs. <\/span><\/p>\n<p>&nbsp;<\/p>\n<p>[\/vc_column_text][\/vc_column][\/vc_row][vc_row equal_height=&#8220;yes&#8220;][vc_column width=&#8220;1\/2&#8243; css=&#8220;.vc_custom_1608654858170{background-color: #e5e5e5 !important;}&#8220;][vc_column_text]<img decoding=\"async\" class=\"alignright wp-image-50577 \" src=\"https:\/\/media.generalkinematics.com\/wp-content\/uploads\/2020\/12\/Profile_TM.gif\" alt=\"\" width=\"371\" height=\"208\">Antriebskraft wird gleichm\u00e4\u00dfig durch das Federnetz verbreitet, um die Struktur des Ausr\u00fcstungsk\u00f6rpers zu unterst\u00fctzen. F\u00fcr gr\u00f6\u00dfere Einheiten hat der K\u00f6rper \u00c4nderungen am Design, um die Antriebskr\u00e4fte noch gleichm\u00e4\u00dfiger zu verteilen. Dies schr\u00e4nkt auch jegliche Torsionskr\u00e4fte ein.[\/vc_column_text][\/vc_column][vc_column width=&#8220;1\/2&#8243; css=&#8220;.vc_custom_1608654871532{background-color: #e0e0e0 !important;}&#8220;][vc_column_text]<img decoding=\"async\" class=\"wp-image-50572 alignleft\" src=\"https:\/\/media.generalkinematics.com\/wp-content\/uploads\/2020\/12\/Profile_bf.gif\" alt=\"\" width=\"371\" height=\"208\">Die Antriebskraft konzentriert sich in einem Bereich auf jedem seitlichen Paneel. Die Seitenpaneelkonstruktion kann die konzentrierten Kr\u00e4fte oft nicht \u00fcberstehen und versagt oft. F\u00fcr gr\u00f6\u00dfere Brute Force Einheiten werden die Antriebskr\u00e4fte auf das seitliche Paneel intensiver bei zunehmender Strahlbreite, Masse und Kr\u00e4ften, w\u00e4hrend der Widerstand zu den Torsionskr\u00e4ften abnimmt.[\/vc_column_text][\/vc_column][\/vc_row][vc_row equal_height=&#8220;yes&#8220;][vc_column width=&#8220;1\/2&#8243; css=&#8220;.vc_custom_1608654858170{background-color: #e5e5e5 !important;}&#8220;][vc_column_text]<img decoding=\"async\" class=\"wp-image-50537 alignright\" src=\"https:\/\/media.generalkinematics.com\/wp-content\/uploads\/2020\/12\/Heavy-Material_TM.gif\" alt=\"\" width=\"374\" height=\"210\">Die Zwei-Massen Sub Resonant Technologie reagiert positiv auf Materiallast. Das Maschinendesign ber\u00fccksichtigt das Gewicht der Ausr\u00fcstung und das zunehmende Materialgewicht und optimiert die Motor-PS und das Federnetz, damit Effizienz und Kapazit\u00e4t nicht von variierenden Prozessbedingungen beeinflusst werden.<\/p>\n<p>[\/vc_column_text][\/vc_column][vc_column width=&#8220;1\/2&#8243; css=&#8220;.vc_custom_1608654871532{background-color: #e0e0e0 !important;}&#8220;][vc_column_text]<img decoding=\"async\" class=\"wp-image-50532 alignleft\" src=\"https:\/\/media.generalkinematics.com\/wp-content\/uploads\/2020\/12\/Heavy-Material_BF.gif\" alt=\"\" width=\"373\" height=\"209\">Das Brute Force Design reagiert negativ auf erh\u00f6hte Materiallast, wahrscheinlich wesentlich unter \u00dcberlastungsbedingungen. Dies vermindert den Hub und reduziert die Effizienz. Das Maschinendesign muss die Motor-\/Antriebsmasse, K\u00f6rpermasse und Materialmasse ber\u00fccksichtigen. Alle 3 verbrauchen Motor-\/Antriebs-PS, die begrenzt ist.<\/p>\n<p>[\/vc_column_text][\/vc_column][\/vc_row][vc_row][vc_column][vc_empty_space height=&#8220;62px&#8220;][vc_raw_html]PHN0eWxlPgojcmVzcG9uZHsKZGlzcGxheTogbm9uZTsKfQoKPC9zdHlsZT4=[\/vc_raw_html][\/vc_column][\/vc_row][vc_row][vc_column width=&#8220;2\/3&#8243; css=&#8220;.vc_custom_1608761504760{background-color: #f2f2f2 !important;}&#8220;][vc_empty_space height=&#8220;62px&#8220;][vc_column_text]<\/p>\n<h3 style=\"text-align: center;\">Erfahren Sie, wie das Zwei-Massen-Design von General Kinematics die Screening-Kapazit\u00e4t um bis zu 30 % verbessert hat.<\/h3>\n<p>[\/vc_column_text][vc_btn title=&#8220;Fallstudie lesen&#8220; shape=&#8220;square&#8220; color=&#8220;inverse&#8220; align=&#8220;center&#8220; link=&#8220;url:%2Fwp-content%2Fuploads%2F2020%2F06%2FGKM20_STM_Capacity.pdf|target:_blank|&#8220;][vc_empty_space height=&#8220;62px&#8220;][\/vc_column][vc_column width=&#8220;1\/3&#8243;][vc_single_image image=&#8220;48320&#8243; img_size=&#8220;medium&#8220; alignment=&#8220;right&#8220;][\/vc_column][\/vc_row][vc_row][\/vc_row][vc_column][vc_empty_space height=&#8220;62px&#8220;][vc_column_text]<\/p>\n<h3 style=\"text-align: center;\">GK&#8217;s Zwei-Massen-Technologie-Ausr\u00fcstung ist f\u00fcr jede Branche verf\u00fcgbar. Finden Sie den perfekten Zwei-Massen-Zusatz f\u00fcr Ihren Prozess, indem Sie auf das Industriesymbol weiter unten klicken!<\/h3>\n<p>[\/vc_column_text][vc_row_inner el_class=&#8220;home-page&#8211;industry-leaders-icons&#8220;][vc_column_inner el_class=&#8220;home-page&#8211;industry-leaders-icons__one&#8220; width=&#8220;1\/4&#8243;][vc_column_text el_class=&#8220;home-page&#8211;industry-leaders-icons-text&#8220;]<a href=\"https:\/\/www.generalkinematics.com\/de\/gieserei-ausrustung\/\"><img decoding=\"async\" class=\"aligncenter wp-image-49635 size-medium\" src=\"https:\/\/media.generalkinematics.com\/wp-content\/uploads\/2020\/07\/foundry-icon-1-390x318.jpg\" alt=\"\" width=\"390\" height=\"318\" srcset=\"https:\/\/media.generalkinematics.com\/wp-content\/uploads\/2020\/07\/foundry-icon-1-390x318.jpg 390w, https:\/\/media.generalkinematics.com\/wp-content\/uploads\/2020\/07\/foundry-icon-1-500x408.jpg 500w, https:\/\/media.generalkinematics.com\/wp-content\/uploads\/2020\/07\/foundry-icon-1-479x391.jpg 479w, https:\/\/media.generalkinematics.com\/wp-content\/uploads\/2020\/07\/foundry-icon-1-612x500.jpg 612w, https:\/\/media.generalkinematics.com\/wp-content\/uploads\/2020\/07\/foundry-icon-1-600x490.jpg 600w, https:\/\/media.generalkinematics.com\/wp-content\/uploads\/2020\/07\/foundry-icon-1-426x348.jpg 426w, https:\/\/media.generalkinematics.com\/wp-content\/uploads\/2020\/07\/foundry-icon-1-306x250.jpg 306w, https:\/\/media.generalkinematics.com\/wp-content\/uploads\/2020\/07\/foundry-icon-1.jpg 763w\" sizes=\"(max-width: 639px) 98vw, (max-width: 1199px) 64vw, 390px\" \/><\/a><\/p>\n<h2><a href=\"https:\/\/www.generalkinematics.com\/de\/gieserei-ausrustung\/\">Gie\u00dferei &amp; Metallguss<\/a><\/h2>\n<p>[\/vc_column_text][\/vc_column_inner][vc_column_inner el_class=&#8220;home-page&#8211;industry-leaders-icons__two&#8220; width=&#8220;1\/4&#8243;][vc_column_text el_class=&#8220;home-page&#8211;industry-leaders-icons-text&#8220;]<a href=\"https:\/\/www.generalkinematics.com\/de\/recycling-equipment\/\"><img decoding=\"async\" class=\"aligncenter wp-image-49629 size-medium\" src=\"https:\/\/media.generalkinematics.com\/wp-content\/uploads\/2020\/07\/recycling-icon-1-390x359.jpg\" alt=\"\" width=\"390\" height=\"359\" srcset=\"https:\/\/media.generalkinematics.com\/wp-content\/uploads\/2020\/07\/recycling-icon-1-390x359.jpg 390w, https:\/\/media.generalkinematics.com\/wp-content\/uploads\/2020\/07\/recycling-icon-1-500x461.jpg 500w, https:\/\/media.generalkinematics.com\/wp-content\/uploads\/2020\/07\/recycling-icon-1-479x441.jpg 479w, https:\/\/media.generalkinematics.com\/wp-content\/uploads\/2020\/07\/recycling-icon-1-542x500.jpg 542w, https:\/\/media.generalkinematics.com\/wp-content\/uploads\/2020\/07\/recycling-icon-1-378x348.jpg 378w, https:\/\/media.generalkinematics.com\/wp-content\/uploads\/2020\/07\/recycling-icon-1-271x250.jpg 271w, https:\/\/media.generalkinematics.com\/wp-content\/uploads\/2020\/07\/recycling-icon-1.jpg 562w\" sizes=\"(max-width: 639px) 98vw, (max-width: 1199px) 64vw, 390px\" \/><\/a><\/p>\n<h2><a href=\"https:\/\/www.generalkinematics.com\/de\/recycling-equipment\/\">Ressourcenwiederherstellung<\/a><\/h2>\n<p>[\/vc_column_text][\/vc_column_inner][vc_column_inner el_class=&#8220;home-page&#8211;industry-leaders-icons__three&#8220; width=&#8220;1\/4&#8243;][vc_column_text el_class=&#8220;home-page&#8211;industry-leaders-icons-text&#8220;]<a href=\"https:\/\/www.generalkinematics.com\/de\/bergbau-equipment\/\"><img decoding=\"async\" class=\"aligncenter wp-image-49624 size-medium\" src=\"https:\/\/media.generalkinematics.com\/wp-content\/uploads\/2020\/07\/mining-icon-1-390x341.jpg\" alt=\"\" width=\"390\" height=\"341\" srcset=\"https:\/\/media.generalkinematics.com\/wp-content\/uploads\/2020\/07\/mining-icon-1-390x341.jpg 390w, https:\/\/media.generalkinematics.com\/wp-content\/uploads\/2020\/07\/mining-icon-1-500x437.jpg 500w, https:\/\/media.generalkinematics.com\/wp-content\/uploads\/2020\/07\/mining-icon-1-479x418.jpg 479w, https:\/\/media.generalkinematics.com\/wp-content\/uploads\/2020\/07\/mining-icon-1-572x500.jpg 572w, https:\/\/media.generalkinematics.com\/wp-content\/uploads\/2020\/07\/mining-icon-1-600x524.jpg 600w, https:\/\/media.generalkinematics.com\/wp-content\/uploads\/2020\/07\/mining-icon-1-398x348.jpg 398w, https:\/\/media.generalkinematics.com\/wp-content\/uploads\/2020\/07\/mining-icon-1-286x250.jpg 286w, https:\/\/media.generalkinematics.com\/wp-content\/uploads\/2020\/07\/mining-icon-1.jpg 711w\" sizes=\"(max-width: 639px) 98vw, (max-width: 1199px) 64vw, 390px\" \/><\/a><\/p>\n<h2><a href=\"https:\/\/www.generalkinematics.com\/de\/bergbau-equipment\/\">Bergbau &amp; Metallurgie<\/a><\/h2>\n<p>[\/vc_column_text][\/vc_column_inner][vc_column_inner el_class=&#8220;home-page&#8211;industry-leaders-icons__four&#8220; width=&#8220;1\/4&#8243;][vc_column_text el_class=&#8220;home-page&#8211;industry-leaders-icons-text&#8220;]<a href=\"https:\/\/www.generalkinematics.com\/de\/verarbeitungs-equipment\/\"><img decoding=\"async\" class=\"aligncenter wp-image-49619 size-medium\" src=\"https:\/\/media.generalkinematics.com\/wp-content\/uploads\/2020\/07\/bulk-icon-1-390x252.jpg\" alt=\"\" width=\"390\" height=\"252\" srcset=\"https:\/\/media.generalkinematics.com\/wp-content\/uploads\/2020\/07\/bulk-icon-1-390x252.jpg 390w, https:\/\/media.generalkinematics.com\/wp-content\/uploads\/2020\/07\/bulk-icon-1-500x323.jpg 500w, https:\/\/media.generalkinematics.com\/wp-content\/uploads\/2020\/07\/bulk-icon-1-479x309.jpg 479w, https:\/\/media.generalkinematics.com\/wp-content\/uploads\/2020\/07\/bulk-icon-1-600x387.jpg 600w, https:\/\/media.generalkinematics.com\/wp-content\/uploads\/2020\/07\/bulk-icon-1-482x311.jpg 482w, https:\/\/media.generalkinematics.com\/wp-content\/uploads\/2020\/07\/bulk-icon-1-388x250.jpg 388w, https:\/\/media.generalkinematics.com\/wp-content\/uploads\/2020\/07\/bulk-icon-1.jpg 693w\" sizes=\"(max-width: 639px) 98vw, (max-width: 1199px) 64vw, 390px\" \/><\/a><\/p>\n<h2><a href=\"https:\/\/www.generalkinematics.com\/de\/verarbeitungs-equipment\/\">Pulver- &amp; Sch\u00fcttgutverarbeitung<\/a><\/h2>\n<p>[\/vc_column_text][\/vc_column_inner][\/vc_row_inner][\/vc_column][vc_column][\/vc_column][vc_empty_space]<\/p>\n<\/div>","protected":false},"excerpt":{"rendered":"<p>[vc_row][vc_column][vc_single_image image=&#8220;50489&#8243; img_size=&#8220;full&#8220; alignment=&#8220;center&#8220;][\/vc_column][\/vc_row][vc_row][vc_column][vc_column_text] General Kinematics Zwei-Massen vs. Brute Force General Kinematics ist als f\u00fchrend in der Zwei-Massen-Vibrations-Technologie bekannt. Diese Technologie hat es erm\u00f6glicht, gr\u00f6\u00dfere Kapazit\u00e4ten handzuhaben, bei gleichzeitiger Verl\u00e4ngerung der Lebensdauer der Ausr\u00fcstung. Zwei-Massen bezieht sich auf eine Art von Vibrationsausstattung\/Vibrationsausr\u00fcstung, bei dem eine Masse (der Erreger, d. h. &#8222;Antrieb&#8220;) verwendet wird, um eine [&hellip;]<\/p>\n","protected":false},"author":101013,"featured_media":46455,"parent":0,"menu_order":0,"comment_status":"open","ping_status":"closed","template":"page-templates\/page-full-width.php","meta":{"_acf_changed":false,"om_disable_all_campaigns":false,"ep_exclude_from_search":false,"footnotes":""},"class_list":["post-50468","page","type-page","status-publish","has-post-thumbnail","hentry"],"acf":[],"yoast_head":"<!-- This site is optimized with the Yoast SEO plugin v27.2 - https:\/\/yoast.com\/product\/yoast-seo-wordpress\/ -->\n<title>GK Zwei-Massen-Vorteil - Two mass | General Kinematics<\/title>\n<meta name=\"robots\" content=\"index, follow, max-snippet:-1, max-image-preview:large, max-video-preview:-1\" \/>\n<link rel=\"canonical\" href=\"https:\/\/www.generalkinematics.com\/de\/gk-zwei-massen-vorteil\/\" \/>\n<meta property=\"og:locale\" content=\"de_DE\" \/>\n<meta property=\"og:type\" content=\"article\" \/>\n<meta property=\"og:title\" content=\"GK Zwei-Massen-Vorteil - Two mass | General Kinematics\" \/>\n<meta property=\"og:description\" content=\"[vc_row][vc_column][vc_single_image image=&#8220;50489&#8243; img_size=&#8220;full&#8220; alignment=&#8220;center&#8220;][\/vc_column][\/vc_row][vc_row][vc_column][vc_column_text] General Kinematics Zwei-Massen vs. Brute Force General Kinematics ist als f\u00fchrend in der Zwei-Massen-Vibrations-Technologie bekannt. Diese Technologie hat es erm\u00f6glicht, gr\u00f6\u00dfere Kapazit\u00e4ten handzuhaben, bei gleichzeitiger Verl\u00e4ngerung der Lebensdauer der Ausr\u00fcstung. Zwei-Massen bezieht sich auf eine Art von Vibrationsausstattung\/Vibrationsausr\u00fcstung, bei dem eine Masse (der Erreger, d. h. &#8222;Antrieb&#8220;) verwendet wird, um eine [&hellip;]\" \/>\n<meta property=\"og:url\" content=\"https:\/\/www.generalkinematics.com\/de\/gk-zwei-massen-vorteil\/\" \/>\n<meta property=\"og:site_name\" content=\"General Kinematics\" \/>\n<meta property=\"article:publisher\" content=\"https:\/\/www.facebook.com\/generalkinematics\" \/>\n<meta property=\"article:modified_time\" content=\"2023-02-24T19:24:11+00:00\" \/>\n<meta property=\"og:image\" content=\"https:\/\/media.generalkinematics.com\/wp-content\/uploads\/2019\/05\/two-mass-install-gk.png\" \/>\n\t<meta property=\"og:image:width\" content=\"1372\" \/>\n\t<meta property=\"og:image:height\" content=\"745\" \/>\n\t<meta property=\"og:image:type\" content=\"image\/jpeg\" \/>\n<meta name=\"twitter:card\" content=\"summary_large_image\" \/>\n<meta name=\"twitter:site\" content=\"@gkvibrating\" \/>\n<meta name=\"twitter:label1\" content=\"Gesch\u00e4tzte Lesezeit\" \/>\n\t<meta name=\"twitter:data1\" content=\"6 Minuten\" \/>\n<!-- \/ Yoast SEO plugin. -->","yoast_head_json":{"title":"GK Zwei-Massen-Vorteil - Two mass | General Kinematics","robots":{"index":"index","follow":"follow","max-snippet":"max-snippet:-1","max-image-preview":"max-image-preview:large","max-video-preview":"max-video-preview:-1"},"canonical":"https:\/\/www.generalkinematics.com\/de\/gk-zwei-massen-vorteil\/","og_locale":"de_DE","og_type":"article","og_title":"GK Zwei-Massen-Vorteil - Two mass | General Kinematics","og_description":"[vc_row][vc_column][vc_single_image image=&#8220;50489&#8243; img_size=&#8220;full&#8220; alignment=&#8220;center&#8220;][\/vc_column][\/vc_row][vc_row][vc_column][vc_column_text] General Kinematics Zwei-Massen vs. Brute Force General Kinematics ist als f\u00fchrend in der Zwei-Massen-Vibrations-Technologie bekannt. Diese Technologie hat es erm\u00f6glicht, gr\u00f6\u00dfere Kapazit\u00e4ten handzuhaben, bei gleichzeitiger Verl\u00e4ngerung der Lebensdauer der Ausr\u00fcstung. Zwei-Massen bezieht sich auf eine Art von Vibrationsausstattung\/Vibrationsausr\u00fcstung, bei dem eine Masse (der Erreger, d. h. &#8222;Antrieb&#8220;) verwendet wird, um eine [&hellip;]","og_url":"https:\/\/www.generalkinematics.com\/de\/gk-zwei-massen-vorteil\/","og_site_name":"General Kinematics","article_publisher":"https:\/\/www.facebook.com\/generalkinematics","article_modified_time":"2023-02-24T19:24:11+00:00","og_image":[{"width":1372,"height":745,"url":"https:\/\/media.generalkinematics.com\/wp-content\/uploads\/2019\/05\/two-mass-install-gk.png","type":"image\/jpeg"}],"twitter_card":"summary_large_image","twitter_site":"@gkvibrating","twitter_misc":{"Gesch\u00e4tzte Lesezeit":"6 Minuten"},"schema":{"@context":"https:\/\/schema.org","@graph":[{"@type":"WebPage","@id":"https:\/\/www.generalkinematics.com\/de\/gk-zwei-massen-vorteil\/","url":"https:\/\/www.generalkinematics.com\/de\/gk-zwei-massen-vorteil\/","name":"GK Zwei-Massen-Vorteil - Two mass | General Kinematics","isPartOf":{"@id":"https:\/\/www.generalkinematics.com\/de\/#website"},"primaryImageOfPage":{"@id":"https:\/\/www.generalkinematics.com\/de\/gk-zwei-massen-vorteil\/#primaryimage"},"image":{"@id":"https:\/\/www.generalkinematics.com\/de\/gk-zwei-massen-vorteil\/#primaryimage"},"thumbnailUrl":"https:\/\/media.generalkinematics.com\/wp-content\/uploads\/2019\/05\/two-mass-install-gk.png","datePublished":"2020-12-29T05:59:10+00:00","dateModified":"2023-02-24T19:24:11+00:00","breadcrumb":{"@id":"https:\/\/www.generalkinematics.com\/de\/gk-zwei-massen-vorteil\/#breadcrumb"},"inLanguage":"de-DE","potentialAction":[{"@type":"ReadAction","target":["https:\/\/www.generalkinematics.com\/de\/gk-zwei-massen-vorteil\/"]}]},{"@type":"ImageObject","inLanguage":"de-DE","@id":"https:\/\/www.generalkinematics.com\/de\/gk-zwei-massen-vorteil\/#primaryimage","url":"https:\/\/media.generalkinematics.com\/wp-content\/uploads\/2019\/05\/two-mass-install-gk.png","contentUrl":"https:\/\/media.generalkinematics.com\/wp-content\/uploads\/2019\/05\/two-mass-install-gk.png","width":1372,"height":745,"caption":"Queensland two-mass mining screen installation"},{"@type":"BreadcrumbList","@id":"https:\/\/www.generalkinematics.com\/de\/gk-zwei-massen-vorteil\/#breadcrumb","itemListElement":[{"@type":"ListItem","position":1,"name":"GK Home","item":"https:\/\/www.generalkinematics.com\/de\/"},{"@type":"ListItem","position":2,"name":"GK Zwei-Massen-Vorteil &#8211; Two mass"}]},{"@type":"WebSite","@id":"https:\/\/www.generalkinematics.com\/de\/#website","url":"https:\/\/www.generalkinematics.com\/de\/","name":"General Kinematics","description":"","publisher":{"@id":"https:\/\/www.generalkinematics.com\/de\/#organization"},"potentialAction":[{"@type":"SearchAction","target":{"@type":"EntryPoint","urlTemplate":"https:\/\/www.generalkinematics.com\/de\/?s={search_term_string}"},"query-input":{"@type":"PropertyValueSpecification","valueRequired":true,"valueName":"search_term_string"}}],"inLanguage":"de-DE"},{"@type":"Organization","@id":"https:\/\/www.generalkinematics.com\/de\/#organization","name":"General Kinematics","url":"https:\/\/www.generalkinematics.com\/de\/","logo":{"@type":"ImageObject","inLanguage":"de-DE","@id":"https:\/\/www.generalkinematics.com\/de\/#\/schema\/logo\/image\/","url":"https:\/\/media.generalkinematics.com\/wp-content\/uploads\/2018\/03\/logo.png","contentUrl":"https:\/\/media.generalkinematics.com\/wp-content\/uploads\/2018\/03\/logo.png","width":313,"height":100,"caption":"General Kinematics"},"image":{"@id":"https:\/\/www.generalkinematics.com\/de\/#\/schema\/logo\/image\/"},"sameAs":["https:\/\/www.facebook.com\/generalkinematics","https:\/\/x.com\/gkvibrating"]}]}},"_links":{"self":[{"href":"https:\/\/www.generalkinematics.com\/de\/wp-json\/wp\/v2\/pages\/50468","targetHints":{"allow":["GET"]}}],"collection":[{"href":"https:\/\/www.generalkinematics.com\/de\/wp-json\/wp\/v2\/pages"}],"about":[{"href":"https:\/\/www.generalkinematics.com\/de\/wp-json\/wp\/v2\/types\/page"}],"author":[{"embeddable":true,"href":"https:\/\/www.generalkinematics.com\/de\/wp-json\/wp\/v2\/users\/101013"}],"replies":[{"embeddable":true,"href":"https:\/\/www.generalkinematics.com\/de\/wp-json\/wp\/v2\/comments?post=50468"}],"version-history":[{"count":0,"href":"https:\/\/www.generalkinematics.com\/de\/wp-json\/wp\/v2\/pages\/50468\/revisions"}],"wp:featuredmedia":[{"embeddable":true,"href":"https:\/\/www.generalkinematics.com\/de\/wp-json\/wp\/v2\/media\/46455"}],"wp:attachment":[{"href":"https:\/\/www.generalkinematics.com\/de\/wp-json\/wp\/v2\/media?parent=50468"}],"curies":[{"name":"wp","href":"https:\/\/api.w.org\/{rel}","templated":true}]}}