{"id":51381,"date":"2021-04-19T12:10:27","date_gmt":"2021-04-19T17:10:27","guid":{"rendered":"https:\/\/www.generalkinematics.com\/gk-systeme\/"},"modified":"2021-04-20T14:51:44","modified_gmt":"2021-04-20T19:51:44","slug":"gk-systeme","status":"publish","type":"page","link":"https:\/\/www.generalkinematics.com\/de\/gk-systeme\/","title":{"rendered":"GK-Systeme"},"content":{"rendered":"<div class=\"wpb-content-wrapper\"><p>[vc_row][vc_column][vc_empty_space height=&#8220;42px&#8220;][vc_single_image image=&#8220;51083&#8243; img_size=&#8220;large&#8220; alignment=&#8220;center&#8220; onclick=&#8220;custom_link&#8220; link=&#8220;https:\/\/www.generalkinematics.com\/gk-systems\/#Discoverrow&#8220;][vc_empty_space height=&#8220;42px&#8220;][\/vc_column][\/vc_row][vc_row css=&#8220;.vc_custom_1616685375321{background-color: #eaeaea !important;}&#8220;][vc_column width=&#8220;1\/2&#8243;][vc_empty_space height=&#8220;62px&#8220;][vc_column_text css=&#8220;.vc_custom_1616707910166{margin-right: 60px !important;margin-left: 60px !important;}&#8220;]<span style=\"font-weight: 400;\">General Kinematics ist seit Jahrzehnten in den Bereichen Ingenieurwesen, Planung und Bauwesen aktiv. GKs ausgedehnte Erfahrung im Bereich Ingenieurwesen, verbunden mit unseren Branchenkenntnissen, bieten Unternehmen komplette Systeme, die Gewinne maximieren, bei gleichzeitiger Gew\u00e4hrleistung eines sicheren Arbeitsumfelds mit niedrigen Wartungsbed\u00fcrfnissen. Wir verf\u00fcgen \u00fcber das Fachwissen und die Ressourcen, um das System auszubauen, das das Wachstum Ihres Unternehmens oder ihren ver\u00e4nderten Gesch\u00e4ftsplan unterst\u00fctzen wird.<\/span><\/p>\n<p>&nbsp;<\/p>\n<h2><span style=\"font-weight: 400; color: #800000;\">Warum GK Systeme:<\/span><\/h2>\n<p>&nbsp;<\/p>\n<p><span style=\"color: #800000;\"><b>Kundenfokus:<\/b><\/span><span style=\"font-weight: 400;\"> Ihr Erfolg und Gewinn stehen bei uns an erster Stelle. Wir sind auf die langfristigen Beziehungen, die wir mit unseren Kunden und die Unterst\u00fctzung, die wir ihnen bieten, stolz. <\/span><\/p>\n<p>&nbsp;<\/p>\n<p><span style=\"color: #800000;\"> <b>Rechenschaftspflicht: <\/b> <\/span><span style=\"font-weight: 400;\">Es bestehen niemals irgendwelche Zweifel dar\u00fcber, wer f\u00fcr Ihr Geld verantwortlich ist, da wir jedes Detail von Anfang bis Ende verwalten. <\/span><span style=\"font-weight: 400;\">Das Einzige, was l\u00e4nger h\u00e4lt als unsere Systeme, ist unser Wort.<\/span><\/p>\n<p>&nbsp;<\/p>\n<p><span style=\"color: #800000;\"><b>F\u00fchrendes Branchenwissen:<\/b><\/span><span style=\"font-weight: 400;\"> Unsere Systemingenieure besitzen Erfahrung mit jeder Anwendung und jedem Verarbeitungsziel. Jahrhunderte von kombinierter Erfahrung bieten ein starkes Fundament an Wissen, um sogar die au\u00dfergew\u00f6hnlichste Herausforderung in der Verarbeitung anzunehmen.<\/span><\/p>\n<p>&nbsp;<\/p>\n<p><span style=\"color: #800000;\"> <b>Dediziertes Projektmanagement: <\/b> <\/span><span style=\"font-weight: 400;\">Unsere Systemingenieure haben das Expertenwissen und das Engagement, um Projekte innerhalb zeitlicher Rahmen und innerhalb des Budgets zu liefern. <\/span><span style=\"font-weight: 400;\">Unterst\u00fctzt durch eine <\/span><span style=\"font-weight: 400;\">ausgedehnte Installationsbasis, die \u00fcber 40.000 Installationen in 35 L\u00e4ndern umfasst, ist unser Fachwissen einmalig in dieser Branche.<\/span><\/p>\n<p>&nbsp;<\/p>\n<p><b><span style=\"color: #800000;\">ROI:<\/span> <\/b><span style=\"font-weight: 400;\">Wir wissen, was f\u00fcr Sie wichtig ist: Unser Projektmanagement-Team wird mit Ihnen zusammenarbeiten, um die Vorher-Nachher-Kalkulationen zu ermitteln, um die Rendite zu messen. Wir f\u00fchren auch spezielle Kalkulationen durch, um die Level-2-Ersparnisse zu identifizieren, die mit essenziellen Faktoren in kritischen Bereichen verbunden sind, d. h. Umwelt, Gesundheit und Sicherheit.<\/span>[\/vc_column_text][vc_empty_space height=&#8220;42px&#8220;][vc_btn title=&#8220;Legen Sie los&#8220; color=&#8220;black&#8220; size=&#8220;lg&#8220; align=&#8220;center&#8220; link=&#8220;url:https%3A%2F%2Fwww.generalkinematics.com%2Fde%2Fstarten-sie-ihr-system-heute%2F&#8220;][vc_empty_space height=&#8220;42px&#8220;][\/vc_column][vc_column width=&#8220;1\/2&#8243; css=&#8220;.vc_custom_1616685432976{margin-right: 60px !important;}&#8220;][vc_empty_space height=&#8220;102px&#8220;][vc_single_image image=&#8220;51273&#8243; img_size=&#8220;large&#8220; css=&#8220;.vc_custom_1618253504323{margin-top: 50px !important;margin-right: 60px !important;}&#8220;][vc_empty_space height=&#8220;62px&#8220;][\/vc_column][\/vc_row][vc_row][vc_column][vc_empty_space height=&#8220;62px&#8220;][\/vc_column][\/vc_row][vc_row css=&#8220;.vc_custom_1616632374750{background-color: #000000 !important;background-position: center !important;background-repeat: no-repeat !important;background-size: cover !important;}&#8220;][vc_column][vc_column_text]<\/p>\n<h2 style=\"text-align: center;\"><span style=\"color: #ffffff;\">UNSER ANSATZ <\/span><\/h2>\n<p>[\/vc_column_text][\/vc_column][\/vc_row][vc_row css=&#8220;.vc_custom_1616702015268{margin-right: 40px !important;margin-left: 40px !important;}&#8220; el_id=&#8220;Discoverrow&#8220;][vc_column width=&#8220;1\/3&#8243; css=&#8220;.vc_custom_1616697190836{padding-top: 60px !important;padding-bottom: 60px !important;}&#8220; el_id=&#8220;Discovery&#8220;][vc_column_text css=&#8220;.vc_custom_1616709632815{padding-top: 60px !important;padding-right: 40px !important;padding-bottom: 60px !important;padding-left: 40px !important;background-color: #c4c4c4 !important;}&#8220;]<\/p>\n<p style=\"text-align: center;\"><b>Entdeckung<\/b><\/p>\n<p style=\"text-align: center;\"><span style=\"font-weight: 400;\">Entdeckung ist die Anfangsphase unseres Systemprojekts. Unsere Branchenexperten erkunden Parameter, Materialien und, vor allem, Ihre Ziele, um ein System-Layout zu entwerfen, das Ihre Erwartungen \u00fcbersteigen wird. Die Ergebnisse in dieser Phase umfassen, sind jedoch nicht beschr\u00e4nkt, auf System-Layout-Design, Aufbau-Anforderungen und Ger\u00e4te-Auswahl.<\/span><\/p>\n<p>[\/vc_column_text][\/vc_column][vc_column width=&#8220;1\/3&#8243; css=&#8220;.vc_custom_1616696735196{padding-top: 60px !important;padding-bottom: 60px !important;}&#8220;][vc_column_text css=&#8220;.vc_custom_1616696809367{padding-top: 47px !important;padding-right: 40px !important;padding-bottom: 47px !important;padding-left: 40px !important;background-color: #d8d8d8 !important;}&#8220;]<\/p>\n<p style=\"text-align: center;\"><b>System Engineering<\/b><\/p>\n<p style=\"text-align: center;\"><span style=\"font-weight: 400;\">Nach der Entdeckung gehen wir zur Arbeit am Verst\u00e4ndnis Ihrer Prozessabl\u00e4ufe \u00fcber, Ihrer Durchsatz-Anforderungen und Ihrer Projektziele. Selbst in dieser fr\u00fchen Phase, sind wir aktiv daran beteiligt, zu ermitteln, welche ROI-Kalkulationen f\u00fcr die Definition der Projekt-Rentabilit\u00e4t verwendet werden sollten. Unsere Systemingenieure stellen die richtigen Fragen und h\u00f6ren auf Ihr Feedback. Mit dieser kritischen Information und ihrem Branchenwissen, wird ein vollst\u00e4ndig \u00fcberpr\u00fcftes System entworfen. <\/span><\/p>\n<p>[\/vc_column_text][\/vc_column][vc_column width=&#8220;1\/3&#8243; css=&#8220;.vc_custom_1616697125566{padding-top: 60px !important;}&#8220;][vc_column_text css=&#8220;.vc_custom_1616696542210{padding-top: 60px !important;padding-right: 40px !important;padding-bottom: 60px !important;padding-left: 40px !important;background-color: #e5e5e5 !important;}&#8220;]<\/p>\n<p style=\"text-align: center;\"><b>Technische \u00dcberpr\u00fcfung<\/b><\/p>\n<p style=\"text-align: center;\"><span style=\"font-weight: 400;\">Die Planung der Aufr\u00fcstung Ihres Systems oder Prozesses ist eine Teamaufgabe. Unsere Branchenexperten, Design-Ingenieure, Hersteller und Servicetechniker sind alle aktiv am Schaffensprozess beteiligt. Mit einem komplett geformten Konzept, stellen wir dieses Ihrem Team vor. Wir h\u00f6ren zu und nehmen jegliches erforderliche Feedback auf, um das Konzept an Ihr finales Design-Dokument anzupassen. <\/span><\/p>\n<p>[\/vc_column_text][\/vc_column][\/vc_row][vc_row css=&#8220;.vc_custom_1616702276815{margin-right: 40px !important;margin-left: 40px !important;}&#8220; el_id=&#8220;installationrow&#8220;][vc_column width=&#8220;1\/3&#8243;][vc_column_text css=&#8220;.vc_custom_1617300237686{padding-top: 40px !important;padding-right: 40px !important;padding-bottom: 62px !important;padding-left: 40px !important;background-color: #e8e8e8 !important;}&#8220;]<\/p>\n<p style=\"text-align: center;\"><b>Installation<\/b><\/p>\n<p style=\"text-align: center;\"><span style=\"font-weight: 400;\">Die GK Systems Gruppe arbeitet mit einem breiten Netzwerk an bew\u00e4hrten Installationspartnern weltweit zusammen. Unsere Installationsberater begleiten das Installationsteam vor Ort, um zu best\u00e4tigen, dass das System gem\u00e4\u00df den Design-Spezifikationen installiert wird, und beantworten alle Fragen, die Ihr Team m\u00f6glicherweise hat.<\/span><\/p>\n<p>[\/vc_column_text][\/vc_column][vc_column width=&#8220;1\/3&#8243;][vc_column_text css=&#8220;.vc_custom_1617300228082{padding-top: 40px !important;padding-right: 40px !important;padding-bottom: 62px !important;padding-left: 40px !important;background-color: #eaeaea !important;}&#8220;]<\/p>\n<p style=\"text-align: center;\"><b>Inbetriebnahme<\/b><\/p>\n<p style=\"text-align: center;\"><span style=\"font-weight: 400;\">Sobald die Installation abgeschlossen ist, wird der GK-Systeme-Berater Ihr Team zur Inbetriebnahme und Betriebsverfahren einschulen, und dieses bei der ersten Inbetriebsetzung begleiten. Sobald die Ausr\u00fcstung l\u00e4uft, wird ein Mitglied des GK-Au\u00dfenservice-Teams jegliche endg\u00fcltigen Einstellungen oder pr\u00e4zise Justierungen vornehmen, die noch n\u00f6tig sind. <\/span><\/p>\n<p>[\/vc_column_text][\/vc_column][vc_column width=&#8220;1\/3&#8243;][vc_column_text css=&#8220;.vc_custom_1616696991905{padding-top: 40px !important;padding-right: 40px !important;padding-bottom: 62px !important;padding-left: 40px !important;background-color: #ededed !important;}&#8220;]<\/p>\n<p style=\"text-align: center;\"><b>Erfolg<\/b><\/p>\n<p style=\"text-align: center;\"><span style=\"font-weight: 400;\">Unsere Team-Mitglieder bleiben nach der Inbetriebnahme vor Ort, um einen glatten \u00dcbergang f\u00fcr Ihr Team zu gew\u00e4hrleisten. Wir verstehen, dass Zeit n\u00f6tig ist, um sich an das neue System zu gew\u00f6hnen, und bleiben f\u00fcr Fragen, Zweifel und Schulungen f\u00fcr die Lebensdauer Ihres Systems zur Verf\u00fcgung. <\/span><\/p>\n<p>[\/vc_column_text][\/vc_column][\/vc_row][vc_row][vc_column][vc_empty_space height=&#8220;62px&#8220;][\/vc_column][\/vc_row][vc_row][vc_column width=&#8220;1\/2&#8243;][vc_single_image image=&#8220;50853&#8243; img_size=&#8220;full&#8220; alignment=&#8220;center&#8220;][\/vc_column][vc_column width=&#8220;1\/2&#8243;][vc_single_image image=&#8220;51105&#8243; img_size=&#8220;large&#8220; alignment=&#8220;center&#8220;][\/vc_column][\/vc_row][vc_row css=&#8220;.vc_custom_1616632229097{margin-top: 50px !important;}&#8220;][vc_column width=&#8220;1\/2&#8243;][vc_btn title=&#8220;Gie\u00dferei-Systeme&#8220; color=&#8220;black&#8220; size=&#8220;lg&#8220; align=&#8220;center&#8220; el_class=&#8220;home-page&#8211;global-support-button&#8220; css=&#8220;.vc_custom_1618947626627{padding-top: 40px !important;padding-bottom: 100px !important;}&#8220; link=&#8220;url:https%3A%2F%2Fwww.generalkinematics.com%2Fde%2Fgiesserei-systeme%2F&#8220;][\/vc_column][vc_column width=&#8220;1\/2&#8243;][vc_btn title=&#8220;Recyclingsysteme&#8220; color=&#8220;black&#8220; size=&#8220;lg&#8220; align=&#8220;center&#8220; el_class=&#8220;home-page&#8211;global-support-button&#8220; css=&#8220;.vc_custom_1618947815425{padding-top: 40px !important;padding-bottom: 100px !important;}&#8220; link=&#8220;url:https%3A%2F%2Fwww.generalkinematics.com%2Fde%2Frecyclingsysteme%2F&#8220;][\/vc_column][\/vc_row][vc_row][vc_column][vc_empty_space height=&#8220;62px&#8220;][\/vc_column][\/vc_row][vc_row css=&#8220;.vc_custom_1616633771650{background-image: url(https:\/\/media.generalkinematics.com\/wp-content\/uploads\/2021\/02\/Background-Image.png?id=50848) !important;background-position: center !important;background-repeat: no-repeat !important;background-size: cover !important;}&#8220;][vc_column width=&#8220;1\/3&#8243;][vc_column_text css=&#8220;.vc_custom_1616709235874{padding-top: 60px !important;padding-right: 40px !important;padding-bottom: 60px !important;padding-left: 60px !important;}&#8220;]<span style=\"color: #ffffff;\"><img decoding=\"async\" class=\"alignleft wp-image-50946\" src=\"https:\/\/media.generalkinematics.com\/wp-content\/uploads\/2021\/03\/Lightbulb-1.png\" alt=\"\" width=\"80\" height=\"80\" srcset=\"https:\/\/media.generalkinematics.com\/wp-content\/uploads\/2021\/03\/Lightbulb-1.png 150w, https:\/\/media.generalkinematics.com\/wp-content\/uploads\/2021\/03\/Lightbulb-1-500x500.png 500w, https:\/\/media.generalkinematics.com\/wp-content\/uploads\/2021\/03\/Lightbulb-1-100x100.png 100w\" sizes=\"(max-width: 639px) 98vw, (max-width: 1199px) 64vw, 80px\" \/><strong>Schl\u00fcsselfertige L\u00f6sungen-<\/strong> GK Systeme sind so ausgelegt, dass jede Komponente sich nahtlos integrieren l\u00e4sst, um einen bew\u00e4hrten Prozess mit maximalem Gewinn zu schaffen.<\/span>[\/vc_column_text][\/vc_column][vc_column width=&#8220;1\/3&#8243;][vc_column_text css=&#8220;.vc_custom_1616709252728{padding-top: 60px !important;padding-right: 40px !important;padding-bottom: 60px !important;padding-left: 40px !important;}&#8220;]<span style=\"color: #ffffff;\"><img decoding=\"async\" class=\"alignleft wp-image-50941\" src=\"https:\/\/media.generalkinematics.com\/wp-content\/uploads\/2021\/03\/Key-1.png\" alt=\"\" width=\"80\" height=\"80\" srcset=\"https:\/\/media.generalkinematics.com\/wp-content\/uploads\/2021\/03\/Key-1.png 150w, https:\/\/media.generalkinematics.com\/wp-content\/uploads\/2021\/03\/Key-1-500x500.png 500w, https:\/\/media.generalkinematics.com\/wp-content\/uploads\/2021\/03\/Key-1-100x100.png 100w\" sizes=\"(max-width: 639px) 98vw, (max-width: 1199px) 64vw, 80px\" \/><strong>Anerkannten Branchenf\u00fchrer<\/strong>&#8211; Jahrezehnte der Erfahrung mit Gie\u00dfverfahren und Know-How bieten uns das notwendige Fachwissen, um produktive, langlebige und gewinnbringende Systeme zu entwerfen.<\/span>[\/vc_column_text][\/vc_column][vc_column width=&#8220;1\/3&#8243;][vc_column_text css=&#8220;.vc_custom_1616709271715{padding-top: 60px !important;padding-right: 60px !important;padding-bottom: 60px !important;padding-left: 40px !important;}&#8220;]<span style=\"color: #ffffff;\"><strong>Niedrigere<img decoding=\"async\" class=\"alignleft wp-image-50951\" src=\"https:\/\/media.generalkinematics.com\/wp-content\/uploads\/2021\/03\/tools-1.png\" alt=\"\" width=\"80\" height=\"80\" srcset=\"https:\/\/media.generalkinematics.com\/wp-content\/uploads\/2021\/03\/tools-1.png 150w, https:\/\/media.generalkinematics.com\/wp-content\/uploads\/2021\/03\/tools-1-500x500.png 500w, https:\/\/media.generalkinematics.com\/wp-content\/uploads\/2021\/03\/tools-1-100x100.png 100w\" sizes=\"(max-width: 639px) 98vw, (max-width: 1199px) 64vw, 80px\" \/> Wartungskosten<\/strong>&#8211; Die bew\u00e4hrte Materialhandhabungs-Technologie ist FOUNDRY-RATED\u2122, um weniger Wartung zu erfordern, bei einer l\u00e4ngeren Lebensdauer.<\/span>[\/vc_column_text][\/vc_column][\/vc_row][vc_row css=&#8220;.vc_custom_1616102695130{background-image: url(https:\/\/media.generalkinematics.com\/wp-content\/uploads\/2021\/03\/System-stripe-footer-1.png?id=51088) !important;background-position: center !important;background-repeat: no-repeat !important;background-size: cover !important;}&#8220;][vc_column width=&#8220;1\/3&#8243;][vc_empty_space height=&#8220;62px&#8220;][\/vc_column][vc_column width=&#8220;1\/3&#8243;][vc_empty_space][vc_column_text]<\/p>\n<h2><span style=\"color: #ffffff;\">Rechenschaftspflicht <\/span><\/h2>\n<p><span style=\"color: #ffffff;\">Die Beteiligung von Anfang bis zum Ende ist wichtig, da niemals Zweifel bestehen, wer f\u00fcr Ihre Investition verantwortlich ist. Wir gehen Projekte sowohl von technischer als auch gesch\u00e4ftlicher Seite aus an, was bedeutet, dass alle wichtigen Teilhaber nach Abschluss zufrieden sind.<\/span>[\/vc_column_text][vc_empty_space][vc_column_text]<\/p>\n<h2><span style=\"color: #ffffff;\">Priorit\u00e4ten<\/span><\/h2>\n<p><span style=\"color: #ffffff;\">Die Investition muss Sinn machen. Wir arbeiten, um zu identifizieren, welche Probleme gel\u00f6st werden m\u00fcssen, und planen so, um diese Erwartung zu \u00fcbersteigen. Unsere Systemingenieure haben die Erfahrung, um &#8222;die L\u00fccke zu f\u00fcllen&#8220;, da wir uns jeden Tag damit befassen.<\/span>[\/vc_column_text][vc_empty_space][\/vc_column][vc_column width=&#8220;1\/3&#8243;][vc_empty_space][vc_column_text]<\/p>\n<h2><span style=\"color: #ffffff;\">Effizienz <\/span><\/h2>\n<p><span style=\"color: #ffffff;\">Erlaubt Ihrem Team, sich auf ihre Aufgaben zu konzentrieren. Die wichtigsten Unternehmensfunktionen werden nicht unterbrochen. H\u00e4lt die Zufriedenheit mit der Arbeit aufrecht, da keine fremden Verantwortungsbereiche zu ihrem Arbeitstag hinzugef\u00fcgt werden.<\/span>[\/vc_column_text][vc_empty_space][vc_column_text]<\/p>\n<h2><span style=\"color: #ffffff;\">Rentable Investition <\/span><\/h2>\n<p><span style=\"color: #ffffff;\">Vorher-Nachher-Kalkulationen, um die Investition zu messen. Spezielle Kalkulationen, um die Level-2-Ersparnisse oder essenzielle Faktoren f\u00fcr kritische Bereichen zu identifizieren, d. h. Umwelt, Gesundheit und Sicherheit.<\/span>[\/vc_column_text][vc_empty_space][\/vc_column][\/vc_row]<\/p>\n<\/div>","protected":false},"excerpt":{"rendered":"<p>[vc_row][vc_column][vc_empty_space height=&#8220;42px&#8220;][vc_single_image image=&#8220;51083&#8243; img_size=&#8220;large&#8220; alignment=&#8220;center&#8220; onclick=&#8220;custom_link&#8220; link=&#8220;https:\/\/www.generalkinematics.com\/gk-systems\/#Discoverrow&#8220;][vc_empty_space height=&#8220;42px&#8220;][\/vc_column][\/vc_row][vc_row css=&#8220;.vc_custom_1616685375321{background-color: #eaeaea !important;}&#8220;][vc_column width=&#8220;1\/2&#8243;][vc_empty_space height=&#8220;62px&#8220;][vc_column_text css=&#8220;.vc_custom_1616707910166{margin-right: 60px !important;margin-left: 60px !important;}&#8220;]General Kinematics ist seit Jahrzehnten in den Bereichen Ingenieurwesen, Planung und Bauwesen aktiv. GKs ausgedehnte Erfahrung im Bereich Ingenieurwesen, verbunden mit unseren Branchenkenntnissen, bieten Unternehmen komplette Systeme, die Gewinne maximieren, bei gleichzeitiger Gew\u00e4hrleistung eines sicheren Arbeitsumfelds mit niedrigen [&hellip;]<\/p>\n","protected":false},"author":101013,"featured_media":50814,"parent":0,"menu_order":0,"comment_status":"closed","ping_status":"closed","template":"page-templates\/page-cool-full-width.php","meta":{"_acf_changed":false,"om_disable_all_campaigns":false,"ep_exclude_from_search":false,"footnotes":""},"class_list":["post-51381","page","type-page","status-publish","has-post-thumbnail","hentry"],"acf":[],"yoast_head":"<!-- This site is optimized with the Yoast SEO plugin v27.2 - https:\/\/yoast.com\/product\/yoast-seo-wordpress\/ -->\n<title>GK-Systeme | General Kinematics<\/title>\n<meta name=\"robots\" content=\"index, follow, max-snippet:-1, max-image-preview:large, max-video-preview:-1\" \/>\n<link rel=\"canonical\" href=\"https:\/\/www.generalkinematics.com\/de\/gk-systeme\/\" \/>\n<meta property=\"og:locale\" content=\"de_DE\" \/>\n<meta property=\"og:type\" content=\"article\" \/>\n<meta property=\"og:title\" content=\"GK-Systeme | General Kinematics\" \/>\n<meta property=\"og:description\" content=\"[vc_row][vc_column][vc_empty_space height=&#8220;42px&#8220;][vc_single_image image=&#8220;51083&#8243; img_size=&#8220;large&#8220; alignment=&#8220;center&#8220; onclick=&#8220;custom_link&#8220; link=&#8220;https:\/\/www.generalkinematics.com\/gk-systems\/#Discoverrow&#8220;][vc_empty_space height=&#8220;42px&#8220;][\/vc_column][\/vc_row][vc_row css=&#8220;.vc_custom_1616685375321{background-color: #eaeaea !important;}&#8220;][vc_column width=&#8220;1\/2&#8243;][vc_empty_space height=&#8220;62px&#8220;][vc_column_text css=&#8220;.vc_custom_1616707910166{margin-right: 60px !important;margin-left: 60px !important;}&#8220;]General Kinematics ist seit Jahrzehnten in den Bereichen Ingenieurwesen, Planung und Bauwesen aktiv. GKs ausgedehnte Erfahrung im Bereich Ingenieurwesen, verbunden mit unseren Branchenkenntnissen, bieten Unternehmen komplette Systeme, die Gewinne maximieren, bei gleichzeitiger Gew\u00e4hrleistung eines sicheren Arbeitsumfelds mit niedrigen [&hellip;]\" \/>\n<meta property=\"og:url\" content=\"https:\/\/www.generalkinematics.com\/de\/gk-systeme\/\" \/>\n<meta property=\"og:site_name\" content=\"General Kinematics\" \/>\n<meta property=\"article:publisher\" content=\"https:\/\/www.facebook.com\/generalkinematics\" \/>\n<meta property=\"article:modified_time\" content=\"2021-04-20T19:51:44+00:00\" \/>\n<meta property=\"og:image\" content=\"https:\/\/media.generalkinematics.com\/wp-content\/uploads\/2021\/02\/Systems-Banner3.jpg\" \/>\n\t<meta property=\"og:image:width\" content=\"1200\" \/>\n\t<meta property=\"og:image:height\" content=\"498\" \/>\n\t<meta property=\"og:image:type\" content=\"image\/jpeg\" \/>\n<meta name=\"twitter:card\" content=\"summary_large_image\" \/>\n<meta name=\"twitter:site\" content=\"@gkvibrating\" \/>\n<meta name=\"twitter:label1\" content=\"Gesch\u00e4tzte Lesezeit\" \/>\n\t<meta name=\"twitter:data1\" content=\"5 Minuten\" \/>\n<!-- \/ Yoast SEO plugin. -->","yoast_head_json":{"title":"GK-Systeme | General Kinematics","robots":{"index":"index","follow":"follow","max-snippet":"max-snippet:-1","max-image-preview":"max-image-preview:large","max-video-preview":"max-video-preview:-1"},"canonical":"https:\/\/www.generalkinematics.com\/de\/gk-systeme\/","og_locale":"de_DE","og_type":"article","og_title":"GK-Systeme | General Kinematics","og_description":"[vc_row][vc_column][vc_empty_space height=&#8220;42px&#8220;][vc_single_image image=&#8220;51083&#8243; img_size=&#8220;large&#8220; alignment=&#8220;center&#8220; onclick=&#8220;custom_link&#8220; link=&#8220;https:\/\/www.generalkinematics.com\/gk-systems\/#Discoverrow&#8220;][vc_empty_space height=&#8220;42px&#8220;][\/vc_column][\/vc_row][vc_row css=&#8220;.vc_custom_1616685375321{background-color: #eaeaea !important;}&#8220;][vc_column width=&#8220;1\/2&#8243;][vc_empty_space height=&#8220;62px&#8220;][vc_column_text css=&#8220;.vc_custom_1616707910166{margin-right: 60px !important;margin-left: 60px !important;}&#8220;]General Kinematics ist seit Jahrzehnten in den Bereichen Ingenieurwesen, Planung und Bauwesen aktiv. GKs ausgedehnte Erfahrung im Bereich Ingenieurwesen, verbunden mit unseren Branchenkenntnissen, bieten Unternehmen komplette Systeme, die Gewinne maximieren, bei gleichzeitiger Gew\u00e4hrleistung eines sicheren Arbeitsumfelds mit niedrigen [&hellip;]","og_url":"https:\/\/www.generalkinematics.com\/de\/gk-systeme\/","og_site_name":"General Kinematics","article_publisher":"https:\/\/www.facebook.com\/generalkinematics","article_modified_time":"2021-04-20T19:51:44+00:00","og_image":[{"width":1200,"height":498,"url":"https:\/\/media.generalkinematics.com\/wp-content\/uploads\/2021\/02\/Systems-Banner3.jpg","type":"image\/jpeg"}],"twitter_card":"summary_large_image","twitter_site":"@gkvibrating","twitter_misc":{"Gesch\u00e4tzte Lesezeit":"5 Minuten"},"schema":{"@context":"https:\/\/schema.org","@graph":[{"@type":"WebPage","@id":"https:\/\/www.generalkinematics.com\/de\/gk-systeme\/","url":"https:\/\/www.generalkinematics.com\/de\/gk-systeme\/","name":"GK-Systeme | General Kinematics","isPartOf":{"@id":"https:\/\/www.generalkinematics.com\/de\/#website"},"primaryImageOfPage":{"@id":"https:\/\/www.generalkinematics.com\/de\/gk-systeme\/#primaryimage"},"image":{"@id":"https:\/\/www.generalkinematics.com\/de\/gk-systeme\/#primaryimage"},"thumbnailUrl":"https:\/\/media.generalkinematics.com\/wp-content\/uploads\/2021\/02\/Systems-Banner3.jpg","datePublished":"2021-04-19T17:10:27+00:00","dateModified":"2021-04-20T19:51:44+00:00","breadcrumb":{"@id":"https:\/\/www.generalkinematics.com\/de\/gk-systeme\/#breadcrumb"},"inLanguage":"de-DE","potentialAction":[{"@type":"ReadAction","target":["https:\/\/www.generalkinematics.com\/de\/gk-systeme\/"]}]},{"@type":"ImageObject","inLanguage":"de-DE","@id":"https:\/\/www.generalkinematics.com\/de\/gk-systeme\/#primaryimage","url":"https:\/\/media.generalkinematics.com\/wp-content\/uploads\/2021\/02\/Systems-Banner3.jpg","contentUrl":"https:\/\/media.generalkinematics.com\/wp-content\/uploads\/2021\/02\/Systems-Banner3.jpg","width":1200,"height":498,"caption":"Systems banner"},{"@type":"BreadcrumbList","@id":"https:\/\/www.generalkinematics.com\/de\/gk-systeme\/#breadcrumb","itemListElement":[{"@type":"ListItem","position":1,"name":"GK Home","item":"https:\/\/www.generalkinematics.com\/de\/"},{"@type":"ListItem","position":2,"name":"GK-Systeme"}]},{"@type":"WebSite","@id":"https:\/\/www.generalkinematics.com\/de\/#website","url":"https:\/\/www.generalkinematics.com\/de\/","name":"General Kinematics","description":"","publisher":{"@id":"https:\/\/www.generalkinematics.com\/de\/#organization"},"potentialAction":[{"@type":"SearchAction","target":{"@type":"EntryPoint","urlTemplate":"https:\/\/www.generalkinematics.com\/de\/?s={search_term_string}"},"query-input":{"@type":"PropertyValueSpecification","valueRequired":true,"valueName":"search_term_string"}}],"inLanguage":"de-DE"},{"@type":"Organization","@id":"https:\/\/www.generalkinematics.com\/de\/#organization","name":"General Kinematics","url":"https:\/\/www.generalkinematics.com\/de\/","logo":{"@type":"ImageObject","inLanguage":"de-DE","@id":"https:\/\/www.generalkinematics.com\/de\/#\/schema\/logo\/image\/","url":"https:\/\/media.generalkinematics.com\/wp-content\/uploads\/2018\/03\/logo.png","contentUrl":"https:\/\/media.generalkinematics.com\/wp-content\/uploads\/2018\/03\/logo.png","width":313,"height":100,"caption":"General Kinematics"},"image":{"@id":"https:\/\/www.generalkinematics.com\/de\/#\/schema\/logo\/image\/"},"sameAs":["https:\/\/www.facebook.com\/generalkinematics","https:\/\/x.com\/gkvibrating"]}]}},"_links":{"self":[{"href":"https:\/\/www.generalkinematics.com\/de\/wp-json\/wp\/v2\/pages\/51381","targetHints":{"allow":["GET"]}}],"collection":[{"href":"https:\/\/www.generalkinematics.com\/de\/wp-json\/wp\/v2\/pages"}],"about":[{"href":"https:\/\/www.generalkinematics.com\/de\/wp-json\/wp\/v2\/types\/page"}],"author":[{"embeddable":true,"href":"https:\/\/www.generalkinematics.com\/de\/wp-json\/wp\/v2\/users\/101013"}],"replies":[{"embeddable":true,"href":"https:\/\/www.generalkinematics.com\/de\/wp-json\/wp\/v2\/comments?post=51381"}],"version-history":[{"count":0,"href":"https:\/\/www.generalkinematics.com\/de\/wp-json\/wp\/v2\/pages\/51381\/revisions"}],"wp:featuredmedia":[{"embeddable":true,"href":"https:\/\/www.generalkinematics.com\/de\/wp-json\/wp\/v2\/media\/50814"}],"wp:attachment":[{"href":"https:\/\/www.generalkinematics.com\/de\/wp-json\/wp\/v2\/media?parent=51381"}],"curies":[{"name":"wp","href":"https:\/\/api.w.org\/{rel}","templated":true}]}}