{"id":52650,"date":"2022-09-26T20:14:24","date_gmt":"2022-09-27T01:14:24","guid":{"rendered":"https:\/\/www.generalkinematics.com\/duro-deck-siebmedien\/"},"modified":"2024-07-30T16:10:03","modified_gmt":"2024-07-30T21:10:03","slug":"duro-deck-siebmedien","status":"publish","type":"page","link":"https:\/\/www.generalkinematics.com\/de\/duro-deck-siebmedien\/","title":{"rendered":"DURO-DECK\u2122 SIEBMEDIEN"},"content":{"rendered":"<div class=\"wpb-content-wrapper\"><p>[vc_row full_width=&#8220;stretch_row&#8220;][vc_column width=&#8220;1\/5&#8243;][\/vc_column][vc_column width=&#8220;1\/5&#8243;][vc_single_image image=&#8220;52509&#8243; img_size=&#8220;full&#8220; alignment=&#8220;center&#8220;][vc_column_text]<\/p>\n<h3 style=\"text-align: center;\"><strong>Einfache Installation<\/strong><\/h3>\n<p>[\/vc_column_text][\/vc_column][vc_column width=&#8220;1\/5&#8243;][vc_single_image image=&#8220;52508&#8243; img_size=&#8220;full&#8220; alignment=&#8220;center&#8220;][vc_column_text]<\/p>\n<h3 style=\"text-align: center;\"><strong>Gr\u00f6\u00dfere Offene Fl\u00e4che<\/strong><\/h3>\n<p>[\/vc_column_text][\/vc_column][vc_column width=&#8220;1\/5&#8243;][vc_single_image image=&#8220;52507&#8243; img_size=&#8220;full&#8220; alignment=&#8220;center&#8220;][vc_column_text]<\/p>\n<h3 style=\"text-align: center;\"><strong>L\u00e4ngere Lebensdauer<\/strong><\/h3>\n<p>[\/vc_column_text][\/vc_column][vc_column width=&#8220;1\/5&#8243;][\/vc_column][\/vc_row][vc_row full_width=&#8220;stretch_row&#8220; css=&#8220;.vc_custom_1660586040231{background-color: #efefef !important;}&#8220;][vc_column][vc_column_text]<\/p>\n<h2><span style=\"font-weight: 400;\">General Kinematics DURO-DECK\u2122 Siebmedien <\/span><\/h2>\n<p><span style=\"font-weight: 400;\">GKs DURO-DECK\u2122 Matten sind aus unterschiedlichen Materialien erh\u00e4ltlich, um sich Ihrer Anwendung anzupassen und die Lebensdauer zu verl\u00e4ngern. Das modulare Design ist in unterschiedlichen Installationsmethoden verf\u00fcgbar, einschlie\u00dflich Pin-, Einrast-, Spannungs-Installation und mehr. Erleben Sie den besten offenen Bereich in der Branche &#8211; entdecken Sie die DURO-DECK\u2122 Optionen noch heute.<\/span>[\/vc_column_text][\/vc_column][\/vc_row][vc_row][vc_column width=&#8220;1\/5&#8243;][\/vc_column][vc_column width=&#8220;1\/5&#8243;][vc_single_image image=&#8220;52500&#8243; img_size=&#8220;Full&#8220; alignment=&#8220;center&#8220; onclick=&#8220;custom_link&#8220; link=&#8220;https:\/\/www.generalkinematics.com\/de\/produkt\/duro-deck-pin-installation\/&#8220;][vc_column_text]<\/p>\n<h2 style=\"text-align: center;\"><a href=\"https:\/\/www.generalkinematics.com\/de\/produkt\/duro-deck-pin-installation\/\">Pin-Installation<\/a><\/h2>\n<p>[\/vc_column_text][\/vc_column][vc_column width=&#8220;1\/5&#8243;][vc_single_image image=&#8220;52499&#8243; img_size=&#8220;Full&#8220; alignment=&#8220;center&#8220; onclick=&#8220;custom_link&#8220; link=&#8220;https:\/\/www.generalkinematics.com\/de\/produkt\/duro-deck-einrast-installation\/&#8220;][vc_column_text]<\/p>\n<h2 style=\"text-align: center;\"><a href=\"https:\/\/www.generalkinematics.com\/de\/produkt\/duro-deck-einrast-installation\/\">Einrast-Installation<\/a><\/h2>\n<p>[\/vc_column_text][\/vc_column][vc_column width=&#8220;1\/5&#8243;][vc_single_image image=&#8220;52498&#8243; img_size=&#8220;Full&#8220; alignment=&#8220;center&#8220; onclick=&#8220;custom_link&#8220; link=&#8220;https:\/\/www.generalkinematics.com\/de\/produkt\/spannungs-installation-sieb-deck\/&#8220;][vc_column_text]<\/p>\n<h2 style=\"text-align: center;\"><a href=\"https:\/\/www.generalkinematics.com\/de\/produkt\/spannungs-installation-sieb-deck\/\">Spannungs-Installation<\/a><\/h2>\n<p>[\/vc_column_text][\/vc_column][vc_column width=&#8220;1\/5&#8243;][\/vc_column][\/vc_row][vc_row full_width=&#8220;stretch_row&#8220; css=&#8220;.vc_custom_1660576574353{background-color: #000000 !important;}&#8220;][vc_column width=&#8220;2\/3&#8243;][vc_column_text css=&#8220;.vc_custom_1660579305318{margin-left: 20px !important;border-left-width: 20px !important;padding-left: 20px !important;}&#8220;]<\/p>\n<h2><span style=\"color: #ffffff;\">MASSGESCHNEIDERTE AUSF\u00dcHRUNGEN VERF\u00dcGBAR<\/span><\/h2>\n<p><span style=\"color: #ffffff;\">Wir wissen, dass kein Prozess dem anderen gleicht. Arbeiten Sie mit uns zusammen, um die perfekte Siebl\u00f6sung f\u00fcr Ihre Anwendung zu finden!<\/span>[\/vc_column_text][\/vc_column][vc_column width=&#8220;1\/3&#8243;][vc_btn title=&#8220;Finden Sie Ihre L\u00f6sung&#8220; style=&#8220;custom&#8220; custom_background=&#8220;#be1e2d&#8220; custom_text=&#8220;#ffffff&#8220; size=&#8220;lg&#8220; link=&#8220;url:%23Deck-Form|&#8220;][\/vc_column][\/vc_row][vc_row][vc_column width=&#8220;1\/2&#8243;][vc_single_image image=&#8220;52517&#8243; img_size=&#8220;Full&#8220; alignment=&#8220;center&#8220;][\/vc_column][vc_column width=&#8220;1\/2&#8243;][vc_cta h2=&#8220;Schutz und Verschlei\u00dfteile&#8220; shape=&#8220;square&#8220; add_button=&#8220;bottom&#8220; btn_title=&#8220;Mehr entdecken&#8220; btn_color=&#8220;black&#8220; btn_link=&#8220;url:https%3A%2F%2Fwww.generalkinematics.com%2Fde%2Fprodukt%2Fduro-deck-protection-and-wear-parts%2F|&#8220;]Abriebfeste Verkleidungen k\u00f6nnen die Lebensdauer der Ger\u00e4te verl\u00e4ngern, L\u00e4rm reduzieren und sogar bei der Verarbeitung klebriger Materialien helfen.[\/vc_cta][\/vc_column][\/vc_row][vc_row][vc_column][vc_column_text]<\/p>\n<h2><span style=\"font-weight: 400;\">Was sind Siebe im Bergbau?<\/span><\/h2>\n<p><span style=\"font-weight: 400;\">Im Bergbauprozess wird Erz aus gro\u00dfen, unterirdischen Lagerst\u00e4tten abgebaut. Sobald das Erz gewonnen wurde, beginnt das Entfernen des Erzes aus den gew\u00fcnschten Edelmetallen oder Mineralien. <\/span><\/p>\n<p><span style=\"font-weight: 400;\">Prozesssiebe werden zum Abscheiden von Erz nach Gr\u00f6\u00dfe in der Bergbauindustrie verwendet. Erz wird oft in einer gro\u00dfen M\u00fchle zerkleinert, bevor es \u00fcber das Industriesieb l\u00e4uft, das das Material in Bewegung versetzt, um es kleineren Partikeln zu erm\u00f6glichen, durch Gummidecks oder Drahtgitter mit variablen \u00d6ffnungsgr\u00f6\u00dfen zu fallen, um das Erz f\u00fcr die weitere Verarbeitung auszusortieren. <\/span><\/p>\n<h2><span style=\"font-weight: 400;\">Was sind Siebmedien? <\/span><\/h2>\n<p><span style=\"font-weight: 400;\">Siebmedien bezeichnen die Matten, Decks, und andere austauschbare Teile innerhalb einer Maschine zur Klassifikation von Materialien (Aggregat, Mineralien, Pulver und mehr) nach ihrer Gr\u00f6\u00dfe. Die Art des Siebmediums wird durch die Anwendung und die Gr\u00f6\u00dfenordnung des gew\u00fcnschten Endprodukts bestimmt. General Kinematics bietet eine vielf\u00e4ltige Auswahl an Siebmedien f\u00fcr Bergbausiebe in jeder Anwendung. Unabh\u00e4ngig davon, ob Sie nach Gummi-Decks, Polyurethan-Decks oder Drahtsieben suchen, GK hat die richtigen Siebmedien f\u00fcr Ihre Bergbausiebe und Installationsmethode.<\/span><\/p>\n<p>[\/vc_column_text][\/vc_column][\/vc_row][vc_row full_width=&#8220;stretch_row&#8220; css=&#8220;.vc_custom_1664241174838{background-color: #eaeaea !important;}&#8220; el_id=&#8220;Deck-Form&#8220;][vc_column width=&#8220;1\/2&#8243;][vc_single_image image=&#8220;52425&#8243; img_size=&#8220;full&#8220;][\/vc_column][vc_column width=&#8220;1\/2&#8243;][vc_raw_html]PGRpdiBjbGFzcz0iYWxpZ25jZW50ZXIiIHN0eWxlPSJ3aWR0aDogMTAwJTsiPltpZnJhbWVfcGFyZG90IGZvcm09Imh0dHBzOi8vZ28uZ2VuZXJhbGtpbmVtYXRpY3MuY29tL2wvMTQ1ODAxLzIwMTgtMDgtMDYvc3E3Z2ciIGhlaWdodD0iNzAwIl08L2Rpdj4=[\/vc_raw_html][\/vc_column][\/vc_row]<\/p>\n<\/div>","protected":false},"excerpt":{"rendered":"<p>[vc_row full_width=&#8220;stretch_row&#8220;][vc_column width=&#8220;1\/5&#8243;][\/vc_column][vc_column width=&#8220;1\/5&#8243;][vc_single_image image=&#8220;52509&#8243; img_size=&#8220;full&#8220; alignment=&#8220;center&#8220;][vc_column_text] Einfache Installation [\/vc_column_text][\/vc_column][vc_column width=&#8220;1\/5&#8243;][vc_single_image image=&#8220;52508&#8243; img_size=&#8220;full&#8220; alignment=&#8220;center&#8220;][vc_column_text] Gr\u00f6\u00dfere Offene Fl\u00e4che [\/vc_column_text][\/vc_column][vc_column width=&#8220;1\/5&#8243;][vc_single_image image=&#8220;52507&#8243; img_size=&#8220;full&#8220; alignment=&#8220;center&#8220;][vc_column_text] L\u00e4ngere Lebensdauer [\/vc_column_text][\/vc_column][vc_column width=&#8220;1\/5&#8243;][\/vc_column][\/vc_row][vc_row full_width=&#8220;stretch_row&#8220; css=&#8220;.vc_custom_1660586040231{background-color: #efefef !important;}&#8220;][vc_column][vc_column_text] General Kinematics DURO-DECK\u2122 Siebmedien GKs DURO-DECK\u2122 Matten sind aus unterschiedlichen Materialien erh\u00e4ltlich, um sich Ihrer Anwendung anzupassen und die Lebensdauer zu verl\u00e4ngern. Das modulare Design [&hellip;]<\/p>\n","protected":false},"author":101013,"featured_media":0,"parent":0,"menu_order":0,"comment_status":"closed","ping_status":"closed","template":"page-templates\/page-full-width.php","meta":{"_acf_changed":false,"om_disable_all_campaigns":false,"ep_exclude_from_search":false,"footnotes":""},"class_list":["post-52650","page","type-page","status-publish","hentry"],"acf":[],"yoast_head":"<!-- This site is optimized with the Yoast SEO plugin v27.2 - https:\/\/yoast.com\/product\/yoast-seo-wordpress\/ -->\n<title>DURO-DECK\u2122 SIEBMEDIEN | General Kinematics<\/title>\n<meta name=\"robots\" content=\"index, follow, max-snippet:-1, max-image-preview:large, max-video-preview:-1\" \/>\n<link rel=\"canonical\" href=\"https:\/\/www.generalkinematics.com\/de\/duro-deck-siebmedien\/\" \/>\n<meta property=\"og:locale\" content=\"de_DE\" \/>\n<meta property=\"og:type\" content=\"article\" \/>\n<meta property=\"og:title\" content=\"DURO-DECK\u2122 SIEBMEDIEN | General Kinematics\" \/>\n<meta property=\"og:description\" content=\"[vc_row full_width=&#8220;stretch_row&#8220;][vc_column width=&#8220;1\/5&#8243;][\/vc_column][vc_column width=&#8220;1\/5&#8243;][vc_single_image image=&#8220;52509&#8243; img_size=&#8220;full&#8220; alignment=&#8220;center&#8220;][vc_column_text] Einfache Installation [\/vc_column_text][\/vc_column][vc_column width=&#8220;1\/5&#8243;][vc_single_image image=&#8220;52508&#8243; img_size=&#8220;full&#8220; alignment=&#8220;center&#8220;][vc_column_text] Gr\u00f6\u00dfere Offene Fl\u00e4che [\/vc_column_text][\/vc_column][vc_column width=&#8220;1\/5&#8243;][vc_single_image image=&#8220;52507&#8243; img_size=&#8220;full&#8220; alignment=&#8220;center&#8220;][vc_column_text] L\u00e4ngere Lebensdauer [\/vc_column_text][\/vc_column][vc_column width=&#8220;1\/5&#8243;][\/vc_column][\/vc_row][vc_row full_width=&#8220;stretch_row&#8220; css=&#8220;.vc_custom_1660586040231{background-color: #efefef !important;}&#8220;][vc_column][vc_column_text] General Kinematics DURO-DECK\u2122 Siebmedien GKs DURO-DECK\u2122 Matten sind aus unterschiedlichen Materialien erh\u00e4ltlich, um sich Ihrer Anwendung anzupassen und die Lebensdauer zu verl\u00e4ngern. Das modulare Design [&hellip;]\" \/>\n<meta property=\"og:url\" content=\"https:\/\/www.generalkinematics.com\/de\/duro-deck-siebmedien\/\" \/>\n<meta property=\"og:site_name\" content=\"General Kinematics\" \/>\n<meta property=\"article:publisher\" content=\"https:\/\/www.facebook.com\/generalkinematics\" \/>\n<meta property=\"article:modified_time\" content=\"2024-07-30T21:10:03+00:00\" \/>\n<meta property=\"og:image\" content=\"https:\/\/media.generalkinematics.com\/wp-content\/uploads\/2017\/07\/GK-Icon.png\" \/>\n\t<meta property=\"og:image:width\" content=\"3000\" \/>\n\t<meta property=\"og:image:height\" content=\"3000\" \/>\n\t<meta property=\"og:image:type\" content=\"image\/jpeg\" \/>\n<meta name=\"twitter:card\" content=\"summary_large_image\" \/>\n<meta name=\"twitter:site\" content=\"@gkvibrating\" \/>\n<meta name=\"twitter:label1\" content=\"Gesch\u00e4tzte Lesezeit\" \/>\n\t<meta name=\"twitter:data1\" content=\"4 Minuten\" \/>\n<!-- \/ Yoast SEO plugin. -->","yoast_head_json":{"title":"DURO-DECK\u2122 SIEBMEDIEN | General Kinematics","robots":{"index":"index","follow":"follow","max-snippet":"max-snippet:-1","max-image-preview":"max-image-preview:large","max-video-preview":"max-video-preview:-1"},"canonical":"https:\/\/www.generalkinematics.com\/de\/duro-deck-siebmedien\/","og_locale":"de_DE","og_type":"article","og_title":"DURO-DECK\u2122 SIEBMEDIEN | General Kinematics","og_description":"[vc_row full_width=&#8220;stretch_row&#8220;][vc_column width=&#8220;1\/5&#8243;][\/vc_column][vc_column width=&#8220;1\/5&#8243;][vc_single_image image=&#8220;52509&#8243; img_size=&#8220;full&#8220; alignment=&#8220;center&#8220;][vc_column_text] Einfache Installation [\/vc_column_text][\/vc_column][vc_column width=&#8220;1\/5&#8243;][vc_single_image image=&#8220;52508&#8243; img_size=&#8220;full&#8220; alignment=&#8220;center&#8220;][vc_column_text] Gr\u00f6\u00dfere Offene Fl\u00e4che [\/vc_column_text][\/vc_column][vc_column width=&#8220;1\/5&#8243;][vc_single_image image=&#8220;52507&#8243; img_size=&#8220;full&#8220; alignment=&#8220;center&#8220;][vc_column_text] L\u00e4ngere Lebensdauer [\/vc_column_text][\/vc_column][vc_column width=&#8220;1\/5&#8243;][\/vc_column][\/vc_row][vc_row full_width=&#8220;stretch_row&#8220; css=&#8220;.vc_custom_1660586040231{background-color: #efefef !important;}&#8220;][vc_column][vc_column_text] General Kinematics DURO-DECK\u2122 Siebmedien GKs DURO-DECK\u2122 Matten sind aus unterschiedlichen Materialien erh\u00e4ltlich, um sich Ihrer Anwendung anzupassen und die Lebensdauer zu verl\u00e4ngern. Das modulare Design [&hellip;]","og_url":"https:\/\/www.generalkinematics.com\/de\/duro-deck-siebmedien\/","og_site_name":"General Kinematics","article_publisher":"https:\/\/www.facebook.com\/generalkinematics","article_modified_time":"2024-07-30T21:10:03+00:00","og_image":[{"width":3000,"height":3000,"url":"https:\/\/media.generalkinematics.com\/wp-content\/uploads\/2017\/07\/GK-Icon.png","type":"image\/jpeg"}],"twitter_card":"summary_large_image","twitter_site":"@gkvibrating","twitter_misc":{"Gesch\u00e4tzte Lesezeit":"4 Minuten"},"schema":{"@context":"https:\/\/schema.org","@graph":[{"@type":"WebPage","@id":"https:\/\/www.generalkinematics.com\/de\/duro-deck-siebmedien\/","url":"https:\/\/www.generalkinematics.com\/de\/duro-deck-siebmedien\/","name":"DURO-DECK\u2122 SIEBMEDIEN | General Kinematics","isPartOf":{"@id":"https:\/\/www.generalkinematics.com\/de\/#website"},"datePublished":"2022-09-27T01:14:24+00:00","dateModified":"2024-07-30T21:10:03+00:00","breadcrumb":{"@id":"https:\/\/www.generalkinematics.com\/de\/duro-deck-siebmedien\/#breadcrumb"},"inLanguage":"de-DE","potentialAction":[{"@type":"ReadAction","target":["https:\/\/www.generalkinematics.com\/de\/duro-deck-siebmedien\/"]}]},{"@type":"BreadcrumbList","@id":"https:\/\/www.generalkinematics.com\/de\/duro-deck-siebmedien\/#breadcrumb","itemListElement":[{"@type":"ListItem","position":1,"name":"GK Home","item":"https:\/\/www.generalkinematics.com\/de\/"},{"@type":"ListItem","position":2,"name":"DURO-DECK\u2122 SIEBMEDIEN"}]},{"@type":"WebSite","@id":"https:\/\/www.generalkinematics.com\/de\/#website","url":"https:\/\/www.generalkinematics.com\/de\/","name":"General Kinematics","description":"","publisher":{"@id":"https:\/\/www.generalkinematics.com\/de\/#organization"},"potentialAction":[{"@type":"SearchAction","target":{"@type":"EntryPoint","urlTemplate":"https:\/\/www.generalkinematics.com\/de\/?s={search_term_string}"},"query-input":{"@type":"PropertyValueSpecification","valueRequired":true,"valueName":"search_term_string"}}],"inLanguage":"de-DE"},{"@type":"Organization","@id":"https:\/\/www.generalkinematics.com\/de\/#organization","name":"General Kinematics","url":"https:\/\/www.generalkinematics.com\/de\/","logo":{"@type":"ImageObject","inLanguage":"de-DE","@id":"https:\/\/www.generalkinematics.com\/de\/#\/schema\/logo\/image\/","url":"https:\/\/media.generalkinematics.com\/wp-content\/uploads\/2018\/03\/logo.png","contentUrl":"https:\/\/media.generalkinematics.com\/wp-content\/uploads\/2018\/03\/logo.png","width":313,"height":100,"caption":"General Kinematics"},"image":{"@id":"https:\/\/www.generalkinematics.com\/de\/#\/schema\/logo\/image\/"},"sameAs":["https:\/\/www.facebook.com\/generalkinematics","https:\/\/x.com\/gkvibrating"]}]}},"_links":{"self":[{"href":"https:\/\/www.generalkinematics.com\/de\/wp-json\/wp\/v2\/pages\/52650","targetHints":{"allow":["GET"]}}],"collection":[{"href":"https:\/\/www.generalkinematics.com\/de\/wp-json\/wp\/v2\/pages"}],"about":[{"href":"https:\/\/www.generalkinematics.com\/de\/wp-json\/wp\/v2\/types\/page"}],"author":[{"embeddable":true,"href":"https:\/\/www.generalkinematics.com\/de\/wp-json\/wp\/v2\/users\/101013"}],"replies":[{"embeddable":true,"href":"https:\/\/www.generalkinematics.com\/de\/wp-json\/wp\/v2\/comments?post=52650"}],"version-history":[{"count":0,"href":"https:\/\/www.generalkinematics.com\/de\/wp-json\/wp\/v2\/pages\/52650\/revisions"}],"wp:attachment":[{"href":"https:\/\/www.generalkinematics.com\/de\/wp-json\/wp\/v2\/media?parent=52650"}],"curies":[{"name":"wp","href":"https:\/\/api.w.org\/{rel}","templated":true}]}}