{"id":37928,"date":"2015-05-11T09:37:53","date_gmt":"2015-05-11T14:37:53","guid":{"rendered":"https:\/\/www.generalkinematics.com\/product\/gk-msw-mrf-systeme\/"},"modified":"2018-08-31T10:15:19","modified_gmt":"2018-08-31T15:15:19","slug":"gk-msw-mrf-systeme","status":"publish","type":"product","link":"https:\/\/www.generalkinematics.com\/de\/produkt\/gk-msw-mrf-systeme\/","title":{"rendered":"GK-MSW \/ MRF-Systeme"},"content":{"rendered":"<p>General Kinematics <strong>Siedlungsabfallsysteme<\/strong> maximieren die Materialr\u00fcckgewinnung durch die Aufteilung von r\u00fcckgewinnbarem Produkt f\u00fcr Recycling, Massenverbrennung oder Restbrennstoff. Durch die Kombination bew\u00e4hrter Methoden der manuellen Sortierung mit der propriet\u00e4ren Funktion der General Kinematics Vibrationssortierungstechnologie sind GKs Siedlungsabfallsysteme un\u00fcbertroffen bei Durchsatz und Zuverl\u00e4ssigkeit.<\/p>\n<p>Der MINI-MRF\u2122 von General Kinematics ist ein Recyclingsystem f\u00fcr geringe Tonnage und wurde f\u00fcr eine hocheffiziente Materialr\u00fcckgewinnung konzipiert. Die Basissysteme bestehen aus einer Prim\u00e4rsiebung mit einer Pick-Linie mit vier Stationen, die alle an einem einfach zu installierenden Tr\u00e4gersystem angebracht und f\u00fcr Abrollcontainer als Materialsortierbeh\u00e4lter ausgelegt sind. Zu den zus\u00e4tzlichen Optionen geh\u00f6ren verl\u00e4ngerte Pick-Linien, eine magnetische Eisen- und Nicht-Eisen-Trennung und GKs DE-STONER\u00ae-Luftsichter zur Maximierung Ihrer Materialr\u00fcckgewinnung.<\/p>\n<h2>EIGENSCHAFTEN:<\/h2>\n<ul>\n<li>Schl\u00fcsselfertig, Einstiegsmodell (MINI-MRF\u2122) oder fortschrittliches Systemdesign.<\/li>\n<li>Integration von General Kinematics SXS SCREEN\u2122-Vibrationssiebe, DE-STONER\u00ae-Luftsichter und anderen Technologien.<\/li>\n<li>Mechanisch getrenntes Material nach Gr\u00f6\u00dfe und Dichte.<\/li>\n<li>Heavy Duty Pick-F\u00f6rdergurte und Sortierbeh\u00e4lter.<\/li>\n<li>Vollst\u00e4ndig integriertes Steuerungssystem.<\/li>\n<li>F\u00fcr das Wachstum Ihres Unternehmens erweiterbare Systeme.<\/li>\n<\/ul>\n","protected":false},"excerpt":{"rendered":"<p>General Kinematics Siedlungsabfallsysteme maximieren die Materialr\u00fcckgewinnung durch die Aufteilung von r\u00fcckgewinnbarem Produkt f\u00fcr Recycling, Massenverbrennung oder Restbrennstoff. Durch die Kombination bew\u00e4hrter Methoden der manuellen Sortierung mit der propriet\u00e4ren Funktion der General Kinematics Vibrationssortierungstechnologie sind GKs Siedlungsabfallsysteme un\u00fcbertroffen bei Durchsatz und Zuverl\u00e4ssigkeit. Der MINI-MRF\u2122 von General Kinematics ist ein Recyclingsystem f\u00fcr geringe Tonnage und wurde f\u00fcr [&hellip;]<\/p>\n","protected":false},"featured_media":35360,"comment_status":"closed","ping_status":"closed","template":"","meta":{"_acf_changed":false,"om_disable_all_campaigns":false,"ep_exclude_from_search":false},"product_brand":[],"product_cat":[1798,1812],"product_tag":[],"class_list":{"0":"post-37928","1":"product","2":"type-product","3":"status-publish","4":"has-post-thumbnail","6":"product_cat-recycling-loesungen","7":"product_cat-sortierloesungen-fuer-hausmuell-msw","9":"first","10":"instock","11":"taxable","12":"shipping-taxable","13":"product-type-simple"},"acf":[],"yoast_head":"<!-- This site is optimized with the Yoast SEO plugin v27.2 - https:\/\/yoast.com\/product\/yoast-seo-wordpress\/ -->\n<title>GK-MSW \/ MRF-Systeme | General Kinematics<\/title>\n<meta name=\"robots\" content=\"index, follow, max-snippet:-1, max-image-preview:large, max-video-preview:-1\" \/>\n<link rel=\"canonical\" href=\"https:\/\/www.generalkinematics.com\/de\/produkt\/gk-msw-mrf-systeme\/\" \/>\n<meta property=\"og:locale\" content=\"de_DE\" \/>\n<meta property=\"og:type\" content=\"article\" \/>\n<meta property=\"og:title\" content=\"GK-MSW \/ MRF-Systeme | General Kinematics\" \/>\n<meta property=\"og:description\" content=\"General Kinematics Siedlungsabfallsysteme maximieren die Materialr\u00fcckgewinnung durch die Aufteilung von r\u00fcckgewinnbarem Produkt f\u00fcr Recycling, Massenverbrennung oder Restbrennstoff. Durch die Kombination bew\u00e4hrter Methoden der manuellen Sortierung mit der propriet\u00e4ren Funktion der General Kinematics Vibrationssortierungstechnologie sind GKs Siedlungsabfallsysteme un\u00fcbertroffen bei Durchsatz und Zuverl\u00e4ssigkeit. Der MINI-MRF\u2122 von General Kinematics ist ein Recyclingsystem f\u00fcr geringe Tonnage und wurde f\u00fcr [&hellip;]\" \/>\n<meta property=\"og:url\" content=\"https:\/\/www.generalkinematics.com\/de\/produkt\/gk-msw-mrf-systeme\/\" \/>\n<meta property=\"og:site_name\" content=\"General Kinematics\" \/>\n<meta property=\"article:publisher\" content=\"https:\/\/www.facebook.com\/generalkinematics\" \/>\n<meta property=\"article:modified_time\" content=\"2018-08-31T15:15:19+00:00\" \/>\n<meta property=\"og:image\" content=\"https:\/\/media.generalkinematics.com\/wp-content\/uploads\/2018\/04\/msw1.jpg\" \/>\n\t<meta property=\"og:image:width\" content=\"1239\" \/>\n\t<meta property=\"og:image:height\" content=\"853\" \/>\n\t<meta property=\"og:image:type\" content=\"image\/jpeg\" \/>\n<meta name=\"twitter:card\" content=\"summary_large_image\" \/>\n<meta name=\"twitter:site\" content=\"@gkvibrating\" \/>\n<meta name=\"twitter:label1\" content=\"Gesch\u00e4tzte Lesezeit\" \/>\n\t<meta name=\"twitter:data1\" content=\"1 Minute\" \/>\n<!-- \/ Yoast SEO plugin. -->","yoast_head_json":{"title":"GK-MSW \/ MRF-Systeme | General Kinematics","robots":{"index":"index","follow":"follow","max-snippet":"max-snippet:-1","max-image-preview":"max-image-preview:large","max-video-preview":"max-video-preview:-1"},"canonical":"https:\/\/www.generalkinematics.com\/de\/produkt\/gk-msw-mrf-systeme\/","og_locale":"de_DE","og_type":"article","og_title":"GK-MSW \/ MRF-Systeme | General Kinematics","og_description":"General Kinematics Siedlungsabfallsysteme maximieren die Materialr\u00fcckgewinnung durch die Aufteilung von r\u00fcckgewinnbarem Produkt f\u00fcr Recycling, Massenverbrennung oder Restbrennstoff. Durch die Kombination bew\u00e4hrter Methoden der manuellen Sortierung mit der propriet\u00e4ren Funktion der General Kinematics Vibrationssortierungstechnologie sind GKs Siedlungsabfallsysteme un\u00fcbertroffen bei Durchsatz und Zuverl\u00e4ssigkeit. Der MINI-MRF\u2122 von General Kinematics ist ein Recyclingsystem f\u00fcr geringe Tonnage und wurde f\u00fcr [&hellip;]","og_url":"https:\/\/www.generalkinematics.com\/de\/produkt\/gk-msw-mrf-systeme\/","og_site_name":"General Kinematics","article_publisher":"https:\/\/www.facebook.com\/generalkinematics","article_modified_time":"2018-08-31T15:15:19+00:00","og_image":[{"width":1239,"height":853,"url":"https:\/\/media.generalkinematics.com\/wp-content\/uploads\/2018\/04\/msw1.jpg","type":"image\/jpeg"}],"twitter_card":"summary_large_image","twitter_site":"@gkvibrating","twitter_misc":{"Gesch\u00e4tzte Lesezeit":"1 Minute"},"schema":{"@context":"https:\/\/schema.org","@graph":[{"@type":"WebPage","@id":"https:\/\/www.generalkinematics.com\/de\/produkt\/gk-msw-mrf-systeme\/","url":"https:\/\/www.generalkinematics.com\/de\/produkt\/gk-msw-mrf-systeme\/","name":"GK-MSW \/ MRF-Systeme | General Kinematics","isPartOf":{"@id":"https:\/\/www.generalkinematics.com\/de\/#website"},"primaryImageOfPage":{"@id":"https:\/\/www.generalkinematics.com\/de\/produkt\/gk-msw-mrf-systeme\/#primaryimage"},"image":{"@id":"https:\/\/www.generalkinematics.com\/de\/produkt\/gk-msw-mrf-systeme\/#primaryimage"},"thumbnailUrl":"https:\/\/media.generalkinematics.com\/wp-content\/uploads\/2018\/04\/msw1.jpg","datePublished":"2015-05-11T14:37:53+00:00","dateModified":"2018-08-31T15:15:19+00:00","breadcrumb":{"@id":"https:\/\/www.generalkinematics.com\/de\/produkt\/gk-msw-mrf-systeme\/#breadcrumb"},"inLanguage":"de-DE","potentialAction":[{"@type":"ReadAction","target":["https:\/\/www.generalkinematics.com\/de\/produkt\/gk-msw-mrf-systeme\/"]}]},{"@type":"ImageObject","inLanguage":"de-DE","@id":"https:\/\/www.generalkinematics.com\/de\/produkt\/gk-msw-mrf-systeme\/#primaryimage","url":"https:\/\/media.generalkinematics.com\/wp-content\/uploads\/2018\/04\/msw1.jpg","contentUrl":"https:\/\/media.generalkinematics.com\/wp-content\/uploads\/2018\/04\/msw1.jpg","width":1239,"height":853,"caption":"GK MSW \/ MRF Systems"},{"@type":"BreadcrumbList","@id":"https:\/\/www.generalkinematics.com\/de\/produkt\/gk-msw-mrf-systeme\/#breadcrumb","itemListElement":[{"@type":"ListItem","position":1,"name":"GK Home","item":"https:\/\/www.generalkinematics.com\/de\/"},{"@type":"ListItem","position":2,"name":"Shop","item":"https:\/\/www.generalkinematics.com\/shop\/"},{"@type":"ListItem","position":3,"name":"GK-MSW \/ MRF-Systeme"}]},{"@type":"WebSite","@id":"https:\/\/www.generalkinematics.com\/de\/#website","url":"https:\/\/www.generalkinematics.com\/de\/","name":"General Kinematics","description":"","publisher":{"@id":"https:\/\/www.generalkinematics.com\/de\/#organization"},"potentialAction":[{"@type":"SearchAction","target":{"@type":"EntryPoint","urlTemplate":"https:\/\/www.generalkinematics.com\/de\/?s={search_term_string}"},"query-input":{"@type":"PropertyValueSpecification","valueRequired":true,"valueName":"search_term_string"}}],"inLanguage":"de-DE"},{"@type":"Organization","@id":"https:\/\/www.generalkinematics.com\/de\/#organization","name":"General Kinematics","url":"https:\/\/www.generalkinematics.com\/de\/","logo":{"@type":"ImageObject","inLanguage":"de-DE","@id":"https:\/\/www.generalkinematics.com\/de\/#\/schema\/logo\/image\/","url":"https:\/\/media.generalkinematics.com\/wp-content\/uploads\/2018\/03\/logo.png","contentUrl":"https:\/\/media.generalkinematics.com\/wp-content\/uploads\/2018\/03\/logo.png","width":313,"height":100,"caption":"General Kinematics"},"image":{"@id":"https:\/\/www.generalkinematics.com\/de\/#\/schema\/logo\/image\/"},"sameAs":["https:\/\/www.facebook.com\/generalkinematics","https:\/\/x.com\/gkvibrating"]}]}},"_links":{"self":[{"href":"https:\/\/www.generalkinematics.com\/de\/wp-json\/wp\/v2\/product\/37928","targetHints":{"allow":["GET"]}}],"collection":[{"href":"https:\/\/www.generalkinematics.com\/de\/wp-json\/wp\/v2\/product"}],"about":[{"href":"https:\/\/www.generalkinematics.com\/de\/wp-json\/wp\/v2\/types\/product"}],"replies":[{"embeddable":true,"href":"https:\/\/www.generalkinematics.com\/de\/wp-json\/wp\/v2\/comments?post=37928"}],"wp:featuredmedia":[{"embeddable":true,"href":"https:\/\/www.generalkinematics.com\/de\/wp-json\/wp\/v2\/media\/35360"}],"wp:attachment":[{"href":"https:\/\/www.generalkinematics.com\/de\/wp-json\/wp\/v2\/media?parent=37928"}],"wp:term":[{"taxonomy":"product_brand","embeddable":true,"href":"https:\/\/www.generalkinematics.com\/de\/wp-json\/wp\/v2\/product_brand?post=37928"},{"taxonomy":"product_cat","embeddable":true,"href":"https:\/\/www.generalkinematics.com\/de\/wp-json\/wp\/v2\/product_cat?post=37928"},{"taxonomy":"product_tag","embeddable":true,"href":"https:\/\/www.generalkinematics.com\/de\/wp-json\/wp\/v2\/product_tag?post=37928"}],"curies":[{"name":"wp","href":"https:\/\/api.w.org\/{rel}","templated":true}]}}