{"id":37932,"date":"2015-05-11T09:53:28","date_gmt":"2015-05-11T14:53:28","guid":{"rendered":"https:\/\/www.generalkinematics.com\/product\/vibrations-occ-sieb\/"},"modified":"2018-08-31T09:42:30","modified_gmt":"2018-08-31T14:42:30","slug":"vibrations-occ-sieb","status":"publish","type":"product","link":"https:\/\/www.generalkinematics.com\/de\/produkt\/vibrations-occ-sieb\/","title":{"rendered":"Vibrations-OCC-Sieb"},"content":{"rendered":"<p>Das <strong>SXS SCREEN\u2122-Sieb f\u00fcr OCC<\/strong> kann zus\u00e4tzlich zur Trennung von OCC aus verunreinigten Materialstr\u00f6men verwendet werden. Der h\u00f6here Hub bedeutet h\u00f6here Geschwindigkeiten und mehr Energie f\u00fcr das Produkt, um eine bessere Trennung und Sieben zu erreichen. Das SXS SCREEN\u2122-Vibrationssieb ist in der Lage, Beton, Ketten und andere anspruchsvolle Materialien ohne zu z\u00f6gern zu handhaben und l\u00f6st die anhaltenden und kostspieligen Probleme, die bei rotierenden OCC-Sieben und Sternsieben auftreten. Die Vibrationsbewegung erm\u00f6glicht eine Gr\u00f6\u00dfentrennung, ohne das Material zu verschlechtern. Um Ihren Durchsatz und Ihre Anwendung zu optimieren, sind diese Siebe in ma\u00dfgeschneiderten Breiten und L\u00e4ngen erh\u00e4ltlich und sie stellen eine gro\u00dfartige Alternative zu Stern- und Scheibensieben dar. Das SXS SCREEN\u2122-Sieb f\u00fcr OCC funktioniert einfacher und sicherer in Bezug auf Wartung, Reinigung und Zug\u00e4nglichkeit.<\/p>\n<h2>SXS SCREEN\u2122 f\u00fcr OCC<\/h2>\n<ul>\n<li>Robuste Bauweise, die verunreinigte Abfallstr\u00f6me verarbeiten kann.<\/li>\n<li>Niedrige Bauh\u00f6henanforderungen f\u00fcr die Installation.<\/li>\n<li>Ma\u00dfgeschneiderte Breiten, um Ihre spezifischen Trennanforderungen zu erf\u00fcllen.<\/li>\n<li>Zuverl\u00e4ssiger, energiesparender Vibrationsantrieb mit Eigenfrequenz.<\/li>\n<li>Bietet Gr\u00f6\u00dfentrennung ohne Papier zu verschlechtern.<\/li>\n<li>Es bleibt weniger Material h\u00e4ngen.<\/li>\n<li>Einfacher Zugang zum Deck.<\/li>\n<\/ul>\n","protected":false},"excerpt":{"rendered":"<p>Das SXS SCREEN\u2122-Sieb f\u00fcr OCC kann zus\u00e4tzlich zur Trennung von OCC aus verunreinigten Materialstr\u00f6men verwendet werden. Der h\u00f6here Hub bedeutet h\u00f6here Geschwindigkeiten und mehr Energie f\u00fcr das Produkt, um eine bessere Trennung und Sieben zu erreichen. Das SXS SCREEN\u2122-Vibrationssieb ist in der Lage, Beton, Ketten und andere anspruchsvolle Materialien ohne zu z\u00f6gern zu handhaben und [&hellip;]<\/p>\n","protected":false},"featured_media":28123,"comment_status":"closed","ping_status":"closed","template":"","meta":{"_acf_changed":false,"om_disable_all_campaigns":false,"ep_exclude_from_search":false},"product_brand":[],"product_cat":[1801,1807,1803,1798],"product_tag":[],"class_list":{"0":"post-37932","1":"product","2":"type-product","3":"status-publish","4":"has-post-thumbnail","6":"product_cat-einzelmaterialfluss-ici","7":"product_cat-finger-screen-vibrations-siebmaschinen","8":"product_cat-gk-technologie-fuer-recyclingsiebe","9":"product_cat-recycling-loesungen","11":"first","12":"instock","13":"taxable","14":"shipping-taxable","15":"product-type-simple"},"acf":[],"yoast_head":"<!-- This site is optimized with the Yoast SEO plugin v27.2 - https:\/\/yoast.com\/product\/yoast-seo-wordpress\/ -->\n<title>Vibrations-OCC-Sieb | General Kinematics<\/title>\n<meta name=\"robots\" content=\"index, follow, max-snippet:-1, max-image-preview:large, max-video-preview:-1\" \/>\n<link rel=\"canonical\" href=\"https:\/\/www.generalkinematics.com\/de\/produkt\/vibrations-occ-sieb\/\" \/>\n<meta property=\"og:locale\" content=\"de_DE\" \/>\n<meta property=\"og:type\" content=\"article\" \/>\n<meta property=\"og:title\" content=\"Vibrations-OCC-Sieb | General Kinematics\" \/>\n<meta property=\"og:description\" content=\"Das SXS SCREEN\u2122-Sieb f\u00fcr OCC kann zus\u00e4tzlich zur Trennung von OCC aus verunreinigten Materialstr\u00f6men verwendet werden. Der h\u00f6here Hub bedeutet h\u00f6here Geschwindigkeiten und mehr Energie f\u00fcr das Produkt, um eine bessere Trennung und Sieben zu erreichen. Das SXS SCREEN\u2122-Vibrationssieb ist in der Lage, Beton, Ketten und andere anspruchsvolle Materialien ohne zu z\u00f6gern zu handhaben und [&hellip;]\" \/>\n<meta property=\"og:url\" content=\"https:\/\/www.generalkinematics.com\/de\/produkt\/vibrations-occ-sieb\/\" \/>\n<meta property=\"og:site_name\" content=\"General Kinematics\" \/>\n<meta property=\"article:publisher\" content=\"https:\/\/www.facebook.com\/generalkinematics\" \/>\n<meta property=\"article:modified_time\" content=\"2018-08-31T14:42:30+00:00\" \/>\n<meta property=\"og:image\" content=\"https:\/\/www.generalkinematics.com\/wp-content\/uploads\/2015\/05\/IMG_1421.jpg\" \/>\n\t<meta property=\"og:image:width\" content=\"5184\" \/>\n\t<meta property=\"og:image:height\" content=\"3456\" \/>\n\t<meta property=\"og:image:type\" content=\"image\/jpeg\" \/>\n<meta name=\"twitter:card\" content=\"summary_large_image\" \/>\n<meta name=\"twitter:site\" content=\"@gkvibrating\" \/>\n<meta name=\"twitter:label1\" content=\"Gesch\u00e4tzte Lesezeit\" \/>\n\t<meta name=\"twitter:data1\" content=\"1 Minute\" \/>\n<!-- \/ Yoast SEO plugin. -->","yoast_head_json":{"title":"Vibrations-OCC-Sieb | General Kinematics","robots":{"index":"index","follow":"follow","max-snippet":"max-snippet:-1","max-image-preview":"max-image-preview:large","max-video-preview":"max-video-preview:-1"},"canonical":"https:\/\/www.generalkinematics.com\/de\/produkt\/vibrations-occ-sieb\/","og_locale":"de_DE","og_type":"article","og_title":"Vibrations-OCC-Sieb | General Kinematics","og_description":"Das SXS SCREEN\u2122-Sieb f\u00fcr OCC kann zus\u00e4tzlich zur Trennung von OCC aus verunreinigten Materialstr\u00f6men verwendet werden. Der h\u00f6here Hub bedeutet h\u00f6here Geschwindigkeiten und mehr Energie f\u00fcr das Produkt, um eine bessere Trennung und Sieben zu erreichen. Das SXS SCREEN\u2122-Vibrationssieb ist in der Lage, Beton, Ketten und andere anspruchsvolle Materialien ohne zu z\u00f6gern zu handhaben und [&hellip;]","og_url":"https:\/\/www.generalkinematics.com\/de\/produkt\/vibrations-occ-sieb\/","og_site_name":"General Kinematics","article_publisher":"https:\/\/www.facebook.com\/generalkinematics","article_modified_time":"2018-08-31T14:42:30+00:00","og_image":[{"width":5184,"height":3456,"url":"https:\/\/www.generalkinematics.com\/wp-content\/uploads\/2015\/05\/IMG_1421.jpg","type":"image\/jpeg"}],"twitter_card":"summary_large_image","twitter_site":"@gkvibrating","twitter_misc":{"Gesch\u00e4tzte Lesezeit":"1 Minute"},"schema":{"@context":"https:\/\/schema.org","@graph":[{"@type":"WebPage","@id":"https:\/\/www.generalkinematics.com\/de\/produkt\/vibrations-occ-sieb\/","url":"https:\/\/www.generalkinematics.com\/de\/produkt\/vibrations-occ-sieb\/","name":"Vibrations-OCC-Sieb | General Kinematics","isPartOf":{"@id":"https:\/\/www.generalkinematics.com\/de\/#website"},"primaryImageOfPage":{"@id":"https:\/\/www.generalkinematics.com\/de\/produkt\/vibrations-occ-sieb\/#primaryimage"},"image":{"@id":"https:\/\/www.generalkinematics.com\/de\/produkt\/vibrations-occ-sieb\/#primaryimage"},"thumbnailUrl":"https:\/\/media.generalkinematics.com\/wp-content\/uploads\/2015\/05\/IMG_1421.jpg","datePublished":"2015-05-11T14:53:28+00:00","dateModified":"2018-08-31T14:42:30+00:00","breadcrumb":{"@id":"https:\/\/www.generalkinematics.com\/de\/produkt\/vibrations-occ-sieb\/#breadcrumb"},"inLanguage":"de-DE","potentialAction":[{"@type":"ReadAction","target":["https:\/\/www.generalkinematics.com\/de\/produkt\/vibrations-occ-sieb\/"]}]},{"@type":"ImageObject","inLanguage":"de-DE","@id":"https:\/\/www.generalkinematics.com\/de\/produkt\/vibrations-occ-sieb\/#primaryimage","url":"https:\/\/media.generalkinematics.com\/wp-content\/uploads\/2015\/05\/IMG_1421.jpg","contentUrl":"https:\/\/media.generalkinematics.com\/wp-content\/uploads\/2015\/05\/IMG_1421.jpg","width":5184,"height":3456,"caption":"general-kinematics-occ-screen"},{"@type":"BreadcrumbList","@id":"https:\/\/www.generalkinematics.com\/de\/produkt\/vibrations-occ-sieb\/#breadcrumb","itemListElement":[{"@type":"ListItem","position":1,"name":"GK Home","item":"https:\/\/www.generalkinematics.com\/de\/"},{"@type":"ListItem","position":2,"name":"Shop","item":"https:\/\/www.generalkinematics.com\/shop\/"},{"@type":"ListItem","position":3,"name":"Vibrations-OCC-Sieb"}]},{"@type":"WebSite","@id":"https:\/\/www.generalkinematics.com\/de\/#website","url":"https:\/\/www.generalkinematics.com\/de\/","name":"General Kinematics","description":"","publisher":{"@id":"https:\/\/www.generalkinematics.com\/de\/#organization"},"potentialAction":[{"@type":"SearchAction","target":{"@type":"EntryPoint","urlTemplate":"https:\/\/www.generalkinematics.com\/de\/?s={search_term_string}"},"query-input":{"@type":"PropertyValueSpecification","valueRequired":true,"valueName":"search_term_string"}}],"inLanguage":"de-DE"},{"@type":"Organization","@id":"https:\/\/www.generalkinematics.com\/de\/#organization","name":"General Kinematics","url":"https:\/\/www.generalkinematics.com\/de\/","logo":{"@type":"ImageObject","inLanguage":"de-DE","@id":"https:\/\/www.generalkinematics.com\/de\/#\/schema\/logo\/image\/","url":"https:\/\/media.generalkinematics.com\/wp-content\/uploads\/2018\/03\/logo.png","contentUrl":"https:\/\/media.generalkinematics.com\/wp-content\/uploads\/2018\/03\/logo.png","width":313,"height":100,"caption":"General Kinematics"},"image":{"@id":"https:\/\/www.generalkinematics.com\/de\/#\/schema\/logo\/image\/"},"sameAs":["https:\/\/www.facebook.com\/generalkinematics","https:\/\/x.com\/gkvibrating"]}]}},"_links":{"self":[{"href":"https:\/\/www.generalkinematics.com\/de\/wp-json\/wp\/v2\/product\/37932","targetHints":{"allow":["GET"]}}],"collection":[{"href":"https:\/\/www.generalkinematics.com\/de\/wp-json\/wp\/v2\/product"}],"about":[{"href":"https:\/\/www.generalkinematics.com\/de\/wp-json\/wp\/v2\/types\/product"}],"replies":[{"embeddable":true,"href":"https:\/\/www.generalkinematics.com\/de\/wp-json\/wp\/v2\/comments?post=37932"}],"wp:featuredmedia":[{"embeddable":true,"href":"https:\/\/www.generalkinematics.com\/de\/wp-json\/wp\/v2\/media\/28123"}],"wp:attachment":[{"href":"https:\/\/www.generalkinematics.com\/de\/wp-json\/wp\/v2\/media?parent=37932"}],"wp:term":[{"taxonomy":"product_brand","embeddable":true,"href":"https:\/\/www.generalkinematics.com\/de\/wp-json\/wp\/v2\/product_brand?post=37932"},{"taxonomy":"product_cat","embeddable":true,"href":"https:\/\/www.generalkinematics.com\/de\/wp-json\/wp\/v2\/product_cat?post=37932"},{"taxonomy":"product_tag","embeddable":true,"href":"https:\/\/www.generalkinematics.com\/de\/wp-json\/wp\/v2\/product_tag?post=37932"}],"curies":[{"name":"wp","href":"https:\/\/api.w.org\/{rel}","templated":true}]}}