{"id":37942,"date":"2015-05-12T03:53:27","date_gmt":"2015-05-12T08:53:27","guid":{"rendered":"https:\/\/www.generalkinematics.com\/product\/chargenaufbereitungslosungen\/"},"modified":"2020-07-22T22:15:05","modified_gmt":"2020-07-23T03:15:05","slug":"chargenaufbereitungslosungen","status":"publish","type":"product","link":"https:\/\/www.generalkinematics.com\/de\/produkt\/chargenaufbereitungslosungen\/","title":{"rendered":"Chargenaufbereitungsl\u00f6sungen"},"content":{"rendered":"<p><u><strong>Beschleunigen Sie die Chargenzyklen und wiegen Sie Ihr Ladegut mit den GK-Chargenaufbereitungsl\u00f6sungen genau ab.<\/strong><\/u><\/p>\n<p>Mit den GK-Chargenaufbereitungsl\u00f6sungen werden Materialien entweder in Vibrations-Beschickungsanlagen oder mit Schalengreifer \u00fcber Bodenklappen in station\u00e4re Beh\u00e4lter geladen. Beide Optionen sind auf W\u00e4gezellen montiert, um das Gewicht des Chargenmaterials zu bestimmen.<\/p>\n<p>Bei der Option Vibrations-Beschickungsanlage k\u00f6nnen mehrere Einheiten in Reihe angeordnet werden, um das Chargenmaterial nach Typ zu trennen oder um Materialien pr\u00e4zise zu mischen. Wenn das System aktiviert ist, werden pr\u00e4zise Mengen an Material f\u00fcr eine genaue Chargenaufbereitung in die Ofen-Beschickungsanlage geladen. Station\u00e4re Beh\u00e4lter nehmen das gesamte Material auf und wenn die Materialmischung stimmt, \u00f6ffnen sich die Schalengreifer vom Typ Bodenklappen und geben die Ladung in die Ofen-Beschickungsanlage ab.<\/p>\n<p>Die Auswahl, welche Art von Chargenaufbereitungsl\u00f6sung verwendet wird, h\u00e4ngt vom Ofentyp und der spezifischen Anwendung ab. <a href=\"https:\/\/www.generalkinematics.com\/de\/kontakt-general-kinematics\/\" target=\"_blank\" rel=\"noopener noreferrer\">Kontaktieren Sie einen GK-Gie\u00dfereifachmann<\/a> f\u00fcr weitere Informationen.<\/p>\n<h2>Eigenschaften:<\/h2>\n<ul>\n<li>Sammeln Sie Material auf dem Schrottplatz, um die Chargenzykluszeit zu reduzieren.<\/li>\n<li>Wiegen Sie die Menge jeder Art von Material genau, um die richtige Metallurgie f\u00fcr Ihre Charge zu erstellen.<\/li>\n<li>Chargenaufbereitungsl\u00f6sungen sind ein integraler Bestandteil der kompletten Ofenladesysteme von GK.<\/li>\n<\/ul>\n","protected":false},"excerpt":{"rendered":"<p>Beschleunigen Sie die Chargenzyklen und wiegen Sie Ihr Ladegut mit den GK-Chargenaufbereitungsl\u00f6sungen genau ab. Mit den GK-Chargenaufbereitungsl\u00f6sungen werden Materialien entweder in Vibrations-Beschickungsanlagen oder mit Schalengreifer \u00fcber Bodenklappen in station\u00e4re Beh\u00e4lter geladen. Beide Optionen sind auf W\u00e4gezellen montiert, um das Gewicht des Chargenmaterials zu bestimmen. Bei der Option Vibrations-Beschickungsanlage k\u00f6nnen mehrere Einheiten in Reihe angeordnet werden, [&hellip;]<\/p>\n","protected":false},"featured_media":23275,"comment_status":"closed","ping_status":"closed","template":"","meta":{"_acf_changed":false,"om_disable_all_campaigns":false,"ep_exclude_from_search":false},"product_brand":[],"product_cat":[1791,1769,1759,1776],"product_tag":[],"class_list":{"0":"post-37942","1":"product","2":"type-product","3":"status-publish","4":"has-post-thumbnail","6":"product_cat-gruensandgiesserei","7":"product_cat-lordungen-fuer-giesserei-und-metallguss","8":"product_cat-no-bake-gieserei","9":"product_cat-schmelzdeck-ausruestung","11":"first","12":"instock","13":"taxable","14":"shipping-taxable","15":"product-type-simple"},"acf":[],"yoast_head":"<!-- This site is optimized with the Yoast SEO plugin v27.2 - https:\/\/yoast.com\/product\/yoast-seo-wordpress\/ -->\n<title>Chargenaufbereitungsl\u00f6sungen | General Kinematics<\/title>\n<meta name=\"robots\" content=\"index, follow, max-snippet:-1, max-image-preview:large, max-video-preview:-1\" \/>\n<link rel=\"canonical\" href=\"https:\/\/www.generalkinematics.com\/de\/produkt\/chargenaufbereitungslosungen\/\" \/>\n<meta property=\"og:locale\" content=\"de_DE\" \/>\n<meta property=\"og:type\" content=\"article\" \/>\n<meta property=\"og:title\" content=\"Chargenaufbereitungsl\u00f6sungen | General Kinematics\" \/>\n<meta property=\"og:description\" content=\"Beschleunigen Sie die Chargenzyklen und wiegen Sie Ihr Ladegut mit den GK-Chargenaufbereitungsl\u00f6sungen genau ab. Mit den GK-Chargenaufbereitungsl\u00f6sungen werden Materialien entweder in Vibrations-Beschickungsanlagen oder mit Schalengreifer \u00fcber Bodenklappen in station\u00e4re Beh\u00e4lter geladen. Beide Optionen sind auf W\u00e4gezellen montiert, um das Gewicht des Chargenmaterials zu bestimmen. Bei der Option Vibrations-Beschickungsanlage k\u00f6nnen mehrere Einheiten in Reihe angeordnet werden, [&hellip;]\" \/>\n<meta property=\"og:url\" content=\"https:\/\/www.generalkinematics.com\/de\/produkt\/chargenaufbereitungslosungen\/\" \/>\n<meta property=\"og:site_name\" content=\"General Kinematics\" \/>\n<meta property=\"article:publisher\" content=\"https:\/\/www.facebook.com\/generalkinematics\" \/>\n<meta property=\"article:modified_time\" content=\"2020-07-23T03:15:05+00:00\" \/>\n<meta property=\"og:image\" content=\"https:\/\/media.generalkinematics.com\/wp-content\/uploads\/2015\/05\/MVC-022S.jpg\" \/>\n\t<meta property=\"og:image:width\" content=\"640\" \/>\n\t<meta property=\"og:image:height\" content=\"480\" \/>\n\t<meta property=\"og:image:type\" content=\"image\/jpeg\" \/>\n<meta name=\"twitter:card\" content=\"summary_large_image\" \/>\n<meta name=\"twitter:site\" content=\"@gkvibrating\" \/>\n<meta name=\"twitter:label1\" content=\"Gesch\u00e4tzte Lesezeit\" \/>\n\t<meta name=\"twitter:data1\" content=\"1 Minute\" \/>\n<!-- \/ Yoast SEO plugin. -->","yoast_head_json":{"title":"Chargenaufbereitungsl\u00f6sungen | General Kinematics","robots":{"index":"index","follow":"follow","max-snippet":"max-snippet:-1","max-image-preview":"max-image-preview:large","max-video-preview":"max-video-preview:-1"},"canonical":"https:\/\/www.generalkinematics.com\/de\/produkt\/chargenaufbereitungslosungen\/","og_locale":"de_DE","og_type":"article","og_title":"Chargenaufbereitungsl\u00f6sungen | General Kinematics","og_description":"Beschleunigen Sie die Chargenzyklen und wiegen Sie Ihr Ladegut mit den GK-Chargenaufbereitungsl\u00f6sungen genau ab. Mit den GK-Chargenaufbereitungsl\u00f6sungen werden Materialien entweder in Vibrations-Beschickungsanlagen oder mit Schalengreifer \u00fcber Bodenklappen in station\u00e4re Beh\u00e4lter geladen. Beide Optionen sind auf W\u00e4gezellen montiert, um das Gewicht des Chargenmaterials zu bestimmen. Bei der Option Vibrations-Beschickungsanlage k\u00f6nnen mehrere Einheiten in Reihe angeordnet werden, [&hellip;]","og_url":"https:\/\/www.generalkinematics.com\/de\/produkt\/chargenaufbereitungslosungen\/","og_site_name":"General Kinematics","article_publisher":"https:\/\/www.facebook.com\/generalkinematics","article_modified_time":"2020-07-23T03:15:05+00:00","og_image":[{"width":640,"height":480,"url":"https:\/\/media.generalkinematics.com\/wp-content\/uploads\/2015\/05\/MVC-022S.jpg","type":"image\/jpeg"}],"twitter_card":"summary_large_image","twitter_site":"@gkvibrating","twitter_misc":{"Gesch\u00e4tzte Lesezeit":"1 Minute"},"schema":{"@context":"https:\/\/schema.org","@graph":[{"@type":"WebPage","@id":"https:\/\/www.generalkinematics.com\/de\/produkt\/chargenaufbereitungslosungen\/","url":"https:\/\/www.generalkinematics.com\/de\/produkt\/chargenaufbereitungslosungen\/","name":"Chargenaufbereitungsl\u00f6sungen | General Kinematics","isPartOf":{"@id":"https:\/\/www.generalkinematics.com\/de\/#website"},"primaryImageOfPage":{"@id":"https:\/\/www.generalkinematics.com\/de\/produkt\/chargenaufbereitungslosungen\/#primaryimage"},"image":{"@id":"https:\/\/www.generalkinematics.com\/de\/produkt\/chargenaufbereitungslosungen\/#primaryimage"},"thumbnailUrl":"https:\/\/media.generalkinematics.com\/wp-content\/uploads\/2015\/05\/MVC-022S.jpg","datePublished":"2015-05-12T08:53:27+00:00","dateModified":"2020-07-23T03:15:05+00:00","breadcrumb":{"@id":"https:\/\/www.generalkinematics.com\/de\/produkt\/chargenaufbereitungslosungen\/#breadcrumb"},"inLanguage":"de-DE","potentialAction":[{"@type":"ReadAction","target":["https:\/\/www.generalkinematics.com\/de\/produkt\/chargenaufbereitungslosungen\/"]}]},{"@type":"ImageObject","inLanguage":"de-DE","@id":"https:\/\/www.generalkinematics.com\/de\/produkt\/chargenaufbereitungslosungen\/#primaryimage","url":"https:\/\/media.generalkinematics.com\/wp-content\/uploads\/2015\/05\/MVC-022S.jpg","contentUrl":"https:\/\/media.generalkinematics.com\/wp-content\/uploads\/2015\/05\/MVC-022S.jpg","width":640,"height":480,"caption":"general-kinematics-charge-feeder"},{"@type":"BreadcrumbList","@id":"https:\/\/www.generalkinematics.com\/de\/produkt\/chargenaufbereitungslosungen\/#breadcrumb","itemListElement":[{"@type":"ListItem","position":1,"name":"GK Home","item":"https:\/\/www.generalkinematics.com\/de\/"},{"@type":"ListItem","position":2,"name":"Shop","item":"https:\/\/www.generalkinematics.com\/shop\/"},{"@type":"ListItem","position":3,"name":"Chargenaufbereitungsl\u00f6sungen"}]},{"@type":"WebSite","@id":"https:\/\/www.generalkinematics.com\/de\/#website","url":"https:\/\/www.generalkinematics.com\/de\/","name":"General Kinematics","description":"","publisher":{"@id":"https:\/\/www.generalkinematics.com\/de\/#organization"},"potentialAction":[{"@type":"SearchAction","target":{"@type":"EntryPoint","urlTemplate":"https:\/\/www.generalkinematics.com\/de\/?s={search_term_string}"},"query-input":{"@type":"PropertyValueSpecification","valueRequired":true,"valueName":"search_term_string"}}],"inLanguage":"de-DE"},{"@type":"Organization","@id":"https:\/\/www.generalkinematics.com\/de\/#organization","name":"General Kinematics","url":"https:\/\/www.generalkinematics.com\/de\/","logo":{"@type":"ImageObject","inLanguage":"de-DE","@id":"https:\/\/www.generalkinematics.com\/de\/#\/schema\/logo\/image\/","url":"https:\/\/media.generalkinematics.com\/wp-content\/uploads\/2018\/03\/logo.png","contentUrl":"https:\/\/media.generalkinematics.com\/wp-content\/uploads\/2018\/03\/logo.png","width":313,"height":100,"caption":"General Kinematics"},"image":{"@id":"https:\/\/www.generalkinematics.com\/de\/#\/schema\/logo\/image\/"},"sameAs":["https:\/\/www.facebook.com\/generalkinematics","https:\/\/x.com\/gkvibrating"]}]}},"_links":{"self":[{"href":"https:\/\/www.generalkinematics.com\/de\/wp-json\/wp\/v2\/product\/37942","targetHints":{"allow":["GET"]}}],"collection":[{"href":"https:\/\/www.generalkinematics.com\/de\/wp-json\/wp\/v2\/product"}],"about":[{"href":"https:\/\/www.generalkinematics.com\/de\/wp-json\/wp\/v2\/types\/product"}],"replies":[{"embeddable":true,"href":"https:\/\/www.generalkinematics.com\/de\/wp-json\/wp\/v2\/comments?post=37942"}],"wp:featuredmedia":[{"embeddable":true,"href":"https:\/\/www.generalkinematics.com\/de\/wp-json\/wp\/v2\/media\/23275"}],"wp:attachment":[{"href":"https:\/\/www.generalkinematics.com\/de\/wp-json\/wp\/v2\/media?parent=37942"}],"wp:term":[{"taxonomy":"product_brand","embeddable":true,"href":"https:\/\/www.generalkinematics.com\/de\/wp-json\/wp\/v2\/product_brand?post=37942"},{"taxonomy":"product_cat","embeddable":true,"href":"https:\/\/www.generalkinematics.com\/de\/wp-json\/wp\/v2\/product_cat?post=37942"},{"taxonomy":"product_tag","embeddable":true,"href":"https:\/\/www.generalkinematics.com\/de\/wp-json\/wp\/v2\/product_tag?post=37942"}],"curies":[{"name":"wp","href":"https:\/\/api.w.org\/{rel}","templated":true}]}}