{"id":37959,"date":"2015-05-12T04:06:16","date_gmt":"2015-05-12T09:06:16","guid":{"rendered":"https:\/\/www.generalkinematics.com\/product\/chargen-vorerhitzungssysteme\/"},"modified":"2025-11-25T23:19:58","modified_gmt":"2025-11-26T05:19:58","slug":"charge-pre-heat-systems","status":"publish","type":"product","link":"https:\/\/www.generalkinematics.com\/de\/produkt\/charge-pre-heat-systems\/","title":{"rendered":"Chargen-Vorerhitzungssysteme"},"content":{"rendered":"<p><u><strong>Eine integrierte Vorerhitzung von Schrott erh\u00f6ht die Ofenleistung und senkt die Betriebskosten<\/strong><\/u><\/p>\n<p>Durch die Kombination von Wiegebunker, Vorerhitzungshaube, Materialtransfer und Ofenbeschickung in einem einzigen automatisierten Prozess verleiht General Kinematics Ihrem Schmelzbetrieb ein neues Niveau der Kosteneffizienz.<\/p>\n<p>Das Vorerhitzen entfernt Feuchtigkeit und andere Verunreinigungen aus dem zu ladenden Material f\u00fcr einen sichereren, effizienteren Betrieb. Eine vorerhitzte Ladung reduziert den Energieverbrauch w\u00e4hrend der Induktion zum abschlie\u00dfenden Schmelzen der Charge und der daraus resultierende k\u00fcrzere Schmelzzyklus erh\u00f6ht die Ofenleistung erheblich. Dar\u00fcber hinaus bedeutet die Nutzung von kosteng\u00fcnstigem Erdgas oder Heiz\u00f6l f\u00fcr das Vorerhitzen noch h\u00f6here Ertr\u00e4ge f\u00fcr Ihre Investition.<\/p>\n<h2>Eigenschaften:<\/h2>\n<ul>\n<li>An jede Ofengr\u00f6\u00dfe anpassbar.<\/li>\n<li>Erm\u00f6glicht die Verwendung von kosteng\u00fcnstigeren nassem oder \u00f6lverschmutztem Schrott.<\/li>\n<li>Effizientes Trocknen oder Erhitzen auf 650 \u00b0C reduziert den Energiebedarf des Ofens.<\/li>\n<li>Schnellere Ofenschmelzzyklen.<\/li>\n<li>Flexibles Layout f\u00fcr jede Installation<\/li>\n<li>Ein Bediener, automatische Steuerf\u00e4higkeit.<\/li>\n<\/ul>\n","protected":false},"excerpt":{"rendered":"<p>Eine integrierte Vorerhitzung von Schrott erh\u00f6ht die Ofenleistung und senkt die Betriebskosten Durch die Kombination von Wiegebunker, Vorerhitzungshaube, Materialtransfer und Ofenbeschickung in einem einzigen automatisierten Prozess verleiht General Kinematics Ihrem Schmelzbetrieb ein neues Niveau der Kosteneffizienz. Das Vorerhitzen entfernt Feuchtigkeit und andere Verunreinigungen aus dem zu ladenden Material f\u00fcr einen sichereren, effizienteren Betrieb. Eine vorerhitzte [&hellip;]<\/p>\n","protected":false},"featured_media":23283,"comment_status":"closed","ping_status":"closed","template":"","meta":{"_acf_changed":false,"om_disable_all_campaigns":false,"ep_exclude_from_search":false},"product_brand":[],"product_cat":[1747],"product_tag":[],"class_list":{"0":"post-37959","1":"product","2":"type-product","3":"status-publish","4":"has-post-thumbnail","6":"product_cat-unkategorisiert","8":"first","9":"instock","10":"taxable","11":"shipping-taxable","12":"product-type-simple"},"acf":[],"yoast_head":"<!-- This site is optimized with the Yoast SEO plugin v27.2 - https:\/\/yoast.com\/product\/yoast-seo-wordpress\/ -->\n<title>Chargen-Vorerhitzungssysteme | General Kinematics<\/title>\n<meta name=\"robots\" content=\"index, follow, max-snippet:-1, max-image-preview:large, max-video-preview:-1\" \/>\n<link rel=\"canonical\" href=\"https:\/\/www.generalkinematics.com\/de\/produkt\/charge-pre-heat-systems\/\" \/>\n<meta property=\"og:locale\" content=\"de_DE\" \/>\n<meta property=\"og:type\" content=\"article\" \/>\n<meta property=\"og:title\" content=\"Chargen-Vorerhitzungssysteme | General Kinematics\" \/>\n<meta property=\"og:description\" content=\"Eine integrierte Vorerhitzung von Schrott erh\u00f6ht die Ofenleistung und senkt die Betriebskosten Durch die Kombination von Wiegebunker, Vorerhitzungshaube, Materialtransfer und Ofenbeschickung in einem einzigen automatisierten Prozess verleiht General Kinematics Ihrem Schmelzbetrieb ein neues Niveau der Kosteneffizienz. Das Vorerhitzen entfernt Feuchtigkeit und andere Verunreinigungen aus dem zu ladenden Material f\u00fcr einen sichereren, effizienteren Betrieb. Eine vorerhitzte [&hellip;]\" \/>\n<meta property=\"og:url\" content=\"https:\/\/www.generalkinematics.com\/de\/produkt\/charge-pre-heat-systems\/\" \/>\n<meta property=\"og:site_name\" content=\"General Kinematics\" \/>\n<meta property=\"article:publisher\" content=\"https:\/\/www.facebook.com\/generalkinematics\" \/>\n<meta property=\"article:modified_time\" content=\"2025-11-26T05:19:58+00:00\" \/>\n<meta property=\"og:image\" content=\"https:\/\/media.generalkinematics.com\/wp-content\/uploads\/2015\/05\/Untitled-1.jpg\" \/>\n\t<meta property=\"og:image:width\" content=\"2331\" \/>\n\t<meta property=\"og:image:height\" content=\"2070\" \/>\n\t<meta property=\"og:image:type\" content=\"image\/jpeg\" \/>\n<meta name=\"twitter:card\" content=\"summary_large_image\" \/>\n<meta name=\"twitter:site\" content=\"@gkvibrating\" \/>\n<meta name=\"twitter:label1\" content=\"Gesch\u00e4tzte Lesezeit\" \/>\n\t<meta name=\"twitter:data1\" content=\"1 Minute\" \/>\n<!-- \/ Yoast SEO plugin. -->","yoast_head_json":{"title":"Chargen-Vorerhitzungssysteme | General Kinematics","robots":{"index":"index","follow":"follow","max-snippet":"max-snippet:-1","max-image-preview":"max-image-preview:large","max-video-preview":"max-video-preview:-1"},"canonical":"https:\/\/www.generalkinematics.com\/de\/produkt\/charge-pre-heat-systems\/","og_locale":"de_DE","og_type":"article","og_title":"Chargen-Vorerhitzungssysteme | General Kinematics","og_description":"Eine integrierte Vorerhitzung von Schrott erh\u00f6ht die Ofenleistung und senkt die Betriebskosten Durch die Kombination von Wiegebunker, Vorerhitzungshaube, Materialtransfer und Ofenbeschickung in einem einzigen automatisierten Prozess verleiht General Kinematics Ihrem Schmelzbetrieb ein neues Niveau der Kosteneffizienz. Das Vorerhitzen entfernt Feuchtigkeit und andere Verunreinigungen aus dem zu ladenden Material f\u00fcr einen sichereren, effizienteren Betrieb. Eine vorerhitzte [&hellip;]","og_url":"https:\/\/www.generalkinematics.com\/de\/produkt\/charge-pre-heat-systems\/","og_site_name":"General Kinematics","article_publisher":"https:\/\/www.facebook.com\/generalkinematics","article_modified_time":"2025-11-26T05:19:58+00:00","og_image":[{"width":2331,"height":2070,"url":"https:\/\/media.generalkinematics.com\/wp-content\/uploads\/2015\/05\/Untitled-1.jpg","type":"image\/jpeg"}],"twitter_card":"summary_large_image","twitter_site":"@gkvibrating","twitter_misc":{"Gesch\u00e4tzte Lesezeit":"1 Minute"},"schema":{"@context":"https:\/\/schema.org","@graph":[{"@type":"WebPage","@id":"https:\/\/www.generalkinematics.com\/de\/produkt\/charge-pre-heat-systems\/","url":"https:\/\/www.generalkinematics.com\/de\/produkt\/charge-pre-heat-systems\/","name":"Chargen-Vorerhitzungssysteme | General Kinematics","isPartOf":{"@id":"https:\/\/www.generalkinematics.com\/de\/#website"},"primaryImageOfPage":{"@id":"https:\/\/www.generalkinematics.com\/de\/produkt\/charge-pre-heat-systems\/#primaryimage"},"image":{"@id":"https:\/\/www.generalkinematics.com\/de\/produkt\/charge-pre-heat-systems\/#primaryimage"},"thumbnailUrl":"https:\/\/media.generalkinematics.com\/wp-content\/uploads\/2015\/05\/Untitled-1.jpg","datePublished":"2015-05-12T09:06:16+00:00","dateModified":"2025-11-26T05:19:58+00:00","breadcrumb":{"@id":"https:\/\/www.generalkinematics.com\/de\/produkt\/charge-pre-heat-systems\/#breadcrumb"},"inLanguage":"de-DE","potentialAction":[{"@type":"ReadAction","target":["https:\/\/www.generalkinematics.com\/de\/produkt\/charge-pre-heat-systems\/"]}]},{"@type":"ImageObject","inLanguage":"de-DE","@id":"https:\/\/www.generalkinematics.com\/de\/produkt\/charge-pre-heat-systems\/#primaryimage","url":"https:\/\/media.generalkinematics.com\/wp-content\/uploads\/2015\/05\/Untitled-1.jpg","contentUrl":"https:\/\/media.generalkinematics.com\/wp-content\/uploads\/2015\/05\/Untitled-1.jpg","width":2331,"height":2070,"caption":"general-kinematics-no-bake-foundry"},{"@type":"BreadcrumbList","@id":"https:\/\/www.generalkinematics.com\/de\/produkt\/charge-pre-heat-systems\/#breadcrumb","itemListElement":[{"@type":"ListItem","position":1,"name":"GK Home","item":"https:\/\/www.generalkinematics.com\/de\/"},{"@type":"ListItem","position":2,"name":"Shop","item":"https:\/\/www.generalkinematics.com\/shop\/"},{"@type":"ListItem","position":3,"name":"Chargen-Vorerhitzungssysteme"}]},{"@type":"WebSite","@id":"https:\/\/www.generalkinematics.com\/de\/#website","url":"https:\/\/www.generalkinematics.com\/de\/","name":"General Kinematics","description":"","publisher":{"@id":"https:\/\/www.generalkinematics.com\/de\/#organization"},"potentialAction":[{"@type":"SearchAction","target":{"@type":"EntryPoint","urlTemplate":"https:\/\/www.generalkinematics.com\/de\/?s={search_term_string}"},"query-input":{"@type":"PropertyValueSpecification","valueRequired":true,"valueName":"search_term_string"}}],"inLanguage":"de-DE"},{"@type":"Organization","@id":"https:\/\/www.generalkinematics.com\/de\/#organization","name":"General Kinematics","url":"https:\/\/www.generalkinematics.com\/de\/","logo":{"@type":"ImageObject","inLanguage":"de-DE","@id":"https:\/\/www.generalkinematics.com\/de\/#\/schema\/logo\/image\/","url":"https:\/\/media.generalkinematics.com\/wp-content\/uploads\/2018\/03\/logo.png","contentUrl":"https:\/\/media.generalkinematics.com\/wp-content\/uploads\/2018\/03\/logo.png","width":313,"height":100,"caption":"General Kinematics"},"image":{"@id":"https:\/\/www.generalkinematics.com\/de\/#\/schema\/logo\/image\/"},"sameAs":["https:\/\/www.facebook.com\/generalkinematics","https:\/\/x.com\/gkvibrating"]}]}},"_links":{"self":[{"href":"https:\/\/www.generalkinematics.com\/de\/wp-json\/wp\/v2\/product\/37959","targetHints":{"allow":["GET"]}}],"collection":[{"href":"https:\/\/www.generalkinematics.com\/de\/wp-json\/wp\/v2\/product"}],"about":[{"href":"https:\/\/www.generalkinematics.com\/de\/wp-json\/wp\/v2\/types\/product"}],"replies":[{"embeddable":true,"href":"https:\/\/www.generalkinematics.com\/de\/wp-json\/wp\/v2\/comments?post=37959"}],"wp:featuredmedia":[{"embeddable":true,"href":"https:\/\/www.generalkinematics.com\/de\/wp-json\/wp\/v2\/media\/23283"}],"wp:attachment":[{"href":"https:\/\/www.generalkinematics.com\/de\/wp-json\/wp\/v2\/media?parent=37959"}],"wp:term":[{"taxonomy":"product_brand","embeddable":true,"href":"https:\/\/www.generalkinematics.com\/de\/wp-json\/wp\/v2\/product_brand?post=37959"},{"taxonomy":"product_cat","embeddable":true,"href":"https:\/\/www.generalkinematics.com\/de\/wp-json\/wp\/v2\/product_cat?post=37959"},{"taxonomy":"product_tag","embeddable":true,"href":"https:\/\/www.generalkinematics.com\/de\/wp-json\/wp\/v2\/product_tag?post=37959"}],"curies":[{"name":"wp","href":"https:\/\/api.w.org\/{rel}","templated":true}]}}