{"id":37968,"date":"2015-05-12T04:09:28","date_gmt":"2015-05-12T09:09:28","guid":{"rendered":"https:\/\/www.generalkinematics.com\/product\/legierungs-impfmittelsysteme\/"},"modified":"2018-08-31T08:05:11","modified_gmt":"2018-08-31T13:05:11","slug":"legierungs-impfmittelsysteme","status":"publish","type":"product","link":"https:\/\/www.generalkinematics.com\/de\/produkt\/legierungs-impfmittelsysteme\/","title":{"rendered":"Legierungs- \/ Impfmittelsysteme"},"content":{"rendered":"<p>General Kinematics <strong>Legierungs-Additionssysteme<\/strong> beseitigen die Spekulation in Ihrer Metallurgie. Das Ferrosilicon, Graphit oder andere Zus\u00e4tze, werden in Legierungsbeh\u00e4lter geladen und gelagert und \u00fcber eine Vibrations-Beschickungsanlage zu einer Hauptwiegeeinheit f\u00fcr die Chargenzusammenstellung gef\u00f6rdert. Die endg\u00fcltigen Chargen werden \u00fcber F\u00f6rdertrommel und Monorail\/Hebezug auf die Ladefl\u00e4che gef\u00f6rdert. Die Chargen-Beschickungsanlagen wurden entworfen, um die Legierungscharge mit der Hauptladung zu akzeptieren und allm\u00e4hlich zu mischen. Das Paket wird von vollintegrierten Steuerungssystemen (SCADA) abgerufen.<\/p>\n<p>General Kinematics <strong>Impfmittel-Systeme<\/strong> bereiten vor dem Gie\u00dfen Impfmittel oder andere Materialien vor und f\u00fcgen sie zur Pfanne hinzu. Die Systeme umfassen einzelne Materialbeh\u00e4lter und Beschickungsanlagen, pr\u00e4zise Wiegeverl\u00e4ngerungen, Chargenaufbereitungs-Beschickungsanlagen und andere Optionen zur genauen Messung und Bereitstellung der richtigen Mischung in der richtigen Reihenfolge in Ihrer Pfanne.<\/p>\n<h2>Eigenschaften:<\/h2>\n<ul>\n<li>Legierungs-Additionssysteme k\u00f6nnen direkt in Ihre Chargen-Beschickungsanlage integriert werden und bieten eine komplette Chargenl\u00f6sung.<\/li>\n<li>Vollst\u00e4ndig integrierte Steuerungssysteme (SCADA) f\u00fcr pr\u00e4zises Wiegen von Produkten.<\/li>\n<li>Die Beh\u00e4lter werden, je nach Gr\u00f6\u00dfe und Anwendung, mit GKs Beschickungsanlagen mit elektromechanischen oder pneumatischen Antrieben zugef\u00fchrt.<\/li>\n<li>Chargenaufbereitungs-Beschickungsanlagen nutzen zur genauen Messung der korrekten Materialmenge W\u00e4gezellen f\u00fcr Ihre spezielle Metallmischung.<\/li>\n<\/ul>\n","protected":false},"excerpt":{"rendered":"<p>General Kinematics Legierungs-Additionssysteme beseitigen die Spekulation in Ihrer Metallurgie. Das Ferrosilicon, Graphit oder andere Zus\u00e4tze, werden in Legierungsbeh\u00e4lter geladen und gelagert und \u00fcber eine Vibrations-Beschickungsanlage zu einer Hauptwiegeeinheit f\u00fcr die Chargenzusammenstellung gef\u00f6rdert. Die endg\u00fcltigen Chargen werden \u00fcber F\u00f6rdertrommel und Monorail\/Hebezug auf die Ladefl\u00e4che gef\u00f6rdert. Die Chargen-Beschickungsanlagen wurden entworfen, um die Legierungscharge mit der Hauptladung zu [&hellip;]<\/p>\n","protected":false},"featured_media":23251,"comment_status":"closed","ping_status":"closed","template":"","meta":{"_acf_changed":false,"om_disable_all_campaigns":false,"ep_exclude_from_search":false},"product_brand":[],"product_cat":[1791,1769,1759,1776],"product_tag":[],"class_list":{"0":"post-37968","1":"product","2":"type-product","3":"status-publish","4":"has-post-thumbnail","6":"product_cat-gruensandgiesserei","7":"product_cat-lordungen-fuer-giesserei-und-metallguss","8":"product_cat-no-bake-gieserei","9":"product_cat-schmelzdeck-ausruestung","11":"first","12":"instock","13":"taxable","14":"shipping-taxable","15":"product-type-simple"},"acf":[],"yoast_head":"<!-- This site is optimized with the Yoast SEO plugin v27.2 - https:\/\/yoast.com\/product\/yoast-seo-wordpress\/ -->\n<title>Legierungs- \/ Impfmittelsysteme | General Kinematics<\/title>\n<meta name=\"robots\" content=\"index, follow, max-snippet:-1, max-image-preview:large, max-video-preview:-1\" \/>\n<link rel=\"canonical\" href=\"https:\/\/www.generalkinematics.com\/de\/produkt\/legierungs-impfmittelsysteme\/\" \/>\n<meta property=\"og:locale\" content=\"de_DE\" \/>\n<meta property=\"og:type\" content=\"article\" \/>\n<meta property=\"og:title\" content=\"Legierungs- \/ Impfmittelsysteme | General Kinematics\" \/>\n<meta property=\"og:description\" content=\"General Kinematics Legierungs-Additionssysteme beseitigen die Spekulation in Ihrer Metallurgie. Das Ferrosilicon, Graphit oder andere Zus\u00e4tze, werden in Legierungsbeh\u00e4lter geladen und gelagert und \u00fcber eine Vibrations-Beschickungsanlage zu einer Hauptwiegeeinheit f\u00fcr die Chargenzusammenstellung gef\u00f6rdert. Die endg\u00fcltigen Chargen werden \u00fcber F\u00f6rdertrommel und Monorail\/Hebezug auf die Ladefl\u00e4che gef\u00f6rdert. Die Chargen-Beschickungsanlagen wurden entworfen, um die Legierungscharge mit der Hauptladung zu [&hellip;]\" \/>\n<meta property=\"og:url\" content=\"https:\/\/www.generalkinematics.com\/de\/produkt\/legierungs-impfmittelsysteme\/\" \/>\n<meta property=\"og:site_name\" content=\"General Kinematics\" \/>\n<meta property=\"article:publisher\" content=\"https:\/\/www.facebook.com\/generalkinematics\" \/>\n<meta property=\"article:modified_time\" content=\"2018-08-31T13:05:11+00:00\" \/>\n<meta property=\"og:image\" content=\"https:\/\/media.generalkinematics.com\/wp-content\/uploads\/2015\/05\/EJIW_alloy_addition4.jpg\" \/>\n\t<meta property=\"og:image:width\" content=\"1216\" \/>\n\t<meta property=\"og:image:height\" content=\"912\" \/>\n\t<meta property=\"og:image:type\" content=\"image\/jpeg\" \/>\n<meta name=\"twitter:card\" content=\"summary_large_image\" \/>\n<meta name=\"twitter:site\" content=\"@gkvibrating\" \/>\n<meta name=\"twitter:label1\" content=\"Gesch\u00e4tzte Lesezeit\" \/>\n\t<meta name=\"twitter:data1\" content=\"1 Minute\" \/>\n<!-- \/ Yoast SEO plugin. -->","yoast_head_json":{"title":"Legierungs- \/ Impfmittelsysteme | General Kinematics","robots":{"index":"index","follow":"follow","max-snippet":"max-snippet:-1","max-image-preview":"max-image-preview:large","max-video-preview":"max-video-preview:-1"},"canonical":"https:\/\/www.generalkinematics.com\/de\/produkt\/legierungs-impfmittelsysteme\/","og_locale":"de_DE","og_type":"article","og_title":"Legierungs- \/ Impfmittelsysteme | General Kinematics","og_description":"General Kinematics Legierungs-Additionssysteme beseitigen die Spekulation in Ihrer Metallurgie. Das Ferrosilicon, Graphit oder andere Zus\u00e4tze, werden in Legierungsbeh\u00e4lter geladen und gelagert und \u00fcber eine Vibrations-Beschickungsanlage zu einer Hauptwiegeeinheit f\u00fcr die Chargenzusammenstellung gef\u00f6rdert. Die endg\u00fcltigen Chargen werden \u00fcber F\u00f6rdertrommel und Monorail\/Hebezug auf die Ladefl\u00e4che gef\u00f6rdert. Die Chargen-Beschickungsanlagen wurden entworfen, um die Legierungscharge mit der Hauptladung zu [&hellip;]","og_url":"https:\/\/www.generalkinematics.com\/de\/produkt\/legierungs-impfmittelsysteme\/","og_site_name":"General Kinematics","article_publisher":"https:\/\/www.facebook.com\/generalkinematics","article_modified_time":"2018-08-31T13:05:11+00:00","og_image":[{"width":1216,"height":912,"url":"https:\/\/media.generalkinematics.com\/wp-content\/uploads\/2015\/05\/EJIW_alloy_addition4.jpg","type":"image\/jpeg"}],"twitter_card":"summary_large_image","twitter_site":"@gkvibrating","twitter_misc":{"Gesch\u00e4tzte Lesezeit":"1 Minute"},"schema":{"@context":"https:\/\/schema.org","@graph":[{"@type":"WebPage","@id":"https:\/\/www.generalkinematics.com\/de\/produkt\/legierungs-impfmittelsysteme\/","url":"https:\/\/www.generalkinematics.com\/de\/produkt\/legierungs-impfmittelsysteme\/","name":"Legierungs- \/ Impfmittelsysteme | General Kinematics","isPartOf":{"@id":"https:\/\/www.generalkinematics.com\/de\/#website"},"primaryImageOfPage":{"@id":"https:\/\/www.generalkinematics.com\/de\/produkt\/legierungs-impfmittelsysteme\/#primaryimage"},"image":{"@id":"https:\/\/www.generalkinematics.com\/de\/produkt\/legierungs-impfmittelsysteme\/#primaryimage"},"thumbnailUrl":"https:\/\/media.generalkinematics.com\/wp-content\/uploads\/2015\/05\/EJIW_alloy_addition4.jpg","datePublished":"2015-05-12T09:09:28+00:00","dateModified":"2018-08-31T13:05:11+00:00","breadcrumb":{"@id":"https:\/\/www.generalkinematics.com\/de\/produkt\/legierungs-impfmittelsysteme\/#breadcrumb"},"inLanguage":"de-DE","potentialAction":[{"@type":"ReadAction","target":["https:\/\/www.generalkinematics.com\/de\/produkt\/legierungs-impfmittelsysteme\/"]}]},{"@type":"ImageObject","inLanguage":"de-DE","@id":"https:\/\/www.generalkinematics.com\/de\/produkt\/legierungs-impfmittelsysteme\/#primaryimage","url":"https:\/\/media.generalkinematics.com\/wp-content\/uploads\/2015\/05\/EJIW_alloy_addition4.jpg","contentUrl":"https:\/\/media.generalkinematics.com\/wp-content\/uploads\/2015\/05\/EJIW_alloy_addition4.jpg","width":1216,"height":912,"caption":"general-kinematics-alloy-addition"},{"@type":"BreadcrumbList","@id":"https:\/\/www.generalkinematics.com\/de\/produkt\/legierungs-impfmittelsysteme\/#breadcrumb","itemListElement":[{"@type":"ListItem","position":1,"name":"GK Home","item":"https:\/\/www.generalkinematics.com\/de\/"},{"@type":"ListItem","position":2,"name":"Shop","item":"https:\/\/www.generalkinematics.com\/shop\/"},{"@type":"ListItem","position":3,"name":"Legierungs- \/ Impfmittelsysteme"}]},{"@type":"WebSite","@id":"https:\/\/www.generalkinematics.com\/de\/#website","url":"https:\/\/www.generalkinematics.com\/de\/","name":"General Kinematics","description":"","publisher":{"@id":"https:\/\/www.generalkinematics.com\/de\/#organization"},"potentialAction":[{"@type":"SearchAction","target":{"@type":"EntryPoint","urlTemplate":"https:\/\/www.generalkinematics.com\/de\/?s={search_term_string}"},"query-input":{"@type":"PropertyValueSpecification","valueRequired":true,"valueName":"search_term_string"}}],"inLanguage":"de-DE"},{"@type":"Organization","@id":"https:\/\/www.generalkinematics.com\/de\/#organization","name":"General Kinematics","url":"https:\/\/www.generalkinematics.com\/de\/","logo":{"@type":"ImageObject","inLanguage":"de-DE","@id":"https:\/\/www.generalkinematics.com\/de\/#\/schema\/logo\/image\/","url":"https:\/\/media.generalkinematics.com\/wp-content\/uploads\/2018\/03\/logo.png","contentUrl":"https:\/\/media.generalkinematics.com\/wp-content\/uploads\/2018\/03\/logo.png","width":313,"height":100,"caption":"General Kinematics"},"image":{"@id":"https:\/\/www.generalkinematics.com\/de\/#\/schema\/logo\/image\/"},"sameAs":["https:\/\/www.facebook.com\/generalkinematics","https:\/\/x.com\/gkvibrating"]}]}},"_links":{"self":[{"href":"https:\/\/www.generalkinematics.com\/de\/wp-json\/wp\/v2\/product\/37968","targetHints":{"allow":["GET"]}}],"collection":[{"href":"https:\/\/www.generalkinematics.com\/de\/wp-json\/wp\/v2\/product"}],"about":[{"href":"https:\/\/www.generalkinematics.com\/de\/wp-json\/wp\/v2\/types\/product"}],"replies":[{"embeddable":true,"href":"https:\/\/www.generalkinematics.com\/de\/wp-json\/wp\/v2\/comments?post=37968"}],"wp:featuredmedia":[{"embeddable":true,"href":"https:\/\/www.generalkinematics.com\/de\/wp-json\/wp\/v2\/media\/23251"}],"wp:attachment":[{"href":"https:\/\/www.generalkinematics.com\/de\/wp-json\/wp\/v2\/media?parent=37968"}],"wp:term":[{"taxonomy":"product_brand","embeddable":true,"href":"https:\/\/www.generalkinematics.com\/de\/wp-json\/wp\/v2\/product_brand?post=37968"},{"taxonomy":"product_cat","embeddable":true,"href":"https:\/\/www.generalkinematics.com\/de\/wp-json\/wp\/v2\/product_cat?post=37968"},{"taxonomy":"product_tag","embeddable":true,"href":"https:\/\/www.generalkinematics.com\/de\/wp-json\/wp\/v2\/product_tag?post=37968"}],"curies":[{"name":"wp","href":"https:\/\/api.w.org\/{rel}","templated":true}]}}