{"id":37988,"date":"2015-05-12T05:01:51","date_gmt":"2015-05-12T10:01:51","guid":{"rendered":"https:\/\/www.generalkinematics.com\/product\/lost-foam-gusssystem\/"},"modified":"2018-08-31T08:28:43","modified_gmt":"2018-08-31T13:28:43","slug":"lost-foam-gusssystem","status":"publish","type":"product","link":"https:\/\/www.generalkinematics.com\/de\/produkt\/lost-foam-gusssystem\/","title":{"rendered":"Lost-Foam-Gusssystem"},"content":{"rendered":"<p><u><strong>Von der Sandaufbereitung bis zur Formverdichtung in einem einzigen, automatisierten Prozess.<\/strong><\/u><\/p>\n<p>General Kinematics verbindet Design-Innovation, Prozess-Know-how und Vibrationstechnologie zu einem pr\u00e4zisen, vielseitigen Verdichtungssystem, das f\u00fcr Qualit\u00e4tsergebnisse und einen kosteneffizienten Betrieb entwickelt wurde.<\/p>\n<p>Vertikal gestapelte vibrierende Komponenten halten den Bodenbereich frei und sorgen f\u00fcr einen kontinuierlichen freien Fluss von Sand durch jede Verarbeitungsstufe. GKs Lost-Foam-System erm\u00f6glicht unmittelbare Vorteile f\u00fcr den Anwender:<\/p>\n<p><u><strong>Von der Entwicklung bis zur Produktion<\/strong><\/u><\/p>\n<p>GKs Lost-Foam-Gie\u00dfsysteme erm\u00f6glichen die Prozessentwicklung um optimale Verfahren zu bestimmen &#8230; und k\u00f6nnen dann so programmiert werden, dass sie als Gro\u00dfserien-Produktionssystem funktionieren &#8230; alles mit dem gleichen Equipment.<\/p>\n<p><u><strong>Kompakt, kosteng\u00fcnstig<\/strong><\/u><\/p>\n<p>GKs Lost-Foam-Gie\u00dfsysteme ben\u00f6tigen bei minimalem Platzbedarf keine Gruben oder speziellen Fundamente. Motorbetriebene Komponenten mit geringer Leistung arbeiten mit minimalen Kosten und Wartung.<\/p>\n<p><u><strong>Versiegelter Prozess<\/strong><\/u><\/p>\n<p>Die Staubabsaugung wird nur an der Formkasten-F\u00fcllstation ben\u00f6tigt, alle anderen Stufen sind mit flexiblen Dichtungen verbunden.<\/p>\n<p><u><strong>An Ihre Bed\u00fcrfnisse anpassbar<\/strong><\/u><\/p>\n<p>GKs Lost-Foam-Systeme k\u00f6nnen an Flasche aller Gr\u00f6\u00dfen, die in Ihrem Betrieb verwendet werden, angepasst werden.<\/p>\n<p><u><strong>Geringer Wartungsaufwand, ger\u00e4uscharme Ausf\u00fchrung<\/strong><\/u><\/p>\n<p>Alle Komponenten werden, um akzeptable Schallpegel zu gew\u00e4hrleisten, von zuverl\u00e4ssigen, gekapselten, Antriebsmotoren angetrieben. Das Fehlen anderer beweglicher Teile minimiert den Wartungsaufwand.<\/p>\n<p>&nbsp;<\/p>\n<h2>Eigenschaften:<\/h2>\n<ul>\n<li>Siebanlagen &#8211; Sand wird durch die Vibrationssiebanlage\/Klassifizierungseinheit von General Kinematics eingef\u00fchrt, die oben auf dem Equipment-Stapel montiert ist. Die Einheit beh\u00e4lt die gew\u00fcnschte Korngr\u00f6\u00dfenverteilung bei und entfernt unerw\u00fcnschte Feinanteile.<\/li>\n<li>Abschalttor &#8211; Der Sand flie\u00dft in den Schwalltopf, der mit einer pneumatisch bet\u00e4tigten Bodenklappe ausgestattet ist, die eine Systemabschaltung ohne Entladung erm\u00f6glicht.<\/li>\n<li>K\u00fchler &#8211; Der VIBRA-FIN\u2122-Sandk\u00fchler von General Kinematics erfasst die Einlasstemperatur und k\u00fchlt den Sand automatisch auf die ideale Formtemperatur ab.<\/li>\n<li>Verteilung &#8211; Der Sand flie\u00dft durch den zweiten Trichter in eine Str\u00f6mungssteuerungs- und Verteilungseinheit, die Sand gleichm\u00e4\u00dfig in den Formkasten regnen l\u00e4sst. Das sanfte Regenmuster verhindert die Besch\u00e4digung von zerbrechlichen Mustern. Bestimmte Bereiche k\u00f6nnen bei Bedarf maskiert werden.<\/li>\n<li>Verdichtung &#8211; General Kinematics Verdichtungstisch steht auf einem pneumatisch angetriebenen Hubrahmen, der angehoben wird, um den Formkasten pr\u00e4zise in der F\u00fcllstation zu positionieren. Nach dem automatischen, sequentiellen Verdichtungszyklus wird der Tisch abgesenkt, so dass der gef\u00fcllte Formkasten \u00fcber eine Rollenbahn oder ein automatisches Formkasten-Handhabungssystem weiter gef\u00f6rdert werden kann.<\/li>\n<li>Backengreifer &#8211; Das Muster befindet sich in seiner Startposition und wird im Formkasten von einem pneumatisch bet\u00e4tigten Backengreifer gehalten, der sich mit fortschreitendem Verdichtungszyklus \u00f6ffnet.<\/li>\n<\/ul>\n","protected":false},"excerpt":{"rendered":"<p>Von der Sandaufbereitung bis zur Formverdichtung in einem einzigen, automatisierten Prozess. General Kinematics verbindet Design-Innovation, Prozess-Know-how und Vibrationstechnologie zu einem pr\u00e4zisen, vielseitigen Verdichtungssystem, das f\u00fcr Qualit\u00e4tsergebnisse und einen kosteneffizienten Betrieb entwickelt wurde. Vertikal gestapelte vibrierende Komponenten halten den Bodenbereich frei und sorgen f\u00fcr einen kontinuierlichen freien Fluss von Sand durch jede Verarbeitungsstufe. GKs Lost-Foam-System erm\u00f6glicht [&hellip;]<\/p>\n","protected":false},"featured_media":23231,"comment_status":"closed","ping_status":"closed","template":"","meta":{"_acf_changed":false,"om_disable_all_campaigns":false,"ep_exclude_from_search":false},"product_brand":[],"product_cat":[1775,1769],"product_tag":[],"class_list":{"0":"post-37988","1":"product","2":"type-product","3":"status-publish","4":"has-post-thumbnail","6":"product_cat-lost-foam-de","7":"product_cat-lordungen-fuer-giesserei-und-metallguss","9":"first","10":"instock","11":"taxable","12":"shipping-taxable","13":"product-type-simple"},"acf":[],"yoast_head":"<!-- This site is optimized with the Yoast SEO plugin v27.2 - https:\/\/yoast.com\/product\/yoast-seo-wordpress\/ -->\n<title>Lost-Foam-Gusssystem | General Kinematics<\/title>\n<meta name=\"robots\" content=\"index, follow, max-snippet:-1, max-image-preview:large, max-video-preview:-1\" \/>\n<link rel=\"canonical\" href=\"https:\/\/www.generalkinematics.com\/de\/produkt\/lost-foam-gusssystem\/\" \/>\n<meta property=\"og:locale\" content=\"de_DE\" \/>\n<meta property=\"og:type\" content=\"article\" \/>\n<meta property=\"og:title\" content=\"Lost-Foam-Gusssystem | General Kinematics\" \/>\n<meta property=\"og:description\" content=\"Von der Sandaufbereitung bis zur Formverdichtung in einem einzigen, automatisierten Prozess. General Kinematics verbindet Design-Innovation, Prozess-Know-how und Vibrationstechnologie zu einem pr\u00e4zisen, vielseitigen Verdichtungssystem, das f\u00fcr Qualit\u00e4tsergebnisse und einen kosteneffizienten Betrieb entwickelt wurde. Vertikal gestapelte vibrierende Komponenten halten den Bodenbereich frei und sorgen f\u00fcr einen kontinuierlichen freien Fluss von Sand durch jede Verarbeitungsstufe. GKs Lost-Foam-System erm\u00f6glicht [&hellip;]\" \/>\n<meta property=\"og:url\" content=\"https:\/\/www.generalkinematics.com\/de\/produkt\/lost-foam-gusssystem\/\" \/>\n<meta property=\"og:site_name\" content=\"General Kinematics\" \/>\n<meta property=\"article:publisher\" content=\"https:\/\/www.facebook.com\/generalkinematics\" \/>\n<meta property=\"article:modified_time\" content=\"2018-08-31T13:28:43+00:00\" \/>\n<meta property=\"og:image\" content=\"https:\/\/www.generalkinematics.com\/wp-content\/uploads\/2015\/05\/scan0096.jpg\" \/>\n\t<meta property=\"og:image:width\" content=\"900\" \/>\n\t<meta property=\"og:image:height\" content=\"900\" \/>\n\t<meta property=\"og:image:type\" content=\"image\/jpeg\" \/>\n<meta name=\"twitter:card\" content=\"summary_large_image\" \/>\n<meta name=\"twitter:site\" content=\"@gkvibrating\" \/>\n<meta name=\"twitter:label1\" content=\"Gesch\u00e4tzte Lesezeit\" \/>\n\t<meta name=\"twitter:data1\" content=\"2 Minuten\" \/>\n<!-- \/ Yoast SEO plugin. -->","yoast_head_json":{"title":"Lost-Foam-Gusssystem | General Kinematics","robots":{"index":"index","follow":"follow","max-snippet":"max-snippet:-1","max-image-preview":"max-image-preview:large","max-video-preview":"max-video-preview:-1"},"canonical":"https:\/\/www.generalkinematics.com\/de\/produkt\/lost-foam-gusssystem\/","og_locale":"de_DE","og_type":"article","og_title":"Lost-Foam-Gusssystem | General Kinematics","og_description":"Von der Sandaufbereitung bis zur Formverdichtung in einem einzigen, automatisierten Prozess. General Kinematics verbindet Design-Innovation, Prozess-Know-how und Vibrationstechnologie zu einem pr\u00e4zisen, vielseitigen Verdichtungssystem, das f\u00fcr Qualit\u00e4tsergebnisse und einen kosteneffizienten Betrieb entwickelt wurde. Vertikal gestapelte vibrierende Komponenten halten den Bodenbereich frei und sorgen f\u00fcr einen kontinuierlichen freien Fluss von Sand durch jede Verarbeitungsstufe. GKs Lost-Foam-System erm\u00f6glicht [&hellip;]","og_url":"https:\/\/www.generalkinematics.com\/de\/produkt\/lost-foam-gusssystem\/","og_site_name":"General Kinematics","article_publisher":"https:\/\/www.facebook.com\/generalkinematics","article_modified_time":"2018-08-31T13:28:43+00:00","og_image":[{"width":900,"height":900,"url":"https:\/\/www.generalkinematics.com\/wp-content\/uploads\/2015\/05\/scan0096.jpg","type":"image\/jpeg"}],"twitter_card":"summary_large_image","twitter_site":"@gkvibrating","twitter_misc":{"Gesch\u00e4tzte Lesezeit":"2 Minuten"},"schema":{"@context":"https:\/\/schema.org","@graph":[{"@type":"WebPage","@id":"https:\/\/www.generalkinematics.com\/de\/produkt\/lost-foam-gusssystem\/","url":"https:\/\/www.generalkinematics.com\/de\/produkt\/lost-foam-gusssystem\/","name":"Lost-Foam-Gusssystem | General Kinematics","isPartOf":{"@id":"https:\/\/www.generalkinematics.com\/de\/#website"},"primaryImageOfPage":{"@id":"https:\/\/www.generalkinematics.com\/de\/produkt\/lost-foam-gusssystem\/#primaryimage"},"image":{"@id":"https:\/\/www.generalkinematics.com\/de\/produkt\/lost-foam-gusssystem\/#primaryimage"},"thumbnailUrl":"https:\/\/media.generalkinematics.com\/wp-content\/uploads\/2015\/05\/scan0096.jpg","datePublished":"2015-05-12T10:01:51+00:00","dateModified":"2018-08-31T13:28:43+00:00","breadcrumb":{"@id":"https:\/\/www.generalkinematics.com\/de\/produkt\/lost-foam-gusssystem\/#breadcrumb"},"inLanguage":"de-DE","potentialAction":[{"@type":"ReadAction","target":["https:\/\/www.generalkinematics.com\/de\/produkt\/lost-foam-gusssystem\/"]}]},{"@type":"ImageObject","inLanguage":"de-DE","@id":"https:\/\/www.generalkinematics.com\/de\/produkt\/lost-foam-gusssystem\/#primaryimage","url":"https:\/\/media.generalkinematics.com\/wp-content\/uploads\/2015\/05\/scan0096.jpg","contentUrl":"https:\/\/media.generalkinematics.com\/wp-content\/uploads\/2015\/05\/scan0096.jpg","width":900,"height":900,"caption":"general-kinematics-lost-foam-casting-systems"},{"@type":"BreadcrumbList","@id":"https:\/\/www.generalkinematics.com\/de\/produkt\/lost-foam-gusssystem\/#breadcrumb","itemListElement":[{"@type":"ListItem","position":1,"name":"GK Home","item":"https:\/\/www.generalkinematics.com\/de\/"},{"@type":"ListItem","position":2,"name":"Shop","item":"https:\/\/www.generalkinematics.com\/shop\/"},{"@type":"ListItem","position":3,"name":"Lost-Foam-Gusssystem"}]},{"@type":"WebSite","@id":"https:\/\/www.generalkinematics.com\/de\/#website","url":"https:\/\/www.generalkinematics.com\/de\/","name":"General Kinematics","description":"","publisher":{"@id":"https:\/\/www.generalkinematics.com\/de\/#organization"},"potentialAction":[{"@type":"SearchAction","target":{"@type":"EntryPoint","urlTemplate":"https:\/\/www.generalkinematics.com\/de\/?s={search_term_string}"},"query-input":{"@type":"PropertyValueSpecification","valueRequired":true,"valueName":"search_term_string"}}],"inLanguage":"de-DE"},{"@type":"Organization","@id":"https:\/\/www.generalkinematics.com\/de\/#organization","name":"General Kinematics","url":"https:\/\/www.generalkinematics.com\/de\/","logo":{"@type":"ImageObject","inLanguage":"de-DE","@id":"https:\/\/www.generalkinematics.com\/de\/#\/schema\/logo\/image\/","url":"https:\/\/media.generalkinematics.com\/wp-content\/uploads\/2018\/03\/logo.png","contentUrl":"https:\/\/media.generalkinematics.com\/wp-content\/uploads\/2018\/03\/logo.png","width":313,"height":100,"caption":"General Kinematics"},"image":{"@id":"https:\/\/www.generalkinematics.com\/de\/#\/schema\/logo\/image\/"},"sameAs":["https:\/\/www.facebook.com\/generalkinematics","https:\/\/x.com\/gkvibrating"]}]}},"_links":{"self":[{"href":"https:\/\/www.generalkinematics.com\/de\/wp-json\/wp\/v2\/product\/37988","targetHints":{"allow":["GET"]}}],"collection":[{"href":"https:\/\/www.generalkinematics.com\/de\/wp-json\/wp\/v2\/product"}],"about":[{"href":"https:\/\/www.generalkinematics.com\/de\/wp-json\/wp\/v2\/types\/product"}],"replies":[{"embeddable":true,"href":"https:\/\/www.generalkinematics.com\/de\/wp-json\/wp\/v2\/comments?post=37988"}],"wp:featuredmedia":[{"embeddable":true,"href":"https:\/\/www.generalkinematics.com\/de\/wp-json\/wp\/v2\/media\/23231"}],"wp:attachment":[{"href":"https:\/\/www.generalkinematics.com\/de\/wp-json\/wp\/v2\/media?parent=37988"}],"wp:term":[{"taxonomy":"product_brand","embeddable":true,"href":"https:\/\/www.generalkinematics.com\/de\/wp-json\/wp\/v2\/product_brand?post=37988"},{"taxonomy":"product_cat","embeddable":true,"href":"https:\/\/www.generalkinematics.com\/de\/wp-json\/wp\/v2\/product_cat?post=37988"},{"taxonomy":"product_tag","embeddable":true,"href":"https:\/\/www.generalkinematics.com\/de\/wp-json\/wp\/v2\/product_tag?post=37988"}],"curies":[{"name":"wp","href":"https:\/\/api.w.org\/{rel}","templated":true}]}}