{"id":38002,"date":"2015-05-12T05:10:47","date_gmt":"2015-05-12T10:10:47","guid":{"rendered":"https:\/\/www.generalkinematics.com\/product\/spray-cool-wasserzufuhrsysteme\/"},"modified":"2019-10-01T16:59:48","modified_gmt":"2019-10-01T21:59:48","slug":"water-addition-systems-de","status":"publish","type":"product","link":"https:\/\/www.generalkinematics.com\/de\/produkt\/water-addition-systems-de\/","title":{"rendered":"SPRAY-COOL\u2122-Wasserzufuhrsysteme"},"content":{"rendered":"<p>General Kinematics <strong>SPRAY-COOL\u2122-Wasserzufuhrsysteme<\/strong> erm\u00f6glichen eine pr\u00e4zise Sandaufbereitung und K\u00fchlung von Gie\u00dfereisand. SPRAY-COOL\u2122 verbessert die Effizienz von auf Verdunstungsk\u00fchlung basierenden Wirbelschicht-Sandk\u00fchlern und -systemen. Die SPRAY-COOL\u2122-Systeme kombinieren Prozesstemperatur-, W\u00e4gezellenkomponenten und Wasserspr\u00fchd\u00fcsen und liefern genau die f\u00fcr eine voreingestellte Feuchtigkeit\/Temperatur f\u00fcr die Sandaufbereitung ben\u00f6tigte Wassermenge, unabh\u00e4ngig von wechselnden Durchflussraten und variierender Sandtemperatur.<\/p>\n<h2>Eigenschaften:<\/h2>\n<ul>\n<li>Pr\u00e4zise Kontrolle des Wasserflusses basierend auf der Materialfeuchte.<\/li>\n<li>An vorhandenes Equipment anpassbar oder kann ein eigenst\u00e4ndiger Prozess sein.<\/li>\n<li>Ideal zum K\u00fchlen von Sand und Gussst\u00fccken.<\/li>\n<\/ul>\n","protected":false},"excerpt":{"rendered":"<p>General Kinematics SPRAY-COOL\u2122-Wasserzufuhrsysteme erm\u00f6glichen eine pr\u00e4zise Sandaufbereitung und K\u00fchlung von Gie\u00dfereisand. SPRAY-COOL\u2122 verbessert die Effizienz von auf Verdunstungsk\u00fchlung basierenden Wirbelschicht-Sandk\u00fchlern und -systemen. Die SPRAY-COOL\u2122-Systeme kombinieren Prozesstemperatur-, W\u00e4gezellenkomponenten und Wasserspr\u00fchd\u00fcsen und liefern genau die f\u00fcr eine voreingestellte Feuchtigkeit\/Temperatur f\u00fcr die Sandaufbereitung ben\u00f6tigte Wassermenge, unabh\u00e4ngig von wechselnden Durchflussraten und variierender Sandtemperatur. Eigenschaften: Pr\u00e4zise Kontrolle des Wasserflusses basierend [&hellip;]<\/p>\n","protected":false},"featured_media":23447,"comment_status":"closed","ping_status":"closed","template":"","meta":{"_acf_changed":false,"om_disable_all_campaigns":false,"ep_exclude_from_search":false},"product_brand":[],"product_cat":[1791,1769,1782,1779],"product_tag":[],"class_list":{"0":"post-38002","1":"product","2":"type-product","3":"status-publish","4":"has-post-thumbnail","6":"casestudytag-spray-cool-de","7":"product_cat-gruensandgiesserei","8":"product_cat-lordungen-fuer-giesserei-und-metallguss","9":"product_cat-sand-verarbeitung-und-handhabung","10":"product_cat-sandsysteme-sandaufbereitung","12":"first","13":"instock","14":"taxable","15":"shipping-taxable","16":"product-type-simple"},"acf":[],"yoast_head":"<!-- This site is optimized with the Yoast SEO plugin v27.5 - https:\/\/yoast.com\/product\/yoast-seo-wordpress\/ -->\n<title>SPRAY-COOL\u2122-Wasserzufuhrsysteme | General Kinematics<\/title>\n<meta name=\"robots\" content=\"index, follow, max-snippet:-1, max-image-preview:large, max-video-preview:-1\" \/>\n<link rel=\"canonical\" href=\"https:\/\/www.generalkinematics.com\/de\/produkt\/water-addition-systems-de\/\" \/>\n<meta property=\"og:locale\" content=\"de_DE\" \/>\n<meta property=\"og:type\" content=\"article\" \/>\n<meta property=\"og:title\" content=\"SPRAY-COOL\u2122-Wasserzufuhrsysteme | General Kinematics\" \/>\n<meta property=\"og:description\" content=\"General Kinematics SPRAY-COOL\u2122-Wasserzufuhrsysteme erm\u00f6glichen eine pr\u00e4zise Sandaufbereitung und K\u00fchlung von Gie\u00dfereisand. SPRAY-COOL\u2122 verbessert die Effizienz von auf Verdunstungsk\u00fchlung basierenden Wirbelschicht-Sandk\u00fchlern und -systemen. Die SPRAY-COOL\u2122-Systeme kombinieren Prozesstemperatur-, W\u00e4gezellenkomponenten und Wasserspr\u00fchd\u00fcsen und liefern genau die f\u00fcr eine voreingestellte Feuchtigkeit\/Temperatur f\u00fcr die Sandaufbereitung ben\u00f6tigte Wassermenge, unabh\u00e4ngig von wechselnden Durchflussraten und variierender Sandtemperatur. Eigenschaften: Pr\u00e4zise Kontrolle des Wasserflusses basierend [&hellip;]\" \/>\n<meta property=\"og:url\" content=\"https:\/\/www.generalkinematics.com\/de\/produkt\/water-addition-systems-de\/\" \/>\n<meta property=\"og:site_name\" content=\"General Kinematics\" \/>\n<meta property=\"article:publisher\" content=\"https:\/\/www.facebook.com\/generalkinematics\" \/>\n<meta property=\"article:modified_time\" content=\"2019-10-01T21:59:48+00:00\" \/>\n<meta property=\"og:image\" content=\"https:\/\/media.generalkinematics.com\/wp-content\/uploads\/2015\/05\/SprayCool1.jpg\" \/>\n\t<meta property=\"og:image:width\" content=\"640\" \/>\n\t<meta property=\"og:image:height\" content=\"480\" \/>\n\t<meta property=\"og:image:type\" content=\"image\/jpeg\" \/>\n<meta name=\"twitter:card\" content=\"summary_large_image\" \/>\n<meta name=\"twitter:site\" content=\"@gkvibrating\" \/>\n<!-- \/ Yoast SEO plugin. -->","yoast_head_json":{"title":"SPRAY-COOL\u2122-Wasserzufuhrsysteme | General Kinematics","robots":{"index":"index","follow":"follow","max-snippet":"max-snippet:-1","max-image-preview":"max-image-preview:large","max-video-preview":"max-video-preview:-1"},"canonical":"https:\/\/www.generalkinematics.com\/de\/produkt\/water-addition-systems-de\/","og_locale":"de_DE","og_type":"article","og_title":"SPRAY-COOL\u2122-Wasserzufuhrsysteme | General Kinematics","og_description":"General Kinematics SPRAY-COOL\u2122-Wasserzufuhrsysteme erm\u00f6glichen eine pr\u00e4zise Sandaufbereitung und K\u00fchlung von Gie\u00dfereisand. SPRAY-COOL\u2122 verbessert die Effizienz von auf Verdunstungsk\u00fchlung basierenden Wirbelschicht-Sandk\u00fchlern und -systemen. Die SPRAY-COOL\u2122-Systeme kombinieren Prozesstemperatur-, W\u00e4gezellenkomponenten und Wasserspr\u00fchd\u00fcsen und liefern genau die f\u00fcr eine voreingestellte Feuchtigkeit\/Temperatur f\u00fcr die Sandaufbereitung ben\u00f6tigte Wassermenge, unabh\u00e4ngig von wechselnden Durchflussraten und variierender Sandtemperatur. Eigenschaften: Pr\u00e4zise Kontrolle des Wasserflusses basierend [&hellip;]","og_url":"https:\/\/www.generalkinematics.com\/de\/produkt\/water-addition-systems-de\/","og_site_name":"General Kinematics","article_publisher":"https:\/\/www.facebook.com\/generalkinematics","article_modified_time":"2019-10-01T21:59:48+00:00","og_image":[{"width":640,"height":480,"url":"https:\/\/media.generalkinematics.com\/wp-content\/uploads\/2015\/05\/SprayCool1.jpg","type":"image\/jpeg"}],"twitter_card":"summary_large_image","twitter_site":"@gkvibrating","schema":{"@context":"https:\/\/schema.org","@graph":[{"@type":"WebPage","@id":"https:\/\/www.generalkinematics.com\/de\/produkt\/water-addition-systems-de\/","url":"https:\/\/www.generalkinematics.com\/de\/produkt\/water-addition-systems-de\/","name":"SPRAY-COOL\u2122-Wasserzufuhrsysteme | General Kinematics","isPartOf":{"@id":"https:\/\/www.generalkinematics.com\/de\/#website"},"primaryImageOfPage":{"@id":"https:\/\/www.generalkinematics.com\/de\/produkt\/water-addition-systems-de\/#primaryimage"},"image":{"@id":"https:\/\/www.generalkinematics.com\/de\/produkt\/water-addition-systems-de\/#primaryimage"},"thumbnailUrl":"https:\/\/media.generalkinematics.com\/wp-content\/uploads\/2015\/05\/SprayCool1.jpg","datePublished":"2015-05-12T10:10:47+00:00","dateModified":"2019-10-01T21:59:48+00:00","breadcrumb":{"@id":"https:\/\/www.generalkinematics.com\/de\/produkt\/water-addition-systems-de\/#breadcrumb"},"inLanguage":"de-DE","potentialAction":[{"@type":"ReadAction","target":["https:\/\/www.generalkinematics.com\/de\/produkt\/water-addition-systems-de\/"]}]},{"@type":"ImageObject","inLanguage":"de-DE","@id":"https:\/\/www.generalkinematics.com\/de\/produkt\/water-addition-systems-de\/#primaryimage","url":"https:\/\/media.generalkinematics.com\/wp-content\/uploads\/2015\/05\/SprayCool1.jpg","contentUrl":"https:\/\/media.generalkinematics.com\/wp-content\/uploads\/2015\/05\/SprayCool1.jpg","width":640,"height":480,"caption":"general-kinematics-spray-cool-water-addition-system"},{"@type":"BreadcrumbList","@id":"https:\/\/www.generalkinematics.com\/de\/produkt\/water-addition-systems-de\/#breadcrumb","itemListElement":[{"@type":"ListItem","position":1,"name":"GK Home","item":"https:\/\/www.generalkinematics.com\/de\/"},{"@type":"ListItem","position":2,"name":"Shop","item":"https:\/\/www.generalkinematics.com\/shop\/"},{"@type":"ListItem","position":3,"name":"SPRAY-COOL\u2122-Wasserzufuhrsysteme"}]},{"@type":"WebSite","@id":"https:\/\/www.generalkinematics.com\/de\/#website","url":"https:\/\/www.generalkinematics.com\/de\/","name":"General Kinematics","description":"","publisher":{"@id":"https:\/\/www.generalkinematics.com\/de\/#organization"},"potentialAction":[{"@type":"SearchAction","target":{"@type":"EntryPoint","urlTemplate":"https:\/\/www.generalkinematics.com\/de\/?s={search_term_string}"},"query-input":{"@type":"PropertyValueSpecification","valueRequired":true,"valueName":"search_term_string"}}],"inLanguage":"de-DE"},{"@type":"Organization","@id":"https:\/\/www.generalkinematics.com\/de\/#organization","name":"General Kinematics","url":"https:\/\/www.generalkinematics.com\/de\/","logo":{"@type":"ImageObject","inLanguage":"de-DE","@id":"https:\/\/www.generalkinematics.com\/de\/#\/schema\/logo\/image\/","url":"https:\/\/media.generalkinematics.com\/wp-content\/uploads\/2018\/03\/logo.png","contentUrl":"https:\/\/media.generalkinematics.com\/wp-content\/uploads\/2018\/03\/logo.png","width":313,"height":100,"caption":"General Kinematics"},"image":{"@id":"https:\/\/www.generalkinematics.com\/de\/#\/schema\/logo\/image\/"},"sameAs":["https:\/\/www.facebook.com\/generalkinematics","https:\/\/x.com\/gkvibrating"]}]}},"_links":{"self":[{"href":"https:\/\/www.generalkinematics.com\/de\/wp-json\/wp\/v2\/product\/38002","targetHints":{"allow":["GET"]}}],"collection":[{"href":"https:\/\/www.generalkinematics.com\/de\/wp-json\/wp\/v2\/product"}],"about":[{"href":"https:\/\/www.generalkinematics.com\/de\/wp-json\/wp\/v2\/types\/product"}],"replies":[{"embeddable":true,"href":"https:\/\/www.generalkinematics.com\/de\/wp-json\/wp\/v2\/comments?post=38002"}],"wp:featuredmedia":[{"embeddable":true,"href":"https:\/\/www.generalkinematics.com\/de\/wp-json\/wp\/v2\/media\/23447"}],"wp:attachment":[{"href":"https:\/\/www.generalkinematics.com\/de\/wp-json\/wp\/v2\/media?parent=38002"}],"wp:term":[{"taxonomy":"product_brand","embeddable":true,"href":"https:\/\/www.generalkinematics.com\/de\/wp-json\/wp\/v2\/product_brand?post=38002"},{"taxonomy":"product_cat","embeddable":true,"href":"https:\/\/www.generalkinematics.com\/de\/wp-json\/wp\/v2\/product_cat?post=38002"},{"taxonomy":"product_tag","embeddable":true,"href":"https:\/\/www.generalkinematics.com\/de\/wp-json\/wp\/v2\/product_tag?post=38002"}],"curies":[{"name":"wp","href":"https:\/\/api.w.org\/{rel}","templated":true}]}}