{"id":38010,"date":"2015-05-12T05:14:08","date_gmt":"2015-05-12T10:14:08","guid":{"rendered":"https:\/\/www.generalkinematics.com\/product\/vibra-fin-schuttgutkuhler-aufbereitungsanlage\/"},"modified":"2018-08-30T00:30:23","modified_gmt":"2018-08-30T05:30:23","slug":"bulk-material-cooler-2","status":"publish","type":"product","link":"https:\/\/www.generalkinematics.com\/de\/produkt\/bulk-material-cooler-2\/","title":{"rendered":"VIBRA-FIN\u2122-Sch\u00fcttgutk\u00fchler \/ Aufbereitungsanlage"},"content":{"rendered":"<p>Einzigartig flexibel f\u00fcr eine Vielzahl von Anforderungen bei der kontinuierlichen Verarbeitung sind GKs <strong>VIBRA-FIN\u2122 indirekte Sandk\u00fchleinheiten<\/strong> ideal f\u00fcr die Heizung, K\u00fchlung oder Trocknung von Gie\u00dfereisand oder anderen frei flie\u00dfenden Sch\u00fcttg\u00fctern geeignet. VIBRA-FIN\u2122-Sandk\u00fchler sind in einer Vielzahl von Ausf\u00fchrungen erh\u00e4ltlich und nutzen Vibrationsbewegung, w\u00e4hrend sie ein K\u00fchlmedium durch das Materialbett leiten, um W\u00e4rme indirekt zu absorbieren und abzuleiten.<\/p>\n<h2>Eigenschaften:<\/h2>\n<ul>\n<li>K\u00fchlt kontinuierliche hei\u00dfe Materialstr\u00f6me indirekt mit Gegenstromk\u00fchlmedien unterhalb der Materialf\u00f6rderoberfl\u00e4che.<\/li>\n<li>K\u00fchlt staubige, sauerstoffempfindliche oder hygroskopische Materialien in einer geschlossenen und kontrollierten Umgebung.<\/li>\n<li>Edelstahl, abriebfeste und andere Konstruktionsoptionen f\u00fcr Kontaktmaterialien.<\/li>\n<li>Dynamisches Auswuchten und Isolieren f\u00fcr Installationen mit h\u00f6herer Qualit\u00e4t erh\u00e4ltlich.<\/li>\n<li>Option mit variabler Durchflussrate, um die Verweilzeit bei Bedarf zu modulieren.<\/li>\n<li>Abgedichtete Zufuhr- und Entladeanschl\u00fcsse erfordern keine Staubabsaugung.<\/li>\n<li>Durchfluss oder R\u00fcckf\u00fchrung des K\u00fchlmediums.<\/li>\n<li>K\u00fchlt\u00fcrme und K\u00fchlung f\u00fcr umlaufendes K\u00fchlmedium sind verf\u00fcgbar.<\/li>\n<li>Vollst\u00e4ndig gekapselter W\u00e4rmetauscher f\u00fcr die kontinuierliche Verarbeitung.<\/li>\n<li>Einfach zu wartende, selbstreinigende Ausf\u00fchrung.<\/li>\n<li>Optionale hydraulische, elektrische oder pneumatische Absperr- oder Drosselklappen.<\/li>\n<\/ul>\n","protected":false},"excerpt":{"rendered":"<p>Einzigartig flexibel f\u00fcr eine Vielzahl von Anforderungen bei der kontinuierlichen Verarbeitung sind GKs VIBRA-FIN\u2122 indirekte Sandk\u00fchleinheiten ideal f\u00fcr die Heizung, K\u00fchlung oder Trocknung von Gie\u00dfereisand oder anderen frei flie\u00dfenden Sch\u00fcttg\u00fctern geeignet. VIBRA-FIN\u2122-Sandk\u00fchler sind in einer Vielzahl von Ausf\u00fchrungen erh\u00e4ltlich und nutzen Vibrationsbewegung, w\u00e4hrend sie ein K\u00fchlmedium durch das Materialbett leiten, um W\u00e4rme indirekt zu absorbieren [&hellip;]<\/p>\n","protected":false},"featured_media":27803,"comment_status":"closed","ping_status":"closed","template":"","meta":{"_acf_changed":false,"om_disable_all_campaigns":false,"ep_exclude_from_search":false},"product_brand":[],"product_cat":[1791,1769,1783,1779],"product_tag":[],"class_list":{"0":"post-38010","1":"product","2":"type-product","3":"status-publish","4":"has-post-thumbnail","6":"casestudytag-vibra-fin-de","7":"product_cat-gruensandgiesserei","8":"product_cat-lordungen-fuer-giesserei-und-metallguss","9":"product_cat-sandkuehler","10":"product_cat-sandsysteme-sandaufbereitung","12":"first","13":"instock","14":"taxable","15":"shipping-taxable","16":"product-type-simple"},"acf":[],"yoast_head":"<!-- This site is optimized with the Yoast SEO plugin v27.2 - https:\/\/yoast.com\/product\/yoast-seo-wordpress\/ -->\n<title>VIBRA-FIN\u2122-Sch\u00fcttgutk\u00fchler \/ Aufbereitungsanlage | General Kinematics<\/title>\n<meta name=\"robots\" content=\"index, follow, max-snippet:-1, max-image-preview:large, max-video-preview:-1\" \/>\n<link rel=\"canonical\" href=\"https:\/\/www.generalkinematics.com\/de\/produkt\/bulk-material-cooler-2\/\" \/>\n<meta property=\"og:locale\" content=\"de_DE\" \/>\n<meta property=\"og:type\" content=\"article\" \/>\n<meta property=\"og:title\" content=\"VIBRA-FIN\u2122-Sch\u00fcttgutk\u00fchler \/ Aufbereitungsanlage | General Kinematics\" \/>\n<meta property=\"og:description\" content=\"Einzigartig flexibel f\u00fcr eine Vielzahl von Anforderungen bei der kontinuierlichen Verarbeitung sind GKs VIBRA-FIN\u2122 indirekte Sandk\u00fchleinheiten ideal f\u00fcr die Heizung, K\u00fchlung oder Trocknung von Gie\u00dfereisand oder anderen frei flie\u00dfenden Sch\u00fcttg\u00fctern geeignet. VIBRA-FIN\u2122-Sandk\u00fchler sind in einer Vielzahl von Ausf\u00fchrungen erh\u00e4ltlich und nutzen Vibrationsbewegung, w\u00e4hrend sie ein K\u00fchlmedium durch das Materialbett leiten, um W\u00e4rme indirekt zu absorbieren [&hellip;]\" \/>\n<meta property=\"og:url\" content=\"https:\/\/www.generalkinematics.com\/de\/produkt\/bulk-material-cooler-2\/\" \/>\n<meta property=\"og:site_name\" content=\"General Kinematics\" \/>\n<meta property=\"article:publisher\" content=\"https:\/\/www.facebook.com\/generalkinematics\" \/>\n<meta property=\"article:modified_time\" content=\"2018-08-30T05:30:23+00:00\" \/>\n<meta property=\"og:image\" content=\"https:\/\/www.generalkinematics.com\/wp-content\/uploads\/2015\/05\/2016-03-22-10.21.00.jpg\" \/>\n\t<meta property=\"og:image:width\" content=\"3264\" \/>\n\t<meta property=\"og:image:height\" content=\"2448\" \/>\n\t<meta property=\"og:image:type\" content=\"image\/jpeg\" \/>\n<meta name=\"twitter:card\" content=\"summary_large_image\" \/>\n<meta name=\"twitter:site\" content=\"@gkvibrating\" \/>\n<meta name=\"twitter:label1\" content=\"Gesch\u00e4tzte Lesezeit\" \/>\n\t<meta name=\"twitter:data1\" content=\"1 Minute\" \/>\n<!-- \/ Yoast SEO plugin. -->","yoast_head_json":{"title":"VIBRA-FIN\u2122-Sch\u00fcttgutk\u00fchler \/ Aufbereitungsanlage | General Kinematics","robots":{"index":"index","follow":"follow","max-snippet":"max-snippet:-1","max-image-preview":"max-image-preview:large","max-video-preview":"max-video-preview:-1"},"canonical":"https:\/\/www.generalkinematics.com\/de\/produkt\/bulk-material-cooler-2\/","og_locale":"de_DE","og_type":"article","og_title":"VIBRA-FIN\u2122-Sch\u00fcttgutk\u00fchler \/ Aufbereitungsanlage | General Kinematics","og_description":"Einzigartig flexibel f\u00fcr eine Vielzahl von Anforderungen bei der kontinuierlichen Verarbeitung sind GKs VIBRA-FIN\u2122 indirekte Sandk\u00fchleinheiten ideal f\u00fcr die Heizung, K\u00fchlung oder Trocknung von Gie\u00dfereisand oder anderen frei flie\u00dfenden Sch\u00fcttg\u00fctern geeignet. VIBRA-FIN\u2122-Sandk\u00fchler sind in einer Vielzahl von Ausf\u00fchrungen erh\u00e4ltlich und nutzen Vibrationsbewegung, w\u00e4hrend sie ein K\u00fchlmedium durch das Materialbett leiten, um W\u00e4rme indirekt zu absorbieren [&hellip;]","og_url":"https:\/\/www.generalkinematics.com\/de\/produkt\/bulk-material-cooler-2\/","og_site_name":"General Kinematics","article_publisher":"https:\/\/www.facebook.com\/generalkinematics","article_modified_time":"2018-08-30T05:30:23+00:00","og_image":[{"width":3264,"height":2448,"url":"https:\/\/www.generalkinematics.com\/wp-content\/uploads\/2015\/05\/2016-03-22-10.21.00.jpg","type":"image\/jpeg"}],"twitter_card":"summary_large_image","twitter_site":"@gkvibrating","twitter_misc":{"Gesch\u00e4tzte Lesezeit":"1 Minute"},"schema":{"@context":"https:\/\/schema.org","@graph":[{"@type":"WebPage","@id":"https:\/\/www.generalkinematics.com\/de\/produkt\/bulk-material-cooler-2\/","url":"https:\/\/www.generalkinematics.com\/de\/produkt\/bulk-material-cooler-2\/","name":"VIBRA-FIN\u2122-Sch\u00fcttgutk\u00fchler \/ Aufbereitungsanlage | General Kinematics","isPartOf":{"@id":"https:\/\/www.generalkinematics.com\/de\/#website"},"primaryImageOfPage":{"@id":"https:\/\/www.generalkinematics.com\/de\/produkt\/bulk-material-cooler-2\/#primaryimage"},"image":{"@id":"https:\/\/www.generalkinematics.com\/de\/produkt\/bulk-material-cooler-2\/#primaryimage"},"thumbnailUrl":"https:\/\/media.generalkinematics.com\/wp-content\/uploads\/2015\/05\/2016-03-22-10.21.00.jpg","datePublished":"2015-05-12T10:14:08+00:00","dateModified":"2018-08-30T05:30:23+00:00","breadcrumb":{"@id":"https:\/\/www.generalkinematics.com\/de\/produkt\/bulk-material-cooler-2\/#breadcrumb"},"inLanguage":"de-DE","potentialAction":[{"@type":"ReadAction","target":["https:\/\/www.generalkinematics.com\/de\/produkt\/bulk-material-cooler-2\/"]}]},{"@type":"ImageObject","inLanguage":"de-DE","@id":"https:\/\/www.generalkinematics.com\/de\/produkt\/bulk-material-cooler-2\/#primaryimage","url":"https:\/\/media.generalkinematics.com\/wp-content\/uploads\/2015\/05\/2016-03-22-10.21.00.jpg","contentUrl":"https:\/\/media.generalkinematics.com\/wp-content\/uploads\/2015\/05\/2016-03-22-10.21.00.jpg","width":3264,"height":2448,"caption":"general-kinematics-vibra-fin"},{"@type":"BreadcrumbList","@id":"https:\/\/www.generalkinematics.com\/de\/produkt\/bulk-material-cooler-2\/#breadcrumb","itemListElement":[{"@type":"ListItem","position":1,"name":"GK Home","item":"https:\/\/www.generalkinematics.com\/de\/"},{"@type":"ListItem","position":2,"name":"Shop","item":"https:\/\/www.generalkinematics.com\/shop\/"},{"@type":"ListItem","position":3,"name":"VIBRA-FIN\u2122-Sch\u00fcttgutk\u00fchler \/ Aufbereitungsanlage"}]},{"@type":"WebSite","@id":"https:\/\/www.generalkinematics.com\/de\/#website","url":"https:\/\/www.generalkinematics.com\/de\/","name":"General Kinematics","description":"","publisher":{"@id":"https:\/\/www.generalkinematics.com\/de\/#organization"},"potentialAction":[{"@type":"SearchAction","target":{"@type":"EntryPoint","urlTemplate":"https:\/\/www.generalkinematics.com\/de\/?s={search_term_string}"},"query-input":{"@type":"PropertyValueSpecification","valueRequired":true,"valueName":"search_term_string"}}],"inLanguage":"de-DE"},{"@type":"Organization","@id":"https:\/\/www.generalkinematics.com\/de\/#organization","name":"General Kinematics","url":"https:\/\/www.generalkinematics.com\/de\/","logo":{"@type":"ImageObject","inLanguage":"de-DE","@id":"https:\/\/www.generalkinematics.com\/de\/#\/schema\/logo\/image\/","url":"https:\/\/media.generalkinematics.com\/wp-content\/uploads\/2018\/03\/logo.png","contentUrl":"https:\/\/media.generalkinematics.com\/wp-content\/uploads\/2018\/03\/logo.png","width":313,"height":100,"caption":"General Kinematics"},"image":{"@id":"https:\/\/www.generalkinematics.com\/de\/#\/schema\/logo\/image\/"},"sameAs":["https:\/\/www.facebook.com\/generalkinematics","https:\/\/x.com\/gkvibrating"]}]}},"_links":{"self":[{"href":"https:\/\/www.generalkinematics.com\/de\/wp-json\/wp\/v2\/product\/38010","targetHints":{"allow":["GET"]}}],"collection":[{"href":"https:\/\/www.generalkinematics.com\/de\/wp-json\/wp\/v2\/product"}],"about":[{"href":"https:\/\/www.generalkinematics.com\/de\/wp-json\/wp\/v2\/types\/product"}],"replies":[{"embeddable":true,"href":"https:\/\/www.generalkinematics.com\/de\/wp-json\/wp\/v2\/comments?post=38010"}],"wp:featuredmedia":[{"embeddable":true,"href":"https:\/\/www.generalkinematics.com\/de\/wp-json\/wp\/v2\/media\/27803"}],"wp:attachment":[{"href":"https:\/\/www.generalkinematics.com\/de\/wp-json\/wp\/v2\/media?parent=38010"}],"wp:term":[{"taxonomy":"product_brand","embeddable":true,"href":"https:\/\/www.generalkinematics.com\/de\/wp-json\/wp\/v2\/product_brand?post=38010"},{"taxonomy":"product_cat","embeddable":true,"href":"https:\/\/www.generalkinematics.com\/de\/wp-json\/wp\/v2\/product_cat?post=38010"},{"taxonomy":"product_tag","embeddable":true,"href":"https:\/\/www.generalkinematics.com\/de\/wp-json\/wp\/v2\/product_tag?post=38010"}],"curies":[{"name":"wp","href":"https:\/\/api.w.org\/{rel}","templated":true}]}}